{"id":998,"date":"2024-03-20T22:58:37","date_gmt":"2024-03-20T22:58:37","guid":{"rendered":"https:\/\/pepiniere-nour.com\/?post_type=product&#038;p=998"},"modified":"2024-05-21T11:17:47","modified_gmt":"2024-05-21T11:17:47","slug":"black-diamond","status":"publish","type":"product","link":"https:\/\/pepiniere-nour.com\/ar\/product\/black-diamond","title":{"rendered":"\u0628\u0644\u0627\u0643 \u0633\u062a\u0627\u0631"},"content":{"rendered":"","protected":false},"excerpt":{"rendered":"<p><strong>\u0627\u0644\u0623\u0635\u0644 \u0648\u0627\u0644\u062e\u0635\u0627\u0626\u0635<\/strong><\/p>\n<p>Le Black Diamond, vari\u00e9t\u00e9 de prunier d&rsquo;origine am\u00e9ricaine issue d&rsquo;Angeleno et introduite en Tunisie en 1993, pr\u00e9sente des caract\u00e9ristiques distinctives.<\/p>\n<p><strong>\u0627\u0644\u0634\u062c\u0631\u0629 \u0648\u0627\u0644\u0625\u0646\u062a\u0627\u062c\u064a\u0629 \u0648\u0627\u0644\u062d\u0633\u0627\u0633\u064a\u0629<\/strong><\/p>\n<p>Arborant une vigueur appr\u00e9ciable et un port ouvert favorisant une bonne a\u00e9ration et une meilleure exposition au soleil, cet arbre offre une productivit\u00e9 g\u00e9n\u00e9ralement consid\u00e9r\u00e9e comme moyenne \u00e0 bonne. Sa floraison, d&rsquo;une dur\u00e9e moyenne, est essentielle pour assurer une fructification optimale. Toutefois, le Black Diamond est auto-incompatible sur le plan floral, requ\u00e9rant la pr\u00e9sence de pollinisateurs tels que le Black Star ou le Santa Rosa. Malgr\u00e9 ses atouts, cette vari\u00e9t\u00e9 est sensible \u00e0 la moniliose, une maladie fongique commune chez les arbres fruitiers.<\/p>","protected":false},"featured_media":2651,"template":"","meta":{"_acf_changed":false},"product_brand":[],"product_cat":[52],"product_tag":[24,35,25,26,27],"class_list":{"0":"post-998","1":"product","2":"type-product","3":"status-publish","4":"has-post-thumbnail","6":"product_cat-plants-de-pruniers","7":"product_tag-equipment","8":"product_tag-etranger","9":"product_tag-garden","10":"product_tag-plants","11":"product_tag-tools","13":"first","14":"instock","15":"shipping-taxable","16":"purchasable","17":"product-type-simple"},"acf":[],"yoast_head":"<!-- This site is optimized with the Yoast SEO plugin v25.5 - https:\/\/yoast.com\/wordpress\/plugins\/seo\/ -->\n<title>Black Diamond - P\u00c9PINIERE NOUR DU CENTRE<\/title>\n<meta name=\"robots\" content=\"index, follow, max-snippet:-1, max-image-preview:large, max-video-preview:-1\" \/>\n<link rel=\"canonical\" href=\"https:\/\/pepiniere-nour.com\/ar\/product\/black-diamond\/\" \/>\n<meta property=\"og:locale\" content=\"ar_AR\" \/>\n<meta property=\"og:type\" content=\"article\" \/>\n<meta property=\"og:title\" content=\"Black Diamond - P\u00c9PINIERE NOUR DU CENTRE\" \/>\n<meta property=\"og:description\" content=\"Origine et Caract\u00e9ristiques  Le Black Diamond, vari\u00e9t\u00e9 de prunier d&#039;origine am\u00e9ricaine issue d&#039;Angeleno et introduite en Tunisie en 1993, pr\u00e9sente des caract\u00e9ristiques distinctives.  Arbre, Productivit\u00e9 et Sensibilit\u00e9  Arborant une vigueur appr\u00e9ciable et un port ouvert favorisant une bonne a\u00e9ration et une meilleure exposition au soleil, cet arbre offre une productivit\u00e9 g\u00e9n\u00e9ralement consid\u00e9r\u00e9e comme moyenne \u00e0 bonne. Sa floraison, d&#039;une dur\u00e9e moyenne, est essentielle pour assurer une fructification optimale. Toutefois, le Black Diamond est auto-incompatible sur le plan floral, requ\u00e9rant la pr\u00e9sence de pollinisateurs tels que le Black Star ou le Santa Rosa. Malgr\u00e9 ses atouts, cette vari\u00e9t\u00e9 est sensible \u00e0 la moniliose, une maladie fongique commune chez les arbres fruitiers.\" \/>\n<meta property=\"og:url\" content=\"https:\/\/pepiniere-nour.com\/ar\/product\/black-diamond\/\" \/>\n<meta property=\"og:site_name\" content=\"P\u00c9PINIERE NOUR DU CENTRE\" \/>\n<meta property=\"article:modified_time\" content=\"2024-05-21T11:17:47+00:00\" \/>\n<meta property=\"og:image\" content=\"https:\/\/pepiniere-nour.com\/wp-content\/uploads\/2024\/03\/Plants-de-pruniers-Black-Diamond-1.jpg\" \/>\n\t<meta property=\"og:image:width\" content=\"570\" \/>\n\t<meta property=\"og:image:height\" content=\"380\" \/>\n\t<meta property=\"og:image:type\" content=\"image\/jpeg\" \/>\n<meta name=\"twitter:card\" content=\"summary_large_image\" \/>\n<meta name=\"twitter:label1\" content=\"\u0648\u0642\u062a \u0627\u0644\u0642\u0631\u0627\u0621\u0629 \u0627\u0644\u0645\u064f\u0642\u062f\u0651\u0631\" \/>\n\t<meta name=\"twitter:data1\" content=\"\u062f\u0642\u064a\u0642\u0629 \u0648\u0627\u062d\u062f\u0629\" \/>\n<script type=\"application\/ld+json\" class=\"yoast-schema-graph\">{\"@context\":\"https:\/\/schema.org\",\"@graph\":[{\"@type\":\"WebPage\",\"@id\":\"https:\/\/pepiniere-nour.com\/produit\/black-diamond\",\"url\":\"https:\/\/pepiniere-nour.com\/produit\/black-diamond\",\"name\":\"Black Diamond - P\u00c9PINIERE NOUR DU CENTRE\",\"isPartOf\":{\"@id\":\"https:\/\/pepiniere-nour.com\/#website\"},\"primaryImageOfPage\":{\"@id\":\"https:\/\/pepiniere-nour.com\/produit\/black-diamond#primaryimage\"},\"image\":{\"@id\":\"https:\/\/pepiniere-nour.com\/produit\/black-diamond#primaryimage\"},\"thumbnailUrl\":\"https:\/\/pepiniere-nour.com\/wp-content\/uploads\/2024\/03\/Plants-de-pruniers-Black-Diamond-1.jpg\",\"datePublished\":\"2024-03-20T22:58:37+00:00\",\"dateModified\":\"2024-05-21T11:17:47+00:00\",\"breadcrumb\":{\"@id\":\"https:\/\/pepiniere-nour.com\/produit\/black-diamond#breadcrumb\"},\"inLanguage\":\"ar\",\"potentialAction\":[{\"@type\":\"ReadAction\",\"target\":[\"https:\/\/pepiniere-nour.com\/produit\/black-diamond\"]}]},{\"@type\":\"ImageObject\",\"inLanguage\":\"ar\",\"@id\":\"https:\/\/pepiniere-nour.com\/produit\/black-diamond#primaryimage\",\"url\":\"https:\/\/pepiniere-nour.com\/wp-content\/uploads\/2024\/03\/Plants-de-pruniers-Black-Diamond-1.jpg\",\"contentUrl\":\"https:\/\/pepiniere-nour.com\/wp-content\/uploads\/2024\/03\/Plants-de-pruniers-Black-Diamond-1.jpg\",\"width\":570,\"height\":380,\"caption\":\"Plants de pruniers Black Diamond\"},{\"@type\":\"BreadcrumbList\",\"@id\":\"https:\/\/pepiniere-nour.com\/produit\/black-diamond#breadcrumb\",\"itemListElement\":[{\"@type\":\"ListItem\",\"position\":1,\"name\":\"Accueil\",\"item\":\"https:\/\/pepiniere-nour.com\/\"},{\"@type\":\"ListItem\",\"position\":2,\"name\":\"Boutique\",\"item\":\"https:\/\/pepiniere-nour.com\/boutique\"},{\"@type\":\"ListItem\",\"position\":3,\"name\":\"Black Diamond\"}]},{\"@type\":\"WebSite\",\"@id\":\"https:\/\/pepiniere-nour.com\/#website\",\"url\":\"https:\/\/pepiniere-nour.com\/\",\"name\":\"P\u00c9PINIERE NOUR DU CENTRE\",\"description\":\"P\u00c9PINIERE NOUR DU CENTRE\",\"publisher\":{\"@id\":\"https:\/\/pepiniere-nour.com\/#organization\"},\"potentialAction\":[{\"@type\":\"SearchAction\",\"target\":{\"@type\":\"EntryPoint\",\"urlTemplate\":\"https:\/\/pepiniere-nour.com\/?s={search_term_string}\"},\"query-input\":{\"@type\":\"PropertyValueSpecification\",\"valueRequired\":true,\"valueName\":\"search_term_string\"}}],\"inLanguage\":\"ar\"},{\"@type\":\"Organization\",\"@id\":\"https:\/\/pepiniere-nour.com\/#organization\",\"name\":\"P\u00c9PINIERE NOUR DU CENTRE\",\"url\":\"https:\/\/pepiniere-nour.com\/\",\"logo\":{\"@type\":\"ImageObject\",\"inLanguage\":\"ar\",\"@id\":\"https:\/\/pepiniere-nour.com\/#\/schema\/logo\/image\/\",\"url\":\"https:\/\/pepiniere-nour.com\/wp-content\/uploads\/2024\/03\/Remove-bg.ai_1709804773648.png\",\"contentUrl\":\"https:\/\/pepiniere-nour.com\/wp-content\/uploads\/2024\/03\/Remove-bg.ai_1709804773648.png\",\"width\":1199,\"height\":1199,\"caption\":\"P\u00c9PINIERE NOUR DU CENTRE\"},\"image\":{\"@id\":\"https:\/\/pepiniere-nour.com\/#\/schema\/logo\/image\/\"}}]}<\/script>\n<!-- \/ Yoast SEO plugin. -->","yoast_head_json":{"title":"Black Diamond - P\u00c9PINIERE NOUR DU CENTRE","robots":{"index":"index","follow":"follow","max-snippet":"max-snippet:-1","max-image-preview":"max-image-preview:large","max-video-preview":"max-video-preview:-1"},"canonical":"https:\/\/pepiniere-nour.com\/ar\/product\/black-diamond\/","og_locale":"ar_AR","og_type":"article","og_title":"Black Diamond - P\u00c9PINIERE NOUR DU CENTRE","og_description":"Origine et Caract\u00e9ristiques  Le Black Diamond, vari\u00e9t\u00e9 de prunier d'origine am\u00e9ricaine issue d'Angeleno et introduite en Tunisie en 1993, pr\u00e9sente des caract\u00e9ristiques distinctives.  Arbre, Productivit\u00e9 et Sensibilit\u00e9  Arborant une vigueur appr\u00e9ciable et un port ouvert favorisant une bonne a\u00e9ration et une meilleure exposition au soleil, cet arbre offre une productivit\u00e9 g\u00e9n\u00e9ralement consid\u00e9r\u00e9e comme moyenne \u00e0 bonne. Sa floraison, d'une dur\u00e9e moyenne, est essentielle pour assurer une fructification optimale. Toutefois, le Black Diamond est auto-incompatible sur le plan floral, requ\u00e9rant la pr\u00e9sence de pollinisateurs tels que le Black Star ou le Santa Rosa. Malgr\u00e9 ses atouts, cette vari\u00e9t\u00e9 est sensible \u00e0 la moniliose, une maladie fongique commune chez les arbres fruitiers.","og_url":"https:\/\/pepiniere-nour.com\/ar\/product\/black-diamond\/","og_site_name":"P\u00c9PINIERE NOUR DU CENTRE","article_modified_time":"2024-05-21T11:17:47+00:00","og_image":[{"width":570,"height":380,"url":"https:\/\/pepiniere-nour.com\/wp-content\/uploads\/2024\/03\/Plants-de-pruniers-Black-Diamond-1.jpg","type":"image\/jpeg"}],"twitter_card":"summary_large_image","twitter_misc":{"\u0648\u0642\u062a \u0627\u0644\u0642\u0631\u0627\u0621\u0629 \u0627\u0644\u0645\u064f\u0642\u062f\u0651\u0631":"\u062f\u0642\u064a\u0642\u0629 \u0648\u0627\u062d\u062f\u0629"},"schema":{"@context":"https:\/\/schema.org","@graph":[{"@type":"WebPage","@id":"https:\/\/pepiniere-nour.com\/produit\/black-diamond","url":"https:\/\/pepiniere-nour.com\/produit\/black-diamond","name":"Black Diamond - P\u00c9PINIERE NOUR DU CENTRE","isPartOf":{"@id":"https:\/\/pepiniere-nour.com\/#website"},"primaryImageOfPage":{"@id":"https:\/\/pepiniere-nour.com\/produit\/black-diamond#primaryimage"},"image":{"@id":"https:\/\/pepiniere-nour.com\/produit\/black-diamond#primaryimage"},"thumbnailUrl":"https:\/\/pepiniere-nour.com\/wp-content\/uploads\/2024\/03\/Plants-de-pruniers-Black-Diamond-1.jpg","datePublished":"2024-03-20T22:58:37+00:00","dateModified":"2024-05-21T11:17:47+00:00","breadcrumb":{"@id":"https:\/\/pepiniere-nour.com\/produit\/black-diamond#breadcrumb"},"inLanguage":"ar","potentialAction":[{"@type":"ReadAction","target":["https:\/\/pepiniere-nour.com\/produit\/black-diamond"]}]},{"@type":"ImageObject","inLanguage":"ar","@id":"https:\/\/pepiniere-nour.com\/produit\/black-diamond#primaryimage","url":"https:\/\/pepiniere-nour.com\/wp-content\/uploads\/2024\/03\/Plants-de-pruniers-Black-Diamond-1.jpg","contentUrl":"https:\/\/pepiniere-nour.com\/wp-content\/uploads\/2024\/03\/Plants-de-pruniers-Black-Diamond-1.jpg","width":570,"height":380,"caption":"Plants de pruniers Black Diamond"},{"@type":"BreadcrumbList","@id":"https:\/\/pepiniere-nour.com\/produit\/black-diamond#breadcrumb","itemListElement":[{"@type":"ListItem","position":1,"name":"Accueil","item":"https:\/\/pepiniere-nour.com\/"},{"@type":"ListItem","position":2,"name":"Boutique","item":"https:\/\/pepiniere-nour.com\/boutique"},{"@type":"ListItem","position":3,"name":"Black Diamond"}]},{"@type":"WebSite","@id":"https:\/\/pepiniere-nour.com\/#website","url":"https:\/\/pepiniere-nour.com\/","name":"P\u00c9PINIERE NOUR DU CENTRE","description":"P\u00c9PINIERE NOUR DU CENTRE","publisher":{"@id":"https:\/\/pepiniere-nour.com\/#organization"},"potentialAction":[{"@type":"SearchAction","target":{"@type":"EntryPoint","urlTemplate":"https:\/\/pepiniere-nour.com\/?s={search_term_string}"},"query-input":{"@type":"PropertyValueSpecification","valueRequired":true,"valueName":"search_term_string"}}],"inLanguage":"ar"},{"@type":"Organization","@id":"https:\/\/pepiniere-nour.com\/#organization","name":"P\u00c9PINIERE NOUR DU CENTRE","url":"https:\/\/pepiniere-nour.com\/","logo":{"@type":"ImageObject","inLanguage":"ar","@id":"https:\/\/pepiniere-nour.com\/#\/schema\/logo\/image\/","url":"https:\/\/pepiniere-nour.com\/wp-content\/uploads\/2024\/03\/Remove-bg.ai_1709804773648.png","contentUrl":"https:\/\/pepiniere-nour.com\/wp-content\/uploads\/2024\/03\/Remove-bg.ai_1709804773648.png","width":1199,"height":1199,"caption":"P\u00c9PINIERE NOUR DU CENTRE"},"image":{"@id":"https:\/\/pepiniere-nour.com\/#\/schema\/logo\/image\/"}}]}},"_links":{"self":[{"href":"https:\/\/pepiniere-nour.com\/ar\/wp-json\/wp\/v2\/product\/998","targetHints":{"allow":["GET"]}}],"collection":[{"href":"https:\/\/pepiniere-nour.com\/ar\/wp-json\/wp\/v2\/product"}],"about":[{"href":"https:\/\/pepiniere-nour.com\/ar\/wp-json\/wp\/v2\/types\/product"}],"wp:featuredmedia":[{"embeddable":true,"href":"https:\/\/pepiniere-nour.com\/ar\/wp-json\/wp\/v2\/media\/2651"}],"wp:attachment":[{"href":"https:\/\/pepiniere-nour.com\/ar\/wp-json\/wp\/v2\/media?parent=998"}],"wp:term":[{"taxonomy":"product_brand","embeddable":true,"href":"https:\/\/pepiniere-nour.com\/ar\/wp-json\/wp\/v2\/product_brand?post=998"},{"taxonomy":"product_cat","embeddable":true,"href":"https:\/\/pepiniere-nour.com\/ar\/wp-json\/wp\/v2\/product_cat?post=998"},{"taxonomy":"product_tag","embeddable":true,"href":"https:\/\/pepiniere-nour.com\/ar\/wp-json\/wp\/v2\/product_tag?post=998"}],"curies":[{"name":"wp","href":"https:\/\/api.w.org\/{rel}","templated":true}]}}