{"id":997,"date":"2024-03-20T22:58:17","date_gmt":"2024-03-20T22:58:17","guid":{"rendered":"https:\/\/pepiniere-nour.com\/?post_type=product&#038;p=997"},"modified":"2024-05-21T11:19:19","modified_gmt":"2024-05-21T11:19:19","slug":"angelino","status":"publish","type":"product","link":"https:\/\/pepiniere-nour.com\/ar\/product\/angelino","title":{"rendered":"\u0623\u0646\u062c\u064a\u0644\u064a\u0646\u0648"},"content":{"rendered":"","protected":false},"excerpt":{"rendered":"<p><strong>Origine et Caract\u00e9ristiques de l&rsquo;Angelino<\/strong><\/p>\n<p>L&rsquo;Angelino, une vari\u00e9t\u00e9 de prunier d&rsquo;origine am\u00e9ricaine, a \u00e9t\u00e9 introduite en Tunisie en 1993. Sa provenance lui conf\u00e8re des traits distinctifs, notamment une vigueur exceptionnelle et une bonne productivit\u00e9. L&rsquo;arbre, caract\u00e9ris\u00e9 par son port vigoureux et sa croissance soutenue, garantit une production abondante.<\/p>\n<p><strong>\u0627\u0644\u062c\u0648\u062f\u0629 \u0648\u0627\u0644\u062d\u0641\u0638 \u0644\u0644\u0641\u0648\u0627\u0643\u0647<\/strong><\/p>\n<p>Les fruits de l&rsquo;Angelino, r\u00e9colt\u00e9s entre ao\u00fbt et septembre, se distinguent par leur gros calibre et leur qualit\u00e9 organoleptique sup\u00e9rieure. Leur chair juteuse et leur saveur subtile en font un choix pris\u00e9 sur les march\u00e9s sp\u00e9cialis\u00e9s. De plus, ces fruits sont dot\u00e9s d&rsquo;une r\u00e9sistance aux manipulations, ce qui en facilite la manutention et le transport. Leur capacit\u00e9 \u00e0 \u00eatre stock\u00e9s dans des conditions r\u00e9frig\u00e9r\u00e9es prolonge leur dur\u00e9e de conservation, pr\u00e9servant ainsi leur fra\u00eecheur et leur attrait commercial.<\/p>","protected":false},"featured_media":2652,"template":"","meta":{"_acf_changed":false},"product_brand":[],"product_cat":[52],"product_tag":[24,35,25,26,27],"class_list":{"0":"post-997","1":"product","2":"type-product","3":"status-publish","4":"has-post-thumbnail","6":"product_cat-plants-de-pruniers","7":"product_tag-equipment","8":"product_tag-etranger","9":"product_tag-garden","10":"product_tag-plants","11":"product_tag-tools","13":"first","14":"instock","15":"shipping-taxable","16":"purchasable","17":"product-type-simple"},"acf":[],"yoast_head":"<!-- This site is optimized with the Yoast SEO plugin v25.5 - https:\/\/yoast.com\/wordpress\/plugins\/seo\/ -->\n<title>Angelino - P\u00c9PINIERE NOUR DU CENTRE<\/title>\n<meta name=\"robots\" content=\"index, follow, max-snippet:-1, max-image-preview:large, max-video-preview:-1\" \/>\n<link rel=\"canonical\" href=\"https:\/\/pepiniere-nour.com\/ar\/product\/angelino\/\" \/>\n<meta property=\"og:locale\" content=\"ar_AR\" \/>\n<meta property=\"og:type\" content=\"article\" \/>\n<meta property=\"og:title\" content=\"Angelino - P\u00c9PINIERE NOUR DU CENTRE\" \/>\n<meta property=\"og:description\" content=\"Origine et Caract\u00e9ristiques de l&#039;Angelino  L&#039;Angelino, une vari\u00e9t\u00e9 de prunier d&#039;origine am\u00e9ricaine, a \u00e9t\u00e9 introduite en Tunisie en 1993. Sa provenance lui conf\u00e8re des traits distinctifs, notamment une vigueur exceptionnelle et une bonne productivit\u00e9. L&#039;arbre, caract\u00e9ris\u00e9 par son port vigoureux et sa croissance soutenue, garantit une production abondante.  Fruits de Qualit\u00e9 et Conservation  Les fruits de l&#039;Angelino, r\u00e9colt\u00e9s entre ao\u00fbt et septembre, se distinguent par leur gros calibre et leur qualit\u00e9 organoleptique sup\u00e9rieure. Leur chair juteuse et leur saveur subtile en font un choix pris\u00e9 sur les march\u00e9s sp\u00e9cialis\u00e9s. De plus, ces fruits sont dot\u00e9s d&#039;une r\u00e9sistance aux manipulations, ce qui en facilite la manutention et le transport. Leur capacit\u00e9 \u00e0 \u00eatre stock\u00e9s dans des conditions r\u00e9frig\u00e9r\u00e9es prolonge leur dur\u00e9e de conservation, pr\u00e9servant ainsi leur fra\u00eecheur et leur attrait commercial.\" \/>\n<meta property=\"og:url\" content=\"https:\/\/pepiniere-nour.com\/ar\/product\/angelino\/\" \/>\n<meta property=\"og:site_name\" content=\"P\u00c9PINIERE NOUR DU CENTRE\" \/>\n<meta property=\"article:modified_time\" content=\"2024-05-21T11:19:19+00:00\" \/>\n<meta property=\"og:image\" content=\"https:\/\/pepiniere-nour.com\/wp-content\/uploads\/2024\/03\/Plants-de-pruniers-Angelino-1.jpg\" \/>\n\t<meta property=\"og:image:width\" content=\"570\" \/>\n\t<meta property=\"og:image:height\" content=\"380\" \/>\n\t<meta property=\"og:image:type\" content=\"image\/jpeg\" \/>\n<meta name=\"twitter:card\" content=\"summary_large_image\" \/>\n<meta name=\"twitter:label1\" content=\"\u0648\u0642\u062a \u0627\u0644\u0642\u0631\u0627\u0621\u0629 \u0627\u0644\u0645\u064f\u0642\u062f\u0651\u0631\" \/>\n\t<meta name=\"twitter:data1\" content=\"\u062f\u0642\u064a\u0642\u0629 \u0648\u0627\u062d\u062f\u0629\" \/>\n<script type=\"application\/ld+json\" class=\"yoast-schema-graph\">{\"@context\":\"https:\/\/schema.org\",\"@graph\":[{\"@type\":\"WebPage\",\"@id\":\"https:\/\/pepiniere-nour.com\/produit\/angelino\",\"url\":\"https:\/\/pepiniere-nour.com\/produit\/angelino\",\"name\":\"Angelino - P\u00c9PINIERE NOUR DU CENTRE\",\"isPartOf\":{\"@id\":\"https:\/\/pepiniere-nour.com\/#website\"},\"primaryImageOfPage\":{\"@id\":\"https:\/\/pepiniere-nour.com\/produit\/angelino#primaryimage\"},\"image\":{\"@id\":\"https:\/\/pepiniere-nour.com\/produit\/angelino#primaryimage\"},\"thumbnailUrl\":\"https:\/\/pepiniere-nour.com\/wp-content\/uploads\/2024\/03\/Plants-de-pruniers-Angelino-1.jpg\",\"datePublished\":\"2024-03-20T22:58:17+00:00\",\"dateModified\":\"2024-05-21T11:19:19+00:00\",\"breadcrumb\":{\"@id\":\"https:\/\/pepiniere-nour.com\/produit\/angelino#breadcrumb\"},\"inLanguage\":\"ar\",\"potentialAction\":[{\"@type\":\"ReadAction\",\"target\":[\"https:\/\/pepiniere-nour.com\/produit\/angelino\"]}]},{\"@type\":\"ImageObject\",\"inLanguage\":\"ar\",\"@id\":\"https:\/\/pepiniere-nour.com\/produit\/angelino#primaryimage\",\"url\":\"https:\/\/pepiniere-nour.com\/wp-content\/uploads\/2024\/03\/Plants-de-pruniers-Angelino-1.jpg\",\"contentUrl\":\"https:\/\/pepiniere-nour.com\/wp-content\/uploads\/2024\/03\/Plants-de-pruniers-Angelino-1.jpg\",\"width\":570,\"height\":380,\"caption\":\"Plants de pruniers Angelino\"},{\"@type\":\"BreadcrumbList\",\"@id\":\"https:\/\/pepiniere-nour.com\/produit\/angelino#breadcrumb\",\"itemListElement\":[{\"@type\":\"ListItem\",\"position\":1,\"name\":\"Accueil\",\"item\":\"https:\/\/pepiniere-nour.com\/\"},{\"@type\":\"ListItem\",\"position\":2,\"name\":\"Boutique\",\"item\":\"https:\/\/pepiniere-nour.com\/boutique\"},{\"@type\":\"ListItem\",\"position\":3,\"name\":\"Angelino\"}]},{\"@type\":\"WebSite\",\"@id\":\"https:\/\/pepiniere-nour.com\/#website\",\"url\":\"https:\/\/pepiniere-nour.com\/\",\"name\":\"P\u00c9PINIERE NOUR DU CENTRE\",\"description\":\"P\u00c9PINIERE NOUR DU CENTRE\",\"publisher\":{\"@id\":\"https:\/\/pepiniere-nour.com\/#organization\"},\"potentialAction\":[{\"@type\":\"SearchAction\",\"target\":{\"@type\":\"EntryPoint\",\"urlTemplate\":\"https:\/\/pepiniere-nour.com\/?s={search_term_string}\"},\"query-input\":{\"@type\":\"PropertyValueSpecification\",\"valueRequired\":true,\"valueName\":\"search_term_string\"}}],\"inLanguage\":\"ar\"},{\"@type\":\"Organization\",\"@id\":\"https:\/\/pepiniere-nour.com\/#organization\",\"name\":\"P\u00c9PINIERE NOUR DU CENTRE\",\"url\":\"https:\/\/pepiniere-nour.com\/\",\"logo\":{\"@type\":\"ImageObject\",\"inLanguage\":\"ar\",\"@id\":\"https:\/\/pepiniere-nour.com\/#\/schema\/logo\/image\/\",\"url\":\"https:\/\/pepiniere-nour.com\/wp-content\/uploads\/2024\/03\/Remove-bg.ai_1709804773648.png\",\"contentUrl\":\"https:\/\/pepiniere-nour.com\/wp-content\/uploads\/2024\/03\/Remove-bg.ai_1709804773648.png\",\"width\":1199,\"height\":1199,\"caption\":\"P\u00c9PINIERE NOUR DU CENTRE\"},\"image\":{\"@id\":\"https:\/\/pepiniere-nour.com\/#\/schema\/logo\/image\/\"}}]}<\/script>\n<!-- \/ Yoast SEO plugin. -->","yoast_head_json":{"title":"Angelino - P\u00c9PINIERE NOUR DU CENTRE","robots":{"index":"index","follow":"follow","max-snippet":"max-snippet:-1","max-image-preview":"max-image-preview:large","max-video-preview":"max-video-preview:-1"},"canonical":"https:\/\/pepiniere-nour.com\/ar\/product\/angelino\/","og_locale":"ar_AR","og_type":"article","og_title":"Angelino - P\u00c9PINIERE NOUR DU CENTRE","og_description":"Origine et Caract\u00e9ristiques de l'Angelino  L'Angelino, une vari\u00e9t\u00e9 de prunier d'origine am\u00e9ricaine, a \u00e9t\u00e9 introduite en Tunisie en 1993. Sa provenance lui conf\u00e8re des traits distinctifs, notamment une vigueur exceptionnelle et une bonne productivit\u00e9. L'arbre, caract\u00e9ris\u00e9 par son port vigoureux et sa croissance soutenue, garantit une production abondante.  Fruits de Qualit\u00e9 et Conservation  Les fruits de l'Angelino, r\u00e9colt\u00e9s entre ao\u00fbt et septembre, se distinguent par leur gros calibre et leur qualit\u00e9 organoleptique sup\u00e9rieure. Leur chair juteuse et leur saveur subtile en font un choix pris\u00e9 sur les march\u00e9s sp\u00e9cialis\u00e9s. De plus, ces fruits sont dot\u00e9s d'une r\u00e9sistance aux manipulations, ce qui en facilite la manutention et le transport. Leur capacit\u00e9 \u00e0 \u00eatre stock\u00e9s dans des conditions r\u00e9frig\u00e9r\u00e9es prolonge leur dur\u00e9e de conservation, pr\u00e9servant ainsi leur fra\u00eecheur et leur attrait commercial.","og_url":"https:\/\/pepiniere-nour.com\/ar\/product\/angelino\/","og_site_name":"P\u00c9PINIERE NOUR DU CENTRE","article_modified_time":"2024-05-21T11:19:19+00:00","og_image":[{"width":570,"height":380,"url":"https:\/\/pepiniere-nour.com\/wp-content\/uploads\/2024\/03\/Plants-de-pruniers-Angelino-1.jpg","type":"image\/jpeg"}],"twitter_card":"summary_large_image","twitter_misc":{"\u0648\u0642\u062a \u0627\u0644\u0642\u0631\u0627\u0621\u0629 \u0627\u0644\u0645\u064f\u0642\u062f\u0651\u0631":"\u062f\u0642\u064a\u0642\u0629 \u0648\u0627\u062d\u062f\u0629"},"schema":{"@context":"https:\/\/schema.org","@graph":[{"@type":"WebPage","@id":"https:\/\/pepiniere-nour.com\/produit\/angelino","url":"https:\/\/pepiniere-nour.com\/produit\/angelino","name":"Angelino - P\u00c9PINIERE NOUR DU CENTRE","isPartOf":{"@id":"https:\/\/pepiniere-nour.com\/#website"},"primaryImageOfPage":{"@id":"https:\/\/pepiniere-nour.com\/produit\/angelino#primaryimage"},"image":{"@id":"https:\/\/pepiniere-nour.com\/produit\/angelino#primaryimage"},"thumbnailUrl":"https:\/\/pepiniere-nour.com\/wp-content\/uploads\/2024\/03\/Plants-de-pruniers-Angelino-1.jpg","datePublished":"2024-03-20T22:58:17+00:00","dateModified":"2024-05-21T11:19:19+00:00","breadcrumb":{"@id":"https:\/\/pepiniere-nour.com\/produit\/angelino#breadcrumb"},"inLanguage":"ar","potentialAction":[{"@type":"ReadAction","target":["https:\/\/pepiniere-nour.com\/produit\/angelino"]}]},{"@type":"ImageObject","inLanguage":"ar","@id":"https:\/\/pepiniere-nour.com\/produit\/angelino#primaryimage","url":"https:\/\/pepiniere-nour.com\/wp-content\/uploads\/2024\/03\/Plants-de-pruniers-Angelino-1.jpg","contentUrl":"https:\/\/pepiniere-nour.com\/wp-content\/uploads\/2024\/03\/Plants-de-pruniers-Angelino-1.jpg","width":570,"height":380,"caption":"Plants de pruniers Angelino"},{"@type":"BreadcrumbList","@id":"https:\/\/pepiniere-nour.com\/produit\/angelino#breadcrumb","itemListElement":[{"@type":"ListItem","position":1,"name":"Accueil","item":"https:\/\/pepiniere-nour.com\/"},{"@type":"ListItem","position":2,"name":"Boutique","item":"https:\/\/pepiniere-nour.com\/boutique"},{"@type":"ListItem","position":3,"name":"Angelino"}]},{"@type":"WebSite","@id":"https:\/\/pepiniere-nour.com\/#website","url":"https:\/\/pepiniere-nour.com\/","name":"P\u00c9PINIERE NOUR DU CENTRE","description":"P\u00c9PINIERE NOUR DU CENTRE","publisher":{"@id":"https:\/\/pepiniere-nour.com\/#organization"},"potentialAction":[{"@type":"SearchAction","target":{"@type":"EntryPoint","urlTemplate":"https:\/\/pepiniere-nour.com\/?s={search_term_string}"},"query-input":{"@type":"PropertyValueSpecification","valueRequired":true,"valueName":"search_term_string"}}],"inLanguage":"ar"},{"@type":"Organization","@id":"https:\/\/pepiniere-nour.com\/#organization","name":"P\u00c9PINIERE NOUR DU CENTRE","url":"https:\/\/pepiniere-nour.com\/","logo":{"@type":"ImageObject","inLanguage":"ar","@id":"https:\/\/pepiniere-nour.com\/#\/schema\/logo\/image\/","url":"https:\/\/pepiniere-nour.com\/wp-content\/uploads\/2024\/03\/Remove-bg.ai_1709804773648.png","contentUrl":"https:\/\/pepiniere-nour.com\/wp-content\/uploads\/2024\/03\/Remove-bg.ai_1709804773648.png","width":1199,"height":1199,"caption":"P\u00c9PINIERE NOUR DU CENTRE"},"image":{"@id":"https:\/\/pepiniere-nour.com\/#\/schema\/logo\/image\/"}}]}},"_links":{"self":[{"href":"https:\/\/pepiniere-nour.com\/ar\/wp-json\/wp\/v2\/product\/997","targetHints":{"allow":["GET"]}}],"collection":[{"href":"https:\/\/pepiniere-nour.com\/ar\/wp-json\/wp\/v2\/product"}],"about":[{"href":"https:\/\/pepiniere-nour.com\/ar\/wp-json\/wp\/v2\/types\/product"}],"wp:featuredmedia":[{"embeddable":true,"href":"https:\/\/pepiniere-nour.com\/ar\/wp-json\/wp\/v2\/media\/2652"}],"wp:attachment":[{"href":"https:\/\/pepiniere-nour.com\/ar\/wp-json\/wp\/v2\/media?parent=997"}],"wp:term":[{"taxonomy":"product_brand","embeddable":true,"href":"https:\/\/pepiniere-nour.com\/ar\/wp-json\/wp\/v2\/product_brand?post=997"},{"taxonomy":"product_cat","embeddable":true,"href":"https:\/\/pepiniere-nour.com\/ar\/wp-json\/wp\/v2\/product_cat?post=997"},{"taxonomy":"product_tag","embeddable":true,"href":"https:\/\/pepiniere-nour.com\/ar\/wp-json\/wp\/v2\/product_tag?post=997"}],"curies":[{"name":"wp","href":"https:\/\/api.w.org\/{rel}","templated":true}]}}