{"id":995,"date":"2024-03-20T22:58:01","date_gmt":"2024-03-20T22:58:01","guid":{"rendered":"https:\/\/pepiniere-nour.com\/?post_type=product&#038;p=995"},"modified":"2024-05-21T11:21:47","modified_gmt":"2024-05-21T11:21:47","slug":"vitello","status":"publish","type":"product","link":"https:\/\/pepiniere-nour.com\/ar\/product\/vitello","title":{"rendered":"\u0641\u064a\u062a\u0627\u0644\u0648"},"content":{"rendered":"","protected":false},"excerpt":{"rendered":"<p><strong>\u0635\u0641\u0629 \u0645\u0645\u064a\u0632\u0629<\/strong><\/p>\n<p>La robustesse de l&rsquo;arbre du Vitillo garantit une production constante et abondante. Sa croissance moyennement pr\u00e9coce favorise une rapide mise \u00e0 fruit, assurant ainsi des r\u00e9coltes r\u00e9guli\u00e8res pour les agriculteurs.<\/p>\n<p><strong>\u0646\u0643\u0647\u0629 \u0631\u0627\u0626\u0639\u0629 \u0648\u062b\u0628\u0627\u062a<\/strong><\/p>\n<p>Du point de vue gustatif, le Vitillo ne d\u00e9\u00e7oit pas. Sa chair ferme et juteuse, d&rsquo;un orange \u00e9clatant, offre une exp\u00e9rience sensorielle des plus plaisantes, confirmant sa r\u00e9putation de fruit d\u00e9licieux.<\/p>\n<p><strong>\u0627\u0644\u0646\u0636\u062c \u0627\u0644\u0645\u0628\u0643\u0631 \u0648\u0627\u0644\u0642\u062f\u0631\u0629 \u0639\u0644\u0649 \u0627\u0644\u062a\u0643\u064a\u0641<\/strong><\/p>\n<p>\u064a\u0635\u0644  \u0625\u0644\u0649 \u0645\u0631\u062d\u0644\u0629 \u0627\u0644\u0646\u0636\u062c \u0641\u064a \u0646\u0647\u0627\u064a\u0629 \u0634\u0647\u0631 \u0645\u0627\u064a\u0648 \u0623\u0648 \u0628\u062f\u0627\u064a\u0629 \u0634\u0647\u0631 \u064a\u0648\u0646\u064a\u0648\u060c \u0645\u0645\u0627 \u064a\u0648\u0641\u0631 \u062d\u0635\u0627\u062f\u064b\u0627 \u0645\u0628\u0643\u0631\u064b\u0627. \u0643\u0645\u0627 \u0623\u0646 \u0642\u062f\u0631\u062a\u0647 \u0639\u0644\u0649 \u062a\u062d\u0645\u0644 \u0627\u0644\u062a\u0639\u0627\u0645\u0644 \u062a\u062c\u0639\u0644\u0647 \u062e\u064a\u0627\u0631\u064b\u0627 \u0645\u062b\u0627\u0644\u064a\u064b\u0627 \u0644\u0644\u0645\u0639\u0627\u0644\u062c\u0629\u060c \u0645\u0645\u0627 \u064a\u0636\u0645\u0646 \u062c\u0648\u062f\u0629 \u0627\u0644\u0645\u0646\u062a\u062c \u0627\u0644\u0646\u0647\u0627\u0626\u064a.<\/p>","protected":false},"featured_media":2664,"template":"","meta":{"_acf_changed":false},"product_brand":[],"product_cat":[51],"product_tag":[24,35,25,26,27],"class_list":{"0":"post-995","1":"product","2":"type-product","3":"status-publish","4":"has-post-thumbnail","6":"product_cat-plants-dabricotiers","7":"product_tag-equipment","8":"product_tag-etranger","9":"product_tag-garden","10":"product_tag-plants","11":"product_tag-tools","13":"first","14":"instock","15":"shipping-taxable","16":"purchasable","17":"product-type-simple"},"acf":[],"yoast_head":"<!-- This site is optimized with the Yoast SEO plugin v25.5 - https:\/\/yoast.com\/wordpress\/plugins\/seo\/ -->\n<title>Vitello - P\u00c9PINIERE NOUR DU CENTRE<\/title>\n<meta name=\"robots\" content=\"index, follow, max-snippet:-1, max-image-preview:large, max-video-preview:-1\" \/>\n<link rel=\"canonical\" href=\"https:\/\/pepiniere-nour.com\/ar\/product\/vitello\/\" \/>\n<meta property=\"og:locale\" content=\"ar_AR\" \/>\n<meta property=\"og:type\" content=\"article\" \/>\n<meta property=\"og:title\" content=\"Vitello - P\u00c9PINIERE NOUR DU CENTRE\" \/>\n<meta property=\"og:description\" content=\"Caract\u00e9ristique  La robustesse de l&#039;arbre du Vitillo garantit une production constante et abondante. Sa croissance moyennement pr\u00e9coce favorise une rapide mise \u00e0 fruit, assurant ainsi des r\u00e9coltes r\u00e9guli\u00e8res pour les agriculteurs.  Saveur Exquise et Chair Ferme  Du point de vue gustatif, le Vitillo ne d\u00e9\u00e7oit pas. Sa chair ferme et juteuse, d&#039;un orange \u00e9clatant, offre une exp\u00e9rience sensorielle des plus plaisantes, confirmant sa r\u00e9putation de fruit d\u00e9licieux.  Maturit\u00e9 Pr\u00e9coce et Adaptabilit\u00e9  Le Vitillo atteint sa maturit\u00e9 d\u00e8s la fin mai ou le d\u00e9but juin, offrant ainsi une r\u00e9colte pr\u00e9coce. Sa capacit\u00e9 \u00e0 r\u00e9sister aux manipulations en fait \u00e9galement un choix id\u00e9al pour la transformation, garantissant la qualit\u00e9 du produit final.\" \/>\n<meta property=\"og:url\" content=\"https:\/\/pepiniere-nour.com\/ar\/product\/vitello\/\" \/>\n<meta property=\"og:site_name\" content=\"P\u00c9PINIERE NOUR DU CENTRE\" \/>\n<meta property=\"article:modified_time\" content=\"2024-05-21T11:21:47+00:00\" \/>\n<meta property=\"og:image\" content=\"https:\/\/pepiniere-nour.com\/wp-content\/uploads\/2024\/03\/Plants-dabricotiers-2.jpg\" \/>\n\t<meta property=\"og:image:width\" content=\"570\" \/>\n\t<meta property=\"og:image:height\" content=\"321\" \/>\n\t<meta property=\"og:image:type\" content=\"image\/jpeg\" \/>\n<meta name=\"twitter:card\" content=\"summary_large_image\" \/>\n<meta name=\"twitter:label1\" content=\"\u0648\u0642\u062a \u0627\u0644\u0642\u0631\u0627\u0621\u0629 \u0627\u0644\u0645\u064f\u0642\u062f\u0651\u0631\" \/>\n\t<meta name=\"twitter:data1\" content=\"\u062f\u0642\u064a\u0642\u0629 \u0648\u0627\u062d\u062f\u0629\" \/>\n<script type=\"application\/ld+json\" class=\"yoast-schema-graph\">{\"@context\":\"https:\/\/schema.org\",\"@graph\":[{\"@type\":\"WebPage\",\"@id\":\"https:\/\/pepiniere-nour.com\/produit\/vitello\",\"url\":\"https:\/\/pepiniere-nour.com\/produit\/vitello\",\"name\":\"Vitello - P\u00c9PINIERE NOUR DU CENTRE\",\"isPartOf\":{\"@id\":\"https:\/\/pepiniere-nour.com\/#website\"},\"primaryImageOfPage\":{\"@id\":\"https:\/\/pepiniere-nour.com\/produit\/vitello#primaryimage\"},\"image\":{\"@id\":\"https:\/\/pepiniere-nour.com\/produit\/vitello#primaryimage\"},\"thumbnailUrl\":\"https:\/\/pepiniere-nour.com\/wp-content\/uploads\/2024\/03\/Plants-dabricotiers-2.jpg\",\"datePublished\":\"2024-03-20T22:58:01+00:00\",\"dateModified\":\"2024-05-21T11:21:47+00:00\",\"breadcrumb\":{\"@id\":\"https:\/\/pepiniere-nour.com\/produit\/vitello#breadcrumb\"},\"inLanguage\":\"ar\",\"potentialAction\":[{\"@type\":\"ReadAction\",\"target\":[\"https:\/\/pepiniere-nour.com\/produit\/vitello\"]}]},{\"@type\":\"ImageObject\",\"inLanguage\":\"ar\",\"@id\":\"https:\/\/pepiniere-nour.com\/produit\/vitello#primaryimage\",\"url\":\"https:\/\/pepiniere-nour.com\/wp-content\/uploads\/2024\/03\/Plants-dabricotiers-2.jpg\",\"contentUrl\":\"https:\/\/pepiniere-nour.com\/wp-content\/uploads\/2024\/03\/Plants-dabricotiers-2.jpg\",\"width\":570,\"height\":321,\"caption\":\"Plants d'abricotiers Vitello\"},{\"@type\":\"BreadcrumbList\",\"@id\":\"https:\/\/pepiniere-nour.com\/produit\/vitello#breadcrumb\",\"itemListElement\":[{\"@type\":\"ListItem\",\"position\":1,\"name\":\"Accueil\",\"item\":\"https:\/\/pepiniere-nour.com\/\"},{\"@type\":\"ListItem\",\"position\":2,\"name\":\"Boutique\",\"item\":\"https:\/\/pepiniere-nour.com\/boutique\"},{\"@type\":\"ListItem\",\"position\":3,\"name\":\"Vitello\"}]},{\"@type\":\"WebSite\",\"@id\":\"https:\/\/pepiniere-nour.com\/#website\",\"url\":\"https:\/\/pepiniere-nour.com\/\",\"name\":\"P\u00c9PINIERE NOUR DU CENTRE\",\"description\":\"P\u00c9PINIERE NOUR DU CENTRE\",\"publisher\":{\"@id\":\"https:\/\/pepiniere-nour.com\/#organization\"},\"potentialAction\":[{\"@type\":\"SearchAction\",\"target\":{\"@type\":\"EntryPoint\",\"urlTemplate\":\"https:\/\/pepiniere-nour.com\/?s={search_term_string}\"},\"query-input\":{\"@type\":\"PropertyValueSpecification\",\"valueRequired\":true,\"valueName\":\"search_term_string\"}}],\"inLanguage\":\"ar\"},{\"@type\":\"Organization\",\"@id\":\"https:\/\/pepiniere-nour.com\/#organization\",\"name\":\"P\u00c9PINIERE NOUR DU CENTRE\",\"url\":\"https:\/\/pepiniere-nour.com\/\",\"logo\":{\"@type\":\"ImageObject\",\"inLanguage\":\"ar\",\"@id\":\"https:\/\/pepiniere-nour.com\/#\/schema\/logo\/image\/\",\"url\":\"https:\/\/pepiniere-nour.com\/wp-content\/uploads\/2024\/03\/Remove-bg.ai_1709804773648.png\",\"contentUrl\":\"https:\/\/pepiniere-nour.com\/wp-content\/uploads\/2024\/03\/Remove-bg.ai_1709804773648.png\",\"width\":1199,\"height\":1199,\"caption\":\"P\u00c9PINIERE NOUR DU CENTRE\"},\"image\":{\"@id\":\"https:\/\/pepiniere-nour.com\/#\/schema\/logo\/image\/\"}}]}<\/script>\n<!-- \/ Yoast SEO plugin. -->","yoast_head_json":{"title":"Vitello - P\u00c9PINIERE NOUR DU CENTRE","robots":{"index":"index","follow":"follow","max-snippet":"max-snippet:-1","max-image-preview":"max-image-preview:large","max-video-preview":"max-video-preview:-1"},"canonical":"https:\/\/pepiniere-nour.com\/ar\/product\/vitello\/","og_locale":"ar_AR","og_type":"article","og_title":"Vitello - P\u00c9PINIERE NOUR DU CENTRE","og_description":"Caract\u00e9ristique  La robustesse de l'arbre du Vitillo garantit une production constante et abondante. Sa croissance moyennement pr\u00e9coce favorise une rapide mise \u00e0 fruit, assurant ainsi des r\u00e9coltes r\u00e9guli\u00e8res pour les agriculteurs.  Saveur Exquise et Chair Ferme  Du point de vue gustatif, le Vitillo ne d\u00e9\u00e7oit pas. Sa chair ferme et juteuse, d'un orange \u00e9clatant, offre une exp\u00e9rience sensorielle des plus plaisantes, confirmant sa r\u00e9putation de fruit d\u00e9licieux.  Maturit\u00e9 Pr\u00e9coce et Adaptabilit\u00e9  Le Vitillo atteint sa maturit\u00e9 d\u00e8s la fin mai ou le d\u00e9but juin, offrant ainsi une r\u00e9colte pr\u00e9coce. Sa capacit\u00e9 \u00e0 r\u00e9sister aux manipulations en fait \u00e9galement un choix id\u00e9al pour la transformation, garantissant la qualit\u00e9 du produit final.","og_url":"https:\/\/pepiniere-nour.com\/ar\/product\/vitello\/","og_site_name":"P\u00c9PINIERE NOUR DU CENTRE","article_modified_time":"2024-05-21T11:21:47+00:00","og_image":[{"width":570,"height":321,"url":"https:\/\/pepiniere-nour.com\/wp-content\/uploads\/2024\/03\/Plants-dabricotiers-2.jpg","type":"image\/jpeg"}],"twitter_card":"summary_large_image","twitter_misc":{"\u0648\u0642\u062a \u0627\u0644\u0642\u0631\u0627\u0621\u0629 \u0627\u0644\u0645\u064f\u0642\u062f\u0651\u0631":"\u062f\u0642\u064a\u0642\u0629 \u0648\u0627\u062d\u062f\u0629"},"schema":{"@context":"https:\/\/schema.org","@graph":[{"@type":"WebPage","@id":"https:\/\/pepiniere-nour.com\/produit\/vitello","url":"https:\/\/pepiniere-nour.com\/produit\/vitello","name":"Vitello - P\u00c9PINIERE NOUR DU CENTRE","isPartOf":{"@id":"https:\/\/pepiniere-nour.com\/#website"},"primaryImageOfPage":{"@id":"https:\/\/pepiniere-nour.com\/produit\/vitello#primaryimage"},"image":{"@id":"https:\/\/pepiniere-nour.com\/produit\/vitello#primaryimage"},"thumbnailUrl":"https:\/\/pepiniere-nour.com\/wp-content\/uploads\/2024\/03\/Plants-dabricotiers-2.jpg","datePublished":"2024-03-20T22:58:01+00:00","dateModified":"2024-05-21T11:21:47+00:00","breadcrumb":{"@id":"https:\/\/pepiniere-nour.com\/produit\/vitello#breadcrumb"},"inLanguage":"ar","potentialAction":[{"@type":"ReadAction","target":["https:\/\/pepiniere-nour.com\/produit\/vitello"]}]},{"@type":"ImageObject","inLanguage":"ar","@id":"https:\/\/pepiniere-nour.com\/produit\/vitello#primaryimage","url":"https:\/\/pepiniere-nour.com\/wp-content\/uploads\/2024\/03\/Plants-dabricotiers-2.jpg","contentUrl":"https:\/\/pepiniere-nour.com\/wp-content\/uploads\/2024\/03\/Plants-dabricotiers-2.jpg","width":570,"height":321,"caption":"Plants d'abricotiers Vitello"},{"@type":"BreadcrumbList","@id":"https:\/\/pepiniere-nour.com\/produit\/vitello#breadcrumb","itemListElement":[{"@type":"ListItem","position":1,"name":"Accueil","item":"https:\/\/pepiniere-nour.com\/"},{"@type":"ListItem","position":2,"name":"Boutique","item":"https:\/\/pepiniere-nour.com\/boutique"},{"@type":"ListItem","position":3,"name":"Vitello"}]},{"@type":"WebSite","@id":"https:\/\/pepiniere-nour.com\/#website","url":"https:\/\/pepiniere-nour.com\/","name":"P\u00c9PINIERE NOUR DU CENTRE","description":"P\u00c9PINIERE NOUR DU CENTRE","publisher":{"@id":"https:\/\/pepiniere-nour.com\/#organization"},"potentialAction":[{"@type":"SearchAction","target":{"@type":"EntryPoint","urlTemplate":"https:\/\/pepiniere-nour.com\/?s={search_term_string}"},"query-input":{"@type":"PropertyValueSpecification","valueRequired":true,"valueName":"search_term_string"}}],"inLanguage":"ar"},{"@type":"Organization","@id":"https:\/\/pepiniere-nour.com\/#organization","name":"P\u00c9PINIERE NOUR DU CENTRE","url":"https:\/\/pepiniere-nour.com\/","logo":{"@type":"ImageObject","inLanguage":"ar","@id":"https:\/\/pepiniere-nour.com\/#\/schema\/logo\/image\/","url":"https:\/\/pepiniere-nour.com\/wp-content\/uploads\/2024\/03\/Remove-bg.ai_1709804773648.png","contentUrl":"https:\/\/pepiniere-nour.com\/wp-content\/uploads\/2024\/03\/Remove-bg.ai_1709804773648.png","width":1199,"height":1199,"caption":"P\u00c9PINIERE NOUR DU CENTRE"},"image":{"@id":"https:\/\/pepiniere-nour.com\/#\/schema\/logo\/image\/"}}]}},"_links":{"self":[{"href":"https:\/\/pepiniere-nour.com\/ar\/wp-json\/wp\/v2\/product\/995","targetHints":{"allow":["GET"]}}],"collection":[{"href":"https:\/\/pepiniere-nour.com\/ar\/wp-json\/wp\/v2\/product"}],"about":[{"href":"https:\/\/pepiniere-nour.com\/ar\/wp-json\/wp\/v2\/types\/product"}],"wp:featuredmedia":[{"embeddable":true,"href":"https:\/\/pepiniere-nour.com\/ar\/wp-json\/wp\/v2\/media\/2664"}],"wp:attachment":[{"href":"https:\/\/pepiniere-nour.com\/ar\/wp-json\/wp\/v2\/media?parent=995"}],"wp:term":[{"taxonomy":"product_brand","embeddable":true,"href":"https:\/\/pepiniere-nour.com\/ar\/wp-json\/wp\/v2\/product_brand?post=995"},{"taxonomy":"product_cat","embeddable":true,"href":"https:\/\/pepiniere-nour.com\/ar\/wp-json\/wp\/v2\/product_cat?post=995"},{"taxonomy":"product_tag","embeddable":true,"href":"https:\/\/pepiniere-nour.com\/ar\/wp-json\/wp\/v2\/product_tag?post=995"}],"curies":[{"name":"wp","href":"https:\/\/api.w.org\/{rel}","templated":true}]}}