{"id":994,"date":"2024-03-20T22:57:49","date_gmt":"2024-03-20T22:57:49","guid":{"rendered":"https:\/\/pepiniere-nour.com\/?post_type=product&#038;p=994"},"modified":"2024-05-21T12:04:16","modified_gmt":"2024-05-21T12:04:16","slug":"ninfa","status":"publish","type":"product","link":"https:\/\/pepiniere-nour.com\/ar\/product\/ninfa","title":{"rendered":"\u0646\u064a\u0646\u0641\u0627"},"content":{"rendered":"","protected":false},"excerpt":{"rendered":"<p><strong>\u0633\u0645\u0627\u062a<\/strong><\/p>\n<p>\u062a\u062a\u0645\u064a\u0632 \u0645\u062c\u0645\u0648\u0639\u0629  \u0627\u0644\u0645\u0634\u0645\u0634 \u0645\u0646 \u0647\u0630\u0627 \u0627\u0644\u0635\u0646\u0641 \u0628\u062a\u0648\u0627\u0641\u0642\u0647\u0627 \u0627\u0644\u0630\u0627\u062a\u064a\u060c \u0645\u0645\u0627 \u064a\u0636\u0645\u0646 \u0625\u0646\u062a\u0627\u062c\u064b\u0627 \u062b\u0627\u0628\u062a\u064b\u0627 \u0648\u0645\u0648\u062b\u0648\u0642\u064b\u0627. \u0647\u0630\u0647 \u0627\u0644\u062e\u0627\u0635\u064a\u0629 \u062a\u062c\u0639\u0644\u0647\u0627 \u062c\u0630\u0627\u0628\u0629 \u0628\u0634\u0643\u0644 \u062e\u0627\u0635 \u0644\u0644\u0645\u0632\u0627\u0631\u0639\u064a\u0646 \u0627\u0644\u0630\u064a\u0646 \u064a\u0628\u062d\u062b\u0648\u0646 \u0639\u0646 \u0627\u0644\u0627\u0646\u062a\u0638\u0627\u0645 \u0641\u064a \u0645\u062d\u0627\u0635\u064a\u0644\u0647\u0645.<\/p>\n<p>\u062b\u0645\u0627\u0631 \u0646\u064a\u0646\u0641\u0627 \u0645\u062a\u0648\u0633\u0637\u0629 \u0627\u0644\u062d\u062c\u0645. \u0639\u0644\u0649 \u0627\u0644\u0631\u063a\u0645 \u0645\u0646 \u0623\u0646 \u0644\u062d\u0645\u0647\u0627 \u0645\u062a\u0645\u0627\u0633\u0643 \u0625\u0644\u0649 \u062d\u062f \u0645\u0627\u060c \u0625\u0644\u0627 \u0623\u0646\u0647 \u064a\u062a\u0645\u062a\u0639 \u0628\u0645\u0644\u0645\u0633 \u0644\u0637\u064a\u0641 \u0641\u064a \u0627\u0644\u0641\u0645.<\/p>\n<p><strong>\u0627\u0644\u0633\u0631\u0639\u0629 \u0648\u0627\u0644\u0627\u0647\u062a\u0645\u0627\u0645 \u0627\u0644\u0632\u0631\u0627\u0639\u064a<\/strong><\/p>\n<p>Ce qui rend Ninfa encore plus attrayante, c&rsquo;est sa pr\u00e9cocit\u00e9. En m\u00fbrissant t\u00f4t, elle offre aux cultivateurs la possibilit\u00e9 de commencer leur saison de r\u00e9colte plus t\u00f4t, ce qui peut avoir un impact significatif sur la rentabilit\u00e9 de leur exploitation. En combinant des qualit\u00e9s de productivit\u00e9, de taille de fruit et de pr\u00e9cocit\u00e9, Ninfa est une vari\u00e9t\u00e9 qui m\u00e9rite une place de choix dans les vergers.<\/p>","protected":false},"featured_media":2663,"template":"","meta":{"_acf_changed":false},"product_brand":[],"product_cat":[51],"product_tag":[24,35,25,26,27],"class_list":{"0":"post-994","1":"product","2":"type-product","3":"status-publish","4":"has-post-thumbnail","6":"product_cat-plants-dabricotiers","7":"product_tag-equipment","8":"product_tag-etranger","9":"product_tag-garden","10":"product_tag-plants","11":"product_tag-tools","13":"first","14":"instock","15":"shipping-taxable","16":"purchasable","17":"product-type-simple"},"acf":[],"yoast_head":"<!-- This site is optimized with the Yoast SEO plugin v25.5 - https:\/\/yoast.com\/wordpress\/plugins\/seo\/ -->\n<title>Ninfa - P\u00c9PINIERE NOUR DU CENTRE<\/title>\n<meta name=\"robots\" content=\"index, follow, max-snippet:-1, max-image-preview:large, max-video-preview:-1\" \/>\n<link rel=\"canonical\" href=\"https:\/\/pepiniere-nour.com\/ar\/product\/ninfa\/\" \/>\n<meta property=\"og:locale\" content=\"ar_AR\" \/>\n<meta property=\"og:type\" content=\"article\" \/>\n<meta property=\"og:title\" content=\"Ninfa - P\u00c9PINIERE NOUR DU CENTRE\" \/>\n<meta property=\"og:description\" content=\"Caract\u00e9ristiques  La vari\u00e9t\u00e9 Ninfa se distingue par son auto-compatibilit\u00e9, garantissant une production constante et fiable. Cette caract\u00e9ristique la rend particuli\u00e8rement attrayante pour les cultivateurs cherchant une r\u00e9gularit\u00e9 dans leurs r\u00e9coltes.  Les fruits de Ninfa sont de calibre moyen. Leur chair, bien que moyennement consistante, pr\u00e9sente une texture agr\u00e9able en bouche.  Pr\u00e9cocit\u00e9 et Int\u00e9r\u00eat Cultivatif  Ce qui rend Ninfa encore plus attrayante, c&#039;est sa pr\u00e9cocit\u00e9. En m\u00fbrissant t\u00f4t, elle offre aux cultivateurs la possibilit\u00e9 de commencer leur saison de r\u00e9colte plus t\u00f4t, ce qui peut avoir un impact significatif sur la rentabilit\u00e9 de leur exploitation. En combinant des qualit\u00e9s de productivit\u00e9, de taille de fruit et de pr\u00e9cocit\u00e9, Ninfa est une vari\u00e9t\u00e9 qui m\u00e9rite une place de choix dans les vergers.\" \/>\n<meta property=\"og:url\" content=\"https:\/\/pepiniere-nour.com\/ar\/product\/ninfa\/\" \/>\n<meta property=\"og:site_name\" content=\"P\u00c9PINIERE NOUR DU CENTRE\" \/>\n<meta property=\"article:modified_time\" content=\"2024-05-21T12:04:16+00:00\" \/>\n<meta property=\"og:image\" content=\"https:\/\/pepiniere-nour.com\/wp-content\/uploads\/2024\/03\/Plants-dabricotiers-3.jpg\" \/>\n\t<meta property=\"og:image:width\" content=\"570\" \/>\n\t<meta property=\"og:image:height\" content=\"321\" \/>\n\t<meta property=\"og:image:type\" content=\"image\/jpeg\" \/>\n<meta name=\"twitter:card\" content=\"summary_large_image\" \/>\n<meta name=\"twitter:label1\" content=\"\u0648\u0642\u062a \u0627\u0644\u0642\u0631\u0627\u0621\u0629 \u0627\u0644\u0645\u064f\u0642\u062f\u0651\u0631\" \/>\n\t<meta name=\"twitter:data1\" content=\"\u062f\u0642\u064a\u0642\u0629 \u0648\u0627\u062d\u062f\u0629\" \/>\n<script type=\"application\/ld+json\" class=\"yoast-schema-graph\">{\"@context\":\"https:\/\/schema.org\",\"@graph\":[{\"@type\":\"WebPage\",\"@id\":\"https:\/\/pepiniere-nour.com\/produit\/ninfa\",\"url\":\"https:\/\/pepiniere-nour.com\/produit\/ninfa\",\"name\":\"Ninfa - P\u00c9PINIERE NOUR DU CENTRE\",\"isPartOf\":{\"@id\":\"https:\/\/pepiniere-nour.com\/#website\"},\"primaryImageOfPage\":{\"@id\":\"https:\/\/pepiniere-nour.com\/produit\/ninfa#primaryimage\"},\"image\":{\"@id\":\"https:\/\/pepiniere-nour.com\/produit\/ninfa#primaryimage\"},\"thumbnailUrl\":\"https:\/\/pepiniere-nour.com\/wp-content\/uploads\/2024\/03\/Plants-dabricotiers-3.jpg\",\"datePublished\":\"2024-03-20T22:57:49+00:00\",\"dateModified\":\"2024-05-21T12:04:16+00:00\",\"breadcrumb\":{\"@id\":\"https:\/\/pepiniere-nour.com\/produit\/ninfa#breadcrumb\"},\"inLanguage\":\"ar\",\"potentialAction\":[{\"@type\":\"ReadAction\",\"target\":[\"https:\/\/pepiniere-nour.com\/produit\/ninfa\"]}]},{\"@type\":\"ImageObject\",\"inLanguage\":\"ar\",\"@id\":\"https:\/\/pepiniere-nour.com\/produit\/ninfa#primaryimage\",\"url\":\"https:\/\/pepiniere-nour.com\/wp-content\/uploads\/2024\/03\/Plants-dabricotiers-3.jpg\",\"contentUrl\":\"https:\/\/pepiniere-nour.com\/wp-content\/uploads\/2024\/03\/Plants-dabricotiers-3.jpg\",\"width\":570,\"height\":321,\"caption\":\"Plants d'abricotiers Ninfa\"},{\"@type\":\"BreadcrumbList\",\"@id\":\"https:\/\/pepiniere-nour.com\/produit\/ninfa#breadcrumb\",\"itemListElement\":[{\"@type\":\"ListItem\",\"position\":1,\"name\":\"Accueil\",\"item\":\"https:\/\/pepiniere-nour.com\/\"},{\"@type\":\"ListItem\",\"position\":2,\"name\":\"Boutique\",\"item\":\"https:\/\/pepiniere-nour.com\/boutique\"},{\"@type\":\"ListItem\",\"position\":3,\"name\":\"Ninfa\"}]},{\"@type\":\"WebSite\",\"@id\":\"https:\/\/pepiniere-nour.com\/#website\",\"url\":\"https:\/\/pepiniere-nour.com\/\",\"name\":\"P\u00c9PINIERE NOUR DU CENTRE\",\"description\":\"P\u00c9PINIERE NOUR DU CENTRE\",\"publisher\":{\"@id\":\"https:\/\/pepiniere-nour.com\/#organization\"},\"potentialAction\":[{\"@type\":\"SearchAction\",\"target\":{\"@type\":\"EntryPoint\",\"urlTemplate\":\"https:\/\/pepiniere-nour.com\/?s={search_term_string}\"},\"query-input\":{\"@type\":\"PropertyValueSpecification\",\"valueRequired\":true,\"valueName\":\"search_term_string\"}}],\"inLanguage\":\"ar\"},{\"@type\":\"Organization\",\"@id\":\"https:\/\/pepiniere-nour.com\/#organization\",\"name\":\"P\u00c9PINIERE NOUR DU CENTRE\",\"url\":\"https:\/\/pepiniere-nour.com\/\",\"logo\":{\"@type\":\"ImageObject\",\"inLanguage\":\"ar\",\"@id\":\"https:\/\/pepiniere-nour.com\/#\/schema\/logo\/image\/\",\"url\":\"https:\/\/pepiniere-nour.com\/wp-content\/uploads\/2024\/03\/Remove-bg.ai_1709804773648.png\",\"contentUrl\":\"https:\/\/pepiniere-nour.com\/wp-content\/uploads\/2024\/03\/Remove-bg.ai_1709804773648.png\",\"width\":1199,\"height\":1199,\"caption\":\"P\u00c9PINIERE NOUR DU CENTRE\"},\"image\":{\"@id\":\"https:\/\/pepiniere-nour.com\/#\/schema\/logo\/image\/\"}}]}<\/script>\n<!-- \/ Yoast SEO plugin. -->","yoast_head_json":{"title":"Ninfa - P\u00c9PINIERE NOUR DU CENTRE","robots":{"index":"index","follow":"follow","max-snippet":"max-snippet:-1","max-image-preview":"max-image-preview:large","max-video-preview":"max-video-preview:-1"},"canonical":"https:\/\/pepiniere-nour.com\/ar\/product\/ninfa\/","og_locale":"ar_AR","og_type":"article","og_title":"Ninfa - P\u00c9PINIERE NOUR DU CENTRE","og_description":"Caract\u00e9ristiques  La vari\u00e9t\u00e9 Ninfa se distingue par son auto-compatibilit\u00e9, garantissant une production constante et fiable. Cette caract\u00e9ristique la rend particuli\u00e8rement attrayante pour les cultivateurs cherchant une r\u00e9gularit\u00e9 dans leurs r\u00e9coltes.  Les fruits de Ninfa sont de calibre moyen. Leur chair, bien que moyennement consistante, pr\u00e9sente une texture agr\u00e9able en bouche.  Pr\u00e9cocit\u00e9 et Int\u00e9r\u00eat Cultivatif  Ce qui rend Ninfa encore plus attrayante, c'est sa pr\u00e9cocit\u00e9. En m\u00fbrissant t\u00f4t, elle offre aux cultivateurs la possibilit\u00e9 de commencer leur saison de r\u00e9colte plus t\u00f4t, ce qui peut avoir un impact significatif sur la rentabilit\u00e9 de leur exploitation. En combinant des qualit\u00e9s de productivit\u00e9, de taille de fruit et de pr\u00e9cocit\u00e9, Ninfa est une vari\u00e9t\u00e9 qui m\u00e9rite une place de choix dans les vergers.","og_url":"https:\/\/pepiniere-nour.com\/ar\/product\/ninfa\/","og_site_name":"P\u00c9PINIERE NOUR DU CENTRE","article_modified_time":"2024-05-21T12:04:16+00:00","og_image":[{"width":570,"height":321,"url":"https:\/\/pepiniere-nour.com\/wp-content\/uploads\/2024\/03\/Plants-dabricotiers-3.jpg","type":"image\/jpeg"}],"twitter_card":"summary_large_image","twitter_misc":{"\u0648\u0642\u062a \u0627\u0644\u0642\u0631\u0627\u0621\u0629 \u0627\u0644\u0645\u064f\u0642\u062f\u0651\u0631":"\u062f\u0642\u064a\u0642\u0629 \u0648\u0627\u062d\u062f\u0629"},"schema":{"@context":"https:\/\/schema.org","@graph":[{"@type":"WebPage","@id":"https:\/\/pepiniere-nour.com\/produit\/ninfa","url":"https:\/\/pepiniere-nour.com\/produit\/ninfa","name":"Ninfa - P\u00c9PINIERE NOUR DU CENTRE","isPartOf":{"@id":"https:\/\/pepiniere-nour.com\/#website"},"primaryImageOfPage":{"@id":"https:\/\/pepiniere-nour.com\/produit\/ninfa#primaryimage"},"image":{"@id":"https:\/\/pepiniere-nour.com\/produit\/ninfa#primaryimage"},"thumbnailUrl":"https:\/\/pepiniere-nour.com\/wp-content\/uploads\/2024\/03\/Plants-dabricotiers-3.jpg","datePublished":"2024-03-20T22:57:49+00:00","dateModified":"2024-05-21T12:04:16+00:00","breadcrumb":{"@id":"https:\/\/pepiniere-nour.com\/produit\/ninfa#breadcrumb"},"inLanguage":"ar","potentialAction":[{"@type":"ReadAction","target":["https:\/\/pepiniere-nour.com\/produit\/ninfa"]}]},{"@type":"ImageObject","inLanguage":"ar","@id":"https:\/\/pepiniere-nour.com\/produit\/ninfa#primaryimage","url":"https:\/\/pepiniere-nour.com\/wp-content\/uploads\/2024\/03\/Plants-dabricotiers-3.jpg","contentUrl":"https:\/\/pepiniere-nour.com\/wp-content\/uploads\/2024\/03\/Plants-dabricotiers-3.jpg","width":570,"height":321,"caption":"Plants d'abricotiers Ninfa"},{"@type":"BreadcrumbList","@id":"https:\/\/pepiniere-nour.com\/produit\/ninfa#breadcrumb","itemListElement":[{"@type":"ListItem","position":1,"name":"Accueil","item":"https:\/\/pepiniere-nour.com\/"},{"@type":"ListItem","position":2,"name":"Boutique","item":"https:\/\/pepiniere-nour.com\/boutique"},{"@type":"ListItem","position":3,"name":"Ninfa"}]},{"@type":"WebSite","@id":"https:\/\/pepiniere-nour.com\/#website","url":"https:\/\/pepiniere-nour.com\/","name":"P\u00c9PINIERE NOUR DU CENTRE","description":"P\u00c9PINIERE NOUR DU CENTRE","publisher":{"@id":"https:\/\/pepiniere-nour.com\/#organization"},"potentialAction":[{"@type":"SearchAction","target":{"@type":"EntryPoint","urlTemplate":"https:\/\/pepiniere-nour.com\/?s={search_term_string}"},"query-input":{"@type":"PropertyValueSpecification","valueRequired":true,"valueName":"search_term_string"}}],"inLanguage":"ar"},{"@type":"Organization","@id":"https:\/\/pepiniere-nour.com\/#organization","name":"P\u00c9PINIERE NOUR DU CENTRE","url":"https:\/\/pepiniere-nour.com\/","logo":{"@type":"ImageObject","inLanguage":"ar","@id":"https:\/\/pepiniere-nour.com\/#\/schema\/logo\/image\/","url":"https:\/\/pepiniere-nour.com\/wp-content\/uploads\/2024\/03\/Remove-bg.ai_1709804773648.png","contentUrl":"https:\/\/pepiniere-nour.com\/wp-content\/uploads\/2024\/03\/Remove-bg.ai_1709804773648.png","width":1199,"height":1199,"caption":"P\u00c9PINIERE NOUR DU CENTRE"},"image":{"@id":"https:\/\/pepiniere-nour.com\/#\/schema\/logo\/image\/"}}]}},"_links":{"self":[{"href":"https:\/\/pepiniere-nour.com\/ar\/wp-json\/wp\/v2\/product\/994","targetHints":{"allow":["GET"]}}],"collection":[{"href":"https:\/\/pepiniere-nour.com\/ar\/wp-json\/wp\/v2\/product"}],"about":[{"href":"https:\/\/pepiniere-nour.com\/ar\/wp-json\/wp\/v2\/types\/product"}],"wp:featuredmedia":[{"embeddable":true,"href":"https:\/\/pepiniere-nour.com\/ar\/wp-json\/wp\/v2\/media\/2663"}],"wp:attachment":[{"href":"https:\/\/pepiniere-nour.com\/ar\/wp-json\/wp\/v2\/media?parent=994"}],"wp:term":[{"taxonomy":"product_brand","embeddable":true,"href":"https:\/\/pepiniere-nour.com\/ar\/wp-json\/wp\/v2\/product_brand?post=994"},{"taxonomy":"product_cat","embeddable":true,"href":"https:\/\/pepiniere-nour.com\/ar\/wp-json\/wp\/v2\/product_cat?post=994"},{"taxonomy":"product_tag","embeddable":true,"href":"https:\/\/pepiniere-nour.com\/ar\/wp-json\/wp\/v2\/product_tag?post=994"}],"curies":[{"name":"wp","href":"https:\/\/api.w.org\/{rel}","templated":true}]}}