{"id":991,"date":"2024-03-20T22:57:17","date_gmt":"2024-03-20T22:57:17","guid":{"rendered":"https:\/\/pepiniere-nour.com\/?post_type=product&#038;p=991"},"modified":"2024-05-21T11:24:30","modified_gmt":"2024-05-21T11:24:30","slug":"chechi-khit-el-oued","status":"publish","type":"product","link":"https:\/\/pepiniere-nour.com\/ar\/product\/chechi-khit-el-oued","title":{"rendered":"\u0634\u0627\u0634\u064a \u062e\u064a\u0637 \u0627\u0644\u0648\u0627\u062f"},"content":{"rendered":"","protected":false},"excerpt":{"rendered":"<p><strong>Caract\u00e9ristiques de l&rsquo;Arbre<\/strong><\/p>\n<p>Le Chechi Khit el Oued est port\u00e9 par un arbre vigoureux, r\u00e9sistant aux rigueurs de l&rsquo;hiver et g\u00e9n\u00e9reusement fertile, assurant une production r\u00e9guli\u00e8re.<\/p>\n<p><strong>\u0645\u0638\u0647\u0631 \u0627\u0644\u0641\u0627\u0643\u0647\u0629 \u0648 \u0646\u0643\u0647\u062a\u0647\u0627<\/strong><\/p>\n<p>\u062a\u062a\u0645\u064a\u0632 \u062b\u0645\u0627\u0631 \u0627\u0644\u0645\u0634\u0645\u0634 \u0645\u0646 \u0647\u0630\u0627 \u0627\u0644\u0635\u0646\u0641 \u0628\u0644\u0648\u0646\u0647\u0627 \u0627\u0644\u0623\u0635\u0641\u0631 \u0627\u0644\u0634\u0627\u062d\u0628 \u0627\u0644\u0645\u0627\u0626\u0644 \u0625\u0644\u0649 \n\n  \u0627\u0644\u0623\u0628\u064a\u0636 \u0627\u0644\u0645\u0646\u0642\u0637 \u0628\u0646\u0642\u0627\u0637 \u062d\u0645\u0631\u0627\u0621 \u0645\u0627 \u064a\u0647\u0628\u0647\u0627 \u0645\u0638\u0647\u0631\u0627 \u0631\u0642\u064a\u0642\u0627 \u0644\u0643\u0646 \u062d\u062c\u0645\u0647\u0627 \u0627\u0644\u0635\u063a\u064a\u0631 \u0644\u062d\u0645\u0647\u0627 \u0627\u0644\u0623\u0635\u0641\u0631\u0627\u0644\u0647\u0634 \u0644\u0644\u063a\u0627\u064a\u0629 \u064a\u062d\u062f \u0645\u0646 \u062c\u0627\u0630\u0628\u064a\u062a\u0647\u0627 \u0627\u0644\u062a\u062c\u0627\u0631\u064a\u0629 \u0648 \u0639\u0644\u0649 \u0627\u0644\u0631\u063a\u0645 \u0645\u0646 \u0630\u0644\u0643 \u0641\u0625\u0646 \u0645\u0630\u0627\u0642\u0647\u0627 \u0641\u0631\u064a\u062f \u064a\u062a\u0645\u064a\u0632 \u0628\u0627\u0644\u0623\u0635\u0627\u0644\u0629\u0625\u0630 \u064a\u0630\u0643\u0631\u0646\u0627 \u0628\u0627\u0644\u062a\u0642\u0627\u0644\u064a\u062f \u0627\u0644\u0632\u0631\u0627\u0639\u064a\u0629 \u0627\u0644\u0642\u062f\u064a\u0645\u0629<\/p>\n<p><strong>\u0627\u0644\u0623\u0635\u0644 \u0648\u0627\u0644\u062a\u0631\u0627\u062b<\/strong><\/p>\n<p>D&rsquo;origine espagnole, cette vari\u00e9t\u00e9 a \u00e9t\u00e9 introduite en Tunisie lors de l&rsquo;immigration andalouse au 15\u00e8me si\u00e8cle. Son noyau petit, adh\u00e9rant \u00e0 la chair, renferme une amande au go\u00fbt amer, caract\u00e9ristique de cette vari\u00e9t\u00e9 ancestrale. Le Chechi Khit el Oued demeure un tr\u00e9sor du patrimoine agricole, porteur d&rsquo;histoire et de saveurs uniques.<\/p>","protected":false},"featured_media":2668,"template":"","meta":{"_acf_changed":false},"product_brand":[],"product_cat":[51],"product_tag":[24,35,25,26,27],"class_list":{"0":"post-991","1":"product","2":"type-product","3":"status-publish","4":"has-post-thumbnail","6":"product_cat-plants-dabricotiers","7":"product_tag-equipment","8":"product_tag-etranger","9":"product_tag-garden","10":"product_tag-plants","11":"product_tag-tools","13":"first","14":"instock","15":"shipping-taxable","16":"purchasable","17":"product-type-simple"},"acf":[],"yoast_head":"<!-- This site is optimized with the Yoast SEO plugin v25.5 - https:\/\/yoast.com\/wordpress\/plugins\/seo\/ -->\n<title>Chechi Khit el Oued - P\u00c9PINIERE NOUR DU CENTRE<\/title>\n<meta name=\"robots\" content=\"index, follow, max-snippet:-1, max-image-preview:large, max-video-preview:-1\" \/>\n<link rel=\"canonical\" href=\"https:\/\/pepiniere-nour.com\/ar\/product\/chechi-khit-el-oued\/\" \/>\n<meta property=\"og:locale\" content=\"ar_AR\" \/>\n<meta property=\"og:type\" content=\"article\" \/>\n<meta property=\"og:title\" content=\"Chechi Khit el Oued - P\u00c9PINIERE NOUR DU CENTRE\" \/>\n<meta property=\"og:description\" content=\"Caract\u00e9ristiques de l&#039;Arbre  Le Chechi Khit el Oued est port\u00e9 par un arbre vigoureux, r\u00e9sistant aux rigueurs de l&#039;hiver et g\u00e9n\u00e9reusement fertile, assurant une production r\u00e9guli\u00e8re.  Aspect et Saveur du Fruit  Les fruits du Chechi Khit el Oued se distinguent par leur couleur jaune p\u00e2le, presque blancs, ponctu\u00e9s de points rouges, leur conf\u00e9rant une allure d\u00e9licate. Malheureusement, leur petit calibre et leur chair jaune, extr\u00eamement fragile, les rendent peu attrayants sur le plan commercial.  Origine et H\u00e9ritage  D&#039;origine espagnole, cette vari\u00e9t\u00e9 a \u00e9t\u00e9 introduite en Tunisie lors de l&#039;immigration andalouse au 15\u00e8me si\u00e8cle. Son noyau petit, adh\u00e9rant \u00e0 la chair, renferme une amande au go\u00fbt amer, caract\u00e9ristique de cette vari\u00e9t\u00e9 ancestrale. Le Chechi Khit el Oued demeure un tr\u00e9sor du patrimoine agricole, porteur d&#039;histoire et de saveurs uniques.\" \/>\n<meta property=\"og:url\" content=\"https:\/\/pepiniere-nour.com\/ar\/product\/chechi-khit-el-oued\/\" \/>\n<meta property=\"og:site_name\" content=\"P\u00c9PINIERE NOUR DU CENTRE\" \/>\n<meta property=\"article:modified_time\" content=\"2024-05-21T11:24:30+00:00\" \/>\n<meta property=\"og:image\" content=\"https:\/\/pepiniere-nour.com\/wp-content\/uploads\/2024\/03\/Plants-dabricotiers-Chechi-Khit-el-Oued.jpg\" \/>\n\t<meta property=\"og:image:width\" content=\"570\" \/>\n\t<meta property=\"og:image:height\" content=\"380\" \/>\n\t<meta property=\"og:image:type\" content=\"image\/jpeg\" \/>\n<meta name=\"twitter:card\" content=\"summary_large_image\" \/>\n<meta name=\"twitter:label1\" content=\"\u0648\u0642\u062a \u0627\u0644\u0642\u0631\u0627\u0621\u0629 \u0627\u0644\u0645\u064f\u0642\u062f\u0651\u0631\" \/>\n\t<meta name=\"twitter:data1\" content=\"\u062f\u0642\u064a\u0642\u0629 \u0648\u0627\u062d\u062f\u0629\" \/>\n<script type=\"application\/ld+json\" class=\"yoast-schema-graph\">{\"@context\":\"https:\/\/schema.org\",\"@graph\":[{\"@type\":\"WebPage\",\"@id\":\"https:\/\/pepiniere-nour.com\/produit\/chechi-khit-el-oued\",\"url\":\"https:\/\/pepiniere-nour.com\/produit\/chechi-khit-el-oued\",\"name\":\"Chechi Khit el Oued - P\u00c9PINIERE NOUR DU CENTRE\",\"isPartOf\":{\"@id\":\"https:\/\/pepiniere-nour.com\/#website\"},\"primaryImageOfPage\":{\"@id\":\"https:\/\/pepiniere-nour.com\/produit\/chechi-khit-el-oued#primaryimage\"},\"image\":{\"@id\":\"https:\/\/pepiniere-nour.com\/produit\/chechi-khit-el-oued#primaryimage\"},\"thumbnailUrl\":\"https:\/\/pepiniere-nour.com\/wp-content\/uploads\/2024\/03\/Plants-dabricotiers-Chechi-Khit-el-Oued.jpg\",\"datePublished\":\"2024-03-20T22:57:17+00:00\",\"dateModified\":\"2024-05-21T11:24:30+00:00\",\"breadcrumb\":{\"@id\":\"https:\/\/pepiniere-nour.com\/produit\/chechi-khit-el-oued#breadcrumb\"},\"inLanguage\":\"ar\",\"potentialAction\":[{\"@type\":\"ReadAction\",\"target\":[\"https:\/\/pepiniere-nour.com\/produit\/chechi-khit-el-oued\"]}]},{\"@type\":\"ImageObject\",\"inLanguage\":\"ar\",\"@id\":\"https:\/\/pepiniere-nour.com\/produit\/chechi-khit-el-oued#primaryimage\",\"url\":\"https:\/\/pepiniere-nour.com\/wp-content\/uploads\/2024\/03\/Plants-dabricotiers-Chechi-Khit-el-Oued.jpg\",\"contentUrl\":\"https:\/\/pepiniere-nour.com\/wp-content\/uploads\/2024\/03\/Plants-dabricotiers-Chechi-Khit-el-Oued.jpg\",\"width\":570,\"height\":380,\"caption\":\"Plants d'abricotiers Chechi Khit el Oued\"},{\"@type\":\"BreadcrumbList\",\"@id\":\"https:\/\/pepiniere-nour.com\/produit\/chechi-khit-el-oued#breadcrumb\",\"itemListElement\":[{\"@type\":\"ListItem\",\"position\":1,\"name\":\"Accueil\",\"item\":\"https:\/\/pepiniere-nour.com\/\"},{\"@type\":\"ListItem\",\"position\":2,\"name\":\"Boutique\",\"item\":\"https:\/\/pepiniere-nour.com\/boutique\"},{\"@type\":\"ListItem\",\"position\":3,\"name\":\"Chechi Khit el Oued\"}]},{\"@type\":\"WebSite\",\"@id\":\"https:\/\/pepiniere-nour.com\/#website\",\"url\":\"https:\/\/pepiniere-nour.com\/\",\"name\":\"P\u00c9PINIERE NOUR DU CENTRE\",\"description\":\"P\u00c9PINIERE NOUR DU CENTRE\",\"publisher\":{\"@id\":\"https:\/\/pepiniere-nour.com\/#organization\"},\"potentialAction\":[{\"@type\":\"SearchAction\",\"target\":{\"@type\":\"EntryPoint\",\"urlTemplate\":\"https:\/\/pepiniere-nour.com\/?s={search_term_string}\"},\"query-input\":{\"@type\":\"PropertyValueSpecification\",\"valueRequired\":true,\"valueName\":\"search_term_string\"}}],\"inLanguage\":\"ar\"},{\"@type\":\"Organization\",\"@id\":\"https:\/\/pepiniere-nour.com\/#organization\",\"name\":\"P\u00c9PINIERE NOUR DU CENTRE\",\"url\":\"https:\/\/pepiniere-nour.com\/\",\"logo\":{\"@type\":\"ImageObject\",\"inLanguage\":\"ar\",\"@id\":\"https:\/\/pepiniere-nour.com\/#\/schema\/logo\/image\/\",\"url\":\"https:\/\/pepiniere-nour.com\/wp-content\/uploads\/2024\/03\/Remove-bg.ai_1709804773648.png\",\"contentUrl\":\"https:\/\/pepiniere-nour.com\/wp-content\/uploads\/2024\/03\/Remove-bg.ai_1709804773648.png\",\"width\":1199,\"height\":1199,\"caption\":\"P\u00c9PINIERE NOUR DU CENTRE\"},\"image\":{\"@id\":\"https:\/\/pepiniere-nour.com\/#\/schema\/logo\/image\/\"}}]}<\/script>\n<!-- \/ Yoast SEO plugin. -->","yoast_head_json":{"title":"Chechi Khit el Oued - P\u00c9PINIERE NOUR DU CENTRE","robots":{"index":"index","follow":"follow","max-snippet":"max-snippet:-1","max-image-preview":"max-image-preview:large","max-video-preview":"max-video-preview:-1"},"canonical":"https:\/\/pepiniere-nour.com\/ar\/product\/chechi-khit-el-oued\/","og_locale":"ar_AR","og_type":"article","og_title":"Chechi Khit el Oued - P\u00c9PINIERE NOUR DU CENTRE","og_description":"Caract\u00e9ristiques de l'Arbre  Le Chechi Khit el Oued est port\u00e9 par un arbre vigoureux, r\u00e9sistant aux rigueurs de l'hiver et g\u00e9n\u00e9reusement fertile, assurant une production r\u00e9guli\u00e8re.  Aspect et Saveur du Fruit  Les fruits du Chechi Khit el Oued se distinguent par leur couleur jaune p\u00e2le, presque blancs, ponctu\u00e9s de points rouges, leur conf\u00e9rant une allure d\u00e9licate. Malheureusement, leur petit calibre et leur chair jaune, extr\u00eamement fragile, les rendent peu attrayants sur le plan commercial.  Origine et H\u00e9ritage  D'origine espagnole, cette vari\u00e9t\u00e9 a \u00e9t\u00e9 introduite en Tunisie lors de l'immigration andalouse au 15\u00e8me si\u00e8cle. Son noyau petit, adh\u00e9rant \u00e0 la chair, renferme une amande au go\u00fbt amer, caract\u00e9ristique de cette vari\u00e9t\u00e9 ancestrale. Le Chechi Khit el Oued demeure un tr\u00e9sor du patrimoine agricole, porteur d'histoire et de saveurs uniques.","og_url":"https:\/\/pepiniere-nour.com\/ar\/product\/chechi-khit-el-oued\/","og_site_name":"P\u00c9PINIERE NOUR DU CENTRE","article_modified_time":"2024-05-21T11:24:30+00:00","og_image":[{"width":570,"height":380,"url":"https:\/\/pepiniere-nour.com\/wp-content\/uploads\/2024\/03\/Plants-dabricotiers-Chechi-Khit-el-Oued.jpg","type":"image\/jpeg"}],"twitter_card":"summary_large_image","twitter_misc":{"\u0648\u0642\u062a \u0627\u0644\u0642\u0631\u0627\u0621\u0629 \u0627\u0644\u0645\u064f\u0642\u062f\u0651\u0631":"\u062f\u0642\u064a\u0642\u0629 \u0648\u0627\u062d\u062f\u0629"},"schema":{"@context":"https:\/\/schema.org","@graph":[{"@type":"WebPage","@id":"https:\/\/pepiniere-nour.com\/produit\/chechi-khit-el-oued","url":"https:\/\/pepiniere-nour.com\/produit\/chechi-khit-el-oued","name":"Chechi Khit el Oued - P\u00c9PINIERE NOUR DU CENTRE","isPartOf":{"@id":"https:\/\/pepiniere-nour.com\/#website"},"primaryImageOfPage":{"@id":"https:\/\/pepiniere-nour.com\/produit\/chechi-khit-el-oued#primaryimage"},"image":{"@id":"https:\/\/pepiniere-nour.com\/produit\/chechi-khit-el-oued#primaryimage"},"thumbnailUrl":"https:\/\/pepiniere-nour.com\/wp-content\/uploads\/2024\/03\/Plants-dabricotiers-Chechi-Khit-el-Oued.jpg","datePublished":"2024-03-20T22:57:17+00:00","dateModified":"2024-05-21T11:24:30+00:00","breadcrumb":{"@id":"https:\/\/pepiniere-nour.com\/produit\/chechi-khit-el-oued#breadcrumb"},"inLanguage":"ar","potentialAction":[{"@type":"ReadAction","target":["https:\/\/pepiniere-nour.com\/produit\/chechi-khit-el-oued"]}]},{"@type":"ImageObject","inLanguage":"ar","@id":"https:\/\/pepiniere-nour.com\/produit\/chechi-khit-el-oued#primaryimage","url":"https:\/\/pepiniere-nour.com\/wp-content\/uploads\/2024\/03\/Plants-dabricotiers-Chechi-Khit-el-Oued.jpg","contentUrl":"https:\/\/pepiniere-nour.com\/wp-content\/uploads\/2024\/03\/Plants-dabricotiers-Chechi-Khit-el-Oued.jpg","width":570,"height":380,"caption":"Plants d'abricotiers Chechi Khit el Oued"},{"@type":"BreadcrumbList","@id":"https:\/\/pepiniere-nour.com\/produit\/chechi-khit-el-oued#breadcrumb","itemListElement":[{"@type":"ListItem","position":1,"name":"Accueil","item":"https:\/\/pepiniere-nour.com\/"},{"@type":"ListItem","position":2,"name":"Boutique","item":"https:\/\/pepiniere-nour.com\/boutique"},{"@type":"ListItem","position":3,"name":"Chechi Khit el Oued"}]},{"@type":"WebSite","@id":"https:\/\/pepiniere-nour.com\/#website","url":"https:\/\/pepiniere-nour.com\/","name":"P\u00c9PINIERE NOUR DU CENTRE","description":"P\u00c9PINIERE NOUR DU CENTRE","publisher":{"@id":"https:\/\/pepiniere-nour.com\/#organization"},"potentialAction":[{"@type":"SearchAction","target":{"@type":"EntryPoint","urlTemplate":"https:\/\/pepiniere-nour.com\/?s={search_term_string}"},"query-input":{"@type":"PropertyValueSpecification","valueRequired":true,"valueName":"search_term_string"}}],"inLanguage":"ar"},{"@type":"Organization","@id":"https:\/\/pepiniere-nour.com\/#organization","name":"P\u00c9PINIERE NOUR DU CENTRE","url":"https:\/\/pepiniere-nour.com\/","logo":{"@type":"ImageObject","inLanguage":"ar","@id":"https:\/\/pepiniere-nour.com\/#\/schema\/logo\/image\/","url":"https:\/\/pepiniere-nour.com\/wp-content\/uploads\/2024\/03\/Remove-bg.ai_1709804773648.png","contentUrl":"https:\/\/pepiniere-nour.com\/wp-content\/uploads\/2024\/03\/Remove-bg.ai_1709804773648.png","width":1199,"height":1199,"caption":"P\u00c9PINIERE NOUR DU CENTRE"},"image":{"@id":"https:\/\/pepiniere-nour.com\/#\/schema\/logo\/image\/"}}]}},"_links":{"self":[{"href":"https:\/\/pepiniere-nour.com\/ar\/wp-json\/wp\/v2\/product\/991","targetHints":{"allow":["GET"]}}],"collection":[{"href":"https:\/\/pepiniere-nour.com\/ar\/wp-json\/wp\/v2\/product"}],"about":[{"href":"https:\/\/pepiniere-nour.com\/ar\/wp-json\/wp\/v2\/types\/product"}],"wp:featuredmedia":[{"embeddable":true,"href":"https:\/\/pepiniere-nour.com\/ar\/wp-json\/wp\/v2\/media\/2668"}],"wp:attachment":[{"href":"https:\/\/pepiniere-nour.com\/ar\/wp-json\/wp\/v2\/media?parent=991"}],"wp:term":[{"taxonomy":"product_brand","embeddable":true,"href":"https:\/\/pepiniere-nour.com\/ar\/wp-json\/wp\/v2\/product_brand?post=991"},{"taxonomy":"product_cat","embeddable":true,"href":"https:\/\/pepiniere-nour.com\/ar\/wp-json\/wp\/v2\/product_cat?post=991"},{"taxonomy":"product_tag","embeddable":true,"href":"https:\/\/pepiniere-nour.com\/ar\/wp-json\/wp\/v2\/product_tag?post=991"}],"curies":[{"name":"wp","href":"https:\/\/api.w.org\/{rel}","templated":true}]}}