{"id":990,"date":"2024-03-20T22:57:08","date_gmt":"2024-03-20T22:57:08","guid":{"rendered":"https:\/\/pepiniere-nour.com\/?post_type=product&#038;p=990"},"modified":"2024-05-21T11:24:40","modified_gmt":"2024-05-21T11:24:40","slug":"peche-plate","status":"publish","type":"product","link":"https:\/\/pepiniere-nour.com\/ar\/product\/peche-plate","title":{"rendered":"\u0641\u0644\u0627\u062a \u0628\u0631\u064a\u062a\u064a"},"content":{"rendered":"","protected":false},"excerpt":{"rendered":"<p><strong>\u0642\u0648\u064a\u0629 \u0648\u0644\u0630\u064a\u0630\u0629<\/strong><\/p>\n<p>\u064a\u062a\u0645\u064a\u0632 \u0627\u0644\u062e\u0648\u062e \u0627\u0644\u0645\u0633\u0637\u062d \u0628\u0637\u0628\u064a\u0639\u062a\u0647 \u0627\u0644\u0645\u062a\u0648\u0633\u0637\u0629 \u0627\u0644\u0646\u0645\u0648 \u0648\u0642\u0648\u062a\u0647 \u0627\u0644\u0639\u0627\u0644\u064a\u0629\u060c \u0645\u0645\u0627 \u064a\u062f\u0644 \u0639\u0644\u0649 \u0635\u0644\u0627\u0628\u062a\u0647 \u0648\u0642\u062f\u0631\u062a\u0647 \u0639\u0644\u0649 \u0627\u0644\u0646\u0645\u0648 \u0641\u064a \u0628\u064a\u0626\u0627\u062a \u0645\u062a\u0646\u0648\u0639\u0629.<\/p>\n<p><strong>\u0641\u0648\u0627\u0643\u0647 \u0627\u0633\u062a\u062b\u0646\u0627\u0626\u064a\u0629<\/strong><\/p>\n<p>Leurs fruits sont v\u00e9ritablement remarquables, atteignant une maturit\u00e9 optimale environ dix jours. Dot\u00e9es d&rsquo;un calibre variant entre A et 2A, ces p\u00eaches offrent une exp\u00e9rience gustative incomparable, avec une chair \u00e0 la fois sucr\u00e9e et l\u00e9g\u00e8rement acidul\u00e9e.<\/p>","protected":false},"featured_media":2669,"template":"","meta":{"_acf_changed":false},"product_brand":[],"product_cat":[50],"product_tag":[24,35,25,26,27],"class_list":{"0":"post-990","1":"product","2":"type-product","3":"status-publish","4":"has-post-thumbnail","6":"product_cat-plants-de-pechers","7":"product_tag-equipment","8":"product_tag-etranger","9":"product_tag-garden","10":"product_tag-plants","11":"product_tag-tools","13":"first","14":"instock","15":"shipping-taxable","16":"purchasable","17":"product-type-simple"},"acf":[],"yoast_head":"<!-- This site is optimized with the Yoast SEO plugin v25.5 - https:\/\/yoast.com\/wordpress\/plugins\/seo\/ -->\n<title>P\u00eache plate - P\u00c9PINIERE NOUR DU CENTRE<\/title>\n<meta name=\"robots\" content=\"index, follow, max-snippet:-1, max-image-preview:large, max-video-preview:-1\" \/>\n<link rel=\"canonical\" href=\"https:\/\/pepiniere-nour.com\/ar\/product\/peche-plate\/\" \/>\n<meta property=\"og:locale\" content=\"ar_AR\" \/>\n<meta property=\"og:type\" content=\"article\" \/>\n<meta property=\"og:title\" content=\"P\u00eache plate - P\u00c9PINIERE NOUR DU CENTRE\" \/>\n<meta property=\"og:description\" content=\"Robustes et D\u00e9licieuses  Les p\u00eaches plates se distinguent par leur port interm\u00e9diaire et leur vigueur forte, qui t\u00e9moignent de leur robustesse et de leur capacit\u00e9 \u00e0 prosp\u00e9rer dans divers environnements.  Des Fruits Exceptionnels  Leurs fruits sont v\u00e9ritablement remarquables, atteignant une maturit\u00e9 optimale environ dix jours. Dot\u00e9es d&#039;un calibre variant entre A et 2A, ces p\u00eaches offrent une exp\u00e9rience gustative incomparable, avec une chair \u00e0 la fois sucr\u00e9e et l\u00e9g\u00e8rement acidul\u00e9e.\" \/>\n<meta property=\"og:url\" content=\"https:\/\/pepiniere-nour.com\/ar\/product\/peche-plate\/\" \/>\n<meta property=\"og:site_name\" content=\"P\u00c9PINIERE NOUR DU CENTRE\" \/>\n<meta property=\"article:modified_time\" content=\"2024-05-21T11:24:40+00:00\" \/>\n<meta property=\"og:image\" content=\"https:\/\/pepiniere-nour.com\/wp-content\/uploads\/2024\/03\/Pecher-en-fleurs-sur-fond-de-ciel-bleu.jpg\" \/>\n\t<meta property=\"og:image:width\" content=\"570\" \/>\n\t<meta property=\"og:image:height\" content=\"380\" \/>\n\t<meta property=\"og:image:type\" content=\"image\/jpeg\" \/>\n<meta name=\"twitter:card\" content=\"summary_large_image\" \/>\n<meta name=\"twitter:label1\" content=\"\u0648\u0642\u062a \u0627\u0644\u0642\u0631\u0627\u0621\u0629 \u0627\u0644\u0645\u064f\u0642\u062f\u0651\u0631\" \/>\n\t<meta name=\"twitter:data1\" content=\"\u062f\u0642\u064a\u0642\u0629 \u0648\u0627\u062d\u062f\u0629\" \/>\n<script type=\"application\/ld+json\" class=\"yoast-schema-graph\">{\"@context\":\"https:\/\/schema.org\",\"@graph\":[{\"@type\":\"WebPage\",\"@id\":\"https:\/\/pepiniere-nour.com\/produit\/peche-plate\",\"url\":\"https:\/\/pepiniere-nour.com\/produit\/peche-plate\",\"name\":\"P\u00eache plate - P\u00c9PINIERE NOUR DU CENTRE\",\"isPartOf\":{\"@id\":\"https:\/\/pepiniere-nour.com\/#website\"},\"primaryImageOfPage\":{\"@id\":\"https:\/\/pepiniere-nour.com\/produit\/peche-plate#primaryimage\"},\"image\":{\"@id\":\"https:\/\/pepiniere-nour.com\/produit\/peche-plate#primaryimage\"},\"thumbnailUrl\":\"https:\/\/pepiniere-nour.com\/wp-content\/uploads\/2024\/03\/Pecher-en-fleurs-sur-fond-de-ciel-bleu.jpg\",\"datePublished\":\"2024-03-20T22:57:08+00:00\",\"dateModified\":\"2024-05-21T11:24:40+00:00\",\"breadcrumb\":{\"@id\":\"https:\/\/pepiniere-nour.com\/produit\/peche-plate#breadcrumb\"},\"inLanguage\":\"ar\",\"potentialAction\":[{\"@type\":\"ReadAction\",\"target\":[\"https:\/\/pepiniere-nour.com\/produit\/peche-plate\"]}]},{\"@type\":\"ImageObject\",\"inLanguage\":\"ar\",\"@id\":\"https:\/\/pepiniere-nour.com\/produit\/peche-plate#primaryimage\",\"url\":\"https:\/\/pepiniere-nour.com\/wp-content\/uploads\/2024\/03\/Pecher-en-fleurs-sur-fond-de-ciel-bleu.jpg\",\"contentUrl\":\"https:\/\/pepiniere-nour.com\/wp-content\/uploads\/2024\/03\/Pecher-en-fleurs-sur-fond-de-ciel-bleu.jpg\",\"width\":570,\"height\":380,\"caption\":\"P\u00eache plate\"},{\"@type\":\"BreadcrumbList\",\"@id\":\"https:\/\/pepiniere-nour.com\/produit\/peche-plate#breadcrumb\",\"itemListElement\":[{\"@type\":\"ListItem\",\"position\":1,\"name\":\"Accueil\",\"item\":\"https:\/\/pepiniere-nour.com\/\"},{\"@type\":\"ListItem\",\"position\":2,\"name\":\"Boutique\",\"item\":\"https:\/\/pepiniere-nour.com\/boutique\"},{\"@type\":\"ListItem\",\"position\":3,\"name\":\"P\u00eache plate\"}]},{\"@type\":\"WebSite\",\"@id\":\"https:\/\/pepiniere-nour.com\/#website\",\"url\":\"https:\/\/pepiniere-nour.com\/\",\"name\":\"P\u00c9PINIERE NOUR DU CENTRE\",\"description\":\"P\u00c9PINIERE NOUR DU CENTRE\",\"publisher\":{\"@id\":\"https:\/\/pepiniere-nour.com\/#organization\"},\"potentialAction\":[{\"@type\":\"SearchAction\",\"target\":{\"@type\":\"EntryPoint\",\"urlTemplate\":\"https:\/\/pepiniere-nour.com\/?s={search_term_string}\"},\"query-input\":{\"@type\":\"PropertyValueSpecification\",\"valueRequired\":true,\"valueName\":\"search_term_string\"}}],\"inLanguage\":\"ar\"},{\"@type\":\"Organization\",\"@id\":\"https:\/\/pepiniere-nour.com\/#organization\",\"name\":\"P\u00c9PINIERE NOUR DU CENTRE\",\"url\":\"https:\/\/pepiniere-nour.com\/\",\"logo\":{\"@type\":\"ImageObject\",\"inLanguage\":\"ar\",\"@id\":\"https:\/\/pepiniere-nour.com\/#\/schema\/logo\/image\/\",\"url\":\"https:\/\/pepiniere-nour.com\/wp-content\/uploads\/2024\/03\/Remove-bg.ai_1709804773648.png\",\"contentUrl\":\"https:\/\/pepiniere-nour.com\/wp-content\/uploads\/2024\/03\/Remove-bg.ai_1709804773648.png\",\"width\":1199,\"height\":1199,\"caption\":\"P\u00c9PINIERE NOUR DU CENTRE\"},\"image\":{\"@id\":\"https:\/\/pepiniere-nour.com\/#\/schema\/logo\/image\/\"}}]}<\/script>\n<!-- \/ Yoast SEO plugin. -->","yoast_head_json":{"title":"P\u00eache plate - P\u00c9PINIERE NOUR DU CENTRE","robots":{"index":"index","follow":"follow","max-snippet":"max-snippet:-1","max-image-preview":"max-image-preview:large","max-video-preview":"max-video-preview:-1"},"canonical":"https:\/\/pepiniere-nour.com\/ar\/product\/peche-plate\/","og_locale":"ar_AR","og_type":"article","og_title":"P\u00eache plate - P\u00c9PINIERE NOUR DU CENTRE","og_description":"Robustes et D\u00e9licieuses  Les p\u00eaches plates se distinguent par leur port interm\u00e9diaire et leur vigueur forte, qui t\u00e9moignent de leur robustesse et de leur capacit\u00e9 \u00e0 prosp\u00e9rer dans divers environnements.  Des Fruits Exceptionnels  Leurs fruits sont v\u00e9ritablement remarquables, atteignant une maturit\u00e9 optimale environ dix jours. Dot\u00e9es d'un calibre variant entre A et 2A, ces p\u00eaches offrent une exp\u00e9rience gustative incomparable, avec une chair \u00e0 la fois sucr\u00e9e et l\u00e9g\u00e8rement acidul\u00e9e.","og_url":"https:\/\/pepiniere-nour.com\/ar\/product\/peche-plate\/","og_site_name":"P\u00c9PINIERE NOUR DU CENTRE","article_modified_time":"2024-05-21T11:24:40+00:00","og_image":[{"width":570,"height":380,"url":"https:\/\/pepiniere-nour.com\/wp-content\/uploads\/2024\/03\/Pecher-en-fleurs-sur-fond-de-ciel-bleu.jpg","type":"image\/jpeg"}],"twitter_card":"summary_large_image","twitter_misc":{"\u0648\u0642\u062a \u0627\u0644\u0642\u0631\u0627\u0621\u0629 \u0627\u0644\u0645\u064f\u0642\u062f\u0651\u0631":"\u062f\u0642\u064a\u0642\u0629 \u0648\u0627\u062d\u062f\u0629"},"schema":{"@context":"https:\/\/schema.org","@graph":[{"@type":"WebPage","@id":"https:\/\/pepiniere-nour.com\/produit\/peche-plate","url":"https:\/\/pepiniere-nour.com\/produit\/peche-plate","name":"P\u00eache plate - P\u00c9PINIERE NOUR DU CENTRE","isPartOf":{"@id":"https:\/\/pepiniere-nour.com\/#website"},"primaryImageOfPage":{"@id":"https:\/\/pepiniere-nour.com\/produit\/peche-plate#primaryimage"},"image":{"@id":"https:\/\/pepiniere-nour.com\/produit\/peche-plate#primaryimage"},"thumbnailUrl":"https:\/\/pepiniere-nour.com\/wp-content\/uploads\/2024\/03\/Pecher-en-fleurs-sur-fond-de-ciel-bleu.jpg","datePublished":"2024-03-20T22:57:08+00:00","dateModified":"2024-05-21T11:24:40+00:00","breadcrumb":{"@id":"https:\/\/pepiniere-nour.com\/produit\/peche-plate#breadcrumb"},"inLanguage":"ar","potentialAction":[{"@type":"ReadAction","target":["https:\/\/pepiniere-nour.com\/produit\/peche-plate"]}]},{"@type":"ImageObject","inLanguage":"ar","@id":"https:\/\/pepiniere-nour.com\/produit\/peche-plate#primaryimage","url":"https:\/\/pepiniere-nour.com\/wp-content\/uploads\/2024\/03\/Pecher-en-fleurs-sur-fond-de-ciel-bleu.jpg","contentUrl":"https:\/\/pepiniere-nour.com\/wp-content\/uploads\/2024\/03\/Pecher-en-fleurs-sur-fond-de-ciel-bleu.jpg","width":570,"height":380,"caption":"P\u00eache plate"},{"@type":"BreadcrumbList","@id":"https:\/\/pepiniere-nour.com\/produit\/peche-plate#breadcrumb","itemListElement":[{"@type":"ListItem","position":1,"name":"Accueil","item":"https:\/\/pepiniere-nour.com\/"},{"@type":"ListItem","position":2,"name":"Boutique","item":"https:\/\/pepiniere-nour.com\/boutique"},{"@type":"ListItem","position":3,"name":"P\u00eache plate"}]},{"@type":"WebSite","@id":"https:\/\/pepiniere-nour.com\/#website","url":"https:\/\/pepiniere-nour.com\/","name":"P\u00c9PINIERE NOUR DU CENTRE","description":"P\u00c9PINIERE NOUR DU CENTRE","publisher":{"@id":"https:\/\/pepiniere-nour.com\/#organization"},"potentialAction":[{"@type":"SearchAction","target":{"@type":"EntryPoint","urlTemplate":"https:\/\/pepiniere-nour.com\/?s={search_term_string}"},"query-input":{"@type":"PropertyValueSpecification","valueRequired":true,"valueName":"search_term_string"}}],"inLanguage":"ar"},{"@type":"Organization","@id":"https:\/\/pepiniere-nour.com\/#organization","name":"P\u00c9PINIERE NOUR DU CENTRE","url":"https:\/\/pepiniere-nour.com\/","logo":{"@type":"ImageObject","inLanguage":"ar","@id":"https:\/\/pepiniere-nour.com\/#\/schema\/logo\/image\/","url":"https:\/\/pepiniere-nour.com\/wp-content\/uploads\/2024\/03\/Remove-bg.ai_1709804773648.png","contentUrl":"https:\/\/pepiniere-nour.com\/wp-content\/uploads\/2024\/03\/Remove-bg.ai_1709804773648.png","width":1199,"height":1199,"caption":"P\u00c9PINIERE NOUR DU CENTRE"},"image":{"@id":"https:\/\/pepiniere-nour.com\/#\/schema\/logo\/image\/"}}]}},"_links":{"self":[{"href":"https:\/\/pepiniere-nour.com\/ar\/wp-json\/wp\/v2\/product\/990","targetHints":{"allow":["GET"]}}],"collection":[{"href":"https:\/\/pepiniere-nour.com\/ar\/wp-json\/wp\/v2\/product"}],"about":[{"href":"https:\/\/pepiniere-nour.com\/ar\/wp-json\/wp\/v2\/types\/product"}],"wp:featuredmedia":[{"embeddable":true,"href":"https:\/\/pepiniere-nour.com\/ar\/wp-json\/wp\/v2\/media\/2669"}],"wp:attachment":[{"href":"https:\/\/pepiniere-nour.com\/ar\/wp-json\/wp\/v2\/media?parent=990"}],"wp:term":[{"taxonomy":"product_brand","embeddable":true,"href":"https:\/\/pepiniere-nour.com\/ar\/wp-json\/wp\/v2\/product_brand?post=990"},{"taxonomy":"product_cat","embeddable":true,"href":"https:\/\/pepiniere-nour.com\/ar\/wp-json\/wp\/v2\/product_cat?post=990"},{"taxonomy":"product_tag","embeddable":true,"href":"https:\/\/pepiniere-nour.com\/ar\/wp-json\/wp\/v2\/product_tag?post=990"}],"curies":[{"name":"wp","href":"https:\/\/api.w.org\/{rel}","templated":true}]}}