{"id":986,"date":"2024-03-20T22:56:40","date_gmt":"2024-03-20T22:56:40","guid":{"rendered":"https:\/\/pepiniere-nour.com\/?post_type=product&#038;p=986"},"modified":"2024-05-21T11:25:47","modified_gmt":"2024-05-21T11:25:47","slug":"carnival","status":"publish","type":"product","link":"https:\/\/pepiniere-nour.com\/ar\/product\/carnival","title":{"rendered":"\u0643\u0631\u0646\u0641\u0627\u0644"},"content":{"rendered":"","protected":false},"excerpt":{"rendered":"<p><strong>\u062e\u0635\u0627\u0626\u0635 \u0627\u0644\u062e\u0648\u062e :<\/strong><\/p>\n<p>\u064a\u062a\u0645\u064a\u0632 \u0627\u0644\u0643\u0631\u0646\u0641\u0627\u0644\u060c \u0648\u0647\u0648 \u062e\u0648\u062e \u0623\u0635\u0641\u0631 \u0627\u0644\u0644\u062d\u0645\u060c \u0628\u0634\u062c\u0631\u0629 \u0642\u0648\u064a\u0629 \u0639\u0627\u0644\u064a\u0629 \u0627\u0644\u0642\u0648\u0629\u060c \u0645\u0645\u0627 \u064a\u0636\u0645\u0646 \u0646\u0645\u0648\u064b\u0627 \u0642\u0648\u064a\u064b\u0627 \u0648\u0635\u062d\u0629 \u062c\u064a\u062f\u0629. \u064a\u0634\u0647\u062f \u0627\u0644\u0634\u0643\u0644 \u0627\u0644\u062f\u0627\u0626\u0631\u064a \u0648\u0627\u0644\u0645\u0646\u062a\u0638\u0645 \u0644\u062b\u0645\u0627\u0631\u0647\u0627 \u0639\u0644\u0649 \u062a\u0637\u0648\u0631\u0647\u0627 \u0627\u0644\u0645\u062a\u0646\u0627\u063a\u0645.<\/p>\n<p><strong>\u0627\u0644\u062a\u0642\u062f\u064a\u0631 \u0627\u0644\u062d\u0633\u064a<\/strong><\/p>\n<p>Ce qui fait la renomm\u00e9e de la Carnival, c&rsquo;est surtout son go\u00fbt exceptionnel : une saveur tr\u00e8s bonne et juteuse qui \u00e9voque les plaisirs de l&rsquo;\u00e9t\u00e9. Sa chair jaune, tendre et juteuse, offre une exp\u00e9rience gustative incomparable. La qualit\u00e9 organoleptique sup\u00e9rieure de ses fruits, associ\u00e9e \u00e0 leur pr\u00e9sentation attrayante, en fait un choix incontournable pour les amateurs de p\u00eaches en qu\u00eate d&rsquo;une exp\u00e9rience gustative raffin\u00e9e.<\/p>","protected":false},"featured_media":2680,"template":"","meta":{"_acf_changed":false},"product_brand":[],"product_cat":[50],"product_tag":[24,35,25,26,27],"class_list":{"0":"post-986","1":"product","2":"type-product","3":"status-publish","4":"has-post-thumbnail","6":"product_cat-plants-de-pechers","7":"product_tag-equipment","8":"product_tag-etranger","9":"product_tag-garden","10":"product_tag-plants","11":"product_tag-tools","13":"first","14":"instock","15":"shipping-taxable","16":"purchasable","17":"product-type-simple"},"acf":[],"yoast_head":"<!-- This site is optimized with the Yoast SEO plugin v25.5 - https:\/\/yoast.com\/wordpress\/plugins\/seo\/ -->\n<title>Carnival - P\u00c9PINIERE NOUR DU CENTRE<\/title>\n<meta name=\"robots\" content=\"index, follow, max-snippet:-1, max-image-preview:large, max-video-preview:-1\" \/>\n<link rel=\"canonical\" href=\"https:\/\/pepiniere-nour.com\/ar\/product\/carnival\/\" \/>\n<meta property=\"og:locale\" content=\"ar_AR\" \/>\n<meta property=\"og:type\" content=\"article\" \/>\n<meta property=\"og:title\" content=\"Carnival - P\u00c9PINIERE NOUR DU CENTRE\" \/>\n<meta property=\"og:description\" content=\"Caract\u00e9ristiques de la P\u00eache  La Carnival, p\u00eache \u00e0 chair jaune, se distingue par son arbre \u00e0 la vigueur \u00e9lev\u00e9e, assurant une croissance robuste et une bonne sant\u00e9. La forme ronde et r\u00e9guli\u00e8re de ses fruits t\u00e9moigne de son d\u00e9veloppement harmonieux.  Appr\u00e9ciation Sensorielle  Ce qui fait la renomm\u00e9e de la Carnival, c&#039;est surtout son go\u00fbt exceptionnel : une saveur tr\u00e8s bonne et juteuse qui \u00e9voque les plaisirs de l&#039;\u00e9t\u00e9. Sa chair jaune, tendre et juteuse, offre une exp\u00e9rience gustative incomparable. La qualit\u00e9 organoleptique sup\u00e9rieure de ses fruits, associ\u00e9e \u00e0 leur pr\u00e9sentation attrayante, en fait un choix incontournable pour les amateurs de p\u00eaches en qu\u00eate d&#039;une exp\u00e9rience gustative raffin\u00e9e.\" \/>\n<meta property=\"og:url\" content=\"https:\/\/pepiniere-nour.com\/ar\/product\/carnival\/\" \/>\n<meta property=\"og:site_name\" content=\"P\u00c9PINIERE NOUR DU CENTRE\" \/>\n<meta property=\"article:modified_time\" content=\"2024-05-21T11:25:47+00:00\" \/>\n<meta property=\"og:image\" content=\"https:\/\/pepiniere-nour.com\/wp-content\/uploads\/2024\/03\/Plants-de-pecher-carnival.jpg\" \/>\n\t<meta property=\"og:image:width\" content=\"570\" \/>\n\t<meta property=\"og:image:height\" content=\"380\" \/>\n\t<meta property=\"og:image:type\" content=\"image\/jpeg\" \/>\n<meta name=\"twitter:card\" content=\"summary_large_image\" \/>\n<meta name=\"twitter:label1\" content=\"\u0648\u0642\u062a \u0627\u0644\u0642\u0631\u0627\u0621\u0629 \u0627\u0644\u0645\u064f\u0642\u062f\u0651\u0631\" \/>\n\t<meta name=\"twitter:data1\" content=\"\u062f\u0642\u064a\u0642\u0629 \u0648\u0627\u062d\u062f\u0629\" \/>\n<script type=\"application\/ld+json\" class=\"yoast-schema-graph\">{\"@context\":\"https:\/\/schema.org\",\"@graph\":[{\"@type\":\"WebPage\",\"@id\":\"https:\/\/pepiniere-nour.com\/produit\/carnival\",\"url\":\"https:\/\/pepiniere-nour.com\/produit\/carnival\",\"name\":\"Carnival - P\u00c9PINIERE NOUR DU CENTRE\",\"isPartOf\":{\"@id\":\"https:\/\/pepiniere-nour.com\/#website\"},\"primaryImageOfPage\":{\"@id\":\"https:\/\/pepiniere-nour.com\/produit\/carnival#primaryimage\"},\"image\":{\"@id\":\"https:\/\/pepiniere-nour.com\/produit\/carnival#primaryimage\"},\"thumbnailUrl\":\"https:\/\/pepiniere-nour.com\/wp-content\/uploads\/2024\/03\/Plants-de-pecher-carnival.jpg\",\"datePublished\":\"2024-03-20T22:56:40+00:00\",\"dateModified\":\"2024-05-21T11:25:47+00:00\",\"breadcrumb\":{\"@id\":\"https:\/\/pepiniere-nour.com\/produit\/carnival#breadcrumb\"},\"inLanguage\":\"ar\",\"potentialAction\":[{\"@type\":\"ReadAction\",\"target\":[\"https:\/\/pepiniere-nour.com\/produit\/carnival\"]}]},{\"@type\":\"ImageObject\",\"inLanguage\":\"ar\",\"@id\":\"https:\/\/pepiniere-nour.com\/produit\/carnival#primaryimage\",\"url\":\"https:\/\/pepiniere-nour.com\/wp-content\/uploads\/2024\/03\/Plants-de-pecher-carnival.jpg\",\"contentUrl\":\"https:\/\/pepiniere-nour.com\/wp-content\/uploads\/2024\/03\/Plants-de-pecher-carnival.jpg\",\"width\":570,\"height\":380,\"caption\":\"Plants de p\u00e8chers carnival\"},{\"@type\":\"BreadcrumbList\",\"@id\":\"https:\/\/pepiniere-nour.com\/produit\/carnival#breadcrumb\",\"itemListElement\":[{\"@type\":\"ListItem\",\"position\":1,\"name\":\"Accueil\",\"item\":\"https:\/\/pepiniere-nour.com\/\"},{\"@type\":\"ListItem\",\"position\":2,\"name\":\"Boutique\",\"item\":\"https:\/\/pepiniere-nour.com\/boutique\"},{\"@type\":\"ListItem\",\"position\":3,\"name\":\"Carnival\"}]},{\"@type\":\"WebSite\",\"@id\":\"https:\/\/pepiniere-nour.com\/#website\",\"url\":\"https:\/\/pepiniere-nour.com\/\",\"name\":\"P\u00c9PINIERE NOUR DU CENTRE\",\"description\":\"P\u00c9PINIERE NOUR DU CENTRE\",\"publisher\":{\"@id\":\"https:\/\/pepiniere-nour.com\/#organization\"},\"potentialAction\":[{\"@type\":\"SearchAction\",\"target\":{\"@type\":\"EntryPoint\",\"urlTemplate\":\"https:\/\/pepiniere-nour.com\/?s={search_term_string}\"},\"query-input\":{\"@type\":\"PropertyValueSpecification\",\"valueRequired\":true,\"valueName\":\"search_term_string\"}}],\"inLanguage\":\"ar\"},{\"@type\":\"Organization\",\"@id\":\"https:\/\/pepiniere-nour.com\/#organization\",\"name\":\"P\u00c9PINIERE NOUR DU CENTRE\",\"url\":\"https:\/\/pepiniere-nour.com\/\",\"logo\":{\"@type\":\"ImageObject\",\"inLanguage\":\"ar\",\"@id\":\"https:\/\/pepiniere-nour.com\/#\/schema\/logo\/image\/\",\"url\":\"https:\/\/pepiniere-nour.com\/wp-content\/uploads\/2024\/03\/Remove-bg.ai_1709804773648.png\",\"contentUrl\":\"https:\/\/pepiniere-nour.com\/wp-content\/uploads\/2024\/03\/Remove-bg.ai_1709804773648.png\",\"width\":1199,\"height\":1199,\"caption\":\"P\u00c9PINIERE NOUR DU CENTRE\"},\"image\":{\"@id\":\"https:\/\/pepiniere-nour.com\/#\/schema\/logo\/image\/\"}}]}<\/script>\n<!-- \/ Yoast SEO plugin. -->","yoast_head_json":{"title":"Carnival - P\u00c9PINIERE NOUR DU CENTRE","robots":{"index":"index","follow":"follow","max-snippet":"max-snippet:-1","max-image-preview":"max-image-preview:large","max-video-preview":"max-video-preview:-1"},"canonical":"https:\/\/pepiniere-nour.com\/ar\/product\/carnival\/","og_locale":"ar_AR","og_type":"article","og_title":"Carnival - P\u00c9PINIERE NOUR DU CENTRE","og_description":"Caract\u00e9ristiques de la P\u00eache  La Carnival, p\u00eache \u00e0 chair jaune, se distingue par son arbre \u00e0 la vigueur \u00e9lev\u00e9e, assurant une croissance robuste et une bonne sant\u00e9. La forme ronde et r\u00e9guli\u00e8re de ses fruits t\u00e9moigne de son d\u00e9veloppement harmonieux.  Appr\u00e9ciation Sensorielle  Ce qui fait la renomm\u00e9e de la Carnival, c'est surtout son go\u00fbt exceptionnel : une saveur tr\u00e8s bonne et juteuse qui \u00e9voque les plaisirs de l'\u00e9t\u00e9. Sa chair jaune, tendre et juteuse, offre une exp\u00e9rience gustative incomparable. La qualit\u00e9 organoleptique sup\u00e9rieure de ses fruits, associ\u00e9e \u00e0 leur pr\u00e9sentation attrayante, en fait un choix incontournable pour les amateurs de p\u00eaches en qu\u00eate d'une exp\u00e9rience gustative raffin\u00e9e.","og_url":"https:\/\/pepiniere-nour.com\/ar\/product\/carnival\/","og_site_name":"P\u00c9PINIERE NOUR DU CENTRE","article_modified_time":"2024-05-21T11:25:47+00:00","og_image":[{"width":570,"height":380,"url":"https:\/\/pepiniere-nour.com\/wp-content\/uploads\/2024\/03\/Plants-de-pecher-carnival.jpg","type":"image\/jpeg"}],"twitter_card":"summary_large_image","twitter_misc":{"\u0648\u0642\u062a \u0627\u0644\u0642\u0631\u0627\u0621\u0629 \u0627\u0644\u0645\u064f\u0642\u062f\u0651\u0631":"\u062f\u0642\u064a\u0642\u0629 \u0648\u0627\u062d\u062f\u0629"},"schema":{"@context":"https:\/\/schema.org","@graph":[{"@type":"WebPage","@id":"https:\/\/pepiniere-nour.com\/produit\/carnival","url":"https:\/\/pepiniere-nour.com\/produit\/carnival","name":"Carnival - P\u00c9PINIERE NOUR DU CENTRE","isPartOf":{"@id":"https:\/\/pepiniere-nour.com\/#website"},"primaryImageOfPage":{"@id":"https:\/\/pepiniere-nour.com\/produit\/carnival#primaryimage"},"image":{"@id":"https:\/\/pepiniere-nour.com\/produit\/carnival#primaryimage"},"thumbnailUrl":"https:\/\/pepiniere-nour.com\/wp-content\/uploads\/2024\/03\/Plants-de-pecher-carnival.jpg","datePublished":"2024-03-20T22:56:40+00:00","dateModified":"2024-05-21T11:25:47+00:00","breadcrumb":{"@id":"https:\/\/pepiniere-nour.com\/produit\/carnival#breadcrumb"},"inLanguage":"ar","potentialAction":[{"@type":"ReadAction","target":["https:\/\/pepiniere-nour.com\/produit\/carnival"]}]},{"@type":"ImageObject","inLanguage":"ar","@id":"https:\/\/pepiniere-nour.com\/produit\/carnival#primaryimage","url":"https:\/\/pepiniere-nour.com\/wp-content\/uploads\/2024\/03\/Plants-de-pecher-carnival.jpg","contentUrl":"https:\/\/pepiniere-nour.com\/wp-content\/uploads\/2024\/03\/Plants-de-pecher-carnival.jpg","width":570,"height":380,"caption":"Plants de p\u00e8chers carnival"},{"@type":"BreadcrumbList","@id":"https:\/\/pepiniere-nour.com\/produit\/carnival#breadcrumb","itemListElement":[{"@type":"ListItem","position":1,"name":"Accueil","item":"https:\/\/pepiniere-nour.com\/"},{"@type":"ListItem","position":2,"name":"Boutique","item":"https:\/\/pepiniere-nour.com\/boutique"},{"@type":"ListItem","position":3,"name":"Carnival"}]},{"@type":"WebSite","@id":"https:\/\/pepiniere-nour.com\/#website","url":"https:\/\/pepiniere-nour.com\/","name":"P\u00c9PINIERE NOUR DU CENTRE","description":"P\u00c9PINIERE NOUR DU CENTRE","publisher":{"@id":"https:\/\/pepiniere-nour.com\/#organization"},"potentialAction":[{"@type":"SearchAction","target":{"@type":"EntryPoint","urlTemplate":"https:\/\/pepiniere-nour.com\/?s={search_term_string}"},"query-input":{"@type":"PropertyValueSpecification","valueRequired":true,"valueName":"search_term_string"}}],"inLanguage":"ar"},{"@type":"Organization","@id":"https:\/\/pepiniere-nour.com\/#organization","name":"P\u00c9PINIERE NOUR DU CENTRE","url":"https:\/\/pepiniere-nour.com\/","logo":{"@type":"ImageObject","inLanguage":"ar","@id":"https:\/\/pepiniere-nour.com\/#\/schema\/logo\/image\/","url":"https:\/\/pepiniere-nour.com\/wp-content\/uploads\/2024\/03\/Remove-bg.ai_1709804773648.png","contentUrl":"https:\/\/pepiniere-nour.com\/wp-content\/uploads\/2024\/03\/Remove-bg.ai_1709804773648.png","width":1199,"height":1199,"caption":"P\u00c9PINIERE NOUR DU CENTRE"},"image":{"@id":"https:\/\/pepiniere-nour.com\/#\/schema\/logo\/image\/"}}]}},"_links":{"self":[{"href":"https:\/\/pepiniere-nour.com\/ar\/wp-json\/wp\/v2\/product\/986","targetHints":{"allow":["GET"]}}],"collection":[{"href":"https:\/\/pepiniere-nour.com\/ar\/wp-json\/wp\/v2\/product"}],"about":[{"href":"https:\/\/pepiniere-nour.com\/ar\/wp-json\/wp\/v2\/types\/product"}],"wp:featuredmedia":[{"embeddable":true,"href":"https:\/\/pepiniere-nour.com\/ar\/wp-json\/wp\/v2\/media\/2680"}],"wp:attachment":[{"href":"https:\/\/pepiniere-nour.com\/ar\/wp-json\/wp\/v2\/media?parent=986"}],"wp:term":[{"taxonomy":"product_brand","embeddable":true,"href":"https:\/\/pepiniere-nour.com\/ar\/wp-json\/wp\/v2\/product_brand?post=986"},{"taxonomy":"product_cat","embeddable":true,"href":"https:\/\/pepiniere-nour.com\/ar\/wp-json\/wp\/v2\/product_cat?post=986"},{"taxonomy":"product_tag","embeddable":true,"href":"https:\/\/pepiniere-nour.com\/ar\/wp-json\/wp\/v2\/product_tag?post=986"}],"curies":[{"name":"wp","href":"https:\/\/api.w.org\/{rel}","templated":true}]}}