{"id":984,"date":"2024-03-20T22:56:25","date_gmt":"2024-03-20T22:56:25","guid":{"rendered":"https:\/\/pepiniere-nour.com\/?post_type=product&#038;p=984"},"modified":"2024-05-21T11:27:15","modified_gmt":"2024-05-21T11:27:15","slug":"rome-star","status":"publish","type":"product","link":"https:\/\/pepiniere-nour.com\/ar\/product\/rome-star","title":{"rendered":"\u0631\u0648\u0645\u0627 \u0633\u062a\u0627\u0631"},"content":{"rendered":"","protected":false},"excerpt":{"rendered":"<p><strong>\u062e\u0635\u0627\u0626\u0635 \u0627\u0644\u0641\u0627\u0643\u0647\u0629<\/strong><\/p>\n<p>La tomate Rome Star se distingue par sa chair, color\u00e9e en rouge vif \u00e0 hauteur de 70 \u00e0 90%, offrant une apparence attrayante dans l&rsquo;assiette. Sa forme est ronde \u00e0 l\u00e9g\u00e8rement aplatie, et elle se d\u00e9marque par sa grande taille, lui conf\u00e9rant une pr\u00e9sence remarquable dans les plats.<\/p>\n<p><strong>\u0627\u0644\u062c\u0648\u062f\u0629 \u0627\u0644\u062d\u0633\u064a\u0629<\/strong><\/p>\n<p>Dot\u00e9e d&rsquo;une chair jaune et ferme, la tomate Rome Star offre une qualit\u00e9 gustative de haut niveau, ajoutant une dimension de saveur et de texture \u00e0 toute pr\u00e9paration culinaire. Cette vari\u00e9t\u00e9 est particuli\u00e8rement pris\u00e9e pour ses excellentes caract\u00e9ristiques productives et organoleptiques, en faisant un choix de premier plan pour les amateurs de tomates de qualit\u00e9.<\/p>","protected":false},"featured_media":2692,"template":"","meta":{"_acf_changed":false},"product_brand":[],"product_cat":[50],"product_tag":[24,35,25,26,27],"class_list":{"0":"post-984","1":"product","2":"type-product","3":"status-publish","4":"has-post-thumbnail","6":"product_cat-plants-de-pechers","7":"product_tag-equipment","8":"product_tag-etranger","9":"product_tag-garden","10":"product_tag-plants","11":"product_tag-tools","13":"first","14":"instock","15":"shipping-taxable","16":"purchasable","17":"product-type-simple"},"acf":[],"yoast_head":"<!-- This site is optimized with the Yoast SEO plugin v25.5 - https:\/\/yoast.com\/wordpress\/plugins\/seo\/ -->\n<title>Rome Star - P\u00c9PINIERE NOUR DU CENTRE<\/title>\n<meta name=\"robots\" content=\"index, follow, max-snippet:-1, max-image-preview:large, max-video-preview:-1\" \/>\n<link rel=\"canonical\" href=\"https:\/\/pepiniere-nour.com\/ar\/product\/rome-star\/\" \/>\n<meta property=\"og:locale\" content=\"ar_AR\" \/>\n<meta property=\"og:type\" content=\"article\" \/>\n<meta property=\"og:title\" content=\"Rome Star - P\u00c9PINIERE NOUR DU CENTRE\" \/>\n<meta property=\"og:description\" content=\"Caract\u00e9ristiques du Fruit  La tomate Rome Star se distingue par sa chair, color\u00e9e en rouge vif \u00e0 hauteur de 70 \u00e0 90%, offrant une apparence attrayante dans l&#039;assiette. Sa forme est ronde \u00e0 l\u00e9g\u00e8rement aplatie, et elle se d\u00e9marque par sa grande taille, lui conf\u00e9rant une pr\u00e9sence remarquable dans les plats.  Qualit\u00e9 Organoleptique  Dot\u00e9e d&#039;une chair jaune et ferme, la tomate Rome Star offre une qualit\u00e9 gustative de haut niveau, ajoutant une dimension de saveur et de texture \u00e0 toute pr\u00e9paration culinaire. Cette vari\u00e9t\u00e9 est particuli\u00e8rement pris\u00e9e pour ses excellentes caract\u00e9ristiques productives et organoleptiques, en faisant un choix de premier plan pour les amateurs de tomates de qualit\u00e9.\" \/>\n<meta property=\"og:url\" content=\"https:\/\/pepiniere-nour.com\/ar\/product\/rome-star\/\" \/>\n<meta property=\"og:site_name\" content=\"P\u00c9PINIERE NOUR DU CENTRE\" \/>\n<meta property=\"article:modified_time\" content=\"2024-05-21T11:27:15+00:00\" \/>\n<meta property=\"og:image\" content=\"https:\/\/pepiniere-nour.com\/wp-content\/uploads\/2024\/03\/Plants-de-pecher-Rome-Star.jpg\" \/>\n\t<meta property=\"og:image:width\" content=\"570\" \/>\n\t<meta property=\"og:image:height\" content=\"380\" \/>\n\t<meta property=\"og:image:type\" content=\"image\/jpeg\" \/>\n<meta name=\"twitter:card\" content=\"summary_large_image\" \/>\n<meta name=\"twitter:label1\" content=\"\u0648\u0642\u062a \u0627\u0644\u0642\u0631\u0627\u0621\u0629 \u0627\u0644\u0645\u064f\u0642\u062f\u0651\u0631\" \/>\n\t<meta name=\"twitter:data1\" content=\"\u062f\u0642\u064a\u0642\u0629 \u0648\u0627\u062d\u062f\u0629\" \/>\n<script type=\"application\/ld+json\" class=\"yoast-schema-graph\">{\"@context\":\"https:\/\/schema.org\",\"@graph\":[{\"@type\":\"WebPage\",\"@id\":\"https:\/\/pepiniere-nour.com\/produit\/rome-star\",\"url\":\"https:\/\/pepiniere-nour.com\/produit\/rome-star\",\"name\":\"Rome Star - P\u00c9PINIERE NOUR DU CENTRE\",\"isPartOf\":{\"@id\":\"https:\/\/pepiniere-nour.com\/#website\"},\"primaryImageOfPage\":{\"@id\":\"https:\/\/pepiniere-nour.com\/produit\/rome-star#primaryimage\"},\"image\":{\"@id\":\"https:\/\/pepiniere-nour.com\/produit\/rome-star#primaryimage\"},\"thumbnailUrl\":\"https:\/\/pepiniere-nour.com\/wp-content\/uploads\/2024\/03\/Plants-de-pecher-Rome-Star.jpg\",\"datePublished\":\"2024-03-20T22:56:25+00:00\",\"dateModified\":\"2024-05-21T11:27:15+00:00\",\"breadcrumb\":{\"@id\":\"https:\/\/pepiniere-nour.com\/produit\/rome-star#breadcrumb\"},\"inLanguage\":\"ar\",\"potentialAction\":[{\"@type\":\"ReadAction\",\"target\":[\"https:\/\/pepiniere-nour.com\/produit\/rome-star\"]}]},{\"@type\":\"ImageObject\",\"inLanguage\":\"ar\",\"@id\":\"https:\/\/pepiniere-nour.com\/produit\/rome-star#primaryimage\",\"url\":\"https:\/\/pepiniere-nour.com\/wp-content\/uploads\/2024\/03\/Plants-de-pecher-Rome-Star.jpg\",\"contentUrl\":\"https:\/\/pepiniere-nour.com\/wp-content\/uploads\/2024\/03\/Plants-de-pecher-Rome-Star.jpg\",\"width\":570,\"height\":380,\"caption\":\"Plants de p\u00eachers Rome Star\"},{\"@type\":\"BreadcrumbList\",\"@id\":\"https:\/\/pepiniere-nour.com\/produit\/rome-star#breadcrumb\",\"itemListElement\":[{\"@type\":\"ListItem\",\"position\":1,\"name\":\"Accueil\",\"item\":\"https:\/\/pepiniere-nour.com\/\"},{\"@type\":\"ListItem\",\"position\":2,\"name\":\"Boutique\",\"item\":\"https:\/\/pepiniere-nour.com\/boutique\"},{\"@type\":\"ListItem\",\"position\":3,\"name\":\"Rome Star\"}]},{\"@type\":\"WebSite\",\"@id\":\"https:\/\/pepiniere-nour.com\/#website\",\"url\":\"https:\/\/pepiniere-nour.com\/\",\"name\":\"P\u00c9PINIERE NOUR DU CENTRE\",\"description\":\"P\u00c9PINIERE NOUR DU CENTRE\",\"publisher\":{\"@id\":\"https:\/\/pepiniere-nour.com\/#organization\"},\"potentialAction\":[{\"@type\":\"SearchAction\",\"target\":{\"@type\":\"EntryPoint\",\"urlTemplate\":\"https:\/\/pepiniere-nour.com\/?s={search_term_string}\"},\"query-input\":{\"@type\":\"PropertyValueSpecification\",\"valueRequired\":true,\"valueName\":\"search_term_string\"}}],\"inLanguage\":\"ar\"},{\"@type\":\"Organization\",\"@id\":\"https:\/\/pepiniere-nour.com\/#organization\",\"name\":\"P\u00c9PINIERE NOUR DU CENTRE\",\"url\":\"https:\/\/pepiniere-nour.com\/\",\"logo\":{\"@type\":\"ImageObject\",\"inLanguage\":\"ar\",\"@id\":\"https:\/\/pepiniere-nour.com\/#\/schema\/logo\/image\/\",\"url\":\"https:\/\/pepiniere-nour.com\/wp-content\/uploads\/2024\/03\/Remove-bg.ai_1709804773648.png\",\"contentUrl\":\"https:\/\/pepiniere-nour.com\/wp-content\/uploads\/2024\/03\/Remove-bg.ai_1709804773648.png\",\"width\":1199,\"height\":1199,\"caption\":\"P\u00c9PINIERE NOUR DU CENTRE\"},\"image\":{\"@id\":\"https:\/\/pepiniere-nour.com\/#\/schema\/logo\/image\/\"}}]}<\/script>\n<!-- \/ Yoast SEO plugin. -->","yoast_head_json":{"title":"Rome Star - P\u00c9PINIERE NOUR DU CENTRE","robots":{"index":"index","follow":"follow","max-snippet":"max-snippet:-1","max-image-preview":"max-image-preview:large","max-video-preview":"max-video-preview:-1"},"canonical":"https:\/\/pepiniere-nour.com\/ar\/product\/rome-star\/","og_locale":"ar_AR","og_type":"article","og_title":"Rome Star - P\u00c9PINIERE NOUR DU CENTRE","og_description":"Caract\u00e9ristiques du Fruit  La tomate Rome Star se distingue par sa chair, color\u00e9e en rouge vif \u00e0 hauteur de 70 \u00e0 90%, offrant une apparence attrayante dans l'assiette. Sa forme est ronde \u00e0 l\u00e9g\u00e8rement aplatie, et elle se d\u00e9marque par sa grande taille, lui conf\u00e9rant une pr\u00e9sence remarquable dans les plats.  Qualit\u00e9 Organoleptique  Dot\u00e9e d'une chair jaune et ferme, la tomate Rome Star offre une qualit\u00e9 gustative de haut niveau, ajoutant une dimension de saveur et de texture \u00e0 toute pr\u00e9paration culinaire. Cette vari\u00e9t\u00e9 est particuli\u00e8rement pris\u00e9e pour ses excellentes caract\u00e9ristiques productives et organoleptiques, en faisant un choix de premier plan pour les amateurs de tomates de qualit\u00e9.","og_url":"https:\/\/pepiniere-nour.com\/ar\/product\/rome-star\/","og_site_name":"P\u00c9PINIERE NOUR DU CENTRE","article_modified_time":"2024-05-21T11:27:15+00:00","og_image":[{"width":570,"height":380,"url":"https:\/\/pepiniere-nour.com\/wp-content\/uploads\/2024\/03\/Plants-de-pecher-Rome-Star.jpg","type":"image\/jpeg"}],"twitter_card":"summary_large_image","twitter_misc":{"\u0648\u0642\u062a \u0627\u0644\u0642\u0631\u0627\u0621\u0629 \u0627\u0644\u0645\u064f\u0642\u062f\u0651\u0631":"\u062f\u0642\u064a\u0642\u0629 \u0648\u0627\u062d\u062f\u0629"},"schema":{"@context":"https:\/\/schema.org","@graph":[{"@type":"WebPage","@id":"https:\/\/pepiniere-nour.com\/produit\/rome-star","url":"https:\/\/pepiniere-nour.com\/produit\/rome-star","name":"Rome Star - P\u00c9PINIERE NOUR DU CENTRE","isPartOf":{"@id":"https:\/\/pepiniere-nour.com\/#website"},"primaryImageOfPage":{"@id":"https:\/\/pepiniere-nour.com\/produit\/rome-star#primaryimage"},"image":{"@id":"https:\/\/pepiniere-nour.com\/produit\/rome-star#primaryimage"},"thumbnailUrl":"https:\/\/pepiniere-nour.com\/wp-content\/uploads\/2024\/03\/Plants-de-pecher-Rome-Star.jpg","datePublished":"2024-03-20T22:56:25+00:00","dateModified":"2024-05-21T11:27:15+00:00","breadcrumb":{"@id":"https:\/\/pepiniere-nour.com\/produit\/rome-star#breadcrumb"},"inLanguage":"ar","potentialAction":[{"@type":"ReadAction","target":["https:\/\/pepiniere-nour.com\/produit\/rome-star"]}]},{"@type":"ImageObject","inLanguage":"ar","@id":"https:\/\/pepiniere-nour.com\/produit\/rome-star#primaryimage","url":"https:\/\/pepiniere-nour.com\/wp-content\/uploads\/2024\/03\/Plants-de-pecher-Rome-Star.jpg","contentUrl":"https:\/\/pepiniere-nour.com\/wp-content\/uploads\/2024\/03\/Plants-de-pecher-Rome-Star.jpg","width":570,"height":380,"caption":"Plants de p\u00eachers Rome Star"},{"@type":"BreadcrumbList","@id":"https:\/\/pepiniere-nour.com\/produit\/rome-star#breadcrumb","itemListElement":[{"@type":"ListItem","position":1,"name":"Accueil","item":"https:\/\/pepiniere-nour.com\/"},{"@type":"ListItem","position":2,"name":"Boutique","item":"https:\/\/pepiniere-nour.com\/boutique"},{"@type":"ListItem","position":3,"name":"Rome Star"}]},{"@type":"WebSite","@id":"https:\/\/pepiniere-nour.com\/#website","url":"https:\/\/pepiniere-nour.com\/","name":"P\u00c9PINIERE NOUR DU CENTRE","description":"P\u00c9PINIERE NOUR DU CENTRE","publisher":{"@id":"https:\/\/pepiniere-nour.com\/#organization"},"potentialAction":[{"@type":"SearchAction","target":{"@type":"EntryPoint","urlTemplate":"https:\/\/pepiniere-nour.com\/?s={search_term_string}"},"query-input":{"@type":"PropertyValueSpecification","valueRequired":true,"valueName":"search_term_string"}}],"inLanguage":"ar"},{"@type":"Organization","@id":"https:\/\/pepiniere-nour.com\/#organization","name":"P\u00c9PINIERE NOUR DU CENTRE","url":"https:\/\/pepiniere-nour.com\/","logo":{"@type":"ImageObject","inLanguage":"ar","@id":"https:\/\/pepiniere-nour.com\/#\/schema\/logo\/image\/","url":"https:\/\/pepiniere-nour.com\/wp-content\/uploads\/2024\/03\/Remove-bg.ai_1709804773648.png","contentUrl":"https:\/\/pepiniere-nour.com\/wp-content\/uploads\/2024\/03\/Remove-bg.ai_1709804773648.png","width":1199,"height":1199,"caption":"P\u00c9PINIERE NOUR DU CENTRE"},"image":{"@id":"https:\/\/pepiniere-nour.com\/#\/schema\/logo\/image\/"}}]}},"_links":{"self":[{"href":"https:\/\/pepiniere-nour.com\/ar\/wp-json\/wp\/v2\/product\/984","targetHints":{"allow":["GET"]}}],"collection":[{"href":"https:\/\/pepiniere-nour.com\/ar\/wp-json\/wp\/v2\/product"}],"about":[{"href":"https:\/\/pepiniere-nour.com\/ar\/wp-json\/wp\/v2\/types\/product"}],"wp:featuredmedia":[{"embeddable":true,"href":"https:\/\/pepiniere-nour.com\/ar\/wp-json\/wp\/v2\/media\/2692"}],"wp:attachment":[{"href":"https:\/\/pepiniere-nour.com\/ar\/wp-json\/wp\/v2\/media?parent=984"}],"wp:term":[{"taxonomy":"product_brand","embeddable":true,"href":"https:\/\/pepiniere-nour.com\/ar\/wp-json\/wp\/v2\/product_brand?post=984"},{"taxonomy":"product_cat","embeddable":true,"href":"https:\/\/pepiniere-nour.com\/ar\/wp-json\/wp\/v2\/product_cat?post=984"},{"taxonomy":"product_tag","embeddable":true,"href":"https:\/\/pepiniere-nour.com\/ar\/wp-json\/wp\/v2\/product_tag?post=984"}],"curies":[{"name":"wp","href":"https:\/\/api.w.org\/{rel}","templated":true}]}}