{"id":983,"date":"2024-03-20T22:56:19","date_gmt":"2024-03-20T22:56:19","guid":{"rendered":"https:\/\/pepiniere-nour.com\/?post_type=product&#038;p=983"},"modified":"2024-05-21T11:27:21","modified_gmt":"2024-05-21T11:27:21","slug":"pg25","status":"publish","type":"product","link":"https:\/\/pepiniere-nour.com\/ar\/product\/pg25","title":{"rendered":"PG25"},"content":{"rendered":"","protected":false},"excerpt":{"rendered":"<p><strong>\u0627\u0644\u062e\u0635\u0627\u0626\u0635<\/strong><br \/>\nLe PG25, s&rsquo;adapte particuli\u00e8rement bien aux r\u00e9gions \u00e0 faible besoin en froid (Low chilling). Ses fruits, \u00e0 chair jaune, se distinguent par leur taille consid\u00e9rable, pouvant atteindre jusqu&rsquo;\u00e0 300 g par pi\u00e8ce gr\u00e2ce \u00e0 une gestion pr\u00e9cise de la culture. Avec un taux de sucre \u00e9lev\u00e9, ils offrent une saveur sucr\u00e9e et onctueuse.<\/p>\n<p><strong>La Douceur de l&rsquo;Automne :<\/strong><br \/>\nLa p\u00e9riode de maturit\u00e9 du PG25, situ\u00e9e entre le 15 et le 20 septembre, annonce l&rsquo;arriv\u00e9e de l&rsquo;automne avec ses fruits arborant une couleur rouge jaun\u00e2tre des plus attrayantes. Cette teinte s\u00e9duisante promet une exp\u00e9rience gustative automnale des plus d\u00e9licieuses.<\/p>\n<p>\u0648\u0628\u0627\u0644\u062a\u0627\u0644\u064a \u0641\u0625\u0646\u0647 \u064a\u062c\u0633\u062f \u062c\u0648\u0647\u0631 \u0627\u0644\u062d\u0635\u0627\u062f \u0627\u0644\u0645\u062a\u0623\u062e\u0631\u060c \u0648\u064a\u0642\u062f\u0645 \u0644\u0645\u062d\u0628\u064a \u0627\u0644\u0641\u0627\u0643\u0647\u0629 \u062d\u0635\u0627\u062f\u064b\u0627 \u0648\u0641\u064a\u0631\u064b\u0627 \u0648\u062a\u062c\u0631\u0628\u0629 \u0637\u0639\u0645 \u0644\u0627 \u062a\u064f\u0646\u0633\u0649 \u0645\u0639 \u0643\u0644 \u062a\u0630\u0648\u0642.<\/p>","protected":false},"featured_media":2694,"template":"","meta":{"_acf_changed":false},"product_brand":[],"product_cat":[50],"product_tag":[24,35,25,26,27],"class_list":{"0":"post-983","1":"product","2":"type-product","3":"status-publish","4":"has-post-thumbnail","6":"product_cat-plants-de-pechers","7":"product_tag-equipment","8":"product_tag-etranger","9":"product_tag-garden","10":"product_tag-plants","11":"product_tag-tools","13":"first","14":"instock","15":"shipping-taxable","16":"purchasable","17":"product-type-simple"},"acf":[],"yoast_head":"<!-- This site is optimized with the Yoast SEO plugin v25.5 - https:\/\/yoast.com\/wordpress\/plugins\/seo\/ -->\n<title>PG25 - P\u00c9PINIERE NOUR DU CENTRE<\/title>\n<meta name=\"robots\" content=\"index, follow, max-snippet:-1, max-image-preview:large, max-video-preview:-1\" \/>\n<link rel=\"canonical\" href=\"https:\/\/pepiniere-nour.com\/ar\/product\/pg25\/\" \/>\n<meta property=\"og:locale\" content=\"ar_AR\" \/>\n<meta property=\"og:type\" content=\"article\" \/>\n<meta property=\"og:title\" content=\"PG25 - P\u00c9PINIERE NOUR DU CENTRE\" \/>\n<meta property=\"og:description\" content=\"Caract\u00e9ristiques : Le PG25, s&#039;adapte particuli\u00e8rement bien aux r\u00e9gions \u00e0 faible besoin en froid (Low chilling). Ses fruits, \u00e0 chair jaune, se distinguent par leur taille consid\u00e9rable, pouvant atteindre jusqu&#039;\u00e0 300 g par pi\u00e8ce gr\u00e2ce \u00e0 une gestion pr\u00e9cise de la culture. Avec un taux de sucre \u00e9lev\u00e9, ils offrent une saveur sucr\u00e9e et onctueuse.  La Douceur de l&#039;Automne : La p\u00e9riode de maturit\u00e9 du PG25, situ\u00e9e entre le 15 et le 20 septembre, annonce l&#039;arriv\u00e9e de l&#039;automne avec ses fruits arborant une couleur rouge jaun\u00e2tre des plus attrayantes. Cette teinte s\u00e9duisante promet une exp\u00e9rience gustative automnale des plus d\u00e9licieuses.  Le PG25 incarne ainsi la quintessence de la p\u00eache tardive, offrant aux amateurs de fruits une r\u00e9colte abondante et une exp\u00e9rience gustative inoubliable \u00e0 chaque d\u00e9gustation.\" \/>\n<meta property=\"og:url\" content=\"https:\/\/pepiniere-nour.com\/ar\/product\/pg25\/\" \/>\n<meta property=\"og:site_name\" content=\"P\u00c9PINIERE NOUR DU CENTRE\" \/>\n<meta property=\"article:modified_time\" content=\"2024-05-21T11:27:21+00:00\" \/>\n<meta property=\"og:image\" content=\"https:\/\/pepiniere-nour.com\/wp-content\/uploads\/2024\/03\/Plants-de-pechers-PG-25.jpg\" \/>\n\t<meta property=\"og:image:width\" content=\"570\" \/>\n\t<meta property=\"og:image:height\" content=\"466\" \/>\n\t<meta property=\"og:image:type\" content=\"image\/jpeg\" \/>\n<meta name=\"twitter:card\" content=\"summary_large_image\" \/>\n<meta name=\"twitter:label1\" content=\"\u0648\u0642\u062a \u0627\u0644\u0642\u0631\u0627\u0621\u0629 \u0627\u0644\u0645\u064f\u0642\u062f\u0651\u0631\" \/>\n\t<meta name=\"twitter:data1\" content=\"\u062f\u0642\u064a\u0642\u0629 \u0648\u0627\u062d\u062f\u0629\" \/>\n<script type=\"application\/ld+json\" class=\"yoast-schema-graph\">{\"@context\":\"https:\/\/schema.org\",\"@graph\":[{\"@type\":\"WebPage\",\"@id\":\"https:\/\/pepiniere-nour.com\/produit\/pg25\",\"url\":\"https:\/\/pepiniere-nour.com\/produit\/pg25\",\"name\":\"PG25 - P\u00c9PINIERE NOUR DU CENTRE\",\"isPartOf\":{\"@id\":\"https:\/\/pepiniere-nour.com\/#website\"},\"primaryImageOfPage\":{\"@id\":\"https:\/\/pepiniere-nour.com\/produit\/pg25#primaryimage\"},\"image\":{\"@id\":\"https:\/\/pepiniere-nour.com\/produit\/pg25#primaryimage\"},\"thumbnailUrl\":\"https:\/\/pepiniere-nour.com\/wp-content\/uploads\/2024\/03\/Plants-de-pechers-PG-25.jpg\",\"datePublished\":\"2024-03-20T22:56:19+00:00\",\"dateModified\":\"2024-05-21T11:27:21+00:00\",\"breadcrumb\":{\"@id\":\"https:\/\/pepiniere-nour.com\/produit\/pg25#breadcrumb\"},\"inLanguage\":\"ar\",\"potentialAction\":[{\"@type\":\"ReadAction\",\"target\":[\"https:\/\/pepiniere-nour.com\/produit\/pg25\"]}]},{\"@type\":\"ImageObject\",\"inLanguage\":\"ar\",\"@id\":\"https:\/\/pepiniere-nour.com\/produit\/pg25#primaryimage\",\"url\":\"https:\/\/pepiniere-nour.com\/wp-content\/uploads\/2024\/03\/Plants-de-pechers-PG-25.jpg\",\"contentUrl\":\"https:\/\/pepiniere-nour.com\/wp-content\/uploads\/2024\/03\/Plants-de-pechers-PG-25.jpg\",\"width\":570,\"height\":466,\"caption\":\"Plants de p\u00e8chers PG 25\"},{\"@type\":\"BreadcrumbList\",\"@id\":\"https:\/\/pepiniere-nour.com\/produit\/pg25#breadcrumb\",\"itemListElement\":[{\"@type\":\"ListItem\",\"position\":1,\"name\":\"Accueil\",\"item\":\"https:\/\/pepiniere-nour.com\/\"},{\"@type\":\"ListItem\",\"position\":2,\"name\":\"Boutique\",\"item\":\"https:\/\/pepiniere-nour.com\/boutique\"},{\"@type\":\"ListItem\",\"position\":3,\"name\":\"PG25\"}]},{\"@type\":\"WebSite\",\"@id\":\"https:\/\/pepiniere-nour.com\/#website\",\"url\":\"https:\/\/pepiniere-nour.com\/\",\"name\":\"P\u00c9PINIERE NOUR DU CENTRE\",\"description\":\"P\u00c9PINIERE NOUR DU CENTRE\",\"publisher\":{\"@id\":\"https:\/\/pepiniere-nour.com\/#organization\"},\"potentialAction\":[{\"@type\":\"SearchAction\",\"target\":{\"@type\":\"EntryPoint\",\"urlTemplate\":\"https:\/\/pepiniere-nour.com\/?s={search_term_string}\"},\"query-input\":{\"@type\":\"PropertyValueSpecification\",\"valueRequired\":true,\"valueName\":\"search_term_string\"}}],\"inLanguage\":\"ar\"},{\"@type\":\"Organization\",\"@id\":\"https:\/\/pepiniere-nour.com\/#organization\",\"name\":\"P\u00c9PINIERE NOUR DU CENTRE\",\"url\":\"https:\/\/pepiniere-nour.com\/\",\"logo\":{\"@type\":\"ImageObject\",\"inLanguage\":\"ar\",\"@id\":\"https:\/\/pepiniere-nour.com\/#\/schema\/logo\/image\/\",\"url\":\"https:\/\/pepiniere-nour.com\/wp-content\/uploads\/2024\/03\/Remove-bg.ai_1709804773648.png\",\"contentUrl\":\"https:\/\/pepiniere-nour.com\/wp-content\/uploads\/2024\/03\/Remove-bg.ai_1709804773648.png\",\"width\":1199,\"height\":1199,\"caption\":\"P\u00c9PINIERE NOUR DU CENTRE\"},\"image\":{\"@id\":\"https:\/\/pepiniere-nour.com\/#\/schema\/logo\/image\/\"}}]}<\/script>\n<!-- \/ Yoast SEO plugin. -->","yoast_head_json":{"title":"PG25 - P\u00c9PINIERE NOUR DU CENTRE","robots":{"index":"index","follow":"follow","max-snippet":"max-snippet:-1","max-image-preview":"max-image-preview:large","max-video-preview":"max-video-preview:-1"},"canonical":"https:\/\/pepiniere-nour.com\/ar\/product\/pg25\/","og_locale":"ar_AR","og_type":"article","og_title":"PG25 - P\u00c9PINIERE NOUR DU CENTRE","og_description":"Caract\u00e9ristiques : Le PG25, s'adapte particuli\u00e8rement bien aux r\u00e9gions \u00e0 faible besoin en froid (Low chilling). Ses fruits, \u00e0 chair jaune, se distinguent par leur taille consid\u00e9rable, pouvant atteindre jusqu'\u00e0 300 g par pi\u00e8ce gr\u00e2ce \u00e0 une gestion pr\u00e9cise de la culture. Avec un taux de sucre \u00e9lev\u00e9, ils offrent une saveur sucr\u00e9e et onctueuse.  La Douceur de l'Automne : La p\u00e9riode de maturit\u00e9 du PG25, situ\u00e9e entre le 15 et le 20 septembre, annonce l'arriv\u00e9e de l'automne avec ses fruits arborant une couleur rouge jaun\u00e2tre des plus attrayantes. Cette teinte s\u00e9duisante promet une exp\u00e9rience gustative automnale des plus d\u00e9licieuses.  Le PG25 incarne ainsi la quintessence de la p\u00eache tardive, offrant aux amateurs de fruits une r\u00e9colte abondante et une exp\u00e9rience gustative inoubliable \u00e0 chaque d\u00e9gustation.","og_url":"https:\/\/pepiniere-nour.com\/ar\/product\/pg25\/","og_site_name":"P\u00c9PINIERE NOUR DU CENTRE","article_modified_time":"2024-05-21T11:27:21+00:00","og_image":[{"width":570,"height":466,"url":"https:\/\/pepiniere-nour.com\/wp-content\/uploads\/2024\/03\/Plants-de-pechers-PG-25.jpg","type":"image\/jpeg"}],"twitter_card":"summary_large_image","twitter_misc":{"\u0648\u0642\u062a \u0627\u0644\u0642\u0631\u0627\u0621\u0629 \u0627\u0644\u0645\u064f\u0642\u062f\u0651\u0631":"\u062f\u0642\u064a\u0642\u0629 \u0648\u0627\u062d\u062f\u0629"},"schema":{"@context":"https:\/\/schema.org","@graph":[{"@type":"WebPage","@id":"https:\/\/pepiniere-nour.com\/produit\/pg25","url":"https:\/\/pepiniere-nour.com\/produit\/pg25","name":"PG25 - P\u00c9PINIERE NOUR DU CENTRE","isPartOf":{"@id":"https:\/\/pepiniere-nour.com\/#website"},"primaryImageOfPage":{"@id":"https:\/\/pepiniere-nour.com\/produit\/pg25#primaryimage"},"image":{"@id":"https:\/\/pepiniere-nour.com\/produit\/pg25#primaryimage"},"thumbnailUrl":"https:\/\/pepiniere-nour.com\/wp-content\/uploads\/2024\/03\/Plants-de-pechers-PG-25.jpg","datePublished":"2024-03-20T22:56:19+00:00","dateModified":"2024-05-21T11:27:21+00:00","breadcrumb":{"@id":"https:\/\/pepiniere-nour.com\/produit\/pg25#breadcrumb"},"inLanguage":"ar","potentialAction":[{"@type":"ReadAction","target":["https:\/\/pepiniere-nour.com\/produit\/pg25"]}]},{"@type":"ImageObject","inLanguage":"ar","@id":"https:\/\/pepiniere-nour.com\/produit\/pg25#primaryimage","url":"https:\/\/pepiniere-nour.com\/wp-content\/uploads\/2024\/03\/Plants-de-pechers-PG-25.jpg","contentUrl":"https:\/\/pepiniere-nour.com\/wp-content\/uploads\/2024\/03\/Plants-de-pechers-PG-25.jpg","width":570,"height":466,"caption":"Plants de p\u00e8chers PG 25"},{"@type":"BreadcrumbList","@id":"https:\/\/pepiniere-nour.com\/produit\/pg25#breadcrumb","itemListElement":[{"@type":"ListItem","position":1,"name":"Accueil","item":"https:\/\/pepiniere-nour.com\/"},{"@type":"ListItem","position":2,"name":"Boutique","item":"https:\/\/pepiniere-nour.com\/boutique"},{"@type":"ListItem","position":3,"name":"PG25"}]},{"@type":"WebSite","@id":"https:\/\/pepiniere-nour.com\/#website","url":"https:\/\/pepiniere-nour.com\/","name":"P\u00c9PINIERE NOUR DU CENTRE","description":"P\u00c9PINIERE NOUR DU CENTRE","publisher":{"@id":"https:\/\/pepiniere-nour.com\/#organization"},"potentialAction":[{"@type":"SearchAction","target":{"@type":"EntryPoint","urlTemplate":"https:\/\/pepiniere-nour.com\/?s={search_term_string}"},"query-input":{"@type":"PropertyValueSpecification","valueRequired":true,"valueName":"search_term_string"}}],"inLanguage":"ar"},{"@type":"Organization","@id":"https:\/\/pepiniere-nour.com\/#organization","name":"P\u00c9PINIERE NOUR DU CENTRE","url":"https:\/\/pepiniere-nour.com\/","logo":{"@type":"ImageObject","inLanguage":"ar","@id":"https:\/\/pepiniere-nour.com\/#\/schema\/logo\/image\/","url":"https:\/\/pepiniere-nour.com\/wp-content\/uploads\/2024\/03\/Remove-bg.ai_1709804773648.png","contentUrl":"https:\/\/pepiniere-nour.com\/wp-content\/uploads\/2024\/03\/Remove-bg.ai_1709804773648.png","width":1199,"height":1199,"caption":"P\u00c9PINIERE NOUR DU CENTRE"},"image":{"@id":"https:\/\/pepiniere-nour.com\/#\/schema\/logo\/image\/"}}]}},"_links":{"self":[{"href":"https:\/\/pepiniere-nour.com\/ar\/wp-json\/wp\/v2\/product\/983","targetHints":{"allow":["GET"]}}],"collection":[{"href":"https:\/\/pepiniere-nour.com\/ar\/wp-json\/wp\/v2\/product"}],"about":[{"href":"https:\/\/pepiniere-nour.com\/ar\/wp-json\/wp\/v2\/types\/product"}],"wp:featuredmedia":[{"embeddable":true,"href":"https:\/\/pepiniere-nour.com\/ar\/wp-json\/wp\/v2\/media\/2694"}],"wp:attachment":[{"href":"https:\/\/pepiniere-nour.com\/ar\/wp-json\/wp\/v2\/media?parent=983"}],"wp:term":[{"taxonomy":"product_brand","embeddable":true,"href":"https:\/\/pepiniere-nour.com\/ar\/wp-json\/wp\/v2\/product_brand?post=983"},{"taxonomy":"product_cat","embeddable":true,"href":"https:\/\/pepiniere-nour.com\/ar\/wp-json\/wp\/v2\/product_cat?post=983"},{"taxonomy":"product_tag","embeddable":true,"href":"https:\/\/pepiniere-nour.com\/ar\/wp-json\/wp\/v2\/product_tag?post=983"}],"curies":[{"name":"wp","href":"https:\/\/api.w.org\/{rel}","templated":true}]}}