{"id":981,"date":"2024-03-20T22:56:03","date_gmt":"2024-03-20T22:56:03","guid":{"rendered":"https:\/\/pepiniere-nour.com\/?post_type=product&#038;p=981"},"modified":"2024-05-21T11:27:36","modified_gmt":"2024-05-21T11:27:36","slug":"b30","status":"publish","type":"product","link":"https:\/\/pepiniere-nour.com\/ar\/product\/b30","title":{"rendered":"B30"},"content":{"rendered":"","protected":false},"excerpt":{"rendered":"<p><strong>\u062e\u0635\u0627\u0626\u0635 \u0627\u0644\u062e\u0648\u062e:<\/strong><br \/>\nLe p\u00eacher B30 est reconnu pour sa vigueur exceptionnelle, assurant une croissance saine et robuste. Cet arbre s&rsquo;adapte bien \u00e0 divers types de sols et climats, rendant sa culture accessible et peu exigeante. Il produit des fruits de forme ronde et r\u00e9guli\u00e8re, t\u00e9moignant de son d\u00e9veloppement harmonieux et \u00e9quilibr\u00e9. Cette caract\u00e9ristique garantit une r\u00e9colte homog\u00e8ne, id\u00e9ale pour le march\u00e9 frais ou une consommation familiale.<\/p>\n<p><strong>\u0627\u0644\u062a\u0642\u062f\u064a\u0631 \u0627\u0644\u062d\u0633\u064a:<\/strong><br \/>\nLa p\u00eache B30 est particuli\u00e8rement pris\u00e9e pour sa saveur exceptionnelle. Sa chair jaune, tendre et juteuse, offre une exp\u00e9rience gustative in\u00e9gal\u00e9e qui \u00e9voque les plaisirs de l&rsquo;\u00e9t\u00e9. Le fruit est non seulement savoureux mais aussi tr\u00e8s juteux, ce qui le rend id\u00e9al pour une consommation fra\u00eeche ou pour des pr\u00e9parations culinaires telles que les desserts et les conserves.<\/p>\n<p>\u0628\u0627\u062e\u062a\u0635\u0627\u0631\u060c \u062a\u062c\u0645\u0639 \u0634\u062c\u0631\u0629 \u0627\u0644\u062e\u0648\u062e \u0647\u0630\u0647 \u0628\u064a\u0646 \u0627\u0644\u0646\u0645\u0648 \u0627\u0644\u0642\u0648\u064a \u0648\u0627\u0644\u0641\u0627\u0643\u0647\u0629 \u0639\u0627\u0644\u064a\u0629 \u0627\u0644\u062c\u0648\u062f\u0629\u060c \u0645\u0645\u0627 \u064a\u0644\u0628\u064a \u062a\u0645\u0627\u0645\u064b\u0627 \u062a\u0648\u0642\u0639\u0627\u062a \u0627\u0644\u0628\u0633\u062a\u0627\u0646\u064a\u064a\u0646 \u0627\u0644\u0645\u062a\u062d\u0645\u0633\u064a\u0646.<\/p>","protected":false},"featured_media":2699,"template":"","meta":{"_acf_changed":false},"product_brand":[],"product_cat":[50],"product_tag":[24,35,25,26,27],"class_list":{"0":"post-981","1":"product","2":"type-product","3":"status-publish","4":"has-post-thumbnail","6":"product_cat-plants-de-pechers","7":"product_tag-equipment","8":"product_tag-etranger","9":"product_tag-garden","10":"product_tag-plants","11":"product_tag-tools","13":"first","14":"instock","15":"shipping-taxable","16":"purchasable","17":"product-type-simple"},"acf":[],"yoast_head":"<!-- This site is optimized with the Yoast SEO plugin v25.5 - https:\/\/yoast.com\/wordpress\/plugins\/seo\/ -->\n<title>B30 - P\u00c9PINIERE NOUR DU CENTRE<\/title>\n<meta name=\"robots\" content=\"index, follow, max-snippet:-1, max-image-preview:large, max-video-preview:-1\" \/>\n<link rel=\"canonical\" href=\"https:\/\/pepiniere-nour.com\/ar\/product\/b30\/\" \/>\n<meta property=\"og:locale\" content=\"ar_AR\" \/>\n<meta property=\"og:type\" content=\"article\" \/>\n<meta property=\"og:title\" content=\"B30 - P\u00c9PINIERE NOUR DU CENTRE\" \/>\n<meta property=\"og:description\" content=\"Caract\u00e9ristiques de la P\u00eache : Le p\u00eacher B30 est reconnu pour sa vigueur exceptionnelle, assurant une croissance saine et robuste. Cet arbre s&#039;adapte bien \u00e0 divers types de sols et climats, rendant sa culture accessible et peu exigeante. Il produit des fruits de forme ronde et r\u00e9guli\u00e8re, t\u00e9moignant de son d\u00e9veloppement harmonieux et \u00e9quilibr\u00e9. Cette caract\u00e9ristique garantit une r\u00e9colte homog\u00e8ne, id\u00e9ale pour le march\u00e9 frais ou une consommation familiale.  Appr\u00e9ciation Sensorielle : La p\u00eache B30 est particuli\u00e8rement pris\u00e9e pour sa saveur exceptionnelle. Sa chair jaune, tendre et juteuse, offre une exp\u00e9rience gustative in\u00e9gal\u00e9e qui \u00e9voque les plaisirs de l&#039;\u00e9t\u00e9. Le fruit est non seulement savoureux mais aussi tr\u00e8s juteux, ce qui le rend id\u00e9al pour une consommation fra\u00eeche ou pour des pr\u00e9parations culinaires telles que les desserts et les conserves.  En r\u00e9sum\u00e9, le p\u00eacher B30 allie une croissance vigoureuse et des fruits de qualit\u00e9 sup\u00e9rieure, r\u00e9pondant parfaitement aux attentes des jardiniers passionn\u00e9s.\" \/>\n<meta property=\"og:url\" content=\"https:\/\/pepiniere-nour.com\/ar\/product\/b30\/\" \/>\n<meta property=\"og:site_name\" content=\"P\u00c9PINIERE NOUR DU CENTRE\" \/>\n<meta property=\"article:modified_time\" content=\"2024-05-21T11:27:36+00:00\" \/>\n<meta property=\"og:image\" content=\"https:\/\/pepiniere-nour.com\/wp-content\/uploads\/2024\/03\/Plants-de-pechers-B-30.jpg\" \/>\n\t<meta property=\"og:image:width\" content=\"570\" \/>\n\t<meta property=\"og:image:height\" content=\"375\" \/>\n\t<meta property=\"og:image:type\" content=\"image\/jpeg\" \/>\n<meta name=\"twitter:card\" content=\"summary_large_image\" \/>\n<meta name=\"twitter:label1\" content=\"\u0648\u0642\u062a \u0627\u0644\u0642\u0631\u0627\u0621\u0629 \u0627\u0644\u0645\u064f\u0642\u062f\u0651\u0631\" \/>\n\t<meta name=\"twitter:data1\" content=\"\u062f\u0642\u064a\u0642\u0629 \u0648\u0627\u062d\u062f\u0629\" \/>\n<script type=\"application\/ld+json\" class=\"yoast-schema-graph\">{\"@context\":\"https:\/\/schema.org\",\"@graph\":[{\"@type\":\"WebPage\",\"@id\":\"https:\/\/pepiniere-nour.com\/produit\/b30\",\"url\":\"https:\/\/pepiniere-nour.com\/produit\/b30\",\"name\":\"B30 - P\u00c9PINIERE NOUR DU CENTRE\",\"isPartOf\":{\"@id\":\"https:\/\/pepiniere-nour.com\/#website\"},\"primaryImageOfPage\":{\"@id\":\"https:\/\/pepiniere-nour.com\/produit\/b30#primaryimage\"},\"image\":{\"@id\":\"https:\/\/pepiniere-nour.com\/produit\/b30#primaryimage\"},\"thumbnailUrl\":\"https:\/\/pepiniere-nour.com\/wp-content\/uploads\/2024\/03\/Plants-de-pechers-B-30.jpg\",\"datePublished\":\"2024-03-20T22:56:03+00:00\",\"dateModified\":\"2024-05-21T11:27:36+00:00\",\"breadcrumb\":{\"@id\":\"https:\/\/pepiniere-nour.com\/produit\/b30#breadcrumb\"},\"inLanguage\":\"ar\",\"potentialAction\":[{\"@type\":\"ReadAction\",\"target\":[\"https:\/\/pepiniere-nour.com\/produit\/b30\"]}]},{\"@type\":\"ImageObject\",\"inLanguage\":\"ar\",\"@id\":\"https:\/\/pepiniere-nour.com\/produit\/b30#primaryimage\",\"url\":\"https:\/\/pepiniere-nour.com\/wp-content\/uploads\/2024\/03\/Plants-de-pechers-B-30.jpg\",\"contentUrl\":\"https:\/\/pepiniere-nour.com\/wp-content\/uploads\/2024\/03\/Plants-de-pechers-B-30.jpg\",\"width\":570,\"height\":375,\"caption\":\"Plants de p\u00eachers B30\"},{\"@type\":\"BreadcrumbList\",\"@id\":\"https:\/\/pepiniere-nour.com\/produit\/b30#breadcrumb\",\"itemListElement\":[{\"@type\":\"ListItem\",\"position\":1,\"name\":\"Accueil\",\"item\":\"https:\/\/pepiniere-nour.com\/\"},{\"@type\":\"ListItem\",\"position\":2,\"name\":\"Boutique\",\"item\":\"https:\/\/pepiniere-nour.com\/boutique\"},{\"@type\":\"ListItem\",\"position\":3,\"name\":\"B30\"}]},{\"@type\":\"WebSite\",\"@id\":\"https:\/\/pepiniere-nour.com\/#website\",\"url\":\"https:\/\/pepiniere-nour.com\/\",\"name\":\"P\u00c9PINIERE NOUR DU CENTRE\",\"description\":\"P\u00c9PINIERE NOUR DU CENTRE\",\"publisher\":{\"@id\":\"https:\/\/pepiniere-nour.com\/#organization\"},\"potentialAction\":[{\"@type\":\"SearchAction\",\"target\":{\"@type\":\"EntryPoint\",\"urlTemplate\":\"https:\/\/pepiniere-nour.com\/?s={search_term_string}\"},\"query-input\":{\"@type\":\"PropertyValueSpecification\",\"valueRequired\":true,\"valueName\":\"search_term_string\"}}],\"inLanguage\":\"ar\"},{\"@type\":\"Organization\",\"@id\":\"https:\/\/pepiniere-nour.com\/#organization\",\"name\":\"P\u00c9PINIERE NOUR DU CENTRE\",\"url\":\"https:\/\/pepiniere-nour.com\/\",\"logo\":{\"@type\":\"ImageObject\",\"inLanguage\":\"ar\",\"@id\":\"https:\/\/pepiniere-nour.com\/#\/schema\/logo\/image\/\",\"url\":\"https:\/\/pepiniere-nour.com\/wp-content\/uploads\/2024\/03\/Remove-bg.ai_1709804773648.png\",\"contentUrl\":\"https:\/\/pepiniere-nour.com\/wp-content\/uploads\/2024\/03\/Remove-bg.ai_1709804773648.png\",\"width\":1199,\"height\":1199,\"caption\":\"P\u00c9PINIERE NOUR DU CENTRE\"},\"image\":{\"@id\":\"https:\/\/pepiniere-nour.com\/#\/schema\/logo\/image\/\"}}]}<\/script>\n<!-- \/ Yoast SEO plugin. -->","yoast_head_json":{"title":"B30 - P\u00c9PINIERE NOUR DU CENTRE","robots":{"index":"index","follow":"follow","max-snippet":"max-snippet:-1","max-image-preview":"max-image-preview:large","max-video-preview":"max-video-preview:-1"},"canonical":"https:\/\/pepiniere-nour.com\/ar\/product\/b30\/","og_locale":"ar_AR","og_type":"article","og_title":"B30 - P\u00c9PINIERE NOUR DU CENTRE","og_description":"Caract\u00e9ristiques de la P\u00eache : Le p\u00eacher B30 est reconnu pour sa vigueur exceptionnelle, assurant une croissance saine et robuste. Cet arbre s'adapte bien \u00e0 divers types de sols et climats, rendant sa culture accessible et peu exigeante. Il produit des fruits de forme ronde et r\u00e9guli\u00e8re, t\u00e9moignant de son d\u00e9veloppement harmonieux et \u00e9quilibr\u00e9. Cette caract\u00e9ristique garantit une r\u00e9colte homog\u00e8ne, id\u00e9ale pour le march\u00e9 frais ou une consommation familiale.  Appr\u00e9ciation Sensorielle : La p\u00eache B30 est particuli\u00e8rement pris\u00e9e pour sa saveur exceptionnelle. Sa chair jaune, tendre et juteuse, offre une exp\u00e9rience gustative in\u00e9gal\u00e9e qui \u00e9voque les plaisirs de l'\u00e9t\u00e9. Le fruit est non seulement savoureux mais aussi tr\u00e8s juteux, ce qui le rend id\u00e9al pour une consommation fra\u00eeche ou pour des pr\u00e9parations culinaires telles que les desserts et les conserves.  En r\u00e9sum\u00e9, le p\u00eacher B30 allie une croissance vigoureuse et des fruits de qualit\u00e9 sup\u00e9rieure, r\u00e9pondant parfaitement aux attentes des jardiniers passionn\u00e9s.","og_url":"https:\/\/pepiniere-nour.com\/ar\/product\/b30\/","og_site_name":"P\u00c9PINIERE NOUR DU CENTRE","article_modified_time":"2024-05-21T11:27:36+00:00","og_image":[{"width":570,"height":375,"url":"https:\/\/pepiniere-nour.com\/wp-content\/uploads\/2024\/03\/Plants-de-pechers-B-30.jpg","type":"image\/jpeg"}],"twitter_card":"summary_large_image","twitter_misc":{"\u0648\u0642\u062a \u0627\u0644\u0642\u0631\u0627\u0621\u0629 \u0627\u0644\u0645\u064f\u0642\u062f\u0651\u0631":"\u062f\u0642\u064a\u0642\u0629 \u0648\u0627\u062d\u062f\u0629"},"schema":{"@context":"https:\/\/schema.org","@graph":[{"@type":"WebPage","@id":"https:\/\/pepiniere-nour.com\/produit\/b30","url":"https:\/\/pepiniere-nour.com\/produit\/b30","name":"B30 - P\u00c9PINIERE NOUR DU CENTRE","isPartOf":{"@id":"https:\/\/pepiniere-nour.com\/#website"},"primaryImageOfPage":{"@id":"https:\/\/pepiniere-nour.com\/produit\/b30#primaryimage"},"image":{"@id":"https:\/\/pepiniere-nour.com\/produit\/b30#primaryimage"},"thumbnailUrl":"https:\/\/pepiniere-nour.com\/wp-content\/uploads\/2024\/03\/Plants-de-pechers-B-30.jpg","datePublished":"2024-03-20T22:56:03+00:00","dateModified":"2024-05-21T11:27:36+00:00","breadcrumb":{"@id":"https:\/\/pepiniere-nour.com\/produit\/b30#breadcrumb"},"inLanguage":"ar","potentialAction":[{"@type":"ReadAction","target":["https:\/\/pepiniere-nour.com\/produit\/b30"]}]},{"@type":"ImageObject","inLanguage":"ar","@id":"https:\/\/pepiniere-nour.com\/produit\/b30#primaryimage","url":"https:\/\/pepiniere-nour.com\/wp-content\/uploads\/2024\/03\/Plants-de-pechers-B-30.jpg","contentUrl":"https:\/\/pepiniere-nour.com\/wp-content\/uploads\/2024\/03\/Plants-de-pechers-B-30.jpg","width":570,"height":375,"caption":"Plants de p\u00eachers B30"},{"@type":"BreadcrumbList","@id":"https:\/\/pepiniere-nour.com\/produit\/b30#breadcrumb","itemListElement":[{"@type":"ListItem","position":1,"name":"Accueil","item":"https:\/\/pepiniere-nour.com\/"},{"@type":"ListItem","position":2,"name":"Boutique","item":"https:\/\/pepiniere-nour.com\/boutique"},{"@type":"ListItem","position":3,"name":"B30"}]},{"@type":"WebSite","@id":"https:\/\/pepiniere-nour.com\/#website","url":"https:\/\/pepiniere-nour.com\/","name":"P\u00c9PINIERE NOUR DU CENTRE","description":"P\u00c9PINIERE NOUR DU CENTRE","publisher":{"@id":"https:\/\/pepiniere-nour.com\/#organization"},"potentialAction":[{"@type":"SearchAction","target":{"@type":"EntryPoint","urlTemplate":"https:\/\/pepiniere-nour.com\/?s={search_term_string}"},"query-input":{"@type":"PropertyValueSpecification","valueRequired":true,"valueName":"search_term_string"}}],"inLanguage":"ar"},{"@type":"Organization","@id":"https:\/\/pepiniere-nour.com\/#organization","name":"P\u00c9PINIERE NOUR DU CENTRE","url":"https:\/\/pepiniere-nour.com\/","logo":{"@type":"ImageObject","inLanguage":"ar","@id":"https:\/\/pepiniere-nour.com\/#\/schema\/logo\/image\/","url":"https:\/\/pepiniere-nour.com\/wp-content\/uploads\/2024\/03\/Remove-bg.ai_1709804773648.png","contentUrl":"https:\/\/pepiniere-nour.com\/wp-content\/uploads\/2024\/03\/Remove-bg.ai_1709804773648.png","width":1199,"height":1199,"caption":"P\u00c9PINIERE NOUR DU CENTRE"},"image":{"@id":"https:\/\/pepiniere-nour.com\/#\/schema\/logo\/image\/"}}]}},"_links":{"self":[{"href":"https:\/\/pepiniere-nour.com\/ar\/wp-json\/wp\/v2\/product\/981","targetHints":{"allow":["GET"]}}],"collection":[{"href":"https:\/\/pepiniere-nour.com\/ar\/wp-json\/wp\/v2\/product"}],"about":[{"href":"https:\/\/pepiniere-nour.com\/ar\/wp-json\/wp\/v2\/types\/product"}],"wp:featuredmedia":[{"embeddable":true,"href":"https:\/\/pepiniere-nour.com\/ar\/wp-json\/wp\/v2\/media\/2699"}],"wp:attachment":[{"href":"https:\/\/pepiniere-nour.com\/ar\/wp-json\/wp\/v2\/media?parent=981"}],"wp:term":[{"taxonomy":"product_brand","embeddable":true,"href":"https:\/\/pepiniere-nour.com\/ar\/wp-json\/wp\/v2\/product_brand?post=981"},{"taxonomy":"product_cat","embeddable":true,"href":"https:\/\/pepiniere-nour.com\/ar\/wp-json\/wp\/v2\/product_cat?post=981"},{"taxonomy":"product_tag","embeddable":true,"href":"https:\/\/pepiniere-nour.com\/ar\/wp-json\/wp\/v2\/product_tag?post=981"}],"curies":[{"name":"wp","href":"https:\/\/api.w.org\/{rel}","templated":true}]}}