{"id":979,"date":"2024-03-20T22:55:46","date_gmt":"2024-03-20T22:55:46","guid":{"rendered":"https:\/\/pepiniere-nour.com\/?post_type=product&#038;p=979"},"modified":"2024-05-21T11:28:02","modified_gmt":"2024-05-21T11:28:02","slug":"pg15","status":"publish","type":"product","link":"https:\/\/pepiniere-nour.com\/ar\/product\/pg15","title":{"rendered":"PG15"},"content":{"rendered":"","protected":false},"excerpt":{"rendered":"<p><strong>\u0627\u0644\u062e\u0635\u0627\u0626\u0635<\/strong><br \/>\nLa vari\u00e9t\u00e9 PG15 est une P\u00eache caract\u00e9ris\u00e9e par son faible besoin en froid (Low chilling). Les fruits, \u00e0 chair jaune, sont d&rsquo;un tr\u00e8s gros calibre, atteignant parfois jusqu&rsquo;\u00e0 300 g par pi\u00e8ce selon la conduite adapt\u00e9e par l&rsquo;agriculteur. Avec un taux de sucre \u00e9lev\u00e9, ils offrent une saveur sucr\u00e9e et d\u00e9licieuse.<\/p>\n<p><strong>La Douceur de l&rsquo;Automne :<\/strong><br \/>\nLa maturit\u00e9 du PG15 est pr\u00e9vue entre le 15 et le 20 septembre, juste \u00e0 temps pour l&rsquo;automne. Les fruits arborent une coloration rouge jaun\u00e2tre s\u00e9duisante, attirant les consommateurs avec la promesse d&rsquo;une douceur automnale inoubliable.<\/p>\n<p>Le PG15 est ainsi une vari\u00e9t\u00e9 de p\u00eache qui allie qualit\u00e9 gustative et attrait visuel, offrant une exp\u00e9rience fruit\u00e9e et savoureuse \u00e0 la fin de l&rsquo;\u00e9t\u00e9.<\/p>","protected":false},"featured_media":2704,"template":"","meta":{"_acf_changed":false},"product_brand":[],"product_cat":[50],"product_tag":[24,35,25,26,27],"class_list":{"0":"post-979","1":"product","2":"type-product","3":"status-publish","4":"has-post-thumbnail","6":"product_cat-plants-de-pechers","7":"product_tag-equipment","8":"product_tag-etranger","9":"product_tag-garden","10":"product_tag-plants","11":"product_tag-tools","13":"first","14":"instock","15":"shipping-taxable","16":"purchasable","17":"product-type-simple"},"acf":[],"yoast_head":"<!-- This site is optimized with the Yoast SEO plugin v25.5 - https:\/\/yoast.com\/wordpress\/plugins\/seo\/ -->\n<title>PG15 - P\u00c9PINIERE NOUR DU CENTRE<\/title>\n<meta name=\"robots\" content=\"index, follow, max-snippet:-1, max-image-preview:large, max-video-preview:-1\" \/>\n<link rel=\"canonical\" href=\"https:\/\/pepiniere-nour.com\/ar\/product\/pg15\/\" \/>\n<meta property=\"og:locale\" content=\"ar_AR\" \/>\n<meta property=\"og:type\" content=\"article\" \/>\n<meta property=\"og:title\" content=\"PG15 - P\u00c9PINIERE NOUR DU CENTRE\" \/>\n<meta property=\"og:description\" content=\"Caract\u00e9ristiques : La vari\u00e9t\u00e9 PG15 est une P\u00eache caract\u00e9ris\u00e9e par son faible besoin en froid (Low chilling). Les fruits, \u00e0 chair jaune, sont d&#039;un tr\u00e8s gros calibre, atteignant parfois jusqu&#039;\u00e0 300 g par pi\u00e8ce selon la conduite adapt\u00e9e par l&#039;agriculteur. Avec un taux de sucre \u00e9lev\u00e9, ils offrent une saveur sucr\u00e9e et d\u00e9licieuse.  La Douceur de l&#039;Automne : La maturit\u00e9 du PG15 est pr\u00e9vue entre le 15 et le 20 septembre, juste \u00e0 temps pour l&#039;automne. Les fruits arborent une coloration rouge jaun\u00e2tre s\u00e9duisante, attirant les consommateurs avec la promesse d&#039;une douceur automnale inoubliable.  Le PG15 est ainsi une vari\u00e9t\u00e9 de p\u00eache qui allie qualit\u00e9 gustative et attrait visuel, offrant une exp\u00e9rience fruit\u00e9e et savoureuse \u00e0 la fin de l&#039;\u00e9t\u00e9.\" \/>\n<meta property=\"og:url\" content=\"https:\/\/pepiniere-nour.com\/ar\/product\/pg15\/\" \/>\n<meta property=\"og:site_name\" content=\"P\u00c9PINIERE NOUR DU CENTRE\" \/>\n<meta property=\"article:modified_time\" content=\"2024-05-21T11:28:02+00:00\" \/>\n<meta property=\"og:image\" content=\"https:\/\/pepiniere-nour.com\/wp-content\/uploads\/2024\/03\/Plants-de-pechers-P-G15.jpg\" \/>\n\t<meta property=\"og:image:width\" content=\"570\" \/>\n\t<meta property=\"og:image:height\" content=\"412\" \/>\n\t<meta property=\"og:image:type\" content=\"image\/jpeg\" \/>\n<meta name=\"twitter:card\" content=\"summary_large_image\" \/>\n<meta name=\"twitter:label1\" content=\"\u0648\u0642\u062a \u0627\u0644\u0642\u0631\u0627\u0621\u0629 \u0627\u0644\u0645\u064f\u0642\u062f\u0651\u0631\" \/>\n\t<meta name=\"twitter:data1\" content=\"\u062f\u0642\u064a\u0642\u0629 \u0648\u0627\u062d\u062f\u0629\" \/>\n<script type=\"application\/ld+json\" class=\"yoast-schema-graph\">{\"@context\":\"https:\/\/schema.org\",\"@graph\":[{\"@type\":\"WebPage\",\"@id\":\"https:\/\/pepiniere-nour.com\/produit\/pg15\",\"url\":\"https:\/\/pepiniere-nour.com\/produit\/pg15\",\"name\":\"PG15 - P\u00c9PINIERE NOUR DU CENTRE\",\"isPartOf\":{\"@id\":\"https:\/\/pepiniere-nour.com\/#website\"},\"primaryImageOfPage\":{\"@id\":\"https:\/\/pepiniere-nour.com\/produit\/pg15#primaryimage\"},\"image\":{\"@id\":\"https:\/\/pepiniere-nour.com\/produit\/pg15#primaryimage\"},\"thumbnailUrl\":\"https:\/\/pepiniere-nour.com\/wp-content\/uploads\/2024\/03\/Plants-de-pechers-P-G15.jpg\",\"datePublished\":\"2024-03-20T22:55:46+00:00\",\"dateModified\":\"2024-05-21T11:28:02+00:00\",\"breadcrumb\":{\"@id\":\"https:\/\/pepiniere-nour.com\/produit\/pg15#breadcrumb\"},\"inLanguage\":\"ar\",\"potentialAction\":[{\"@type\":\"ReadAction\",\"target\":[\"https:\/\/pepiniere-nour.com\/produit\/pg15\"]}]},{\"@type\":\"ImageObject\",\"inLanguage\":\"ar\",\"@id\":\"https:\/\/pepiniere-nour.com\/produit\/pg15#primaryimage\",\"url\":\"https:\/\/pepiniere-nour.com\/wp-content\/uploads\/2024\/03\/Plants-de-pechers-P-G15.jpg\",\"contentUrl\":\"https:\/\/pepiniere-nour.com\/wp-content\/uploads\/2024\/03\/Plants-de-pechers-P-G15.jpg\",\"width\":570,\"height\":412,\"caption\":\"Plants de p\u00eachers PG15\"},{\"@type\":\"BreadcrumbList\",\"@id\":\"https:\/\/pepiniere-nour.com\/produit\/pg15#breadcrumb\",\"itemListElement\":[{\"@type\":\"ListItem\",\"position\":1,\"name\":\"Accueil\",\"item\":\"https:\/\/pepiniere-nour.com\/\"},{\"@type\":\"ListItem\",\"position\":2,\"name\":\"Boutique\",\"item\":\"https:\/\/pepiniere-nour.com\/boutique\"},{\"@type\":\"ListItem\",\"position\":3,\"name\":\"PG15\"}]},{\"@type\":\"WebSite\",\"@id\":\"https:\/\/pepiniere-nour.com\/#website\",\"url\":\"https:\/\/pepiniere-nour.com\/\",\"name\":\"P\u00c9PINIERE NOUR DU CENTRE\",\"description\":\"P\u00c9PINIERE NOUR DU CENTRE\",\"publisher\":{\"@id\":\"https:\/\/pepiniere-nour.com\/#organization\"},\"potentialAction\":[{\"@type\":\"SearchAction\",\"target\":{\"@type\":\"EntryPoint\",\"urlTemplate\":\"https:\/\/pepiniere-nour.com\/?s={search_term_string}\"},\"query-input\":{\"@type\":\"PropertyValueSpecification\",\"valueRequired\":true,\"valueName\":\"search_term_string\"}}],\"inLanguage\":\"ar\"},{\"@type\":\"Organization\",\"@id\":\"https:\/\/pepiniere-nour.com\/#organization\",\"name\":\"P\u00c9PINIERE NOUR DU CENTRE\",\"url\":\"https:\/\/pepiniere-nour.com\/\",\"logo\":{\"@type\":\"ImageObject\",\"inLanguage\":\"ar\",\"@id\":\"https:\/\/pepiniere-nour.com\/#\/schema\/logo\/image\/\",\"url\":\"https:\/\/pepiniere-nour.com\/wp-content\/uploads\/2024\/03\/Remove-bg.ai_1709804773648.png\",\"contentUrl\":\"https:\/\/pepiniere-nour.com\/wp-content\/uploads\/2024\/03\/Remove-bg.ai_1709804773648.png\",\"width\":1199,\"height\":1199,\"caption\":\"P\u00c9PINIERE NOUR DU CENTRE\"},\"image\":{\"@id\":\"https:\/\/pepiniere-nour.com\/#\/schema\/logo\/image\/\"}}]}<\/script>\n<!-- \/ Yoast SEO plugin. -->","yoast_head_json":{"title":"PG15 - P\u00c9PINIERE NOUR DU CENTRE","robots":{"index":"index","follow":"follow","max-snippet":"max-snippet:-1","max-image-preview":"max-image-preview:large","max-video-preview":"max-video-preview:-1"},"canonical":"https:\/\/pepiniere-nour.com\/ar\/product\/pg15\/","og_locale":"ar_AR","og_type":"article","og_title":"PG15 - P\u00c9PINIERE NOUR DU CENTRE","og_description":"Caract\u00e9ristiques : La vari\u00e9t\u00e9 PG15 est une P\u00eache caract\u00e9ris\u00e9e par son faible besoin en froid (Low chilling). Les fruits, \u00e0 chair jaune, sont d'un tr\u00e8s gros calibre, atteignant parfois jusqu'\u00e0 300 g par pi\u00e8ce selon la conduite adapt\u00e9e par l'agriculteur. Avec un taux de sucre \u00e9lev\u00e9, ils offrent une saveur sucr\u00e9e et d\u00e9licieuse.  La Douceur de l'Automne : La maturit\u00e9 du PG15 est pr\u00e9vue entre le 15 et le 20 septembre, juste \u00e0 temps pour l'automne. Les fruits arborent une coloration rouge jaun\u00e2tre s\u00e9duisante, attirant les consommateurs avec la promesse d'une douceur automnale inoubliable.  Le PG15 est ainsi une vari\u00e9t\u00e9 de p\u00eache qui allie qualit\u00e9 gustative et attrait visuel, offrant une exp\u00e9rience fruit\u00e9e et savoureuse \u00e0 la fin de l'\u00e9t\u00e9.","og_url":"https:\/\/pepiniere-nour.com\/ar\/product\/pg15\/","og_site_name":"P\u00c9PINIERE NOUR DU CENTRE","article_modified_time":"2024-05-21T11:28:02+00:00","og_image":[{"width":570,"height":412,"url":"https:\/\/pepiniere-nour.com\/wp-content\/uploads\/2024\/03\/Plants-de-pechers-P-G15.jpg","type":"image\/jpeg"}],"twitter_card":"summary_large_image","twitter_misc":{"\u0648\u0642\u062a \u0627\u0644\u0642\u0631\u0627\u0621\u0629 \u0627\u0644\u0645\u064f\u0642\u062f\u0651\u0631":"\u062f\u0642\u064a\u0642\u0629 \u0648\u0627\u062d\u062f\u0629"},"schema":{"@context":"https:\/\/schema.org","@graph":[{"@type":"WebPage","@id":"https:\/\/pepiniere-nour.com\/produit\/pg15","url":"https:\/\/pepiniere-nour.com\/produit\/pg15","name":"PG15 - P\u00c9PINIERE NOUR DU CENTRE","isPartOf":{"@id":"https:\/\/pepiniere-nour.com\/#website"},"primaryImageOfPage":{"@id":"https:\/\/pepiniere-nour.com\/produit\/pg15#primaryimage"},"image":{"@id":"https:\/\/pepiniere-nour.com\/produit\/pg15#primaryimage"},"thumbnailUrl":"https:\/\/pepiniere-nour.com\/wp-content\/uploads\/2024\/03\/Plants-de-pechers-P-G15.jpg","datePublished":"2024-03-20T22:55:46+00:00","dateModified":"2024-05-21T11:28:02+00:00","breadcrumb":{"@id":"https:\/\/pepiniere-nour.com\/produit\/pg15#breadcrumb"},"inLanguage":"ar","potentialAction":[{"@type":"ReadAction","target":["https:\/\/pepiniere-nour.com\/produit\/pg15"]}]},{"@type":"ImageObject","inLanguage":"ar","@id":"https:\/\/pepiniere-nour.com\/produit\/pg15#primaryimage","url":"https:\/\/pepiniere-nour.com\/wp-content\/uploads\/2024\/03\/Plants-de-pechers-P-G15.jpg","contentUrl":"https:\/\/pepiniere-nour.com\/wp-content\/uploads\/2024\/03\/Plants-de-pechers-P-G15.jpg","width":570,"height":412,"caption":"Plants de p\u00eachers PG15"},{"@type":"BreadcrumbList","@id":"https:\/\/pepiniere-nour.com\/produit\/pg15#breadcrumb","itemListElement":[{"@type":"ListItem","position":1,"name":"Accueil","item":"https:\/\/pepiniere-nour.com\/"},{"@type":"ListItem","position":2,"name":"Boutique","item":"https:\/\/pepiniere-nour.com\/boutique"},{"@type":"ListItem","position":3,"name":"PG15"}]},{"@type":"WebSite","@id":"https:\/\/pepiniere-nour.com\/#website","url":"https:\/\/pepiniere-nour.com\/","name":"P\u00c9PINIERE NOUR DU CENTRE","description":"P\u00c9PINIERE NOUR DU CENTRE","publisher":{"@id":"https:\/\/pepiniere-nour.com\/#organization"},"potentialAction":[{"@type":"SearchAction","target":{"@type":"EntryPoint","urlTemplate":"https:\/\/pepiniere-nour.com\/?s={search_term_string}"},"query-input":{"@type":"PropertyValueSpecification","valueRequired":true,"valueName":"search_term_string"}}],"inLanguage":"ar"},{"@type":"Organization","@id":"https:\/\/pepiniere-nour.com\/#organization","name":"P\u00c9PINIERE NOUR DU CENTRE","url":"https:\/\/pepiniere-nour.com\/","logo":{"@type":"ImageObject","inLanguage":"ar","@id":"https:\/\/pepiniere-nour.com\/#\/schema\/logo\/image\/","url":"https:\/\/pepiniere-nour.com\/wp-content\/uploads\/2024\/03\/Remove-bg.ai_1709804773648.png","contentUrl":"https:\/\/pepiniere-nour.com\/wp-content\/uploads\/2024\/03\/Remove-bg.ai_1709804773648.png","width":1199,"height":1199,"caption":"P\u00c9PINIERE NOUR DU CENTRE"},"image":{"@id":"https:\/\/pepiniere-nour.com\/#\/schema\/logo\/image\/"}}]}},"_links":{"self":[{"href":"https:\/\/pepiniere-nour.com\/ar\/wp-json\/wp\/v2\/product\/979","targetHints":{"allow":["GET"]}}],"collection":[{"href":"https:\/\/pepiniere-nour.com\/ar\/wp-json\/wp\/v2\/product"}],"about":[{"href":"https:\/\/pepiniere-nour.com\/ar\/wp-json\/wp\/v2\/types\/product"}],"wp:featuredmedia":[{"embeddable":true,"href":"https:\/\/pepiniere-nour.com\/ar\/wp-json\/wp\/v2\/media\/2704"}],"wp:attachment":[{"href":"https:\/\/pepiniere-nour.com\/ar\/wp-json\/wp\/v2\/media?parent=979"}],"wp:term":[{"taxonomy":"product_brand","embeddable":true,"href":"https:\/\/pepiniere-nour.com\/ar\/wp-json\/wp\/v2\/product_brand?post=979"},{"taxonomy":"product_cat","embeddable":true,"href":"https:\/\/pepiniere-nour.com\/ar\/wp-json\/wp\/v2\/product_cat?post=979"},{"taxonomy":"product_tag","embeddable":true,"href":"https:\/\/pepiniere-nour.com\/ar\/wp-json\/wp\/v2\/product_tag?post=979"}],"curies":[{"name":"wp","href":"https:\/\/api.w.org\/{rel}","templated":true}]}}