{"id":977,"date":"2024-03-20T22:55:22","date_gmt":"2024-03-20T22:55:22","guid":{"rendered":"https:\/\/pepiniere-nour.com\/?post_type=product&#038;p=977"},"modified":"2024-05-21T11:28:27","modified_gmt":"2024-05-21T11:28:27","slug":"beldi","status":"publish","type":"product","link":"https:\/\/pepiniere-nour.com\/ar\/product\/beldi","title":{"rendered":"\u0628\u0644\u062f\u064a"},"content":{"rendered":"","protected":false},"excerpt":{"rendered":"<p><strong>\u0627\u0644\u062e\u0635\u0627\u0626\u0635<\/strong><br \/>\nLe citronnier BELDI est un arbre fruitier de taille moyenne, pouvant atteindre jusqu&rsquo;\u00e0 4 m\u00e8tres de hauteur. Son tronc est orn\u00e9 d&rsquo;\u00e9pines et sa cime adopte une forme arrondie. Ses feuilles ovales, d&rsquo;un vert fonc\u00e9 caract\u00e9ristique, poss\u00e8dent une texture l\u00e9g\u00e8rement rugueuse. Au printemps, il produit des fleurs blanches, suivies de fruits jaunes et ronds \u00e0 la peau \u00e9paisse et granuleuse.<\/p>\n<p><strong>\u0627\u0644\u0645\u0631\u0648\u0646\u0629 \u0648\u0627\u0644\u0642\u062f\u0631\u0629 \u0639\u0644\u0649 \u0627\u0644\u062a\u0643\u064a\u0641:<\/strong><br \/>\nLe citronnier BELDI se distingue par sa r\u00e9sistance aux conditions environnementales difficiles et sa capacit\u00e9 \u00e0 s&rsquo;adapter \u00e0 diff\u00e9rents types de sols et de climats, en particulier dans les r\u00e9gions m\u00e9diterran\u00e9ennes.<\/p>\n<p><strong>\u0641\u0648\u0627\u0643\u0647 \u0639\u0627\u0644\u064a\u0629 \u0627\u0644\u062c\u0648\u062f\u0629:<\/strong><br \/>\n\u064a\u0634\u062a\u0647\u0631 \u0627\u0644\u0644\u064a\u0645\u0648\u0646 \u0627\u0644\u0630\u064a \u062a\u0646\u062a\u062c\u0647 \u0634\u062c\u0631\u0629 \u0644\u064a\u0645\u0648\u0646 \u0628\u0644\u062f\u064a \u0628\u0642\u0634\u0631\u062a\u0647 \u0627\u0644\u0633\u0645\u064a\u0643\u0629 \u0648\u0627\u0644\u0645\u062d\u0628\u0628\u0629 \u0628\u0627\u0644\u0625\u0636\u0627\u0641\u0629 \u0625\u0644\u0649 \u0646\u0643\u0647\u062a\u0647 \u0627\u0644\u0645\u0645\u064a\u0632\u0629\u060c \u0645\u0645\u0627 \u064a\u062c\u0639\u0644\u0647 \u0645\u062b\u0627\u0644\u064a\u064b\u0627 \u0644\u0644\u0627\u0633\u062a\u062e\u062f\u0627\u0645 \u0641\u064a \u0645\u0637\u0628\u062e \u0634\u0645\u0627\u0644 \u0625\u0641\u0631\u064a\u0642\u064a\u0627 \u0648\u0644\u0635\u0646\u0639 \u0627\u0644\u0645\u0634\u0631\u0648\u0628\u0627\u062a \u0627\u0644\u0645\u0646\u0639\u0634\u0629.<\/p>","protected":false},"featured_media":2714,"template":"","meta":{"_acf_changed":false},"product_brand":[],"product_cat":[49,46],"product_tag":[24,35,25,26,27],"class_list":{"0":"post-977","1":"product","2":"type-product","3":"status-publish","4":"has-post-thumbnail","6":"product_cat-citronniers","7":"product_cat-plants-dargumes","8":"product_tag-equipment","9":"product_tag-etranger","10":"product_tag-garden","11":"product_tag-plants","12":"product_tag-tools","14":"first","15":"instock","16":"shipping-taxable","17":"purchasable","18":"product-type-simple"},"acf":[],"yoast_head":"<!-- This site is optimized with the Yoast SEO plugin v25.5 - https:\/\/yoast.com\/wordpress\/plugins\/seo\/ -->\n<title>Beldi - P\u00c9PINIERE NOUR DU CENTRE<\/title>\n<meta name=\"robots\" content=\"index, follow, max-snippet:-1, max-image-preview:large, max-video-preview:-1\" \/>\n<link rel=\"canonical\" href=\"https:\/\/pepiniere-nour.com\/ar\/product\/beldi\/\" \/>\n<meta property=\"og:locale\" content=\"ar_AR\" \/>\n<meta property=\"og:type\" content=\"article\" \/>\n<meta property=\"og:title\" content=\"Beldi - P\u00c9PINIERE NOUR DU CENTRE\" \/>\n<meta property=\"og:description\" content=\"Caract\u00e9ristiques : Le citronnier BELDI est un arbre fruitier de taille moyenne, pouvant atteindre jusqu&#039;\u00e0 4 m\u00e8tres de hauteur. Son tronc est orn\u00e9 d&#039;\u00e9pines et sa cime adopte une forme arrondie. Ses feuilles ovales, d&#039;un vert fonc\u00e9 caract\u00e9ristique, poss\u00e8dent une texture l\u00e9g\u00e8rement rugueuse. Au printemps, il produit des fleurs blanches, suivies de fruits jaunes et ronds \u00e0 la peau \u00e9paisse et granuleuse.  R\u00e9silience et Adaptabilit\u00e9 : Le citronnier BELDI se distingue par sa r\u00e9sistance aux conditions environnementales difficiles et sa capacit\u00e9 \u00e0 s&#039;adapter \u00e0 diff\u00e9rents types de sols et de climats, en particulier dans les r\u00e9gions m\u00e9diterran\u00e9ennes.  Fruits de Qualit\u00e9 : Les citrons produits par le citronnier BELDI sont r\u00e9put\u00e9s pour leur peau \u00e9paisse et granuleuse ainsi que pour leur saveur distinctive, ce qui les rend id\u00e9aux pour une utilisation dans la cuisine maghr\u00e9bine et pour la fabrication de boissons rafra\u00eechissantes.\" \/>\n<meta property=\"og:url\" content=\"https:\/\/pepiniere-nour.com\/ar\/product\/beldi\/\" \/>\n<meta property=\"og:site_name\" content=\"P\u00c9PINIERE NOUR DU CENTRE\" \/>\n<meta property=\"article:modified_time\" content=\"2024-05-21T11:28:27+00:00\" \/>\n<meta property=\"og:image\" content=\"https:\/\/pepiniere-nour.com\/wp-content\/uploads\/2024\/03\/Plants-dagrumes-Citronnier-Beldi.jpg\" \/>\n\t<meta property=\"og:image:width\" content=\"570\" \/>\n\t<meta property=\"og:image:height\" content=\"380\" \/>\n\t<meta property=\"og:image:type\" content=\"image\/jpeg\" \/>\n<meta name=\"twitter:card\" content=\"summary_large_image\" \/>\n<meta name=\"twitter:label1\" content=\"\u0648\u0642\u062a \u0627\u0644\u0642\u0631\u0627\u0621\u0629 \u0627\u0644\u0645\u064f\u0642\u062f\u0651\u0631\" \/>\n\t<meta name=\"twitter:data1\" content=\"\u062f\u0642\u064a\u0642\u0629 \u0648\u0627\u062d\u062f\u0629\" \/>\n<script type=\"application\/ld+json\" class=\"yoast-schema-graph\">{\"@context\":\"https:\/\/schema.org\",\"@graph\":[{\"@type\":\"WebPage\",\"@id\":\"https:\/\/pepiniere-nour.com\/produit\/beldi\",\"url\":\"https:\/\/pepiniere-nour.com\/produit\/beldi\",\"name\":\"Beldi - P\u00c9PINIERE NOUR DU CENTRE\",\"isPartOf\":{\"@id\":\"https:\/\/pepiniere-nour.com\/#website\"},\"primaryImageOfPage\":{\"@id\":\"https:\/\/pepiniere-nour.com\/produit\/beldi#primaryimage\"},\"image\":{\"@id\":\"https:\/\/pepiniere-nour.com\/produit\/beldi#primaryimage\"},\"thumbnailUrl\":\"https:\/\/pepiniere-nour.com\/wp-content\/uploads\/2024\/03\/Plants-dagrumes-Citronnier-Beldi.jpg\",\"datePublished\":\"2024-03-20T22:55:22+00:00\",\"dateModified\":\"2024-05-21T11:28:27+00:00\",\"breadcrumb\":{\"@id\":\"https:\/\/pepiniere-nour.com\/produit\/beldi#breadcrumb\"},\"inLanguage\":\"ar\",\"potentialAction\":[{\"@type\":\"ReadAction\",\"target\":[\"https:\/\/pepiniere-nour.com\/produit\/beldi\"]}]},{\"@type\":\"ImageObject\",\"inLanguage\":\"ar\",\"@id\":\"https:\/\/pepiniere-nour.com\/produit\/beldi#primaryimage\",\"url\":\"https:\/\/pepiniere-nour.com\/wp-content\/uploads\/2024\/03\/Plants-dagrumes-Citronnier-Beldi.jpg\",\"contentUrl\":\"https:\/\/pepiniere-nour.com\/wp-content\/uploads\/2024\/03\/Plants-dagrumes-Citronnier-Beldi.jpg\",\"width\":570,\"height\":380,\"caption\":\"Plants d'agrumes Citronniers Beldi\"},{\"@type\":\"BreadcrumbList\",\"@id\":\"https:\/\/pepiniere-nour.com\/produit\/beldi#breadcrumb\",\"itemListElement\":[{\"@type\":\"ListItem\",\"position\":1,\"name\":\"Accueil\",\"item\":\"https:\/\/pepiniere-nour.com\/\"},{\"@type\":\"ListItem\",\"position\":2,\"name\":\"Boutique\",\"item\":\"https:\/\/pepiniere-nour.com\/boutique\"},{\"@type\":\"ListItem\",\"position\":3,\"name\":\"Beldi\"}]},{\"@type\":\"WebSite\",\"@id\":\"https:\/\/pepiniere-nour.com\/#website\",\"url\":\"https:\/\/pepiniere-nour.com\/\",\"name\":\"P\u00c9PINIERE NOUR DU CENTRE\",\"description\":\"P\u00c9PINIERE NOUR DU CENTRE\",\"publisher\":{\"@id\":\"https:\/\/pepiniere-nour.com\/#organization\"},\"potentialAction\":[{\"@type\":\"SearchAction\",\"target\":{\"@type\":\"EntryPoint\",\"urlTemplate\":\"https:\/\/pepiniere-nour.com\/?s={search_term_string}\"},\"query-input\":{\"@type\":\"PropertyValueSpecification\",\"valueRequired\":true,\"valueName\":\"search_term_string\"}}],\"inLanguage\":\"ar\"},{\"@type\":\"Organization\",\"@id\":\"https:\/\/pepiniere-nour.com\/#organization\",\"name\":\"P\u00c9PINIERE NOUR DU CENTRE\",\"url\":\"https:\/\/pepiniere-nour.com\/\",\"logo\":{\"@type\":\"ImageObject\",\"inLanguage\":\"ar\",\"@id\":\"https:\/\/pepiniere-nour.com\/#\/schema\/logo\/image\/\",\"url\":\"https:\/\/pepiniere-nour.com\/wp-content\/uploads\/2024\/03\/Remove-bg.ai_1709804773648.png\",\"contentUrl\":\"https:\/\/pepiniere-nour.com\/wp-content\/uploads\/2024\/03\/Remove-bg.ai_1709804773648.png\",\"width\":1199,\"height\":1199,\"caption\":\"P\u00c9PINIERE NOUR DU CENTRE\"},\"image\":{\"@id\":\"https:\/\/pepiniere-nour.com\/#\/schema\/logo\/image\/\"}}]}<\/script>\n<!-- \/ Yoast SEO plugin. -->","yoast_head_json":{"title":"Beldi - P\u00c9PINIERE NOUR DU CENTRE","robots":{"index":"index","follow":"follow","max-snippet":"max-snippet:-1","max-image-preview":"max-image-preview:large","max-video-preview":"max-video-preview:-1"},"canonical":"https:\/\/pepiniere-nour.com\/ar\/product\/beldi\/","og_locale":"ar_AR","og_type":"article","og_title":"Beldi - P\u00c9PINIERE NOUR DU CENTRE","og_description":"Caract\u00e9ristiques : Le citronnier BELDI est un arbre fruitier de taille moyenne, pouvant atteindre jusqu'\u00e0 4 m\u00e8tres de hauteur. Son tronc est orn\u00e9 d'\u00e9pines et sa cime adopte une forme arrondie. Ses feuilles ovales, d'un vert fonc\u00e9 caract\u00e9ristique, poss\u00e8dent une texture l\u00e9g\u00e8rement rugueuse. Au printemps, il produit des fleurs blanches, suivies de fruits jaunes et ronds \u00e0 la peau \u00e9paisse et granuleuse.  R\u00e9silience et Adaptabilit\u00e9 : Le citronnier BELDI se distingue par sa r\u00e9sistance aux conditions environnementales difficiles et sa capacit\u00e9 \u00e0 s'adapter \u00e0 diff\u00e9rents types de sols et de climats, en particulier dans les r\u00e9gions m\u00e9diterran\u00e9ennes.  Fruits de Qualit\u00e9 : Les citrons produits par le citronnier BELDI sont r\u00e9put\u00e9s pour leur peau \u00e9paisse et granuleuse ainsi que pour leur saveur distinctive, ce qui les rend id\u00e9aux pour une utilisation dans la cuisine maghr\u00e9bine et pour la fabrication de boissons rafra\u00eechissantes.","og_url":"https:\/\/pepiniere-nour.com\/ar\/product\/beldi\/","og_site_name":"P\u00c9PINIERE NOUR DU CENTRE","article_modified_time":"2024-05-21T11:28:27+00:00","og_image":[{"width":570,"height":380,"url":"https:\/\/pepiniere-nour.com\/wp-content\/uploads\/2024\/03\/Plants-dagrumes-Citronnier-Beldi.jpg","type":"image\/jpeg"}],"twitter_card":"summary_large_image","twitter_misc":{"\u0648\u0642\u062a \u0627\u0644\u0642\u0631\u0627\u0621\u0629 \u0627\u0644\u0645\u064f\u0642\u062f\u0651\u0631":"\u062f\u0642\u064a\u0642\u0629 \u0648\u0627\u062d\u062f\u0629"},"schema":{"@context":"https:\/\/schema.org","@graph":[{"@type":"WebPage","@id":"https:\/\/pepiniere-nour.com\/produit\/beldi","url":"https:\/\/pepiniere-nour.com\/produit\/beldi","name":"Beldi - P\u00c9PINIERE NOUR DU CENTRE","isPartOf":{"@id":"https:\/\/pepiniere-nour.com\/#website"},"primaryImageOfPage":{"@id":"https:\/\/pepiniere-nour.com\/produit\/beldi#primaryimage"},"image":{"@id":"https:\/\/pepiniere-nour.com\/produit\/beldi#primaryimage"},"thumbnailUrl":"https:\/\/pepiniere-nour.com\/wp-content\/uploads\/2024\/03\/Plants-dagrumes-Citronnier-Beldi.jpg","datePublished":"2024-03-20T22:55:22+00:00","dateModified":"2024-05-21T11:28:27+00:00","breadcrumb":{"@id":"https:\/\/pepiniere-nour.com\/produit\/beldi#breadcrumb"},"inLanguage":"ar","potentialAction":[{"@type":"ReadAction","target":["https:\/\/pepiniere-nour.com\/produit\/beldi"]}]},{"@type":"ImageObject","inLanguage":"ar","@id":"https:\/\/pepiniere-nour.com\/produit\/beldi#primaryimage","url":"https:\/\/pepiniere-nour.com\/wp-content\/uploads\/2024\/03\/Plants-dagrumes-Citronnier-Beldi.jpg","contentUrl":"https:\/\/pepiniere-nour.com\/wp-content\/uploads\/2024\/03\/Plants-dagrumes-Citronnier-Beldi.jpg","width":570,"height":380,"caption":"Plants d'agrumes Citronniers Beldi"},{"@type":"BreadcrumbList","@id":"https:\/\/pepiniere-nour.com\/produit\/beldi#breadcrumb","itemListElement":[{"@type":"ListItem","position":1,"name":"Accueil","item":"https:\/\/pepiniere-nour.com\/"},{"@type":"ListItem","position":2,"name":"Boutique","item":"https:\/\/pepiniere-nour.com\/boutique"},{"@type":"ListItem","position":3,"name":"Beldi"}]},{"@type":"WebSite","@id":"https:\/\/pepiniere-nour.com\/#website","url":"https:\/\/pepiniere-nour.com\/","name":"P\u00c9PINIERE NOUR DU CENTRE","description":"P\u00c9PINIERE NOUR DU CENTRE","publisher":{"@id":"https:\/\/pepiniere-nour.com\/#organization"},"potentialAction":[{"@type":"SearchAction","target":{"@type":"EntryPoint","urlTemplate":"https:\/\/pepiniere-nour.com\/?s={search_term_string}"},"query-input":{"@type":"PropertyValueSpecification","valueRequired":true,"valueName":"search_term_string"}}],"inLanguage":"ar"},{"@type":"Organization","@id":"https:\/\/pepiniere-nour.com\/#organization","name":"P\u00c9PINIERE NOUR DU CENTRE","url":"https:\/\/pepiniere-nour.com\/","logo":{"@type":"ImageObject","inLanguage":"ar","@id":"https:\/\/pepiniere-nour.com\/#\/schema\/logo\/image\/","url":"https:\/\/pepiniere-nour.com\/wp-content\/uploads\/2024\/03\/Remove-bg.ai_1709804773648.png","contentUrl":"https:\/\/pepiniere-nour.com\/wp-content\/uploads\/2024\/03\/Remove-bg.ai_1709804773648.png","width":1199,"height":1199,"caption":"P\u00c9PINIERE NOUR DU CENTRE"},"image":{"@id":"https:\/\/pepiniere-nour.com\/#\/schema\/logo\/image\/"}}]}},"_links":{"self":[{"href":"https:\/\/pepiniere-nour.com\/ar\/wp-json\/wp\/v2\/product\/977","targetHints":{"allow":["GET"]}}],"collection":[{"href":"https:\/\/pepiniere-nour.com\/ar\/wp-json\/wp\/v2\/product"}],"about":[{"href":"https:\/\/pepiniere-nour.com\/ar\/wp-json\/wp\/v2\/types\/product"}],"wp:featuredmedia":[{"embeddable":true,"href":"https:\/\/pepiniere-nour.com\/ar\/wp-json\/wp\/v2\/media\/2714"}],"wp:attachment":[{"href":"https:\/\/pepiniere-nour.com\/ar\/wp-json\/wp\/v2\/media?parent=977"}],"wp:term":[{"taxonomy":"product_brand","embeddable":true,"href":"https:\/\/pepiniere-nour.com\/ar\/wp-json\/wp\/v2\/product_brand?post=977"},{"taxonomy":"product_cat","embeddable":true,"href":"https:\/\/pepiniere-nour.com\/ar\/wp-json\/wp\/v2\/product_cat?post=977"},{"taxonomy":"product_tag","embeddable":true,"href":"https:\/\/pepiniere-nour.com\/ar\/wp-json\/wp\/v2\/product_tag?post=977"}],"curies":[{"name":"wp","href":"https:\/\/api.w.org\/{rel}","templated":true}]}}