{"id":976,"date":"2024-03-20T22:55:09","date_gmt":"2024-03-20T22:55:09","guid":{"rendered":"https:\/\/pepiniere-nour.com\/?post_type=product&#038;p=976"},"modified":"2024-05-21T11:31:34","modified_gmt":"2024-05-21T11:31:34","slug":"eureka-4-saisons","status":"publish","type":"product","link":"https:\/\/pepiniere-nour.com\/ar\/product\/eureka-4-saisons","title":{"rendered":"\u0625\u0631\u064a\u0643\u0627 4\u0645\u0648\u0627\u0633\u0645"},"content":{"rendered":"","protected":false},"excerpt":{"rendered":"<p><strong>\u0627\u0644\u0644\u064a\u0645\u0648\u0646 \u0627\u0644\u0645\u062a\u0646\u0648\u0639<\/strong><\/p>\n<p>D&rsquo;origine am\u00e9ricaine, la vari\u00e9t\u00e9 Eureka est le fruit d&rsquo;une s\u00e9lection minutieuse de semis. Son port \u00e9tal\u00e9 t\u00e9moigne de sa vigueur, tandis que sa forme ovale oblongue, parfois agr\u00e9ment\u00e9e d&rsquo;un mamelon distinctif, en fait un sp\u00e9cimen reconnaissable parmi les citrons.<\/p>\n<p><strong>\u0627\u0644\u0633\u0645\u0627\u062a \u0627\u0644\u0645\u0645\u064a\u0632\u0629<\/strong><\/p>\n<p>Affichant un calibre g\u00e9n\u00e9reux et une \u00e9corce d&rsquo;un jaune vif, l&rsquo;Eureka se distingue \u00e9galement par sa saveur citronn\u00e9e acidul\u00e9e, pris\u00e9e des amateurs de cuisine. Son faible nombre de p\u00e9pins facilite sa manipulation en cuisine. Il s&rsquo;agit d&rsquo;une vari\u00e9t\u00e9 remontante, offrant des r\u00e9coltes tout au long de l&rsquo;ann\u00e9e, avec un pic de production observ\u00e9 au printemps.<\/p>","protected":false},"featured_media":2597,"template":"","meta":{"_acf_changed":false},"product_brand":[],"product_cat":[49,46],"product_tag":[24,35,25,26,27],"class_list":{"0":"post-976","1":"product","2":"type-product","3":"status-publish","4":"has-post-thumbnail","6":"product_cat-citronniers","7":"product_cat-plants-dargumes","8":"product_tag-equipment","9":"product_tag-etranger","10":"product_tag-garden","11":"product_tag-plants","12":"product_tag-tools","14":"first","15":"instock","16":"shipping-taxable","17":"purchasable","18":"product-type-simple"},"acf":[],"yoast_head":"<!-- This site is optimized with the Yoast SEO plugin v25.5 - https:\/\/yoast.com\/wordpress\/plugins\/seo\/ -->\n<title>Eureka 4 saisons - P\u00c9PINIERE NOUR DU CENTRE<\/title>\n<meta name=\"robots\" content=\"index, follow, max-snippet:-1, max-image-preview:large, max-video-preview:-1\" \/>\n<link rel=\"canonical\" href=\"https:\/\/pepiniere-nour.com\/ar\/product\/eureka-4-saisons\/\" \/>\n<meta property=\"og:locale\" content=\"ar_AR\" \/>\n<meta property=\"og:type\" content=\"article\" \/>\n<meta property=\"og:title\" content=\"Eureka 4 saisons - P\u00c9PINIERE NOUR DU CENTRE\" \/>\n<meta property=\"og:description\" content=\"Le Citron Polyvalent  D&#039;origine am\u00e9ricaine, la vari\u00e9t\u00e9 Eureka est le fruit d&#039;une s\u00e9lection minutieuse de semis. Son port \u00e9tal\u00e9 t\u00e9moigne de sa vigueur, tandis que sa forme ovale oblongue, parfois agr\u00e9ment\u00e9e d&#039;un mamelon distinctif, en fait un sp\u00e9cimen reconnaissable parmi les citrons.  Caract\u00e9ristiques Distinctives  Affichant un calibre g\u00e9n\u00e9reux et une \u00e9corce d&#039;un jaune vif, l&#039;Eureka se distingue \u00e9galement par sa saveur citronn\u00e9e acidul\u00e9e, pris\u00e9e des amateurs de cuisine. Son faible nombre de p\u00e9pins facilite sa manipulation en cuisine. Il s&#039;agit d&#039;une vari\u00e9t\u00e9 remontante, offrant des r\u00e9coltes tout au long de l&#039;ann\u00e9e, avec un pic de production observ\u00e9 au printemps.\" \/>\n<meta property=\"og:url\" content=\"https:\/\/pepiniere-nour.com\/ar\/product\/eureka-4-saisons\/\" \/>\n<meta property=\"og:site_name\" content=\"P\u00c9PINIERE NOUR DU CENTRE\" \/>\n<meta property=\"article:modified_time\" content=\"2024-05-21T11:31:34+00:00\" \/>\n<meta property=\"og:image\" content=\"https:\/\/pepiniere-nour.com\/wp-content\/uploads\/2024\/03\/Eureka-scaled.jpeg\" \/>\n\t<meta property=\"og:image:width\" content=\"1920\" \/>\n\t<meta property=\"og:image:height\" content=\"2560\" \/>\n\t<meta property=\"og:image:type\" content=\"image\/jpeg\" \/>\n<meta name=\"twitter:card\" content=\"summary_large_image\" \/>\n<meta name=\"twitter:label1\" content=\"\u0648\u0642\u062a \u0627\u0644\u0642\u0631\u0627\u0621\u0629 \u0627\u0644\u0645\u064f\u0642\u062f\u0651\u0631\" \/>\n\t<meta name=\"twitter:data1\" content=\"\u062f\u0642\u064a\u0642\u0629 \u0648\u0627\u062d\u062f\u0629\" \/>\n<script type=\"application\/ld+json\" class=\"yoast-schema-graph\">{\"@context\":\"https:\/\/schema.org\",\"@graph\":[{\"@type\":\"WebPage\",\"@id\":\"https:\/\/pepiniere-nour.com\/produit\/eureka-4-saisons\",\"url\":\"https:\/\/pepiniere-nour.com\/produit\/eureka-4-saisons\",\"name\":\"Eureka 4 saisons - P\u00c9PINIERE NOUR DU CENTRE\",\"isPartOf\":{\"@id\":\"https:\/\/pepiniere-nour.com\/#website\"},\"primaryImageOfPage\":{\"@id\":\"https:\/\/pepiniere-nour.com\/produit\/eureka-4-saisons#primaryimage\"},\"image\":{\"@id\":\"https:\/\/pepiniere-nour.com\/produit\/eureka-4-saisons#primaryimage\"},\"thumbnailUrl\":\"https:\/\/pepiniere-nour.com\/wp-content\/uploads\/2024\/03\/Eureka-scaled.jpeg\",\"datePublished\":\"2024-03-20T22:55:09+00:00\",\"dateModified\":\"2024-05-21T11:31:34+00:00\",\"breadcrumb\":{\"@id\":\"https:\/\/pepiniere-nour.com\/produit\/eureka-4-saisons#breadcrumb\"},\"inLanguage\":\"ar\",\"potentialAction\":[{\"@type\":\"ReadAction\",\"target\":[\"https:\/\/pepiniere-nour.com\/produit\/eureka-4-saisons\"]}]},{\"@type\":\"ImageObject\",\"inLanguage\":\"ar\",\"@id\":\"https:\/\/pepiniere-nour.com\/produit\/eureka-4-saisons#primaryimage\",\"url\":\"https:\/\/pepiniere-nour.com\/wp-content\/uploads\/2024\/03\/Eureka-scaled.jpeg\",\"contentUrl\":\"https:\/\/pepiniere-nour.com\/wp-content\/uploads\/2024\/03\/Eureka-scaled.jpeg\",\"width\":1920,\"height\":2560,\"caption\":\"Citronnier Eureka\"},{\"@type\":\"BreadcrumbList\",\"@id\":\"https:\/\/pepiniere-nour.com\/produit\/eureka-4-saisons#breadcrumb\",\"itemListElement\":[{\"@type\":\"ListItem\",\"position\":1,\"name\":\"Accueil\",\"item\":\"https:\/\/pepiniere-nour.com\/\"},{\"@type\":\"ListItem\",\"position\":2,\"name\":\"Boutique\",\"item\":\"https:\/\/pepiniere-nour.com\/boutique\"},{\"@type\":\"ListItem\",\"position\":3,\"name\":\"Eureka 4 saisons\"}]},{\"@type\":\"WebSite\",\"@id\":\"https:\/\/pepiniere-nour.com\/#website\",\"url\":\"https:\/\/pepiniere-nour.com\/\",\"name\":\"P\u00c9PINIERE NOUR DU CENTRE\",\"description\":\"P\u00c9PINIERE NOUR DU CENTRE\",\"publisher\":{\"@id\":\"https:\/\/pepiniere-nour.com\/#organization\"},\"potentialAction\":[{\"@type\":\"SearchAction\",\"target\":{\"@type\":\"EntryPoint\",\"urlTemplate\":\"https:\/\/pepiniere-nour.com\/?s={search_term_string}\"},\"query-input\":{\"@type\":\"PropertyValueSpecification\",\"valueRequired\":true,\"valueName\":\"search_term_string\"}}],\"inLanguage\":\"ar\"},{\"@type\":\"Organization\",\"@id\":\"https:\/\/pepiniere-nour.com\/#organization\",\"name\":\"P\u00c9PINIERE NOUR DU CENTRE\",\"url\":\"https:\/\/pepiniere-nour.com\/\",\"logo\":{\"@type\":\"ImageObject\",\"inLanguage\":\"ar\",\"@id\":\"https:\/\/pepiniere-nour.com\/#\/schema\/logo\/image\/\",\"url\":\"https:\/\/pepiniere-nour.com\/wp-content\/uploads\/2024\/03\/Remove-bg.ai_1709804773648.png\",\"contentUrl\":\"https:\/\/pepiniere-nour.com\/wp-content\/uploads\/2024\/03\/Remove-bg.ai_1709804773648.png\",\"width\":1199,\"height\":1199,\"caption\":\"P\u00c9PINIERE NOUR DU CENTRE\"},\"image\":{\"@id\":\"https:\/\/pepiniere-nour.com\/#\/schema\/logo\/image\/\"}}]}<\/script>\n<!-- \/ Yoast SEO plugin. -->","yoast_head_json":{"title":"Eureka 4 saisons - P\u00c9PINIERE NOUR DU CENTRE","robots":{"index":"index","follow":"follow","max-snippet":"max-snippet:-1","max-image-preview":"max-image-preview:large","max-video-preview":"max-video-preview:-1"},"canonical":"https:\/\/pepiniere-nour.com\/ar\/product\/eureka-4-saisons\/","og_locale":"ar_AR","og_type":"article","og_title":"Eureka 4 saisons - P\u00c9PINIERE NOUR DU CENTRE","og_description":"Le Citron Polyvalent  D'origine am\u00e9ricaine, la vari\u00e9t\u00e9 Eureka est le fruit d'une s\u00e9lection minutieuse de semis. Son port \u00e9tal\u00e9 t\u00e9moigne de sa vigueur, tandis que sa forme ovale oblongue, parfois agr\u00e9ment\u00e9e d'un mamelon distinctif, en fait un sp\u00e9cimen reconnaissable parmi les citrons.  Caract\u00e9ristiques Distinctives  Affichant un calibre g\u00e9n\u00e9reux et une \u00e9corce d'un jaune vif, l'Eureka se distingue \u00e9galement par sa saveur citronn\u00e9e acidul\u00e9e, pris\u00e9e des amateurs de cuisine. Son faible nombre de p\u00e9pins facilite sa manipulation en cuisine. Il s'agit d'une vari\u00e9t\u00e9 remontante, offrant des r\u00e9coltes tout au long de l'ann\u00e9e, avec un pic de production observ\u00e9 au printemps.","og_url":"https:\/\/pepiniere-nour.com\/ar\/product\/eureka-4-saisons\/","og_site_name":"P\u00c9PINIERE NOUR DU CENTRE","article_modified_time":"2024-05-21T11:31:34+00:00","og_image":[{"width":1920,"height":2560,"url":"https:\/\/pepiniere-nour.com\/wp-content\/uploads\/2024\/03\/Eureka-scaled.jpeg","type":"image\/jpeg"}],"twitter_card":"summary_large_image","twitter_misc":{"\u0648\u0642\u062a \u0627\u0644\u0642\u0631\u0627\u0621\u0629 \u0627\u0644\u0645\u064f\u0642\u062f\u0651\u0631":"\u062f\u0642\u064a\u0642\u0629 \u0648\u0627\u062d\u062f\u0629"},"schema":{"@context":"https:\/\/schema.org","@graph":[{"@type":"WebPage","@id":"https:\/\/pepiniere-nour.com\/produit\/eureka-4-saisons","url":"https:\/\/pepiniere-nour.com\/produit\/eureka-4-saisons","name":"Eureka 4 saisons - P\u00c9PINIERE NOUR DU CENTRE","isPartOf":{"@id":"https:\/\/pepiniere-nour.com\/#website"},"primaryImageOfPage":{"@id":"https:\/\/pepiniere-nour.com\/produit\/eureka-4-saisons#primaryimage"},"image":{"@id":"https:\/\/pepiniere-nour.com\/produit\/eureka-4-saisons#primaryimage"},"thumbnailUrl":"https:\/\/pepiniere-nour.com\/wp-content\/uploads\/2024\/03\/Eureka-scaled.jpeg","datePublished":"2024-03-20T22:55:09+00:00","dateModified":"2024-05-21T11:31:34+00:00","breadcrumb":{"@id":"https:\/\/pepiniere-nour.com\/produit\/eureka-4-saisons#breadcrumb"},"inLanguage":"ar","potentialAction":[{"@type":"ReadAction","target":["https:\/\/pepiniere-nour.com\/produit\/eureka-4-saisons"]}]},{"@type":"ImageObject","inLanguage":"ar","@id":"https:\/\/pepiniere-nour.com\/produit\/eureka-4-saisons#primaryimage","url":"https:\/\/pepiniere-nour.com\/wp-content\/uploads\/2024\/03\/Eureka-scaled.jpeg","contentUrl":"https:\/\/pepiniere-nour.com\/wp-content\/uploads\/2024\/03\/Eureka-scaled.jpeg","width":1920,"height":2560,"caption":"Citronnier Eureka"},{"@type":"BreadcrumbList","@id":"https:\/\/pepiniere-nour.com\/produit\/eureka-4-saisons#breadcrumb","itemListElement":[{"@type":"ListItem","position":1,"name":"Accueil","item":"https:\/\/pepiniere-nour.com\/"},{"@type":"ListItem","position":2,"name":"Boutique","item":"https:\/\/pepiniere-nour.com\/boutique"},{"@type":"ListItem","position":3,"name":"Eureka 4 saisons"}]},{"@type":"WebSite","@id":"https:\/\/pepiniere-nour.com\/#website","url":"https:\/\/pepiniere-nour.com\/","name":"P\u00c9PINIERE NOUR DU CENTRE","description":"P\u00c9PINIERE NOUR DU CENTRE","publisher":{"@id":"https:\/\/pepiniere-nour.com\/#organization"},"potentialAction":[{"@type":"SearchAction","target":{"@type":"EntryPoint","urlTemplate":"https:\/\/pepiniere-nour.com\/?s={search_term_string}"},"query-input":{"@type":"PropertyValueSpecification","valueRequired":true,"valueName":"search_term_string"}}],"inLanguage":"ar"},{"@type":"Organization","@id":"https:\/\/pepiniere-nour.com\/#organization","name":"P\u00c9PINIERE NOUR DU CENTRE","url":"https:\/\/pepiniere-nour.com\/","logo":{"@type":"ImageObject","inLanguage":"ar","@id":"https:\/\/pepiniere-nour.com\/#\/schema\/logo\/image\/","url":"https:\/\/pepiniere-nour.com\/wp-content\/uploads\/2024\/03\/Remove-bg.ai_1709804773648.png","contentUrl":"https:\/\/pepiniere-nour.com\/wp-content\/uploads\/2024\/03\/Remove-bg.ai_1709804773648.png","width":1199,"height":1199,"caption":"P\u00c9PINIERE NOUR DU CENTRE"},"image":{"@id":"https:\/\/pepiniere-nour.com\/#\/schema\/logo\/image\/"}}]}},"_links":{"self":[{"href":"https:\/\/pepiniere-nour.com\/ar\/wp-json\/wp\/v2\/product\/976","targetHints":{"allow":["GET"]}}],"collection":[{"href":"https:\/\/pepiniere-nour.com\/ar\/wp-json\/wp\/v2\/product"}],"about":[{"href":"https:\/\/pepiniere-nour.com\/ar\/wp-json\/wp\/v2\/types\/product"}],"wp:featuredmedia":[{"embeddable":true,"href":"https:\/\/pepiniere-nour.com\/ar\/wp-json\/wp\/v2\/media\/2597"}],"wp:attachment":[{"href":"https:\/\/pepiniere-nour.com\/ar\/wp-json\/wp\/v2\/media?parent=976"}],"wp:term":[{"taxonomy":"product_brand","embeddable":true,"href":"https:\/\/pepiniere-nour.com\/ar\/wp-json\/wp\/v2\/product_brand?post=976"},{"taxonomy":"product_cat","embeddable":true,"href":"https:\/\/pepiniere-nour.com\/ar\/wp-json\/wp\/v2\/product_cat?post=976"},{"taxonomy":"product_tag","embeddable":true,"href":"https:\/\/pepiniere-nour.com\/ar\/wp-json\/wp\/v2\/product_tag?post=976"}],"curies":[{"name":"wp","href":"https:\/\/api.w.org\/{rel}","templated":true}]}}