{"id":972,"date":"2024-03-20T22:54:39","date_gmt":"2024-03-20T22:54:39","guid":{"rendered":"https:\/\/pepiniere-nour.com\/?post_type=product&#038;p=972"},"modified":"2024-05-21T11:39:38","modified_gmt":"2024-05-21T11:39:38","slug":"maltaise","status":"publish","type":"product","link":"https:\/\/pepiniere-nour.com\/ar\/product\/maltaise","title":{"rendered":"\u0645\u0627\u0644\u0637\u064a"},"content":{"rendered":"","protected":false},"excerpt":{"rendered":"<p><strong>\u0627\u0644\u062e\u0635\u0627\u0626\u0635 \u0648\u0627\u0644\u0623\u0635\u0644<\/strong><\/p>\n<p>La Maltaise est une vari\u00e9t\u00e9 d&rsquo;oranges class\u00e9e dans la cat\u00e9gorie des oranges.<\/p>\n<p><strong>\u0627\u0644\u0645\u0638\u0647\u0631 \u0627\u0644\u062c\u0633\u062f\u064a \u0648\u0627\u0644\u0646\u0645\u0648<\/strong><\/p>\n<p>Le port de l&rsquo;arbre est l\u00e9g\u00e8rement ramass\u00e9 \u00e0 la base et lanc\u00e9ol\u00e9 vers les extr\u00e9mit\u00e9s. Il pr\u00e9sente une vigueur moyenne. Les fruits ont une forme oblongue caract\u00e9ristique, avec un bon calibre compar\u00e9 \u00e0 la maltaise sanguine. Leur \u00e9corce est non mentionn\u00e9e, mais la peau est fine et facile \u00e0 peler. Les fruits contiennent peu de p\u00e9pins.<\/p>\n<p>&nbsp;<\/p>\n<p><strong>\u0627\u0644\u0627\u0647\u062a\u0645\u0627\u0645 \u0628\u0627\u0644\u062a\u0646\u0648\u0639<\/strong><\/p>\n<p><strong>\u00a0<\/strong><\/p>\n<p>La Maltaise est appr\u00e9ci\u00e9e pour sa qualit\u00e9, qui est sup\u00e9rieure \u00e0 celle d&rsquo;autres vari\u00e9t\u00e9s m\u00fbrissant \u00e0 la m\u00eame \u00e9poque.<\/p>","protected":false},"featured_media":2723,"template":"","meta":{"_acf_changed":false},"product_brand":[],"product_cat":[48,46],"product_tag":[24,35,25,26,27],"class_list":{"0":"post-972","1":"product","2":"type-product","3":"status-publish","4":"has-post-thumbnail","6":"product_cat-orangers","7":"product_cat-plants-dargumes","8":"product_tag-equipment","9":"product_tag-etranger","10":"product_tag-garden","11":"product_tag-plants","12":"product_tag-tools","14":"first","15":"instock","16":"shipping-taxable","17":"purchasable","18":"product-type-simple"},"acf":[],"yoast_head":"<!-- This site is optimized with the Yoast SEO plugin v25.5 - https:\/\/yoast.com\/wordpress\/plugins\/seo\/ -->\n<title>Maltaise - P\u00c9PINIERE NOUR DU CENTRE<\/title>\n<meta name=\"robots\" content=\"index, follow, max-snippet:-1, max-image-preview:large, max-video-preview:-1\" \/>\n<link rel=\"canonical\" href=\"https:\/\/pepiniere-nour.com\/ar\/product\/maltaise\/\" \/>\n<meta property=\"og:locale\" content=\"ar_AR\" \/>\n<meta property=\"og:type\" content=\"article\" \/>\n<meta property=\"og:title\" content=\"Maltaise - P\u00c9PINIERE NOUR DU CENTRE\" \/>\n<meta property=\"og:description\" content=\"Caract\u00e9ristiques et Origine  La Maltaise est une vari\u00e9t\u00e9 d&#039;oranges class\u00e9e dans la cat\u00e9gorie des oranges.  Aspect Physique et Croissance  Le port de l&#039;arbre est l\u00e9g\u00e8rement ramass\u00e9 \u00e0 la base et lanc\u00e9ol\u00e9 vers les extr\u00e9mit\u00e9s. Il pr\u00e9sente une vigueur moyenne. Les fruits ont une forme oblongue caract\u00e9ristique, avec un bon calibre compar\u00e9 \u00e0 la maltaise sanguine. Leur \u00e9corce est non mentionn\u00e9e, mais la peau est fine et facile \u00e0 peler. Les fruits contiennent peu de p\u00e9pins.  &nbsp;  Int\u00e9r\u00eat de la Vari\u00e9t\u00e9  \u00a0  La Maltaise est appr\u00e9ci\u00e9e pour sa qualit\u00e9, qui est sup\u00e9rieure \u00e0 celle d&#039;autres vari\u00e9t\u00e9s m\u00fbrissant \u00e0 la m\u00eame \u00e9poque.\" \/>\n<meta property=\"og:url\" content=\"https:\/\/pepiniere-nour.com\/ar\/product\/maltaise\/\" \/>\n<meta property=\"og:site_name\" content=\"P\u00c9PINIERE NOUR DU CENTRE\" \/>\n<meta property=\"article:modified_time\" content=\"2024-05-21T11:39:38+00:00\" \/>\n<meta property=\"og:image\" content=\"https:\/\/pepiniere-nour.com\/wp-content\/uploads\/2024\/03\/Orange-dans-un-oranger-Maltaise-1.jpg\" \/>\n\t<meta property=\"og:image:width\" content=\"570\" \/>\n\t<meta property=\"og:image:height\" content=\"380\" \/>\n\t<meta property=\"og:image:type\" content=\"image\/jpeg\" \/>\n<meta name=\"twitter:card\" content=\"summary_large_image\" \/>\n<meta name=\"twitter:label1\" content=\"\u0648\u0642\u062a \u0627\u0644\u0642\u0631\u0627\u0621\u0629 \u0627\u0644\u0645\u064f\u0642\u062f\u0651\u0631\" \/>\n\t<meta name=\"twitter:data1\" content=\"\u062f\u0642\u064a\u0642\u0629 \u0648\u0627\u062d\u062f\u0629\" \/>\n<script type=\"application\/ld+json\" class=\"yoast-schema-graph\">{\"@context\":\"https:\/\/schema.org\",\"@graph\":[{\"@type\":\"WebPage\",\"@id\":\"https:\/\/pepiniere-nour.com\/produit\/maltaise\",\"url\":\"https:\/\/pepiniere-nour.com\/produit\/maltaise\",\"name\":\"Maltaise - P\u00c9PINIERE NOUR DU CENTRE\",\"isPartOf\":{\"@id\":\"https:\/\/pepiniere-nour.com\/#website\"},\"primaryImageOfPage\":{\"@id\":\"https:\/\/pepiniere-nour.com\/produit\/maltaise#primaryimage\"},\"image\":{\"@id\":\"https:\/\/pepiniere-nour.com\/produit\/maltaise#primaryimage\"},\"thumbnailUrl\":\"https:\/\/pepiniere-nour.com\/wp-content\/uploads\/2024\/03\/Orange-dans-un-oranger-Maltaise-1.jpg\",\"datePublished\":\"2024-03-20T22:54:39+00:00\",\"dateModified\":\"2024-05-21T11:39:38+00:00\",\"breadcrumb\":{\"@id\":\"https:\/\/pepiniere-nour.com\/produit\/maltaise#breadcrumb\"},\"inLanguage\":\"ar\",\"potentialAction\":[{\"@type\":\"ReadAction\",\"target\":[\"https:\/\/pepiniere-nour.com\/produit\/maltaise\"]}]},{\"@type\":\"ImageObject\",\"inLanguage\":\"ar\",\"@id\":\"https:\/\/pepiniere-nour.com\/produit\/maltaise#primaryimage\",\"url\":\"https:\/\/pepiniere-nour.com\/wp-content\/uploads\/2024\/03\/Orange-dans-un-oranger-Maltaise-1.jpg\",\"contentUrl\":\"https:\/\/pepiniere-nour.com\/wp-content\/uploads\/2024\/03\/Orange-dans-un-oranger-Maltaise-1.jpg\",\"width\":570,\"height\":380,\"caption\":\"Orange dans un oranger Maltaise\"},{\"@type\":\"BreadcrumbList\",\"@id\":\"https:\/\/pepiniere-nour.com\/produit\/maltaise#breadcrumb\",\"itemListElement\":[{\"@type\":\"ListItem\",\"position\":1,\"name\":\"Accueil\",\"item\":\"https:\/\/pepiniere-nour.com\/\"},{\"@type\":\"ListItem\",\"position\":2,\"name\":\"Boutique\",\"item\":\"https:\/\/pepiniere-nour.com\/boutique\"},{\"@type\":\"ListItem\",\"position\":3,\"name\":\"Maltaise\"}]},{\"@type\":\"WebSite\",\"@id\":\"https:\/\/pepiniere-nour.com\/#website\",\"url\":\"https:\/\/pepiniere-nour.com\/\",\"name\":\"P\u00c9PINIERE NOUR DU CENTRE\",\"description\":\"P\u00c9PINIERE NOUR DU CENTRE\",\"publisher\":{\"@id\":\"https:\/\/pepiniere-nour.com\/#organization\"},\"potentialAction\":[{\"@type\":\"SearchAction\",\"target\":{\"@type\":\"EntryPoint\",\"urlTemplate\":\"https:\/\/pepiniere-nour.com\/?s={search_term_string}\"},\"query-input\":{\"@type\":\"PropertyValueSpecification\",\"valueRequired\":true,\"valueName\":\"search_term_string\"}}],\"inLanguage\":\"ar\"},{\"@type\":\"Organization\",\"@id\":\"https:\/\/pepiniere-nour.com\/#organization\",\"name\":\"P\u00c9PINIERE NOUR DU CENTRE\",\"url\":\"https:\/\/pepiniere-nour.com\/\",\"logo\":{\"@type\":\"ImageObject\",\"inLanguage\":\"ar\",\"@id\":\"https:\/\/pepiniere-nour.com\/#\/schema\/logo\/image\/\",\"url\":\"https:\/\/pepiniere-nour.com\/wp-content\/uploads\/2024\/03\/Remove-bg.ai_1709804773648.png\",\"contentUrl\":\"https:\/\/pepiniere-nour.com\/wp-content\/uploads\/2024\/03\/Remove-bg.ai_1709804773648.png\",\"width\":1199,\"height\":1199,\"caption\":\"P\u00c9PINIERE NOUR DU CENTRE\"},\"image\":{\"@id\":\"https:\/\/pepiniere-nour.com\/#\/schema\/logo\/image\/\"}}]}<\/script>\n<!-- \/ Yoast SEO plugin. -->","yoast_head_json":{"title":"Maltaise - P\u00c9PINIERE NOUR DU CENTRE","robots":{"index":"index","follow":"follow","max-snippet":"max-snippet:-1","max-image-preview":"max-image-preview:large","max-video-preview":"max-video-preview:-1"},"canonical":"https:\/\/pepiniere-nour.com\/ar\/product\/maltaise\/","og_locale":"ar_AR","og_type":"article","og_title":"Maltaise - P\u00c9PINIERE NOUR DU CENTRE","og_description":"Caract\u00e9ristiques et Origine  La Maltaise est une vari\u00e9t\u00e9 d'oranges class\u00e9e dans la cat\u00e9gorie des oranges.  Aspect Physique et Croissance  Le port de l'arbre est l\u00e9g\u00e8rement ramass\u00e9 \u00e0 la base et lanc\u00e9ol\u00e9 vers les extr\u00e9mit\u00e9s. Il pr\u00e9sente une vigueur moyenne. Les fruits ont une forme oblongue caract\u00e9ristique, avec un bon calibre compar\u00e9 \u00e0 la maltaise sanguine. Leur \u00e9corce est non mentionn\u00e9e, mais la peau est fine et facile \u00e0 peler. Les fruits contiennent peu de p\u00e9pins.  &nbsp;  Int\u00e9r\u00eat de la Vari\u00e9t\u00e9  \u00a0  La Maltaise est appr\u00e9ci\u00e9e pour sa qualit\u00e9, qui est sup\u00e9rieure \u00e0 celle d'autres vari\u00e9t\u00e9s m\u00fbrissant \u00e0 la m\u00eame \u00e9poque.","og_url":"https:\/\/pepiniere-nour.com\/ar\/product\/maltaise\/","og_site_name":"P\u00c9PINIERE NOUR DU CENTRE","article_modified_time":"2024-05-21T11:39:38+00:00","og_image":[{"width":570,"height":380,"url":"https:\/\/pepiniere-nour.com\/wp-content\/uploads\/2024\/03\/Orange-dans-un-oranger-Maltaise-1.jpg","type":"image\/jpeg"}],"twitter_card":"summary_large_image","twitter_misc":{"\u0648\u0642\u062a \u0627\u0644\u0642\u0631\u0627\u0621\u0629 \u0627\u0644\u0645\u064f\u0642\u062f\u0651\u0631":"\u062f\u0642\u064a\u0642\u0629 \u0648\u0627\u062d\u062f\u0629"},"schema":{"@context":"https:\/\/schema.org","@graph":[{"@type":"WebPage","@id":"https:\/\/pepiniere-nour.com\/produit\/maltaise","url":"https:\/\/pepiniere-nour.com\/produit\/maltaise","name":"Maltaise - P\u00c9PINIERE NOUR DU CENTRE","isPartOf":{"@id":"https:\/\/pepiniere-nour.com\/#website"},"primaryImageOfPage":{"@id":"https:\/\/pepiniere-nour.com\/produit\/maltaise#primaryimage"},"image":{"@id":"https:\/\/pepiniere-nour.com\/produit\/maltaise#primaryimage"},"thumbnailUrl":"https:\/\/pepiniere-nour.com\/wp-content\/uploads\/2024\/03\/Orange-dans-un-oranger-Maltaise-1.jpg","datePublished":"2024-03-20T22:54:39+00:00","dateModified":"2024-05-21T11:39:38+00:00","breadcrumb":{"@id":"https:\/\/pepiniere-nour.com\/produit\/maltaise#breadcrumb"},"inLanguage":"ar","potentialAction":[{"@type":"ReadAction","target":["https:\/\/pepiniere-nour.com\/produit\/maltaise"]}]},{"@type":"ImageObject","inLanguage":"ar","@id":"https:\/\/pepiniere-nour.com\/produit\/maltaise#primaryimage","url":"https:\/\/pepiniere-nour.com\/wp-content\/uploads\/2024\/03\/Orange-dans-un-oranger-Maltaise-1.jpg","contentUrl":"https:\/\/pepiniere-nour.com\/wp-content\/uploads\/2024\/03\/Orange-dans-un-oranger-Maltaise-1.jpg","width":570,"height":380,"caption":"Orange dans un oranger Maltaise"},{"@type":"BreadcrumbList","@id":"https:\/\/pepiniere-nour.com\/produit\/maltaise#breadcrumb","itemListElement":[{"@type":"ListItem","position":1,"name":"Accueil","item":"https:\/\/pepiniere-nour.com\/"},{"@type":"ListItem","position":2,"name":"Boutique","item":"https:\/\/pepiniere-nour.com\/boutique"},{"@type":"ListItem","position":3,"name":"Maltaise"}]},{"@type":"WebSite","@id":"https:\/\/pepiniere-nour.com\/#website","url":"https:\/\/pepiniere-nour.com\/","name":"P\u00c9PINIERE NOUR DU CENTRE","description":"P\u00c9PINIERE NOUR DU CENTRE","publisher":{"@id":"https:\/\/pepiniere-nour.com\/#organization"},"potentialAction":[{"@type":"SearchAction","target":{"@type":"EntryPoint","urlTemplate":"https:\/\/pepiniere-nour.com\/?s={search_term_string}"},"query-input":{"@type":"PropertyValueSpecification","valueRequired":true,"valueName":"search_term_string"}}],"inLanguage":"ar"},{"@type":"Organization","@id":"https:\/\/pepiniere-nour.com\/#organization","name":"P\u00c9PINIERE NOUR DU CENTRE","url":"https:\/\/pepiniere-nour.com\/","logo":{"@type":"ImageObject","inLanguage":"ar","@id":"https:\/\/pepiniere-nour.com\/#\/schema\/logo\/image\/","url":"https:\/\/pepiniere-nour.com\/wp-content\/uploads\/2024\/03\/Remove-bg.ai_1709804773648.png","contentUrl":"https:\/\/pepiniere-nour.com\/wp-content\/uploads\/2024\/03\/Remove-bg.ai_1709804773648.png","width":1199,"height":1199,"caption":"P\u00c9PINIERE NOUR DU CENTRE"},"image":{"@id":"https:\/\/pepiniere-nour.com\/#\/schema\/logo\/image\/"}}]}},"_links":{"self":[{"href":"https:\/\/pepiniere-nour.com\/ar\/wp-json\/wp\/v2\/product\/972","targetHints":{"allow":["GET"]}}],"collection":[{"href":"https:\/\/pepiniere-nour.com\/ar\/wp-json\/wp\/v2\/product"}],"about":[{"href":"https:\/\/pepiniere-nour.com\/ar\/wp-json\/wp\/v2\/types\/product"}],"wp:featuredmedia":[{"embeddable":true,"href":"https:\/\/pepiniere-nour.com\/ar\/wp-json\/wp\/v2\/media\/2723"}],"wp:attachment":[{"href":"https:\/\/pepiniere-nour.com\/ar\/wp-json\/wp\/v2\/media?parent=972"}],"wp:term":[{"taxonomy":"product_brand","embeddable":true,"href":"https:\/\/pepiniere-nour.com\/ar\/wp-json\/wp\/v2\/product_brand?post=972"},{"taxonomy":"product_cat","embeddable":true,"href":"https:\/\/pepiniere-nour.com\/ar\/wp-json\/wp\/v2\/product_cat?post=972"},{"taxonomy":"product_tag","embeddable":true,"href":"https:\/\/pepiniere-nour.com\/ar\/wp-json\/wp\/v2\/product_tag?post=972"}],"curies":[{"name":"wp","href":"https:\/\/api.w.org\/{rel}","templated":true}]}}