{"id":967,"date":"2024-03-20T22:53:54","date_gmt":"2024-03-20T22:53:54","guid":{"rendered":"https:\/\/pepiniere-nour.com\/?post_type=product&#038;p=967"},"modified":"2024-05-21T11:43:44","modified_gmt":"2024-05-21T11:43:44","slug":"cassar","status":"publish","type":"product","link":"https:\/\/pepiniere-nour.com\/ar\/product\/cassar","title":{"rendered":"\u0643\u0633\u0627\u0631"},"content":{"rendered":"","protected":false},"excerpt":{"rendered":"<p><strong>\u0627\u0644\u062e\u0635\u0627\u0626\u0635 \u0648\u0627\u0644\u0623\u0635\u0644<\/strong><\/p>\n<p>Le plant Cassar appartient \u00e0 la cat\u00e9gorie des Cl\u00e9mentines, Tangerines et Mandarines. Originaire de Tunisie, il s&rsquo;agit d&rsquo;un clone local de cl\u00e9mentinier d\u00e9couvert dans la r\u00e9gion de La Soukra. Son port est ramass\u00e9 en boule, avec des rameaux gr\u00eales, et sa vigueur est moyenne.<\/p>\n<p><strong>\u0627\u0644\u0645\u0638\u0647\u0631 \u0648\u0627\u0644\u0645\u0644\u0645\u0633<\/strong><\/p>\n<p>La forme des fruits de Cassar est variable, souvent aplatie \u00e0 l&rsquo;apex et arrondie du c\u00f4t\u00e9 du p\u00e9doncule. Ils ont un calibre moyen et une \u00e9corce de qualit\u00e9 NM*. La peau est fine, offrant un pelage facile, et devient boursouflante \u00e0 maturit\u00e9.<\/p>\n<p><strong>\u0627\u0644\u062a\u0642\u062f\u064a\u0631\u0627\u062a \u0627\u0644\u0639\u0627\u0645\u0629<\/strong><\/p>\n<p>\u064a\u062a\u0645\u064a\u0632 \u0635\u0646\u0641 \u0643\u0633\u0627\u0631 \u0628\u0625\u0646\u062a\u0627\u062c\u064a\u0629 \u0645\u062a\u0642\u0644\u0628\u0629 \u0644\u0644\u063a\u0627\u064a\u0629\u060c \u0645\u0645\u0627 \u0642\u062f \u064a\u0624\u062b\u0631 \u0639\u0644\u0649 \u0631\u0628\u062d\u064a\u0629 \u0627\u0644\u0645\u0646\u062a\u062c\u064a\u0646. \u0648\u0644\u0630\u0644\u0643 \u0641\u0625\u0646 \u0632\u0631\u0627\u0639\u062a\u0647\u0627 \u062a\u062a\u0637\u0644\u0628 \u0627\u0647\u062a\u0645\u0627\u0645\u0627 \u062e\u0627\u0635\u0627 \u0644\u0636\u0645\u0627\u0646 \u062a\u062d\u0642\u064a\u0642 \u0639\u0648\u0627\u0626\u062f \u0645\u062b\u0627\u0644\u064a\u0629.<\/p>","protected":false},"featured_media":2732,"template":"","meta":{"_acf_changed":false},"product_brand":[],"product_cat":[59,46],"product_tag":[24,35,25,26,27],"class_list":{"0":"post-967","1":"product","2":"type-product","3":"status-publish","4":"has-post-thumbnail","6":"product_cat-clementiniers","7":"product_cat-plants-dargumes","8":"product_tag-equipment","9":"product_tag-etranger","10":"product_tag-garden","11":"product_tag-plants","12":"product_tag-tools","14":"first","15":"instock","16":"shipping-taxable","17":"purchasable","18":"product-type-simple"},"acf":[],"yoast_head":"<!-- This site is optimized with the Yoast SEO plugin v25.5 - https:\/\/yoast.com\/wordpress\/plugins\/seo\/ -->\n<title>Cassar - P\u00c9PINIERE NOUR DU CENTRE<\/title>\n<meta name=\"robots\" content=\"index, follow, max-snippet:-1, max-image-preview:large, max-video-preview:-1\" \/>\n<link rel=\"canonical\" href=\"https:\/\/pepiniere-nour.com\/ar\/product\/cassar\/\" \/>\n<meta property=\"og:locale\" content=\"ar_AR\" \/>\n<meta property=\"og:type\" content=\"article\" \/>\n<meta property=\"og:title\" content=\"Cassar - P\u00c9PINIERE NOUR DU CENTRE\" \/>\n<meta property=\"og:description\" content=\"Caract\u00e9ristiques et Origine  Le plant Cassar appartient \u00e0 la cat\u00e9gorie des Cl\u00e9mentines, Tangerines et Mandarines. Originaire de Tunisie, il s&#039;agit d&#039;un clone local de cl\u00e9mentinier d\u00e9couvert dans la r\u00e9gion de La Soukra. Son port est ramass\u00e9 en boule, avec des rameaux gr\u00eales, et sa vigueur est moyenne.  Aspect et Texture  La forme des fruits de Cassar est variable, souvent aplatie \u00e0 l&#039;apex et arrondie du c\u00f4t\u00e9 du p\u00e9doncule. Ils ont un calibre moyen et une \u00e9corce de qualit\u00e9 NM*. La peau est fine, offrant un pelage facile, et devient boursouflante \u00e0 maturit\u00e9.  Appr\u00e9ciations G\u00e9n\u00e9rales  Cassar pr\u00e9sente une productivit\u00e9 assez capricieuse, ce qui peut influencer sa rentabilit\u00e9 pour les producteurs. Sa culture n\u00e9cessite donc une attention particuli\u00e8re pour assurer des rendements optimaux.\" \/>\n<meta property=\"og:url\" content=\"https:\/\/pepiniere-nour.com\/ar\/product\/cassar\/\" \/>\n<meta property=\"og:site_name\" content=\"P\u00c9PINIERE NOUR DU CENTRE\" \/>\n<meta property=\"article:modified_time\" content=\"2024-05-21T11:43:44+00:00\" \/>\n<meta property=\"og:image\" content=\"https:\/\/pepiniere-nour.com\/wp-content\/uploads\/2024\/03\/Clementinier-cassar.jpg\" \/>\n\t<meta property=\"og:image:width\" content=\"570\" \/>\n\t<meta property=\"og:image:height\" content=\"379\" \/>\n\t<meta property=\"og:image:type\" content=\"image\/jpeg\" \/>\n<meta name=\"twitter:card\" content=\"summary_large_image\" \/>\n<meta name=\"twitter:label1\" content=\"\u0648\u0642\u062a \u0627\u0644\u0642\u0631\u0627\u0621\u0629 \u0627\u0644\u0645\u064f\u0642\u062f\u0651\u0631\" \/>\n\t<meta name=\"twitter:data1\" content=\"\u062f\u0642\u064a\u0642\u0629 \u0648\u0627\u062d\u062f\u0629\" \/>\n<script type=\"application\/ld+json\" class=\"yoast-schema-graph\">{\"@context\":\"https:\/\/schema.org\",\"@graph\":[{\"@type\":\"WebPage\",\"@id\":\"https:\/\/pepiniere-nour.com\/produit\/cassar\",\"url\":\"https:\/\/pepiniere-nour.com\/produit\/cassar\",\"name\":\"Cassar - P\u00c9PINIERE NOUR DU CENTRE\",\"isPartOf\":{\"@id\":\"https:\/\/pepiniere-nour.com\/#website\"},\"primaryImageOfPage\":{\"@id\":\"https:\/\/pepiniere-nour.com\/produit\/cassar#primaryimage\"},\"image\":{\"@id\":\"https:\/\/pepiniere-nour.com\/produit\/cassar#primaryimage\"},\"thumbnailUrl\":\"https:\/\/pepiniere-nour.com\/wp-content\/uploads\/2024\/03\/Clementinier-cassar.jpg\",\"datePublished\":\"2024-03-20T22:53:54+00:00\",\"dateModified\":\"2024-05-21T11:43:44+00:00\",\"breadcrumb\":{\"@id\":\"https:\/\/pepiniere-nour.com\/produit\/cassar#breadcrumb\"},\"inLanguage\":\"ar\",\"potentialAction\":[{\"@type\":\"ReadAction\",\"target\":[\"https:\/\/pepiniere-nour.com\/produit\/cassar\"]}]},{\"@type\":\"ImageObject\",\"inLanguage\":\"ar\",\"@id\":\"https:\/\/pepiniere-nour.com\/produit\/cassar#primaryimage\",\"url\":\"https:\/\/pepiniere-nour.com\/wp-content\/uploads\/2024\/03\/Clementinier-cassar.jpg\",\"contentUrl\":\"https:\/\/pepiniere-nour.com\/wp-content\/uploads\/2024\/03\/Clementinier-cassar.jpg\",\"width\":570,\"height\":379,\"caption\":\"Cl\u00e9mentiniers cassar\"},{\"@type\":\"BreadcrumbList\",\"@id\":\"https:\/\/pepiniere-nour.com\/produit\/cassar#breadcrumb\",\"itemListElement\":[{\"@type\":\"ListItem\",\"position\":1,\"name\":\"Accueil\",\"item\":\"https:\/\/pepiniere-nour.com\/\"},{\"@type\":\"ListItem\",\"position\":2,\"name\":\"Boutique\",\"item\":\"https:\/\/pepiniere-nour.com\/boutique\"},{\"@type\":\"ListItem\",\"position\":3,\"name\":\"Cassar\"}]},{\"@type\":\"WebSite\",\"@id\":\"https:\/\/pepiniere-nour.com\/#website\",\"url\":\"https:\/\/pepiniere-nour.com\/\",\"name\":\"P\u00c9PINIERE NOUR DU CENTRE\",\"description\":\"P\u00c9PINIERE NOUR DU CENTRE\",\"publisher\":{\"@id\":\"https:\/\/pepiniere-nour.com\/#organization\"},\"potentialAction\":[{\"@type\":\"SearchAction\",\"target\":{\"@type\":\"EntryPoint\",\"urlTemplate\":\"https:\/\/pepiniere-nour.com\/?s={search_term_string}\"},\"query-input\":{\"@type\":\"PropertyValueSpecification\",\"valueRequired\":true,\"valueName\":\"search_term_string\"}}],\"inLanguage\":\"ar\"},{\"@type\":\"Organization\",\"@id\":\"https:\/\/pepiniere-nour.com\/#organization\",\"name\":\"P\u00c9PINIERE NOUR DU CENTRE\",\"url\":\"https:\/\/pepiniere-nour.com\/\",\"logo\":{\"@type\":\"ImageObject\",\"inLanguage\":\"ar\",\"@id\":\"https:\/\/pepiniere-nour.com\/#\/schema\/logo\/image\/\",\"url\":\"https:\/\/pepiniere-nour.com\/wp-content\/uploads\/2024\/03\/Remove-bg.ai_1709804773648.png\",\"contentUrl\":\"https:\/\/pepiniere-nour.com\/wp-content\/uploads\/2024\/03\/Remove-bg.ai_1709804773648.png\",\"width\":1199,\"height\":1199,\"caption\":\"P\u00c9PINIERE NOUR DU CENTRE\"},\"image\":{\"@id\":\"https:\/\/pepiniere-nour.com\/#\/schema\/logo\/image\/\"}}]}<\/script>\n<!-- \/ Yoast SEO plugin. -->","yoast_head_json":{"title":"Cassar - P\u00c9PINIERE NOUR DU CENTRE","robots":{"index":"index","follow":"follow","max-snippet":"max-snippet:-1","max-image-preview":"max-image-preview:large","max-video-preview":"max-video-preview:-1"},"canonical":"https:\/\/pepiniere-nour.com\/ar\/product\/cassar\/","og_locale":"ar_AR","og_type":"article","og_title":"Cassar - P\u00c9PINIERE NOUR DU CENTRE","og_description":"Caract\u00e9ristiques et Origine  Le plant Cassar appartient \u00e0 la cat\u00e9gorie des Cl\u00e9mentines, Tangerines et Mandarines. Originaire de Tunisie, il s'agit d'un clone local de cl\u00e9mentinier d\u00e9couvert dans la r\u00e9gion de La Soukra. Son port est ramass\u00e9 en boule, avec des rameaux gr\u00eales, et sa vigueur est moyenne.  Aspect et Texture  La forme des fruits de Cassar est variable, souvent aplatie \u00e0 l'apex et arrondie du c\u00f4t\u00e9 du p\u00e9doncule. Ils ont un calibre moyen et une \u00e9corce de qualit\u00e9 NM*. La peau est fine, offrant un pelage facile, et devient boursouflante \u00e0 maturit\u00e9.  Appr\u00e9ciations G\u00e9n\u00e9rales  Cassar pr\u00e9sente une productivit\u00e9 assez capricieuse, ce qui peut influencer sa rentabilit\u00e9 pour les producteurs. Sa culture n\u00e9cessite donc une attention particuli\u00e8re pour assurer des rendements optimaux.","og_url":"https:\/\/pepiniere-nour.com\/ar\/product\/cassar\/","og_site_name":"P\u00c9PINIERE NOUR DU CENTRE","article_modified_time":"2024-05-21T11:43:44+00:00","og_image":[{"width":570,"height":379,"url":"https:\/\/pepiniere-nour.com\/wp-content\/uploads\/2024\/03\/Clementinier-cassar.jpg","type":"image\/jpeg"}],"twitter_card":"summary_large_image","twitter_misc":{"\u0648\u0642\u062a \u0627\u0644\u0642\u0631\u0627\u0621\u0629 \u0627\u0644\u0645\u064f\u0642\u062f\u0651\u0631":"\u062f\u0642\u064a\u0642\u0629 \u0648\u0627\u062d\u062f\u0629"},"schema":{"@context":"https:\/\/schema.org","@graph":[{"@type":"WebPage","@id":"https:\/\/pepiniere-nour.com\/produit\/cassar","url":"https:\/\/pepiniere-nour.com\/produit\/cassar","name":"Cassar - P\u00c9PINIERE NOUR DU CENTRE","isPartOf":{"@id":"https:\/\/pepiniere-nour.com\/#website"},"primaryImageOfPage":{"@id":"https:\/\/pepiniere-nour.com\/produit\/cassar#primaryimage"},"image":{"@id":"https:\/\/pepiniere-nour.com\/produit\/cassar#primaryimage"},"thumbnailUrl":"https:\/\/pepiniere-nour.com\/wp-content\/uploads\/2024\/03\/Clementinier-cassar.jpg","datePublished":"2024-03-20T22:53:54+00:00","dateModified":"2024-05-21T11:43:44+00:00","breadcrumb":{"@id":"https:\/\/pepiniere-nour.com\/produit\/cassar#breadcrumb"},"inLanguage":"ar","potentialAction":[{"@type":"ReadAction","target":["https:\/\/pepiniere-nour.com\/produit\/cassar"]}]},{"@type":"ImageObject","inLanguage":"ar","@id":"https:\/\/pepiniere-nour.com\/produit\/cassar#primaryimage","url":"https:\/\/pepiniere-nour.com\/wp-content\/uploads\/2024\/03\/Clementinier-cassar.jpg","contentUrl":"https:\/\/pepiniere-nour.com\/wp-content\/uploads\/2024\/03\/Clementinier-cassar.jpg","width":570,"height":379,"caption":"Cl\u00e9mentiniers cassar"},{"@type":"BreadcrumbList","@id":"https:\/\/pepiniere-nour.com\/produit\/cassar#breadcrumb","itemListElement":[{"@type":"ListItem","position":1,"name":"Accueil","item":"https:\/\/pepiniere-nour.com\/"},{"@type":"ListItem","position":2,"name":"Boutique","item":"https:\/\/pepiniere-nour.com\/boutique"},{"@type":"ListItem","position":3,"name":"Cassar"}]},{"@type":"WebSite","@id":"https:\/\/pepiniere-nour.com\/#website","url":"https:\/\/pepiniere-nour.com\/","name":"P\u00c9PINIERE NOUR DU CENTRE","description":"P\u00c9PINIERE NOUR DU CENTRE","publisher":{"@id":"https:\/\/pepiniere-nour.com\/#organization"},"potentialAction":[{"@type":"SearchAction","target":{"@type":"EntryPoint","urlTemplate":"https:\/\/pepiniere-nour.com\/?s={search_term_string}"},"query-input":{"@type":"PropertyValueSpecification","valueRequired":true,"valueName":"search_term_string"}}],"inLanguage":"ar"},{"@type":"Organization","@id":"https:\/\/pepiniere-nour.com\/#organization","name":"P\u00c9PINIERE NOUR DU CENTRE","url":"https:\/\/pepiniere-nour.com\/","logo":{"@type":"ImageObject","inLanguage":"ar","@id":"https:\/\/pepiniere-nour.com\/#\/schema\/logo\/image\/","url":"https:\/\/pepiniere-nour.com\/wp-content\/uploads\/2024\/03\/Remove-bg.ai_1709804773648.png","contentUrl":"https:\/\/pepiniere-nour.com\/wp-content\/uploads\/2024\/03\/Remove-bg.ai_1709804773648.png","width":1199,"height":1199,"caption":"P\u00c9PINIERE NOUR DU CENTRE"},"image":{"@id":"https:\/\/pepiniere-nour.com\/#\/schema\/logo\/image\/"}}]}},"_links":{"self":[{"href":"https:\/\/pepiniere-nour.com\/ar\/wp-json\/wp\/v2\/product\/967","targetHints":{"allow":["GET"]}}],"collection":[{"href":"https:\/\/pepiniere-nour.com\/ar\/wp-json\/wp\/v2\/product"}],"about":[{"href":"https:\/\/pepiniere-nour.com\/ar\/wp-json\/wp\/v2\/types\/product"}],"wp:featuredmedia":[{"embeddable":true,"href":"https:\/\/pepiniere-nour.com\/ar\/wp-json\/wp\/v2\/media\/2732"}],"wp:attachment":[{"href":"https:\/\/pepiniere-nour.com\/ar\/wp-json\/wp\/v2\/media?parent=967"}],"wp:term":[{"taxonomy":"product_brand","embeddable":true,"href":"https:\/\/pepiniere-nour.com\/ar\/wp-json\/wp\/v2\/product_brand?post=967"},{"taxonomy":"product_cat","embeddable":true,"href":"https:\/\/pepiniere-nour.com\/ar\/wp-json\/wp\/v2\/product_cat?post=967"},{"taxonomy":"product_tag","embeddable":true,"href":"https:\/\/pepiniere-nour.com\/ar\/wp-json\/wp\/v2\/product_tag?post=967"}],"curies":[{"name":"wp","href":"https:\/\/api.w.org\/{rel}","templated":true}]}}