{"id":964,"date":"2024-03-20T22:53:00","date_gmt":"2024-03-20T22:53:00","guid":{"rendered":"https:\/\/pepiniere-nour.com\/?post_type=product&#038;p=964"},"modified":"2024-05-21T11:44:05","modified_gmt":"2024-05-21T11:44:05","slug":"peerless","status":"publish","type":"product","link":"https:\/\/pepiniere-nour.com\/ar\/product\/peerless","title":{"rendered":"\u0628\u0627\u0631\u0644\u064a\u0633"},"content":{"rendered":"","protected":false},"excerpt":{"rendered":"<p><strong>\u0633\u0644\u0627\u0644\u0629 \u0645\u0646\u0642\u0637\u0639\u0629 \u0627\u0644\u0646\u0638\u064a\u0631: \u0645\u0648\u062b\u0648\u0642\u064a\u0629 \u0643\u0627\u0644\u064a\u0641\u0648\u0631\u0646\u064a\u0627<\/strong><\/p>\n<p>Les plants d&rsquo;amandiers de la vari\u00e9t\u00e9 Peerless, originaires de Californie, sont r\u00e9put\u00e9s pour leur bonne vigueur et leur floraison interm\u00e9diaire. Leur production moyenne est compens\u00e9e par la qualit\u00e9 de leurs fruits. En effet, ces amandes se distinguent par leur amandon clair et leur pellicule fine, leur conf\u00e9rant une apparence attrayante. Leur croissance robuste et leur capacit\u00e9 \u00e0 s&rsquo;adapter \u00e0 divers environnements en font un choix populaire parmi les agriculteurs et les amateurs d&rsquo;amandes.<\/p>\n<p><strong>\u062a\u0648\u0627\u0632\u0646 \u0645\u062b\u0627\u0644\u064a \u0628\u064a\u0646 \u0627\u0644\u0645\u0631\u062f\u0648\u062f\u064a\u0629 \u0648 \u0627\u0644\u062c\u0645\u0627\u0644\u064a\u0629<\/strong><\/p>\n<p>Les plants d&rsquo;amandiers Peerless offrent ainsi une combinaison harmonieuse de qualit\u00e9 esth\u00e9tique et de rendement satisfaisant. Avec leur floraison interm\u00e9diaire et leur vigueur remarquable, ils repr\u00e9sentent un investissement fiable pour tout jardinier ou cultivateur soucieux de produire des amandes de qualit\u00e9.<\/p>","protected":false},"featured_media":2739,"template":"","meta":{"_acf_changed":false},"product_brand":[],"product_cat":[39],"product_tag":[24,35,25,26,27],"class_list":{"0":"post-964","1":"product","2":"type-product","3":"status-publish","4":"has-post-thumbnail","6":"product_cat-plants-damandiers","7":"product_tag-equipment","8":"product_tag-etranger","9":"product_tag-garden","10":"product_tag-plants","11":"product_tag-tools","13":"first","14":"instock","15":"shipping-taxable","16":"purchasable","17":"product-type-simple"},"acf":[],"yoast_head":"<!-- This site is optimized with the Yoast SEO plugin v25.5 - https:\/\/yoast.com\/wordpress\/plugins\/seo\/ -->\n<title>Peerless - P\u00c9PINIERE NOUR DU CENTRE<\/title>\n<meta name=\"robots\" content=\"index, follow, max-snippet:-1, max-image-preview:large, max-video-preview:-1\" \/>\n<link rel=\"canonical\" href=\"https:\/\/pepiniere-nour.com\/ar\/product\/peerless\/\" \/>\n<meta property=\"og:locale\" content=\"ar_AR\" \/>\n<meta property=\"og:type\" content=\"article\" \/>\n<meta property=\"og:title\" content=\"Peerless - P\u00c9PINIERE NOUR DU CENTRE\" \/>\n<meta property=\"og:description\" content=\"Vari\u00e9t\u00e9 Peerless : La Fiabilit\u00e9 Californienne  Les plants d&#039;amandiers de la vari\u00e9t\u00e9 Peerless, originaires de Californie, sont r\u00e9put\u00e9s pour leur bonne vigueur et leur floraison interm\u00e9diaire. Leur production moyenne est compens\u00e9e par la qualit\u00e9 de leurs fruits. En effet, ces amandes se distinguent par leur amandon clair et leur pellicule fine, leur conf\u00e9rant une apparence attrayante. Leur croissance robuste et leur capacit\u00e9 \u00e0 s&#039;adapter \u00e0 divers environnements en font un choix populaire parmi les agriculteurs et les amateurs d&#039;amandes.  Un \u00c9quilibre Parfait entre Rendement et Esth\u00e9tique  Les plants d&#039;amandiers Peerless offrent ainsi une combinaison harmonieuse de qualit\u00e9 esth\u00e9tique et de rendement satisfaisant. Avec leur floraison interm\u00e9diaire et leur vigueur remarquable, ils repr\u00e9sentent un investissement fiable pour tout jardinier ou cultivateur soucieux de produire des amandes de qualit\u00e9.\" \/>\n<meta property=\"og:url\" content=\"https:\/\/pepiniere-nour.com\/ar\/product\/peerless\/\" \/>\n<meta property=\"og:site_name\" content=\"P\u00c9PINIERE NOUR DU CENTRE\" \/>\n<meta property=\"article:modified_time\" content=\"2024-05-21T11:44:05+00:00\" \/>\n<meta property=\"og:image\" content=\"https:\/\/pepiniere-nour.com\/wp-content\/uploads\/2024\/03\/Plants-Amandiers-Peerless.jpg\" \/>\n\t<meta property=\"og:image:width\" content=\"570\" \/>\n\t<meta property=\"og:image:height\" content=\"380\" \/>\n\t<meta property=\"og:image:type\" content=\"image\/jpeg\" \/>\n<meta name=\"twitter:card\" content=\"summary_large_image\" \/>\n<meta name=\"twitter:label1\" content=\"\u0648\u0642\u062a \u0627\u0644\u0642\u0631\u0627\u0621\u0629 \u0627\u0644\u0645\u064f\u0642\u062f\u0651\u0631\" \/>\n\t<meta name=\"twitter:data1\" content=\"\u062f\u0642\u064a\u0642\u0629 \u0648\u0627\u062d\u062f\u0629\" \/>\n<script type=\"application\/ld+json\" class=\"yoast-schema-graph\">{\"@context\":\"https:\/\/schema.org\",\"@graph\":[{\"@type\":\"WebPage\",\"@id\":\"https:\/\/pepiniere-nour.com\/produit\/peerless\",\"url\":\"https:\/\/pepiniere-nour.com\/produit\/peerless\",\"name\":\"Peerless - P\u00c9PINIERE NOUR DU CENTRE\",\"isPartOf\":{\"@id\":\"https:\/\/pepiniere-nour.com\/#website\"},\"primaryImageOfPage\":{\"@id\":\"https:\/\/pepiniere-nour.com\/produit\/peerless#primaryimage\"},\"image\":{\"@id\":\"https:\/\/pepiniere-nour.com\/produit\/peerless#primaryimage\"},\"thumbnailUrl\":\"https:\/\/pepiniere-nour.com\/wp-content\/uploads\/2024\/03\/Plants-Amandiers-Peerless.jpg\",\"datePublished\":\"2024-03-20T22:53:00+00:00\",\"dateModified\":\"2024-05-21T11:44:05+00:00\",\"breadcrumb\":{\"@id\":\"https:\/\/pepiniere-nour.com\/produit\/peerless#breadcrumb\"},\"inLanguage\":\"ar\",\"potentialAction\":[{\"@type\":\"ReadAction\",\"target\":[\"https:\/\/pepiniere-nour.com\/produit\/peerless\"]}]},{\"@type\":\"ImageObject\",\"inLanguage\":\"ar\",\"@id\":\"https:\/\/pepiniere-nour.com\/produit\/peerless#primaryimage\",\"url\":\"https:\/\/pepiniere-nour.com\/wp-content\/uploads\/2024\/03\/Plants-Amandiers-Peerless.jpg\",\"contentUrl\":\"https:\/\/pepiniere-nour.com\/wp-content\/uploads\/2024\/03\/Plants-Amandiers-Peerless.jpg\",\"width\":570,\"height\":380,\"caption\":\"Amandiers Peerless\"},{\"@type\":\"BreadcrumbList\",\"@id\":\"https:\/\/pepiniere-nour.com\/produit\/peerless#breadcrumb\",\"itemListElement\":[{\"@type\":\"ListItem\",\"position\":1,\"name\":\"Accueil\",\"item\":\"https:\/\/pepiniere-nour.com\/\"},{\"@type\":\"ListItem\",\"position\":2,\"name\":\"Boutique\",\"item\":\"https:\/\/pepiniere-nour.com\/boutique\"},{\"@type\":\"ListItem\",\"position\":3,\"name\":\"Peerless\"}]},{\"@type\":\"WebSite\",\"@id\":\"https:\/\/pepiniere-nour.com\/#website\",\"url\":\"https:\/\/pepiniere-nour.com\/\",\"name\":\"P\u00c9PINIERE NOUR DU CENTRE\",\"description\":\"P\u00c9PINIERE NOUR DU CENTRE\",\"publisher\":{\"@id\":\"https:\/\/pepiniere-nour.com\/#organization\"},\"potentialAction\":[{\"@type\":\"SearchAction\",\"target\":{\"@type\":\"EntryPoint\",\"urlTemplate\":\"https:\/\/pepiniere-nour.com\/?s={search_term_string}\"},\"query-input\":{\"@type\":\"PropertyValueSpecification\",\"valueRequired\":true,\"valueName\":\"search_term_string\"}}],\"inLanguage\":\"ar\"},{\"@type\":\"Organization\",\"@id\":\"https:\/\/pepiniere-nour.com\/#organization\",\"name\":\"P\u00c9PINIERE NOUR DU CENTRE\",\"url\":\"https:\/\/pepiniere-nour.com\/\",\"logo\":{\"@type\":\"ImageObject\",\"inLanguage\":\"ar\",\"@id\":\"https:\/\/pepiniere-nour.com\/#\/schema\/logo\/image\/\",\"url\":\"https:\/\/pepiniere-nour.com\/wp-content\/uploads\/2024\/03\/Remove-bg.ai_1709804773648.png\",\"contentUrl\":\"https:\/\/pepiniere-nour.com\/wp-content\/uploads\/2024\/03\/Remove-bg.ai_1709804773648.png\",\"width\":1199,\"height\":1199,\"caption\":\"P\u00c9PINIERE NOUR DU CENTRE\"},\"image\":{\"@id\":\"https:\/\/pepiniere-nour.com\/#\/schema\/logo\/image\/\"}}]}<\/script>\n<!-- \/ Yoast SEO plugin. -->","yoast_head_json":{"title":"Peerless - P\u00c9PINIERE NOUR DU CENTRE","robots":{"index":"index","follow":"follow","max-snippet":"max-snippet:-1","max-image-preview":"max-image-preview:large","max-video-preview":"max-video-preview:-1"},"canonical":"https:\/\/pepiniere-nour.com\/ar\/product\/peerless\/","og_locale":"ar_AR","og_type":"article","og_title":"Peerless - P\u00c9PINIERE NOUR DU CENTRE","og_description":"Vari\u00e9t\u00e9 Peerless : La Fiabilit\u00e9 Californienne  Les plants d'amandiers de la vari\u00e9t\u00e9 Peerless, originaires de Californie, sont r\u00e9put\u00e9s pour leur bonne vigueur et leur floraison interm\u00e9diaire. Leur production moyenne est compens\u00e9e par la qualit\u00e9 de leurs fruits. En effet, ces amandes se distinguent par leur amandon clair et leur pellicule fine, leur conf\u00e9rant une apparence attrayante. Leur croissance robuste et leur capacit\u00e9 \u00e0 s'adapter \u00e0 divers environnements en font un choix populaire parmi les agriculteurs et les amateurs d'amandes.  Un \u00c9quilibre Parfait entre Rendement et Esth\u00e9tique  Les plants d'amandiers Peerless offrent ainsi une combinaison harmonieuse de qualit\u00e9 esth\u00e9tique et de rendement satisfaisant. Avec leur floraison interm\u00e9diaire et leur vigueur remarquable, ils repr\u00e9sentent un investissement fiable pour tout jardinier ou cultivateur soucieux de produire des amandes de qualit\u00e9.","og_url":"https:\/\/pepiniere-nour.com\/ar\/product\/peerless\/","og_site_name":"P\u00c9PINIERE NOUR DU CENTRE","article_modified_time":"2024-05-21T11:44:05+00:00","og_image":[{"width":570,"height":380,"url":"https:\/\/pepiniere-nour.com\/wp-content\/uploads\/2024\/03\/Plants-Amandiers-Peerless.jpg","type":"image\/jpeg"}],"twitter_card":"summary_large_image","twitter_misc":{"\u0648\u0642\u062a \u0627\u0644\u0642\u0631\u0627\u0621\u0629 \u0627\u0644\u0645\u064f\u0642\u062f\u0651\u0631":"\u062f\u0642\u064a\u0642\u0629 \u0648\u0627\u062d\u062f\u0629"},"schema":{"@context":"https:\/\/schema.org","@graph":[{"@type":"WebPage","@id":"https:\/\/pepiniere-nour.com\/produit\/peerless","url":"https:\/\/pepiniere-nour.com\/produit\/peerless","name":"Peerless - P\u00c9PINIERE NOUR DU CENTRE","isPartOf":{"@id":"https:\/\/pepiniere-nour.com\/#website"},"primaryImageOfPage":{"@id":"https:\/\/pepiniere-nour.com\/produit\/peerless#primaryimage"},"image":{"@id":"https:\/\/pepiniere-nour.com\/produit\/peerless#primaryimage"},"thumbnailUrl":"https:\/\/pepiniere-nour.com\/wp-content\/uploads\/2024\/03\/Plants-Amandiers-Peerless.jpg","datePublished":"2024-03-20T22:53:00+00:00","dateModified":"2024-05-21T11:44:05+00:00","breadcrumb":{"@id":"https:\/\/pepiniere-nour.com\/produit\/peerless#breadcrumb"},"inLanguage":"ar","potentialAction":[{"@type":"ReadAction","target":["https:\/\/pepiniere-nour.com\/produit\/peerless"]}]},{"@type":"ImageObject","inLanguage":"ar","@id":"https:\/\/pepiniere-nour.com\/produit\/peerless#primaryimage","url":"https:\/\/pepiniere-nour.com\/wp-content\/uploads\/2024\/03\/Plants-Amandiers-Peerless.jpg","contentUrl":"https:\/\/pepiniere-nour.com\/wp-content\/uploads\/2024\/03\/Plants-Amandiers-Peerless.jpg","width":570,"height":380,"caption":"Amandiers Peerless"},{"@type":"BreadcrumbList","@id":"https:\/\/pepiniere-nour.com\/produit\/peerless#breadcrumb","itemListElement":[{"@type":"ListItem","position":1,"name":"Accueil","item":"https:\/\/pepiniere-nour.com\/"},{"@type":"ListItem","position":2,"name":"Boutique","item":"https:\/\/pepiniere-nour.com\/boutique"},{"@type":"ListItem","position":3,"name":"Peerless"}]},{"@type":"WebSite","@id":"https:\/\/pepiniere-nour.com\/#website","url":"https:\/\/pepiniere-nour.com\/","name":"P\u00c9PINIERE NOUR DU CENTRE","description":"P\u00c9PINIERE NOUR DU CENTRE","publisher":{"@id":"https:\/\/pepiniere-nour.com\/#organization"},"potentialAction":[{"@type":"SearchAction","target":{"@type":"EntryPoint","urlTemplate":"https:\/\/pepiniere-nour.com\/?s={search_term_string}"},"query-input":{"@type":"PropertyValueSpecification","valueRequired":true,"valueName":"search_term_string"}}],"inLanguage":"ar"},{"@type":"Organization","@id":"https:\/\/pepiniere-nour.com\/#organization","name":"P\u00c9PINIERE NOUR DU CENTRE","url":"https:\/\/pepiniere-nour.com\/","logo":{"@type":"ImageObject","inLanguage":"ar","@id":"https:\/\/pepiniere-nour.com\/#\/schema\/logo\/image\/","url":"https:\/\/pepiniere-nour.com\/wp-content\/uploads\/2024\/03\/Remove-bg.ai_1709804773648.png","contentUrl":"https:\/\/pepiniere-nour.com\/wp-content\/uploads\/2024\/03\/Remove-bg.ai_1709804773648.png","width":1199,"height":1199,"caption":"P\u00c9PINIERE NOUR DU CENTRE"},"image":{"@id":"https:\/\/pepiniere-nour.com\/#\/schema\/logo\/image\/"}}]}},"_links":{"self":[{"href":"https:\/\/pepiniere-nour.com\/ar\/wp-json\/wp\/v2\/product\/964","targetHints":{"allow":["GET"]}}],"collection":[{"href":"https:\/\/pepiniere-nour.com\/ar\/wp-json\/wp\/v2\/product"}],"about":[{"href":"https:\/\/pepiniere-nour.com\/ar\/wp-json\/wp\/v2\/types\/product"}],"wp:featuredmedia":[{"embeddable":true,"href":"https:\/\/pepiniere-nour.com\/ar\/wp-json\/wp\/v2\/media\/2739"}],"wp:attachment":[{"href":"https:\/\/pepiniere-nour.com\/ar\/wp-json\/wp\/v2\/media?parent=964"}],"wp:term":[{"taxonomy":"product_brand","embeddable":true,"href":"https:\/\/pepiniere-nour.com\/ar\/wp-json\/wp\/v2\/product_brand?post=964"},{"taxonomy":"product_cat","embeddable":true,"href":"https:\/\/pepiniere-nour.com\/ar\/wp-json\/wp\/v2\/product_cat?post=964"},{"taxonomy":"product_tag","embeddable":true,"href":"https:\/\/pepiniere-nour.com\/ar\/wp-json\/wp\/v2\/product_tag?post=964"}],"curies":[{"name":"wp","href":"https:\/\/api.w.org\/{rel}","templated":true}]}}