{"id":963,"date":"2024-03-20T22:52:54","date_gmt":"2024-03-20T22:52:54","guid":{"rendered":"https:\/\/pepiniere-nour.com\/?post_type=product&#038;p=963"},"modified":"2024-05-21T11:46:00","modified_gmt":"2024-05-21T11:46:00","slug":"ksantini","status":"publish","type":"product","link":"https:\/\/pepiniere-nour.com\/ar\/product\/ksantini","title":{"rendered":"\u0642\u0633\u0646\u0637\u064a\u0646\u064a"},"content":{"rendered":"","protected":false},"excerpt":{"rendered":"<p><strong>\u0623\u0635\u0644 \u0627\u0644\u0635\u0646\u0641 \u0627\u0644\u0635\u0641\u0627\u0642\u0635\u064a \u0648 \u062e\u0635\u0627\u0626\u0635\u0647<\/strong><\/p>\n<p>Cette vari\u00e9t\u00e9 est originaire de Sfax, o\u00f9 elle est actuellement largement r\u00e9pandue. Cet arbre vigoureux, peu d\u00e9licat \u00e0 former, pr\u00e9sente un port semi-\u00e9rig\u00e9. Son feuillage est assez dense, d&rsquo;un vert clair, mais sensible aux pucerons, avec de grandes feuilles claires. La floraison est pr\u00e9coce, d\u00e9butant en janvier, et se synchronise avec la vari\u00e9t\u00e9 Zaaf. Cette vari\u00e9t\u00e9 est auto-compatible et sa maturit\u00e9 est pr\u00e9coce, se produisant fin juillet.<\/p>\n<p><strong>\u0627\u0644\u062a\u0642\u064a\u064a\u0645\u0627\u062a \u0627\u0644\u0639\u0627\u0645\u0629 \u0648\u0627\u0644\u062d\u0633\u0627\u0633\u064a\u0629<\/strong><\/p>\n<p>\u064a\u0639\u062a\u0628\u0631 \u0635\u0646\u0641\u0627\u064b \u062c\u064a\u062f\u0627\u064b \u0648\u0645\u0646\u062a\u062c\u0627\u064b \u0648\u064a\u0645\u062b\u0644 \u0623\u0641\u0636\u0644 \u0645\u0644\u0642\u062d \u0644\u0635\u0646\u0641  \u0639\u0634\u0627\u0642. \u0625\u0646\u0647 \u0645\u0642\u0627\u0648\u0645 \u062a\u0645\u0627\u0645\u064b\u0627 \u0644\u0640 Fusicoccum \u0648\u0644\u0643\u0646\u0647 \u062d\u0633\u0627\u0633 \u0644\u062d\u0634\u0631\u0627\u062a \u0627\u0644\u0645\u0646. \u064a\u062a\u0643\u064a\u0641 \u0627\u0644\u0635\u0646\u0641 \u0627\u0644\u0635\u0641\u0627\u0642\u0633\u064a \u0628\u0634\u0643\u0644 \u062c\u064a\u062f \u0645\u0639 \u0648\u0633\u0637 \u0648\u062c\u0646\u0648\u0628 \u062a\u0648\u0646\u0633.<\/p>","protected":false},"featured_media":2606,"template":"","meta":{"_acf_changed":false},"product_brand":[],"product_cat":[39],"product_tag":[24,35,25,26,27],"class_list":{"0":"post-963","1":"product","2":"type-product","3":"status-publish","4":"has-post-thumbnail","6":"product_cat-plants-damandiers","7":"product_tag-equipment","8":"product_tag-etranger","9":"product_tag-garden","10":"product_tag-plants","11":"product_tag-tools","13":"first","14":"instock","15":"shipping-taxable","16":"purchasable","17":"product-type-simple"},"acf":[],"yoast_head":"<!-- This site is optimized with the Yoast SEO plugin v25.5 - https:\/\/yoast.com\/wordpress\/plugins\/seo\/ -->\n<title>Ksantini - P\u00c9PINIERE NOUR DU CENTRE<\/title>\n<meta name=\"robots\" content=\"index, follow, max-snippet:-1, max-image-preview:large, max-video-preview:-1\" \/>\n<link rel=\"canonical\" href=\"https:\/\/pepiniere-nour.com\/ar\/product\/ksantini\/\" \/>\n<meta property=\"og:locale\" content=\"ar_AR\" \/>\n<meta property=\"og:type\" content=\"article\" \/>\n<meta property=\"og:title\" content=\"Ksantini - P\u00c9PINIERE NOUR DU CENTRE\" \/>\n<meta property=\"og:description\" content=\"Origine et Caract\u00e9ristiques de la Vari\u00e9t\u00e9 Sfaxienne  Cette vari\u00e9t\u00e9 est originaire de Sfax, o\u00f9 elle est actuellement largement r\u00e9pandue. Cet arbre vigoureux, peu d\u00e9licat \u00e0 former, pr\u00e9sente un port semi-\u00e9rig\u00e9. Son feuillage est assez dense, d&#039;un vert clair, mais sensible aux pucerons, avec de grandes feuilles claires. La floraison est pr\u00e9coce, d\u00e9butant en janvier, et se synchronise avec la vari\u00e9t\u00e9 Zaaf. Cette vari\u00e9t\u00e9 est auto-compatible et sa maturit\u00e9 est pr\u00e9coce, se produisant fin juillet.  Appr\u00e9ciations G\u00e9n\u00e9rales et Sensibilit\u00e9  Consid\u00e9r\u00e9e comme une bonne vari\u00e9t\u00e9, elle est productive et repr\u00e9sente le meilleur pollinisateur de la vari\u00e9t\u00e9 Achaak. Elle est assez r\u00e9sistante au Fusicoccum mais sensible aux pucerons. La vari\u00e9t\u00e9 Sfaxienne est particuli\u00e8rement bien adapt\u00e9e au centre et au sud de la Tunisie.\" \/>\n<meta property=\"og:url\" content=\"https:\/\/pepiniere-nour.com\/ar\/product\/ksantini\/\" \/>\n<meta property=\"og:site_name\" content=\"P\u00c9PINIERE NOUR DU CENTRE\" \/>\n<meta property=\"article:modified_time\" content=\"2024-05-21T11:46:00+00:00\" \/>\n<meta property=\"og:image\" content=\"https:\/\/pepiniere-nour.com\/wp-content\/uploads\/2024\/03\/image00041-scaled.jpeg\" \/>\n\t<meta property=\"og:image:width\" content=\"1920\" \/>\n\t<meta property=\"og:image:height\" content=\"2560\" \/>\n\t<meta property=\"og:image:type\" content=\"image\/jpeg\" \/>\n<meta name=\"twitter:card\" content=\"summary_large_image\" \/>\n<meta name=\"twitter:label1\" content=\"\u0648\u0642\u062a \u0627\u0644\u0642\u0631\u0627\u0621\u0629 \u0627\u0644\u0645\u064f\u0642\u062f\u0651\u0631\" \/>\n\t<meta name=\"twitter:data1\" content=\"\u062f\u0642\u064a\u0642\u0629 \u0648\u0627\u062d\u062f\u0629\" \/>\n<script type=\"application\/ld+json\" class=\"yoast-schema-graph\">{\"@context\":\"https:\/\/schema.org\",\"@graph\":[{\"@type\":\"WebPage\",\"@id\":\"https:\/\/pepiniere-nour.com\/produit\/ksantini\",\"url\":\"https:\/\/pepiniere-nour.com\/produit\/ksantini\",\"name\":\"Ksantini - P\u00c9PINIERE NOUR DU CENTRE\",\"isPartOf\":{\"@id\":\"https:\/\/pepiniere-nour.com\/#website\"},\"primaryImageOfPage\":{\"@id\":\"https:\/\/pepiniere-nour.com\/produit\/ksantini#primaryimage\"},\"image\":{\"@id\":\"https:\/\/pepiniere-nour.com\/produit\/ksantini#primaryimage\"},\"thumbnailUrl\":\"https:\/\/pepiniere-nour.com\/wp-content\/uploads\/2024\/03\/image00041-scaled.jpeg\",\"datePublished\":\"2024-03-20T22:52:54+00:00\",\"dateModified\":\"2024-05-21T11:46:00+00:00\",\"breadcrumb\":{\"@id\":\"https:\/\/pepiniere-nour.com\/produit\/ksantini#breadcrumb\"},\"inLanguage\":\"ar\",\"potentialAction\":[{\"@type\":\"ReadAction\",\"target\":[\"https:\/\/pepiniere-nour.com\/produit\/ksantini\"]}]},{\"@type\":\"ImageObject\",\"inLanguage\":\"ar\",\"@id\":\"https:\/\/pepiniere-nour.com\/produit\/ksantini#primaryimage\",\"url\":\"https:\/\/pepiniere-nour.com\/wp-content\/uploads\/2024\/03\/image00041-scaled.jpeg\",\"contentUrl\":\"https:\/\/pepiniere-nour.com\/wp-content\/uploads\/2024\/03\/image00041-scaled.jpeg\",\"width\":1920,\"height\":2560,\"caption\":\"Ksantini Plants d'amandiers\"},{\"@type\":\"BreadcrumbList\",\"@id\":\"https:\/\/pepiniere-nour.com\/produit\/ksantini#breadcrumb\",\"itemListElement\":[{\"@type\":\"ListItem\",\"position\":1,\"name\":\"Accueil\",\"item\":\"https:\/\/pepiniere-nour.com\/\"},{\"@type\":\"ListItem\",\"position\":2,\"name\":\"Boutique\",\"item\":\"https:\/\/pepiniere-nour.com\/boutique\"},{\"@type\":\"ListItem\",\"position\":3,\"name\":\"Ksantini\"}]},{\"@type\":\"WebSite\",\"@id\":\"https:\/\/pepiniere-nour.com\/#website\",\"url\":\"https:\/\/pepiniere-nour.com\/\",\"name\":\"P\u00c9PINIERE NOUR DU CENTRE\",\"description\":\"P\u00c9PINIERE NOUR DU CENTRE\",\"publisher\":{\"@id\":\"https:\/\/pepiniere-nour.com\/#organization\"},\"potentialAction\":[{\"@type\":\"SearchAction\",\"target\":{\"@type\":\"EntryPoint\",\"urlTemplate\":\"https:\/\/pepiniere-nour.com\/?s={search_term_string}\"},\"query-input\":{\"@type\":\"PropertyValueSpecification\",\"valueRequired\":true,\"valueName\":\"search_term_string\"}}],\"inLanguage\":\"ar\"},{\"@type\":\"Organization\",\"@id\":\"https:\/\/pepiniere-nour.com\/#organization\",\"name\":\"P\u00c9PINIERE NOUR DU CENTRE\",\"url\":\"https:\/\/pepiniere-nour.com\/\",\"logo\":{\"@type\":\"ImageObject\",\"inLanguage\":\"ar\",\"@id\":\"https:\/\/pepiniere-nour.com\/#\/schema\/logo\/image\/\",\"url\":\"https:\/\/pepiniere-nour.com\/wp-content\/uploads\/2024\/03\/Remove-bg.ai_1709804773648.png\",\"contentUrl\":\"https:\/\/pepiniere-nour.com\/wp-content\/uploads\/2024\/03\/Remove-bg.ai_1709804773648.png\",\"width\":1199,\"height\":1199,\"caption\":\"P\u00c9PINIERE NOUR DU CENTRE\"},\"image\":{\"@id\":\"https:\/\/pepiniere-nour.com\/#\/schema\/logo\/image\/\"}}]}<\/script>\n<!-- \/ Yoast SEO plugin. -->","yoast_head_json":{"title":"Ksantini - P\u00c9PINIERE NOUR DU CENTRE","robots":{"index":"index","follow":"follow","max-snippet":"max-snippet:-1","max-image-preview":"max-image-preview:large","max-video-preview":"max-video-preview:-1"},"canonical":"https:\/\/pepiniere-nour.com\/ar\/product\/ksantini\/","og_locale":"ar_AR","og_type":"article","og_title":"Ksantini - P\u00c9PINIERE NOUR DU CENTRE","og_description":"Origine et Caract\u00e9ristiques de la Vari\u00e9t\u00e9 Sfaxienne  Cette vari\u00e9t\u00e9 est originaire de Sfax, o\u00f9 elle est actuellement largement r\u00e9pandue. Cet arbre vigoureux, peu d\u00e9licat \u00e0 former, pr\u00e9sente un port semi-\u00e9rig\u00e9. Son feuillage est assez dense, d'un vert clair, mais sensible aux pucerons, avec de grandes feuilles claires. La floraison est pr\u00e9coce, d\u00e9butant en janvier, et se synchronise avec la vari\u00e9t\u00e9 Zaaf. Cette vari\u00e9t\u00e9 est auto-compatible et sa maturit\u00e9 est pr\u00e9coce, se produisant fin juillet.  Appr\u00e9ciations G\u00e9n\u00e9rales et Sensibilit\u00e9  Consid\u00e9r\u00e9e comme une bonne vari\u00e9t\u00e9, elle est productive et repr\u00e9sente le meilleur pollinisateur de la vari\u00e9t\u00e9 Achaak. Elle est assez r\u00e9sistante au Fusicoccum mais sensible aux pucerons. La vari\u00e9t\u00e9 Sfaxienne est particuli\u00e8rement bien adapt\u00e9e au centre et au sud de la Tunisie.","og_url":"https:\/\/pepiniere-nour.com\/ar\/product\/ksantini\/","og_site_name":"P\u00c9PINIERE NOUR DU CENTRE","article_modified_time":"2024-05-21T11:46:00+00:00","og_image":[{"width":1920,"height":2560,"url":"https:\/\/pepiniere-nour.com\/wp-content\/uploads\/2024\/03\/image00041-scaled.jpeg","type":"image\/jpeg"}],"twitter_card":"summary_large_image","twitter_misc":{"\u0648\u0642\u062a \u0627\u0644\u0642\u0631\u0627\u0621\u0629 \u0627\u0644\u0645\u064f\u0642\u062f\u0651\u0631":"\u062f\u0642\u064a\u0642\u0629 \u0648\u0627\u062d\u062f\u0629"},"schema":{"@context":"https:\/\/schema.org","@graph":[{"@type":"WebPage","@id":"https:\/\/pepiniere-nour.com\/produit\/ksantini","url":"https:\/\/pepiniere-nour.com\/produit\/ksantini","name":"Ksantini - P\u00c9PINIERE NOUR DU CENTRE","isPartOf":{"@id":"https:\/\/pepiniere-nour.com\/#website"},"primaryImageOfPage":{"@id":"https:\/\/pepiniere-nour.com\/produit\/ksantini#primaryimage"},"image":{"@id":"https:\/\/pepiniere-nour.com\/produit\/ksantini#primaryimage"},"thumbnailUrl":"https:\/\/pepiniere-nour.com\/wp-content\/uploads\/2024\/03\/image00041-scaled.jpeg","datePublished":"2024-03-20T22:52:54+00:00","dateModified":"2024-05-21T11:46:00+00:00","breadcrumb":{"@id":"https:\/\/pepiniere-nour.com\/produit\/ksantini#breadcrumb"},"inLanguage":"ar","potentialAction":[{"@type":"ReadAction","target":["https:\/\/pepiniere-nour.com\/produit\/ksantini"]}]},{"@type":"ImageObject","inLanguage":"ar","@id":"https:\/\/pepiniere-nour.com\/produit\/ksantini#primaryimage","url":"https:\/\/pepiniere-nour.com\/wp-content\/uploads\/2024\/03\/image00041-scaled.jpeg","contentUrl":"https:\/\/pepiniere-nour.com\/wp-content\/uploads\/2024\/03\/image00041-scaled.jpeg","width":1920,"height":2560,"caption":"Ksantini Plants d'amandiers"},{"@type":"BreadcrumbList","@id":"https:\/\/pepiniere-nour.com\/produit\/ksantini#breadcrumb","itemListElement":[{"@type":"ListItem","position":1,"name":"Accueil","item":"https:\/\/pepiniere-nour.com\/"},{"@type":"ListItem","position":2,"name":"Boutique","item":"https:\/\/pepiniere-nour.com\/boutique"},{"@type":"ListItem","position":3,"name":"Ksantini"}]},{"@type":"WebSite","@id":"https:\/\/pepiniere-nour.com\/#website","url":"https:\/\/pepiniere-nour.com\/","name":"P\u00c9PINIERE NOUR DU CENTRE","description":"P\u00c9PINIERE NOUR DU CENTRE","publisher":{"@id":"https:\/\/pepiniere-nour.com\/#organization"},"potentialAction":[{"@type":"SearchAction","target":{"@type":"EntryPoint","urlTemplate":"https:\/\/pepiniere-nour.com\/?s={search_term_string}"},"query-input":{"@type":"PropertyValueSpecification","valueRequired":true,"valueName":"search_term_string"}}],"inLanguage":"ar"},{"@type":"Organization","@id":"https:\/\/pepiniere-nour.com\/#organization","name":"P\u00c9PINIERE NOUR DU CENTRE","url":"https:\/\/pepiniere-nour.com\/","logo":{"@type":"ImageObject","inLanguage":"ar","@id":"https:\/\/pepiniere-nour.com\/#\/schema\/logo\/image\/","url":"https:\/\/pepiniere-nour.com\/wp-content\/uploads\/2024\/03\/Remove-bg.ai_1709804773648.png","contentUrl":"https:\/\/pepiniere-nour.com\/wp-content\/uploads\/2024\/03\/Remove-bg.ai_1709804773648.png","width":1199,"height":1199,"caption":"P\u00c9PINIERE NOUR DU CENTRE"},"image":{"@id":"https:\/\/pepiniere-nour.com\/#\/schema\/logo\/image\/"}}]}},"_links":{"self":[{"href":"https:\/\/pepiniere-nour.com\/ar\/wp-json\/wp\/v2\/product\/963","targetHints":{"allow":["GET"]}}],"collection":[{"href":"https:\/\/pepiniere-nour.com\/ar\/wp-json\/wp\/v2\/product"}],"about":[{"href":"https:\/\/pepiniere-nour.com\/ar\/wp-json\/wp\/v2\/types\/product"}],"wp:featuredmedia":[{"embeddable":true,"href":"https:\/\/pepiniere-nour.com\/ar\/wp-json\/wp\/v2\/media\/2606"}],"wp:attachment":[{"href":"https:\/\/pepiniere-nour.com\/ar\/wp-json\/wp\/v2\/media?parent=963"}],"wp:term":[{"taxonomy":"product_brand","embeddable":true,"href":"https:\/\/pepiniere-nour.com\/ar\/wp-json\/wp\/v2\/product_brand?post=963"},{"taxonomy":"product_cat","embeddable":true,"href":"https:\/\/pepiniere-nour.com\/ar\/wp-json\/wp\/v2\/product_cat?post=963"},{"taxonomy":"product_tag","embeddable":true,"href":"https:\/\/pepiniere-nour.com\/ar\/wp-json\/wp\/v2\/product_tag?post=963"}],"curies":[{"name":"wp","href":"https:\/\/api.w.org\/{rel}","templated":true}]}}