{"id":954,"date":"2024-03-20T22:49:41","date_gmt":"2024-03-20T22:49:41","guid":{"rendered":"https:\/\/pepiniere-nour.com\/?post_type=product&#038;p=954"},"modified":"2024-08-26T11:15:31","modified_gmt":"2024-08-26T11:15:31","slug":"meski","status":"publish","type":"product","link":"https:\/\/pepiniere-nour.com\/ar\/product\/meski","title":{"rendered":"\u0645\u0633\u0643\u064a"},"content":{"rendered":"","protected":false},"excerpt":{"rendered":"<h4>\u0627\u0644\u062e\u0635\u0627\u0626\u0635 \u0627\u0644\u0645\u0648\u0631\u0641\u0648\u0644\u0648\u062c\u064a\u0629 \u0648\u0627\u0644\u0627\u0633\u062a\u062e\u062f\u0627\u0645<\/h4>\n<p>\u0635\u0646\u0641 \u0627\u0644\u0645\u0633\u0643\u064a\u060c \u0627\u0644\u0630\u064a \u064a\u0639\u0648\u062f \u0623\u0635\u0644\u0647 \u0625\u0644\u0649 \u0637\u0628\u0631\u0628\u0629 \u0648\u064a\u0632\u0631\u0639 \u0628\u0634\u0643\u0644 \u0631\u0626\u064a\u0633\u064a \u0641\u064a \u0645\u0646\u0637\u0642\u0629 \u0628\u0631\u062c \u0627\u0644\u0639\u0627\u0645\u0631\u064a\u060c\u062a\u062a\u0645\u064a\u0632 \u062b\u0645\u0627\u0631\u0647\u0627 \u0628\u0627\u0631\u062a\u0641\u0627\u0639 \u0645\u062a\u0648\u0633\u0637 \u0648\u0647\u064a \u0628\u064a\u0636\u0627\u0648\u064a\u0629 \u0627\u0644\u0634\u0643\u0644 \u0630\u0627\u062a \u0642\u0645\u0629 \u0645\u0633\u062a\u062f\u064a\u0631\u0629 \u0648 \u064a\u0628\u0644\u063a \u0645\u062a\u0648\u0633\u0637 \u0648\u0632\u0646\u0647\u0627 6 \u063a\u0631\u0627\u0645\u0627\u062a<\/p>\n<h4>\u0623\u0647\u0645\u064a\u0629 \u0641\u064a \u0627\u0644\u0632\u0631\u0627\u0639\u0629<\/h4>\n<p>\u062a\u0639\u062a\u0628\u0631 \u062d\u0628\u0627\u062a \u0632\u064a\u062a\u0648\u0646 \u0627\u0644\u0645\u0633\u0643\u064a \u0645\u0644\u0643\u0629 \u0632\u064a\u062a\u0648\u0646 \u0627\u0644\u0645\u0627\u0626\u062f\u0629 \u0646\u0638\u0631\u0627 \u0644\u0645\u0630\u0627\u0642\u0647\u0627 \u0627\u0644\u0627\u0633\u062a\u062b\u0646\u0627\u0626\u064a  \u0647\u0630\u0627 \u0627\u0644\u0635\u0646\u0641 \u063a\u064a\u0631 \u0642\u0627\u062f\u0631 \u0639\u0644\u0649 \u0627\u0644\u0625\u0644\u0642\u0627\u062d \u0627\u0644\u0630\u0627\u062a\u064a \u0644\u0643\u0646\u0647 \u064a\u062a\u0645\u062a\u0639 \u0628\u0642\u062f\u0631\u0629 \u062d\u0630\u0631\u064a\u0629 \u062c\u064a\u062f\u0629.<\/p>\n<h4>\u062a\u0648\u0627\u0641\u0631 \u0648\u0623\u0634\u0643\u0627\u0644 \u0627\u0644\u0646\u0628\u0627\u062a\u0627\u062a<\/h4>\n<p>Les plants d&rsquo;olivier de cette vari\u00e9t\u00e9 sont disponibles en diff\u00e9rents formats pour r\u00e9pondre aux besoins des cultivateurs : en godet, hauteur de plus de 30 cm, en sachet, hauteur de plus de 50 cm ou en pot, hauteur de plus de 1 m\u00e8tre.<\/p>","protected":false},"featured_media":2749,"template":"","meta":{"_acf_changed":false},"product_brand":[],"product_cat":[36,32],"product_tag":[24,35,25,26,27],"class_list":{"0":"post-954","1":"product","2":"type-product","3":"status-publish","4":"has-post-thumbnail","6":"product_cat-oliviers-de-table","7":"product_cat-plants-doliviers","8":"product_tag-equipment","9":"product_tag-etranger","10":"product_tag-garden","11":"product_tag-plants","12":"product_tag-tools","14":"first","15":"instock","16":"shipping-taxable","17":"purchasable","18":"product-type-simple"},"acf":[],"yoast_head":"<!-- This site is optimized with the Yoast SEO plugin v25.5 - https:\/\/yoast.com\/wordpress\/plugins\/seo\/ -->\n<title>Meski - P\u00c9PINIERE NOUR DU CENTRE<\/title>\n<meta name=\"robots\" content=\"index, follow, max-snippet:-1, max-image-preview:large, max-video-preview:-1\" \/>\n<link rel=\"canonical\" href=\"https:\/\/pepiniere-nour.com\/ar\/product\/meski\/\" \/>\n<meta property=\"og:locale\" content=\"ar_AR\" \/>\n<meta property=\"og:type\" content=\"article\" \/>\n<meta property=\"og:title\" content=\"Meski - P\u00c9PINIERE NOUR DU CENTRE\" \/>\n<meta property=\"og:description\" content=\"Caract\u00e9ristiques Morphologiques et Utilisation  La vari\u00e9t\u00e9 Meski, originaire de T\u00e9bourba et principalement cultiv\u00e9e dans la r\u00e9gion de Borj El Amri, est sp\u00e9cifiquement destin\u00e9e \u00e0 une utilisation \u00e0 table. Ses fruits, caract\u00e9ris\u00e9s par un poids moyen \u00e9lev\u00e9 d\u00e9passant 6 grammes, pr\u00e9sentent une forme ovo\u00efde distincte, d\u00e9pourvue de mamelon et avec un sommet arrondi.  Importance en Agriculture  Consid\u00e9r\u00e9e comme la reine des vari\u00e9t\u00e9s de table, la Meski est hautement appr\u00e9ci\u00e9e pour ses qualit\u00e9s gustatives exceptionnelles. Cependant, sa fructification est parfois probl\u00e9matique en raison de son auto-incompatibilit\u00e9. Malgr\u00e9 cela, elle pr\u00e9sente une bonne capacit\u00e9 rhizog\u00e8ne.  Disponibilit\u00e9 et Formats des Plants  Les plants d&#039;olivier de cette vari\u00e9t\u00e9 sont disponibles en diff\u00e9rents formats pour r\u00e9pondre aux besoins des cultivateurs : en godet, hauteur de plus de 30 cm, en sachet, hauteur de plus de 50 cm ou en pot, hauteur de plus de 1 m\u00e8tre.\" \/>\n<meta property=\"og:url\" content=\"https:\/\/pepiniere-nour.com\/ar\/product\/meski\/\" \/>\n<meta property=\"og:site_name\" content=\"P\u00c9PINIERE NOUR DU CENTRE\" \/>\n<meta property=\"article:modified_time\" content=\"2024-08-26T11:15:31+00:00\" \/>\n<meta property=\"og:image\" content=\"https:\/\/pepiniere-nour.com\/wp-content\/uploads\/2024\/03\/olivier-a-table-Meski.jpg\" \/>\n\t<meta property=\"og:image:width\" content=\"570\" \/>\n\t<meta property=\"og:image:height\" content=\"380\" \/>\n\t<meta property=\"og:image:type\" content=\"image\/jpeg\" \/>\n<meta name=\"twitter:card\" content=\"summary_large_image\" \/>\n<meta name=\"twitter:label1\" content=\"\u0648\u0642\u062a \u0627\u0644\u0642\u0631\u0627\u0621\u0629 \u0627\u0644\u0645\u064f\u0642\u062f\u0651\u0631\" \/>\n\t<meta name=\"twitter:data1\" content=\"\u062f\u0642\u064a\u0642\u0629 \u0648\u0627\u062d\u062f\u0629\" \/>\n<script type=\"application\/ld+json\" class=\"yoast-schema-graph\">{\"@context\":\"https:\/\/schema.org\",\"@graph\":[{\"@type\":\"WebPage\",\"@id\":\"https:\/\/pepiniere-nour.com\/produit\/meski\",\"url\":\"https:\/\/pepiniere-nour.com\/produit\/meski\",\"name\":\"Meski - P\u00c9PINIERE NOUR DU CENTRE\",\"isPartOf\":{\"@id\":\"https:\/\/pepiniere-nour.com\/#website\"},\"primaryImageOfPage\":{\"@id\":\"https:\/\/pepiniere-nour.com\/produit\/meski#primaryimage\"},\"image\":{\"@id\":\"https:\/\/pepiniere-nour.com\/produit\/meski#primaryimage\"},\"thumbnailUrl\":\"https:\/\/pepiniere-nour.com\/wp-content\/uploads\/2024\/03\/olivier-a-table-Meski.jpg\",\"datePublished\":\"2024-03-20T22:49:41+00:00\",\"dateModified\":\"2024-08-26T11:15:31+00:00\",\"breadcrumb\":{\"@id\":\"https:\/\/pepiniere-nour.com\/produit\/meski#breadcrumb\"},\"inLanguage\":\"ar\",\"potentialAction\":[{\"@type\":\"ReadAction\",\"target\":[\"https:\/\/pepiniere-nour.com\/produit\/meski\"]}]},{\"@type\":\"ImageObject\",\"inLanguage\":\"ar\",\"@id\":\"https:\/\/pepiniere-nour.com\/produit\/meski#primaryimage\",\"url\":\"https:\/\/pepiniere-nour.com\/wp-content\/uploads\/2024\/03\/olivier-a-table-Meski.jpg\",\"contentUrl\":\"https:\/\/pepiniere-nour.com\/wp-content\/uploads\/2024\/03\/olivier-a-table-Meski.jpg\",\"width\":570,\"height\":380,\"caption\":\"olivier \u00e0 table meski\"},{\"@type\":\"BreadcrumbList\",\"@id\":\"https:\/\/pepiniere-nour.com\/produit\/meski#breadcrumb\",\"itemListElement\":[{\"@type\":\"ListItem\",\"position\":1,\"name\":\"Accueil\",\"item\":\"https:\/\/pepiniere-nour.com\/\"},{\"@type\":\"ListItem\",\"position\":2,\"name\":\"Boutique\",\"item\":\"https:\/\/pepiniere-nour.com\/boutique\"},{\"@type\":\"ListItem\",\"position\":3,\"name\":\"Meski\"}]},{\"@type\":\"WebSite\",\"@id\":\"https:\/\/pepiniere-nour.com\/#website\",\"url\":\"https:\/\/pepiniere-nour.com\/\",\"name\":\"P\u00c9PINIERE NOUR DU CENTRE\",\"description\":\"P\u00c9PINIERE NOUR DU CENTRE\",\"publisher\":{\"@id\":\"https:\/\/pepiniere-nour.com\/#organization\"},\"potentialAction\":[{\"@type\":\"SearchAction\",\"target\":{\"@type\":\"EntryPoint\",\"urlTemplate\":\"https:\/\/pepiniere-nour.com\/?s={search_term_string}\"},\"query-input\":{\"@type\":\"PropertyValueSpecification\",\"valueRequired\":true,\"valueName\":\"search_term_string\"}}],\"inLanguage\":\"ar\"},{\"@type\":\"Organization\",\"@id\":\"https:\/\/pepiniere-nour.com\/#organization\",\"name\":\"P\u00c9PINIERE NOUR DU CENTRE\",\"url\":\"https:\/\/pepiniere-nour.com\/\",\"logo\":{\"@type\":\"ImageObject\",\"inLanguage\":\"ar\",\"@id\":\"https:\/\/pepiniere-nour.com\/#\/schema\/logo\/image\/\",\"url\":\"https:\/\/pepiniere-nour.com\/wp-content\/uploads\/2024\/03\/Remove-bg.ai_1709804773648.png\",\"contentUrl\":\"https:\/\/pepiniere-nour.com\/wp-content\/uploads\/2024\/03\/Remove-bg.ai_1709804773648.png\",\"width\":1199,\"height\":1199,\"caption\":\"P\u00c9PINIERE NOUR DU CENTRE\"},\"image\":{\"@id\":\"https:\/\/pepiniere-nour.com\/#\/schema\/logo\/image\/\"}}]}<\/script>\n<!-- \/ Yoast SEO plugin. -->","yoast_head_json":{"title":"Meski - P\u00c9PINIERE NOUR DU CENTRE","robots":{"index":"index","follow":"follow","max-snippet":"max-snippet:-1","max-image-preview":"max-image-preview:large","max-video-preview":"max-video-preview:-1"},"canonical":"https:\/\/pepiniere-nour.com\/ar\/product\/meski\/","og_locale":"ar_AR","og_type":"article","og_title":"Meski - P\u00c9PINIERE NOUR DU CENTRE","og_description":"Caract\u00e9ristiques Morphologiques et Utilisation  La vari\u00e9t\u00e9 Meski, originaire de T\u00e9bourba et principalement cultiv\u00e9e dans la r\u00e9gion de Borj El Amri, est sp\u00e9cifiquement destin\u00e9e \u00e0 une utilisation \u00e0 table. Ses fruits, caract\u00e9ris\u00e9s par un poids moyen \u00e9lev\u00e9 d\u00e9passant 6 grammes, pr\u00e9sentent une forme ovo\u00efde distincte, d\u00e9pourvue de mamelon et avec un sommet arrondi.  Importance en Agriculture  Consid\u00e9r\u00e9e comme la reine des vari\u00e9t\u00e9s de table, la Meski est hautement appr\u00e9ci\u00e9e pour ses qualit\u00e9s gustatives exceptionnelles. Cependant, sa fructification est parfois probl\u00e9matique en raison de son auto-incompatibilit\u00e9. Malgr\u00e9 cela, elle pr\u00e9sente une bonne capacit\u00e9 rhizog\u00e8ne.  Disponibilit\u00e9 et Formats des Plants  Les plants d'olivier de cette vari\u00e9t\u00e9 sont disponibles en diff\u00e9rents formats pour r\u00e9pondre aux besoins des cultivateurs : en godet, hauteur de plus de 30 cm, en sachet, hauteur de plus de 50 cm ou en pot, hauteur de plus de 1 m\u00e8tre.","og_url":"https:\/\/pepiniere-nour.com\/ar\/product\/meski\/","og_site_name":"P\u00c9PINIERE NOUR DU CENTRE","article_modified_time":"2024-08-26T11:15:31+00:00","og_image":[{"width":570,"height":380,"url":"https:\/\/pepiniere-nour.com\/wp-content\/uploads\/2024\/03\/olivier-a-table-Meski.jpg","type":"image\/jpeg"}],"twitter_card":"summary_large_image","twitter_misc":{"\u0648\u0642\u062a \u0627\u0644\u0642\u0631\u0627\u0621\u0629 \u0627\u0644\u0645\u064f\u0642\u062f\u0651\u0631":"\u062f\u0642\u064a\u0642\u0629 \u0648\u0627\u062d\u062f\u0629"},"schema":{"@context":"https:\/\/schema.org","@graph":[{"@type":"WebPage","@id":"https:\/\/pepiniere-nour.com\/produit\/meski","url":"https:\/\/pepiniere-nour.com\/produit\/meski","name":"Meski - P\u00c9PINIERE NOUR DU CENTRE","isPartOf":{"@id":"https:\/\/pepiniere-nour.com\/#website"},"primaryImageOfPage":{"@id":"https:\/\/pepiniere-nour.com\/produit\/meski#primaryimage"},"image":{"@id":"https:\/\/pepiniere-nour.com\/produit\/meski#primaryimage"},"thumbnailUrl":"https:\/\/pepiniere-nour.com\/wp-content\/uploads\/2024\/03\/olivier-a-table-Meski.jpg","datePublished":"2024-03-20T22:49:41+00:00","dateModified":"2024-08-26T11:15:31+00:00","breadcrumb":{"@id":"https:\/\/pepiniere-nour.com\/produit\/meski#breadcrumb"},"inLanguage":"ar","potentialAction":[{"@type":"ReadAction","target":["https:\/\/pepiniere-nour.com\/produit\/meski"]}]},{"@type":"ImageObject","inLanguage":"ar","@id":"https:\/\/pepiniere-nour.com\/produit\/meski#primaryimage","url":"https:\/\/pepiniere-nour.com\/wp-content\/uploads\/2024\/03\/olivier-a-table-Meski.jpg","contentUrl":"https:\/\/pepiniere-nour.com\/wp-content\/uploads\/2024\/03\/olivier-a-table-Meski.jpg","width":570,"height":380,"caption":"olivier \u00e0 table meski"},{"@type":"BreadcrumbList","@id":"https:\/\/pepiniere-nour.com\/produit\/meski#breadcrumb","itemListElement":[{"@type":"ListItem","position":1,"name":"Accueil","item":"https:\/\/pepiniere-nour.com\/"},{"@type":"ListItem","position":2,"name":"Boutique","item":"https:\/\/pepiniere-nour.com\/boutique"},{"@type":"ListItem","position":3,"name":"Meski"}]},{"@type":"WebSite","@id":"https:\/\/pepiniere-nour.com\/#website","url":"https:\/\/pepiniere-nour.com\/","name":"P\u00c9PINIERE NOUR DU CENTRE","description":"P\u00c9PINIERE NOUR DU CENTRE","publisher":{"@id":"https:\/\/pepiniere-nour.com\/#organization"},"potentialAction":[{"@type":"SearchAction","target":{"@type":"EntryPoint","urlTemplate":"https:\/\/pepiniere-nour.com\/?s={search_term_string}"},"query-input":{"@type":"PropertyValueSpecification","valueRequired":true,"valueName":"search_term_string"}}],"inLanguage":"ar"},{"@type":"Organization","@id":"https:\/\/pepiniere-nour.com\/#organization","name":"P\u00c9PINIERE NOUR DU CENTRE","url":"https:\/\/pepiniere-nour.com\/","logo":{"@type":"ImageObject","inLanguage":"ar","@id":"https:\/\/pepiniere-nour.com\/#\/schema\/logo\/image\/","url":"https:\/\/pepiniere-nour.com\/wp-content\/uploads\/2024\/03\/Remove-bg.ai_1709804773648.png","contentUrl":"https:\/\/pepiniere-nour.com\/wp-content\/uploads\/2024\/03\/Remove-bg.ai_1709804773648.png","width":1199,"height":1199,"caption":"P\u00c9PINIERE NOUR DU CENTRE"},"image":{"@id":"https:\/\/pepiniere-nour.com\/#\/schema\/logo\/image\/"}}]}},"_links":{"self":[{"href":"https:\/\/pepiniere-nour.com\/ar\/wp-json\/wp\/v2\/product\/954","targetHints":{"allow":["GET"]}}],"collection":[{"href":"https:\/\/pepiniere-nour.com\/ar\/wp-json\/wp\/v2\/product"}],"about":[{"href":"https:\/\/pepiniere-nour.com\/ar\/wp-json\/wp\/v2\/types\/product"}],"wp:featuredmedia":[{"embeddable":true,"href":"https:\/\/pepiniere-nour.com\/ar\/wp-json\/wp\/v2\/media\/2749"}],"wp:attachment":[{"href":"https:\/\/pepiniere-nour.com\/ar\/wp-json\/wp\/v2\/media?parent=954"}],"wp:term":[{"taxonomy":"product_brand","embeddable":true,"href":"https:\/\/pepiniere-nour.com\/ar\/wp-json\/wp\/v2\/product_brand?post=954"},{"taxonomy":"product_cat","embeddable":true,"href":"https:\/\/pepiniere-nour.com\/ar\/wp-json\/wp\/v2\/product_cat?post=954"},{"taxonomy":"product_tag","embeddable":true,"href":"https:\/\/pepiniere-nour.com\/ar\/wp-json\/wp\/v2\/product_tag?post=954"}],"curies":[{"name":"wp","href":"https:\/\/api.w.org\/{rel}","templated":true}]}}