{"id":953,"date":"2024-03-20T22:49:33","date_gmt":"2024-03-20T22:49:33","guid":{"rendered":"https:\/\/pepiniere-nour.com\/?post_type=product&#038;p=953"},"modified":"2024-08-26T11:08:37","modified_gmt":"2024-08-26T11:08:37","slug":"bidh-hmam","status":"publish","type":"product","link":"https:\/\/pepiniere-nour.com\/ar\/product\/bidh-hmam","title":{"rendered":"\u0628\u064a\u0636 \u062d\u0645\u0627\u0645"},"content":{"rendered":"","protected":false},"excerpt":{"rendered":"<h4>\u0627\u0644\u062e\u0635\u0627\u0626\u0635 \u0627\u0644\u0645\u0648\u0631\u0641\u0648\u0644\u0648\u062c\u064a\u0629 \u0648\u0627\u0644\u0627\u0633\u062a\u062e\u062f\u0627\u0645<\/h4>\n<p>La vari\u00e9t\u00e9 Bidh Hmam, r\u00e9pandue \u00e0 travers toute la Tunisie et principalement cultiv\u00e9e dans l&rsquo;ouest du pays, est appr\u00e9ci\u00e9e pour son utilisation \u00e0 double fin : \u00e0 la fois pour la consommation d&rsquo;olives de table et pour l&rsquo;extraction d&rsquo;huile. Les fruits, sph\u00e9riques, pr\u00e9sentent un poids moyen variant de 5 \u00e0 7 grammes, et se distinguent par l&rsquo;absence de mamelon et un sommet arrondi.<\/p>\n<h4>Productivit\u00e9 et Qualit\u00e9 de l&rsquo;Huile<\/h4>\n<p>La vari\u00e9t\u00e9 Bidh Hmam, nomm\u00e9e en r\u00e9f\u00e9rence \u00e0 la forme de ses fruits, est cultiv\u00e9e dans les plantations d&rsquo;oliviers de table et les p\u00e9rim\u00e8tres irrigu\u00e9s de la Tunisie. Sa popularit\u00e9 est attribu\u00e9e \u00e0 la taille g\u00e9n\u00e9reuse de ses fruits.<\/p>\n<h4>\u062a\u0648\u0627\u0641\u0631 \u0648\u0623\u0634\u0643\u0627\u0644 \u0627\u0644\u0646\u0628\u0627\u062a\u0627\u062a<\/h4>\n<p>Les plants d&rsquo;olivier de cette vari\u00e9t\u00e9 sont disponibles en diff\u00e9rents formats : en godet, hauteur de plus de 30 cm, en sachet, hauteur de plus de 50 cm ou en pot, hauteur de plus de 1 m\u00e8tre, pour r\u00e9pondre aux besoins vari\u00e9s des cultivateurs.<\/p>","protected":false},"featured_media":2657,"template":"","meta":{"_acf_changed":false},"product_brand":[],"product_cat":[36,32],"product_tag":[24,35,25,26,27],"class_list":{"0":"post-953","1":"product","2":"type-product","3":"status-publish","4":"has-post-thumbnail","6":"product_cat-oliviers-de-table","7":"product_cat-plants-doliviers","8":"product_tag-equipment","9":"product_tag-etranger","10":"product_tag-garden","11":"product_tag-plants","12":"product_tag-tools","14":"first","15":"instock","16":"shipping-taxable","17":"purchasable","18":"product-type-simple"},"acf":[],"yoast_head":"<!-- This site is optimized with the Yoast SEO plugin v25.5 - https:\/\/yoast.com\/wordpress\/plugins\/seo\/ -->\n<title>Bidh Hmam - P\u00c9PINIERE NOUR DU CENTRE<\/title>\n<meta name=\"robots\" content=\"index, follow, max-snippet:-1, max-image-preview:large, max-video-preview:-1\" \/>\n<link rel=\"canonical\" href=\"https:\/\/pepiniere-nour.com\/ar\/product\/bidh-hmam\/\" \/>\n<meta property=\"og:locale\" content=\"ar_AR\" \/>\n<meta property=\"og:type\" content=\"article\" \/>\n<meta property=\"og:title\" content=\"Bidh Hmam - P\u00c9PINIERE NOUR DU CENTRE\" \/>\n<meta property=\"og:description\" content=\"Caract\u00e9ristiques Morphologiques et Utilisation La vari\u00e9t\u00e9 Bidh Hmam, r\u00e9pandue \u00e0 travers toute la Tunisie et principalement cultiv\u00e9e dans l&#039;ouest du pays, est appr\u00e9ci\u00e9e pour son utilisation \u00e0 double fin : \u00e0 la fois pour la consommation d&#039;olives de table et pour l&#039;extraction d&#039;huile. Les fruits, sph\u00e9riques, pr\u00e9sentent un poids moyen variant de 5 \u00e0 7 grammes, et se distinguent par l&#039;absence de mamelon et un sommet arrondi. Productivit\u00e9 et Qualit\u00e9 de l&#039;Huile La vari\u00e9t\u00e9 Bidh Hmam, nomm\u00e9e en r\u00e9f\u00e9rence \u00e0 la forme de ses fruits, est cultiv\u00e9e dans les plantations d&#039;oliviers de table et les p\u00e9rim\u00e8tres irrigu\u00e9s de la Tunisie. Sa popularit\u00e9 est attribu\u00e9e \u00e0 la taille g\u00e9n\u00e9reuse de ses fruits. Disponibilit\u00e9 et Formats des Plants Les plants d&#039;olivier de cette vari\u00e9t\u00e9 sont disponibles en diff\u00e9rents formats : en godet, hauteur de plus de 30 cm, en sachet, hauteur de plus de 50 cm ou en pot, hauteur de plus de 1 m\u00e8tre, pour r\u00e9pondre aux besoins vari\u00e9s des cultivateurs.\" \/>\n<meta property=\"og:url\" content=\"https:\/\/pepiniere-nour.com\/ar\/product\/bidh-hmam\/\" \/>\n<meta property=\"og:site_name\" content=\"P\u00c9PINIERE NOUR DU CENTRE\" \/>\n<meta property=\"article:modified_time\" content=\"2024-08-26T11:08:37+00:00\" \/>\n<meta property=\"og:image\" content=\"https:\/\/pepiniere-nour.com\/wp-content\/uploads\/2024\/03\/Bidh-Hmam-scaled.jpeg\" \/>\n\t<meta property=\"og:image:width\" content=\"1920\" \/>\n\t<meta property=\"og:image:height\" content=\"2560\" \/>\n\t<meta property=\"og:image:type\" content=\"image\/jpeg\" \/>\n<meta name=\"twitter:card\" content=\"summary_large_image\" \/>\n<meta name=\"twitter:label1\" content=\"\u0648\u0642\u062a \u0627\u0644\u0642\u0631\u0627\u0621\u0629 \u0627\u0644\u0645\u064f\u0642\u062f\u0651\u0631\" \/>\n\t<meta name=\"twitter:data1\" content=\"\u062f\u0642\u064a\u0642\u0629 \u0648\u0627\u062d\u062f\u0629\" \/>\n<script type=\"application\/ld+json\" class=\"yoast-schema-graph\">{\"@context\":\"https:\/\/schema.org\",\"@graph\":[{\"@type\":\"WebPage\",\"@id\":\"https:\/\/pepiniere-nour.com\/produit\/bidh-hmam\",\"url\":\"https:\/\/pepiniere-nour.com\/produit\/bidh-hmam\",\"name\":\"Bidh Hmam - P\u00c9PINIERE NOUR DU CENTRE\",\"isPartOf\":{\"@id\":\"https:\/\/pepiniere-nour.com\/#website\"},\"primaryImageOfPage\":{\"@id\":\"https:\/\/pepiniere-nour.com\/produit\/bidh-hmam#primaryimage\"},\"image\":{\"@id\":\"https:\/\/pepiniere-nour.com\/produit\/bidh-hmam#primaryimage\"},\"thumbnailUrl\":\"https:\/\/pepiniere-nour.com\/wp-content\/uploads\/2024\/03\/Bidh-Hmam-scaled.jpeg\",\"datePublished\":\"2024-03-20T22:49:33+00:00\",\"dateModified\":\"2024-08-26T11:08:37+00:00\",\"breadcrumb\":{\"@id\":\"https:\/\/pepiniere-nour.com\/produit\/bidh-hmam#breadcrumb\"},\"inLanguage\":\"ar\",\"potentialAction\":[{\"@type\":\"ReadAction\",\"target\":[\"https:\/\/pepiniere-nour.com\/produit\/bidh-hmam\"]}]},{\"@type\":\"ImageObject\",\"inLanguage\":\"ar\",\"@id\":\"https:\/\/pepiniere-nour.com\/produit\/bidh-hmam#primaryimage\",\"url\":\"https:\/\/pepiniere-nour.com\/wp-content\/uploads\/2024\/03\/Bidh-Hmam-scaled.jpeg\",\"contentUrl\":\"https:\/\/pepiniere-nour.com\/wp-content\/uploads\/2024\/03\/Bidh-Hmam-scaled.jpeg\",\"width\":1920,\"height\":2560,\"caption\":\"Bidh Hmam\"},{\"@type\":\"BreadcrumbList\",\"@id\":\"https:\/\/pepiniere-nour.com\/produit\/bidh-hmam#breadcrumb\",\"itemListElement\":[{\"@type\":\"ListItem\",\"position\":1,\"name\":\"Accueil\",\"item\":\"https:\/\/pepiniere-nour.com\/\"},{\"@type\":\"ListItem\",\"position\":2,\"name\":\"Boutique\",\"item\":\"https:\/\/pepiniere-nour.com\/boutique\"},{\"@type\":\"ListItem\",\"position\":3,\"name\":\"Bidh Hmam\"}]},{\"@type\":\"WebSite\",\"@id\":\"https:\/\/pepiniere-nour.com\/#website\",\"url\":\"https:\/\/pepiniere-nour.com\/\",\"name\":\"P\u00c9PINIERE NOUR DU CENTRE\",\"description\":\"P\u00c9PINIERE NOUR DU CENTRE\",\"publisher\":{\"@id\":\"https:\/\/pepiniere-nour.com\/#organization\"},\"potentialAction\":[{\"@type\":\"SearchAction\",\"target\":{\"@type\":\"EntryPoint\",\"urlTemplate\":\"https:\/\/pepiniere-nour.com\/?s={search_term_string}\"},\"query-input\":{\"@type\":\"PropertyValueSpecification\",\"valueRequired\":true,\"valueName\":\"search_term_string\"}}],\"inLanguage\":\"ar\"},{\"@type\":\"Organization\",\"@id\":\"https:\/\/pepiniere-nour.com\/#organization\",\"name\":\"P\u00c9PINIERE NOUR DU CENTRE\",\"url\":\"https:\/\/pepiniere-nour.com\/\",\"logo\":{\"@type\":\"ImageObject\",\"inLanguage\":\"ar\",\"@id\":\"https:\/\/pepiniere-nour.com\/#\/schema\/logo\/image\/\",\"url\":\"https:\/\/pepiniere-nour.com\/wp-content\/uploads\/2024\/03\/Remove-bg.ai_1709804773648.png\",\"contentUrl\":\"https:\/\/pepiniere-nour.com\/wp-content\/uploads\/2024\/03\/Remove-bg.ai_1709804773648.png\",\"width\":1199,\"height\":1199,\"caption\":\"P\u00c9PINIERE NOUR DU CENTRE\"},\"image\":{\"@id\":\"https:\/\/pepiniere-nour.com\/#\/schema\/logo\/image\/\"}}]}<\/script>\n<!-- \/ Yoast SEO plugin. -->","yoast_head_json":{"title":"Bidh Hmam - P\u00c9PINIERE NOUR DU CENTRE","robots":{"index":"index","follow":"follow","max-snippet":"max-snippet:-1","max-image-preview":"max-image-preview:large","max-video-preview":"max-video-preview:-1"},"canonical":"https:\/\/pepiniere-nour.com\/ar\/product\/bidh-hmam\/","og_locale":"ar_AR","og_type":"article","og_title":"Bidh Hmam - P\u00c9PINIERE NOUR DU CENTRE","og_description":"Caract\u00e9ristiques Morphologiques et Utilisation La vari\u00e9t\u00e9 Bidh Hmam, r\u00e9pandue \u00e0 travers toute la Tunisie et principalement cultiv\u00e9e dans l'ouest du pays, est appr\u00e9ci\u00e9e pour son utilisation \u00e0 double fin : \u00e0 la fois pour la consommation d'olives de table et pour l'extraction d'huile. Les fruits, sph\u00e9riques, pr\u00e9sentent un poids moyen variant de 5 \u00e0 7 grammes, et se distinguent par l'absence de mamelon et un sommet arrondi. Productivit\u00e9 et Qualit\u00e9 de l'Huile La vari\u00e9t\u00e9 Bidh Hmam, nomm\u00e9e en r\u00e9f\u00e9rence \u00e0 la forme de ses fruits, est cultiv\u00e9e dans les plantations d'oliviers de table et les p\u00e9rim\u00e8tres irrigu\u00e9s de la Tunisie. Sa popularit\u00e9 est attribu\u00e9e \u00e0 la taille g\u00e9n\u00e9reuse de ses fruits. Disponibilit\u00e9 et Formats des Plants Les plants d'olivier de cette vari\u00e9t\u00e9 sont disponibles en diff\u00e9rents formats : en godet, hauteur de plus de 30 cm, en sachet, hauteur de plus de 50 cm ou en pot, hauteur de plus de 1 m\u00e8tre, pour r\u00e9pondre aux besoins vari\u00e9s des cultivateurs.","og_url":"https:\/\/pepiniere-nour.com\/ar\/product\/bidh-hmam\/","og_site_name":"P\u00c9PINIERE NOUR DU CENTRE","article_modified_time":"2024-08-26T11:08:37+00:00","og_image":[{"width":1920,"height":2560,"url":"https:\/\/pepiniere-nour.com\/wp-content\/uploads\/2024\/03\/Bidh-Hmam-scaled.jpeg","type":"image\/jpeg"}],"twitter_card":"summary_large_image","twitter_misc":{"\u0648\u0642\u062a \u0627\u0644\u0642\u0631\u0627\u0621\u0629 \u0627\u0644\u0645\u064f\u0642\u062f\u0651\u0631":"\u062f\u0642\u064a\u0642\u0629 \u0648\u0627\u062d\u062f\u0629"},"schema":{"@context":"https:\/\/schema.org","@graph":[{"@type":"WebPage","@id":"https:\/\/pepiniere-nour.com\/produit\/bidh-hmam","url":"https:\/\/pepiniere-nour.com\/produit\/bidh-hmam","name":"Bidh Hmam - P\u00c9PINIERE NOUR DU CENTRE","isPartOf":{"@id":"https:\/\/pepiniere-nour.com\/#website"},"primaryImageOfPage":{"@id":"https:\/\/pepiniere-nour.com\/produit\/bidh-hmam#primaryimage"},"image":{"@id":"https:\/\/pepiniere-nour.com\/produit\/bidh-hmam#primaryimage"},"thumbnailUrl":"https:\/\/pepiniere-nour.com\/wp-content\/uploads\/2024\/03\/Bidh-Hmam-scaled.jpeg","datePublished":"2024-03-20T22:49:33+00:00","dateModified":"2024-08-26T11:08:37+00:00","breadcrumb":{"@id":"https:\/\/pepiniere-nour.com\/produit\/bidh-hmam#breadcrumb"},"inLanguage":"ar","potentialAction":[{"@type":"ReadAction","target":["https:\/\/pepiniere-nour.com\/produit\/bidh-hmam"]}]},{"@type":"ImageObject","inLanguage":"ar","@id":"https:\/\/pepiniere-nour.com\/produit\/bidh-hmam#primaryimage","url":"https:\/\/pepiniere-nour.com\/wp-content\/uploads\/2024\/03\/Bidh-Hmam-scaled.jpeg","contentUrl":"https:\/\/pepiniere-nour.com\/wp-content\/uploads\/2024\/03\/Bidh-Hmam-scaled.jpeg","width":1920,"height":2560,"caption":"Bidh Hmam"},{"@type":"BreadcrumbList","@id":"https:\/\/pepiniere-nour.com\/produit\/bidh-hmam#breadcrumb","itemListElement":[{"@type":"ListItem","position":1,"name":"Accueil","item":"https:\/\/pepiniere-nour.com\/"},{"@type":"ListItem","position":2,"name":"Boutique","item":"https:\/\/pepiniere-nour.com\/boutique"},{"@type":"ListItem","position":3,"name":"Bidh Hmam"}]},{"@type":"WebSite","@id":"https:\/\/pepiniere-nour.com\/#website","url":"https:\/\/pepiniere-nour.com\/","name":"P\u00c9PINIERE NOUR DU CENTRE","description":"P\u00c9PINIERE NOUR DU CENTRE","publisher":{"@id":"https:\/\/pepiniere-nour.com\/#organization"},"potentialAction":[{"@type":"SearchAction","target":{"@type":"EntryPoint","urlTemplate":"https:\/\/pepiniere-nour.com\/?s={search_term_string}"},"query-input":{"@type":"PropertyValueSpecification","valueRequired":true,"valueName":"search_term_string"}}],"inLanguage":"ar"},{"@type":"Organization","@id":"https:\/\/pepiniere-nour.com\/#organization","name":"P\u00c9PINIERE NOUR DU CENTRE","url":"https:\/\/pepiniere-nour.com\/","logo":{"@type":"ImageObject","inLanguage":"ar","@id":"https:\/\/pepiniere-nour.com\/#\/schema\/logo\/image\/","url":"https:\/\/pepiniere-nour.com\/wp-content\/uploads\/2024\/03\/Remove-bg.ai_1709804773648.png","contentUrl":"https:\/\/pepiniere-nour.com\/wp-content\/uploads\/2024\/03\/Remove-bg.ai_1709804773648.png","width":1199,"height":1199,"caption":"P\u00c9PINIERE NOUR DU CENTRE"},"image":{"@id":"https:\/\/pepiniere-nour.com\/#\/schema\/logo\/image\/"}}]}},"_links":{"self":[{"href":"https:\/\/pepiniere-nour.com\/ar\/wp-json\/wp\/v2\/product\/953","targetHints":{"allow":["GET"]}}],"collection":[{"href":"https:\/\/pepiniere-nour.com\/ar\/wp-json\/wp\/v2\/product"}],"about":[{"href":"https:\/\/pepiniere-nour.com\/ar\/wp-json\/wp\/v2\/types\/product"}],"wp:featuredmedia":[{"embeddable":true,"href":"https:\/\/pepiniere-nour.com\/ar\/wp-json\/wp\/v2\/media\/2657"}],"wp:attachment":[{"href":"https:\/\/pepiniere-nour.com\/ar\/wp-json\/wp\/v2\/media?parent=953"}],"wp:term":[{"taxonomy":"product_brand","embeddable":true,"href":"https:\/\/pepiniere-nour.com\/ar\/wp-json\/wp\/v2\/product_brand?post=953"},{"taxonomy":"product_cat","embeddable":true,"href":"https:\/\/pepiniere-nour.com\/ar\/wp-json\/wp\/v2\/product_cat?post=953"},{"taxonomy":"product_tag","embeddable":true,"href":"https:\/\/pepiniere-nour.com\/ar\/wp-json\/wp\/v2\/product_tag?post=953"}],"curies":[{"name":"wp","href":"https:\/\/api.w.org\/{rel}","templated":true}]}}