{"id":950,"date":"2024-03-20T22:48:51","date_gmt":"2024-03-20T22:48:51","guid":{"rendered":"https:\/\/pepiniere-nour.com\/?post_type=product&#038;p=950"},"modified":"2024-08-26T11:00:37","modified_gmt":"2024-08-26T11:00:37","slug":"ascolana","status":"publish","type":"product","link":"https:\/\/pepiniere-nour.com\/ar\/product\/ascolana","title":{"rendered":"\u0627\u0633\u0643\u0648\u0644\u0627\u0646\u0627"},"content":{"rendered":"","protected":false},"excerpt":{"rendered":"<h4>\u0623\u0635\u0644 \u0648\u062e\u0635\u0627\u0626\u0635 \u0635\u0646\u0641 \u0623\u0633\u0643\u0648\u0644\u0627\u0646\u0627<\/h4>\n<p>Originaires d&rsquo;Italie et destin\u00e9s \u00e0 la consommation \u00e0 table, les fruits de cette vari\u00e9t\u00e9 se distinguent par leur poids moyen tr\u00e8s \u00e9lev\u00e9, d\u00e9passant 6 grammes, leur forme ovo\u00efde et leur sym\u00e9trie l\u00e9g\u00e8rement asym\u00e9trique. Positionn\u00e9 de mani\u00e8re centrale, le diam\u00e8tre maximal est d\u00e9pourvu de mamelon, avec un sommet arrondi et une base tronqu\u00e9e. Elle est auto-incompatible, n\u00e9cessitant d&rsquo;autres vari\u00e9t\u00e9s pour la pollinisation. Bien que sa productivit\u00e9 soit moyenne, elle est constante, et ses fruits m\u00fbrissent pr\u00e9cocement.<\/p>\n<h4>\u062a\u0648\u0627\u0641\u0631 \u0648\u0623\u0634\u0643\u0627\u0644 \u0627\u0644\u0646\u0628\u0627\u062a\u0627\u062a<\/h4>\n<p>Les plants d&rsquo;olivier de cette vari\u00e9t\u00e9 sont disponibles en diff\u00e9rentes tailles : en godet, avec une hauteur de plus de 30 cm ; en sachet, atteignant plus de 50 cm de hauteur ; ou en pot, d\u00e9passant g\u00e9n\u00e9ralement 1 m\u00e8tre.<\/p>","protected":false},"featured_media":2756,"template":"","meta":{"_acf_changed":false},"product_brand":[],"product_cat":[36,32],"product_tag":[24,35,25,26,27],"class_list":{"0":"post-950","1":"product","2":"type-product","3":"status-publish","4":"has-post-thumbnail","6":"product_cat-oliviers-de-table","7":"product_cat-plants-doliviers","8":"product_tag-equipment","9":"product_tag-etranger","10":"product_tag-garden","11":"product_tag-plants","12":"product_tag-tools","14":"first","15":"instock","16":"shipping-taxable","17":"purchasable","18":"product-type-simple"},"acf":[],"yoast_head":"<!-- This site is optimized with the Yoast SEO plugin v25.5 - https:\/\/yoast.com\/wordpress\/plugins\/seo\/ -->\n<title>Ascolana - P\u00c9PINIERE NOUR DU CENTRE<\/title>\n<meta name=\"robots\" content=\"index, follow, max-snippet:-1, max-image-preview:large, max-video-preview:-1\" \/>\n<link rel=\"canonical\" href=\"https:\/\/pepiniere-nour.com\/ar\/product\/ascolana\/\" \/>\n<meta property=\"og:locale\" content=\"ar_AR\" \/>\n<meta property=\"og:type\" content=\"article\" \/>\n<meta property=\"og:title\" content=\"Ascolana - P\u00c9PINIERE NOUR DU CENTRE\" \/>\n<meta property=\"og:description\" content=\"Origine et Caract\u00e9ristiques de la Vari\u00e9t\u00e9 Ascolana Originaires d&#039;Italie et destin\u00e9s \u00e0 la consommation \u00e0 table, les fruits de cette vari\u00e9t\u00e9 se distinguent par leur poids moyen tr\u00e8s \u00e9lev\u00e9, d\u00e9passant 6 grammes, leur forme ovo\u00efde et leur sym\u00e9trie l\u00e9g\u00e8rement asym\u00e9trique. Positionn\u00e9 de mani\u00e8re centrale, le diam\u00e8tre maximal est d\u00e9pourvu de mamelon, avec un sommet arrondi et une base tronqu\u00e9e. Elle est auto-incompatible, n\u00e9cessitant d&#039;autres vari\u00e9t\u00e9s pour la pollinisation. Bien que sa productivit\u00e9 soit moyenne, elle est constante, et ses fruits m\u00fbrissent pr\u00e9cocement. Disponibilit\u00e9 et Formats des Plants Les plants d&#039;olivier de cette vari\u00e9t\u00e9 sont disponibles en diff\u00e9rentes tailles : en godet, avec une hauteur de plus de 30 cm ; en sachet, atteignant plus de 50 cm de hauteur ; ou en pot, d\u00e9passant g\u00e9n\u00e9ralement 1 m\u00e8tre.\" \/>\n<meta property=\"og:url\" content=\"https:\/\/pepiniere-nour.com\/ar\/product\/ascolana\/\" \/>\n<meta property=\"og:site_name\" content=\"P\u00c9PINIERE NOUR DU CENTRE\" \/>\n<meta property=\"article:modified_time\" content=\"2024-08-26T11:00:37+00:00\" \/>\n<meta property=\"og:image\" content=\"https:\/\/pepiniere-nour.com\/wp-content\/uploads\/2024\/03\/olivier-huile-Ascolana.jpg\" \/>\n\t<meta property=\"og:image:width\" content=\"570\" \/>\n\t<meta property=\"og:image:height\" content=\"428\" \/>\n\t<meta property=\"og:image:type\" content=\"image\/jpeg\" \/>\n<meta name=\"twitter:card\" content=\"summary_large_image\" \/>\n<meta name=\"twitter:label1\" content=\"\u0648\u0642\u062a \u0627\u0644\u0642\u0631\u0627\u0621\u0629 \u0627\u0644\u0645\u064f\u0642\u062f\u0651\u0631\" \/>\n\t<meta name=\"twitter:data1\" content=\"\u062f\u0642\u064a\u0642\u0629 \u0648\u0627\u062d\u062f\u0629\" \/>\n<script type=\"application\/ld+json\" class=\"yoast-schema-graph\">{\"@context\":\"https:\/\/schema.org\",\"@graph\":[{\"@type\":\"WebPage\",\"@id\":\"https:\/\/pepiniere-nour.com\/produit\/ascolana\",\"url\":\"https:\/\/pepiniere-nour.com\/produit\/ascolana\",\"name\":\"Ascolana - P\u00c9PINIERE NOUR DU CENTRE\",\"isPartOf\":{\"@id\":\"https:\/\/pepiniere-nour.com\/#website\"},\"primaryImageOfPage\":{\"@id\":\"https:\/\/pepiniere-nour.com\/produit\/ascolana#primaryimage\"},\"image\":{\"@id\":\"https:\/\/pepiniere-nour.com\/produit\/ascolana#primaryimage\"},\"thumbnailUrl\":\"https:\/\/pepiniere-nour.com\/wp-content\/uploads\/2024\/03\/olivier-huile-Ascolana.jpg\",\"datePublished\":\"2024-03-20T22:48:51+00:00\",\"dateModified\":\"2024-08-26T11:00:37+00:00\",\"breadcrumb\":{\"@id\":\"https:\/\/pepiniere-nour.com\/produit\/ascolana#breadcrumb\"},\"inLanguage\":\"ar\",\"potentialAction\":[{\"@type\":\"ReadAction\",\"target\":[\"https:\/\/pepiniere-nour.com\/produit\/ascolana\"]}]},{\"@type\":\"ImageObject\",\"inLanguage\":\"ar\",\"@id\":\"https:\/\/pepiniere-nour.com\/produit\/ascolana#primaryimage\",\"url\":\"https:\/\/pepiniere-nour.com\/wp-content\/uploads\/2024\/03\/olivier-huile-Ascolana.jpg\",\"contentUrl\":\"https:\/\/pepiniere-nour.com\/wp-content\/uploads\/2024\/03\/olivier-huile-Ascolana.jpg\",\"width\":570,\"height\":428,\"caption\":\"olivier de huile Ascolana\"},{\"@type\":\"BreadcrumbList\",\"@id\":\"https:\/\/pepiniere-nour.com\/produit\/ascolana#breadcrumb\",\"itemListElement\":[{\"@type\":\"ListItem\",\"position\":1,\"name\":\"Accueil\",\"item\":\"https:\/\/pepiniere-nour.com\/\"},{\"@type\":\"ListItem\",\"position\":2,\"name\":\"Boutique\",\"item\":\"https:\/\/pepiniere-nour.com\/boutique\"},{\"@type\":\"ListItem\",\"position\":3,\"name\":\"Ascolana\"}]},{\"@type\":\"WebSite\",\"@id\":\"https:\/\/pepiniere-nour.com\/#website\",\"url\":\"https:\/\/pepiniere-nour.com\/\",\"name\":\"P\u00c9PINIERE NOUR DU CENTRE\",\"description\":\"P\u00c9PINIERE NOUR DU CENTRE\",\"publisher\":{\"@id\":\"https:\/\/pepiniere-nour.com\/#organization\"},\"potentialAction\":[{\"@type\":\"SearchAction\",\"target\":{\"@type\":\"EntryPoint\",\"urlTemplate\":\"https:\/\/pepiniere-nour.com\/?s={search_term_string}\"},\"query-input\":{\"@type\":\"PropertyValueSpecification\",\"valueRequired\":true,\"valueName\":\"search_term_string\"}}],\"inLanguage\":\"ar\"},{\"@type\":\"Organization\",\"@id\":\"https:\/\/pepiniere-nour.com\/#organization\",\"name\":\"P\u00c9PINIERE NOUR DU CENTRE\",\"url\":\"https:\/\/pepiniere-nour.com\/\",\"logo\":{\"@type\":\"ImageObject\",\"inLanguage\":\"ar\",\"@id\":\"https:\/\/pepiniere-nour.com\/#\/schema\/logo\/image\/\",\"url\":\"https:\/\/pepiniere-nour.com\/wp-content\/uploads\/2024\/03\/Remove-bg.ai_1709804773648.png\",\"contentUrl\":\"https:\/\/pepiniere-nour.com\/wp-content\/uploads\/2024\/03\/Remove-bg.ai_1709804773648.png\",\"width\":1199,\"height\":1199,\"caption\":\"P\u00c9PINIERE NOUR DU CENTRE\"},\"image\":{\"@id\":\"https:\/\/pepiniere-nour.com\/#\/schema\/logo\/image\/\"}}]}<\/script>\n<!-- \/ Yoast SEO plugin. -->","yoast_head_json":{"title":"Ascolana - P\u00c9PINIERE NOUR DU CENTRE","robots":{"index":"index","follow":"follow","max-snippet":"max-snippet:-1","max-image-preview":"max-image-preview:large","max-video-preview":"max-video-preview:-1"},"canonical":"https:\/\/pepiniere-nour.com\/ar\/product\/ascolana\/","og_locale":"ar_AR","og_type":"article","og_title":"Ascolana - P\u00c9PINIERE NOUR DU CENTRE","og_description":"Origine et Caract\u00e9ristiques de la Vari\u00e9t\u00e9 Ascolana Originaires d'Italie et destin\u00e9s \u00e0 la consommation \u00e0 table, les fruits de cette vari\u00e9t\u00e9 se distinguent par leur poids moyen tr\u00e8s \u00e9lev\u00e9, d\u00e9passant 6 grammes, leur forme ovo\u00efde et leur sym\u00e9trie l\u00e9g\u00e8rement asym\u00e9trique. Positionn\u00e9 de mani\u00e8re centrale, le diam\u00e8tre maximal est d\u00e9pourvu de mamelon, avec un sommet arrondi et une base tronqu\u00e9e. Elle est auto-incompatible, n\u00e9cessitant d'autres vari\u00e9t\u00e9s pour la pollinisation. Bien que sa productivit\u00e9 soit moyenne, elle est constante, et ses fruits m\u00fbrissent pr\u00e9cocement. Disponibilit\u00e9 et Formats des Plants Les plants d'olivier de cette vari\u00e9t\u00e9 sont disponibles en diff\u00e9rentes tailles : en godet, avec une hauteur de plus de 30 cm ; en sachet, atteignant plus de 50 cm de hauteur ; ou en pot, d\u00e9passant g\u00e9n\u00e9ralement 1 m\u00e8tre.","og_url":"https:\/\/pepiniere-nour.com\/ar\/product\/ascolana\/","og_site_name":"P\u00c9PINIERE NOUR DU CENTRE","article_modified_time":"2024-08-26T11:00:37+00:00","og_image":[{"width":570,"height":428,"url":"https:\/\/pepiniere-nour.com\/wp-content\/uploads\/2024\/03\/olivier-huile-Ascolana.jpg","type":"image\/jpeg"}],"twitter_card":"summary_large_image","twitter_misc":{"\u0648\u0642\u062a \u0627\u0644\u0642\u0631\u0627\u0621\u0629 \u0627\u0644\u0645\u064f\u0642\u062f\u0651\u0631":"\u062f\u0642\u064a\u0642\u0629 \u0648\u0627\u062d\u062f\u0629"},"schema":{"@context":"https:\/\/schema.org","@graph":[{"@type":"WebPage","@id":"https:\/\/pepiniere-nour.com\/produit\/ascolana","url":"https:\/\/pepiniere-nour.com\/produit\/ascolana","name":"Ascolana - P\u00c9PINIERE NOUR DU CENTRE","isPartOf":{"@id":"https:\/\/pepiniere-nour.com\/#website"},"primaryImageOfPage":{"@id":"https:\/\/pepiniere-nour.com\/produit\/ascolana#primaryimage"},"image":{"@id":"https:\/\/pepiniere-nour.com\/produit\/ascolana#primaryimage"},"thumbnailUrl":"https:\/\/pepiniere-nour.com\/wp-content\/uploads\/2024\/03\/olivier-huile-Ascolana.jpg","datePublished":"2024-03-20T22:48:51+00:00","dateModified":"2024-08-26T11:00:37+00:00","breadcrumb":{"@id":"https:\/\/pepiniere-nour.com\/produit\/ascolana#breadcrumb"},"inLanguage":"ar","potentialAction":[{"@type":"ReadAction","target":["https:\/\/pepiniere-nour.com\/produit\/ascolana"]}]},{"@type":"ImageObject","inLanguage":"ar","@id":"https:\/\/pepiniere-nour.com\/produit\/ascolana#primaryimage","url":"https:\/\/pepiniere-nour.com\/wp-content\/uploads\/2024\/03\/olivier-huile-Ascolana.jpg","contentUrl":"https:\/\/pepiniere-nour.com\/wp-content\/uploads\/2024\/03\/olivier-huile-Ascolana.jpg","width":570,"height":428,"caption":"olivier de huile Ascolana"},{"@type":"BreadcrumbList","@id":"https:\/\/pepiniere-nour.com\/produit\/ascolana#breadcrumb","itemListElement":[{"@type":"ListItem","position":1,"name":"Accueil","item":"https:\/\/pepiniere-nour.com\/"},{"@type":"ListItem","position":2,"name":"Boutique","item":"https:\/\/pepiniere-nour.com\/boutique"},{"@type":"ListItem","position":3,"name":"Ascolana"}]},{"@type":"WebSite","@id":"https:\/\/pepiniere-nour.com\/#website","url":"https:\/\/pepiniere-nour.com\/","name":"P\u00c9PINIERE NOUR DU CENTRE","description":"P\u00c9PINIERE NOUR DU CENTRE","publisher":{"@id":"https:\/\/pepiniere-nour.com\/#organization"},"potentialAction":[{"@type":"SearchAction","target":{"@type":"EntryPoint","urlTemplate":"https:\/\/pepiniere-nour.com\/?s={search_term_string}"},"query-input":{"@type":"PropertyValueSpecification","valueRequired":true,"valueName":"search_term_string"}}],"inLanguage":"ar"},{"@type":"Organization","@id":"https:\/\/pepiniere-nour.com\/#organization","name":"P\u00c9PINIERE NOUR DU CENTRE","url":"https:\/\/pepiniere-nour.com\/","logo":{"@type":"ImageObject","inLanguage":"ar","@id":"https:\/\/pepiniere-nour.com\/#\/schema\/logo\/image\/","url":"https:\/\/pepiniere-nour.com\/wp-content\/uploads\/2024\/03\/Remove-bg.ai_1709804773648.png","contentUrl":"https:\/\/pepiniere-nour.com\/wp-content\/uploads\/2024\/03\/Remove-bg.ai_1709804773648.png","width":1199,"height":1199,"caption":"P\u00c9PINIERE NOUR DU CENTRE"},"image":{"@id":"https:\/\/pepiniere-nour.com\/#\/schema\/logo\/image\/"}}]}},"_links":{"self":[{"href":"https:\/\/pepiniere-nour.com\/ar\/wp-json\/wp\/v2\/product\/950","targetHints":{"allow":["GET"]}}],"collection":[{"href":"https:\/\/pepiniere-nour.com\/ar\/wp-json\/wp\/v2\/product"}],"about":[{"href":"https:\/\/pepiniere-nour.com\/ar\/wp-json\/wp\/v2\/types\/product"}],"wp:featuredmedia":[{"embeddable":true,"href":"https:\/\/pepiniere-nour.com\/ar\/wp-json\/wp\/v2\/media\/2756"}],"wp:attachment":[{"href":"https:\/\/pepiniere-nour.com\/ar\/wp-json\/wp\/v2\/media?parent=950"}],"wp:term":[{"taxonomy":"product_brand","embeddable":true,"href":"https:\/\/pepiniere-nour.com\/ar\/wp-json\/wp\/v2\/product_brand?post=950"},{"taxonomy":"product_cat","embeddable":true,"href":"https:\/\/pepiniere-nour.com\/ar\/wp-json\/wp\/v2\/product_cat?post=950"},{"taxonomy":"product_tag","embeddable":true,"href":"https:\/\/pepiniere-nour.com\/ar\/wp-json\/wp\/v2\/product_tag?post=950"}],"curies":[{"name":"wp","href":"https:\/\/api.w.org\/{rel}","templated":true}]}}