{"id":949,"date":"2024-03-20T22:42:16","date_gmt":"2024-03-20T22:42:16","guid":{"rendered":"https:\/\/pepiniere-nour.com\/?post_type=product&#038;p=949"},"modified":"2024-05-15T12:19:20","modified_gmt":"2024-05-15T12:19:20","slug":"koroneiki","status":"publish","type":"product","link":"https:\/\/pepiniere-nour.com\/ar\/product\/koroneiki","title":{"rendered":"\u0643\u0648\u0631\u0648\u0646\u064a\u0643\u064a"},"content":{"rendered":"","protected":false},"excerpt":{"rendered":"<h2>\u062a\u0642\u062f\u064a\u0645 \u0639\u0627\u0645<\/h2>\n<ul>\n<li>\u0627\u0644\u0645\u0648\u0637\u0646: \u0627\u0644\u064a\u0648\u0646\u0627\u0646 \u062d\u064a\u062b \u064a\u0639\u0631\u0641 \u0628\u0627\u0633\u0645 \u0643\u0648\u0631\u0648\u0646\u064a.<\/li>\n<li>C&rsquo;est un arbre vigoureux adapt\u00e9e au syst\u00e8me intensif, avec une surface<br \/>\n\u0625\u0646\u062a\u0627\u062c\u064a\u0629 \u0645\u0645\u0627\u062b\u0644\u0629 \u0644\u062a\u0644\u0643 \u0627\u0644\u0645\u0648\u062c\u0648\u062f\u0629 \u0641\u064a \u0627\u0644\u0635\u0646\u0641 \u0627\u0644\u0634\u0645\u0644\u0627\u0644\u064a \u0627\u0644\u0635\u0641\u0627\u0642\u0633\u064a.<\/li>\n<li>\u0627\u0644\u062f\u062e\u0648\u0644 \u0627\u0644\u0645\u0628\u0643\u0631 \u0641\u064a \u0627\u0644\u0625\u0646\u062a\u0627\u062c \u0628\u0625\u0646\u062a\u0627\u062c\u064a\u0629 \u0639\u0627\u0644\u064a\u0629 \u062c\u062f\u064b\u0627<\/li>\n<li>\u0627\u0644\u0625\u0646\u062a\u0627\u062c \u0627\u0644\u0645\u062a\u062d\u0635\u0644 \u0639\u0644\u064a\u0629 : 27 \u0637\u0646\/\u0647\u0643\u062a\u0627\u0631<\/li>\n<\/ul>\n<h2>\u0632\u064a\u062a<\/h2>\n<ul>\n<li>\u0645\u062d\u062a\u0648\u0649 \u0627\u0644\u0632\u064a\u062a: 24.29%<\/li>\n<li>\u0645\u062d\u062a\u0648\u0649 \u0627\u0644\u0623\u062d\u0645\u0627\u0636 \u0627\u0644\u062f\u0647\u0646\u064a\u0629: \u062d\u0645\u0636 \u0627\u0644\u0628\u0627\u0644\u0645\u062a\u064a\u0643: 12.33% \u0648\u062d\u0645\u0636 \u0627\u0644\u0623\u0648\u0644\u064a\u0643: 75.92%<\/li>\n<\/ul>","protected":false},"featured_media":2618,"template":"","meta":{"_acf_changed":false},"product_brand":[],"product_cat":[33,32],"product_tag":[24,35,25,26,27],"class_list":{"0":"post-949","1":"product","2":"type-product","3":"status-publish","4":"has-post-thumbnail","6":"product_cat-olivier-a-huile","7":"product_cat-plants-doliviers","8":"product_tag-equipment","9":"product_tag-etranger","10":"product_tag-garden","11":"product_tag-plants","12":"product_tag-tools","14":"first","15":"instock","16":"shipping-taxable","17":"purchasable","18":"product-type-simple"},"acf":[],"yoast_head":"<!-- This site is optimized with the Yoast SEO plugin v25.5 - https:\/\/yoast.com\/wordpress\/plugins\/seo\/ -->\n<title>Koroneiki - P\u00c9PINIERE NOUR DU CENTRE<\/title>\n<meta name=\"robots\" content=\"index, follow, max-snippet:-1, max-image-preview:large, max-video-preview:-1\" \/>\n<link rel=\"canonical\" href=\"https:\/\/pepiniere-nour.com\/ar\/product\/koroneiki\/\" \/>\n<meta property=\"og:locale\" content=\"ar_AR\" \/>\n<meta property=\"og:type\" content=\"article\" \/>\n<meta property=\"og:title\" content=\"Koroneiki - P\u00c9PINIERE NOUR DU CENTRE\" \/>\n<meta property=\"og:description\" content=\"Pr\u00e9sentation g\u00e9n\u00e9rale   Origine : Gr\u00e8ce, o\u00f9 elle est connue sous le nom de Koroni.  C&#039;est un arbre vigoureux adapt\u00e9e au syst\u00e8me intensif, avec une surface productive comparable \u00e0 celle de la vari\u00e9t\u00e9 chemlali Sfax.  Entr\u00e9e en production pr\u00e9coce avec une productivit\u00e9 tr\u00e8s \u00e9lev\u00e9e  Rendement cumul\u00e9: 27 T\/ha  Huile   Teneur en huile : 24.29%  Teneur en acide gras : Acide palmitique:12.33% &amp; Acide ol\u00e9ique\u00a0:\u00a075.92%\" \/>\n<meta property=\"og:url\" content=\"https:\/\/pepiniere-nour.com\/ar\/product\/koroneiki\/\" \/>\n<meta property=\"og:site_name\" content=\"P\u00c9PINIERE NOUR DU CENTRE\" \/>\n<meta property=\"article:modified_time\" content=\"2024-05-15T12:19:20+00:00\" \/>\n<meta property=\"og:image\" content=\"https:\/\/pepiniere-nour.com\/wp-content\/uploads\/2024\/03\/image00024-scaled.jpeg\" \/>\n\t<meta property=\"og:image:width\" content=\"1920\" \/>\n\t<meta property=\"og:image:height\" content=\"2560\" \/>\n\t<meta property=\"og:image:type\" content=\"image\/jpeg\" \/>\n<meta name=\"twitter:card\" content=\"summary_large_image\" \/>\n<meta name=\"twitter:label1\" content=\"\u0648\u0642\u062a \u0627\u0644\u0642\u0631\u0627\u0621\u0629 \u0627\u0644\u0645\u064f\u0642\u062f\u0651\u0631\" \/>\n\t<meta name=\"twitter:data1\" content=\"\u062f\u0642\u064a\u0642\u0629 \u0648\u0627\u062d\u062f\u0629\" \/>\n<script type=\"application\/ld+json\" class=\"yoast-schema-graph\">{\"@context\":\"https:\/\/schema.org\",\"@graph\":[{\"@type\":\"WebPage\",\"@id\":\"https:\/\/pepiniere-nour.com\/produit\/koroneiki\",\"url\":\"https:\/\/pepiniere-nour.com\/produit\/koroneiki\",\"name\":\"Koroneiki - P\u00c9PINIERE NOUR DU CENTRE\",\"isPartOf\":{\"@id\":\"https:\/\/pepiniere-nour.com\/#website\"},\"primaryImageOfPage\":{\"@id\":\"https:\/\/pepiniere-nour.com\/produit\/koroneiki#primaryimage\"},\"image\":{\"@id\":\"https:\/\/pepiniere-nour.com\/produit\/koroneiki#primaryimage\"},\"thumbnailUrl\":\"https:\/\/pepiniere-nour.com\/wp-content\/uploads\/2024\/03\/image00024-scaled.jpeg\",\"datePublished\":\"2024-03-20T22:42:16+00:00\",\"dateModified\":\"2024-05-15T12:19:20+00:00\",\"breadcrumb\":{\"@id\":\"https:\/\/pepiniere-nour.com\/produit\/koroneiki#breadcrumb\"},\"inLanguage\":\"ar\",\"potentialAction\":[{\"@type\":\"ReadAction\",\"target\":[\"https:\/\/pepiniere-nour.com\/produit\/koroneiki\"]}]},{\"@type\":\"ImageObject\",\"inLanguage\":\"ar\",\"@id\":\"https:\/\/pepiniere-nour.com\/produit\/koroneiki#primaryimage\",\"url\":\"https:\/\/pepiniere-nour.com\/wp-content\/uploads\/2024\/03\/image00024-scaled.jpeg\",\"contentUrl\":\"https:\/\/pepiniere-nour.com\/wp-content\/uploads\/2024\/03\/image00024-scaled.jpeg\",\"width\":1920,\"height\":2560,\"caption\":\"Oliviers \u00e0 huile Koroneiki\"},{\"@type\":\"BreadcrumbList\",\"@id\":\"https:\/\/pepiniere-nour.com\/produit\/koroneiki#breadcrumb\",\"itemListElement\":[{\"@type\":\"ListItem\",\"position\":1,\"name\":\"Accueil\",\"item\":\"https:\/\/pepiniere-nour.com\/\"},{\"@type\":\"ListItem\",\"position\":2,\"name\":\"Boutique\",\"item\":\"https:\/\/pepiniere-nour.com\/boutique\"},{\"@type\":\"ListItem\",\"position\":3,\"name\":\"Koroneiki\"}]},{\"@type\":\"WebSite\",\"@id\":\"https:\/\/pepiniere-nour.com\/#website\",\"url\":\"https:\/\/pepiniere-nour.com\/\",\"name\":\"P\u00c9PINIERE NOUR DU CENTRE\",\"description\":\"P\u00c9PINIERE NOUR DU CENTRE\",\"publisher\":{\"@id\":\"https:\/\/pepiniere-nour.com\/#organization\"},\"potentialAction\":[{\"@type\":\"SearchAction\",\"target\":{\"@type\":\"EntryPoint\",\"urlTemplate\":\"https:\/\/pepiniere-nour.com\/?s={search_term_string}\"},\"query-input\":{\"@type\":\"PropertyValueSpecification\",\"valueRequired\":true,\"valueName\":\"search_term_string\"}}],\"inLanguage\":\"ar\"},{\"@type\":\"Organization\",\"@id\":\"https:\/\/pepiniere-nour.com\/#organization\",\"name\":\"P\u00c9PINIERE NOUR DU CENTRE\",\"url\":\"https:\/\/pepiniere-nour.com\/\",\"logo\":{\"@type\":\"ImageObject\",\"inLanguage\":\"ar\",\"@id\":\"https:\/\/pepiniere-nour.com\/#\/schema\/logo\/image\/\",\"url\":\"https:\/\/pepiniere-nour.com\/wp-content\/uploads\/2024\/03\/Remove-bg.ai_1709804773648.png\",\"contentUrl\":\"https:\/\/pepiniere-nour.com\/wp-content\/uploads\/2024\/03\/Remove-bg.ai_1709804773648.png\",\"width\":1199,\"height\":1199,\"caption\":\"P\u00c9PINIERE NOUR DU CENTRE\"},\"image\":{\"@id\":\"https:\/\/pepiniere-nour.com\/#\/schema\/logo\/image\/\"}}]}<\/script>\n<!-- \/ Yoast SEO plugin. -->","yoast_head_json":{"title":"Koroneiki - P\u00c9PINIERE NOUR DU CENTRE","robots":{"index":"index","follow":"follow","max-snippet":"max-snippet:-1","max-image-preview":"max-image-preview:large","max-video-preview":"max-video-preview:-1"},"canonical":"https:\/\/pepiniere-nour.com\/ar\/product\/koroneiki\/","og_locale":"ar_AR","og_type":"article","og_title":"Koroneiki - P\u00c9PINIERE NOUR DU CENTRE","og_description":"Pr\u00e9sentation g\u00e9n\u00e9rale   Origine : Gr\u00e8ce, o\u00f9 elle est connue sous le nom de Koroni.  C'est un arbre vigoureux adapt\u00e9e au syst\u00e8me intensif, avec une surface productive comparable \u00e0 celle de la vari\u00e9t\u00e9 chemlali Sfax.  Entr\u00e9e en production pr\u00e9coce avec une productivit\u00e9 tr\u00e8s \u00e9lev\u00e9e  Rendement cumul\u00e9: 27 T\/ha  Huile   Teneur en huile : 24.29%  Teneur en acide gras : Acide palmitique:12.33% &amp; Acide ol\u00e9ique\u00a0:\u00a075.92%","og_url":"https:\/\/pepiniere-nour.com\/ar\/product\/koroneiki\/","og_site_name":"P\u00c9PINIERE NOUR DU CENTRE","article_modified_time":"2024-05-15T12:19:20+00:00","og_image":[{"width":1920,"height":2560,"url":"https:\/\/pepiniere-nour.com\/wp-content\/uploads\/2024\/03\/image00024-scaled.jpeg","type":"image\/jpeg"}],"twitter_card":"summary_large_image","twitter_misc":{"\u0648\u0642\u062a \u0627\u0644\u0642\u0631\u0627\u0621\u0629 \u0627\u0644\u0645\u064f\u0642\u062f\u0651\u0631":"\u062f\u0642\u064a\u0642\u0629 \u0648\u0627\u062d\u062f\u0629"},"schema":{"@context":"https:\/\/schema.org","@graph":[{"@type":"WebPage","@id":"https:\/\/pepiniere-nour.com\/produit\/koroneiki","url":"https:\/\/pepiniere-nour.com\/produit\/koroneiki","name":"Koroneiki - P\u00c9PINIERE NOUR DU CENTRE","isPartOf":{"@id":"https:\/\/pepiniere-nour.com\/#website"},"primaryImageOfPage":{"@id":"https:\/\/pepiniere-nour.com\/produit\/koroneiki#primaryimage"},"image":{"@id":"https:\/\/pepiniere-nour.com\/produit\/koroneiki#primaryimage"},"thumbnailUrl":"https:\/\/pepiniere-nour.com\/wp-content\/uploads\/2024\/03\/image00024-scaled.jpeg","datePublished":"2024-03-20T22:42:16+00:00","dateModified":"2024-05-15T12:19:20+00:00","breadcrumb":{"@id":"https:\/\/pepiniere-nour.com\/produit\/koroneiki#breadcrumb"},"inLanguage":"ar","potentialAction":[{"@type":"ReadAction","target":["https:\/\/pepiniere-nour.com\/produit\/koroneiki"]}]},{"@type":"ImageObject","inLanguage":"ar","@id":"https:\/\/pepiniere-nour.com\/produit\/koroneiki#primaryimage","url":"https:\/\/pepiniere-nour.com\/wp-content\/uploads\/2024\/03\/image00024-scaled.jpeg","contentUrl":"https:\/\/pepiniere-nour.com\/wp-content\/uploads\/2024\/03\/image00024-scaled.jpeg","width":1920,"height":2560,"caption":"Oliviers \u00e0 huile Koroneiki"},{"@type":"BreadcrumbList","@id":"https:\/\/pepiniere-nour.com\/produit\/koroneiki#breadcrumb","itemListElement":[{"@type":"ListItem","position":1,"name":"Accueil","item":"https:\/\/pepiniere-nour.com\/"},{"@type":"ListItem","position":2,"name":"Boutique","item":"https:\/\/pepiniere-nour.com\/boutique"},{"@type":"ListItem","position":3,"name":"Koroneiki"}]},{"@type":"WebSite","@id":"https:\/\/pepiniere-nour.com\/#website","url":"https:\/\/pepiniere-nour.com\/","name":"P\u00c9PINIERE NOUR DU CENTRE","description":"P\u00c9PINIERE NOUR DU CENTRE","publisher":{"@id":"https:\/\/pepiniere-nour.com\/#organization"},"potentialAction":[{"@type":"SearchAction","target":{"@type":"EntryPoint","urlTemplate":"https:\/\/pepiniere-nour.com\/?s={search_term_string}"},"query-input":{"@type":"PropertyValueSpecification","valueRequired":true,"valueName":"search_term_string"}}],"inLanguage":"ar"},{"@type":"Organization","@id":"https:\/\/pepiniere-nour.com\/#organization","name":"P\u00c9PINIERE NOUR DU CENTRE","url":"https:\/\/pepiniere-nour.com\/","logo":{"@type":"ImageObject","inLanguage":"ar","@id":"https:\/\/pepiniere-nour.com\/#\/schema\/logo\/image\/","url":"https:\/\/pepiniere-nour.com\/wp-content\/uploads\/2024\/03\/Remove-bg.ai_1709804773648.png","contentUrl":"https:\/\/pepiniere-nour.com\/wp-content\/uploads\/2024\/03\/Remove-bg.ai_1709804773648.png","width":1199,"height":1199,"caption":"P\u00c9PINIERE NOUR DU CENTRE"},"image":{"@id":"https:\/\/pepiniere-nour.com\/#\/schema\/logo\/image\/"}}]}},"_links":{"self":[{"href":"https:\/\/pepiniere-nour.com\/ar\/wp-json\/wp\/v2\/product\/949","targetHints":{"allow":["GET"]}}],"collection":[{"href":"https:\/\/pepiniere-nour.com\/ar\/wp-json\/wp\/v2\/product"}],"about":[{"href":"https:\/\/pepiniere-nour.com\/ar\/wp-json\/wp\/v2\/types\/product"}],"wp:featuredmedia":[{"embeddable":true,"href":"https:\/\/pepiniere-nour.com\/ar\/wp-json\/wp\/v2\/media\/2618"}],"wp:attachment":[{"href":"https:\/\/pepiniere-nour.com\/ar\/wp-json\/wp\/v2\/media?parent=949"}],"wp:term":[{"taxonomy":"product_brand","embeddable":true,"href":"https:\/\/pepiniere-nour.com\/ar\/wp-json\/wp\/v2\/product_brand?post=949"},{"taxonomy":"product_cat","embeddable":true,"href":"https:\/\/pepiniere-nour.com\/ar\/wp-json\/wp\/v2\/product_cat?post=949"},{"taxonomy":"product_tag","embeddable":true,"href":"https:\/\/pepiniere-nour.com\/ar\/wp-json\/wp\/v2\/product_tag?post=949"}],"curies":[{"name":"wp","href":"https:\/\/api.w.org\/{rel}","templated":true}]}}