{"id":948,"date":"2024-03-20T22:42:09","date_gmt":"2024-03-20T22:42:09","guid":{"rendered":"https:\/\/pepiniere-nour.com\/?post_type=product&#038;p=948"},"modified":"2024-08-26T09:33:51","modified_gmt":"2024-08-26T09:33:51","slug":"mabrouka-1","status":"publish","type":"product","link":"https:\/\/pepiniere-nour.com\/ar\/product\/mabrouka-1","title":{"rendered":"\u0645\u0628\u0631\u0648\u0643\u0629 1"},"content":{"rendered":"","protected":false},"excerpt":{"rendered":"<h4>\u0623\u0635\u0644 \u0648\u062e\u0635\u0627\u0626\u0635 \u0635\u0646\u0641 \u0627\u0644\u0645\u0628\u0631\u0648\u0643\u0629 1<\/h4>\n<p>Le Mabrouka 1 est une vari\u00e9t\u00e9 d&rsquo;olivier largement cultiv\u00e9e dans le sud et le centre du pays, o\u00f9 il s&rsquo;est adapt\u00e9 aux conditions arides. Reconnaissable \u00e0 son port retombant et \u00e0 ses feuilles compactes de forme elliptique lanc\u00e9ol\u00e9e, cette vari\u00e9t\u00e9 se distingue par sa vigueur exceptionnelle, offrant une production abondante mais alternante. Ses fruits, ovo\u00efdes et pesant en moyenne 1,2g, sont principalement utilis\u00e9s pour la production d&rsquo;huile d&rsquo;olive.<\/p>\n<h4>\u062a\u0648\u0627\u0641\u0631 \u0648\u0623\u0634\u0643\u0627\u0644 \u0627\u0644\u0646\u0628\u0627\u062a\u0627\u062a<\/h4>\n<p>Les plants d&rsquo;olivier Mabrouka 1 sont disponibles en diff\u00e9rentes tailles : en godet (hauteur de plus de 30 cm), en sachet (hauteur de plus de 50 cm) ou en pot (hauteur de plus de 1m), offrant ainsi une flexibilit\u00e9 pour r\u00e9pondre aux besoins des producteurs. Cette vari\u00e9t\u00e9, r\u00e9put\u00e9e pour sa r\u00e9silience dans des conditions arides, est largement utilis\u00e9e dans la r\u00e9gion pour ses caract\u00e9ristiques uniques et sa capacit\u00e9 \u00e0 prosp\u00e9rer dans des environnements difficiles.<\/p>","protected":false},"featured_media":2687,"template":"","meta":{"_acf_changed":false},"product_brand":[],"product_cat":[33,32],"product_tag":[24,35,25,26,27],"class_list":{"0":"post-948","1":"product","2":"type-product","3":"status-publish","4":"has-post-thumbnail","6":"product_cat-olivier-a-huile","7":"product_cat-plants-doliviers","8":"product_tag-equipment","9":"product_tag-etranger","10":"product_tag-garden","11":"product_tag-plants","12":"product_tag-tools","14":"first","15":"instock","16":"shipping-taxable","17":"purchasable","18":"product-type-simple"},"acf":[],"yoast_head":"<!-- This site is optimized with the Yoast SEO plugin v25.5 - https:\/\/yoast.com\/wordpress\/plugins\/seo\/ -->\n<title>Mabrouka 1 - P\u00c9PINIERE NOUR DU CENTRE<\/title>\n<meta name=\"robots\" content=\"index, follow, max-snippet:-1, max-image-preview:large, max-video-preview:-1\" \/>\n<link rel=\"canonical\" href=\"https:\/\/pepiniere-nour.com\/ar\/product\/mabrouka-1\/\" \/>\n<meta property=\"og:locale\" content=\"ar_AR\" \/>\n<meta property=\"og:type\" content=\"article\" \/>\n<meta property=\"og:title\" content=\"Mabrouka 1 - P\u00c9PINIERE NOUR DU CENTRE\" \/>\n<meta property=\"og:description\" content=\"Origine et Caract\u00e9ristiques de la Vari\u00e9t\u00e9 Mabrouka 1  Le Mabrouka 1 est une vari\u00e9t\u00e9 d&#039;olivier largement cultiv\u00e9e dans le sud et le centre du pays, o\u00f9 il s&#039;est adapt\u00e9 aux conditions arides. Reconnaissable \u00e0 son port retombant et \u00e0 ses feuilles compactes de forme elliptique lanc\u00e9ol\u00e9e, cette vari\u00e9t\u00e9 se distingue par sa vigueur exceptionnelle, offrant une production abondante mais alternante. Ses fruits, ovo\u00efdes et pesant en moyenne 1,2g, sont principalement utilis\u00e9s pour la production d&#039;huile d&#039;olive.  Disponibilit\u00e9 et Formats des Plants  Les plants d&#039;olivier Mabrouka 1 sont disponibles en diff\u00e9rentes tailles : en godet (hauteur de plus de 30 cm), en sachet (hauteur de plus de 50 cm) ou en pot (hauteur de plus de 1m), offrant ainsi une flexibilit\u00e9 pour r\u00e9pondre aux besoins des producteurs. Cette vari\u00e9t\u00e9, r\u00e9put\u00e9e pour sa r\u00e9silience dans des conditions arides, est largement utilis\u00e9e dans la r\u00e9gion pour ses caract\u00e9ristiques uniques et sa capacit\u00e9 \u00e0 prosp\u00e9rer dans des environnements difficiles.\" \/>\n<meta property=\"og:url\" content=\"https:\/\/pepiniere-nour.com\/ar\/product\/mabrouka-1\/\" \/>\n<meta property=\"og:site_name\" content=\"P\u00c9PINIERE NOUR DU CENTRE\" \/>\n<meta property=\"article:modified_time\" content=\"2024-08-26T09:33:51+00:00\" \/>\n<meta property=\"og:image\" content=\"https:\/\/pepiniere-nour.com\/wp-content\/uploads\/2024\/03\/Mabrouka1-scaled.jpeg\" \/>\n\t<meta property=\"og:image:width\" content=\"1920\" \/>\n\t<meta property=\"og:image:height\" content=\"2560\" \/>\n\t<meta property=\"og:image:type\" content=\"image\/jpeg\" \/>\n<meta name=\"twitter:card\" content=\"summary_large_image\" \/>\n<meta name=\"twitter:label1\" content=\"\u0648\u0642\u062a \u0627\u0644\u0642\u0631\u0627\u0621\u0629 \u0627\u0644\u0645\u064f\u0642\u062f\u0651\u0631\" \/>\n\t<meta name=\"twitter:data1\" content=\"\u062f\u0642\u064a\u0642\u0629 \u0648\u0627\u062d\u062f\u0629\" \/>\n<script type=\"application\/ld+json\" class=\"yoast-schema-graph\">{\"@context\":\"https:\/\/schema.org\",\"@graph\":[{\"@type\":\"WebPage\",\"@id\":\"https:\/\/pepiniere-nour.com\/produit\/mabrouka-1\",\"url\":\"https:\/\/pepiniere-nour.com\/produit\/mabrouka-1\",\"name\":\"Mabrouka 1 - P\u00c9PINIERE NOUR DU CENTRE\",\"isPartOf\":{\"@id\":\"https:\/\/pepiniere-nour.com\/#website\"},\"primaryImageOfPage\":{\"@id\":\"https:\/\/pepiniere-nour.com\/produit\/mabrouka-1#primaryimage\"},\"image\":{\"@id\":\"https:\/\/pepiniere-nour.com\/produit\/mabrouka-1#primaryimage\"},\"thumbnailUrl\":\"https:\/\/pepiniere-nour.com\/wp-content\/uploads\/2024\/03\/Mabrouka1-scaled.jpeg\",\"datePublished\":\"2024-03-20T22:42:09+00:00\",\"dateModified\":\"2024-08-26T09:33:51+00:00\",\"breadcrumb\":{\"@id\":\"https:\/\/pepiniere-nour.com\/produit\/mabrouka-1#breadcrumb\"},\"inLanguage\":\"ar\",\"potentialAction\":[{\"@type\":\"ReadAction\",\"target\":[\"https:\/\/pepiniere-nour.com\/produit\/mabrouka-1\"]}]},{\"@type\":\"ImageObject\",\"inLanguage\":\"ar\",\"@id\":\"https:\/\/pepiniere-nour.com\/produit\/mabrouka-1#primaryimage\",\"url\":\"https:\/\/pepiniere-nour.com\/wp-content\/uploads\/2024\/03\/Mabrouka1-scaled.jpeg\",\"contentUrl\":\"https:\/\/pepiniere-nour.com\/wp-content\/uploads\/2024\/03\/Mabrouka1-scaled.jpeg\",\"width\":1920,\"height\":2560,\"caption\":\"Olive Mabrouka 1\"},{\"@type\":\"BreadcrumbList\",\"@id\":\"https:\/\/pepiniere-nour.com\/produit\/mabrouka-1#breadcrumb\",\"itemListElement\":[{\"@type\":\"ListItem\",\"position\":1,\"name\":\"Accueil\",\"item\":\"https:\/\/pepiniere-nour.com\/\"},{\"@type\":\"ListItem\",\"position\":2,\"name\":\"Boutique\",\"item\":\"https:\/\/pepiniere-nour.com\/boutique\"},{\"@type\":\"ListItem\",\"position\":3,\"name\":\"Mabrouka 1\"}]},{\"@type\":\"WebSite\",\"@id\":\"https:\/\/pepiniere-nour.com\/#website\",\"url\":\"https:\/\/pepiniere-nour.com\/\",\"name\":\"P\u00c9PINIERE NOUR DU CENTRE\",\"description\":\"P\u00c9PINIERE NOUR DU CENTRE\",\"publisher\":{\"@id\":\"https:\/\/pepiniere-nour.com\/#organization\"},\"potentialAction\":[{\"@type\":\"SearchAction\",\"target\":{\"@type\":\"EntryPoint\",\"urlTemplate\":\"https:\/\/pepiniere-nour.com\/?s={search_term_string}\"},\"query-input\":{\"@type\":\"PropertyValueSpecification\",\"valueRequired\":true,\"valueName\":\"search_term_string\"}}],\"inLanguage\":\"ar\"},{\"@type\":\"Organization\",\"@id\":\"https:\/\/pepiniere-nour.com\/#organization\",\"name\":\"P\u00c9PINIERE NOUR DU CENTRE\",\"url\":\"https:\/\/pepiniere-nour.com\/\",\"logo\":{\"@type\":\"ImageObject\",\"inLanguage\":\"ar\",\"@id\":\"https:\/\/pepiniere-nour.com\/#\/schema\/logo\/image\/\",\"url\":\"https:\/\/pepiniere-nour.com\/wp-content\/uploads\/2024\/03\/Remove-bg.ai_1709804773648.png\",\"contentUrl\":\"https:\/\/pepiniere-nour.com\/wp-content\/uploads\/2024\/03\/Remove-bg.ai_1709804773648.png\",\"width\":1199,\"height\":1199,\"caption\":\"P\u00c9PINIERE NOUR DU CENTRE\"},\"image\":{\"@id\":\"https:\/\/pepiniere-nour.com\/#\/schema\/logo\/image\/\"}}]}<\/script>\n<!-- \/ Yoast SEO plugin. -->","yoast_head_json":{"title":"Mabrouka 1 - P\u00c9PINIERE NOUR DU CENTRE","robots":{"index":"index","follow":"follow","max-snippet":"max-snippet:-1","max-image-preview":"max-image-preview:large","max-video-preview":"max-video-preview:-1"},"canonical":"https:\/\/pepiniere-nour.com\/ar\/product\/mabrouka-1\/","og_locale":"ar_AR","og_type":"article","og_title":"Mabrouka 1 - P\u00c9PINIERE NOUR DU CENTRE","og_description":"Origine et Caract\u00e9ristiques de la Vari\u00e9t\u00e9 Mabrouka 1  Le Mabrouka 1 est une vari\u00e9t\u00e9 d'olivier largement cultiv\u00e9e dans le sud et le centre du pays, o\u00f9 il s'est adapt\u00e9 aux conditions arides. Reconnaissable \u00e0 son port retombant et \u00e0 ses feuilles compactes de forme elliptique lanc\u00e9ol\u00e9e, cette vari\u00e9t\u00e9 se distingue par sa vigueur exceptionnelle, offrant une production abondante mais alternante. Ses fruits, ovo\u00efdes et pesant en moyenne 1,2g, sont principalement utilis\u00e9s pour la production d'huile d'olive.  Disponibilit\u00e9 et Formats des Plants  Les plants d'olivier Mabrouka 1 sont disponibles en diff\u00e9rentes tailles : en godet (hauteur de plus de 30 cm), en sachet (hauteur de plus de 50 cm) ou en pot (hauteur de plus de 1m), offrant ainsi une flexibilit\u00e9 pour r\u00e9pondre aux besoins des producteurs. Cette vari\u00e9t\u00e9, r\u00e9put\u00e9e pour sa r\u00e9silience dans des conditions arides, est largement utilis\u00e9e dans la r\u00e9gion pour ses caract\u00e9ristiques uniques et sa capacit\u00e9 \u00e0 prosp\u00e9rer dans des environnements difficiles.","og_url":"https:\/\/pepiniere-nour.com\/ar\/product\/mabrouka-1\/","og_site_name":"P\u00c9PINIERE NOUR DU CENTRE","article_modified_time":"2024-08-26T09:33:51+00:00","og_image":[{"width":1920,"height":2560,"url":"https:\/\/pepiniere-nour.com\/wp-content\/uploads\/2024\/03\/Mabrouka1-scaled.jpeg","type":"image\/jpeg"}],"twitter_card":"summary_large_image","twitter_misc":{"\u0648\u0642\u062a \u0627\u0644\u0642\u0631\u0627\u0621\u0629 \u0627\u0644\u0645\u064f\u0642\u062f\u0651\u0631":"\u062f\u0642\u064a\u0642\u0629 \u0648\u0627\u062d\u062f\u0629"},"schema":{"@context":"https:\/\/schema.org","@graph":[{"@type":"WebPage","@id":"https:\/\/pepiniere-nour.com\/produit\/mabrouka-1","url":"https:\/\/pepiniere-nour.com\/produit\/mabrouka-1","name":"Mabrouka 1 - P\u00c9PINIERE NOUR DU CENTRE","isPartOf":{"@id":"https:\/\/pepiniere-nour.com\/#website"},"primaryImageOfPage":{"@id":"https:\/\/pepiniere-nour.com\/produit\/mabrouka-1#primaryimage"},"image":{"@id":"https:\/\/pepiniere-nour.com\/produit\/mabrouka-1#primaryimage"},"thumbnailUrl":"https:\/\/pepiniere-nour.com\/wp-content\/uploads\/2024\/03\/Mabrouka1-scaled.jpeg","datePublished":"2024-03-20T22:42:09+00:00","dateModified":"2024-08-26T09:33:51+00:00","breadcrumb":{"@id":"https:\/\/pepiniere-nour.com\/produit\/mabrouka-1#breadcrumb"},"inLanguage":"ar","potentialAction":[{"@type":"ReadAction","target":["https:\/\/pepiniere-nour.com\/produit\/mabrouka-1"]}]},{"@type":"ImageObject","inLanguage":"ar","@id":"https:\/\/pepiniere-nour.com\/produit\/mabrouka-1#primaryimage","url":"https:\/\/pepiniere-nour.com\/wp-content\/uploads\/2024\/03\/Mabrouka1-scaled.jpeg","contentUrl":"https:\/\/pepiniere-nour.com\/wp-content\/uploads\/2024\/03\/Mabrouka1-scaled.jpeg","width":1920,"height":2560,"caption":"Olive Mabrouka 1"},{"@type":"BreadcrumbList","@id":"https:\/\/pepiniere-nour.com\/produit\/mabrouka-1#breadcrumb","itemListElement":[{"@type":"ListItem","position":1,"name":"Accueil","item":"https:\/\/pepiniere-nour.com\/"},{"@type":"ListItem","position":2,"name":"Boutique","item":"https:\/\/pepiniere-nour.com\/boutique"},{"@type":"ListItem","position":3,"name":"Mabrouka 1"}]},{"@type":"WebSite","@id":"https:\/\/pepiniere-nour.com\/#website","url":"https:\/\/pepiniere-nour.com\/","name":"P\u00c9PINIERE NOUR DU CENTRE","description":"P\u00c9PINIERE NOUR DU CENTRE","publisher":{"@id":"https:\/\/pepiniere-nour.com\/#organization"},"potentialAction":[{"@type":"SearchAction","target":{"@type":"EntryPoint","urlTemplate":"https:\/\/pepiniere-nour.com\/?s={search_term_string}"},"query-input":{"@type":"PropertyValueSpecification","valueRequired":true,"valueName":"search_term_string"}}],"inLanguage":"ar"},{"@type":"Organization","@id":"https:\/\/pepiniere-nour.com\/#organization","name":"P\u00c9PINIERE NOUR DU CENTRE","url":"https:\/\/pepiniere-nour.com\/","logo":{"@type":"ImageObject","inLanguage":"ar","@id":"https:\/\/pepiniere-nour.com\/#\/schema\/logo\/image\/","url":"https:\/\/pepiniere-nour.com\/wp-content\/uploads\/2024\/03\/Remove-bg.ai_1709804773648.png","contentUrl":"https:\/\/pepiniere-nour.com\/wp-content\/uploads\/2024\/03\/Remove-bg.ai_1709804773648.png","width":1199,"height":1199,"caption":"P\u00c9PINIERE NOUR DU CENTRE"},"image":{"@id":"https:\/\/pepiniere-nour.com\/#\/schema\/logo\/image\/"}}]}},"_links":{"self":[{"href":"https:\/\/pepiniere-nour.com\/ar\/wp-json\/wp\/v2\/product\/948","targetHints":{"allow":["GET"]}}],"collection":[{"href":"https:\/\/pepiniere-nour.com\/ar\/wp-json\/wp\/v2\/product"}],"about":[{"href":"https:\/\/pepiniere-nour.com\/ar\/wp-json\/wp\/v2\/types\/product"}],"wp:featuredmedia":[{"embeddable":true,"href":"https:\/\/pepiniere-nour.com\/ar\/wp-json\/wp\/v2\/media\/2687"}],"wp:attachment":[{"href":"https:\/\/pepiniere-nour.com\/ar\/wp-json\/wp\/v2\/media?parent=948"}],"wp:term":[{"taxonomy":"product_brand","embeddable":true,"href":"https:\/\/pepiniere-nour.com\/ar\/wp-json\/wp\/v2\/product_brand?post=948"},{"taxonomy":"product_cat","embeddable":true,"href":"https:\/\/pepiniere-nour.com\/ar\/wp-json\/wp\/v2\/product_cat?post=948"},{"taxonomy":"product_tag","embeddable":true,"href":"https:\/\/pepiniere-nour.com\/ar\/wp-json\/wp\/v2\/product_tag?post=948"}],"curies":[{"name":"wp","href":"https:\/\/api.w.org\/{rel}","templated":true}]}}