{"id":944,"date":"2024-03-20T22:41:28","date_gmt":"2024-03-20T22:41:28","guid":{"rendered":"https:\/\/pepiniere-nour.com\/?post_type=product&#038;p=944"},"modified":"2024-05-15T12:24:55","modified_gmt":"2024-05-15T12:24:55","slug":"zarazi","status":"publish","type":"product","link":"https:\/\/pepiniere-nour.com\/ar\/product\/zarazi","title":{"rendered":"\u0632\u0631\u0627\u0632\u064a"},"content":{"rendered":"","protected":false},"excerpt":{"rendered":"<p><strong>\u0635\u0646\u0641 \u0627\u0644\u0632\u0631\u0627\u0632\u064a: \u0627\u0644\u062e\u0635\u0627\u0626\u0635 \u0627\u0644\u0645\u0648\u0631\u0641\u0648\u0644\u0648\u062c\u064a\u0629<\/strong><\/p>\n<p>\u064a\u062a\u0645\u064a\u0632 \u0647\u0630\u0627 \u0627\u0644\u0635\u0646\u0641 \u0628\u062b\u0645\u0627\u0631\u0647 \u0627\u0644\u0643\u0631\u0648\u064a\u0629 \u0648\u0628\u0642\u0645\u0629 \u0645\u0633\u062a\u062f\u064a\u0631\u0629 \u0648\u0642\u0627\u0639\u062f\u0629 \u0645\u0628\u062a\u0648\u0631\u0629 \u0648\u064a\u0628\u0644\u063a \u0645\u062a\u0648\u0633\u0637 \u0648\u0632\u0646 \u0627\u0644\u062d\u0628\u0629 \u0645\u0646\u0647 \u062d\u0648\u0627\u0644\u064a 3.9 \u063a\u0631\u0627\u0645 <strong>3.9 \u062c\u0631\u0627\u0645<\/strong>, d\u00e9pourvus de mamelon et pr\u00e9sentant un sommet arrondi ainsi qu&rsquo;une base tronqu\u00e9e.<\/p>\n<p><strong>\u0627\u0644\u062e\u0635\u0627\u0626\u0635 \u0627\u0644\u0632\u0631\u0627\u0639\u064a\u0629 \u0648\u0627\u0644\u0627\u0633\u062a\u062e\u062f\u0627\u0645<\/strong><\/p>\n<p>Cette vari\u00e9t\u00e9 fleurit et m\u00fbrit pr\u00e9cocement, offrant une production moyenne. Pr\u00e9sente dans le Sud-Ouest et les oasis, elle est appr\u00e9ci\u00e9e pour sa qualit\u00e9 en tant qu&rsquo;olive de table et sa teneur \u00e9lev\u00e9e en huile. Cependant, sa production peut \u00eatre capricieuse et alternante en raison de probl\u00e8mes d&rsquo;incompatibilit\u00e9, notamment une possible st\u00e9rilit\u00e9 m\u00e2le, qui n\u00e9cessite une \u00e9tude d\u00e9taill\u00e9e.<\/p>\n<p><strong>\u062a\u0648\u0627\u0641\u0631 \u0648\u0623\u0634\u0643\u0627\u0644 \u0627\u0644\u0646\u0628\u0627\u062a\u0627\u062a<\/strong><\/p>\n<p>Les plants d&rsquo;olivier de la vari\u00e9t\u00e9 Zarazi sont disponibles en diff\u00e9rents formats pour les cultivateurs : en godet, plus de<strong> 30 \u0635\u0645<\/strong>\u060c \u0641\u064a \u0627\u0644\u0643\u064a\u0633\u060c \u0623\u0643\u062b\u0631 \u0645\u0646 <strong>50 \u0635\u0645 <\/strong>\u0623\u0648 \u0641\u064a \u0648\u0639\u0627\u0621 \u0623\u0643\u062b\u0631 \u0645\u0646 <strong>1 \u0645\u062a\u0631<\/strong>.<\/p>","protected":false},"featured_media":2691,"template":"","meta":{"_acf_changed":false},"product_brand":[],"product_cat":[33,32],"product_tag":[24,35,25,26,27],"class_list":{"0":"post-944","1":"product","2":"type-product","3":"status-publish","4":"has-post-thumbnail","6":"product_cat-olivier-a-huile","7":"product_cat-plants-doliviers","8":"product_tag-equipment","9":"product_tag-etranger","10":"product_tag-garden","11":"product_tag-plants","12":"product_tag-tools","14":"first","15":"instock","16":"shipping-taxable","17":"purchasable","18":"product-type-simple"},"acf":[],"yoast_head":"<!-- This site is optimized with the Yoast SEO plugin v25.5 - https:\/\/yoast.com\/wordpress\/plugins\/seo\/ -->\n<title>Zarazi - P\u00c9PINIERE NOUR DU CENTRE<\/title>\n<meta name=\"robots\" content=\"index, follow, max-snippet:-1, max-image-preview:large, max-video-preview:-1\" \/>\n<link rel=\"canonical\" href=\"https:\/\/pepiniere-nour.com\/ar\/product\/zarazi\/\" \/>\n<meta property=\"og:locale\" content=\"ar_AR\" \/>\n<meta property=\"og:type\" content=\"article\" \/>\n<meta property=\"og:title\" content=\"Zarazi - P\u00c9PINIERE NOUR DU CENTRE\" \/>\n<meta property=\"og:description\" content=\"Vari\u00e9t\u00e9 Zarazi : Caract\u00e9ristiques Morphologiques  La vari\u00e9t\u00e9 Zarazi se distingue par des fruits sph\u00e9riques, avec un poids moyen de 3,9 grammes, d\u00e9pourvus de mamelon et pr\u00e9sentant un sommet arrondi ainsi qu&#039;une base tronqu\u00e9e.  Caract\u00e9ristiques Agronomiques et Utilisation  Cette vari\u00e9t\u00e9 fleurit et m\u00fbrit pr\u00e9cocement, offrant une production moyenne. Pr\u00e9sente dans le Sud-Ouest et les oasis, elle est appr\u00e9ci\u00e9e pour sa qualit\u00e9 en tant qu&#039;olive de table et sa teneur \u00e9lev\u00e9e en huile. Cependant, sa production peut \u00eatre capricieuse et alternante en raison de probl\u00e8mes d&#039;incompatibilit\u00e9, notamment une possible st\u00e9rilit\u00e9 m\u00e2le, qui n\u00e9cessite une \u00e9tude d\u00e9taill\u00e9e.  Disponibilit\u00e9 et Formats des Plants  Les plants d&#039;olivier de la vari\u00e9t\u00e9 Zarazi sont disponibles en diff\u00e9rents formats pour les cultivateurs : en godet, plus de 30 cm, en sachet, plus de 50 cm ou en pot, plus de 1 m\u00e8tre.\" \/>\n<meta property=\"og:url\" content=\"https:\/\/pepiniere-nour.com\/ar\/product\/zarazi\/\" \/>\n<meta property=\"og:site_name\" content=\"P\u00c9PINIERE NOUR DU CENTRE\" \/>\n<meta property=\"article:modified_time\" content=\"2024-05-15T12:24:55+00:00\" \/>\n<meta property=\"og:image\" content=\"https:\/\/pepiniere-nour.com\/wp-content\/uploads\/2024\/03\/Plants-olive-zarazi.jpg\" \/>\n\t<meta property=\"og:image:width\" content=\"570\" \/>\n\t<meta property=\"og:image:height\" content=\"380\" \/>\n\t<meta property=\"og:image:type\" content=\"image\/jpeg\" \/>\n<meta name=\"twitter:card\" content=\"summary_large_image\" \/>\n<meta name=\"twitter:label1\" content=\"\u0648\u0642\u062a \u0627\u0644\u0642\u0631\u0627\u0621\u0629 \u0627\u0644\u0645\u064f\u0642\u062f\u0651\u0631\" \/>\n\t<meta name=\"twitter:data1\" content=\"\u062f\u0642\u064a\u0642\u0629 \u0648\u0627\u062d\u062f\u0629\" \/>\n<script type=\"application\/ld+json\" class=\"yoast-schema-graph\">{\"@context\":\"https:\/\/schema.org\",\"@graph\":[{\"@type\":\"WebPage\",\"@id\":\"https:\/\/pepiniere-nour.com\/produit\/zarazi\",\"url\":\"https:\/\/pepiniere-nour.com\/produit\/zarazi\",\"name\":\"Zarazi - P\u00c9PINIERE NOUR DU CENTRE\",\"isPartOf\":{\"@id\":\"https:\/\/pepiniere-nour.com\/#website\"},\"primaryImageOfPage\":{\"@id\":\"https:\/\/pepiniere-nour.com\/produit\/zarazi#primaryimage\"},\"image\":{\"@id\":\"https:\/\/pepiniere-nour.com\/produit\/zarazi#primaryimage\"},\"thumbnailUrl\":\"https:\/\/pepiniere-nour.com\/wp-content\/uploads\/2024\/03\/Plants-olive-zarazi.jpg\",\"datePublished\":\"2024-03-20T22:41:28+00:00\",\"dateModified\":\"2024-05-15T12:24:55+00:00\",\"breadcrumb\":{\"@id\":\"https:\/\/pepiniere-nour.com\/produit\/zarazi#breadcrumb\"},\"inLanguage\":\"ar\",\"potentialAction\":[{\"@type\":\"ReadAction\",\"target\":[\"https:\/\/pepiniere-nour.com\/produit\/zarazi\"]}]},{\"@type\":\"ImageObject\",\"inLanguage\":\"ar\",\"@id\":\"https:\/\/pepiniere-nour.com\/produit\/zarazi#primaryimage\",\"url\":\"https:\/\/pepiniere-nour.com\/wp-content\/uploads\/2024\/03\/Plants-olive-zarazi.jpg\",\"contentUrl\":\"https:\/\/pepiniere-nour.com\/wp-content\/uploads\/2024\/03\/Plants-olive-zarazi.jpg\",\"width\":570,\"height\":380,\"caption\":\"Plants olive zarazi\"},{\"@type\":\"BreadcrumbList\",\"@id\":\"https:\/\/pepiniere-nour.com\/produit\/zarazi#breadcrumb\",\"itemListElement\":[{\"@type\":\"ListItem\",\"position\":1,\"name\":\"Accueil\",\"item\":\"https:\/\/pepiniere-nour.com\/\"},{\"@type\":\"ListItem\",\"position\":2,\"name\":\"Boutique\",\"item\":\"https:\/\/pepiniere-nour.com\/boutique\"},{\"@type\":\"ListItem\",\"position\":3,\"name\":\"Zarazi\"}]},{\"@type\":\"WebSite\",\"@id\":\"https:\/\/pepiniere-nour.com\/#website\",\"url\":\"https:\/\/pepiniere-nour.com\/\",\"name\":\"P\u00c9PINIERE NOUR DU CENTRE\",\"description\":\"P\u00c9PINIERE NOUR DU CENTRE\",\"publisher\":{\"@id\":\"https:\/\/pepiniere-nour.com\/#organization\"},\"potentialAction\":[{\"@type\":\"SearchAction\",\"target\":{\"@type\":\"EntryPoint\",\"urlTemplate\":\"https:\/\/pepiniere-nour.com\/?s={search_term_string}\"},\"query-input\":{\"@type\":\"PropertyValueSpecification\",\"valueRequired\":true,\"valueName\":\"search_term_string\"}}],\"inLanguage\":\"ar\"},{\"@type\":\"Organization\",\"@id\":\"https:\/\/pepiniere-nour.com\/#organization\",\"name\":\"P\u00c9PINIERE NOUR DU CENTRE\",\"url\":\"https:\/\/pepiniere-nour.com\/\",\"logo\":{\"@type\":\"ImageObject\",\"inLanguage\":\"ar\",\"@id\":\"https:\/\/pepiniere-nour.com\/#\/schema\/logo\/image\/\",\"url\":\"https:\/\/pepiniere-nour.com\/wp-content\/uploads\/2024\/03\/Remove-bg.ai_1709804773648.png\",\"contentUrl\":\"https:\/\/pepiniere-nour.com\/wp-content\/uploads\/2024\/03\/Remove-bg.ai_1709804773648.png\",\"width\":1199,\"height\":1199,\"caption\":\"P\u00c9PINIERE NOUR DU CENTRE\"},\"image\":{\"@id\":\"https:\/\/pepiniere-nour.com\/#\/schema\/logo\/image\/\"}}]}<\/script>\n<!-- \/ Yoast SEO plugin. -->","yoast_head_json":{"title":"Zarazi - P\u00c9PINIERE NOUR DU CENTRE","robots":{"index":"index","follow":"follow","max-snippet":"max-snippet:-1","max-image-preview":"max-image-preview:large","max-video-preview":"max-video-preview:-1"},"canonical":"https:\/\/pepiniere-nour.com\/ar\/product\/zarazi\/","og_locale":"ar_AR","og_type":"article","og_title":"Zarazi - P\u00c9PINIERE NOUR DU CENTRE","og_description":"Vari\u00e9t\u00e9 Zarazi : Caract\u00e9ristiques Morphologiques  La vari\u00e9t\u00e9 Zarazi se distingue par des fruits sph\u00e9riques, avec un poids moyen de 3,9 grammes, d\u00e9pourvus de mamelon et pr\u00e9sentant un sommet arrondi ainsi qu'une base tronqu\u00e9e.  Caract\u00e9ristiques Agronomiques et Utilisation  Cette vari\u00e9t\u00e9 fleurit et m\u00fbrit pr\u00e9cocement, offrant une production moyenne. Pr\u00e9sente dans le Sud-Ouest et les oasis, elle est appr\u00e9ci\u00e9e pour sa qualit\u00e9 en tant qu'olive de table et sa teneur \u00e9lev\u00e9e en huile. Cependant, sa production peut \u00eatre capricieuse et alternante en raison de probl\u00e8mes d'incompatibilit\u00e9, notamment une possible st\u00e9rilit\u00e9 m\u00e2le, qui n\u00e9cessite une \u00e9tude d\u00e9taill\u00e9e.  Disponibilit\u00e9 et Formats des Plants  Les plants d'olivier de la vari\u00e9t\u00e9 Zarazi sont disponibles en diff\u00e9rents formats pour les cultivateurs : en godet, plus de 30 cm, en sachet, plus de 50 cm ou en pot, plus de 1 m\u00e8tre.","og_url":"https:\/\/pepiniere-nour.com\/ar\/product\/zarazi\/","og_site_name":"P\u00c9PINIERE NOUR DU CENTRE","article_modified_time":"2024-05-15T12:24:55+00:00","og_image":[{"width":570,"height":380,"url":"https:\/\/pepiniere-nour.com\/wp-content\/uploads\/2024\/03\/Plants-olive-zarazi.jpg","type":"image\/jpeg"}],"twitter_card":"summary_large_image","twitter_misc":{"\u0648\u0642\u062a \u0627\u0644\u0642\u0631\u0627\u0621\u0629 \u0627\u0644\u0645\u064f\u0642\u062f\u0651\u0631":"\u062f\u0642\u064a\u0642\u0629 \u0648\u0627\u062d\u062f\u0629"},"schema":{"@context":"https:\/\/schema.org","@graph":[{"@type":"WebPage","@id":"https:\/\/pepiniere-nour.com\/produit\/zarazi","url":"https:\/\/pepiniere-nour.com\/produit\/zarazi","name":"Zarazi - P\u00c9PINIERE NOUR DU CENTRE","isPartOf":{"@id":"https:\/\/pepiniere-nour.com\/#website"},"primaryImageOfPage":{"@id":"https:\/\/pepiniere-nour.com\/produit\/zarazi#primaryimage"},"image":{"@id":"https:\/\/pepiniere-nour.com\/produit\/zarazi#primaryimage"},"thumbnailUrl":"https:\/\/pepiniere-nour.com\/wp-content\/uploads\/2024\/03\/Plants-olive-zarazi.jpg","datePublished":"2024-03-20T22:41:28+00:00","dateModified":"2024-05-15T12:24:55+00:00","breadcrumb":{"@id":"https:\/\/pepiniere-nour.com\/produit\/zarazi#breadcrumb"},"inLanguage":"ar","potentialAction":[{"@type":"ReadAction","target":["https:\/\/pepiniere-nour.com\/produit\/zarazi"]}]},{"@type":"ImageObject","inLanguage":"ar","@id":"https:\/\/pepiniere-nour.com\/produit\/zarazi#primaryimage","url":"https:\/\/pepiniere-nour.com\/wp-content\/uploads\/2024\/03\/Plants-olive-zarazi.jpg","contentUrl":"https:\/\/pepiniere-nour.com\/wp-content\/uploads\/2024\/03\/Plants-olive-zarazi.jpg","width":570,"height":380,"caption":"Plants olive zarazi"},{"@type":"BreadcrumbList","@id":"https:\/\/pepiniere-nour.com\/produit\/zarazi#breadcrumb","itemListElement":[{"@type":"ListItem","position":1,"name":"Accueil","item":"https:\/\/pepiniere-nour.com\/"},{"@type":"ListItem","position":2,"name":"Boutique","item":"https:\/\/pepiniere-nour.com\/boutique"},{"@type":"ListItem","position":3,"name":"Zarazi"}]},{"@type":"WebSite","@id":"https:\/\/pepiniere-nour.com\/#website","url":"https:\/\/pepiniere-nour.com\/","name":"P\u00c9PINIERE NOUR DU CENTRE","description":"P\u00c9PINIERE NOUR DU CENTRE","publisher":{"@id":"https:\/\/pepiniere-nour.com\/#organization"},"potentialAction":[{"@type":"SearchAction","target":{"@type":"EntryPoint","urlTemplate":"https:\/\/pepiniere-nour.com\/?s={search_term_string}"},"query-input":{"@type":"PropertyValueSpecification","valueRequired":true,"valueName":"search_term_string"}}],"inLanguage":"ar"},{"@type":"Organization","@id":"https:\/\/pepiniere-nour.com\/#organization","name":"P\u00c9PINIERE NOUR DU CENTRE","url":"https:\/\/pepiniere-nour.com\/","logo":{"@type":"ImageObject","inLanguage":"ar","@id":"https:\/\/pepiniere-nour.com\/#\/schema\/logo\/image\/","url":"https:\/\/pepiniere-nour.com\/wp-content\/uploads\/2024\/03\/Remove-bg.ai_1709804773648.png","contentUrl":"https:\/\/pepiniere-nour.com\/wp-content\/uploads\/2024\/03\/Remove-bg.ai_1709804773648.png","width":1199,"height":1199,"caption":"P\u00c9PINIERE NOUR DU CENTRE"},"image":{"@id":"https:\/\/pepiniere-nour.com\/#\/schema\/logo\/image\/"}}]}},"_links":{"self":[{"href":"https:\/\/pepiniere-nour.com\/ar\/wp-json\/wp\/v2\/product\/944","targetHints":{"allow":["GET"]}}],"collection":[{"href":"https:\/\/pepiniere-nour.com\/ar\/wp-json\/wp\/v2\/product"}],"about":[{"href":"https:\/\/pepiniere-nour.com\/ar\/wp-json\/wp\/v2\/types\/product"}],"wp:featuredmedia":[{"embeddable":true,"href":"https:\/\/pepiniere-nour.com\/ar\/wp-json\/wp\/v2\/media\/2691"}],"wp:attachment":[{"href":"https:\/\/pepiniere-nour.com\/ar\/wp-json\/wp\/v2\/media?parent=944"}],"wp:term":[{"taxonomy":"product_brand","embeddable":true,"href":"https:\/\/pepiniere-nour.com\/ar\/wp-json\/wp\/v2\/product_brand?post=944"},{"taxonomy":"product_cat","embeddable":true,"href":"https:\/\/pepiniere-nour.com\/ar\/wp-json\/wp\/v2\/product_cat?post=944"},{"taxonomy":"product_tag","embeddable":true,"href":"https:\/\/pepiniere-nour.com\/ar\/wp-json\/wp\/v2\/product_tag?post=944"}],"curies":[{"name":"wp","href":"https:\/\/api.w.org\/{rel}","templated":true}]}}