{"id":943,"date":"2024-03-20T22:41:19","date_gmt":"2024-03-20T22:41:19","guid":{"rendered":"https:\/\/pepiniere-nour.com\/?post_type=product&#038;p=943"},"modified":"2024-08-26T09:55:13","modified_gmt":"2024-08-26T09:55:13","slug":"oueslati","status":"publish","type":"product","link":"https:\/\/pepiniere-nour.com\/ar\/product\/oueslati","title":{"rendered":"\u0648\u0633\u0644\u0627\u062a\u064a"},"content":{"rendered":"","protected":false},"excerpt":{"rendered":"<h4>\u062a\u0642\u062f\u064a\u0645 \u0639\u0627\u0645<\/h4>\n<p>\u0645\u0646\u0637\u0642\u0629 \u0627\u0644\u0632\u0631\u0627\u0639\u0629: \u0627\u0644\u062c\u0632\u0621 \u0627\u0644\u0634\u0645\u0627\u0644\u064a \u0645\u0646 \u0627\u0644\u0648\u0633\u0637 \u0627\u0644\u062a\u0648\u0646\u0633\u064a<br \/>\n\u0645\u0646\u0637\u0642\u0629 \u0627\u0644\u0642\u064a\u0631\u0648\u0627\u0646 \u0648\u0633\u0644\u064a\u0627\u0646\u0629<br \/>\n\u0627\u0644\u0627\u0633\u062a\u0639\u0645\u0627\u0644: \u0645\u0632\u062f\u0648\u062c<\/p>\n<h4>\u0627\u0644\u062e\u0635\u0627\u0626\u0635 \u0627\u0644\u0632\u0631\u0627\u0639\u064a\u0629 \u0648\u0627\u0644\u0627\u0633\u062a\u062e\u062f\u0627\u0645<\/h4>\n<p>\u0627\u0644\u0625\u0632\u0647\u0627\u0631: \u0645\u0628\u0643\u0651\u0631<br \/>\n\u0627\u0644\u0625\u0646\u062a\u0627\u062c: \u0645\u0628\u0643\u0651\u0631<br \/>\n\u0627\u0644\u0625\u0646\u062a\u0627\u062c \u0627\u0644\u0645\u062a\u062d\u0635\u0651\u0644 \u0639\u0644\u064a\u0647 :17\u0637\u0646\u0627 \u0641\u064a \u0627\u0644\u0647\u0643\u062a\u0627\u0631 \u0627\u0644\u0648\u0627\u062d\u062f<\/p>\n<h4>Caract\u00e9ristiques de l&rsquo;huile<\/h4>\n<p>\u062e\u0635\u0627\u0626\u0635 \u0632\u064a\u062a \u0627\u0644\u0632\u064a\u062a\u0648\u0646 \u0645\u0646 \u0647\u0630\u0627 \u0627\u0644\u0635\u0646\u0641: \u064a\u062d\u062a\u0648\u064a \u0639\u0644\u0649 28.58 \u0645\u0646 \u0627\u0644\u0632\u064a\u062a<br \/>\n12.35 \u0645\u0646 \u0627\u0644\u062d\u0645\u0636 \u0627\u0644\u062f\u0647\u0646\u064a (\u062d\u0645\u0636 \u0627\u0644\u0628\u0627\u0644\u0645\u062a\u064a\u0643) 67.7 \u0645\u0646 \u062d\u0645\u0636 \u0627\u0644\u0623\u0648\u0644\u064a\u0643<\/p>","protected":false},"featured_media":2611,"template":"","meta":{"_acf_changed":false},"product_brand":[],"product_cat":[33,32],"product_tag":[24,35,25,26,27],"class_list":{"0":"post-943","1":"product","2":"type-product","3":"status-publish","4":"has-post-thumbnail","6":"product_cat-olivier-a-huile","7":"product_cat-plants-doliviers","8":"product_tag-equipment","9":"product_tag-etranger","10":"product_tag-garden","11":"product_tag-plants","12":"product_tag-tools","14":"first","15":"instock","16":"shipping-taxable","17":"purchasable","18":"product-type-simple"},"acf":[],"yoast_head":"<!-- This site is optimized with the Yoast SEO plugin v25.5 - https:\/\/yoast.com\/wordpress\/plugins\/seo\/ -->\n<title>Oueslati - P\u00c9PINIERE NOUR DU CENTRE<\/title>\n<meta name=\"robots\" content=\"index, follow, max-snippet:-1, max-image-preview:large, max-video-preview:-1\" \/>\n<link rel=\"canonical\" href=\"https:\/\/pepiniere-nour.com\/ar\/product\/oueslati\/\" \/>\n<meta property=\"og:locale\" content=\"ar_AR\" \/>\n<meta property=\"og:type\" content=\"article\" \/>\n<meta property=\"og:title\" content=\"Oueslati - P\u00c9PINIERE NOUR DU CENTRE\" \/>\n<meta property=\"og:description\" content=\"Pr\u00e9sentation g\u00e9n\u00e9rale Zone de culture : la partie septentrionale du centre de la Tunisie :R\u00e9gions de Kairouan et Siliana Utilisation : double fin Caract\u00e9ristiques agronomiques - Floraison: Pr\u00e9coce Entr\u00e9e en production: pr\u00e9coce Production cumul\u00e9: 17T\/ha Caract\u00e9ristiques de l&#039;huile Teneur en huile: 28.58 % Teneur en acide gras: Acide palmitique :12.35% &amp; Acide ol\u00e9ique: 67.7%\" \/>\n<meta property=\"og:url\" content=\"https:\/\/pepiniere-nour.com\/ar\/product\/oueslati\/\" \/>\n<meta property=\"og:site_name\" content=\"P\u00c9PINIERE NOUR DU CENTRE\" \/>\n<meta property=\"article:modified_time\" content=\"2024-08-26T09:55:13+00:00\" \/>\n<meta property=\"og:image\" content=\"https:\/\/pepiniere-nour.com\/wp-content\/uploads\/2024\/03\/image00028-scaled.jpeg\" \/>\n\t<meta property=\"og:image:width\" content=\"1920\" \/>\n\t<meta property=\"og:image:height\" content=\"2560\" \/>\n\t<meta property=\"og:image:type\" content=\"image\/jpeg\" \/>\n<meta name=\"twitter:card\" content=\"summary_large_image\" \/>\n<meta name=\"twitter:label1\" content=\"\u0648\u0642\u062a \u0627\u0644\u0642\u0631\u0627\u0621\u0629 \u0627\u0644\u0645\u064f\u0642\u062f\u0651\u0631\" \/>\n\t<meta name=\"twitter:data1\" content=\"\u062f\u0642\u064a\u0642\u0629 \u0648\u0627\u062d\u062f\u0629\" \/>\n<script type=\"application\/ld+json\" class=\"yoast-schema-graph\">{\"@context\":\"https:\/\/schema.org\",\"@graph\":[{\"@type\":\"WebPage\",\"@id\":\"https:\/\/pepiniere-nour.com\/produit\/oueslati\",\"url\":\"https:\/\/pepiniere-nour.com\/produit\/oueslati\",\"name\":\"Oueslati - P\u00c9PINIERE NOUR DU CENTRE\",\"isPartOf\":{\"@id\":\"https:\/\/pepiniere-nour.com\/#website\"},\"primaryImageOfPage\":{\"@id\":\"https:\/\/pepiniere-nour.com\/produit\/oueslati#primaryimage\"},\"image\":{\"@id\":\"https:\/\/pepiniere-nour.com\/produit\/oueslati#primaryimage\"},\"thumbnailUrl\":\"https:\/\/pepiniere-nour.com\/wp-content\/uploads\/2024\/03\/image00028-scaled.jpeg\",\"datePublished\":\"2024-03-20T22:41:19+00:00\",\"dateModified\":\"2024-08-26T09:55:13+00:00\",\"breadcrumb\":{\"@id\":\"https:\/\/pepiniere-nour.com\/produit\/oueslati#breadcrumb\"},\"inLanguage\":\"ar\",\"potentialAction\":[{\"@type\":\"ReadAction\",\"target\":[\"https:\/\/pepiniere-nour.com\/produit\/oueslati\"]}]},{\"@type\":\"ImageObject\",\"inLanguage\":\"ar\",\"@id\":\"https:\/\/pepiniere-nour.com\/produit\/oueslati#primaryimage\",\"url\":\"https:\/\/pepiniere-nour.com\/wp-content\/uploads\/2024\/03\/image00028-scaled.jpeg\",\"contentUrl\":\"https:\/\/pepiniere-nour.com\/wp-content\/uploads\/2024\/03\/image00028-scaled.jpeg\",\"width\":1920,\"height\":2560,\"caption\":\"olive de huile Oueslati\"},{\"@type\":\"BreadcrumbList\",\"@id\":\"https:\/\/pepiniere-nour.com\/produit\/oueslati#breadcrumb\",\"itemListElement\":[{\"@type\":\"ListItem\",\"position\":1,\"name\":\"Accueil\",\"item\":\"https:\/\/pepiniere-nour.com\/\"},{\"@type\":\"ListItem\",\"position\":2,\"name\":\"Boutique\",\"item\":\"https:\/\/pepiniere-nour.com\/boutique\"},{\"@type\":\"ListItem\",\"position\":3,\"name\":\"Oueslati\"}]},{\"@type\":\"WebSite\",\"@id\":\"https:\/\/pepiniere-nour.com\/#website\",\"url\":\"https:\/\/pepiniere-nour.com\/\",\"name\":\"P\u00c9PINIERE NOUR DU CENTRE\",\"description\":\"P\u00c9PINIERE NOUR DU CENTRE\",\"publisher\":{\"@id\":\"https:\/\/pepiniere-nour.com\/#organization\"},\"potentialAction\":[{\"@type\":\"SearchAction\",\"target\":{\"@type\":\"EntryPoint\",\"urlTemplate\":\"https:\/\/pepiniere-nour.com\/?s={search_term_string}\"},\"query-input\":{\"@type\":\"PropertyValueSpecification\",\"valueRequired\":true,\"valueName\":\"search_term_string\"}}],\"inLanguage\":\"ar\"},{\"@type\":\"Organization\",\"@id\":\"https:\/\/pepiniere-nour.com\/#organization\",\"name\":\"P\u00c9PINIERE NOUR DU CENTRE\",\"url\":\"https:\/\/pepiniere-nour.com\/\",\"logo\":{\"@type\":\"ImageObject\",\"inLanguage\":\"ar\",\"@id\":\"https:\/\/pepiniere-nour.com\/#\/schema\/logo\/image\/\",\"url\":\"https:\/\/pepiniere-nour.com\/wp-content\/uploads\/2024\/03\/Remove-bg.ai_1709804773648.png\",\"contentUrl\":\"https:\/\/pepiniere-nour.com\/wp-content\/uploads\/2024\/03\/Remove-bg.ai_1709804773648.png\",\"width\":1199,\"height\":1199,\"caption\":\"P\u00c9PINIERE NOUR DU CENTRE\"},\"image\":{\"@id\":\"https:\/\/pepiniere-nour.com\/#\/schema\/logo\/image\/\"}}]}<\/script>\n<!-- \/ Yoast SEO plugin. -->","yoast_head_json":{"title":"Oueslati - P\u00c9PINIERE NOUR DU CENTRE","robots":{"index":"index","follow":"follow","max-snippet":"max-snippet:-1","max-image-preview":"max-image-preview:large","max-video-preview":"max-video-preview:-1"},"canonical":"https:\/\/pepiniere-nour.com\/ar\/product\/oueslati\/","og_locale":"ar_AR","og_type":"article","og_title":"Oueslati - P\u00c9PINIERE NOUR DU CENTRE","og_description":"Pr\u00e9sentation g\u00e9n\u00e9rale Zone de culture : la partie septentrionale du centre de la Tunisie :R\u00e9gions de Kairouan et Siliana Utilisation : double fin Caract\u00e9ristiques agronomiques - Floraison: Pr\u00e9coce Entr\u00e9e en production: pr\u00e9coce Production cumul\u00e9: 17T\/ha Caract\u00e9ristiques de l'huile Teneur en huile: 28.58 % Teneur en acide gras: Acide palmitique :12.35% &amp; Acide ol\u00e9ique: 67.7%","og_url":"https:\/\/pepiniere-nour.com\/ar\/product\/oueslati\/","og_site_name":"P\u00c9PINIERE NOUR DU CENTRE","article_modified_time":"2024-08-26T09:55:13+00:00","og_image":[{"width":1920,"height":2560,"url":"https:\/\/pepiniere-nour.com\/wp-content\/uploads\/2024\/03\/image00028-scaled.jpeg","type":"image\/jpeg"}],"twitter_card":"summary_large_image","twitter_misc":{"\u0648\u0642\u062a \u0627\u0644\u0642\u0631\u0627\u0621\u0629 \u0627\u0644\u0645\u064f\u0642\u062f\u0651\u0631":"\u062f\u0642\u064a\u0642\u0629 \u0648\u0627\u062d\u062f\u0629"},"schema":{"@context":"https:\/\/schema.org","@graph":[{"@type":"WebPage","@id":"https:\/\/pepiniere-nour.com\/produit\/oueslati","url":"https:\/\/pepiniere-nour.com\/produit\/oueslati","name":"Oueslati - P\u00c9PINIERE NOUR DU CENTRE","isPartOf":{"@id":"https:\/\/pepiniere-nour.com\/#website"},"primaryImageOfPage":{"@id":"https:\/\/pepiniere-nour.com\/produit\/oueslati#primaryimage"},"image":{"@id":"https:\/\/pepiniere-nour.com\/produit\/oueslati#primaryimage"},"thumbnailUrl":"https:\/\/pepiniere-nour.com\/wp-content\/uploads\/2024\/03\/image00028-scaled.jpeg","datePublished":"2024-03-20T22:41:19+00:00","dateModified":"2024-08-26T09:55:13+00:00","breadcrumb":{"@id":"https:\/\/pepiniere-nour.com\/produit\/oueslati#breadcrumb"},"inLanguage":"ar","potentialAction":[{"@type":"ReadAction","target":["https:\/\/pepiniere-nour.com\/produit\/oueslati"]}]},{"@type":"ImageObject","inLanguage":"ar","@id":"https:\/\/pepiniere-nour.com\/produit\/oueslati#primaryimage","url":"https:\/\/pepiniere-nour.com\/wp-content\/uploads\/2024\/03\/image00028-scaled.jpeg","contentUrl":"https:\/\/pepiniere-nour.com\/wp-content\/uploads\/2024\/03\/image00028-scaled.jpeg","width":1920,"height":2560,"caption":"olive de huile Oueslati"},{"@type":"BreadcrumbList","@id":"https:\/\/pepiniere-nour.com\/produit\/oueslati#breadcrumb","itemListElement":[{"@type":"ListItem","position":1,"name":"Accueil","item":"https:\/\/pepiniere-nour.com\/"},{"@type":"ListItem","position":2,"name":"Boutique","item":"https:\/\/pepiniere-nour.com\/boutique"},{"@type":"ListItem","position":3,"name":"Oueslati"}]},{"@type":"WebSite","@id":"https:\/\/pepiniere-nour.com\/#website","url":"https:\/\/pepiniere-nour.com\/","name":"P\u00c9PINIERE NOUR DU CENTRE","description":"P\u00c9PINIERE NOUR DU CENTRE","publisher":{"@id":"https:\/\/pepiniere-nour.com\/#organization"},"potentialAction":[{"@type":"SearchAction","target":{"@type":"EntryPoint","urlTemplate":"https:\/\/pepiniere-nour.com\/?s={search_term_string}"},"query-input":{"@type":"PropertyValueSpecification","valueRequired":true,"valueName":"search_term_string"}}],"inLanguage":"ar"},{"@type":"Organization","@id":"https:\/\/pepiniere-nour.com\/#organization","name":"P\u00c9PINIERE NOUR DU CENTRE","url":"https:\/\/pepiniere-nour.com\/","logo":{"@type":"ImageObject","inLanguage":"ar","@id":"https:\/\/pepiniere-nour.com\/#\/schema\/logo\/image\/","url":"https:\/\/pepiniere-nour.com\/wp-content\/uploads\/2024\/03\/Remove-bg.ai_1709804773648.png","contentUrl":"https:\/\/pepiniere-nour.com\/wp-content\/uploads\/2024\/03\/Remove-bg.ai_1709804773648.png","width":1199,"height":1199,"caption":"P\u00c9PINIERE NOUR DU CENTRE"},"image":{"@id":"https:\/\/pepiniere-nour.com\/#\/schema\/logo\/image\/"}}]}},"_links":{"self":[{"href":"https:\/\/pepiniere-nour.com\/ar\/wp-json\/wp\/v2\/product\/943","targetHints":{"allow":["GET"]}}],"collection":[{"href":"https:\/\/pepiniere-nour.com\/ar\/wp-json\/wp\/v2\/product"}],"about":[{"href":"https:\/\/pepiniere-nour.com\/ar\/wp-json\/wp\/v2\/types\/product"}],"wp:featuredmedia":[{"embeddable":true,"href":"https:\/\/pepiniere-nour.com\/ar\/wp-json\/wp\/v2\/media\/2611"}],"wp:attachment":[{"href":"https:\/\/pepiniere-nour.com\/ar\/wp-json\/wp\/v2\/media?parent=943"}],"wp:term":[{"taxonomy":"product_brand","embeddable":true,"href":"https:\/\/pepiniere-nour.com\/ar\/wp-json\/wp\/v2\/product_brand?post=943"},{"taxonomy":"product_cat","embeddable":true,"href":"https:\/\/pepiniere-nour.com\/ar\/wp-json\/wp\/v2\/product_cat?post=943"},{"taxonomy":"product_tag","embeddable":true,"href":"https:\/\/pepiniere-nour.com\/ar\/wp-json\/wp\/v2\/product_tag?post=943"}],"curies":[{"name":"wp","href":"https:\/\/api.w.org\/{rel}","templated":true}]}}