{"id":941,"date":"2024-03-20T22:40:42","date_gmt":"2024-03-20T22:40:42","guid":{"rendered":"https:\/\/pepiniere-nour.com\/?post_type=product&#038;p=941"},"modified":"2024-08-26T09:03:43","modified_gmt":"2024-08-26T09:03:43","slug":"chemlali-gafsa","status":"publish","type":"product","link":"https:\/\/pepiniere-nour.com\/ar\/product\/chemlali-gafsa","title":{"rendered":"\u0634\u0645\u0644\u0627\u0644\u064a \u0642\u0641\u0635\u0629"},"content":{"rendered":"","protected":false},"excerpt":{"rendered":"<h4>Vari\u00e9t\u00e9 et Origine de l&rsquo;Olivier Chemlali Gafsa<\/h4>\n<p>La vari\u00e9t\u00e9 Chemlali Gafsa, originaire de la r\u00e9gion Sud-Ouest de la Tunisie, est cultiv\u00e9e \u00e0 Gafsa. Cette vari\u00e9t\u00e9 est appr\u00e9ci\u00e9e pour ses utilisations polyvalentes, notamment la production d&rsquo;huile et d&rsquo;olives de table. Les olives de la Chemlali Gafsa ont un poids moyen de 2,26 grammes et pr\u00e9sentent une forme ovo\u00efde distincte.<\/p>\n<h4>Options de Pr\u00e9sentation pour les Plants d&rsquo;Olivier<\/h4>\n<p>Les plants d&rsquo;olivier Chemlali Gafsa sont disponibles dans diff\u00e9rents formats pour r\u00e9pondre aux besoins des agriculteurs. Ils sont propos\u00e9s en godet, avec une hauteur de plus de 30 cm, en sachet, atteignant plus de 50 cm de hauteur, ou en pot, d\u00e9passant g\u00e9n\u00e9ralement 1 m\u00e8tre. Cette diversit\u00e9 d&rsquo;options permet aux producteurs de choisir le format le mieux adapt\u00e9 \u00e0 leurs pratiques culturales et \u00e0 leur environnement sp\u00e9cifique.<\/p>","protected":false},"featured_media":2613,"template":"","meta":{"_acf_changed":false},"product_brand":[],"product_cat":[33,32],"product_tag":[24,35,25,26,27],"class_list":{"0":"post-941","1":"product","2":"type-product","3":"status-publish","4":"has-post-thumbnail","6":"product_cat-olivier-a-huile","7":"product_cat-plants-doliviers","8":"product_tag-equipment","9":"product_tag-etranger","10":"product_tag-garden","11":"product_tag-plants","12":"product_tag-tools","14":"first","15":"instock","16":"shipping-taxable","17":"purchasable","18":"product-type-simple"},"acf":[],"yoast_head":"<!-- This site is optimized with the Yoast SEO plugin v25.5 - https:\/\/yoast.com\/wordpress\/plugins\/seo\/ -->\n<title>Chemlali Gafsa - P\u00c9PINIERE NOUR DU CENTRE<\/title>\n<meta name=\"robots\" content=\"index, follow, max-snippet:-1, max-image-preview:large, max-video-preview:-1\" \/>\n<link rel=\"canonical\" href=\"https:\/\/pepiniere-nour.com\/ar\/product\/chemlali-gafsa\/\" \/>\n<meta property=\"og:locale\" content=\"ar_AR\" \/>\n<meta property=\"og:type\" content=\"article\" \/>\n<meta property=\"og:title\" content=\"Chemlali Gafsa - P\u00c9PINIERE NOUR DU CENTRE\" \/>\n<meta property=\"og:description\" content=\"Vari\u00e9t\u00e9 et Origine de l&#039;Olivier Chemlali Gafsa La vari\u00e9t\u00e9 Chemlali Gafsa, originaire de la r\u00e9gion Sud-Ouest de la Tunisie, est cultiv\u00e9e \u00e0 Gafsa. Cette vari\u00e9t\u00e9 est appr\u00e9ci\u00e9e pour ses utilisations polyvalentes, notamment la production d&#039;huile et d&#039;olives de table. Les olives de la Chemlali Gafsa ont un poids moyen de 2,26 grammes et pr\u00e9sentent une forme ovo\u00efde distincte. Options de Pr\u00e9sentation pour les Plants d&#039;Olivier Les plants d&#039;olivier Chemlali Gafsa sont disponibles dans diff\u00e9rents formats pour r\u00e9pondre aux besoins des agriculteurs. Ils sont propos\u00e9s en godet, avec une hauteur de plus de 30 cm, en sachet, atteignant plus de 50 cm de hauteur, ou en pot, d\u00e9passant g\u00e9n\u00e9ralement 1 m\u00e8tre. Cette diversit\u00e9 d&#039;options permet aux producteurs de choisir le format le mieux adapt\u00e9 \u00e0 leurs pratiques culturales et \u00e0 leur environnement sp\u00e9cifique.\" \/>\n<meta property=\"og:url\" content=\"https:\/\/pepiniere-nour.com\/ar\/product\/chemlali-gafsa\/\" \/>\n<meta property=\"og:site_name\" content=\"P\u00c9PINIERE NOUR DU CENTRE\" \/>\n<meta property=\"article:modified_time\" content=\"2024-08-26T09:03:43+00:00\" \/>\n<meta property=\"og:image\" content=\"https:\/\/pepiniere-nour.com\/wp-content\/uploads\/2024\/03\/image00032-scaled.jpeg\" \/>\n\t<meta property=\"og:image:width\" content=\"1920\" \/>\n\t<meta property=\"og:image:height\" content=\"2560\" \/>\n\t<meta property=\"og:image:type\" content=\"image\/jpeg\" \/>\n<meta name=\"twitter:card\" content=\"summary_large_image\" \/>\n<meta name=\"twitter:label1\" content=\"\u0648\u0642\u062a \u0627\u0644\u0642\u0631\u0627\u0621\u0629 \u0627\u0644\u0645\u064f\u0642\u062f\u0651\u0631\" \/>\n\t<meta name=\"twitter:data1\" content=\"\u062f\u0642\u064a\u0642\u0629 \u0648\u0627\u062d\u062f\u0629\" \/>\n<script type=\"application\/ld+json\" class=\"yoast-schema-graph\">{\"@context\":\"https:\/\/schema.org\",\"@graph\":[{\"@type\":\"WebPage\",\"@id\":\"https:\/\/pepiniere-nour.com\/produit\/chemlali-gafsa\",\"url\":\"https:\/\/pepiniere-nour.com\/produit\/chemlali-gafsa\",\"name\":\"Chemlali Gafsa - P\u00c9PINIERE NOUR DU CENTRE\",\"isPartOf\":{\"@id\":\"https:\/\/pepiniere-nour.com\/#website\"},\"primaryImageOfPage\":{\"@id\":\"https:\/\/pepiniere-nour.com\/produit\/chemlali-gafsa#primaryimage\"},\"image\":{\"@id\":\"https:\/\/pepiniere-nour.com\/produit\/chemlali-gafsa#primaryimage\"},\"thumbnailUrl\":\"https:\/\/pepiniere-nour.com\/wp-content\/uploads\/2024\/03\/image00032-scaled.jpeg\",\"datePublished\":\"2024-03-20T22:40:42+00:00\",\"dateModified\":\"2024-08-26T09:03:43+00:00\",\"breadcrumb\":{\"@id\":\"https:\/\/pepiniere-nour.com\/produit\/chemlali-gafsa#breadcrumb\"},\"inLanguage\":\"ar\",\"potentialAction\":[{\"@type\":\"ReadAction\",\"target\":[\"https:\/\/pepiniere-nour.com\/produit\/chemlali-gafsa\"]}]},{\"@type\":\"ImageObject\",\"inLanguage\":\"ar\",\"@id\":\"https:\/\/pepiniere-nour.com\/produit\/chemlali-gafsa#primaryimage\",\"url\":\"https:\/\/pepiniere-nour.com\/wp-content\/uploads\/2024\/03\/image00032-scaled.jpeg\",\"contentUrl\":\"https:\/\/pepiniere-nour.com\/wp-content\/uploads\/2024\/03\/image00032-scaled.jpeg\",\"width\":1920,\"height\":2560,\"caption\":\"Chemlali Gafsa\"},{\"@type\":\"BreadcrumbList\",\"@id\":\"https:\/\/pepiniere-nour.com\/produit\/chemlali-gafsa#breadcrumb\",\"itemListElement\":[{\"@type\":\"ListItem\",\"position\":1,\"name\":\"Accueil\",\"item\":\"https:\/\/pepiniere-nour.com\/\"},{\"@type\":\"ListItem\",\"position\":2,\"name\":\"Boutique\",\"item\":\"https:\/\/pepiniere-nour.com\/boutique\"},{\"@type\":\"ListItem\",\"position\":3,\"name\":\"Chemlali Gafsa\"}]},{\"@type\":\"WebSite\",\"@id\":\"https:\/\/pepiniere-nour.com\/#website\",\"url\":\"https:\/\/pepiniere-nour.com\/\",\"name\":\"P\u00c9PINIERE NOUR DU CENTRE\",\"description\":\"P\u00c9PINIERE NOUR DU CENTRE\",\"publisher\":{\"@id\":\"https:\/\/pepiniere-nour.com\/#organization\"},\"potentialAction\":[{\"@type\":\"SearchAction\",\"target\":{\"@type\":\"EntryPoint\",\"urlTemplate\":\"https:\/\/pepiniere-nour.com\/?s={search_term_string}\"},\"query-input\":{\"@type\":\"PropertyValueSpecification\",\"valueRequired\":true,\"valueName\":\"search_term_string\"}}],\"inLanguage\":\"ar\"},{\"@type\":\"Organization\",\"@id\":\"https:\/\/pepiniere-nour.com\/#organization\",\"name\":\"P\u00c9PINIERE NOUR DU CENTRE\",\"url\":\"https:\/\/pepiniere-nour.com\/\",\"logo\":{\"@type\":\"ImageObject\",\"inLanguage\":\"ar\",\"@id\":\"https:\/\/pepiniere-nour.com\/#\/schema\/logo\/image\/\",\"url\":\"https:\/\/pepiniere-nour.com\/wp-content\/uploads\/2024\/03\/Remove-bg.ai_1709804773648.png\",\"contentUrl\":\"https:\/\/pepiniere-nour.com\/wp-content\/uploads\/2024\/03\/Remove-bg.ai_1709804773648.png\",\"width\":1199,\"height\":1199,\"caption\":\"P\u00c9PINIERE NOUR DU CENTRE\"},\"image\":{\"@id\":\"https:\/\/pepiniere-nour.com\/#\/schema\/logo\/image\/\"}}]}<\/script>\n<!-- \/ Yoast SEO plugin. -->","yoast_head_json":{"title":"Chemlali Gafsa - P\u00c9PINIERE NOUR DU CENTRE","robots":{"index":"index","follow":"follow","max-snippet":"max-snippet:-1","max-image-preview":"max-image-preview:large","max-video-preview":"max-video-preview:-1"},"canonical":"https:\/\/pepiniere-nour.com\/ar\/product\/chemlali-gafsa\/","og_locale":"ar_AR","og_type":"article","og_title":"Chemlali Gafsa - P\u00c9PINIERE NOUR DU CENTRE","og_description":"Vari\u00e9t\u00e9 et Origine de l'Olivier Chemlali Gafsa La vari\u00e9t\u00e9 Chemlali Gafsa, originaire de la r\u00e9gion Sud-Ouest de la Tunisie, est cultiv\u00e9e \u00e0 Gafsa. Cette vari\u00e9t\u00e9 est appr\u00e9ci\u00e9e pour ses utilisations polyvalentes, notamment la production d'huile et d'olives de table. Les olives de la Chemlali Gafsa ont un poids moyen de 2,26 grammes et pr\u00e9sentent une forme ovo\u00efde distincte. Options de Pr\u00e9sentation pour les Plants d'Olivier Les plants d'olivier Chemlali Gafsa sont disponibles dans diff\u00e9rents formats pour r\u00e9pondre aux besoins des agriculteurs. Ils sont propos\u00e9s en godet, avec une hauteur de plus de 30 cm, en sachet, atteignant plus de 50 cm de hauteur, ou en pot, d\u00e9passant g\u00e9n\u00e9ralement 1 m\u00e8tre. Cette diversit\u00e9 d'options permet aux producteurs de choisir le format le mieux adapt\u00e9 \u00e0 leurs pratiques culturales et \u00e0 leur environnement sp\u00e9cifique.","og_url":"https:\/\/pepiniere-nour.com\/ar\/product\/chemlali-gafsa\/","og_site_name":"P\u00c9PINIERE NOUR DU CENTRE","article_modified_time":"2024-08-26T09:03:43+00:00","og_image":[{"width":1920,"height":2560,"url":"https:\/\/pepiniere-nour.com\/wp-content\/uploads\/2024\/03\/image00032-scaled.jpeg","type":"image\/jpeg"}],"twitter_card":"summary_large_image","twitter_misc":{"\u0648\u0642\u062a \u0627\u0644\u0642\u0631\u0627\u0621\u0629 \u0627\u0644\u0645\u064f\u0642\u062f\u0651\u0631":"\u062f\u0642\u064a\u0642\u0629 \u0648\u0627\u062d\u062f\u0629"},"schema":{"@context":"https:\/\/schema.org","@graph":[{"@type":"WebPage","@id":"https:\/\/pepiniere-nour.com\/produit\/chemlali-gafsa","url":"https:\/\/pepiniere-nour.com\/produit\/chemlali-gafsa","name":"Chemlali Gafsa - P\u00c9PINIERE NOUR DU CENTRE","isPartOf":{"@id":"https:\/\/pepiniere-nour.com\/#website"},"primaryImageOfPage":{"@id":"https:\/\/pepiniere-nour.com\/produit\/chemlali-gafsa#primaryimage"},"image":{"@id":"https:\/\/pepiniere-nour.com\/produit\/chemlali-gafsa#primaryimage"},"thumbnailUrl":"https:\/\/pepiniere-nour.com\/wp-content\/uploads\/2024\/03\/image00032-scaled.jpeg","datePublished":"2024-03-20T22:40:42+00:00","dateModified":"2024-08-26T09:03:43+00:00","breadcrumb":{"@id":"https:\/\/pepiniere-nour.com\/produit\/chemlali-gafsa#breadcrumb"},"inLanguage":"ar","potentialAction":[{"@type":"ReadAction","target":["https:\/\/pepiniere-nour.com\/produit\/chemlali-gafsa"]}]},{"@type":"ImageObject","inLanguage":"ar","@id":"https:\/\/pepiniere-nour.com\/produit\/chemlali-gafsa#primaryimage","url":"https:\/\/pepiniere-nour.com\/wp-content\/uploads\/2024\/03\/image00032-scaled.jpeg","contentUrl":"https:\/\/pepiniere-nour.com\/wp-content\/uploads\/2024\/03\/image00032-scaled.jpeg","width":1920,"height":2560,"caption":"Chemlali Gafsa"},{"@type":"BreadcrumbList","@id":"https:\/\/pepiniere-nour.com\/produit\/chemlali-gafsa#breadcrumb","itemListElement":[{"@type":"ListItem","position":1,"name":"Accueil","item":"https:\/\/pepiniere-nour.com\/"},{"@type":"ListItem","position":2,"name":"Boutique","item":"https:\/\/pepiniere-nour.com\/boutique"},{"@type":"ListItem","position":3,"name":"Chemlali Gafsa"}]},{"@type":"WebSite","@id":"https:\/\/pepiniere-nour.com\/#website","url":"https:\/\/pepiniere-nour.com\/","name":"P\u00c9PINIERE NOUR DU CENTRE","description":"P\u00c9PINIERE NOUR DU CENTRE","publisher":{"@id":"https:\/\/pepiniere-nour.com\/#organization"},"potentialAction":[{"@type":"SearchAction","target":{"@type":"EntryPoint","urlTemplate":"https:\/\/pepiniere-nour.com\/?s={search_term_string}"},"query-input":{"@type":"PropertyValueSpecification","valueRequired":true,"valueName":"search_term_string"}}],"inLanguage":"ar"},{"@type":"Organization","@id":"https:\/\/pepiniere-nour.com\/#organization","name":"P\u00c9PINIERE NOUR DU CENTRE","url":"https:\/\/pepiniere-nour.com\/","logo":{"@type":"ImageObject","inLanguage":"ar","@id":"https:\/\/pepiniere-nour.com\/#\/schema\/logo\/image\/","url":"https:\/\/pepiniere-nour.com\/wp-content\/uploads\/2024\/03\/Remove-bg.ai_1709804773648.png","contentUrl":"https:\/\/pepiniere-nour.com\/wp-content\/uploads\/2024\/03\/Remove-bg.ai_1709804773648.png","width":1199,"height":1199,"caption":"P\u00c9PINIERE NOUR DU CENTRE"},"image":{"@id":"https:\/\/pepiniere-nour.com\/#\/schema\/logo\/image\/"}}]}},"_links":{"self":[{"href":"https:\/\/pepiniere-nour.com\/ar\/wp-json\/wp\/v2\/product\/941","targetHints":{"allow":["GET"]}}],"collection":[{"href":"https:\/\/pepiniere-nour.com\/ar\/wp-json\/wp\/v2\/product"}],"about":[{"href":"https:\/\/pepiniere-nour.com\/ar\/wp-json\/wp\/v2\/types\/product"}],"wp:featuredmedia":[{"embeddable":true,"href":"https:\/\/pepiniere-nour.com\/ar\/wp-json\/wp\/v2\/media\/2613"}],"wp:attachment":[{"href":"https:\/\/pepiniere-nour.com\/ar\/wp-json\/wp\/v2\/media?parent=941"}],"wp:term":[{"taxonomy":"product_brand","embeddable":true,"href":"https:\/\/pepiniere-nour.com\/ar\/wp-json\/wp\/v2\/product_brand?post=941"},{"taxonomy":"product_cat","embeddable":true,"href":"https:\/\/pepiniere-nour.com\/ar\/wp-json\/wp\/v2\/product_cat?post=941"},{"taxonomy":"product_tag","embeddable":true,"href":"https:\/\/pepiniere-nour.com\/ar\/wp-json\/wp\/v2\/product_tag?post=941"}],"curies":[{"name":"wp","href":"https:\/\/api.w.org\/{rel}","templated":true}]}}