{"id":1029,"date":"2024-03-20T23:03:00","date_gmt":"2024-03-20T23:03:00","guid":{"rendered":"https:\/\/pepiniere-nour.com\/?post_type=product&#038;p=1029"},"modified":"2024-05-20T21:48:35","modified_gmt":"2024-05-20T21:48:35","slug":"bougainvillier","status":"publish","type":"product","link":"https:\/\/pepiniere-nour.com\/ar\/product\/bougainvillier","title":{"rendered":"\u0627\u0644\u0628\u0648\u063a\u0646\u0641\u064a\u0644\u0629"},"content":{"rendered":"","protected":false},"excerpt":{"rendered":"<p><strong>\u0627\u0644\u0623\u0635\u0644 \u0648\u0627\u0644\u062e\u0635\u0627\u0626\u0635 \u0627\u0644\u0646\u0628\u0627\u062a\u064a\u0629<\/strong><\/p>\n<p>Le Bougainvillier, issu des for\u00eats tropicales du Br\u00e9sil et d&rsquo;Am\u00e9rique du Sud, est une vivace au feuillage persistant et aux fleurs roses \u00e9blouissantes.<\/p>\n<p><strong>\u0627\u0644\u0645\u0632\u0647\u0631\u0629 \u0627\u0644\u0645\u0643\u062b\u0641\u0629 \u0648\u0627\u0644\u0646\u0628\u0627\u062a\u0627\u062a \u0627\u0644\u0645\u0639\u0645\u0631\u0629<\/strong><\/p>\n<p>\u062a\u0646\u062a\u0634\u0631 \u0627\u0644\u0628\u0648\u063a\u0627\u0646\u0641\u064a\u0644\u064a\u0627 \u0628\u062a\u0641\u062a\u062d\u0647\u0627 \u0627\u0644\u0631\u0627\u0626\u0639 \u0648\u0646\u0628\u0627\u062a\u0627\u062a\u0647\u0627 \u0627\u0644\u0641\u0627\u062e\u0631\u0629 \u0627\u0644\u062a\u064a \u062a\u062c\u0639\u0644\u0647\u0627 \u0646\u062c\u0645\u0629 \n \u062d\u0642\u064a\u0642\u064a\u0629 \u0641\u064a \u0627\u0644\u062d\u062f\u0627\u0626\u0642. \u0645\u0639 \u0627\u0631\u062a\u0641\u0627\u0639 \u0628\u0627\u0644\u063a \u0627\u0644\u0646\u0645\u0648 \u0645\u0646 0.45 \u0625\u0644\u0649 8 \u0623\u0645\u062a\u0627\u0631\n\u0647\u0630\u0647 \u0627\u0644\u0634\u062c\u064a\u0631\u0629 \u0627\u0644\u0645\u0632\u0647\u0631\u0629 \u062a\u0647\u0628 \u0641\u0636\u0627\u0621\u0643 \u0627\u0644\u062e\u0627\u0631\u062c\u064a \u0639\u0631\u0636\u0627 \u0641\u0631\u062c\u0648\u064a\u0627\u0627\u0644\u0627\u0645\u062b\u064a\u0644 \u0644\u0647 \u0628\u0644\u0645\u0633\u0629 \u0646\u0627\u0628\u0636\u0629 \u0628\u0627\u0644\u062d\u064a\u0627\u0629 \u0648 \u0627\u0644\u063a\u0631\u0627\u0628\u0629.  \u0645\u0646 \u0645\u0627\u064a \u0625\u0644\u0649 \u0623\u0643\u062a\u0648\u0628\u0631 \u0632\u0647\u0631\u0627\u062a\u0647\u0627 \u0627\u0644\u0648\u0631\u062f\u064a\u0629 \u0627\u0644\u0632\u0627\u0647\u064a\u0629 \u062a\u0636\u064a\u0621 \u0627\u0644\u0645\u0634\u0647\u062f \u0648 \u062a\u062e\u0644\u0642 \u0645\u0647\u0631\u062c\u0627\u0646\u0627 \u0645\u0646 \u0627\u0644\u0623\u0644\u0648\u0627\u0646 \u0627\u0644\u0630\u064a \u064a\u0628\u0647\u062c \u0627\u0644\u062d\u062f\u0627\u0626\u0642 \u0628\u062a\u0648\u0647\u062c\u0647\u0627 \u0627\u0644\u0627\u0633\u062a\u0648\u0627\u0626\u064a <strong>0,45<\/strong> \u0625\u0644\u0649 <strong>8 m\u00e8tres<\/strong>\u0647\u0630\u0627 \u0627\u0644\u0634\u062c\u064a\u0631\u0629 \u0627\u0644\u0645\u0632\u0647\u0631\u0629 \u062a\u0642\u062f\u0645 \u0625\u0633\u062a\u0639\u0631\u0627\u0636 \u0644\u0627 \u0645\u062b\u064a\u0644 \u0644\u0647\u060c \u0645\u0636\u064a\u0621 \u0648\u0645\u0628\u0647\u062c \u0648\u064a\u0636\u0641\u064a \u0644\u0645\u0633\u0629 \u062d\u064a\u0629 \u0648\u063a\u0631\u064a\u0628\u0629 \u0639\u0644\u0649 \u0623\u064a \u0645\u0633\u0627\u062d\u0629 \u062e\u0627\u0631\u062c\u064a\u0629. \u0645\u0646 \u0645\u0627\u064a\u0648 \u0625\u0644\u0649 \u0623\u0643\u062a\u0648\u0628\u0631\u060c \u062a\u0632\u0647\u0631 \u0623\u0632\u0647\u0627\u0631\u0647\u0627 \u0627\u0644\u0648\u0631\u062f\u064a\u0629 \u0627\u0644\u0645\u0634\u0631\u0642\u0629 \u0627\u0644\u0645\u0646\u0627\u0638\u0631 \u0627\u0644\u0637\u0628\u064a\u0639\u064a\u0629\u060c \u0645\u0645\u0627 \u064a\u062e\u0644\u0642 \u0645\u0647\u0631\u062c\u0627\u0646 \u0645\u0646 \u0627\u0644\u0623\u0644\u0648\u0627\u0646 \u0627\u0644\u062a\u064a \u062a\u0636\u0641\u064a \u0633\u062d\u0631\u064b\u0627 \u0627\u0633\u062a\u0648\u0627\u0626\u064a\u064b\u0627 \u0639\u0644\u0649 \u0627\u0644\u062d\u062f\u0627\u0626\u0642.<\/p>","protected":false},"featured_media":2543,"template":"","meta":{"_acf_changed":false},"product_brand":[],"product_cat":[57],"product_tag":[24,35,25,26,27],"class_list":{"0":"post-1029","1":"product","2":"type-product","3":"status-publish","4":"has-post-thumbnail","6":"product_cat-plants-ornementals","7":"product_tag-equipment","8":"product_tag-etranger","9":"product_tag-garden","10":"product_tag-plants","11":"product_tag-tools","13":"first","14":"instock","15":"shipping-taxable","16":"purchasable","17":"product-type-simple"},"acf":[],"yoast_head":"<!-- This site is optimized with the Yoast SEO plugin v25.5 - https:\/\/yoast.com\/wordpress\/plugins\/seo\/ -->\n<title>Bougainvillier - P\u00c9PINIERE NOUR DU CENTRE<\/title>\n<meta name=\"robots\" content=\"index, follow, max-snippet:-1, max-image-preview:large, max-video-preview:-1\" \/>\n<link rel=\"canonical\" href=\"https:\/\/pepiniere-nour.com\/ar\/product\/bougainvillier\/\" \/>\n<meta property=\"og:locale\" content=\"ar_AR\" \/>\n<meta property=\"og:type\" content=\"article\" \/>\n<meta property=\"og:title\" content=\"Bougainvillier - P\u00c9PINIERE NOUR DU CENTRE\" \/>\n<meta property=\"og:description\" content=\"Origine et Caract\u00e9ristiques Botaniques  Le Bougainvillier, issu des for\u00eats tropicales du Br\u00e9sil et d&#039;Am\u00e9rique du Sud, est une vivace au feuillage persistant et aux fleurs roses \u00e9blouissantes.  Floraison Intense et V\u00e9g\u00e9tation Vivace  Le Bougainvillier d\u00e9ploie une floraison spectaculaire et une v\u00e9g\u00e9tation luxuriante qui en font une v\u00e9ritable star des jardins. Avec une hauteur adulte allant de 0,45 \u00e0 8 m\u00e8tres, cet arbuste \u00e0 fleurs offre un spectacle in\u00e9gal\u00e9, ajoutant une touche vibrante et exotique \u00e0 tout espace ext\u00e9rieur. De mai \u00e0 octobre, ses inflorescences roses \u00e9clatantes illuminent le paysage, cr\u00e9ant un festival de couleurs qui \u00e9gaye les jardins avec son \u00e9clat tropical.\" \/>\n<meta property=\"og:url\" content=\"https:\/\/pepiniere-nour.com\/ar\/product\/bougainvillier\/\" \/>\n<meta property=\"og:site_name\" content=\"P\u00c9PINIERE NOUR DU CENTRE\" \/>\n<meta property=\"article:modified_time\" content=\"2024-05-20T21:48:35+00:00\" \/>\n<meta property=\"og:image\" content=\"https:\/\/pepiniere-nour.com\/wp-content\/uploads\/2024\/03\/Plants-ornementals-Bougainvillier.jpg\" \/>\n\t<meta property=\"og:image:width\" content=\"570\" \/>\n\t<meta property=\"og:image:height\" content=\"380\" \/>\n\t<meta property=\"og:image:type\" content=\"image\/jpeg\" \/>\n<meta name=\"twitter:card\" content=\"summary_large_image\" \/>\n<meta name=\"twitter:label1\" content=\"\u0648\u0642\u062a \u0627\u0644\u0642\u0631\u0627\u0621\u0629 \u0627\u0644\u0645\u064f\u0642\u062f\u0651\u0631\" \/>\n\t<meta name=\"twitter:data1\" content=\"\u062f\u0642\u064a\u0642\u0629 \u0648\u0627\u062d\u062f\u0629\" \/>\n<script type=\"application\/ld+json\" class=\"yoast-schema-graph\">{\"@context\":\"https:\/\/schema.org\",\"@graph\":[{\"@type\":\"WebPage\",\"@id\":\"https:\/\/pepiniere-nour.com\/produit\/bougainvillier\",\"url\":\"https:\/\/pepiniere-nour.com\/produit\/bougainvillier\",\"name\":\"Bougainvillier - P\u00c9PINIERE NOUR DU CENTRE\",\"isPartOf\":{\"@id\":\"https:\/\/pepiniere-nour.com\/#website\"},\"primaryImageOfPage\":{\"@id\":\"https:\/\/pepiniere-nour.com\/produit\/bougainvillier#primaryimage\"},\"image\":{\"@id\":\"https:\/\/pepiniere-nour.com\/produit\/bougainvillier#primaryimage\"},\"thumbnailUrl\":\"https:\/\/pepiniere-nour.com\/wp-content\/uploads\/2024\/03\/Plants-ornementals-Bougainvillier.jpg\",\"datePublished\":\"2024-03-20T23:03:00+00:00\",\"dateModified\":\"2024-05-20T21:48:35+00:00\",\"breadcrumb\":{\"@id\":\"https:\/\/pepiniere-nour.com\/produit\/bougainvillier#breadcrumb\"},\"inLanguage\":\"ar\",\"potentialAction\":[{\"@type\":\"ReadAction\",\"target\":[\"https:\/\/pepiniere-nour.com\/produit\/bougainvillier\"]}]},{\"@type\":\"ImageObject\",\"inLanguage\":\"ar\",\"@id\":\"https:\/\/pepiniere-nour.com\/produit\/bougainvillier#primaryimage\",\"url\":\"https:\/\/pepiniere-nour.com\/wp-content\/uploads\/2024\/03\/Plants-ornementals-Bougainvillier.jpg\",\"contentUrl\":\"https:\/\/pepiniere-nour.com\/wp-content\/uploads\/2024\/03\/Plants-ornementals-Bougainvillier.jpg\",\"width\":570,\"height\":380,\"caption\":\"Plants ornementals Bougainvillier\"},{\"@type\":\"BreadcrumbList\",\"@id\":\"https:\/\/pepiniere-nour.com\/produit\/bougainvillier#breadcrumb\",\"itemListElement\":[{\"@type\":\"ListItem\",\"position\":1,\"name\":\"Accueil\",\"item\":\"https:\/\/pepiniere-nour.com\/\"},{\"@type\":\"ListItem\",\"position\":2,\"name\":\"Boutique\",\"item\":\"https:\/\/pepiniere-nour.com\/boutique\"},{\"@type\":\"ListItem\",\"position\":3,\"name\":\"Bougainvillier\"}]},{\"@type\":\"WebSite\",\"@id\":\"https:\/\/pepiniere-nour.com\/#website\",\"url\":\"https:\/\/pepiniere-nour.com\/\",\"name\":\"P\u00c9PINIERE NOUR DU CENTRE\",\"description\":\"P\u00c9PINIERE NOUR DU CENTRE\",\"publisher\":{\"@id\":\"https:\/\/pepiniere-nour.com\/#organization\"},\"potentialAction\":[{\"@type\":\"SearchAction\",\"target\":{\"@type\":\"EntryPoint\",\"urlTemplate\":\"https:\/\/pepiniere-nour.com\/?s={search_term_string}\"},\"query-input\":{\"@type\":\"PropertyValueSpecification\",\"valueRequired\":true,\"valueName\":\"search_term_string\"}}],\"inLanguage\":\"ar\"},{\"@type\":\"Organization\",\"@id\":\"https:\/\/pepiniere-nour.com\/#organization\",\"name\":\"P\u00c9PINIERE NOUR DU CENTRE\",\"url\":\"https:\/\/pepiniere-nour.com\/\",\"logo\":{\"@type\":\"ImageObject\",\"inLanguage\":\"ar\",\"@id\":\"https:\/\/pepiniere-nour.com\/#\/schema\/logo\/image\/\",\"url\":\"https:\/\/pepiniere-nour.com\/wp-content\/uploads\/2024\/03\/Remove-bg.ai_1709804773648.png\",\"contentUrl\":\"https:\/\/pepiniere-nour.com\/wp-content\/uploads\/2024\/03\/Remove-bg.ai_1709804773648.png\",\"width\":1199,\"height\":1199,\"caption\":\"P\u00c9PINIERE NOUR DU CENTRE\"},\"image\":{\"@id\":\"https:\/\/pepiniere-nour.com\/#\/schema\/logo\/image\/\"}}]}<\/script>\n<!-- \/ Yoast SEO plugin. -->","yoast_head_json":{"title":"Bougainvillier - P\u00c9PINIERE NOUR DU CENTRE","robots":{"index":"index","follow":"follow","max-snippet":"max-snippet:-1","max-image-preview":"max-image-preview:large","max-video-preview":"max-video-preview:-1"},"canonical":"https:\/\/pepiniere-nour.com\/ar\/product\/bougainvillier\/","og_locale":"ar_AR","og_type":"article","og_title":"Bougainvillier - P\u00c9PINIERE NOUR DU CENTRE","og_description":"Origine et Caract\u00e9ristiques Botaniques  Le Bougainvillier, issu des for\u00eats tropicales du Br\u00e9sil et d'Am\u00e9rique du Sud, est une vivace au feuillage persistant et aux fleurs roses \u00e9blouissantes.  Floraison Intense et V\u00e9g\u00e9tation Vivace  Le Bougainvillier d\u00e9ploie une floraison spectaculaire et une v\u00e9g\u00e9tation luxuriante qui en font une v\u00e9ritable star des jardins. Avec une hauteur adulte allant de 0,45 \u00e0 8 m\u00e8tres, cet arbuste \u00e0 fleurs offre un spectacle in\u00e9gal\u00e9, ajoutant une touche vibrante et exotique \u00e0 tout espace ext\u00e9rieur. De mai \u00e0 octobre, ses inflorescences roses \u00e9clatantes illuminent le paysage, cr\u00e9ant un festival de couleurs qui \u00e9gaye les jardins avec son \u00e9clat tropical.","og_url":"https:\/\/pepiniere-nour.com\/ar\/product\/bougainvillier\/","og_site_name":"P\u00c9PINIERE NOUR DU CENTRE","article_modified_time":"2024-05-20T21:48:35+00:00","og_image":[{"width":570,"height":380,"url":"https:\/\/pepiniere-nour.com\/wp-content\/uploads\/2024\/03\/Plants-ornementals-Bougainvillier.jpg","type":"image\/jpeg"}],"twitter_card":"summary_large_image","twitter_misc":{"\u0648\u0642\u062a \u0627\u0644\u0642\u0631\u0627\u0621\u0629 \u0627\u0644\u0645\u064f\u0642\u062f\u0651\u0631":"\u062f\u0642\u064a\u0642\u0629 \u0648\u0627\u062d\u062f\u0629"},"schema":{"@context":"https:\/\/schema.org","@graph":[{"@type":"WebPage","@id":"https:\/\/pepiniere-nour.com\/produit\/bougainvillier","url":"https:\/\/pepiniere-nour.com\/produit\/bougainvillier","name":"Bougainvillier - P\u00c9PINIERE NOUR DU CENTRE","isPartOf":{"@id":"https:\/\/pepiniere-nour.com\/#website"},"primaryImageOfPage":{"@id":"https:\/\/pepiniere-nour.com\/produit\/bougainvillier#primaryimage"},"image":{"@id":"https:\/\/pepiniere-nour.com\/produit\/bougainvillier#primaryimage"},"thumbnailUrl":"https:\/\/pepiniere-nour.com\/wp-content\/uploads\/2024\/03\/Plants-ornementals-Bougainvillier.jpg","datePublished":"2024-03-20T23:03:00+00:00","dateModified":"2024-05-20T21:48:35+00:00","breadcrumb":{"@id":"https:\/\/pepiniere-nour.com\/produit\/bougainvillier#breadcrumb"},"inLanguage":"ar","potentialAction":[{"@type":"ReadAction","target":["https:\/\/pepiniere-nour.com\/produit\/bougainvillier"]}]},{"@type":"ImageObject","inLanguage":"ar","@id":"https:\/\/pepiniere-nour.com\/produit\/bougainvillier#primaryimage","url":"https:\/\/pepiniere-nour.com\/wp-content\/uploads\/2024\/03\/Plants-ornementals-Bougainvillier.jpg","contentUrl":"https:\/\/pepiniere-nour.com\/wp-content\/uploads\/2024\/03\/Plants-ornementals-Bougainvillier.jpg","width":570,"height":380,"caption":"Plants ornementals Bougainvillier"},{"@type":"BreadcrumbList","@id":"https:\/\/pepiniere-nour.com\/produit\/bougainvillier#breadcrumb","itemListElement":[{"@type":"ListItem","position":1,"name":"Accueil","item":"https:\/\/pepiniere-nour.com\/"},{"@type":"ListItem","position":2,"name":"Boutique","item":"https:\/\/pepiniere-nour.com\/boutique"},{"@type":"ListItem","position":3,"name":"Bougainvillier"}]},{"@type":"WebSite","@id":"https:\/\/pepiniere-nour.com\/#website","url":"https:\/\/pepiniere-nour.com\/","name":"P\u00c9PINIERE NOUR DU CENTRE","description":"P\u00c9PINIERE NOUR DU CENTRE","publisher":{"@id":"https:\/\/pepiniere-nour.com\/#organization"},"potentialAction":[{"@type":"SearchAction","target":{"@type":"EntryPoint","urlTemplate":"https:\/\/pepiniere-nour.com\/?s={search_term_string}"},"query-input":{"@type":"PropertyValueSpecification","valueRequired":true,"valueName":"search_term_string"}}],"inLanguage":"ar"},{"@type":"Organization","@id":"https:\/\/pepiniere-nour.com\/#organization","name":"P\u00c9PINIERE NOUR DU CENTRE","url":"https:\/\/pepiniere-nour.com\/","logo":{"@type":"ImageObject","inLanguage":"ar","@id":"https:\/\/pepiniere-nour.com\/#\/schema\/logo\/image\/","url":"https:\/\/pepiniere-nour.com\/wp-content\/uploads\/2024\/03\/Remove-bg.ai_1709804773648.png","contentUrl":"https:\/\/pepiniere-nour.com\/wp-content\/uploads\/2024\/03\/Remove-bg.ai_1709804773648.png","width":1199,"height":1199,"caption":"P\u00c9PINIERE NOUR DU CENTRE"},"image":{"@id":"https:\/\/pepiniere-nour.com\/#\/schema\/logo\/image\/"}}]}},"_links":{"self":[{"href":"https:\/\/pepiniere-nour.com\/ar\/wp-json\/wp\/v2\/product\/1029","targetHints":{"allow":["GET"]}}],"collection":[{"href":"https:\/\/pepiniere-nour.com\/ar\/wp-json\/wp\/v2\/product"}],"about":[{"href":"https:\/\/pepiniere-nour.com\/ar\/wp-json\/wp\/v2\/types\/product"}],"wp:featuredmedia":[{"embeddable":true,"href":"https:\/\/pepiniere-nour.com\/ar\/wp-json\/wp\/v2\/media\/2543"}],"wp:attachment":[{"href":"https:\/\/pepiniere-nour.com\/ar\/wp-json\/wp\/v2\/media?parent=1029"}],"wp:term":[{"taxonomy":"product_brand","embeddable":true,"href":"https:\/\/pepiniere-nour.com\/ar\/wp-json\/wp\/v2\/product_brand?post=1029"},{"taxonomy":"product_cat","embeddable":true,"href":"https:\/\/pepiniere-nour.com\/ar\/wp-json\/wp\/v2\/product_cat?post=1029"},{"taxonomy":"product_tag","embeddable":true,"href":"https:\/\/pepiniere-nour.com\/ar\/wp-json\/wp\/v2\/product_tag?post=1029"}],"curies":[{"name":"wp","href":"https:\/\/api.w.org\/{rel}","templated":true}]}}