{"id":1027,"date":"2024-03-20T23:02:52","date_gmt":"2024-03-20T23:02:52","guid":{"rendered":"https:\/\/pepiniere-nour.com\/?post_type=product&#038;p=1027"},"modified":"2024-05-20T21:48:45","modified_gmt":"2024-05-20T21:48:45","slug":"jasmin-blanc","status":"publish","type":"product","link":"https:\/\/pepiniere-nour.com\/ar\/product\/jasmin-blanc","title":{"rendered":"\u0627\u0644\u064a\u0627\u0633\u0645\u064a\u0646 \u0627\u0644\u0623\u0628\u064a\u0636"},"content":{"rendered":"","protected":false},"excerpt":{"rendered":"<p><strong>\u0627\u0644\u062a\u0639\u0631\u0636 \u0627\u0644\u0645\u062b\u0627\u0644\u064a<\/strong><\/p>\n<p>\u0644\u062a\u062d\u0642\u064a\u0642 \u0623\u0642\u0635\u0649 \u0642\u062f\u0631 \u0645\u0646 \u0635\u062d\u0629 \u0627\u0644\u064a\u0627\u0633\u0645\u064a\u0646 \u0627\u0644\u0623\u0628\u064a\u0636 \u060c \u0627\u062e\u062a\u0631 \u0627\u0644\u0638\u0644 \u0627\u0644\u062c\u0632\u0626\u064a \u060c \u0648\u0628\u0627\u0644\u062a\u0627\u0644\u064a \u062d\u0645\u0627\u064a\u0629 \u0627\u0644\u0646\u0628\u0627\u062a \u0645\u0646 \u0623\u0634\u0639\u0629 \u0627\u0644\u0634\u0645\u0633 \u0627\u0644\u0645\u0628\u0627\u0634\u0631\u0629 \u0648\u0627\u0644\u0631\u064a\u0627\u062d \u0627\u0644\u0642\u0648\u064a\u0629.<\/p>\n<p><strong>\u0627\u0644\u062a\u0642\u0646\u064a\u0627\u062a \u0627\u0644\u0631\u0626\u064a\u0633\u064a\u0629<\/strong><\/p>\n<p>De juin \u00e0 septembre, sa floraison \u00e9blouissante n\u00e9cessite un arrosage r\u00e9gulier et un engrais adapt\u00e9 pour maintenir une abondance florale durable. Privil\u00e9giez un substrat humide sans exc\u00e8s d&rsquo;eau, crucial pour la tol\u00e9rance de la plante. En automne et en hiver, r\u00e9duisez les arrosages et cessez l&rsquo;apport en engrais. La taille, r\u00e9alis\u00e9e apr\u00e8s la floraison ou au d\u00e9but du printemps, favorise la densit\u00e9 de la plante. En r\u00e9gion aux hivers rigoureux, un voile d&rsquo;hivernage et un paillis prot\u00e8gent des gel\u00e9es jusqu&rsquo;\u00e0 <strong>-12 \u062f\u0631\u062c\u0629 \u0645\u0626\u0648\u064a\u0629.<\/strong>.<\/p>","protected":false},"featured_media":2544,"template":"","meta":{"_acf_changed":false},"product_brand":[],"product_cat":[57],"product_tag":[24,35,25,26,27],"class_list":{"0":"post-1027","1":"product","2":"type-product","3":"status-publish","4":"has-post-thumbnail","6":"product_cat-plants-ornementals","7":"product_tag-equipment","8":"product_tag-etranger","9":"product_tag-garden","10":"product_tag-plants","11":"product_tag-tools","13":"first","14":"instock","15":"shipping-taxable","16":"purchasable","17":"product-type-simple"},"acf":[],"yoast_head":"<!-- This site is optimized with the Yoast SEO plugin v25.5 - https:\/\/yoast.com\/wordpress\/plugins\/seo\/ -->\n<title>Jasmin Blanc - P\u00c9PINIERE NOUR DU CENTRE<\/title>\n<meta name=\"robots\" content=\"index, follow, max-snippet:-1, max-image-preview:large, max-video-preview:-1\" \/>\n<link rel=\"canonical\" href=\"https:\/\/pepiniere-nour.com\/ar\/product\/jasmin-blanc\/\" \/>\n<meta property=\"og:locale\" content=\"ar_AR\" \/>\n<meta property=\"og:type\" content=\"article\" \/>\n<meta property=\"og:title\" content=\"Jasmin Blanc - P\u00c9PINIERE NOUR DU CENTRE\" \/>\n<meta property=\"og:description\" content=\"Exposition Id\u00e9ale  Pour maximiser la sant\u00e9 du Jasmin Blanc, optez pour la mi-ombre, pr\u00e9servant ainsi la plante des rayons solaires directs et des vents violents.  Techniques Cl\u00e9s  De juin \u00e0 septembre, sa floraison \u00e9blouissante n\u00e9cessite un arrosage r\u00e9gulier et un engrais adapt\u00e9 pour maintenir une abondance florale durable. Privil\u00e9giez un substrat humide sans exc\u00e8s d&#039;eau, crucial pour la tol\u00e9rance de la plante. En automne et en hiver, r\u00e9duisez les arrosages et cessez l&#039;apport en engrais. La taille, r\u00e9alis\u00e9e apr\u00e8s la floraison ou au d\u00e9but du printemps, favorise la densit\u00e9 de la plante. En r\u00e9gion aux hivers rigoureux, un voile d&#039;hivernage et un paillis prot\u00e8gent des gel\u00e9es jusqu&#039;\u00e0 -12\u00b0C.\" \/>\n<meta property=\"og:url\" content=\"https:\/\/pepiniere-nour.com\/ar\/product\/jasmin-blanc\/\" \/>\n<meta property=\"og:site_name\" content=\"P\u00c9PINIERE NOUR DU CENTRE\" \/>\n<meta property=\"article:modified_time\" content=\"2024-05-20T21:48:45+00:00\" \/>\n<meta property=\"og:image\" content=\"https:\/\/pepiniere-nour.com\/wp-content\/uploads\/2024\/03\/Plants-ornementals-Jasmin-Blanc.jpg\" \/>\n\t<meta property=\"og:image:width\" content=\"570\" \/>\n\t<meta property=\"og:image:height\" content=\"480\" \/>\n\t<meta property=\"og:image:type\" content=\"image\/jpeg\" \/>\n<meta name=\"twitter:card\" content=\"summary_large_image\" \/>\n<meta name=\"twitter:label1\" content=\"\u0648\u0642\u062a \u0627\u0644\u0642\u0631\u0627\u0621\u0629 \u0627\u0644\u0645\u064f\u0642\u062f\u0651\u0631\" \/>\n\t<meta name=\"twitter:data1\" content=\"\u062f\u0642\u064a\u0642\u0629 \u0648\u0627\u062d\u062f\u0629\" \/>\n<script type=\"application\/ld+json\" class=\"yoast-schema-graph\">{\"@context\":\"https:\/\/schema.org\",\"@graph\":[{\"@type\":\"WebPage\",\"@id\":\"https:\/\/pepiniere-nour.com\/produit\/jasmin-blanc\",\"url\":\"https:\/\/pepiniere-nour.com\/produit\/jasmin-blanc\",\"name\":\"Jasmin Blanc - P\u00c9PINIERE NOUR DU CENTRE\",\"isPartOf\":{\"@id\":\"https:\/\/pepiniere-nour.com\/#website\"},\"primaryImageOfPage\":{\"@id\":\"https:\/\/pepiniere-nour.com\/produit\/jasmin-blanc#primaryimage\"},\"image\":{\"@id\":\"https:\/\/pepiniere-nour.com\/produit\/jasmin-blanc#primaryimage\"},\"thumbnailUrl\":\"https:\/\/pepiniere-nour.com\/wp-content\/uploads\/2024\/03\/Plants-ornementals-Jasmin-Blanc.jpg\",\"datePublished\":\"2024-03-20T23:02:52+00:00\",\"dateModified\":\"2024-05-20T21:48:45+00:00\",\"breadcrumb\":{\"@id\":\"https:\/\/pepiniere-nour.com\/produit\/jasmin-blanc#breadcrumb\"},\"inLanguage\":\"ar\",\"potentialAction\":[{\"@type\":\"ReadAction\",\"target\":[\"https:\/\/pepiniere-nour.com\/produit\/jasmin-blanc\"]}]},{\"@type\":\"ImageObject\",\"inLanguage\":\"ar\",\"@id\":\"https:\/\/pepiniere-nour.com\/produit\/jasmin-blanc#primaryimage\",\"url\":\"https:\/\/pepiniere-nour.com\/wp-content\/uploads\/2024\/03\/Plants-ornementals-Jasmin-Blanc.jpg\",\"contentUrl\":\"https:\/\/pepiniere-nour.com\/wp-content\/uploads\/2024\/03\/Plants-ornementals-Jasmin-Blanc.jpg\",\"width\":570,\"height\":480,\"caption\":\"Plants ornementals Jasmin Blanc\"},{\"@type\":\"BreadcrumbList\",\"@id\":\"https:\/\/pepiniere-nour.com\/produit\/jasmin-blanc#breadcrumb\",\"itemListElement\":[{\"@type\":\"ListItem\",\"position\":1,\"name\":\"Accueil\",\"item\":\"https:\/\/pepiniere-nour.com\/\"},{\"@type\":\"ListItem\",\"position\":2,\"name\":\"Boutique\",\"item\":\"https:\/\/pepiniere-nour.com\/boutique\"},{\"@type\":\"ListItem\",\"position\":3,\"name\":\"Jasmin Blanc\"}]},{\"@type\":\"WebSite\",\"@id\":\"https:\/\/pepiniere-nour.com\/#website\",\"url\":\"https:\/\/pepiniere-nour.com\/\",\"name\":\"P\u00c9PINIERE NOUR DU CENTRE\",\"description\":\"P\u00c9PINIERE NOUR DU CENTRE\",\"publisher\":{\"@id\":\"https:\/\/pepiniere-nour.com\/#organization\"},\"potentialAction\":[{\"@type\":\"SearchAction\",\"target\":{\"@type\":\"EntryPoint\",\"urlTemplate\":\"https:\/\/pepiniere-nour.com\/?s={search_term_string}\"},\"query-input\":{\"@type\":\"PropertyValueSpecification\",\"valueRequired\":true,\"valueName\":\"search_term_string\"}}],\"inLanguage\":\"ar\"},{\"@type\":\"Organization\",\"@id\":\"https:\/\/pepiniere-nour.com\/#organization\",\"name\":\"P\u00c9PINIERE NOUR DU CENTRE\",\"url\":\"https:\/\/pepiniere-nour.com\/\",\"logo\":{\"@type\":\"ImageObject\",\"inLanguage\":\"ar\",\"@id\":\"https:\/\/pepiniere-nour.com\/#\/schema\/logo\/image\/\",\"url\":\"https:\/\/pepiniere-nour.com\/wp-content\/uploads\/2024\/03\/Remove-bg.ai_1709804773648.png\",\"contentUrl\":\"https:\/\/pepiniere-nour.com\/wp-content\/uploads\/2024\/03\/Remove-bg.ai_1709804773648.png\",\"width\":1199,\"height\":1199,\"caption\":\"P\u00c9PINIERE NOUR DU CENTRE\"},\"image\":{\"@id\":\"https:\/\/pepiniere-nour.com\/#\/schema\/logo\/image\/\"}}]}<\/script>\n<!-- \/ Yoast SEO plugin. -->","yoast_head_json":{"title":"Jasmin Blanc - P\u00c9PINIERE NOUR DU CENTRE","robots":{"index":"index","follow":"follow","max-snippet":"max-snippet:-1","max-image-preview":"max-image-preview:large","max-video-preview":"max-video-preview:-1"},"canonical":"https:\/\/pepiniere-nour.com\/ar\/product\/jasmin-blanc\/","og_locale":"ar_AR","og_type":"article","og_title":"Jasmin Blanc - P\u00c9PINIERE NOUR DU CENTRE","og_description":"Exposition Id\u00e9ale  Pour maximiser la sant\u00e9 du Jasmin Blanc, optez pour la mi-ombre, pr\u00e9servant ainsi la plante des rayons solaires directs et des vents violents.  Techniques Cl\u00e9s  De juin \u00e0 septembre, sa floraison \u00e9blouissante n\u00e9cessite un arrosage r\u00e9gulier et un engrais adapt\u00e9 pour maintenir une abondance florale durable. Privil\u00e9giez un substrat humide sans exc\u00e8s d'eau, crucial pour la tol\u00e9rance de la plante. En automne et en hiver, r\u00e9duisez les arrosages et cessez l'apport en engrais. La taille, r\u00e9alis\u00e9e apr\u00e8s la floraison ou au d\u00e9but du printemps, favorise la densit\u00e9 de la plante. En r\u00e9gion aux hivers rigoureux, un voile d'hivernage et un paillis prot\u00e8gent des gel\u00e9es jusqu'\u00e0 -12\u00b0C.","og_url":"https:\/\/pepiniere-nour.com\/ar\/product\/jasmin-blanc\/","og_site_name":"P\u00c9PINIERE NOUR DU CENTRE","article_modified_time":"2024-05-20T21:48:45+00:00","og_image":[{"width":570,"height":480,"url":"https:\/\/pepiniere-nour.com\/wp-content\/uploads\/2024\/03\/Plants-ornementals-Jasmin-Blanc.jpg","type":"image\/jpeg"}],"twitter_card":"summary_large_image","twitter_misc":{"\u0648\u0642\u062a \u0627\u0644\u0642\u0631\u0627\u0621\u0629 \u0627\u0644\u0645\u064f\u0642\u062f\u0651\u0631":"\u062f\u0642\u064a\u0642\u0629 \u0648\u0627\u062d\u062f\u0629"},"schema":{"@context":"https:\/\/schema.org","@graph":[{"@type":"WebPage","@id":"https:\/\/pepiniere-nour.com\/produit\/jasmin-blanc","url":"https:\/\/pepiniere-nour.com\/produit\/jasmin-blanc","name":"Jasmin Blanc - P\u00c9PINIERE NOUR DU CENTRE","isPartOf":{"@id":"https:\/\/pepiniere-nour.com\/#website"},"primaryImageOfPage":{"@id":"https:\/\/pepiniere-nour.com\/produit\/jasmin-blanc#primaryimage"},"image":{"@id":"https:\/\/pepiniere-nour.com\/produit\/jasmin-blanc#primaryimage"},"thumbnailUrl":"https:\/\/pepiniere-nour.com\/wp-content\/uploads\/2024\/03\/Plants-ornementals-Jasmin-Blanc.jpg","datePublished":"2024-03-20T23:02:52+00:00","dateModified":"2024-05-20T21:48:45+00:00","breadcrumb":{"@id":"https:\/\/pepiniere-nour.com\/produit\/jasmin-blanc#breadcrumb"},"inLanguage":"ar","potentialAction":[{"@type":"ReadAction","target":["https:\/\/pepiniere-nour.com\/produit\/jasmin-blanc"]}]},{"@type":"ImageObject","inLanguage":"ar","@id":"https:\/\/pepiniere-nour.com\/produit\/jasmin-blanc#primaryimage","url":"https:\/\/pepiniere-nour.com\/wp-content\/uploads\/2024\/03\/Plants-ornementals-Jasmin-Blanc.jpg","contentUrl":"https:\/\/pepiniere-nour.com\/wp-content\/uploads\/2024\/03\/Plants-ornementals-Jasmin-Blanc.jpg","width":570,"height":480,"caption":"Plants ornementals Jasmin Blanc"},{"@type":"BreadcrumbList","@id":"https:\/\/pepiniere-nour.com\/produit\/jasmin-blanc#breadcrumb","itemListElement":[{"@type":"ListItem","position":1,"name":"Accueil","item":"https:\/\/pepiniere-nour.com\/"},{"@type":"ListItem","position":2,"name":"Boutique","item":"https:\/\/pepiniere-nour.com\/boutique"},{"@type":"ListItem","position":3,"name":"Jasmin Blanc"}]},{"@type":"WebSite","@id":"https:\/\/pepiniere-nour.com\/#website","url":"https:\/\/pepiniere-nour.com\/","name":"P\u00c9PINIERE NOUR DU CENTRE","description":"P\u00c9PINIERE NOUR DU CENTRE","publisher":{"@id":"https:\/\/pepiniere-nour.com\/#organization"},"potentialAction":[{"@type":"SearchAction","target":{"@type":"EntryPoint","urlTemplate":"https:\/\/pepiniere-nour.com\/?s={search_term_string}"},"query-input":{"@type":"PropertyValueSpecification","valueRequired":true,"valueName":"search_term_string"}}],"inLanguage":"ar"},{"@type":"Organization","@id":"https:\/\/pepiniere-nour.com\/#organization","name":"P\u00c9PINIERE NOUR DU CENTRE","url":"https:\/\/pepiniere-nour.com\/","logo":{"@type":"ImageObject","inLanguage":"ar","@id":"https:\/\/pepiniere-nour.com\/#\/schema\/logo\/image\/","url":"https:\/\/pepiniere-nour.com\/wp-content\/uploads\/2024\/03\/Remove-bg.ai_1709804773648.png","contentUrl":"https:\/\/pepiniere-nour.com\/wp-content\/uploads\/2024\/03\/Remove-bg.ai_1709804773648.png","width":1199,"height":1199,"caption":"P\u00c9PINIERE NOUR DU CENTRE"},"image":{"@id":"https:\/\/pepiniere-nour.com\/#\/schema\/logo\/image\/"}}]}},"_links":{"self":[{"href":"https:\/\/pepiniere-nour.com\/ar\/wp-json\/wp\/v2\/product\/1027","targetHints":{"allow":["GET"]}}],"collection":[{"href":"https:\/\/pepiniere-nour.com\/ar\/wp-json\/wp\/v2\/product"}],"about":[{"href":"https:\/\/pepiniere-nour.com\/ar\/wp-json\/wp\/v2\/types\/product"}],"wp:featuredmedia":[{"embeddable":true,"href":"https:\/\/pepiniere-nour.com\/ar\/wp-json\/wp\/v2\/media\/2544"}],"wp:attachment":[{"href":"https:\/\/pepiniere-nour.com\/ar\/wp-json\/wp\/v2\/media?parent=1027"}],"wp:term":[{"taxonomy":"product_brand","embeddable":true,"href":"https:\/\/pepiniere-nour.com\/ar\/wp-json\/wp\/v2\/product_brand?post=1027"},{"taxonomy":"product_cat","embeddable":true,"href":"https:\/\/pepiniere-nour.com\/ar\/wp-json\/wp\/v2\/product_cat?post=1027"},{"taxonomy":"product_tag","embeddable":true,"href":"https:\/\/pepiniere-nour.com\/ar\/wp-json\/wp\/v2\/product_tag?post=1027"}],"curies":[{"name":"wp","href":"https:\/\/api.w.org\/{rel}","templated":true}]}}