{"id":1023,"date":"2024-03-20T23:02:22","date_gmt":"2024-03-20T23:02:22","guid":{"rendered":"https:\/\/pepiniere-nour.com\/?post_type=product&#038;p=1023"},"modified":"2024-05-20T21:57:33","modified_gmt":"2024-05-20T21:57:33","slug":"hibiscus","status":"publish","type":"product","link":"https:\/\/pepiniere-nour.com\/ar\/product\/hibiscus","title":{"rendered":"\u0627\u0644\u062e\u0637\u0645\u064a \u0630\u0648 \u0627\u0644\u0632\u0647\u0631\u0629 \u0627\u0644\u0628\u064a\u0636\u0627\u0621"},"content":{"rendered":"","protected":false},"excerpt":{"rendered":"<p>L&rsquo;Hibiscus, fleur majestueuse de la famille des Malvac\u00e9es, incarne une \u00e9l\u00e9gance polyvalente dans les jardins.<\/p>\n<p><strong>\u0627\u0644\u0645\u064a\u0632\u0627\u062a \u0627\u0644\u0631\u0626\u064a\u0633\u064a\u0629<\/strong><\/p>\n<p>\u0645\u0639 \u0648\u0635\u0648\u0644 \u0645\u0643\u0627\u0646\u062a\u0647\u0627 \u0627\u0644\u0645\u0647\u064a\u0628\u0629 <strong>1.50 \u0645<\/strong> \u0625\u0644\u0649 <strong>2 \u0645\u062a\u0631<\/strong> de hauteur, cette plante offre un spectacle flamboyant gr\u00e2ce \u00e0 ses fleurs aux couleurs vibrantes en m\u00e9lange, illuminant les paysages du printemps \u00e0 l&rsquo;automne. Ses feuilles d&rsquo;un vert fonc\u00e9 ajoutent une dimension de contraste saisissant.<\/p>\n<p><strong>\u062a\u0639\u062f\u062f \u0627\u0644\u0627\u0633\u062a\u062e\u062f\u0627\u0645\u0627\u062a \u0648\u0627\u0644\u062c\u0645\u0627\u0644\u064a\u0627\u062a<\/strong><\/p>\n<p>Cette vivace annuelle se distingue par sa floraison abondante, agr\u00e9mentant les jardins de son \u00e9clat du printemps jusqu&rsquo;\u00e0 l&rsquo;automne. Son utilisation est vari\u00e9e, que ce soit en massif pour un effet spectaculaire, en isol\u00e9 pour une touche d&rsquo;\u00e9l\u00e9gance, ou m\u00eame en haie pour structurer l&rsquo;espace jardin.<\/p>","protected":false},"featured_media":2548,"template":"","meta":{"_acf_changed":false},"product_brand":[],"product_cat":[57],"product_tag":[24,35,25,26,27],"class_list":{"0":"post-1023","1":"product","2":"type-product","3":"status-publish","4":"has-post-thumbnail","6":"product_cat-plants-ornementals","7":"product_tag-equipment","8":"product_tag-etranger","9":"product_tag-garden","10":"product_tag-plants","11":"product_tag-tools","13":"first","14":"instock","15":"shipping-taxable","16":"purchasable","17":"product-type-simple"},"acf":[],"yoast_head":"<!-- This site is optimized with the Yoast SEO plugin v25.5 - https:\/\/yoast.com\/wordpress\/plugins\/seo\/ -->\n<title>Hibiscus - P\u00c9PINIERE NOUR DU CENTRE<\/title>\n<meta name=\"robots\" content=\"index, follow, max-snippet:-1, max-image-preview:large, max-video-preview:-1\" \/>\n<link rel=\"canonical\" href=\"https:\/\/pepiniere-nour.com\/ar\/product\/hibiscus\/\" \/>\n<meta property=\"og:locale\" content=\"ar_AR\" \/>\n<meta property=\"og:type\" content=\"article\" \/>\n<meta property=\"og:title\" content=\"Hibiscus - P\u00c9PINIERE NOUR DU CENTRE\" \/>\n<meta property=\"og:description\" content=\"L&#039;Hibiscus, fleur majestueuse de la famille des Malvac\u00e9es, incarne une \u00e9l\u00e9gance polyvalente dans les jardins.  Caract\u00e9ristiques essentielles  Avec sa stature imposante atteignant de 1,50 m \u00e0 2 m\u00e8tres de hauteur, cette plante offre un spectacle flamboyant gr\u00e2ce \u00e0 ses fleurs aux couleurs vibrantes en m\u00e9lange, illuminant les paysages du printemps \u00e0 l&#039;automne. Ses feuilles d&#039;un vert fonc\u00e9 ajoutent une dimension de contraste saisissant.  Polyvalence et Esth\u00e9tique  Cette vivace annuelle se distingue par sa floraison abondante, agr\u00e9mentant les jardins de son \u00e9clat du printemps jusqu&#039;\u00e0 l&#039;automne. Son utilisation est vari\u00e9e, que ce soit en massif pour un effet spectaculaire, en isol\u00e9 pour une touche d&#039;\u00e9l\u00e9gance, ou m\u00eame en haie pour structurer l&#039;espace jardin.\" \/>\n<meta property=\"og:url\" content=\"https:\/\/pepiniere-nour.com\/ar\/product\/hibiscus\/\" \/>\n<meta property=\"og:site_name\" content=\"P\u00c9PINIERE NOUR DU CENTRE\" \/>\n<meta property=\"article:modified_time\" content=\"2024-05-20T21:57:33+00:00\" \/>\n<meta property=\"og:image\" content=\"https:\/\/pepiniere-nour.com\/wp-content\/uploads\/2024\/03\/hibiscus-flower-1.jpeg\" \/>\n\t<meta property=\"og:image:width\" content=\"570\" \/>\n\t<meta property=\"og:image:height\" content=\"380\" \/>\n\t<meta property=\"og:image:type\" content=\"image\/jpeg\" \/>\n<meta name=\"twitter:card\" content=\"summary_large_image\" \/>\n<meta name=\"twitter:label1\" content=\"\u0648\u0642\u062a \u0627\u0644\u0642\u0631\u0627\u0621\u0629 \u0627\u0644\u0645\u064f\u0642\u062f\u0651\u0631\" \/>\n\t<meta name=\"twitter:data1\" content=\"\u062f\u0642\u064a\u0642\u0629 \u0648\u0627\u062d\u062f\u0629\" \/>\n<script type=\"application\/ld+json\" class=\"yoast-schema-graph\">{\"@context\":\"https:\/\/schema.org\",\"@graph\":[{\"@type\":\"WebPage\",\"@id\":\"https:\/\/pepiniere-nour.com\/produit\/hibiscus\",\"url\":\"https:\/\/pepiniere-nour.com\/produit\/hibiscus\",\"name\":\"Hibiscus - P\u00c9PINIERE NOUR DU CENTRE\",\"isPartOf\":{\"@id\":\"https:\/\/pepiniere-nour.com\/#website\"},\"primaryImageOfPage\":{\"@id\":\"https:\/\/pepiniere-nour.com\/produit\/hibiscus#primaryimage\"},\"image\":{\"@id\":\"https:\/\/pepiniere-nour.com\/produit\/hibiscus#primaryimage\"},\"thumbnailUrl\":\"https:\/\/pepiniere-nour.com\/wp-content\/uploads\/2024\/03\/hibiscus-flower-1.jpeg\",\"datePublished\":\"2024-03-20T23:02:22+00:00\",\"dateModified\":\"2024-05-20T21:57:33+00:00\",\"breadcrumb\":{\"@id\":\"https:\/\/pepiniere-nour.com\/produit\/hibiscus#breadcrumb\"},\"inLanguage\":\"ar\",\"potentialAction\":[{\"@type\":\"ReadAction\",\"target\":[\"https:\/\/pepiniere-nour.com\/produit\/hibiscus\"]}]},{\"@type\":\"ImageObject\",\"inLanguage\":\"ar\",\"@id\":\"https:\/\/pepiniere-nour.com\/produit\/hibiscus#primaryimage\",\"url\":\"https:\/\/pepiniere-nour.com\/wp-content\/uploads\/2024\/03\/hibiscus-flower-1.jpeg\",\"contentUrl\":\"https:\/\/pepiniere-nour.com\/wp-content\/uploads\/2024\/03\/hibiscus-flower-1.jpeg\",\"width\":570,\"height\":380,\"caption\":\"Plants Hibiscus\"},{\"@type\":\"BreadcrumbList\",\"@id\":\"https:\/\/pepiniere-nour.com\/produit\/hibiscus#breadcrumb\",\"itemListElement\":[{\"@type\":\"ListItem\",\"position\":1,\"name\":\"Accueil\",\"item\":\"https:\/\/pepiniere-nour.com\/\"},{\"@type\":\"ListItem\",\"position\":2,\"name\":\"Boutique\",\"item\":\"https:\/\/pepiniere-nour.com\/boutique\"},{\"@type\":\"ListItem\",\"position\":3,\"name\":\"Hibiscus\"}]},{\"@type\":\"WebSite\",\"@id\":\"https:\/\/pepiniere-nour.com\/#website\",\"url\":\"https:\/\/pepiniere-nour.com\/\",\"name\":\"P\u00c9PINIERE NOUR DU CENTRE\",\"description\":\"P\u00c9PINIERE NOUR DU CENTRE\",\"publisher\":{\"@id\":\"https:\/\/pepiniere-nour.com\/#organization\"},\"potentialAction\":[{\"@type\":\"SearchAction\",\"target\":{\"@type\":\"EntryPoint\",\"urlTemplate\":\"https:\/\/pepiniere-nour.com\/?s={search_term_string}\"},\"query-input\":{\"@type\":\"PropertyValueSpecification\",\"valueRequired\":true,\"valueName\":\"search_term_string\"}}],\"inLanguage\":\"ar\"},{\"@type\":\"Organization\",\"@id\":\"https:\/\/pepiniere-nour.com\/#organization\",\"name\":\"P\u00c9PINIERE NOUR DU CENTRE\",\"url\":\"https:\/\/pepiniere-nour.com\/\",\"logo\":{\"@type\":\"ImageObject\",\"inLanguage\":\"ar\",\"@id\":\"https:\/\/pepiniere-nour.com\/#\/schema\/logo\/image\/\",\"url\":\"https:\/\/pepiniere-nour.com\/wp-content\/uploads\/2024\/03\/Remove-bg.ai_1709804773648.png\",\"contentUrl\":\"https:\/\/pepiniere-nour.com\/wp-content\/uploads\/2024\/03\/Remove-bg.ai_1709804773648.png\",\"width\":1199,\"height\":1199,\"caption\":\"P\u00c9PINIERE NOUR DU CENTRE\"},\"image\":{\"@id\":\"https:\/\/pepiniere-nour.com\/#\/schema\/logo\/image\/\"}}]}<\/script>\n<!-- \/ Yoast SEO plugin. -->","yoast_head_json":{"title":"Hibiscus - P\u00c9PINIERE NOUR DU CENTRE","robots":{"index":"index","follow":"follow","max-snippet":"max-snippet:-1","max-image-preview":"max-image-preview:large","max-video-preview":"max-video-preview:-1"},"canonical":"https:\/\/pepiniere-nour.com\/ar\/product\/hibiscus\/","og_locale":"ar_AR","og_type":"article","og_title":"Hibiscus - P\u00c9PINIERE NOUR DU CENTRE","og_description":"L'Hibiscus, fleur majestueuse de la famille des Malvac\u00e9es, incarne une \u00e9l\u00e9gance polyvalente dans les jardins.  Caract\u00e9ristiques essentielles  Avec sa stature imposante atteignant de 1,50 m \u00e0 2 m\u00e8tres de hauteur, cette plante offre un spectacle flamboyant gr\u00e2ce \u00e0 ses fleurs aux couleurs vibrantes en m\u00e9lange, illuminant les paysages du printemps \u00e0 l'automne. Ses feuilles d'un vert fonc\u00e9 ajoutent une dimension de contraste saisissant.  Polyvalence et Esth\u00e9tique  Cette vivace annuelle se distingue par sa floraison abondante, agr\u00e9mentant les jardins de son \u00e9clat du printemps jusqu'\u00e0 l'automne. Son utilisation est vari\u00e9e, que ce soit en massif pour un effet spectaculaire, en isol\u00e9 pour une touche d'\u00e9l\u00e9gance, ou m\u00eame en haie pour structurer l'espace jardin.","og_url":"https:\/\/pepiniere-nour.com\/ar\/product\/hibiscus\/","og_site_name":"P\u00c9PINIERE NOUR DU CENTRE","article_modified_time":"2024-05-20T21:57:33+00:00","og_image":[{"width":570,"height":380,"url":"https:\/\/pepiniere-nour.com\/wp-content\/uploads\/2024\/03\/hibiscus-flower-1.jpeg","type":"image\/jpeg"}],"twitter_card":"summary_large_image","twitter_misc":{"\u0648\u0642\u062a \u0627\u0644\u0642\u0631\u0627\u0621\u0629 \u0627\u0644\u0645\u064f\u0642\u062f\u0651\u0631":"\u062f\u0642\u064a\u0642\u0629 \u0648\u0627\u062d\u062f\u0629"},"schema":{"@context":"https:\/\/schema.org","@graph":[{"@type":"WebPage","@id":"https:\/\/pepiniere-nour.com\/produit\/hibiscus","url":"https:\/\/pepiniere-nour.com\/produit\/hibiscus","name":"Hibiscus - P\u00c9PINIERE NOUR DU CENTRE","isPartOf":{"@id":"https:\/\/pepiniere-nour.com\/#website"},"primaryImageOfPage":{"@id":"https:\/\/pepiniere-nour.com\/produit\/hibiscus#primaryimage"},"image":{"@id":"https:\/\/pepiniere-nour.com\/produit\/hibiscus#primaryimage"},"thumbnailUrl":"https:\/\/pepiniere-nour.com\/wp-content\/uploads\/2024\/03\/hibiscus-flower-1.jpeg","datePublished":"2024-03-20T23:02:22+00:00","dateModified":"2024-05-20T21:57:33+00:00","breadcrumb":{"@id":"https:\/\/pepiniere-nour.com\/produit\/hibiscus#breadcrumb"},"inLanguage":"ar","potentialAction":[{"@type":"ReadAction","target":["https:\/\/pepiniere-nour.com\/produit\/hibiscus"]}]},{"@type":"ImageObject","inLanguage":"ar","@id":"https:\/\/pepiniere-nour.com\/produit\/hibiscus#primaryimage","url":"https:\/\/pepiniere-nour.com\/wp-content\/uploads\/2024\/03\/hibiscus-flower-1.jpeg","contentUrl":"https:\/\/pepiniere-nour.com\/wp-content\/uploads\/2024\/03\/hibiscus-flower-1.jpeg","width":570,"height":380,"caption":"Plants Hibiscus"},{"@type":"BreadcrumbList","@id":"https:\/\/pepiniere-nour.com\/produit\/hibiscus#breadcrumb","itemListElement":[{"@type":"ListItem","position":1,"name":"Accueil","item":"https:\/\/pepiniere-nour.com\/"},{"@type":"ListItem","position":2,"name":"Boutique","item":"https:\/\/pepiniere-nour.com\/boutique"},{"@type":"ListItem","position":3,"name":"Hibiscus"}]},{"@type":"WebSite","@id":"https:\/\/pepiniere-nour.com\/#website","url":"https:\/\/pepiniere-nour.com\/","name":"P\u00c9PINIERE NOUR DU CENTRE","description":"P\u00c9PINIERE NOUR DU CENTRE","publisher":{"@id":"https:\/\/pepiniere-nour.com\/#organization"},"potentialAction":[{"@type":"SearchAction","target":{"@type":"EntryPoint","urlTemplate":"https:\/\/pepiniere-nour.com\/?s={search_term_string}"},"query-input":{"@type":"PropertyValueSpecification","valueRequired":true,"valueName":"search_term_string"}}],"inLanguage":"ar"},{"@type":"Organization","@id":"https:\/\/pepiniere-nour.com\/#organization","name":"P\u00c9PINIERE NOUR DU CENTRE","url":"https:\/\/pepiniere-nour.com\/","logo":{"@type":"ImageObject","inLanguage":"ar","@id":"https:\/\/pepiniere-nour.com\/#\/schema\/logo\/image\/","url":"https:\/\/pepiniere-nour.com\/wp-content\/uploads\/2024\/03\/Remove-bg.ai_1709804773648.png","contentUrl":"https:\/\/pepiniere-nour.com\/wp-content\/uploads\/2024\/03\/Remove-bg.ai_1709804773648.png","width":1199,"height":1199,"caption":"P\u00c9PINIERE NOUR DU CENTRE"},"image":{"@id":"https:\/\/pepiniere-nour.com\/#\/schema\/logo\/image\/"}}]}},"_links":{"self":[{"href":"https:\/\/pepiniere-nour.com\/ar\/wp-json\/wp\/v2\/product\/1023","targetHints":{"allow":["GET"]}}],"collection":[{"href":"https:\/\/pepiniere-nour.com\/ar\/wp-json\/wp\/v2\/product"}],"about":[{"href":"https:\/\/pepiniere-nour.com\/ar\/wp-json\/wp\/v2\/types\/product"}],"wp:featuredmedia":[{"embeddable":true,"href":"https:\/\/pepiniere-nour.com\/ar\/wp-json\/wp\/v2\/media\/2548"}],"wp:attachment":[{"href":"https:\/\/pepiniere-nour.com\/ar\/wp-json\/wp\/v2\/media?parent=1023"}],"wp:term":[{"taxonomy":"product_brand","embeddable":true,"href":"https:\/\/pepiniere-nour.com\/ar\/wp-json\/wp\/v2\/product_brand?post=1023"},{"taxonomy":"product_cat","embeddable":true,"href":"https:\/\/pepiniere-nour.com\/ar\/wp-json\/wp\/v2\/product_cat?post=1023"},{"taxonomy":"product_tag","embeddable":true,"href":"https:\/\/pepiniere-nour.com\/ar\/wp-json\/wp\/v2\/product_tag?post=1023"}],"curies":[{"name":"wp","href":"https:\/\/api.w.org\/{rel}","templated":true}]}}