{"id":1020,"date":"2024-03-20T23:01:50","date_gmt":"2024-03-20T23:01:50","guid":{"rendered":"https:\/\/pepiniere-nour.com\/?post_type=product&#038;p=1020"},"modified":"2024-05-20T21:58:00","modified_gmt":"2024-05-20T21:58:00","slug":"plants-de-figuiers","status":"publish","type":"product","link":"https:\/\/pepiniere-nour.com\/ar\/product\/plants-de-figuiers","title":{"rendered":"\u0646\u0628\u0627\u062a\u0627\u062a \u0627\u0644\u062a\u064a\u0646"},"content":{"rendered":"","protected":false},"excerpt":{"rendered":"<p><strong>\u0632\u0631\u0627\u0639\u0629 \u0623\u0634\u062c\u0627\u0631 \u0627\u0644\u062a\u064a\u0646 \u0641\u064a \u062a\u0648\u0646\u0633 <\/strong><\/p>\n<p>La culture des figuiers s&rsquo;inscrit dans une tradition ancestrale, tout en int\u00e9grant des pratiques agricoles modernes. Les agriculteurs tunisiens s\u00e9lectionnent avec soin les vari\u00e9t\u00e9s de figuiers adapt\u00e9es au climat m\u00e9diterran\u00e9en de la r\u00e9gion, privil\u00e9giant celles capables de prosp\u00e9rer dans les chaudes journ\u00e9es ensoleill\u00e9es et les nuits fra\u00eeches de l&rsquo;\u00e9t\u00e9 tunisien.<\/p>\n<p><strong>\u0627\u0644\u0631\u0639\u0627\u064a\u0629 \u0648\u0627\u0644\u0627\u062d\u062a\u064a\u0627\u0637\u0627\u062a \u0641\u064a \u0627\u0644\u0628\u0633\u0627\u062a\u064a\u0646 \u0627\u0644\u062a\u0648\u0646\u0633\u064a\u0629<\/strong><\/p>\n<p>Les figuiers sont soumis \u00e0 un entretien rigoureux tout au long de l&rsquo;ann\u00e9e. Les agriculteurs veillent \u00e0 une taille r\u00e9guli\u00e8re pour favoriser la formation de nouvelles pousses et \u00e0 une irrigation adapt\u00e9e pour assurer une croissance optimale. De plus, des mesures de protection phytosanitaire sont mises en place pour pr\u00e9venir les maladies et les ravageurs, garantissant ainsi une r\u00e9colte abondante de figues de qualit\u00e9 sup\u00e9rieure.<\/p>","protected":false},"featured_media":2540,"template":"","meta":{"_acf_changed":false},"product_brand":[],"product_cat":[56],"product_tag":[24,35,25,26,27],"class_list":{"0":"post-1020","1":"product","2":"type-product","3":"status-publish","4":"has-post-thumbnail","6":"product_cat-autres-plants-fruitiers","7":"product_tag-equipment","8":"product_tag-etranger","9":"product_tag-garden","10":"product_tag-plants","11":"product_tag-tools","13":"first","14":"instock","15":"shipping-taxable","16":"purchasable","17":"product-type-simple"},"acf":[],"yoast_head":"<!-- This site is optimized with the Yoast SEO plugin v25.5 - https:\/\/yoast.com\/wordpress\/plugins\/seo\/ -->\n<title>Plants de figuiers - P\u00c9PINIERE NOUR DU CENTRE<\/title>\n<meta name=\"robots\" content=\"index, follow, max-snippet:-1, max-image-preview:large, max-video-preview:-1\" \/>\n<link rel=\"canonical\" href=\"https:\/\/pepiniere-nour.com\/ar\/product\/plants-de-figuiers\/\" \/>\n<meta property=\"og:locale\" content=\"ar_AR\" \/>\n<meta property=\"og:type\" content=\"article\" \/>\n<meta property=\"og:title\" content=\"Plants de figuiers - P\u00c9PINIERE NOUR DU CENTRE\" \/>\n<meta property=\"og:description\" content=\"Cultiver des Figuiers en Tunisie   La culture des figuiers s&#039;inscrit dans une tradition ancestrale, tout en int\u00e9grant des pratiques agricoles modernes. Les agriculteurs tunisiens s\u00e9lectionnent avec soin les vari\u00e9t\u00e9s de figuiers adapt\u00e9es au climat m\u00e9diterran\u00e9en de la r\u00e9gion, privil\u00e9giant celles capables de prosp\u00e9rer dans les chaudes journ\u00e9es ensoleill\u00e9es et les nuits fra\u00eeches de l&#039;\u00e9t\u00e9 tunisien.  Soins et Pr\u00e9cautions dans les Vergers Tunisiens  Les figuiers sont soumis \u00e0 un entretien rigoureux tout au long de l&#039;ann\u00e9e. Les agriculteurs veillent \u00e0 une taille r\u00e9guli\u00e8re pour favoriser la formation de nouvelles pousses et \u00e0 une irrigation adapt\u00e9e pour assurer une croissance optimale. De plus, des mesures de protection phytosanitaire sont mises en place pour pr\u00e9venir les maladies et les ravageurs, garantissant ainsi une r\u00e9colte abondante de figues de qualit\u00e9 sup\u00e9rieure.\" \/>\n<meta property=\"og:url\" content=\"https:\/\/pepiniere-nour.com\/ar\/product\/plants-de-figuiers\/\" \/>\n<meta property=\"og:site_name\" content=\"P\u00c9PINIERE NOUR DU CENTRE\" \/>\n<meta property=\"article:modified_time\" content=\"2024-05-20T21:58:00+00:00\" \/>\n<meta property=\"og:image\" content=\"https:\/\/pepiniere-nour.com\/wp-content\/uploads\/2024\/03\/Plants-de-figuiers.jpg\" \/>\n\t<meta property=\"og:image:width\" content=\"570\" \/>\n\t<meta property=\"og:image:height\" content=\"438\" \/>\n\t<meta property=\"og:image:type\" content=\"image\/jpeg\" \/>\n<meta name=\"twitter:card\" content=\"summary_large_image\" \/>\n<meta name=\"twitter:label1\" content=\"\u0648\u0642\u062a \u0627\u0644\u0642\u0631\u0627\u0621\u0629 \u0627\u0644\u0645\u064f\u0642\u062f\u0651\u0631\" \/>\n\t<meta name=\"twitter:data1\" content=\"\u062f\u0642\u064a\u0642\u0629 \u0648\u0627\u062d\u062f\u0629\" \/>\n<script type=\"application\/ld+json\" class=\"yoast-schema-graph\">{\"@context\":\"https:\/\/schema.org\",\"@graph\":[{\"@type\":\"WebPage\",\"@id\":\"https:\/\/pepiniere-nour.com\/produit\/plants-de-figuiers\",\"url\":\"https:\/\/pepiniere-nour.com\/produit\/plants-de-figuiers\",\"name\":\"Plants de figuiers - P\u00c9PINIERE NOUR DU CENTRE\",\"isPartOf\":{\"@id\":\"https:\/\/pepiniere-nour.com\/#website\"},\"primaryImageOfPage\":{\"@id\":\"https:\/\/pepiniere-nour.com\/produit\/plants-de-figuiers#primaryimage\"},\"image\":{\"@id\":\"https:\/\/pepiniere-nour.com\/produit\/plants-de-figuiers#primaryimage\"},\"thumbnailUrl\":\"https:\/\/pepiniere-nour.com\/wp-content\/uploads\/2024\/03\/Plants-de-figuiers.jpg\",\"datePublished\":\"2024-03-20T23:01:50+00:00\",\"dateModified\":\"2024-05-20T21:58:00+00:00\",\"breadcrumb\":{\"@id\":\"https:\/\/pepiniere-nour.com\/produit\/plants-de-figuiers#breadcrumb\"},\"inLanguage\":\"ar\",\"potentialAction\":[{\"@type\":\"ReadAction\",\"target\":[\"https:\/\/pepiniere-nour.com\/produit\/plants-de-figuiers\"]}]},{\"@type\":\"ImageObject\",\"inLanguage\":\"ar\",\"@id\":\"https:\/\/pepiniere-nour.com\/produit\/plants-de-figuiers#primaryimage\",\"url\":\"https:\/\/pepiniere-nour.com\/wp-content\/uploads\/2024\/03\/Plants-de-figuiers.jpg\",\"contentUrl\":\"https:\/\/pepiniere-nour.com\/wp-content\/uploads\/2024\/03\/Plants-de-figuiers.jpg\",\"width\":570,\"height\":438,\"caption\":\"Plants de figuiers\"},{\"@type\":\"BreadcrumbList\",\"@id\":\"https:\/\/pepiniere-nour.com\/produit\/plants-de-figuiers#breadcrumb\",\"itemListElement\":[{\"@type\":\"ListItem\",\"position\":1,\"name\":\"Accueil\",\"item\":\"https:\/\/pepiniere-nour.com\/\"},{\"@type\":\"ListItem\",\"position\":2,\"name\":\"Boutique\",\"item\":\"https:\/\/pepiniere-nour.com\/boutique\"},{\"@type\":\"ListItem\",\"position\":3,\"name\":\"Plants de figuiers\"}]},{\"@type\":\"WebSite\",\"@id\":\"https:\/\/pepiniere-nour.com\/#website\",\"url\":\"https:\/\/pepiniere-nour.com\/\",\"name\":\"P\u00c9PINIERE NOUR DU CENTRE\",\"description\":\"P\u00c9PINIERE NOUR DU CENTRE\",\"publisher\":{\"@id\":\"https:\/\/pepiniere-nour.com\/#organization\"},\"potentialAction\":[{\"@type\":\"SearchAction\",\"target\":{\"@type\":\"EntryPoint\",\"urlTemplate\":\"https:\/\/pepiniere-nour.com\/?s={search_term_string}\"},\"query-input\":{\"@type\":\"PropertyValueSpecification\",\"valueRequired\":true,\"valueName\":\"search_term_string\"}}],\"inLanguage\":\"ar\"},{\"@type\":\"Organization\",\"@id\":\"https:\/\/pepiniere-nour.com\/#organization\",\"name\":\"P\u00c9PINIERE NOUR DU CENTRE\",\"url\":\"https:\/\/pepiniere-nour.com\/\",\"logo\":{\"@type\":\"ImageObject\",\"inLanguage\":\"ar\",\"@id\":\"https:\/\/pepiniere-nour.com\/#\/schema\/logo\/image\/\",\"url\":\"https:\/\/pepiniere-nour.com\/wp-content\/uploads\/2024\/03\/Remove-bg.ai_1709804773648.png\",\"contentUrl\":\"https:\/\/pepiniere-nour.com\/wp-content\/uploads\/2024\/03\/Remove-bg.ai_1709804773648.png\",\"width\":1199,\"height\":1199,\"caption\":\"P\u00c9PINIERE NOUR DU CENTRE\"},\"image\":{\"@id\":\"https:\/\/pepiniere-nour.com\/#\/schema\/logo\/image\/\"}}]}<\/script>\n<!-- \/ Yoast SEO plugin. -->","yoast_head_json":{"title":"Plants de figuiers - P\u00c9PINIERE NOUR DU CENTRE","robots":{"index":"index","follow":"follow","max-snippet":"max-snippet:-1","max-image-preview":"max-image-preview:large","max-video-preview":"max-video-preview:-1"},"canonical":"https:\/\/pepiniere-nour.com\/ar\/product\/plants-de-figuiers\/","og_locale":"ar_AR","og_type":"article","og_title":"Plants de figuiers - P\u00c9PINIERE NOUR DU CENTRE","og_description":"Cultiver des Figuiers en Tunisie   La culture des figuiers s'inscrit dans une tradition ancestrale, tout en int\u00e9grant des pratiques agricoles modernes. Les agriculteurs tunisiens s\u00e9lectionnent avec soin les vari\u00e9t\u00e9s de figuiers adapt\u00e9es au climat m\u00e9diterran\u00e9en de la r\u00e9gion, privil\u00e9giant celles capables de prosp\u00e9rer dans les chaudes journ\u00e9es ensoleill\u00e9es et les nuits fra\u00eeches de l'\u00e9t\u00e9 tunisien.  Soins et Pr\u00e9cautions dans les Vergers Tunisiens  Les figuiers sont soumis \u00e0 un entretien rigoureux tout au long de l'ann\u00e9e. Les agriculteurs veillent \u00e0 une taille r\u00e9guli\u00e8re pour favoriser la formation de nouvelles pousses et \u00e0 une irrigation adapt\u00e9e pour assurer une croissance optimale. De plus, des mesures de protection phytosanitaire sont mises en place pour pr\u00e9venir les maladies et les ravageurs, garantissant ainsi une r\u00e9colte abondante de figues de qualit\u00e9 sup\u00e9rieure.","og_url":"https:\/\/pepiniere-nour.com\/ar\/product\/plants-de-figuiers\/","og_site_name":"P\u00c9PINIERE NOUR DU CENTRE","article_modified_time":"2024-05-20T21:58:00+00:00","og_image":[{"width":570,"height":438,"url":"https:\/\/pepiniere-nour.com\/wp-content\/uploads\/2024\/03\/Plants-de-figuiers.jpg","type":"image\/jpeg"}],"twitter_card":"summary_large_image","twitter_misc":{"\u0648\u0642\u062a \u0627\u0644\u0642\u0631\u0627\u0621\u0629 \u0627\u0644\u0645\u064f\u0642\u062f\u0651\u0631":"\u062f\u0642\u064a\u0642\u0629 \u0648\u0627\u062d\u062f\u0629"},"schema":{"@context":"https:\/\/schema.org","@graph":[{"@type":"WebPage","@id":"https:\/\/pepiniere-nour.com\/produit\/plants-de-figuiers","url":"https:\/\/pepiniere-nour.com\/produit\/plants-de-figuiers","name":"Plants de figuiers - P\u00c9PINIERE NOUR DU CENTRE","isPartOf":{"@id":"https:\/\/pepiniere-nour.com\/#website"},"primaryImageOfPage":{"@id":"https:\/\/pepiniere-nour.com\/produit\/plants-de-figuiers#primaryimage"},"image":{"@id":"https:\/\/pepiniere-nour.com\/produit\/plants-de-figuiers#primaryimage"},"thumbnailUrl":"https:\/\/pepiniere-nour.com\/wp-content\/uploads\/2024\/03\/Plants-de-figuiers.jpg","datePublished":"2024-03-20T23:01:50+00:00","dateModified":"2024-05-20T21:58:00+00:00","breadcrumb":{"@id":"https:\/\/pepiniere-nour.com\/produit\/plants-de-figuiers#breadcrumb"},"inLanguage":"ar","potentialAction":[{"@type":"ReadAction","target":["https:\/\/pepiniere-nour.com\/produit\/plants-de-figuiers"]}]},{"@type":"ImageObject","inLanguage":"ar","@id":"https:\/\/pepiniere-nour.com\/produit\/plants-de-figuiers#primaryimage","url":"https:\/\/pepiniere-nour.com\/wp-content\/uploads\/2024\/03\/Plants-de-figuiers.jpg","contentUrl":"https:\/\/pepiniere-nour.com\/wp-content\/uploads\/2024\/03\/Plants-de-figuiers.jpg","width":570,"height":438,"caption":"Plants de figuiers"},{"@type":"BreadcrumbList","@id":"https:\/\/pepiniere-nour.com\/produit\/plants-de-figuiers#breadcrumb","itemListElement":[{"@type":"ListItem","position":1,"name":"Accueil","item":"https:\/\/pepiniere-nour.com\/"},{"@type":"ListItem","position":2,"name":"Boutique","item":"https:\/\/pepiniere-nour.com\/boutique"},{"@type":"ListItem","position":3,"name":"Plants de figuiers"}]},{"@type":"WebSite","@id":"https:\/\/pepiniere-nour.com\/#website","url":"https:\/\/pepiniere-nour.com\/","name":"P\u00c9PINIERE NOUR DU CENTRE","description":"P\u00c9PINIERE NOUR DU CENTRE","publisher":{"@id":"https:\/\/pepiniere-nour.com\/#organization"},"potentialAction":[{"@type":"SearchAction","target":{"@type":"EntryPoint","urlTemplate":"https:\/\/pepiniere-nour.com\/?s={search_term_string}"},"query-input":{"@type":"PropertyValueSpecification","valueRequired":true,"valueName":"search_term_string"}}],"inLanguage":"ar"},{"@type":"Organization","@id":"https:\/\/pepiniere-nour.com\/#organization","name":"P\u00c9PINIERE NOUR DU CENTRE","url":"https:\/\/pepiniere-nour.com\/","logo":{"@type":"ImageObject","inLanguage":"ar","@id":"https:\/\/pepiniere-nour.com\/#\/schema\/logo\/image\/","url":"https:\/\/pepiniere-nour.com\/wp-content\/uploads\/2024\/03\/Remove-bg.ai_1709804773648.png","contentUrl":"https:\/\/pepiniere-nour.com\/wp-content\/uploads\/2024\/03\/Remove-bg.ai_1709804773648.png","width":1199,"height":1199,"caption":"P\u00c9PINIERE NOUR DU CENTRE"},"image":{"@id":"https:\/\/pepiniere-nour.com\/#\/schema\/logo\/image\/"}}]}},"_links":{"self":[{"href":"https:\/\/pepiniere-nour.com\/ar\/wp-json\/wp\/v2\/product\/1020","targetHints":{"allow":["GET"]}}],"collection":[{"href":"https:\/\/pepiniere-nour.com\/ar\/wp-json\/wp\/v2\/product"}],"about":[{"href":"https:\/\/pepiniere-nour.com\/ar\/wp-json\/wp\/v2\/types\/product"}],"wp:featuredmedia":[{"embeddable":true,"href":"https:\/\/pepiniere-nour.com\/ar\/wp-json\/wp\/v2\/media\/2540"}],"wp:attachment":[{"href":"https:\/\/pepiniere-nour.com\/ar\/wp-json\/wp\/v2\/media?parent=1020"}],"wp:term":[{"taxonomy":"product_brand","embeddable":true,"href":"https:\/\/pepiniere-nour.com\/ar\/wp-json\/wp\/v2\/product_brand?post=1020"},{"taxonomy":"product_cat","embeddable":true,"href":"https:\/\/pepiniere-nour.com\/ar\/wp-json\/wp\/v2\/product_cat?post=1020"},{"taxonomy":"product_tag","embeddable":true,"href":"https:\/\/pepiniere-nour.com\/ar\/wp-json\/wp\/v2\/product_tag?post=1020"}],"curies":[{"name":"wp","href":"https:\/\/api.w.org\/{rel}","templated":true}]}}