{"id":1018,"date":"2024-03-20T23:01:23","date_gmt":"2024-03-20T23:01:23","guid":{"rendered":"https:\/\/pepiniere-nour.com\/?post_type=product&#038;p=1018"},"modified":"2024-05-20T22:19:55","modified_gmt":"2024-05-20T22:19:55","slug":"plants-de-grenadiers","status":"publish","type":"product","link":"https:\/\/pepiniere-nour.com\/ar\/product\/plants-de-grenadiers","title":{"rendered":"\u0646\u0628\u0627\u062a\u0627\u062a \u0627\u0644\u0631\u0645\u0627\u0646"},"content":{"rendered":"","protected":false},"excerpt":{"rendered":"<p><strong>\u0627\u0644\u062a\u0642\u0646\u064a\u0627\u062a \u0648\u0627\u0644\u0645\u0645\u0627\u0631\u0633\u0627\u062a \u0627\u0644\u0632\u0631\u0627\u0639\u064a\u0629<\/strong><\/p>\n<p>\u062a\u0639\u062a\u0628\u0631 \u0632\u0631\u0627\u0639\u0629 \u0623\u0634\u062c\u0627\u0631 \u0627\u0644\u0631\u0645\u0627\u0646 \u0641\u064a \u062a\u0648\u0646\u0633 \u0645\u0645\u0627\u0631\u0633\u0629 \u0632\u0631\u0627\u0639\u064a\u0629 \u0623\u0633\u0627\u0633\u064a\u0629\u060c \u062d\u064a\u062b \u062a\u0633\u062a\u0641\u064a\u062f \u0645\u0646 \u062a\u0642\u0646\u064a\u0627\u062a \u0645\u062d\u062f\u062f\u0629 \u0644\u0636\u0645\u0627\u0646 \u0627\u0644\u0625\u0646\u062a\u0627\u062c \u0627\u0644\u0623\u0645\u062b\u0644 \u0644\u0644\u0641\u0648\u0627\u0643\u0647 \u0639\u0627\u0644\u064a\u0629 \u0627\u0644\u062c\u0648\u062f\u0629. \u0648\u062a\u0632\u0631\u0639 \u0647\u0630\u0647 \u0627\u0644\u0623\u0634\u062c\u0627\u0631 \u0627\u0644\u0645\u062b\u0645\u0631\u0629\u060c \u0627\u0644\u0645\u0639\u0631\u0648\u0641\u0629 \u0628\u0642\u064a\u0645\u062a\u0647\u0627 \u0627\u0644\u062c\u0645\u0627\u0644\u064a\u0629 \u0648\u0645\u0631\u062f\u0648\u062f\u0647\u0627 \u0627\u0644\u0627\u0642\u062a\u0635\u0627\u062f\u064a\u060c \u0628\u0634\u0643\u0644 \u0631\u0626\u064a\u0633\u064a \u0641\u064a \u0627\u0644\u0645\u0646\u0627\u0637\u0642 \u0627\u0644\u0634\u0645\u0627\u0644\u064a\u0629 \u0648\u0627\u0644\u0648\u0633\u0637\u0649 \u0645\u0646 \u0627\u0644\u0628\u0644\u0627\u062f\u060c \u062d\u064a\u062b \u064a\u0648\u0641\u0631 \u0645\u0646\u0627\u062e \u0627\u0644\u0628\u062d\u0631 \u0627\u0644\u0623\u0628\u064a\u0636 \u0627\u0644\u0645\u062a\u0648\u0633\u0637 \u200b\u200b\u0627\u0644\u0638\u0631\u0648\u0641 \u0627\u0644\u0645\u0644\u0627\u0626\u0645\u0629 \u0644\u062a\u0646\u0645\u064a\u062a\u0647\u0627.<\/p>\n<p><strong>\u0627\u0644\u0638\u0631\u0648\u0641 \u0627\u0644\u0645\u062b\u0644\u0649 \u0644\u0644\u0625\u0646\u062a\u0627\u062c \u0627\u0644\u0646\u0627\u062c\u062d<\/strong><\/p>\n<p>Les agriculteurs tunisiens utilisent des techniques d&rsquo;irrigation efficaces, telles que le goutte-\u00e0-goutte, pour garantir une hydratation ad\u00e9quate des grenadiers tout au long de l&rsquo;ann\u00e9e. De plus, la taille r\u00e9guli\u00e8re des arbres est pratiqu\u00e9e pour favoriser une structure robuste et une production de fruits \u00e9quilibr\u00e9e.<\/p>","protected":false},"featured_media":2542,"template":"","meta":{"_acf_changed":false},"product_brand":[],"product_cat":[56],"product_tag":[24,35,25,26,27],"class_list":{"0":"post-1018","1":"product","2":"type-product","3":"status-publish","4":"has-post-thumbnail","6":"product_cat-autres-plants-fruitiers","7":"product_tag-equipment","8":"product_tag-etranger","9":"product_tag-garden","10":"product_tag-plants","11":"product_tag-tools","13":"first","14":"instock","15":"shipping-taxable","16":"purchasable","17":"product-type-simple"},"acf":[],"yoast_head":"<!-- This site is optimized with the Yoast SEO plugin v25.5 - https:\/\/yoast.com\/wordpress\/plugins\/seo\/ -->\n<title>Plants de Grenadiers - P\u00c9PINIERE NOUR DU CENTRE<\/title>\n<meta name=\"robots\" content=\"index, follow, max-snippet:-1, max-image-preview:large, max-video-preview:-1\" \/>\n<link rel=\"canonical\" href=\"https:\/\/pepiniere-nour.com\/ar\/product\/plants-de-grenadiers\/\" \/>\n<meta property=\"og:locale\" content=\"ar_AR\" \/>\n<meta property=\"og:type\" content=\"article\" \/>\n<meta property=\"og:title\" content=\"Plants de Grenadiers - P\u00c9PINIERE NOUR DU CENTRE\" \/>\n<meta property=\"og:description\" content=\"Techniques et Pratiques Agricoles  La culture des grenadiers en Tunisie est une pratique agricole essentielle, b\u00e9n\u00e9ficiant de techniques sp\u00e9cifiques pour assurer une production optimale de fruits de haute qualit\u00e9. Ces arbres fruitiers, connus pour leur valeur ornementale et leur rendement \u00e9conomique, sont cultiv\u00e9s principalement dans les r\u00e9gions du nord et du centre du pays, o\u00f9 le climat m\u00e9diterran\u00e9en offre des conditions favorables \u00e0 leur d\u00e9veloppement.  Conditions Optimums pour une Production Fructueuse  Les agriculteurs tunisiens utilisent des techniques d&#039;irrigation efficaces, telles que le goutte-\u00e0-goutte, pour garantir une hydratation ad\u00e9quate des grenadiers tout au long de l&#039;ann\u00e9e. De plus, la taille r\u00e9guli\u00e8re des arbres est pratiqu\u00e9e pour favoriser une structure robuste et une production de fruits \u00e9quilibr\u00e9e.\" \/>\n<meta property=\"og:url\" content=\"https:\/\/pepiniere-nour.com\/ar\/product\/plants-de-grenadiers\/\" \/>\n<meta property=\"og:site_name\" content=\"P\u00c9PINIERE NOUR DU CENTRE\" \/>\n<meta property=\"article:modified_time\" content=\"2024-05-20T22:19:55+00:00\" \/>\n<meta property=\"og:image\" content=\"https:\/\/pepiniere-nour.com\/wp-content\/uploads\/2024\/03\/Plants-de-Grenadiers.jpg\" \/>\n\t<meta property=\"og:image:width\" content=\"570\" \/>\n\t<meta property=\"og:image:height\" content=\"380\" \/>\n\t<meta property=\"og:image:type\" content=\"image\/jpeg\" \/>\n<meta name=\"twitter:card\" content=\"summary_large_image\" \/>\n<meta name=\"twitter:label1\" content=\"\u0648\u0642\u062a \u0627\u0644\u0642\u0631\u0627\u0621\u0629 \u0627\u0644\u0645\u064f\u0642\u062f\u0651\u0631\" \/>\n\t<meta name=\"twitter:data1\" content=\"\u062f\u0642\u064a\u0642\u0629 \u0648\u0627\u062d\u062f\u0629\" \/>\n<script type=\"application\/ld+json\" class=\"yoast-schema-graph\">{\"@context\":\"https:\/\/schema.org\",\"@graph\":[{\"@type\":\"WebPage\",\"@id\":\"https:\/\/pepiniere-nour.com\/produit\/plants-de-grenadiers\",\"url\":\"https:\/\/pepiniere-nour.com\/produit\/plants-de-grenadiers\",\"name\":\"Plants de Grenadiers - P\u00c9PINIERE NOUR DU CENTRE\",\"isPartOf\":{\"@id\":\"https:\/\/pepiniere-nour.com\/#website\"},\"primaryImageOfPage\":{\"@id\":\"https:\/\/pepiniere-nour.com\/produit\/plants-de-grenadiers#primaryimage\"},\"image\":{\"@id\":\"https:\/\/pepiniere-nour.com\/produit\/plants-de-grenadiers#primaryimage\"},\"thumbnailUrl\":\"https:\/\/pepiniere-nour.com\/wp-content\/uploads\/2024\/03\/Plants-de-Grenadiers.jpg\",\"datePublished\":\"2024-03-20T23:01:23+00:00\",\"dateModified\":\"2024-05-20T22:19:55+00:00\",\"breadcrumb\":{\"@id\":\"https:\/\/pepiniere-nour.com\/produit\/plants-de-grenadiers#breadcrumb\"},\"inLanguage\":\"ar\",\"potentialAction\":[{\"@type\":\"ReadAction\",\"target\":[\"https:\/\/pepiniere-nour.com\/produit\/plants-de-grenadiers\"]}]},{\"@type\":\"ImageObject\",\"inLanguage\":\"ar\",\"@id\":\"https:\/\/pepiniere-nour.com\/produit\/plants-de-grenadiers#primaryimage\",\"url\":\"https:\/\/pepiniere-nour.com\/wp-content\/uploads\/2024\/03\/Plants-de-Grenadiers.jpg\",\"contentUrl\":\"https:\/\/pepiniere-nour.com\/wp-content\/uploads\/2024\/03\/Plants-de-Grenadiers.jpg\",\"width\":570,\"height\":380,\"caption\":\"Plants de Grenadiers\"},{\"@type\":\"BreadcrumbList\",\"@id\":\"https:\/\/pepiniere-nour.com\/produit\/plants-de-grenadiers#breadcrumb\",\"itemListElement\":[{\"@type\":\"ListItem\",\"position\":1,\"name\":\"Accueil\",\"item\":\"https:\/\/pepiniere-nour.com\/\"},{\"@type\":\"ListItem\",\"position\":2,\"name\":\"Boutique\",\"item\":\"https:\/\/pepiniere-nour.com\/boutique\"},{\"@type\":\"ListItem\",\"position\":3,\"name\":\"Plants de Grenadiers\"}]},{\"@type\":\"WebSite\",\"@id\":\"https:\/\/pepiniere-nour.com\/#website\",\"url\":\"https:\/\/pepiniere-nour.com\/\",\"name\":\"P\u00c9PINIERE NOUR DU CENTRE\",\"description\":\"P\u00c9PINIERE NOUR DU CENTRE\",\"publisher\":{\"@id\":\"https:\/\/pepiniere-nour.com\/#organization\"},\"potentialAction\":[{\"@type\":\"SearchAction\",\"target\":{\"@type\":\"EntryPoint\",\"urlTemplate\":\"https:\/\/pepiniere-nour.com\/?s={search_term_string}\"},\"query-input\":{\"@type\":\"PropertyValueSpecification\",\"valueRequired\":true,\"valueName\":\"search_term_string\"}}],\"inLanguage\":\"ar\"},{\"@type\":\"Organization\",\"@id\":\"https:\/\/pepiniere-nour.com\/#organization\",\"name\":\"P\u00c9PINIERE NOUR DU CENTRE\",\"url\":\"https:\/\/pepiniere-nour.com\/\",\"logo\":{\"@type\":\"ImageObject\",\"inLanguage\":\"ar\",\"@id\":\"https:\/\/pepiniere-nour.com\/#\/schema\/logo\/image\/\",\"url\":\"https:\/\/pepiniere-nour.com\/wp-content\/uploads\/2024\/03\/Remove-bg.ai_1709804773648.png\",\"contentUrl\":\"https:\/\/pepiniere-nour.com\/wp-content\/uploads\/2024\/03\/Remove-bg.ai_1709804773648.png\",\"width\":1199,\"height\":1199,\"caption\":\"P\u00c9PINIERE NOUR DU CENTRE\"},\"image\":{\"@id\":\"https:\/\/pepiniere-nour.com\/#\/schema\/logo\/image\/\"}}]}<\/script>\n<!-- \/ Yoast SEO plugin. -->","yoast_head_json":{"title":"Plants de Grenadiers - P\u00c9PINIERE NOUR DU CENTRE","robots":{"index":"index","follow":"follow","max-snippet":"max-snippet:-1","max-image-preview":"max-image-preview:large","max-video-preview":"max-video-preview:-1"},"canonical":"https:\/\/pepiniere-nour.com\/ar\/product\/plants-de-grenadiers\/","og_locale":"ar_AR","og_type":"article","og_title":"Plants de Grenadiers - P\u00c9PINIERE NOUR DU CENTRE","og_description":"Techniques et Pratiques Agricoles  La culture des grenadiers en Tunisie est une pratique agricole essentielle, b\u00e9n\u00e9ficiant de techniques sp\u00e9cifiques pour assurer une production optimale de fruits de haute qualit\u00e9. Ces arbres fruitiers, connus pour leur valeur ornementale et leur rendement \u00e9conomique, sont cultiv\u00e9s principalement dans les r\u00e9gions du nord et du centre du pays, o\u00f9 le climat m\u00e9diterran\u00e9en offre des conditions favorables \u00e0 leur d\u00e9veloppement.  Conditions Optimums pour une Production Fructueuse  Les agriculteurs tunisiens utilisent des techniques d'irrigation efficaces, telles que le goutte-\u00e0-goutte, pour garantir une hydratation ad\u00e9quate des grenadiers tout au long de l'ann\u00e9e. De plus, la taille r\u00e9guli\u00e8re des arbres est pratiqu\u00e9e pour favoriser une structure robuste et une production de fruits \u00e9quilibr\u00e9e.","og_url":"https:\/\/pepiniere-nour.com\/ar\/product\/plants-de-grenadiers\/","og_site_name":"P\u00c9PINIERE NOUR DU CENTRE","article_modified_time":"2024-05-20T22:19:55+00:00","og_image":[{"width":570,"height":380,"url":"https:\/\/pepiniere-nour.com\/wp-content\/uploads\/2024\/03\/Plants-de-Grenadiers.jpg","type":"image\/jpeg"}],"twitter_card":"summary_large_image","twitter_misc":{"\u0648\u0642\u062a \u0627\u0644\u0642\u0631\u0627\u0621\u0629 \u0627\u0644\u0645\u064f\u0642\u062f\u0651\u0631":"\u062f\u0642\u064a\u0642\u0629 \u0648\u0627\u062d\u062f\u0629"},"schema":{"@context":"https:\/\/schema.org","@graph":[{"@type":"WebPage","@id":"https:\/\/pepiniere-nour.com\/produit\/plants-de-grenadiers","url":"https:\/\/pepiniere-nour.com\/produit\/plants-de-grenadiers","name":"Plants de Grenadiers - P\u00c9PINIERE NOUR DU CENTRE","isPartOf":{"@id":"https:\/\/pepiniere-nour.com\/#website"},"primaryImageOfPage":{"@id":"https:\/\/pepiniere-nour.com\/produit\/plants-de-grenadiers#primaryimage"},"image":{"@id":"https:\/\/pepiniere-nour.com\/produit\/plants-de-grenadiers#primaryimage"},"thumbnailUrl":"https:\/\/pepiniere-nour.com\/wp-content\/uploads\/2024\/03\/Plants-de-Grenadiers.jpg","datePublished":"2024-03-20T23:01:23+00:00","dateModified":"2024-05-20T22:19:55+00:00","breadcrumb":{"@id":"https:\/\/pepiniere-nour.com\/produit\/plants-de-grenadiers#breadcrumb"},"inLanguage":"ar","potentialAction":[{"@type":"ReadAction","target":["https:\/\/pepiniere-nour.com\/produit\/plants-de-grenadiers"]}]},{"@type":"ImageObject","inLanguage":"ar","@id":"https:\/\/pepiniere-nour.com\/produit\/plants-de-grenadiers#primaryimage","url":"https:\/\/pepiniere-nour.com\/wp-content\/uploads\/2024\/03\/Plants-de-Grenadiers.jpg","contentUrl":"https:\/\/pepiniere-nour.com\/wp-content\/uploads\/2024\/03\/Plants-de-Grenadiers.jpg","width":570,"height":380,"caption":"Plants de Grenadiers"},{"@type":"BreadcrumbList","@id":"https:\/\/pepiniere-nour.com\/produit\/plants-de-grenadiers#breadcrumb","itemListElement":[{"@type":"ListItem","position":1,"name":"Accueil","item":"https:\/\/pepiniere-nour.com\/"},{"@type":"ListItem","position":2,"name":"Boutique","item":"https:\/\/pepiniere-nour.com\/boutique"},{"@type":"ListItem","position":3,"name":"Plants de Grenadiers"}]},{"@type":"WebSite","@id":"https:\/\/pepiniere-nour.com\/#website","url":"https:\/\/pepiniere-nour.com\/","name":"P\u00c9PINIERE NOUR DU CENTRE","description":"P\u00c9PINIERE NOUR DU CENTRE","publisher":{"@id":"https:\/\/pepiniere-nour.com\/#organization"},"potentialAction":[{"@type":"SearchAction","target":{"@type":"EntryPoint","urlTemplate":"https:\/\/pepiniere-nour.com\/?s={search_term_string}"},"query-input":{"@type":"PropertyValueSpecification","valueRequired":true,"valueName":"search_term_string"}}],"inLanguage":"ar"},{"@type":"Organization","@id":"https:\/\/pepiniere-nour.com\/#organization","name":"P\u00c9PINIERE NOUR DU CENTRE","url":"https:\/\/pepiniere-nour.com\/","logo":{"@type":"ImageObject","inLanguage":"ar","@id":"https:\/\/pepiniere-nour.com\/#\/schema\/logo\/image\/","url":"https:\/\/pepiniere-nour.com\/wp-content\/uploads\/2024\/03\/Remove-bg.ai_1709804773648.png","contentUrl":"https:\/\/pepiniere-nour.com\/wp-content\/uploads\/2024\/03\/Remove-bg.ai_1709804773648.png","width":1199,"height":1199,"caption":"P\u00c9PINIERE NOUR DU CENTRE"},"image":{"@id":"https:\/\/pepiniere-nour.com\/#\/schema\/logo\/image\/"}}]}},"_links":{"self":[{"href":"https:\/\/pepiniere-nour.com\/ar\/wp-json\/wp\/v2\/product\/1018","targetHints":{"allow":["GET"]}}],"collection":[{"href":"https:\/\/pepiniere-nour.com\/ar\/wp-json\/wp\/v2\/product"}],"about":[{"href":"https:\/\/pepiniere-nour.com\/ar\/wp-json\/wp\/v2\/types\/product"}],"wp:featuredmedia":[{"embeddable":true,"href":"https:\/\/pepiniere-nour.com\/ar\/wp-json\/wp\/v2\/media\/2542"}],"wp:attachment":[{"href":"https:\/\/pepiniere-nour.com\/ar\/wp-json\/wp\/v2\/media?parent=1018"}],"wp:term":[{"taxonomy":"product_brand","embeddable":true,"href":"https:\/\/pepiniere-nour.com\/ar\/wp-json\/wp\/v2\/product_brand?post=1018"},{"taxonomy":"product_cat","embeddable":true,"href":"https:\/\/pepiniere-nour.com\/ar\/wp-json\/wp\/v2\/product_cat?post=1018"},{"taxonomy":"product_tag","embeddable":true,"href":"https:\/\/pepiniere-nour.com\/ar\/wp-json\/wp\/v2\/product_tag?post=1018"}],"curies":[{"name":"wp","href":"https:\/\/api.w.org\/{rel}","templated":true}]}}