{"id":1014,"date":"2024-03-20T23:00:56","date_gmt":"2024-03-20T23:00:56","guid":{"rendered":"https:\/\/pepiniere-nour.com\/?post_type=product&#038;p=1014"},"modified":"2024-05-20T22:20:51","modified_gmt":"2024-05-20T22:20:51","slug":"ambri","status":"publish","type":"product","link":"https:\/\/pepiniere-nour.com\/ar\/product\/ambri","title":{"rendered":"\u0623\u0645\u0628\u0631\u064a"},"content":{"rendered":"","protected":false},"excerpt":{"rendered":"<p><strong>Vigueur de l&rsquo;Arbre :<\/strong><br \/>\n\u062a\u062a\u0645\u064a\u0632 \u0634\u062c\u0631\u0629 \u0627\u0644\u0625\u062c\u0627\u0635 \u0645\u0646 \u0647\u0630\u0627 \u0627\u0644\u0635\u0646\u0641 \u0628\u0642\u0648\u0629 \u0627\u0633\u062a\u062b\u0646\u0627\u0626\u064a\u0629\u060c \u0645\u0645\u0627 \u064a\u0636\u0645\u0646 \u0646\u0645\u0648\u064b\u0627 \u0642\u0648\u064a\u064b\u0627 \u0648\u0645\u0631\u0646\u064b\u0627. \u0625\u0646 \u0642\u062f\u0631\u062a\u0647\u0627 \u0639\u0644\u0649 \u0627\u0644\u062a\u0643\u064a\u0641 \u0645\u0639 \u0645\u062e\u062a\u0644\u0641 \u0623\u0646\u0648\u0627\u0639 \u0627\u0644\u062a\u0631\u0628\u0629 \u0648\u0627\u0644\u0645\u0646\u0627\u062e\u0627\u062a \u062a\u062c\u0639\u0644\u0647\u0627 \u062e\u064a\u0627\u0631\u064b\u0627 \u0645\u062b\u0627\u0644\u064a\u064b\u0627 \u0644\u0644\u0625\u0646\u062a\u0627\u062c \u0627\u0644\u0648\u0641\u064a\u0631 \u0648\u0627\u0644\u0645\u0633\u062a\u062f\u0627\u0645.<\/p>\n<p><strong>\u0645\u0638\u0647\u0631 \u0627\u0644\u062b\u0645\u0631\u0629 :<\/strong><br \/>\n\u062a\u062a\u0645\u064a\u0632 \u062b\u0645\u0627\u0631 \u0634\u062c\u0631\u0629 \u0627\u0644\u0643\u0645\u062b\u0631\u0649 AMBRI \u0628\u0642\u0634\u0631\u0629 \u062e\u0636\u0631\u0627\u0621 \u062a\u062a\u062d\u0648\u0644 \u0625\u0644\u0649 \u0627\u0644\u0644\u0648\u0646 \u0627\u0644\u0623\u0635\u0641\u0631 \u0642\u0644\u064a\u0644\u0627\u064b \u0639\u0646\u062f\u0645\u0627 \u062a\u0646\u0636\u062c\u060c \u0645\u0639 \u0634\u0643\u0644 \u0643\u0645\u062b\u0631\u0649 \u0643\u0644\u0627\u0633\u064a\u0643\u064a \u0645\u0645\u062f\u0648\u062f \u0642\u0644\u064a\u0644\u0627\u064b. \u062d\u062c\u0645 \u0627\u0644\u0641\u0627\u0643\u0647\u0629 \u0645\u062a\u0648\u0633\u0637 \u200b\u200b\u0625\u0644\u0649 \u0643\u0628\u064a\u0631\u060c \u0648\u062a\u0642\u062f\u0645 \u0639\u0631\u0636\u064b\u0627 \u0633\u062e\u064a\u064b\u0627 \u0648\u062c\u0630\u0627\u0628\u064b\u0627.<\/p>\n<p><strong>\u0646\u0643\u0647\u0629 \u0641\u0631\u064a\u062f\u0629 \u0648\u0645\u0645\u062a\u0639\u0629 :<\/strong><br \/>\n\u062a\u062d\u0638\u0649 \u0634\u062c\u0631\u0629 \u0627\u0644\u0625\u062c\u0627\u0635 \u0645\u0646 \u0647\u0630\u0627 \u0627\u0644\u0635\u0646\u0641 \u0628\u0627\u0644\u062a\u062b\u0645\u064a\u0646 \u0644\u0646\u0643\u0647\u062a\u0647\u0627 \u0627\u0644\u062d\u0644\u0648\u0629 \u0648\u0627\u0644\u062d\u0627\u0645\u0636\u0629 \u0642\u0644\u064a\u0644\u0627\u064b\u060c \u0648\u0627\u0644\u062a\u064a \u062a\u0648\u0641\u0631 \u062a\u062c\u0631\u0628\u0629 \u0637\u0639\u0645 \u0631\u0627\u0642\u064a\u0629. \u0625\u0646 \u0631\u0627\u0626\u062d\u062a\u0627 \u0627\u0644\u0631\u0642\u064a\u0642\u0629 \u0648\u0645\u0644\u0645\u0633\u0647\u0627 \u0627\u0644\u0630\u0627\u0626\u0628 \u064a\u062c\u0639\u0644\u0647\u0627 \u0645\u0646 \u0627\u0644\u0623\u0646\u0648\u0627\u0639 \u0627\u0644\u0645\u0631\u063a\u0648\u0628\u0629 \u0644\u0644\u0627\u0633\u062a\u0647\u0644\u0627\u0643 \u0627\u0644\u0637\u0627\u0632\u062c \u0648\u0644\u062a\u062d\u0636\u064a\u0631\u0627\u062a \u0627\u0644\u0637\u0647\u064a.<\/p>\n<p>\u0628\u0627\u062e\u062a\u0635\u0627\u0631\u060c \u062a\u062c\u0645\u0639 \u0634\u062c\u0631\u0629 \u0627\u0644\u0625\u062c\u0627\u0635 \u0645\u0646 \u0647\u0630\u0627 \u0627\u0644\u0635\u0646\u0641 \u0628\u064a\u0646 \u0642\u0648\u0629 \u0627\u0644\u0634\u062c\u0631\u0629 \u0648\u062c\u0648\u062f\u0629 \u0627\u0644\u0641\u0627\u0643\u0647\u0629 \u0627\u0644\u0641\u0627\u0626\u0642\u0629 \u0645\u0645\u0627 \u064a\u0644\u0628\u064a \u062a\u0645\u0627\u0645\u064b\u0627 \u062a\u0648\u0642\u0639\u0627\u062a \u0627\u0644\u0628\u0633\u062a\u0627\u0646\u064a\u064a\u0646 \u0648\u0627\u0644\u0645\u062a\u0630\u0648\u0642\u064a\u0646.<\/p>","protected":false},"featured_media":2552,"template":"","meta":{"_acf_changed":false},"product_brand":[],"product_cat":[55],"product_tag":[24,35,25,26,27],"class_list":{"0":"post-1014","1":"product","2":"type-product","3":"status-publish","4":"has-post-thumbnail","6":"product_cat-plants-de-poiriers","7":"product_tag-equipment","8":"product_tag-etranger","9":"product_tag-garden","10":"product_tag-plants","11":"product_tag-tools","13":"first","14":"instock","15":"shipping-taxable","16":"purchasable","17":"product-type-simple"},"acf":[],"yoast_head":"<!-- This site is optimized with the Yoast SEO plugin v25.5 - https:\/\/yoast.com\/wordpress\/plugins\/seo\/ -->\n<title>Ambri - P\u00c9PINIERE NOUR DU CENTRE<\/title>\n<meta name=\"robots\" content=\"index, follow, max-snippet:-1, max-image-preview:large, max-video-preview:-1\" \/>\n<link rel=\"canonical\" href=\"https:\/\/pepiniere-nour.com\/ar\/product\/ambri\/\" \/>\n<meta property=\"og:locale\" content=\"ar_AR\" \/>\n<meta property=\"og:type\" content=\"article\" \/>\n<meta property=\"og:title\" content=\"Ambri - P\u00c9PINIERE NOUR DU CENTRE\" \/>\n<meta property=\"og:description\" content=\"Vigueur de l&#039;Arbre : Le poirier AMBRI se distingue par sa vigueur exceptionnelle, assurant une croissance robuste et r\u00e9siliente. Sa capacit\u00e9 \u00e0 s\u2019adapter \u00e0 divers sols et climats en fait un choix id\u00e9al pour une production abondante et durable.  Aspect du Fruit : Les fruits du poirier AMBRI ont une peau verte qui jaunit l\u00e9g\u00e8rement \u00e0 maturit\u00e9, avec une forme classique de poire l\u00e9g\u00e8rement allong\u00e9e. Le calibre des fruits est moyen \u00e0 gros, offrant une pr\u00e9sentation g\u00e9n\u00e9reuse et attrayante.  Saveur Unique et Agr\u00e9able : La poire AMBRI est appr\u00e9ci\u00e9e pour sa saveur douce et l\u00e9g\u00e8rement acidul\u00e9e, qui offre une exp\u00e9rience gustative raffin\u00e9e. Son parfum d\u00e9licat et sa texture fondante en font une vari\u00e9t\u00e9 recherch\u00e9e tant pour la consommation fra\u00eeche que pour les pr\u00e9parations culinaires.  En somme, le poirier AMBRI allie robustesse de l\u2019arbre et qualit\u00e9 sup\u00e9rieure du fruit, r\u00e9pondant parfaitement aux attentes des jardiniers et des gourmets.\" \/>\n<meta property=\"og:url\" content=\"https:\/\/pepiniere-nour.com\/ar\/product\/ambri\/\" \/>\n<meta property=\"og:site_name\" content=\"P\u00c9PINIERE NOUR DU CENTRE\" \/>\n<meta property=\"article:modified_time\" content=\"2024-05-20T22:20:51+00:00\" \/>\n<meta property=\"og:image\" content=\"https:\/\/pepiniere-nour.com\/wp-content\/uploads\/2024\/03\/Plants-de-poiriers-Ambri.jpg\" \/>\n\t<meta property=\"og:image:width\" content=\"570\" \/>\n\t<meta property=\"og:image:height\" content=\"380\" \/>\n\t<meta property=\"og:image:type\" content=\"image\/jpeg\" \/>\n<meta name=\"twitter:card\" content=\"summary_large_image\" \/>\n<meta name=\"twitter:label1\" content=\"\u0648\u0642\u062a \u0627\u0644\u0642\u0631\u0627\u0621\u0629 \u0627\u0644\u0645\u064f\u0642\u062f\u0651\u0631\" \/>\n\t<meta name=\"twitter:data1\" content=\"\u062f\u0642\u064a\u0642\u0629 \u0648\u0627\u062d\u062f\u0629\" \/>\n<script type=\"application\/ld+json\" class=\"yoast-schema-graph\">{\"@context\":\"https:\/\/schema.org\",\"@graph\":[{\"@type\":\"WebPage\",\"@id\":\"https:\/\/pepiniere-nour.com\/produit\/ambri\",\"url\":\"https:\/\/pepiniere-nour.com\/produit\/ambri\",\"name\":\"Ambri - P\u00c9PINIERE NOUR DU CENTRE\",\"isPartOf\":{\"@id\":\"https:\/\/pepiniere-nour.com\/#website\"},\"primaryImageOfPage\":{\"@id\":\"https:\/\/pepiniere-nour.com\/produit\/ambri#primaryimage\"},\"image\":{\"@id\":\"https:\/\/pepiniere-nour.com\/produit\/ambri#primaryimage\"},\"thumbnailUrl\":\"https:\/\/pepiniere-nour.com\/wp-content\/uploads\/2024\/03\/Plants-de-poiriers-Ambri.jpg\",\"datePublished\":\"2024-03-20T23:00:56+00:00\",\"dateModified\":\"2024-05-20T22:20:51+00:00\",\"breadcrumb\":{\"@id\":\"https:\/\/pepiniere-nour.com\/produit\/ambri#breadcrumb\"},\"inLanguage\":\"ar\",\"potentialAction\":[{\"@type\":\"ReadAction\",\"target\":[\"https:\/\/pepiniere-nour.com\/produit\/ambri\"]}]},{\"@type\":\"ImageObject\",\"inLanguage\":\"ar\",\"@id\":\"https:\/\/pepiniere-nour.com\/produit\/ambri#primaryimage\",\"url\":\"https:\/\/pepiniere-nour.com\/wp-content\/uploads\/2024\/03\/Plants-de-poiriers-Ambri.jpg\",\"contentUrl\":\"https:\/\/pepiniere-nour.com\/wp-content\/uploads\/2024\/03\/Plants-de-poiriers-Ambri.jpg\",\"width\":570,\"height\":380,\"caption\":\"Plants de poiriers Ambri\"},{\"@type\":\"BreadcrumbList\",\"@id\":\"https:\/\/pepiniere-nour.com\/produit\/ambri#breadcrumb\",\"itemListElement\":[{\"@type\":\"ListItem\",\"position\":1,\"name\":\"Accueil\",\"item\":\"https:\/\/pepiniere-nour.com\/\"},{\"@type\":\"ListItem\",\"position\":2,\"name\":\"Boutique\",\"item\":\"https:\/\/pepiniere-nour.com\/boutique\"},{\"@type\":\"ListItem\",\"position\":3,\"name\":\"Ambri\"}]},{\"@type\":\"WebSite\",\"@id\":\"https:\/\/pepiniere-nour.com\/#website\",\"url\":\"https:\/\/pepiniere-nour.com\/\",\"name\":\"P\u00c9PINIERE NOUR DU CENTRE\",\"description\":\"P\u00c9PINIERE NOUR DU CENTRE\",\"publisher\":{\"@id\":\"https:\/\/pepiniere-nour.com\/#organization\"},\"potentialAction\":[{\"@type\":\"SearchAction\",\"target\":{\"@type\":\"EntryPoint\",\"urlTemplate\":\"https:\/\/pepiniere-nour.com\/?s={search_term_string}\"},\"query-input\":{\"@type\":\"PropertyValueSpecification\",\"valueRequired\":true,\"valueName\":\"search_term_string\"}}],\"inLanguage\":\"ar\"},{\"@type\":\"Organization\",\"@id\":\"https:\/\/pepiniere-nour.com\/#organization\",\"name\":\"P\u00c9PINIERE NOUR DU CENTRE\",\"url\":\"https:\/\/pepiniere-nour.com\/\",\"logo\":{\"@type\":\"ImageObject\",\"inLanguage\":\"ar\",\"@id\":\"https:\/\/pepiniere-nour.com\/#\/schema\/logo\/image\/\",\"url\":\"https:\/\/pepiniere-nour.com\/wp-content\/uploads\/2024\/03\/Remove-bg.ai_1709804773648.png\",\"contentUrl\":\"https:\/\/pepiniere-nour.com\/wp-content\/uploads\/2024\/03\/Remove-bg.ai_1709804773648.png\",\"width\":1199,\"height\":1199,\"caption\":\"P\u00c9PINIERE NOUR DU CENTRE\"},\"image\":{\"@id\":\"https:\/\/pepiniere-nour.com\/#\/schema\/logo\/image\/\"}}]}<\/script>\n<!-- \/ Yoast SEO plugin. -->","yoast_head_json":{"title":"Ambri - P\u00c9PINIERE NOUR DU CENTRE","robots":{"index":"index","follow":"follow","max-snippet":"max-snippet:-1","max-image-preview":"max-image-preview:large","max-video-preview":"max-video-preview:-1"},"canonical":"https:\/\/pepiniere-nour.com\/ar\/product\/ambri\/","og_locale":"ar_AR","og_type":"article","og_title":"Ambri - P\u00c9PINIERE NOUR DU CENTRE","og_description":"Vigueur de l'Arbre : Le poirier AMBRI se distingue par sa vigueur exceptionnelle, assurant une croissance robuste et r\u00e9siliente. Sa capacit\u00e9 \u00e0 s\u2019adapter \u00e0 divers sols et climats en fait un choix id\u00e9al pour une production abondante et durable.  Aspect du Fruit : Les fruits du poirier AMBRI ont une peau verte qui jaunit l\u00e9g\u00e8rement \u00e0 maturit\u00e9, avec une forme classique de poire l\u00e9g\u00e8rement allong\u00e9e. Le calibre des fruits est moyen \u00e0 gros, offrant une pr\u00e9sentation g\u00e9n\u00e9reuse et attrayante.  Saveur Unique et Agr\u00e9able : La poire AMBRI est appr\u00e9ci\u00e9e pour sa saveur douce et l\u00e9g\u00e8rement acidul\u00e9e, qui offre une exp\u00e9rience gustative raffin\u00e9e. Son parfum d\u00e9licat et sa texture fondante en font une vari\u00e9t\u00e9 recherch\u00e9e tant pour la consommation fra\u00eeche que pour les pr\u00e9parations culinaires.  En somme, le poirier AMBRI allie robustesse de l\u2019arbre et qualit\u00e9 sup\u00e9rieure du fruit, r\u00e9pondant parfaitement aux attentes des jardiniers et des gourmets.","og_url":"https:\/\/pepiniere-nour.com\/ar\/product\/ambri\/","og_site_name":"P\u00c9PINIERE NOUR DU CENTRE","article_modified_time":"2024-05-20T22:20:51+00:00","og_image":[{"width":570,"height":380,"url":"https:\/\/pepiniere-nour.com\/wp-content\/uploads\/2024\/03\/Plants-de-poiriers-Ambri.jpg","type":"image\/jpeg"}],"twitter_card":"summary_large_image","twitter_misc":{"\u0648\u0642\u062a \u0627\u0644\u0642\u0631\u0627\u0621\u0629 \u0627\u0644\u0645\u064f\u0642\u062f\u0651\u0631":"\u062f\u0642\u064a\u0642\u0629 \u0648\u0627\u062d\u062f\u0629"},"schema":{"@context":"https:\/\/schema.org","@graph":[{"@type":"WebPage","@id":"https:\/\/pepiniere-nour.com\/produit\/ambri","url":"https:\/\/pepiniere-nour.com\/produit\/ambri","name":"Ambri - P\u00c9PINIERE NOUR DU CENTRE","isPartOf":{"@id":"https:\/\/pepiniere-nour.com\/#website"},"primaryImageOfPage":{"@id":"https:\/\/pepiniere-nour.com\/produit\/ambri#primaryimage"},"image":{"@id":"https:\/\/pepiniere-nour.com\/produit\/ambri#primaryimage"},"thumbnailUrl":"https:\/\/pepiniere-nour.com\/wp-content\/uploads\/2024\/03\/Plants-de-poiriers-Ambri.jpg","datePublished":"2024-03-20T23:00:56+00:00","dateModified":"2024-05-20T22:20:51+00:00","breadcrumb":{"@id":"https:\/\/pepiniere-nour.com\/produit\/ambri#breadcrumb"},"inLanguage":"ar","potentialAction":[{"@type":"ReadAction","target":["https:\/\/pepiniere-nour.com\/produit\/ambri"]}]},{"@type":"ImageObject","inLanguage":"ar","@id":"https:\/\/pepiniere-nour.com\/produit\/ambri#primaryimage","url":"https:\/\/pepiniere-nour.com\/wp-content\/uploads\/2024\/03\/Plants-de-poiriers-Ambri.jpg","contentUrl":"https:\/\/pepiniere-nour.com\/wp-content\/uploads\/2024\/03\/Plants-de-poiriers-Ambri.jpg","width":570,"height":380,"caption":"Plants de poiriers Ambri"},{"@type":"BreadcrumbList","@id":"https:\/\/pepiniere-nour.com\/produit\/ambri#breadcrumb","itemListElement":[{"@type":"ListItem","position":1,"name":"Accueil","item":"https:\/\/pepiniere-nour.com\/"},{"@type":"ListItem","position":2,"name":"Boutique","item":"https:\/\/pepiniere-nour.com\/boutique"},{"@type":"ListItem","position":3,"name":"Ambri"}]},{"@type":"WebSite","@id":"https:\/\/pepiniere-nour.com\/#website","url":"https:\/\/pepiniere-nour.com\/","name":"P\u00c9PINIERE NOUR DU CENTRE","description":"P\u00c9PINIERE NOUR DU CENTRE","publisher":{"@id":"https:\/\/pepiniere-nour.com\/#organization"},"potentialAction":[{"@type":"SearchAction","target":{"@type":"EntryPoint","urlTemplate":"https:\/\/pepiniere-nour.com\/?s={search_term_string}"},"query-input":{"@type":"PropertyValueSpecification","valueRequired":true,"valueName":"search_term_string"}}],"inLanguage":"ar"},{"@type":"Organization","@id":"https:\/\/pepiniere-nour.com\/#organization","name":"P\u00c9PINIERE NOUR DU CENTRE","url":"https:\/\/pepiniere-nour.com\/","logo":{"@type":"ImageObject","inLanguage":"ar","@id":"https:\/\/pepiniere-nour.com\/#\/schema\/logo\/image\/","url":"https:\/\/pepiniere-nour.com\/wp-content\/uploads\/2024\/03\/Remove-bg.ai_1709804773648.png","contentUrl":"https:\/\/pepiniere-nour.com\/wp-content\/uploads\/2024\/03\/Remove-bg.ai_1709804773648.png","width":1199,"height":1199,"caption":"P\u00c9PINIERE NOUR DU CENTRE"},"image":{"@id":"https:\/\/pepiniere-nour.com\/#\/schema\/logo\/image\/"}}]}},"_links":{"self":[{"href":"https:\/\/pepiniere-nour.com\/ar\/wp-json\/wp\/v2\/product\/1014","targetHints":{"allow":["GET"]}}],"collection":[{"href":"https:\/\/pepiniere-nour.com\/ar\/wp-json\/wp\/v2\/product"}],"about":[{"href":"https:\/\/pepiniere-nour.com\/ar\/wp-json\/wp\/v2\/types\/product"}],"wp:featuredmedia":[{"embeddable":true,"href":"https:\/\/pepiniere-nour.com\/ar\/wp-json\/wp\/v2\/media\/2552"}],"wp:attachment":[{"href":"https:\/\/pepiniere-nour.com\/ar\/wp-json\/wp\/v2\/media?parent=1014"}],"wp:term":[{"taxonomy":"product_brand","embeddable":true,"href":"https:\/\/pepiniere-nour.com\/ar\/wp-json\/wp\/v2\/product_brand?post=1014"},{"taxonomy":"product_cat","embeddable":true,"href":"https:\/\/pepiniere-nour.com\/ar\/wp-json\/wp\/v2\/product_cat?post=1014"},{"taxonomy":"product_tag","embeddable":true,"href":"https:\/\/pepiniere-nour.com\/ar\/wp-json\/wp\/v2\/product_tag?post=1014"}],"curies":[{"name":"wp","href":"https:\/\/api.w.org\/{rel}","templated":true}]}}