{"id":1005,"date":"2024-03-20T22:59:42","date_gmt":"2024-03-20T22:59:42","guid":{"rendered":"https:\/\/pepiniere-nour.com\/?post_type=product&#038;p=1005"},"modified":"2024-05-20T22:22:16","modified_gmt":"2024-05-20T22:22:16","slug":"early-white","status":"publish","type":"product","link":"https:\/\/pepiniere-nour.com\/ar\/product\/early-white","title":{"rendered":"\u0627\u0631\u0644\u064a \u0648\u0627\u064a\u062a"},"content":{"rendered":"","protected":false},"excerpt":{"rendered":"<p><strong>\u0627\u0644\u062e\u0635\u0627\u0626\u0635<\/strong><br \/>\n\u064a\u062a\u0645\u064a\u0632 \u0627\u0644\u0635\u0646\u0641 \u0627\u0644\u0623\u0628\u064a\u0636 \u0627\u0644\u0645\u0628\u0643\u0631 \u0628\u0637\u0628\u064a\u0639\u062a\u0647 \u0634\u0628\u0647 \u0627\u0644\u0645\u0646\u062a\u0635\u0628\u0629\u060c \u0645\u0645\u0627 \u064a\u0645\u0646\u062d\u0647 \u0628\u0646\u064a\u0629 \u0642\u0648\u064a\u0629 \u0648\u0642\u0648\u0629 \u0645\u0644\u062d\u0648\u0638\u0629\u060c \u0648\u064a\u062a\u0643\u064a\u0641 \u0645\u0639 \u0627\u0644\u0645\u0646\u0627\u062e\u0627\u062a \u0627\u0644\u062c\u0646\u0648\u0628\u064a\u0629 \u0627\u0644\u062f\u0627\u0641\u0626\u0629.<\/p>\n<p><strong>\u0627\u0644\u0646\u0636\u062c \u0627\u0644\u0645\u0628\u0643\u0631 \u0648\u0627\u0644\u0625\u0646\u062a\u0627\u062c\u064a\u0629:<\/strong><br \/>\nLes fruits de l\u2019Early White atteignent leur maturit\u00e9 environ 20 jours avant la vari\u00e9t\u00e9 de r\u00e9f\u00e9rence Big Haven, t\u00e9moignant d&rsquo;une pr\u00e9cocit\u00e9 remarquable. Cette caract\u00e9ristique permet une r\u00e9colte anticip\u00e9e et une prolongation de la saison de production. De plus, son arbre est particuli\u00e8rement productif, assurant des rendements \u00e9lev\u00e9s m\u00eame dans des conditions environnementales variables.<\/p>\n<p><strong>\u062a\u0648\u0627\u0632\u0646 \u0627\u0644\u0630\u0648\u0642:<\/strong><br \/>\n\u062b\u0645\u0627\u0631 \u0647\u0630\u0627 \u0627\u0644\u0635\u0646\u0641 \u0630\u0627\u062a \u0639\u064a\u0627\u0631 \u0645\u0646 \u0627\u0644\u0635\u0646\u0641 \u0623  \u0648 \u062c\u0648\u062f\u0629 \u062a\u0630\u0648\u0642 \u0645\u0639\u062a\u062f\u0644\u0629 \u0637\u0639\u0645\u0647 \u0627\u0644\u062d\u0644\u0648 \u0648 \u0627\u0644\u062d\u0627\u0645\u0636 \u0642\u0644\u064a\u0644\u0627 \u064a\u0645\u0646\u062d \u062a\u062c\u0631\u0628\u0629 \u062d\u0633\u064a\u0629 \u0645\u0631\u0636\u064a\u0629 \u0644\u0644\u0645\u0633\u062a\u0647\u0644\u0643\u064a\u0646 \u0627\u0644\u0623\u0643\u062b\u0631 \u062a\u0637\u0644\u0628\u0627<\/p>\n<p>\u0628\u0627\u062e\u062a\u0635\u0627\u0631\u060c \u064a\u062c\u0645\u0639 \u0625\u064a\u0631\u0644\u064a \u0648\u0627\u064a\u062a \u0628\u064a\u0646 \u0627\u0644\u0646\u0636\u062c \u0627\u0644\u0645\u0628\u0643\u0631 \u0648\u0627\u0644\u0625\u0646\u062a\u0627\u062c\u064a\u0629 \u0627\u0644\u0639\u0627\u0644\u064a\u0629 \u0648\u062c\u0648\u062f\u0629 \u0627\u0644\u0637\u0639\u0645 \u0627\u0644\u0631\u0627\u0626\u0639\u0629\u060c \u0645\u0645\u0627 \u064a\u062c\u0639\u0644\u0647 \u0627\u0644\u062e\u064a\u0627\u0631 \u0627\u0644\u0645\u0641\u0636\u0644 \u0644\u0644\u0645\u0646\u062a\u062c\u064a\u0646 \u0627\u0644\u0631\u0627\u063a\u0628\u064a\u0646 \u0641\u064a \u0632\u064a\u0627\u062f\u0629 \u0645\u062d\u0627\u0635\u064a\u0644\u0647\u0645 \u0625\u0644\u0649 \u0627\u0644\u062d\u062f \u0627\u0644\u0623\u0642\u0635\u0649 \u0645\u0639 \u062a\u0644\u0628\u064a\u0629 \u0645\u062a\u0637\u0644\u0628\u0627\u062a \u0627\u0644\u0633\u0648\u0642.<\/p>","protected":false},"featured_media":2630,"template":"","meta":{"_acf_changed":false},"product_brand":[],"product_cat":[53],"product_tag":[24,35,25,26,27],"class_list":{"0":"post-1005","1":"product","2":"type-product","3":"status-publish","4":"has-post-thumbnail","6":"product_cat-plants-de-nectarniers","7":"product_tag-equipment","8":"product_tag-etranger","9":"product_tag-garden","10":"product_tag-plants","11":"product_tag-tools","13":"first","14":"instock","15":"shipping-taxable","16":"purchasable","17":"product-type-simple"},"acf":[],"yoast_head":"<!-- This site is optimized with the Yoast SEO plugin v25.5 - https:\/\/yoast.com\/wordpress\/plugins\/seo\/ -->\n<title>Early white - P\u00c9PINIERE NOUR DU CENTRE<\/title>\n<meta name=\"robots\" content=\"index, follow, max-snippet:-1, max-image-preview:large, max-video-preview:-1\" \/>\n<link rel=\"canonical\" href=\"https:\/\/pepiniere-nour.com\/ar\/product\/early-white\/\" \/>\n<meta property=\"og:locale\" content=\"ar_AR\" \/>\n<meta property=\"og:type\" content=\"article\" \/>\n<meta property=\"og:title\" content=\"Early white - P\u00c9PINIERE NOUR DU CENTRE\" \/>\n<meta property=\"og:description\" content=\"Caract\u00e9ristiques : La vari\u00e9t\u00e9 Early White se distingue par son port semi-\u00e9rig\u00e9, lui conf\u00e9rant une structure robuste et une vigueur remarquable, adapt\u00e9e aux climats chauds du sud.  Maturit\u00e9 Pr\u00e9coce et Productivit\u00e9 : Les fruits de l\u2019Early White atteignent leur maturit\u00e9 environ 20 jours avant la vari\u00e9t\u00e9 de r\u00e9f\u00e9rence Big Haven, t\u00e9moignant d&#039;une pr\u00e9cocit\u00e9 remarquable. Cette caract\u00e9ristique permet une r\u00e9colte anticip\u00e9e et une prolongation de la saison de production. De plus, son arbre est particuli\u00e8rement productif, assurant des rendements \u00e9lev\u00e9s m\u00eame dans des conditions environnementales variables.  \u00c9quilibre Gustatif : Les fruits de l\u2019Early White pr\u00e9sentent un calibre de type A et une qualit\u00e9 gustative \u00e9quilibr\u00e9e. Leur saveur l\u00e9g\u00e8rement sucr\u00e9e et acidul\u00e9e offre une exp\u00e9rience sensorielle satisfaisante pour les consommateurs les plus exigeants.  En somme, l\u2019Early White combine une maturit\u00e9 pr\u00e9coce, une productivit\u00e9 \u00e9lev\u00e9e et une qualit\u00e9 gustative remarquable, en faisant un choix privil\u00e9gi\u00e9 pour les producteurs souhaitant maximiser leurs r\u00e9coltes tout en r\u00e9pondant aux exigences du march\u00e9.\" \/>\n<meta property=\"og:url\" content=\"https:\/\/pepiniere-nour.com\/ar\/product\/early-white\/\" \/>\n<meta property=\"og:site_name\" content=\"P\u00c9PINIERE NOUR DU CENTRE\" \/>\n<meta property=\"article:modified_time\" content=\"2024-05-20T22:22:16+00:00\" \/>\n<meta property=\"og:image\" content=\"https:\/\/pepiniere-nour.com\/wp-content\/uploads\/2024\/03\/sweet-organic-peaches-on-tree-in-big-garden-banne-2023-11-27-05-02-05-utc-1.jpg\" \/>\n\t<meta property=\"og:image:width\" content=\"570\" \/>\n\t<meta property=\"og:image:height\" content=\"380\" \/>\n\t<meta property=\"og:image:type\" content=\"image\/jpeg\" \/>\n<meta name=\"twitter:card\" content=\"summary_large_image\" \/>\n<meta name=\"twitter:label1\" content=\"\u0648\u0642\u062a \u0627\u0644\u0642\u0631\u0627\u0621\u0629 \u0627\u0644\u0645\u064f\u0642\u062f\u0651\u0631\" \/>\n\t<meta name=\"twitter:data1\" content=\"\u062f\u0642\u064a\u0642\u0629 \u0648\u0627\u062d\u062f\u0629\" \/>\n<script type=\"application\/ld+json\" class=\"yoast-schema-graph\">{\"@context\":\"https:\/\/schema.org\",\"@graph\":[{\"@type\":\"WebPage\",\"@id\":\"https:\/\/pepiniere-nour.com\/produit\/early-white\",\"url\":\"https:\/\/pepiniere-nour.com\/produit\/early-white\",\"name\":\"Early white - P\u00c9PINIERE NOUR DU CENTRE\",\"isPartOf\":{\"@id\":\"https:\/\/pepiniere-nour.com\/#website\"},\"primaryImageOfPage\":{\"@id\":\"https:\/\/pepiniere-nour.com\/produit\/early-white#primaryimage\"},\"image\":{\"@id\":\"https:\/\/pepiniere-nour.com\/produit\/early-white#primaryimage\"},\"thumbnailUrl\":\"https:\/\/pepiniere-nour.com\/wp-content\/uploads\/2024\/03\/sweet-organic-peaches-on-tree-in-big-garden-banne-2023-11-27-05-02-05-utc-1.jpg\",\"datePublished\":\"2024-03-20T22:59:42+00:00\",\"dateModified\":\"2024-05-20T22:22:16+00:00\",\"breadcrumb\":{\"@id\":\"https:\/\/pepiniere-nour.com\/produit\/early-white#breadcrumb\"},\"inLanguage\":\"ar\",\"potentialAction\":[{\"@type\":\"ReadAction\",\"target\":[\"https:\/\/pepiniere-nour.com\/produit\/early-white\"]}]},{\"@type\":\"ImageObject\",\"inLanguage\":\"ar\",\"@id\":\"https:\/\/pepiniere-nour.com\/produit\/early-white#primaryimage\",\"url\":\"https:\/\/pepiniere-nour.com\/wp-content\/uploads\/2024\/03\/sweet-organic-peaches-on-tree-in-big-garden-banne-2023-11-27-05-02-05-utc-1.jpg\",\"contentUrl\":\"https:\/\/pepiniere-nour.com\/wp-content\/uploads\/2024\/03\/sweet-organic-peaches-on-tree-in-big-garden-banne-2023-11-27-05-02-05-utc-1.jpg\",\"width\":570,\"height\":380,\"caption\":\"Plants Nectarine Early white\"},{\"@type\":\"BreadcrumbList\",\"@id\":\"https:\/\/pepiniere-nour.com\/produit\/early-white#breadcrumb\",\"itemListElement\":[{\"@type\":\"ListItem\",\"position\":1,\"name\":\"Accueil\",\"item\":\"https:\/\/pepiniere-nour.com\/\"},{\"@type\":\"ListItem\",\"position\":2,\"name\":\"Boutique\",\"item\":\"https:\/\/pepiniere-nour.com\/boutique\"},{\"@type\":\"ListItem\",\"position\":3,\"name\":\"Early white\"}]},{\"@type\":\"WebSite\",\"@id\":\"https:\/\/pepiniere-nour.com\/#website\",\"url\":\"https:\/\/pepiniere-nour.com\/\",\"name\":\"P\u00c9PINIERE NOUR DU CENTRE\",\"description\":\"P\u00c9PINIERE NOUR DU CENTRE\",\"publisher\":{\"@id\":\"https:\/\/pepiniere-nour.com\/#organization\"},\"potentialAction\":[{\"@type\":\"SearchAction\",\"target\":{\"@type\":\"EntryPoint\",\"urlTemplate\":\"https:\/\/pepiniere-nour.com\/?s={search_term_string}\"},\"query-input\":{\"@type\":\"PropertyValueSpecification\",\"valueRequired\":true,\"valueName\":\"search_term_string\"}}],\"inLanguage\":\"ar\"},{\"@type\":\"Organization\",\"@id\":\"https:\/\/pepiniere-nour.com\/#organization\",\"name\":\"P\u00c9PINIERE NOUR DU CENTRE\",\"url\":\"https:\/\/pepiniere-nour.com\/\",\"logo\":{\"@type\":\"ImageObject\",\"inLanguage\":\"ar\",\"@id\":\"https:\/\/pepiniere-nour.com\/#\/schema\/logo\/image\/\",\"url\":\"https:\/\/pepiniere-nour.com\/wp-content\/uploads\/2024\/03\/Remove-bg.ai_1709804773648.png\",\"contentUrl\":\"https:\/\/pepiniere-nour.com\/wp-content\/uploads\/2024\/03\/Remove-bg.ai_1709804773648.png\",\"width\":1199,\"height\":1199,\"caption\":\"P\u00c9PINIERE NOUR DU CENTRE\"},\"image\":{\"@id\":\"https:\/\/pepiniere-nour.com\/#\/schema\/logo\/image\/\"}}]}<\/script>\n<!-- \/ Yoast SEO plugin. -->","yoast_head_json":{"title":"Early white - P\u00c9PINIERE NOUR DU CENTRE","robots":{"index":"index","follow":"follow","max-snippet":"max-snippet:-1","max-image-preview":"max-image-preview:large","max-video-preview":"max-video-preview:-1"},"canonical":"https:\/\/pepiniere-nour.com\/ar\/product\/early-white\/","og_locale":"ar_AR","og_type":"article","og_title":"Early white - P\u00c9PINIERE NOUR DU CENTRE","og_description":"Caract\u00e9ristiques : La vari\u00e9t\u00e9 Early White se distingue par son port semi-\u00e9rig\u00e9, lui conf\u00e9rant une structure robuste et une vigueur remarquable, adapt\u00e9e aux climats chauds du sud.  Maturit\u00e9 Pr\u00e9coce et Productivit\u00e9 : Les fruits de l\u2019Early White atteignent leur maturit\u00e9 environ 20 jours avant la vari\u00e9t\u00e9 de r\u00e9f\u00e9rence Big Haven, t\u00e9moignant d'une pr\u00e9cocit\u00e9 remarquable. Cette caract\u00e9ristique permet une r\u00e9colte anticip\u00e9e et une prolongation de la saison de production. De plus, son arbre est particuli\u00e8rement productif, assurant des rendements \u00e9lev\u00e9s m\u00eame dans des conditions environnementales variables.  \u00c9quilibre Gustatif : Les fruits de l\u2019Early White pr\u00e9sentent un calibre de type A et une qualit\u00e9 gustative \u00e9quilibr\u00e9e. Leur saveur l\u00e9g\u00e8rement sucr\u00e9e et acidul\u00e9e offre une exp\u00e9rience sensorielle satisfaisante pour les consommateurs les plus exigeants.  En somme, l\u2019Early White combine une maturit\u00e9 pr\u00e9coce, une productivit\u00e9 \u00e9lev\u00e9e et une qualit\u00e9 gustative remarquable, en faisant un choix privil\u00e9gi\u00e9 pour les producteurs souhaitant maximiser leurs r\u00e9coltes tout en r\u00e9pondant aux exigences du march\u00e9.","og_url":"https:\/\/pepiniere-nour.com\/ar\/product\/early-white\/","og_site_name":"P\u00c9PINIERE NOUR DU CENTRE","article_modified_time":"2024-05-20T22:22:16+00:00","og_image":[{"width":570,"height":380,"url":"https:\/\/pepiniere-nour.com\/wp-content\/uploads\/2024\/03\/sweet-organic-peaches-on-tree-in-big-garden-banne-2023-11-27-05-02-05-utc-1.jpg","type":"image\/jpeg"}],"twitter_card":"summary_large_image","twitter_misc":{"\u0648\u0642\u062a \u0627\u0644\u0642\u0631\u0627\u0621\u0629 \u0627\u0644\u0645\u064f\u0642\u062f\u0651\u0631":"\u062f\u0642\u064a\u0642\u0629 \u0648\u0627\u062d\u062f\u0629"},"schema":{"@context":"https:\/\/schema.org","@graph":[{"@type":"WebPage","@id":"https:\/\/pepiniere-nour.com\/produit\/early-white","url":"https:\/\/pepiniere-nour.com\/produit\/early-white","name":"Early white - P\u00c9PINIERE NOUR DU CENTRE","isPartOf":{"@id":"https:\/\/pepiniere-nour.com\/#website"},"primaryImageOfPage":{"@id":"https:\/\/pepiniere-nour.com\/produit\/early-white#primaryimage"},"image":{"@id":"https:\/\/pepiniere-nour.com\/produit\/early-white#primaryimage"},"thumbnailUrl":"https:\/\/pepiniere-nour.com\/wp-content\/uploads\/2024\/03\/sweet-organic-peaches-on-tree-in-big-garden-banne-2023-11-27-05-02-05-utc-1.jpg","datePublished":"2024-03-20T22:59:42+00:00","dateModified":"2024-05-20T22:22:16+00:00","breadcrumb":{"@id":"https:\/\/pepiniere-nour.com\/produit\/early-white#breadcrumb"},"inLanguage":"ar","potentialAction":[{"@type":"ReadAction","target":["https:\/\/pepiniere-nour.com\/produit\/early-white"]}]},{"@type":"ImageObject","inLanguage":"ar","@id":"https:\/\/pepiniere-nour.com\/produit\/early-white#primaryimage","url":"https:\/\/pepiniere-nour.com\/wp-content\/uploads\/2024\/03\/sweet-organic-peaches-on-tree-in-big-garden-banne-2023-11-27-05-02-05-utc-1.jpg","contentUrl":"https:\/\/pepiniere-nour.com\/wp-content\/uploads\/2024\/03\/sweet-organic-peaches-on-tree-in-big-garden-banne-2023-11-27-05-02-05-utc-1.jpg","width":570,"height":380,"caption":"Plants Nectarine Early white"},{"@type":"BreadcrumbList","@id":"https:\/\/pepiniere-nour.com\/produit\/early-white#breadcrumb","itemListElement":[{"@type":"ListItem","position":1,"name":"Accueil","item":"https:\/\/pepiniere-nour.com\/"},{"@type":"ListItem","position":2,"name":"Boutique","item":"https:\/\/pepiniere-nour.com\/boutique"},{"@type":"ListItem","position":3,"name":"Early white"}]},{"@type":"WebSite","@id":"https:\/\/pepiniere-nour.com\/#website","url":"https:\/\/pepiniere-nour.com\/","name":"P\u00c9PINIERE NOUR DU CENTRE","description":"P\u00c9PINIERE NOUR DU CENTRE","publisher":{"@id":"https:\/\/pepiniere-nour.com\/#organization"},"potentialAction":[{"@type":"SearchAction","target":{"@type":"EntryPoint","urlTemplate":"https:\/\/pepiniere-nour.com\/?s={search_term_string}"},"query-input":{"@type":"PropertyValueSpecification","valueRequired":true,"valueName":"search_term_string"}}],"inLanguage":"ar"},{"@type":"Organization","@id":"https:\/\/pepiniere-nour.com\/#organization","name":"P\u00c9PINIERE NOUR DU CENTRE","url":"https:\/\/pepiniere-nour.com\/","logo":{"@type":"ImageObject","inLanguage":"ar","@id":"https:\/\/pepiniere-nour.com\/#\/schema\/logo\/image\/","url":"https:\/\/pepiniere-nour.com\/wp-content\/uploads\/2024\/03\/Remove-bg.ai_1709804773648.png","contentUrl":"https:\/\/pepiniere-nour.com\/wp-content\/uploads\/2024\/03\/Remove-bg.ai_1709804773648.png","width":1199,"height":1199,"caption":"P\u00c9PINIERE NOUR DU CENTRE"},"image":{"@id":"https:\/\/pepiniere-nour.com\/#\/schema\/logo\/image\/"}}]}},"_links":{"self":[{"href":"https:\/\/pepiniere-nour.com\/ar\/wp-json\/wp\/v2\/product\/1005","targetHints":{"allow":["GET"]}}],"collection":[{"href":"https:\/\/pepiniere-nour.com\/ar\/wp-json\/wp\/v2\/product"}],"about":[{"href":"https:\/\/pepiniere-nour.com\/ar\/wp-json\/wp\/v2\/types\/product"}],"wp:featuredmedia":[{"embeddable":true,"href":"https:\/\/pepiniere-nour.com\/ar\/wp-json\/wp\/v2\/media\/2630"}],"wp:attachment":[{"href":"https:\/\/pepiniere-nour.com\/ar\/wp-json\/wp\/v2\/media?parent=1005"}],"wp:term":[{"taxonomy":"product_brand","embeddable":true,"href":"https:\/\/pepiniere-nour.com\/ar\/wp-json\/wp\/v2\/product_brand?post=1005"},{"taxonomy":"product_cat","embeddable":true,"href":"https:\/\/pepiniere-nour.com\/ar\/wp-json\/wp\/v2\/product_cat?post=1005"},{"taxonomy":"product_tag","embeddable":true,"href":"https:\/\/pepiniere-nour.com\/ar\/wp-json\/wp\/v2\/product_tag?post=1005"}],"curies":[{"name":"wp","href":"https:\/\/api.w.org\/{rel}","templated":true}]}}