{"id":1001,"date":"2024-03-20T22:58:59","date_gmt":"2024-03-20T22:58:59","guid":{"rendered":"https:\/\/pepiniere-nour.com\/?post_type=product&#038;p=1001"},"modified":"2024-05-21T11:43:35","modified_gmt":"2024-05-21T11:43:35","slug":"606","status":"publish","type":"product","link":"https:\/\/pepiniere-nour.com\/ar\/product\/606","title":{"rendered":"606"},"content":{"rendered":"","protected":false},"excerpt":{"rendered":"<p><strong>\u0627\u0644\u062e\u0635\u0627\u0626\u0635 \u0648\u0627\u0644\u0623\u0635\u0644<\/strong><\/p>\n<p>\u0634\u062c\u0631\u0629 \u0627\u0644\u0628\u0631\u0642\u0648\u0642 606 \u064a\u0627\u0628\u0627\u0646\u064a\u0629 \u0627\u0644\u0645\u0646\u0634\u0623 \u0648\u0647\u064a \u0635\u0646\u0641 \u064a\u0627\u0628\u0627\u0646\u064a \u0645\u0634\u0647\u0648\u0631 \u0628\u062e\u0635\u0627\u0626\u0635\u0647 \u0627\u0644\u0645\u0645\u064a\u0632\u0629. \u064a\u0645\u0646\u062d \u0623\u0635\u0644\u0647\u0627 \u0627\u0644\u0622\u0633\u064a\u0648\u064a \u0647\u0630\u0647 \u0627\u0644\u0634\u062c\u0631\u0629 \u0627\u0644\u0645\u062b\u0645\u0631\u0629 \u062a\u0627\u0631\u064a\u062e\u064b\u0627 \u063a\u0646\u064a\u064b\u0627 \u0648\u062a\u0643\u064a\u0641\u064b\u0627 \u0645\u062d\u062f\u062f\u064b\u0627 \u0645\u0639 \u0627\u0644\u0638\u0631\u0648\u0641 \u0627\u0644\u0645\u0646\u0627\u062e\u064a\u0629 \u0648\u0627\u0644\u062a\u0631\u0628\u0629.<\/p>\n<p><strong>\u0627\u0644\u0635\u0641\u0627\u062a \u0627\u0644\u062d\u0633\u064a\u0629 \u0648\u062a\u0646\u0633\u064a\u0642\u0627\u062a \u0627\u0644\u0645\u0628\u064a\u0639\u0627\u062a<\/strong><\/p>\n<p>\u062a\u0645 \u062a\u0642\u062f\u064a\u0631 \u0634\u062c\u0631\u0629 \u0627\u0644\u0641\u0627\u0643\u0647\u0629 \u0630\u0627\u062a\u064a\u0629 \u0627\u0644\u062e\u0635\u0648\u0628\u0629 \u0647\u0630\u0647 \u0644\u0635\u0641\u0627\u062a\u0647\u0627 \u0627\u0644\u0630\u0648\u0642\u064a\u0629 \u0627\u0644\u0627\u0633\u062a\u062b\u0646\u0627\u0626\u064a\u0629\u060c \u0648\u062a\u0645 \u062a\u0637\u0639\u064a\u0645\u0647\u0627 \u0641\u064a \u0645\u0627\u0631\u064a\u0627\u0646\u0627 \u0648\u0645\u064a\u0631\u0648\u0628\u0627\u0644\u0627\u0646. \u0645\u062a\u0648\u0641\u0631 \u0628\u0623\u062d\u062c\u0627\u0645 \u0645\u062e\u062a\u0644\u0641\u0629\u060c \u0628\u062f\u0621\u064b\u0627 \u0645\u0646 \u0645\u0642\u0635 \u0627\u0644\u062c\u0630\u0648\u0631 \u0627\u0644\u0639\u0627\u0631\u064a\u0629 \u0628\u0639\u0645\u0631 \u0639\u0627\u0645\u064a\u0646 \u0648\u062d\u062a\u0649 \u0627\u0644\u0623\u0643\u064a\u0627\u0633 \u0633\u0639\u0629 4 \u0644\u062a\u0631 \u064820 \u0644\u062a\u0631\u064b\u0627\u060c \u0648\u0647\u0648 \u064a\u0648\u0641\u0631 \u0645\u0631\u0648\u0646\u0629 \u064a\u0642\u062f\u0631\u0647\u0627 \u0627\u0644\u0645\u0632\u0627\u0631\u0639\u0648\u0646.<\/p>","protected":false},"featured_media":2643,"template":"","meta":{"_acf_changed":false},"product_brand":[],"product_cat":[52],"product_tag":[24,35,25,26,27],"class_list":{"0":"post-1001","1":"product","2":"type-product","3":"status-publish","4":"has-post-thumbnail","6":"product_cat-plants-de-pruniers","7":"product_tag-equipment","8":"product_tag-etranger","9":"product_tag-garden","10":"product_tag-plants","11":"product_tag-tools","13":"first","14":"instock","15":"shipping-taxable","16":"purchasable","17":"product-type-simple"},"acf":[],"yoast_head":"<!-- This site is optimized with the Yoast SEO plugin v25.5 - https:\/\/yoast.com\/wordpress\/plugins\/seo\/ -->\n<title>606 - P\u00c9PINIERE NOUR DU CENTRE<\/title>\n<meta name=\"robots\" content=\"index, follow, max-snippet:-1, max-image-preview:large, max-video-preview:-1\" \/>\n<link rel=\"canonical\" href=\"https:\/\/pepiniere-nour.com\/ar\/product\/606\/\" \/>\n<meta property=\"og:locale\" content=\"ar_AR\" \/>\n<meta property=\"og:type\" content=\"article\" \/>\n<meta property=\"og:title\" content=\"606 - P\u00c9PINIERE NOUR DU CENTRE\" \/>\n<meta property=\"og:description\" content=\"Caract\u00e9ristiques et Origine  Originaire du Japon, le prunier 606 est un cultivar japonais r\u00e9put\u00e9 pour ses caract\u00e9ristiques distinctives. Sa provenance asiatique conf\u00e8re \u00e0 ce fruitier une histoire riche et une adaptation sp\u00e9cifique aux conditions climatiques et de sol.  Qualit\u00e9s Organoleptiques et Formats de Vente  Appr\u00e9ci\u00e9 pour ses qualit\u00e9s gustatives exceptionnelles, ce fruitier auto-fertile est greff\u00e9 sur Mariana et Myrobolan. Disponible en diff\u00e9rentes tailles, du scion de 2 ans \u00e0 racines nues aux sachets de 4L et 20L, il offre une flexibilit\u00e9 appr\u00e9ci\u00e9e pour les cultivateurs.\" \/>\n<meta property=\"og:url\" content=\"https:\/\/pepiniere-nour.com\/ar\/product\/606\/\" \/>\n<meta property=\"og:site_name\" content=\"P\u00c9PINIERE NOUR DU CENTRE\" \/>\n<meta property=\"article:modified_time\" content=\"2024-05-21T11:43:35+00:00\" \/>\n<meta property=\"og:image\" content=\"https:\/\/pepiniere-nour.com\/wp-content\/uploads\/2024\/05\/ripe-cherry-plums-and-tree-branch-close-2023-11-27-05-20-43-utc-1.jpg\" \/>\n\t<meta property=\"og:image:width\" content=\"570\" \/>\n\t<meta property=\"og:image:height\" content=\"381\" \/>\n\t<meta property=\"og:image:type\" content=\"image\/jpeg\" \/>\n<meta name=\"twitter:card\" content=\"summary_large_image\" \/>\n<meta name=\"twitter:label1\" content=\"\u0648\u0642\u062a \u0627\u0644\u0642\u0631\u0627\u0621\u0629 \u0627\u0644\u0645\u064f\u0642\u062f\u0651\u0631\" \/>\n\t<meta name=\"twitter:data1\" content=\"\u062f\u0642\u064a\u0642\u0629 \u0648\u0627\u062d\u062f\u0629\" \/>\n<script type=\"application\/ld+json\" class=\"yoast-schema-graph\">{\"@context\":\"https:\/\/schema.org\",\"@graph\":[{\"@type\":\"WebPage\",\"@id\":\"https:\/\/pepiniere-nour.com\/produit\/606\",\"url\":\"https:\/\/pepiniere-nour.com\/produit\/606\",\"name\":\"606 - P\u00c9PINIERE NOUR DU CENTRE\",\"isPartOf\":{\"@id\":\"https:\/\/pepiniere-nour.com\/#website\"},\"primaryImageOfPage\":{\"@id\":\"https:\/\/pepiniere-nour.com\/produit\/606#primaryimage\"},\"image\":{\"@id\":\"https:\/\/pepiniere-nour.com\/produit\/606#primaryimage\"},\"thumbnailUrl\":\"https:\/\/pepiniere-nour.com\/wp-content\/uploads\/2024\/05\/ripe-cherry-plums-and-tree-branch-close-2023-11-27-05-20-43-utc-1.jpg\",\"datePublished\":\"2024-03-20T22:58:59+00:00\",\"dateModified\":\"2024-05-21T11:43:35+00:00\",\"breadcrumb\":{\"@id\":\"https:\/\/pepiniere-nour.com\/produit\/606#breadcrumb\"},\"inLanguage\":\"ar\",\"potentialAction\":[{\"@type\":\"ReadAction\",\"target\":[\"https:\/\/pepiniere-nour.com\/produit\/606\"]}]},{\"@type\":\"ImageObject\",\"inLanguage\":\"ar\",\"@id\":\"https:\/\/pepiniere-nour.com\/produit\/606#primaryimage\",\"url\":\"https:\/\/pepiniere-nour.com\/wp-content\/uploads\/2024\/05\/ripe-cherry-plums-and-tree-branch-close-2023-11-27-05-20-43-utc-1.jpg\",\"contentUrl\":\"https:\/\/pepiniere-nour.com\/wp-content\/uploads\/2024\/05\/ripe-cherry-plums-and-tree-branch-close-2023-11-27-05-20-43-utc-1.jpg\",\"width\":570,\"height\":381,\"caption\":\"Plants de pruniers 606\"},{\"@type\":\"BreadcrumbList\",\"@id\":\"https:\/\/pepiniere-nour.com\/produit\/606#breadcrumb\",\"itemListElement\":[{\"@type\":\"ListItem\",\"position\":1,\"name\":\"Accueil\",\"item\":\"https:\/\/pepiniere-nour.com\/\"},{\"@type\":\"ListItem\",\"position\":2,\"name\":\"Boutique\",\"item\":\"https:\/\/pepiniere-nour.com\/boutique\"},{\"@type\":\"ListItem\",\"position\":3,\"name\":\"606\"}]},{\"@type\":\"WebSite\",\"@id\":\"https:\/\/pepiniere-nour.com\/#website\",\"url\":\"https:\/\/pepiniere-nour.com\/\",\"name\":\"P\u00c9PINIERE NOUR DU CENTRE\",\"description\":\"P\u00c9PINIERE NOUR DU CENTRE\",\"publisher\":{\"@id\":\"https:\/\/pepiniere-nour.com\/#organization\"},\"potentialAction\":[{\"@type\":\"SearchAction\",\"target\":{\"@type\":\"EntryPoint\",\"urlTemplate\":\"https:\/\/pepiniere-nour.com\/?s={search_term_string}\"},\"query-input\":{\"@type\":\"PropertyValueSpecification\",\"valueRequired\":true,\"valueName\":\"search_term_string\"}}],\"inLanguage\":\"ar\"},{\"@type\":\"Organization\",\"@id\":\"https:\/\/pepiniere-nour.com\/#organization\",\"name\":\"P\u00c9PINIERE NOUR DU CENTRE\",\"url\":\"https:\/\/pepiniere-nour.com\/\",\"logo\":{\"@type\":\"ImageObject\",\"inLanguage\":\"ar\",\"@id\":\"https:\/\/pepiniere-nour.com\/#\/schema\/logo\/image\/\",\"url\":\"https:\/\/pepiniere-nour.com\/wp-content\/uploads\/2024\/03\/Remove-bg.ai_1709804773648.png\",\"contentUrl\":\"https:\/\/pepiniere-nour.com\/wp-content\/uploads\/2024\/03\/Remove-bg.ai_1709804773648.png\",\"width\":1199,\"height\":1199,\"caption\":\"P\u00c9PINIERE NOUR DU CENTRE\"},\"image\":{\"@id\":\"https:\/\/pepiniere-nour.com\/#\/schema\/logo\/image\/\"}}]}<\/script>\n<!-- \/ Yoast SEO plugin. -->","yoast_head_json":{"title":"606 - P\u00c9PINIERE NOUR DU CENTRE","robots":{"index":"index","follow":"follow","max-snippet":"max-snippet:-1","max-image-preview":"max-image-preview:large","max-video-preview":"max-video-preview:-1"},"canonical":"https:\/\/pepiniere-nour.com\/ar\/product\/606\/","og_locale":"ar_AR","og_type":"article","og_title":"606 - P\u00c9PINIERE NOUR DU CENTRE","og_description":"Caract\u00e9ristiques et Origine  Originaire du Japon, le prunier 606 est un cultivar japonais r\u00e9put\u00e9 pour ses caract\u00e9ristiques distinctives. Sa provenance asiatique conf\u00e8re \u00e0 ce fruitier une histoire riche et une adaptation sp\u00e9cifique aux conditions climatiques et de sol.  Qualit\u00e9s Organoleptiques et Formats de Vente  Appr\u00e9ci\u00e9 pour ses qualit\u00e9s gustatives exceptionnelles, ce fruitier auto-fertile est greff\u00e9 sur Mariana et Myrobolan. Disponible en diff\u00e9rentes tailles, du scion de 2 ans \u00e0 racines nues aux sachets de 4L et 20L, il offre une flexibilit\u00e9 appr\u00e9ci\u00e9e pour les cultivateurs.","og_url":"https:\/\/pepiniere-nour.com\/ar\/product\/606\/","og_site_name":"P\u00c9PINIERE NOUR DU CENTRE","article_modified_time":"2024-05-21T11:43:35+00:00","og_image":[{"width":570,"height":381,"url":"https:\/\/pepiniere-nour.com\/wp-content\/uploads\/2024\/05\/ripe-cherry-plums-and-tree-branch-close-2023-11-27-05-20-43-utc-1.jpg","type":"image\/jpeg"}],"twitter_card":"summary_large_image","twitter_misc":{"\u0648\u0642\u062a \u0627\u0644\u0642\u0631\u0627\u0621\u0629 \u0627\u0644\u0645\u064f\u0642\u062f\u0651\u0631":"\u062f\u0642\u064a\u0642\u0629 \u0648\u0627\u062d\u062f\u0629"},"schema":{"@context":"https:\/\/schema.org","@graph":[{"@type":"WebPage","@id":"https:\/\/pepiniere-nour.com\/produit\/606","url":"https:\/\/pepiniere-nour.com\/produit\/606","name":"606 - P\u00c9PINIERE NOUR DU CENTRE","isPartOf":{"@id":"https:\/\/pepiniere-nour.com\/#website"},"primaryImageOfPage":{"@id":"https:\/\/pepiniere-nour.com\/produit\/606#primaryimage"},"image":{"@id":"https:\/\/pepiniere-nour.com\/produit\/606#primaryimage"},"thumbnailUrl":"https:\/\/pepiniere-nour.com\/wp-content\/uploads\/2024\/05\/ripe-cherry-plums-and-tree-branch-close-2023-11-27-05-20-43-utc-1.jpg","datePublished":"2024-03-20T22:58:59+00:00","dateModified":"2024-05-21T11:43:35+00:00","breadcrumb":{"@id":"https:\/\/pepiniere-nour.com\/produit\/606#breadcrumb"},"inLanguage":"ar","potentialAction":[{"@type":"ReadAction","target":["https:\/\/pepiniere-nour.com\/produit\/606"]}]},{"@type":"ImageObject","inLanguage":"ar","@id":"https:\/\/pepiniere-nour.com\/produit\/606#primaryimage","url":"https:\/\/pepiniere-nour.com\/wp-content\/uploads\/2024\/05\/ripe-cherry-plums-and-tree-branch-close-2023-11-27-05-20-43-utc-1.jpg","contentUrl":"https:\/\/pepiniere-nour.com\/wp-content\/uploads\/2024\/05\/ripe-cherry-plums-and-tree-branch-close-2023-11-27-05-20-43-utc-1.jpg","width":570,"height":381,"caption":"Plants de pruniers 606"},{"@type":"BreadcrumbList","@id":"https:\/\/pepiniere-nour.com\/produit\/606#breadcrumb","itemListElement":[{"@type":"ListItem","position":1,"name":"Accueil","item":"https:\/\/pepiniere-nour.com\/"},{"@type":"ListItem","position":2,"name":"Boutique","item":"https:\/\/pepiniere-nour.com\/boutique"},{"@type":"ListItem","position":3,"name":"606"}]},{"@type":"WebSite","@id":"https:\/\/pepiniere-nour.com\/#website","url":"https:\/\/pepiniere-nour.com\/","name":"P\u00c9PINIERE NOUR DU CENTRE","description":"P\u00c9PINIERE NOUR DU CENTRE","publisher":{"@id":"https:\/\/pepiniere-nour.com\/#organization"},"potentialAction":[{"@type":"SearchAction","target":{"@type":"EntryPoint","urlTemplate":"https:\/\/pepiniere-nour.com\/?s={search_term_string}"},"query-input":{"@type":"PropertyValueSpecification","valueRequired":true,"valueName":"search_term_string"}}],"inLanguage":"ar"},{"@type":"Organization","@id":"https:\/\/pepiniere-nour.com\/#organization","name":"P\u00c9PINIERE NOUR DU CENTRE","url":"https:\/\/pepiniere-nour.com\/","logo":{"@type":"ImageObject","inLanguage":"ar","@id":"https:\/\/pepiniere-nour.com\/#\/schema\/logo\/image\/","url":"https:\/\/pepiniere-nour.com\/wp-content\/uploads\/2024\/03\/Remove-bg.ai_1709804773648.png","contentUrl":"https:\/\/pepiniere-nour.com\/wp-content\/uploads\/2024\/03\/Remove-bg.ai_1709804773648.png","width":1199,"height":1199,"caption":"P\u00c9PINIERE NOUR DU CENTRE"},"image":{"@id":"https:\/\/pepiniere-nour.com\/#\/schema\/logo\/image\/"}}]}},"_links":{"self":[{"href":"https:\/\/pepiniere-nour.com\/ar\/wp-json\/wp\/v2\/product\/1001","targetHints":{"allow":["GET"]}}],"collection":[{"href":"https:\/\/pepiniere-nour.com\/ar\/wp-json\/wp\/v2\/product"}],"about":[{"href":"https:\/\/pepiniere-nour.com\/ar\/wp-json\/wp\/v2\/types\/product"}],"wp:featuredmedia":[{"embeddable":true,"href":"https:\/\/pepiniere-nour.com\/ar\/wp-json\/wp\/v2\/media\/2643"}],"wp:attachment":[{"href":"https:\/\/pepiniere-nour.com\/ar\/wp-json\/wp\/v2\/media?parent=1001"}],"wp:term":[{"taxonomy":"product_brand","embeddable":true,"href":"https:\/\/pepiniere-nour.com\/ar\/wp-json\/wp\/v2\/product_brand?post=1001"},{"taxonomy":"product_cat","embeddable":true,"href":"https:\/\/pepiniere-nour.com\/ar\/wp-json\/wp\/v2\/product_cat?post=1001"},{"taxonomy":"product_tag","embeddable":true,"href":"https:\/\/pepiniere-nour.com\/ar\/wp-json\/wp\/v2\/product_tag?post=1001"}],"curies":[{"name":"wp","href":"https:\/\/api.w.org\/{rel}","templated":true}]}}