{"id":1000,"date":"2024-03-20T22:58:50","date_gmt":"2024-03-20T22:58:50","guid":{"rendered":"https:\/\/pepiniere-nour.com\/?post_type=product&#038;p=1000"},"modified":"2024-05-21T11:13:54","modified_gmt":"2024-05-21T11:13:54","slug":"pionner","status":"publish","type":"product","link":"https:\/\/pepiniere-nour.com\/ar\/product\/pionner","title":{"rendered":"\u0628\u064a\u0648\u0646\u0631"},"content":{"rendered":"","protected":false},"excerpt":{"rendered":"<p><strong>\u0627\u0644\u062a\u0643\u064a\u0641 \u0645\u0639 \u0645\u0646\u0627\u062e \u0627\u0644\u0628\u062d\u0631 \u0627\u0644\u0623\u0628\u064a\u0636 \u0627\u0644\u0645\u062a\u0648\u0633\u0637<\/strong><\/p>\n<p>\u062a\u0633\u062a\u0641\u064a\u062f \u0632\u0631\u0627\u0639\u0629 \u0634\u062c\u0631\u0629 \u0627\u0644\u0628\u0631\u0642\u0648\u0642 \u0627\u0644\u0631\u0627\u0626\u062f\u0629 \u0641\u064a \u062a\u0648\u0646\u0633 \u0645\u0646 \u062a\u0643\u064a\u0641\u0647\u0627 \u0627\u0644\u0645\u0644\u062d\u0648\u0638 \u0645\u0639 \u0645\u0646\u0627\u062e \u0627\u0644\u0628\u062d\u0631 \u0627\u0644\u0623\u0628\u064a\u0636 \u0627\u0644\u0645\u062a\u0648\u0633\u0637 \u200b\u200b\u0641\u064a \u0627\u0644\u0645\u0646\u0637\u0642\u0629. \u0648\u0642\u062f\u0631\u062a\u0647\u0627 \u0639\u0644\u0649 \u062a\u062d\u0645\u0644 \u0627\u0644\u0641\u062a\u0631\u0627\u062a \u0627\u0644\u062d\u0627\u0631\u0629 \u0648\u0627\u0644\u0645\u0634\u0645\u0633\u0629 \u062a\u0636\u0645\u0646 \u0646\u0645\u0648\u064b\u0627 \u0642\u0648\u064a\u064b\u0627 \u0648\u0625\u0646\u062a\u0627\u062c\u064b\u0627 \u0645\u0633\u062a\u0642\u0631\u064b\u0627\u060c \u062d\u062a\u0649 \u0641\u064a \u0627\u0644\u0638\u0631\u0648\u0641 \u0627\u0644\u0645\u0646\u0627\u062e\u064a\u0629 \u0627\u0644\u0635\u0639\u0628\u0629 \u0623\u062d\u064a\u0627\u0646\u064b\u0627.<\/p>\n<p><strong>\u062c\u0648\u062f\u0629 \u0627\u0644\u062b\u0645\u0627\u0631 \u0648\u0627\u0644\u0645\u062d\u0635\u0648\u0644<\/strong><\/p>\n<p>\u0628\u0627\u0644\u0625\u0636\u0627\u0641\u0629 \u0625\u0644\u0649 \u0645\u0631\u0648\u0646\u062a\u0647\u060c \u064a\u0642\u062f\u0645 \u0647\u0630\u0627 \u0627\u0644\u0635\u0646\u0641 \u062b\u0645\u0627\u0631\u064b\u0627 \u0639\u0627\u0644\u064a\u0629 \u0627\u0644\u062c\u0648\u062f\u0629. \u062b\u0645\u0627\u0631\u0647\u0627  \u0627\u0644\u0644\u0630\u064a\u0630\u0629 \u0627\u0644\u0639\u0635\u064a\u0631\u064a\u0629 \u064a\u062c\u0639\u0644\u0647 \u062e\u064a\u0627\u0631\u064b\u0627 \u0634\u0627\u0626\u0639\u064b\u0627 \u0641\u064a \u0627\u0644\u0623\u0633\u0648\u0627\u0642 \u0627\u0644\u0645\u062d\u0644\u064a\u0629. \u0628\u0627\u0644\u0625\u0636\u0627\u0641\u0629 \u0625\u0644\u0649 \u0630\u0644\u0643\u060c \u0641\u0625\u0646 \u0625\u0646\u062a\u0627\u062c\u064a\u062a\u0647  \u0627\u0644\u0639\u0627\u0644\u064a\u0629 \u062a\u0636\u0645\u0646 \u0639\u0648\u0627\u0626\u062f \u0645\u0631\u0636\u064a\u0629\u060c \u0645\u0645\u0627 \u064a\u0633\u0627\u0647\u0645 \u0641\u064a \u0627\u0632\u062f\u0647\u0627\u0631 \u0645\u0632\u0627\u0631\u0639 \u0627\u0644\u0641\u0627\u0643\u0647\u0629 \u0641\u064a \u062a\u0648\u0646\u0633.<\/p>","protected":false},"featured_media":2641,"template":"","meta":{"_acf_changed":false},"product_brand":[],"product_cat":[52],"product_tag":[24,35,25,26,27],"class_list":{"0":"post-1000","1":"product","2":"type-product","3":"status-publish","4":"has-post-thumbnail","6":"product_cat-plants-de-pruniers","7":"product_tag-equipment","8":"product_tag-etranger","9":"product_tag-garden","10":"product_tag-plants","11":"product_tag-tools","13":"first","14":"instock","15":"shipping-taxable","16":"purchasable","17":"product-type-simple"},"acf":[],"yoast_head":"<!-- This site is optimized with the Yoast SEO plugin v25.5 - https:\/\/yoast.com\/wordpress\/plugins\/seo\/ -->\n<title>Pionner - P\u00c9PINIERE NOUR DU CENTRE<\/title>\n<meta name=\"robots\" content=\"index, follow, max-snippet:-1, max-image-preview:large, max-video-preview:-1\" \/>\n<link rel=\"canonical\" href=\"https:\/\/pepiniere-nour.com\/ar\/product\/pionner\/\" \/>\n<meta property=\"og:locale\" content=\"ar_AR\" \/>\n<meta property=\"og:type\" content=\"article\" \/>\n<meta property=\"og:title\" content=\"Pionner - P\u00c9PINIERE NOUR DU CENTRE\" \/>\n<meta property=\"og:description\" content=\"Adaptation au Climat M\u00e9diterran\u00e9en  La culture du Prunier Pioneer en Tunisie b\u00e9n\u00e9ficie de son adaptation remarquable au climat m\u00e9diterran\u00e9en de la r\u00e9gion. Sa capacit\u00e9 \u00e0 r\u00e9sister aux p\u00e9riodes chaudes et ensoleill\u00e9es garantit une croissance vigoureuse et une production stable, m\u00eame dans des conditions climatiques parfois difficiles.  Qualit\u00e9 des Fruits et Rendement  Outre sa r\u00e9silience, le Prunier Pioneer offre des fruits de qualit\u00e9 sup\u00e9rieure. Sa chair juteuse et savoureuse en fait une option pris\u00e9e sur les march\u00e9s locaux. De plus, sa productivit\u00e9 \u00e9lev\u00e9e assure des rendements satisfaisants, contribuant ainsi \u00e0 la prosp\u00e9rit\u00e9 des exploitations fruiti\u00e8res en Tunisie.\" \/>\n<meta property=\"og:url\" content=\"https:\/\/pepiniere-nour.com\/ar\/product\/pionner\/\" \/>\n<meta property=\"og:site_name\" content=\"P\u00c9PINIERE NOUR DU CENTRE\" \/>\n<meta property=\"article:modified_time\" content=\"2024-05-21T11:13:54+00:00\" \/>\n<meta property=\"og:image\" content=\"https:\/\/pepiniere-nour.com\/wp-content\/uploads\/2024\/05\/ripe-plums-hanging-on-the-branches-of-a-tree-2023-11-27-05-33-21-utc-1.jpg\" \/>\n\t<meta property=\"og:image:width\" content=\"570\" \/>\n\t<meta property=\"og:image:height\" content=\"380\" \/>\n\t<meta property=\"og:image:type\" content=\"image\/jpeg\" \/>\n<meta name=\"twitter:card\" content=\"summary_large_image\" \/>\n<meta name=\"twitter:label1\" content=\"\u0648\u0642\u062a \u0627\u0644\u0642\u0631\u0627\u0621\u0629 \u0627\u0644\u0645\u064f\u0642\u062f\u0651\u0631\" \/>\n\t<meta name=\"twitter:data1\" content=\"\u062f\u0642\u064a\u0642\u0629 \u0648\u0627\u062d\u062f\u0629\" \/>\n<script type=\"application\/ld+json\" class=\"yoast-schema-graph\">{\"@context\":\"https:\/\/schema.org\",\"@graph\":[{\"@type\":\"WebPage\",\"@id\":\"https:\/\/pepiniere-nour.com\/produit\/pionner\",\"url\":\"https:\/\/pepiniere-nour.com\/produit\/pionner\",\"name\":\"Pionner - P\u00c9PINIERE NOUR DU CENTRE\",\"isPartOf\":{\"@id\":\"https:\/\/pepiniere-nour.com\/#website\"},\"primaryImageOfPage\":{\"@id\":\"https:\/\/pepiniere-nour.com\/produit\/pionner#primaryimage\"},\"image\":{\"@id\":\"https:\/\/pepiniere-nour.com\/produit\/pionner#primaryimage\"},\"thumbnailUrl\":\"https:\/\/pepiniere-nour.com\/wp-content\/uploads\/2024\/05\/ripe-plums-hanging-on-the-branches-of-a-tree-2023-11-27-05-33-21-utc-1.jpg\",\"datePublished\":\"2024-03-20T22:58:50+00:00\",\"dateModified\":\"2024-05-21T11:13:54+00:00\",\"breadcrumb\":{\"@id\":\"https:\/\/pepiniere-nour.com\/produit\/pionner#breadcrumb\"},\"inLanguage\":\"ar\",\"potentialAction\":[{\"@type\":\"ReadAction\",\"target\":[\"https:\/\/pepiniere-nour.com\/produit\/pionner\"]}]},{\"@type\":\"ImageObject\",\"inLanguage\":\"ar\",\"@id\":\"https:\/\/pepiniere-nour.com\/produit\/pionner#primaryimage\",\"url\":\"https:\/\/pepiniere-nour.com\/wp-content\/uploads\/2024\/05\/ripe-plums-hanging-on-the-branches-of-a-tree-2023-11-27-05-33-21-utc-1.jpg\",\"contentUrl\":\"https:\/\/pepiniere-nour.com\/wp-content\/uploads\/2024\/05\/ripe-plums-hanging-on-the-branches-of-a-tree-2023-11-27-05-33-21-utc-1.jpg\",\"width\":570,\"height\":380,\"caption\":\"plants de pruniers Pionner\"},{\"@type\":\"BreadcrumbList\",\"@id\":\"https:\/\/pepiniere-nour.com\/produit\/pionner#breadcrumb\",\"itemListElement\":[{\"@type\":\"ListItem\",\"position\":1,\"name\":\"Accueil\",\"item\":\"https:\/\/pepiniere-nour.com\/\"},{\"@type\":\"ListItem\",\"position\":2,\"name\":\"Boutique\",\"item\":\"https:\/\/pepiniere-nour.com\/boutique\"},{\"@type\":\"ListItem\",\"position\":3,\"name\":\"Pionner\"}]},{\"@type\":\"WebSite\",\"@id\":\"https:\/\/pepiniere-nour.com\/#website\",\"url\":\"https:\/\/pepiniere-nour.com\/\",\"name\":\"P\u00c9PINIERE NOUR DU CENTRE\",\"description\":\"P\u00c9PINIERE NOUR DU CENTRE\",\"publisher\":{\"@id\":\"https:\/\/pepiniere-nour.com\/#organization\"},\"potentialAction\":[{\"@type\":\"SearchAction\",\"target\":{\"@type\":\"EntryPoint\",\"urlTemplate\":\"https:\/\/pepiniere-nour.com\/?s={search_term_string}\"},\"query-input\":{\"@type\":\"PropertyValueSpecification\",\"valueRequired\":true,\"valueName\":\"search_term_string\"}}],\"inLanguage\":\"ar\"},{\"@type\":\"Organization\",\"@id\":\"https:\/\/pepiniere-nour.com\/#organization\",\"name\":\"P\u00c9PINIERE NOUR DU CENTRE\",\"url\":\"https:\/\/pepiniere-nour.com\/\",\"logo\":{\"@type\":\"ImageObject\",\"inLanguage\":\"ar\",\"@id\":\"https:\/\/pepiniere-nour.com\/#\/schema\/logo\/image\/\",\"url\":\"https:\/\/pepiniere-nour.com\/wp-content\/uploads\/2024\/03\/Remove-bg.ai_1709804773648.png\",\"contentUrl\":\"https:\/\/pepiniere-nour.com\/wp-content\/uploads\/2024\/03\/Remove-bg.ai_1709804773648.png\",\"width\":1199,\"height\":1199,\"caption\":\"P\u00c9PINIERE NOUR DU CENTRE\"},\"image\":{\"@id\":\"https:\/\/pepiniere-nour.com\/#\/schema\/logo\/image\/\"}}]}<\/script>\n<!-- \/ Yoast SEO plugin. -->","yoast_head_json":{"title":"Pionner - P\u00c9PINIERE NOUR DU CENTRE","robots":{"index":"index","follow":"follow","max-snippet":"max-snippet:-1","max-image-preview":"max-image-preview:large","max-video-preview":"max-video-preview:-1"},"canonical":"https:\/\/pepiniere-nour.com\/ar\/product\/pionner\/","og_locale":"ar_AR","og_type":"article","og_title":"Pionner - P\u00c9PINIERE NOUR DU CENTRE","og_description":"Adaptation au Climat M\u00e9diterran\u00e9en  La culture du Prunier Pioneer en Tunisie b\u00e9n\u00e9ficie de son adaptation remarquable au climat m\u00e9diterran\u00e9en de la r\u00e9gion. Sa capacit\u00e9 \u00e0 r\u00e9sister aux p\u00e9riodes chaudes et ensoleill\u00e9es garantit une croissance vigoureuse et une production stable, m\u00eame dans des conditions climatiques parfois difficiles.  Qualit\u00e9 des Fruits et Rendement  Outre sa r\u00e9silience, le Prunier Pioneer offre des fruits de qualit\u00e9 sup\u00e9rieure. Sa chair juteuse et savoureuse en fait une option pris\u00e9e sur les march\u00e9s locaux. De plus, sa productivit\u00e9 \u00e9lev\u00e9e assure des rendements satisfaisants, contribuant ainsi \u00e0 la prosp\u00e9rit\u00e9 des exploitations fruiti\u00e8res en Tunisie.","og_url":"https:\/\/pepiniere-nour.com\/ar\/product\/pionner\/","og_site_name":"P\u00c9PINIERE NOUR DU CENTRE","article_modified_time":"2024-05-21T11:13:54+00:00","og_image":[{"width":570,"height":380,"url":"https:\/\/pepiniere-nour.com\/wp-content\/uploads\/2024\/05\/ripe-plums-hanging-on-the-branches-of-a-tree-2023-11-27-05-33-21-utc-1.jpg","type":"image\/jpeg"}],"twitter_card":"summary_large_image","twitter_misc":{"\u0648\u0642\u062a \u0627\u0644\u0642\u0631\u0627\u0621\u0629 \u0627\u0644\u0645\u064f\u0642\u062f\u0651\u0631":"\u062f\u0642\u064a\u0642\u0629 \u0648\u0627\u062d\u062f\u0629"},"schema":{"@context":"https:\/\/schema.org","@graph":[{"@type":"WebPage","@id":"https:\/\/pepiniere-nour.com\/produit\/pionner","url":"https:\/\/pepiniere-nour.com\/produit\/pionner","name":"Pionner - P\u00c9PINIERE NOUR DU CENTRE","isPartOf":{"@id":"https:\/\/pepiniere-nour.com\/#website"},"primaryImageOfPage":{"@id":"https:\/\/pepiniere-nour.com\/produit\/pionner#primaryimage"},"image":{"@id":"https:\/\/pepiniere-nour.com\/produit\/pionner#primaryimage"},"thumbnailUrl":"https:\/\/pepiniere-nour.com\/wp-content\/uploads\/2024\/05\/ripe-plums-hanging-on-the-branches-of-a-tree-2023-11-27-05-33-21-utc-1.jpg","datePublished":"2024-03-20T22:58:50+00:00","dateModified":"2024-05-21T11:13:54+00:00","breadcrumb":{"@id":"https:\/\/pepiniere-nour.com\/produit\/pionner#breadcrumb"},"inLanguage":"ar","potentialAction":[{"@type":"ReadAction","target":["https:\/\/pepiniere-nour.com\/produit\/pionner"]}]},{"@type":"ImageObject","inLanguage":"ar","@id":"https:\/\/pepiniere-nour.com\/produit\/pionner#primaryimage","url":"https:\/\/pepiniere-nour.com\/wp-content\/uploads\/2024\/05\/ripe-plums-hanging-on-the-branches-of-a-tree-2023-11-27-05-33-21-utc-1.jpg","contentUrl":"https:\/\/pepiniere-nour.com\/wp-content\/uploads\/2024\/05\/ripe-plums-hanging-on-the-branches-of-a-tree-2023-11-27-05-33-21-utc-1.jpg","width":570,"height":380,"caption":"plants de pruniers Pionner"},{"@type":"BreadcrumbList","@id":"https:\/\/pepiniere-nour.com\/produit\/pionner#breadcrumb","itemListElement":[{"@type":"ListItem","position":1,"name":"Accueil","item":"https:\/\/pepiniere-nour.com\/"},{"@type":"ListItem","position":2,"name":"Boutique","item":"https:\/\/pepiniere-nour.com\/boutique"},{"@type":"ListItem","position":3,"name":"Pionner"}]},{"@type":"WebSite","@id":"https:\/\/pepiniere-nour.com\/#website","url":"https:\/\/pepiniere-nour.com\/","name":"P\u00c9PINIERE NOUR DU CENTRE","description":"P\u00c9PINIERE NOUR DU CENTRE","publisher":{"@id":"https:\/\/pepiniere-nour.com\/#organization"},"potentialAction":[{"@type":"SearchAction","target":{"@type":"EntryPoint","urlTemplate":"https:\/\/pepiniere-nour.com\/?s={search_term_string}"},"query-input":{"@type":"PropertyValueSpecification","valueRequired":true,"valueName":"search_term_string"}}],"inLanguage":"ar"},{"@type":"Organization","@id":"https:\/\/pepiniere-nour.com\/#organization","name":"P\u00c9PINIERE NOUR DU CENTRE","url":"https:\/\/pepiniere-nour.com\/","logo":{"@type":"ImageObject","inLanguage":"ar","@id":"https:\/\/pepiniere-nour.com\/#\/schema\/logo\/image\/","url":"https:\/\/pepiniere-nour.com\/wp-content\/uploads\/2024\/03\/Remove-bg.ai_1709804773648.png","contentUrl":"https:\/\/pepiniere-nour.com\/wp-content\/uploads\/2024\/03\/Remove-bg.ai_1709804773648.png","width":1199,"height":1199,"caption":"P\u00c9PINIERE NOUR DU CENTRE"},"image":{"@id":"https:\/\/pepiniere-nour.com\/#\/schema\/logo\/image\/"}}]}},"_links":{"self":[{"href":"https:\/\/pepiniere-nour.com\/ar\/wp-json\/wp\/v2\/product\/1000","targetHints":{"allow":["GET"]}}],"collection":[{"href":"https:\/\/pepiniere-nour.com\/ar\/wp-json\/wp\/v2\/product"}],"about":[{"href":"https:\/\/pepiniere-nour.com\/ar\/wp-json\/wp\/v2\/types\/product"}],"wp:featuredmedia":[{"embeddable":true,"href":"https:\/\/pepiniere-nour.com\/ar\/wp-json\/wp\/v2\/media\/2641"}],"wp:attachment":[{"href":"https:\/\/pepiniere-nour.com\/ar\/wp-json\/wp\/v2\/media?parent=1000"}],"wp:term":[{"taxonomy":"product_brand","embeddable":true,"href":"https:\/\/pepiniere-nour.com\/ar\/wp-json\/wp\/v2\/product_brand?post=1000"},{"taxonomy":"product_cat","embeddable":true,"href":"https:\/\/pepiniere-nour.com\/ar\/wp-json\/wp\/v2\/product_cat?post=1000"},{"taxonomy":"product_tag","embeddable":true,"href":"https:\/\/pepiniere-nour.com\/ar\/wp-json\/wp\/v2\/product_tag?post=1000"}],"curies":[{"name":"wp","href":"https:\/\/api.w.org\/{rel}","templated":true}]}}