{"id":2054,"date":"2024-04-29T11:37:23","date_gmt":"2024-04-29T11:37:23","guid":{"rendered":"https:\/\/pepiniere-nour.com\/?page_id=2054"},"modified":"2024-05-23T16:56:39","modified_gmt":"2024-05-23T16:56:39","slug":"validation-de-la-commande","status":"publish","type":"page","link":"https:\/\/pepiniere-nour.com\/ar\/validation-de-la-commande","title":{"rendered":"Validation de la devis"},"content":{"rendered":"<div data-elementor-type=\"wp-page\" data-elementor-id=\"2054\" class=\"elementor elementor-2054\" data-elementor-post-type=\"page\">\n\t\t\t\t\t\t<section class=\"elementor-section elementor-top-section elementor-element elementor-element-382ee79 elementor-section-height-min-height elementor-section-content-middle elementor-section-boxed elementor-section-height-default elementor-section-items-middle\" data-id=\"382ee79\" data-element_type=\"section\" data-settings=\"{&quot;background_background&quot;:&quot;classic&quot;,&quot;shape_divider_bottom&quot;:&quot;waves&quot;}\">\n\t\t\t\t\t\t\t<div class=\"elementor-background-overlay\"><\/div>\n\t\t\t\t\t\t<div class=\"elementor-shape elementor-shape-bottom\" aria-hidden=\"true\" data-negative=\"false\">\n\t\t\t<svg xmlns=\"http:\/\/www.w3.org\/2000\/svg\" viewbox=\"0 0 1000 100\" preserveaspectratio=\"none\">\n\t<path class=\"elementor-shape-fill\" d=\"M421.9,6.5c22.6-2.5,51.5,0.4,75.5,5.3c23.6,4.9,70.9,23.5,100.5,35.7c75.8,32.2,133.7,44.5,192.6,49.7\tc23.6,2.1,48.7,3.5,103.4-2.5c54.7-6,106.2-25.6,106.2-25.6V0H0v30.3c0,0,72,32.6,158.4,30.5c39.2-0.7,92.8-6.7,134-22.4\tc21.2-8.1,52.2-18.2,79.7-24.2C399.3,7.9,411.6,7.5,421.9,6.5z\"\/>\n<\/svg>\t\t<\/div>\n\t\t\t\t\t<div class=\"elementor-container elementor-column-gap-no\">\n\t\t\t\t\t<div class=\"elementor-column elementor-col-100 elementor-top-column elementor-element elementor-element-d139bbd\" data-id=\"d139bbd\" data-element_type=\"column\" data-settings=\"{&quot;background_background&quot;:&quot;classic&quot;}\">\n\t\t\t<div class=\"elementor-widget-wrap elementor-element-populated\">\n\t\t\t\t\t\t<div class=\"elementor-element elementor-element-1e2723e elementor-widget elementor-widget-heading\" data-id=\"1e2723e\" data-element_type=\"widget\" data-widget_type=\"heading.default\">\n\t\t\t\t<div class=\"elementor-widget-container\">\n\t\t\t\t\t<h1 class=\"elementor-heading-title elementor-size-default\">Validation de la devis<\/h1>\t\t\t\t<\/div>\n\t\t\t\t<\/div>\n\t\t\t\t\t<\/div>\n\t\t<\/div>\n\t\t\t\t\t<\/div>\n\t\t<\/section>\n\t\t<div class=\"elementor-element elementor-element-3c184ec e-flex e-con-boxed e-con e-parent\" data-id=\"3c184ec\" data-element_type=\"container\">\n\t\t\t\t\t<div class=\"e-con-inner\">\n\t\t\t\t\t<\/div>\n\t\t\t\t<\/div>\n\t\t<div class=\"elementor-element elementor-element-4d18e44 e-flex e-con-boxed e-con e-parent\" data-id=\"4d18e44\" data-element_type=\"container\">\n\t\t\t\t\t<div class=\"e-con-inner\">\n\t\t\t\t<div class=\"elementor-element elementor-element-2e18cac e-checkout-layout-two-column elementor-widget elementor-widget-woocommerce-checkout-page\" data-id=\"2e18cac\" data-element_type=\"widget\" data-settings=\"{&quot;sticky_right_column&quot;:&quot;yes&quot;}\" data-widget_type=\"woocommerce-checkout-page.default\">\n\t\t\t\t<div class=\"elementor-widget-container\">\n\t\t\t\t\t<div class=\"woocommerce\"><\/div>\t\t\t\t<\/div>\n\t\t\t\t<\/div>\n\t\t\t\t\t<\/div>\n\t\t\t\t<\/div>\n\t\t\t\t<\/div>","protected":false},"excerpt":{"rendered":"<p>N&rsquo;h\u00e9sitez pas remplir toutes les champs par des informations correctes pour obtenir un devis. D\u00e9tails du client Pr\u00e9nom&nbsp;* Nom&nbsp;* Adresse e-mail&nbsp;* T\u00e9l\u00e9phone&nbsp;* Ville&nbsp;*ArianaB\u00e9jaBen ArousBizerteGabesGafsaJendoubaKairouanKasserineKebiliLa ManoubaLe KefMahdiaM\u00e9denineMonastirNabeulSfaxSidi BouzidSilianaSousseTataouineTozeurTunisZaghouan Adresse de la ferme&nbsp;* Code postal&nbsp;* Notes de commande&nbsp;(facultatif) Votre demande Produit Sous-total Arbequina 118&nbsp; &times;&nbsp;10008 &#x62f;.&#x62a;&nbsp;0,000 Besbessi&nbsp; &times;&nbsp;9 &#x62f;.&#x62a;&nbsp;0,000 PG15&nbsp; &times;&nbsp;5 &#x62f;.&#x62a;&nbsp;0,000 Mateur&nbsp; &times;&nbsp;3 &#x62f;.&#x62a;&nbsp;0,000 Ascolana&nbsp; &times;&nbsp;4 [&hellip;]<\/p>","protected":false},"author":1,"featured_media":0,"parent":0,"menu_order":0,"comment_status":"closed","ping_status":"closed","template":"","meta":{"_acf_changed":false,"footnotes":""},"class_list":["post-2054","page","type-page","status-publish","hentry"],"acf":[],"yoast_head":"<!-- This site is optimized with the Yoast SEO plugin v25.5 - https:\/\/yoast.com\/wordpress\/plugins\/seo\/ -->\n<title>Validation de la devis - P\u00c9PINIERE NOUR DU CENTRE<\/title>\n<meta name=\"robots\" content=\"index, follow, max-snippet:-1, max-image-preview:large, max-video-preview:-1\" \/>\n<link rel=\"canonical\" href=\"https:\/\/pepiniere-nour.com\/ar\/validation-de-la-commande\/\" \/>\n<meta property=\"og:locale\" content=\"ar_AR\" \/>\n<meta property=\"og:type\" content=\"article\" \/>\n<meta property=\"og:title\" content=\"Validation de la devis - P\u00c9PINIERE NOUR DU CENTRE\" \/>\n<meta property=\"og:description\" content=\"N&rsquo;h\u00e9sitez pas remplir toutes les champs par des informations correctes pour obtenir un devis. D\u00e9tails du client Pr\u00e9nom&nbsp;* Nom&nbsp;* Adresse e-mail&nbsp;* T\u00e9l\u00e9phone&nbsp;* Ville&nbsp;*ArianaB\u00e9jaBen ArousBizerteGabesGafsaJendoubaKairouanKasserineKebiliLa ManoubaLe KefMahdiaM\u00e9denineMonastirNabeulSfaxSidi BouzidSilianaSousseTataouineTozeurTunisZaghouan Adresse de la ferme&nbsp;* Code postal&nbsp;* Notes de commande&nbsp;(facultatif) Votre demande Produit Sous-total Arbequina 118&nbsp; &times;&nbsp;10008 &#x62f;.&#x62a;&nbsp;0,000 Besbessi&nbsp; &times;&nbsp;9 &#x62f;.&#x62a;&nbsp;0,000 PG15&nbsp; &times;&nbsp;5 &#x62f;.&#x62a;&nbsp;0,000 Mateur&nbsp; &times;&nbsp;3 &#x62f;.&#x62a;&nbsp;0,000 Ascolana&nbsp; &times;&nbsp;4 [&hellip;]\" \/>\n<meta property=\"og:url\" content=\"https:\/\/pepiniere-nour.com\/ar\/validation-de-la-commande\/\" \/>\n<meta property=\"og:site_name\" content=\"P\u00c9PINIERE NOUR DU CENTRE\" \/>\n<meta property=\"article:modified_time\" content=\"2024-05-23T16:56:39+00:00\" \/>\n<meta name=\"twitter:card\" content=\"summary_large_image\" \/>\n<meta name=\"twitter:label1\" content=\"\u0648\u0642\u062a \u0627\u0644\u0642\u0631\u0627\u0621\u0629 \u0627\u0644\u0645\u064f\u0642\u062f\u0651\u0631\" \/>\n\t<meta name=\"twitter:data1\" content=\"\u062f\u0642\u064a\u0642\u0629 \u0648\u0627\u062d\u062f\u0629\" \/>\n<script type=\"application\/ld+json\" class=\"yoast-schema-graph\">{\"@context\":\"https:\/\/schema.org\",\"@graph\":[{\"@type\":\"WebPage\",\"@id\":\"https:\/\/pepiniere-nour.com\/validation-de-la-commande\",\"url\":\"https:\/\/pepiniere-nour.com\/validation-de-la-commande\",\"name\":\"Validation de la devis - P\u00c9PINIERE NOUR DU CENTRE\",\"isPartOf\":{\"@id\":\"https:\/\/pepiniere-nour.com\/#website\"},\"datePublished\":\"2024-04-29T11:37:23+00:00\",\"dateModified\":\"2024-05-23T16:56:39+00:00\",\"breadcrumb\":{\"@id\":\"https:\/\/pepiniere-nour.com\/validation-de-la-commande#breadcrumb\"},\"inLanguage\":\"ar\",\"potentialAction\":[{\"@type\":\"ReadAction\",\"target\":[\"https:\/\/pepiniere-nour.com\/validation-de-la-commande\"]}]},{\"@type\":\"BreadcrumbList\",\"@id\":\"https:\/\/pepiniere-nour.com\/validation-de-la-commande#breadcrumb\",\"itemListElement\":[{\"@type\":\"ListItem\",\"position\":1,\"name\":\"Accueil\",\"item\":\"https:\/\/pepiniere-nour.com\/\"},{\"@type\":\"ListItem\",\"position\":2,\"name\":\"Validation de la devis\"}]},{\"@type\":\"WebSite\",\"@id\":\"https:\/\/pepiniere-nour.com\/#website\",\"url\":\"https:\/\/pepiniere-nour.com\/\",\"name\":\"P\u00c9PINIERE NOUR DU CENTRE\",\"description\":\"P\u00c9PINIERE NOUR DU CENTRE\",\"publisher\":{\"@id\":\"https:\/\/pepiniere-nour.com\/#organization\"},\"potentialAction\":[{\"@type\":\"SearchAction\",\"target\":{\"@type\":\"EntryPoint\",\"urlTemplate\":\"https:\/\/pepiniere-nour.com\/?s={search_term_string}\"},\"query-input\":{\"@type\":\"PropertyValueSpecification\",\"valueRequired\":true,\"valueName\":\"search_term_string\"}}],\"inLanguage\":\"ar\"},{\"@type\":\"Organization\",\"@id\":\"https:\/\/pepiniere-nour.com\/#organization\",\"name\":\"P\u00c9PINIERE NOUR DU CENTRE\",\"url\":\"https:\/\/pepiniere-nour.com\/\",\"logo\":{\"@type\":\"ImageObject\",\"inLanguage\":\"ar\",\"@id\":\"https:\/\/pepiniere-nour.com\/#\/schema\/logo\/image\/\",\"url\":\"https:\/\/pepiniere-nour.com\/wp-content\/uploads\/2024\/03\/Remove-bg.ai_1709804773648.png\",\"contentUrl\":\"https:\/\/pepiniere-nour.com\/wp-content\/uploads\/2024\/03\/Remove-bg.ai_1709804773648.png\",\"width\":1199,\"height\":1199,\"caption\":\"P\u00c9PINIERE NOUR DU CENTRE\"},\"image\":{\"@id\":\"https:\/\/pepiniere-nour.com\/#\/schema\/logo\/image\/\"}}]}<\/script>\n<!-- \/ Yoast SEO plugin. -->","yoast_head_json":{"title":"Validation de la devis - P\u00c9PINIERE NOUR DU CENTRE","robots":{"index":"index","follow":"follow","max-snippet":"max-snippet:-1","max-image-preview":"max-image-preview:large","max-video-preview":"max-video-preview:-1"},"canonical":"https:\/\/pepiniere-nour.com\/ar\/validation-de-la-commande\/","og_locale":"ar_AR","og_type":"article","og_title":"Validation de la devis - P\u00c9PINIERE NOUR DU CENTRE","og_description":"N&rsquo;h\u00e9sitez pas remplir toutes les champs par des informations correctes pour obtenir un devis. D\u00e9tails du client Pr\u00e9nom&nbsp;* Nom&nbsp;* Adresse e-mail&nbsp;* T\u00e9l\u00e9phone&nbsp;* Ville&nbsp;*ArianaB\u00e9jaBen ArousBizerteGabesGafsaJendoubaKairouanKasserineKebiliLa ManoubaLe KefMahdiaM\u00e9denineMonastirNabeulSfaxSidi BouzidSilianaSousseTataouineTozeurTunisZaghouan Adresse de la ferme&nbsp;* Code postal&nbsp;* Notes de commande&nbsp;(facultatif) Votre demande Produit Sous-total Arbequina 118&nbsp; &times;&nbsp;10008 &#x62f;.&#x62a;&nbsp;0,000 Besbessi&nbsp; &times;&nbsp;9 &#x62f;.&#x62a;&nbsp;0,000 PG15&nbsp; &times;&nbsp;5 &#x62f;.&#x62a;&nbsp;0,000 Mateur&nbsp; &times;&nbsp;3 &#x62f;.&#x62a;&nbsp;0,000 Ascolana&nbsp; &times;&nbsp;4 [&hellip;]","og_url":"https:\/\/pepiniere-nour.com\/ar\/validation-de-la-commande\/","og_site_name":"P\u00c9PINIERE NOUR DU CENTRE","article_modified_time":"2024-05-23T16:56:39+00:00","twitter_card":"summary_large_image","twitter_misc":{"\u0648\u0642\u062a \u0627\u0644\u0642\u0631\u0627\u0621\u0629 \u0627\u0644\u0645\u064f\u0642\u062f\u0651\u0631":"\u062f\u0642\u064a\u0642\u0629 \u0648\u0627\u062d\u062f\u0629"},"schema":{"@context":"https:\/\/schema.org","@graph":[{"@type":"WebPage","@id":"https:\/\/pepiniere-nour.com\/validation-de-la-commande","url":"https:\/\/pepiniere-nour.com\/validation-de-la-commande","name":"Validation de la devis - P\u00c9PINIERE NOUR DU CENTRE","isPartOf":{"@id":"https:\/\/pepiniere-nour.com\/#website"},"datePublished":"2024-04-29T11:37:23+00:00","dateModified":"2024-05-23T16:56:39+00:00","breadcrumb":{"@id":"https:\/\/pepiniere-nour.com\/validation-de-la-commande#breadcrumb"},"inLanguage":"ar","potentialAction":[{"@type":"ReadAction","target":["https:\/\/pepiniere-nour.com\/validation-de-la-commande"]}]},{"@type":"BreadcrumbList","@id":"https:\/\/pepiniere-nour.com\/validation-de-la-commande#breadcrumb","itemListElement":[{"@type":"ListItem","position":1,"name":"Accueil","item":"https:\/\/pepiniere-nour.com\/"},{"@type":"ListItem","position":2,"name":"Validation de la devis"}]},{"@type":"WebSite","@id":"https:\/\/pepiniere-nour.com\/#website","url":"https:\/\/pepiniere-nour.com\/","name":"P\u00c9PINIERE NOUR DU CENTRE","description":"P\u00c9PINIERE NOUR DU CENTRE","publisher":{"@id":"https:\/\/pepiniere-nour.com\/#organization"},"potentialAction":[{"@type":"SearchAction","target":{"@type":"EntryPoint","urlTemplate":"https:\/\/pepiniere-nour.com\/?s={search_term_string}"},"query-input":{"@type":"PropertyValueSpecification","valueRequired":true,"valueName":"search_term_string"}}],"inLanguage":"ar"},{"@type":"Organization","@id":"https:\/\/pepiniere-nour.com\/#organization","name":"P\u00c9PINIERE NOUR DU CENTRE","url":"https:\/\/pepiniere-nour.com\/","logo":{"@type":"ImageObject","inLanguage":"ar","@id":"https:\/\/pepiniere-nour.com\/#\/schema\/logo\/image\/","url":"https:\/\/pepiniere-nour.com\/wp-content\/uploads\/2024\/03\/Remove-bg.ai_1709804773648.png","contentUrl":"https:\/\/pepiniere-nour.com\/wp-content\/uploads\/2024\/03\/Remove-bg.ai_1709804773648.png","width":1199,"height":1199,"caption":"P\u00c9PINIERE NOUR DU CENTRE"},"image":{"@id":"https:\/\/pepiniere-nour.com\/#\/schema\/logo\/image\/"}}]}},"_links":{"self":[{"href":"https:\/\/pepiniere-nour.com\/ar\/wp-json\/wp\/v2\/pages\/2054","targetHints":{"allow":["GET"]}}],"collection":[{"href":"https:\/\/pepiniere-nour.com\/ar\/wp-json\/wp\/v2\/pages"}],"about":[{"href":"https:\/\/pepiniere-nour.com\/ar\/wp-json\/wp\/v2\/types\/page"}],"author":[{"embeddable":true,"href":"https:\/\/pepiniere-nour.com\/ar\/wp-json\/wp\/v2\/users\/1"}],"replies":[{"embeddable":true,"href":"https:\/\/pepiniere-nour.com\/ar\/wp-json\/wp\/v2\/comments?post=2054"}],"version-history":[{"count":0,"href":"https:\/\/pepiniere-nour.com\/ar\/wp-json\/wp\/v2\/pages\/2054\/revisions"}],"wp:attachment":[{"href":"https:\/\/pepiniere-nour.com\/ar\/wp-json\/wp\/v2\/media?parent=2054"}],"curies":[{"name":"wp","href":"https:\/\/api.w.org\/{rel}","templated":true}]}}