{"id":989,"date":"2024-03-20T22:57:01","date_gmt":"2024-03-20T22:57:01","guid":{"rendered":"https:\/\/pepiniere-nour.com\/?post_type=product&#038;p=989"},"modified":"2024-05-21T11:25:04","modified_gmt":"2024-05-21T11:25:04","slug":"peche-ronde","status":"publish","type":"product","link":"http:\/\/pepiniere-nour.com\/ar\/product\/peche-ronde","title":{"rendered":"\u062e\u0648\u062e \u0645\u0633\u062a\u062f\u064a\u0631"},"content":{"rendered":"","protected":false},"excerpt":{"rendered":"<p><strong>\u0633\u0645\u0627\u062a<\/strong><\/p>\n<p>La Vari\u00e9t\u00e9 de P\u00eache Ronde Tardive extr\u00eame 486. Vari\u00e9t\u00e9 \u00e0 Faible Besoin en Froid (Low chilling). Fruit \u00e0 chair jaune, \u00e0 Tr\u00e8s gros calibre (poids pouvant atteindre 300 g par pi\u00e8ce selon la conduite adapt\u00e9e par l&rsquo;agriculteur), avec un Brix de 18.<\/p>\n<p><strong>La Douceur de l&rsquo;Automne<\/strong><\/p>\n<p>Maturit\u00e9 pr\u00e9vue entre le 15 et le 20 septembre, avec une Coloration rouge jaun\u00e2tre qui s\u00e9duira les consommateurs \u00e0 l&rsquo;approche de l&rsquo;automne.<\/p>","protected":false},"featured_media":2672,"template":"","meta":{"_acf_changed":false},"product_brand":[],"product_cat":[50],"product_tag":[24,35,25,26,27],"class_list":{"0":"post-989","1":"product","2":"type-product","3":"status-publish","4":"has-post-thumbnail","6":"product_cat-plants-de-pechers","7":"product_tag-equipment","8":"product_tag-etranger","9":"product_tag-garden","10":"product_tag-plants","11":"product_tag-tools","13":"first","14":"instock","15":"shipping-taxable","16":"purchasable","17":"product-type-simple"},"acf":[],"yoast_head":"<!-- This site is optimized with the Yoast SEO plugin v25.5 - https:\/\/yoast.com\/wordpress\/plugins\/seo\/ -->\n<title>P\u00eache ronde - P\u00c9PINIERE NOUR DU CENTRE<\/title>\n<meta name=\"robots\" content=\"index, follow, max-snippet:-1, max-image-preview:large, max-video-preview:-1\" \/>\n<link rel=\"canonical\" href=\"http:\/\/pepiniere-nour.com\/ar\/product\/peche-ronde\/\" \/>\n<meta property=\"og:locale\" content=\"ar_AR\" \/>\n<meta property=\"og:type\" content=\"article\" \/>\n<meta property=\"og:title\" content=\"P\u00eache ronde - P\u00c9PINIERE NOUR DU CENTRE\" \/>\n<meta property=\"og:description\" content=\"Caract\u00e9ristiques  La Vari\u00e9t\u00e9 de P\u00eache Ronde Tardive extr\u00eame 486. Vari\u00e9t\u00e9 \u00e0 Faible Besoin en Froid (Low chilling). Fruit \u00e0 chair jaune, \u00e0 Tr\u00e8s gros calibre (poids pouvant atteindre 300 g par pi\u00e8ce selon la conduite adapt\u00e9e par l&#039;agriculteur), avec un Brix de 18.  La Douceur de l&#039;Automne  Maturit\u00e9 pr\u00e9vue entre le 15 et le 20 septembre, avec une Coloration rouge jaun\u00e2tre qui s\u00e9duira les consommateurs \u00e0 l&#039;approche de l&#039;automne.\" \/>\n<meta property=\"og:url\" content=\"http:\/\/pepiniere-nour.com\/ar\/product\/peche-ronde\/\" \/>\n<meta property=\"og:site_name\" content=\"P\u00c9PINIERE NOUR DU CENTRE\" \/>\n<meta property=\"article:modified_time\" content=\"2024-05-21T11:25:04+00:00\" \/>\n<meta property=\"og:image\" content=\"https:\/\/pepiniere-nour.com\/wp-content\/uploads\/2024\/03\/Fruits-de-peche-sucres-poussant-sur-une-branche-de-pecher.jpg\" \/>\n\t<meta property=\"og:image:width\" content=\"570\" \/>\n\t<meta property=\"og:image:height\" content=\"380\" \/>\n\t<meta property=\"og:image:type\" content=\"image\/jpeg\" \/>\n<meta name=\"twitter:card\" content=\"summary_large_image\" \/>\n<meta name=\"twitter:label1\" content=\"\u0648\u0642\u062a \u0627\u0644\u0642\u0631\u0627\u0621\u0629 \u0627\u0644\u0645\u064f\u0642\u062f\u0651\u0631\" \/>\n\t<meta name=\"twitter:data1\" content=\"\u062f\u0642\u064a\u0642\u0629 \u0648\u0627\u062d\u062f\u0629\" \/>\n<script type=\"application\/ld+json\" class=\"yoast-schema-graph\">{\"@context\":\"https:\/\/schema.org\",\"@graph\":[{\"@type\":\"WebPage\",\"@id\":\"https:\/\/pepiniere-nour.com\/produit\/peche-ronde\",\"url\":\"https:\/\/pepiniere-nour.com\/produit\/peche-ronde\",\"name\":\"P\u00eache ronde - P\u00c9PINIERE NOUR DU CENTRE\",\"isPartOf\":{\"@id\":\"https:\/\/pepiniere-nour.com\/#website\"},\"primaryImageOfPage\":{\"@id\":\"https:\/\/pepiniere-nour.com\/produit\/peche-ronde#primaryimage\"},\"image\":{\"@id\":\"https:\/\/pepiniere-nour.com\/produit\/peche-ronde#primaryimage\"},\"thumbnailUrl\":\"https:\/\/pepiniere-nour.com\/wp-content\/uploads\/2024\/03\/Fruits-de-peche-sucres-poussant-sur-une-branche-de-pecher.jpg\",\"datePublished\":\"2024-03-20T22:57:01+00:00\",\"dateModified\":\"2024-05-21T11:25:04+00:00\",\"breadcrumb\":{\"@id\":\"https:\/\/pepiniere-nour.com\/produit\/peche-ronde#breadcrumb\"},\"inLanguage\":\"ar\",\"potentialAction\":[{\"@type\":\"ReadAction\",\"target\":[\"https:\/\/pepiniere-nour.com\/produit\/peche-ronde\"]}]},{\"@type\":\"ImageObject\",\"inLanguage\":\"ar\",\"@id\":\"https:\/\/pepiniere-nour.com\/produit\/peche-ronde#primaryimage\",\"url\":\"https:\/\/pepiniere-nour.com\/wp-content\/uploads\/2024\/03\/Fruits-de-peche-sucres-poussant-sur-une-branche-de-pecher.jpg\",\"contentUrl\":\"https:\/\/pepiniere-nour.com\/wp-content\/uploads\/2024\/03\/Fruits-de-peche-sucres-poussant-sur-une-branche-de-pecher.jpg\",\"width\":570,\"height\":380,\"caption\":\"Fruits de p\u00eache sucr\u00e9s poussant sur une branche de p\u00eacher\"},{\"@type\":\"BreadcrumbList\",\"@id\":\"https:\/\/pepiniere-nour.com\/produit\/peche-ronde#breadcrumb\",\"itemListElement\":[{\"@type\":\"ListItem\",\"position\":1,\"name\":\"Accueil\",\"item\":\"https:\/\/pepiniere-nour.com\/\"},{\"@type\":\"ListItem\",\"position\":2,\"name\":\"Boutique\",\"item\":\"https:\/\/pepiniere-nour.com\/boutique\"},{\"@type\":\"ListItem\",\"position\":3,\"name\":\"P\u00eache ronde\"}]},{\"@type\":\"WebSite\",\"@id\":\"https:\/\/pepiniere-nour.com\/#website\",\"url\":\"https:\/\/pepiniere-nour.com\/\",\"name\":\"P\u00c9PINIERE NOUR DU CENTRE\",\"description\":\"P\u00c9PINIERE NOUR DU CENTRE\",\"publisher\":{\"@id\":\"https:\/\/pepiniere-nour.com\/#organization\"},\"potentialAction\":[{\"@type\":\"SearchAction\",\"target\":{\"@type\":\"EntryPoint\",\"urlTemplate\":\"https:\/\/pepiniere-nour.com\/?s={search_term_string}\"},\"query-input\":{\"@type\":\"PropertyValueSpecification\",\"valueRequired\":true,\"valueName\":\"search_term_string\"}}],\"inLanguage\":\"ar\"},{\"@type\":\"Organization\",\"@id\":\"https:\/\/pepiniere-nour.com\/#organization\",\"name\":\"P\u00c9PINIERE NOUR DU CENTRE\",\"url\":\"https:\/\/pepiniere-nour.com\/\",\"logo\":{\"@type\":\"ImageObject\",\"inLanguage\":\"ar\",\"@id\":\"https:\/\/pepiniere-nour.com\/#\/schema\/logo\/image\/\",\"url\":\"https:\/\/pepiniere-nour.com\/wp-content\/uploads\/2024\/03\/Remove-bg.ai_1709804773648.png\",\"contentUrl\":\"https:\/\/pepiniere-nour.com\/wp-content\/uploads\/2024\/03\/Remove-bg.ai_1709804773648.png\",\"width\":1199,\"height\":1199,\"caption\":\"P\u00c9PINIERE NOUR DU CENTRE\"},\"image\":{\"@id\":\"https:\/\/pepiniere-nour.com\/#\/schema\/logo\/image\/\"}}]}<\/script>\n<!-- \/ Yoast SEO plugin. -->","yoast_head_json":{"title":"P\u00eache ronde - P\u00c9PINIERE NOUR DU CENTRE","robots":{"index":"index","follow":"follow","max-snippet":"max-snippet:-1","max-image-preview":"max-image-preview:large","max-video-preview":"max-video-preview:-1"},"canonical":"http:\/\/pepiniere-nour.com\/ar\/product\/peche-ronde\/","og_locale":"ar_AR","og_type":"article","og_title":"P\u00eache ronde - P\u00c9PINIERE NOUR DU CENTRE","og_description":"Caract\u00e9ristiques  La Vari\u00e9t\u00e9 de P\u00eache Ronde Tardive extr\u00eame 486. Vari\u00e9t\u00e9 \u00e0 Faible Besoin en Froid (Low chilling). Fruit \u00e0 chair jaune, \u00e0 Tr\u00e8s gros calibre (poids pouvant atteindre 300 g par pi\u00e8ce selon la conduite adapt\u00e9e par l'agriculteur), avec un Brix de 18.  La Douceur de l'Automne  Maturit\u00e9 pr\u00e9vue entre le 15 et le 20 septembre, avec une Coloration rouge jaun\u00e2tre qui s\u00e9duira les consommateurs \u00e0 l'approche de l'automne.","og_url":"http:\/\/pepiniere-nour.com\/ar\/product\/peche-ronde\/","og_site_name":"P\u00c9PINIERE NOUR DU CENTRE","article_modified_time":"2024-05-21T11:25:04+00:00","og_image":[{"width":570,"height":380,"url":"https:\/\/pepiniere-nour.com\/wp-content\/uploads\/2024\/03\/Fruits-de-peche-sucres-poussant-sur-une-branche-de-pecher.jpg","type":"image\/jpeg"}],"twitter_card":"summary_large_image","twitter_misc":{"\u0648\u0642\u062a \u0627\u0644\u0642\u0631\u0627\u0621\u0629 \u0627\u0644\u0645\u064f\u0642\u062f\u0651\u0631":"\u062f\u0642\u064a\u0642\u0629 \u0648\u0627\u062d\u062f\u0629"},"schema":{"@context":"https:\/\/schema.org","@graph":[{"@type":"WebPage","@id":"https:\/\/pepiniere-nour.com\/produit\/peche-ronde","url":"https:\/\/pepiniere-nour.com\/produit\/peche-ronde","name":"P\u00eache ronde - P\u00c9PINIERE NOUR DU CENTRE","isPartOf":{"@id":"https:\/\/pepiniere-nour.com\/#website"},"primaryImageOfPage":{"@id":"https:\/\/pepiniere-nour.com\/produit\/peche-ronde#primaryimage"},"image":{"@id":"https:\/\/pepiniere-nour.com\/produit\/peche-ronde#primaryimage"},"thumbnailUrl":"https:\/\/pepiniere-nour.com\/wp-content\/uploads\/2024\/03\/Fruits-de-peche-sucres-poussant-sur-une-branche-de-pecher.jpg","datePublished":"2024-03-20T22:57:01+00:00","dateModified":"2024-05-21T11:25:04+00:00","breadcrumb":{"@id":"https:\/\/pepiniere-nour.com\/produit\/peche-ronde#breadcrumb"},"inLanguage":"ar","potentialAction":[{"@type":"ReadAction","target":["https:\/\/pepiniere-nour.com\/produit\/peche-ronde"]}]},{"@type":"ImageObject","inLanguage":"ar","@id":"https:\/\/pepiniere-nour.com\/produit\/peche-ronde#primaryimage","url":"https:\/\/pepiniere-nour.com\/wp-content\/uploads\/2024\/03\/Fruits-de-peche-sucres-poussant-sur-une-branche-de-pecher.jpg","contentUrl":"https:\/\/pepiniere-nour.com\/wp-content\/uploads\/2024\/03\/Fruits-de-peche-sucres-poussant-sur-une-branche-de-pecher.jpg","width":570,"height":380,"caption":"Fruits de p\u00eache sucr\u00e9s poussant sur une branche de p\u00eacher"},{"@type":"BreadcrumbList","@id":"https:\/\/pepiniere-nour.com\/produit\/peche-ronde#breadcrumb","itemListElement":[{"@type":"ListItem","position":1,"name":"Accueil","item":"https:\/\/pepiniere-nour.com\/"},{"@type":"ListItem","position":2,"name":"Boutique","item":"https:\/\/pepiniere-nour.com\/boutique"},{"@type":"ListItem","position":3,"name":"P\u00eache ronde"}]},{"@type":"WebSite","@id":"https:\/\/pepiniere-nour.com\/#website","url":"https:\/\/pepiniere-nour.com\/","name":"P\u00c9PINIERE NOUR DU CENTRE","description":"P\u00c9PINIERE NOUR DU CENTRE","publisher":{"@id":"https:\/\/pepiniere-nour.com\/#organization"},"potentialAction":[{"@type":"SearchAction","target":{"@type":"EntryPoint","urlTemplate":"https:\/\/pepiniere-nour.com\/?s={search_term_string}"},"query-input":{"@type":"PropertyValueSpecification","valueRequired":true,"valueName":"search_term_string"}}],"inLanguage":"ar"},{"@type":"Organization","@id":"https:\/\/pepiniere-nour.com\/#organization","name":"P\u00c9PINIERE NOUR DU CENTRE","url":"https:\/\/pepiniere-nour.com\/","logo":{"@type":"ImageObject","inLanguage":"ar","@id":"https:\/\/pepiniere-nour.com\/#\/schema\/logo\/image\/","url":"https:\/\/pepiniere-nour.com\/wp-content\/uploads\/2024\/03\/Remove-bg.ai_1709804773648.png","contentUrl":"https:\/\/pepiniere-nour.com\/wp-content\/uploads\/2024\/03\/Remove-bg.ai_1709804773648.png","width":1199,"height":1199,"caption":"P\u00c9PINIERE NOUR DU CENTRE"},"image":{"@id":"https:\/\/pepiniere-nour.com\/#\/schema\/logo\/image\/"}}]}},"_links":{"self":[{"href":"http:\/\/pepiniere-nour.com\/ar\/wp-json\/wp\/v2\/product\/989","targetHints":{"allow":["GET"]}}],"collection":[{"href":"http:\/\/pepiniere-nour.com\/ar\/wp-json\/wp\/v2\/product"}],"about":[{"href":"http:\/\/pepiniere-nour.com\/ar\/wp-json\/wp\/v2\/types\/product"}],"wp:featuredmedia":[{"embeddable":true,"href":"http:\/\/pepiniere-nour.com\/ar\/wp-json\/wp\/v2\/media\/2672"}],"wp:attachment":[{"href":"http:\/\/pepiniere-nour.com\/ar\/wp-json\/wp\/v2\/media?parent=989"}],"wp:term":[{"taxonomy":"product_brand","embeddable":true,"href":"http:\/\/pepiniere-nour.com\/ar\/wp-json\/wp\/v2\/product_brand?post=989"},{"taxonomy":"product_cat","embeddable":true,"href":"http:\/\/pepiniere-nour.com\/ar\/wp-json\/wp\/v2\/product_cat?post=989"},{"taxonomy":"product_tag","embeddable":true,"href":"http:\/\/pepiniere-nour.com\/ar\/wp-json\/wp\/v2\/product_tag?post=989"}],"curies":[{"name":"wp","href":"https:\/\/api.w.org\/{rel}","templated":true}]}}