{"id":985,"date":"2024-03-20T22:56:32","date_gmt":"2024-03-20T22:56:32","guid":{"rendered":"https:\/\/pepiniere-nour.com\/?post_type=product&#038;p=985"},"modified":"2024-05-21T11:27:08","modified_gmt":"2024-05-21T11:27:08","slug":"sweet-cap","status":"publish","type":"product","link":"http:\/\/pepiniere-nour.com\/ar\/product\/sweet-cap","title":{"rendered":"\u0633\u0648\u064a\u062a \u0643\u0627\u0628"},"content":{"rendered":"","protected":false},"excerpt":{"rendered":"<p><strong>Caract\u00e9ristiques de l&rsquo;Arbre<\/strong><\/p>\n<p>Le Sweet Cap se distingue par sa vigueur, allant de forte \u00e0 tr\u00e8s forte, offrant ainsi une croissance robuste et une bonne sant\u00e9 \u00e0 l&rsquo;arbre.<\/p>\n<p><strong>\u062e\u0635\u0627\u0626\u0635 \u0627\u0644\u0641\u0627\u0643\u0647\u0629<\/strong><\/p>\n<p>\u062a\u062a\u0645\u064a\u0632 \u062b\u0645\u0627\u0631\u0647\u0627 \u0628\u0644\u0648\u0646 \u0623\u062d\u0645\u0631 \u0648\u0631\u062f\u064a \u0645\u062e\u0637\u0637\u060c \u0645\u0645\u0627 \u064a\u0645\u0646\u062d\u0647\u0627 \u0645\u0638\u0647\u0631\u064b\u0627 \u062c\u0630\u0627\u0628\u064b\u0627. \u0634\u0643\u0644\u0647\u0627 \u0645\u0641\u0644\u0637\u062d \u0644\u0644\u063a\u0627\u064a\u0629 \u0648\u0645\u0646\u062a\u0638\u0645 \u0625\u0644\u0649 \u062d\u062f \u0645\u0627\u060c \u0648\u0630\u0627\u062a \u0639\u064a\u0627\u0631 \u0643\u0628\u064a\u0631. \u064a\u0643\u0634\u0641 \u0627\u0644\u0644\u062d\u0645 \u0627\u0644\u0623\u0628\u064a\u0636 \u0627\u0644\u0644\u0648\u0646 \u0639\u0646 \u062c\u0648\u062f\u0629 \u0637\u0639\u0645 \u0631\u0627\u0626\u0639\u0629\u060c \u0648\u064a\u0642\u062f\u0645 \u0646\u0643\u0647\u0629 \u062d\u0644\u0648\u0629 \u0648\u0631\u0642\u064a\u0642\u0629 \u062a\u064f\u0628\u0647\u062c \u0628\u0631\u0627\u0639\u0645 \u0627\u0644\u062a\u0630\u0648\u0642.<\/p>","protected":false},"featured_media":2682,"template":"","meta":{"_acf_changed":false},"product_brand":[],"product_cat":[50],"product_tag":[24,35,25,26,27],"class_list":{"0":"post-985","1":"product","2":"type-product","3":"status-publish","4":"has-post-thumbnail","6":"product_cat-plants-de-pechers","7":"product_tag-equipment","8":"product_tag-etranger","9":"product_tag-garden","10":"product_tag-plants","11":"product_tag-tools","13":"first","14":"instock","15":"shipping-taxable","16":"purchasable","17":"product-type-simple"},"acf":[],"yoast_head":"<!-- This site is optimized with the Yoast SEO plugin v25.5 - https:\/\/yoast.com\/wordpress\/plugins\/seo\/ -->\n<title>Sweet Cap - P\u00c9PINIERE NOUR DU CENTRE<\/title>\n<meta name=\"robots\" content=\"index, follow, max-snippet:-1, max-image-preview:large, max-video-preview:-1\" \/>\n<link rel=\"canonical\" href=\"http:\/\/pepiniere-nour.com\/ar\/product\/sweet-cap\/\" \/>\n<meta property=\"og:locale\" content=\"ar_AR\" \/>\n<meta property=\"og:type\" content=\"article\" \/>\n<meta property=\"og:title\" content=\"Sweet Cap - P\u00c9PINIERE NOUR DU CENTRE\" \/>\n<meta property=\"og:description\" content=\"Caract\u00e9ristiques de l&#039;Arbre  Le Sweet Cap se distingue par sa vigueur, allant de forte \u00e0 tr\u00e8s forte, offrant ainsi une croissance robuste et une bonne sant\u00e9 \u00e0 l&#039;arbre.  Caract\u00e9ristiques du Fruit  Les fruits du Sweet Cap arborent une couleur rouge ros\u00e9, stri\u00e9e, leur conf\u00e9rant une allure attrayante. Leur forme est tr\u00e8s aplatie et assez r\u00e9guli\u00e8re, avec un calibre g\u00e9n\u00e9reux. La chair, de couleur blanche, d\u00e9voile une qualit\u00e9 gustative remarquable, offrant une saveur douce et d\u00e9licate qui ravit les papilles.\" \/>\n<meta property=\"og:url\" content=\"http:\/\/pepiniere-nour.com\/ar\/product\/sweet-cap\/\" \/>\n<meta property=\"og:site_name\" content=\"P\u00c9PINIERE NOUR DU CENTRE\" \/>\n<meta property=\"article:modified_time\" content=\"2024-05-21T11:27:08+00:00\" \/>\n<meta property=\"og:image\" content=\"https:\/\/pepiniere-nour.com\/wp-content\/uploads\/2024\/03\/Plants-de-pecher-Sweat-Cap.jpg\" \/>\n\t<meta property=\"og:image:width\" content=\"570\" \/>\n\t<meta property=\"og:image:height\" content=\"380\" \/>\n\t<meta property=\"og:image:type\" content=\"image\/jpeg\" \/>\n<meta name=\"twitter:card\" content=\"summary_large_image\" \/>\n<meta name=\"twitter:label1\" content=\"\u0648\u0642\u062a \u0627\u0644\u0642\u0631\u0627\u0621\u0629 \u0627\u0644\u0645\u064f\u0642\u062f\u0651\u0631\" \/>\n\t<meta name=\"twitter:data1\" content=\"\u062f\u0642\u064a\u0642\u0629 \u0648\u0627\u062d\u062f\u0629\" \/>\n<script type=\"application\/ld+json\" class=\"yoast-schema-graph\">{\"@context\":\"https:\/\/schema.org\",\"@graph\":[{\"@type\":\"WebPage\",\"@id\":\"https:\/\/pepiniere-nour.com\/produit\/sweet-cap\",\"url\":\"https:\/\/pepiniere-nour.com\/produit\/sweet-cap\",\"name\":\"Sweet Cap - P\u00c9PINIERE NOUR DU CENTRE\",\"isPartOf\":{\"@id\":\"https:\/\/pepiniere-nour.com\/#website\"},\"primaryImageOfPage\":{\"@id\":\"https:\/\/pepiniere-nour.com\/produit\/sweet-cap#primaryimage\"},\"image\":{\"@id\":\"https:\/\/pepiniere-nour.com\/produit\/sweet-cap#primaryimage\"},\"thumbnailUrl\":\"https:\/\/pepiniere-nour.com\/wp-content\/uploads\/2024\/03\/Plants-de-pecher-Sweat-Cap.jpg\",\"datePublished\":\"2024-03-20T22:56:32+00:00\",\"dateModified\":\"2024-05-21T11:27:08+00:00\",\"breadcrumb\":{\"@id\":\"https:\/\/pepiniere-nour.com\/produit\/sweet-cap#breadcrumb\"},\"inLanguage\":\"ar\",\"potentialAction\":[{\"@type\":\"ReadAction\",\"target\":[\"https:\/\/pepiniere-nour.com\/produit\/sweet-cap\"]}]},{\"@type\":\"ImageObject\",\"inLanguage\":\"ar\",\"@id\":\"https:\/\/pepiniere-nour.com\/produit\/sweet-cap#primaryimage\",\"url\":\"https:\/\/pepiniere-nour.com\/wp-content\/uploads\/2024\/03\/Plants-de-pecher-Sweat-Cap.jpg\",\"contentUrl\":\"https:\/\/pepiniere-nour.com\/wp-content\/uploads\/2024\/03\/Plants-de-pecher-Sweat-Cap.jpg\",\"width\":570,\"height\":380,\"caption\":\"Plants de p\u00e8chers Sweat Cap\"},{\"@type\":\"BreadcrumbList\",\"@id\":\"https:\/\/pepiniere-nour.com\/produit\/sweet-cap#breadcrumb\",\"itemListElement\":[{\"@type\":\"ListItem\",\"position\":1,\"name\":\"Accueil\",\"item\":\"https:\/\/pepiniere-nour.com\/\"},{\"@type\":\"ListItem\",\"position\":2,\"name\":\"Boutique\",\"item\":\"https:\/\/pepiniere-nour.com\/boutique\"},{\"@type\":\"ListItem\",\"position\":3,\"name\":\"Sweet Cap\"}]},{\"@type\":\"WebSite\",\"@id\":\"https:\/\/pepiniere-nour.com\/#website\",\"url\":\"https:\/\/pepiniere-nour.com\/\",\"name\":\"P\u00c9PINIERE NOUR DU CENTRE\",\"description\":\"P\u00c9PINIERE NOUR DU CENTRE\",\"publisher\":{\"@id\":\"https:\/\/pepiniere-nour.com\/#organization\"},\"potentialAction\":[{\"@type\":\"SearchAction\",\"target\":{\"@type\":\"EntryPoint\",\"urlTemplate\":\"https:\/\/pepiniere-nour.com\/?s={search_term_string}\"},\"query-input\":{\"@type\":\"PropertyValueSpecification\",\"valueRequired\":true,\"valueName\":\"search_term_string\"}}],\"inLanguage\":\"ar\"},{\"@type\":\"Organization\",\"@id\":\"https:\/\/pepiniere-nour.com\/#organization\",\"name\":\"P\u00c9PINIERE NOUR DU CENTRE\",\"url\":\"https:\/\/pepiniere-nour.com\/\",\"logo\":{\"@type\":\"ImageObject\",\"inLanguage\":\"ar\",\"@id\":\"https:\/\/pepiniere-nour.com\/#\/schema\/logo\/image\/\",\"url\":\"https:\/\/pepiniere-nour.com\/wp-content\/uploads\/2024\/03\/Remove-bg.ai_1709804773648.png\",\"contentUrl\":\"https:\/\/pepiniere-nour.com\/wp-content\/uploads\/2024\/03\/Remove-bg.ai_1709804773648.png\",\"width\":1199,\"height\":1199,\"caption\":\"P\u00c9PINIERE NOUR DU CENTRE\"},\"image\":{\"@id\":\"https:\/\/pepiniere-nour.com\/#\/schema\/logo\/image\/\"}}]}<\/script>\n<!-- \/ Yoast SEO plugin. -->","yoast_head_json":{"title":"Sweet Cap - P\u00c9PINIERE NOUR DU CENTRE","robots":{"index":"index","follow":"follow","max-snippet":"max-snippet:-1","max-image-preview":"max-image-preview:large","max-video-preview":"max-video-preview:-1"},"canonical":"http:\/\/pepiniere-nour.com\/ar\/product\/sweet-cap\/","og_locale":"ar_AR","og_type":"article","og_title":"Sweet Cap - P\u00c9PINIERE NOUR DU CENTRE","og_description":"Caract\u00e9ristiques de l'Arbre  Le Sweet Cap se distingue par sa vigueur, allant de forte \u00e0 tr\u00e8s forte, offrant ainsi une croissance robuste et une bonne sant\u00e9 \u00e0 l'arbre.  Caract\u00e9ristiques du Fruit  Les fruits du Sweet Cap arborent une couleur rouge ros\u00e9, stri\u00e9e, leur conf\u00e9rant une allure attrayante. Leur forme est tr\u00e8s aplatie et assez r\u00e9guli\u00e8re, avec un calibre g\u00e9n\u00e9reux. La chair, de couleur blanche, d\u00e9voile une qualit\u00e9 gustative remarquable, offrant une saveur douce et d\u00e9licate qui ravit les papilles.","og_url":"http:\/\/pepiniere-nour.com\/ar\/product\/sweet-cap\/","og_site_name":"P\u00c9PINIERE NOUR DU CENTRE","article_modified_time":"2024-05-21T11:27:08+00:00","og_image":[{"width":570,"height":380,"url":"https:\/\/pepiniere-nour.com\/wp-content\/uploads\/2024\/03\/Plants-de-pecher-Sweat-Cap.jpg","type":"image\/jpeg"}],"twitter_card":"summary_large_image","twitter_misc":{"\u0648\u0642\u062a \u0627\u0644\u0642\u0631\u0627\u0621\u0629 \u0627\u0644\u0645\u064f\u0642\u062f\u0651\u0631":"\u062f\u0642\u064a\u0642\u0629 \u0648\u0627\u062d\u062f\u0629"},"schema":{"@context":"https:\/\/schema.org","@graph":[{"@type":"WebPage","@id":"https:\/\/pepiniere-nour.com\/produit\/sweet-cap","url":"https:\/\/pepiniere-nour.com\/produit\/sweet-cap","name":"Sweet Cap - P\u00c9PINIERE NOUR DU CENTRE","isPartOf":{"@id":"https:\/\/pepiniere-nour.com\/#website"},"primaryImageOfPage":{"@id":"https:\/\/pepiniere-nour.com\/produit\/sweet-cap#primaryimage"},"image":{"@id":"https:\/\/pepiniere-nour.com\/produit\/sweet-cap#primaryimage"},"thumbnailUrl":"https:\/\/pepiniere-nour.com\/wp-content\/uploads\/2024\/03\/Plants-de-pecher-Sweat-Cap.jpg","datePublished":"2024-03-20T22:56:32+00:00","dateModified":"2024-05-21T11:27:08+00:00","breadcrumb":{"@id":"https:\/\/pepiniere-nour.com\/produit\/sweet-cap#breadcrumb"},"inLanguage":"ar","potentialAction":[{"@type":"ReadAction","target":["https:\/\/pepiniere-nour.com\/produit\/sweet-cap"]}]},{"@type":"ImageObject","inLanguage":"ar","@id":"https:\/\/pepiniere-nour.com\/produit\/sweet-cap#primaryimage","url":"https:\/\/pepiniere-nour.com\/wp-content\/uploads\/2024\/03\/Plants-de-pecher-Sweat-Cap.jpg","contentUrl":"https:\/\/pepiniere-nour.com\/wp-content\/uploads\/2024\/03\/Plants-de-pecher-Sweat-Cap.jpg","width":570,"height":380,"caption":"Plants de p\u00e8chers Sweat Cap"},{"@type":"BreadcrumbList","@id":"https:\/\/pepiniere-nour.com\/produit\/sweet-cap#breadcrumb","itemListElement":[{"@type":"ListItem","position":1,"name":"Accueil","item":"https:\/\/pepiniere-nour.com\/"},{"@type":"ListItem","position":2,"name":"Boutique","item":"https:\/\/pepiniere-nour.com\/boutique"},{"@type":"ListItem","position":3,"name":"Sweet Cap"}]},{"@type":"WebSite","@id":"https:\/\/pepiniere-nour.com\/#website","url":"https:\/\/pepiniere-nour.com\/","name":"P\u00c9PINIERE NOUR DU CENTRE","description":"P\u00c9PINIERE NOUR DU CENTRE","publisher":{"@id":"https:\/\/pepiniere-nour.com\/#organization"},"potentialAction":[{"@type":"SearchAction","target":{"@type":"EntryPoint","urlTemplate":"https:\/\/pepiniere-nour.com\/?s={search_term_string}"},"query-input":{"@type":"PropertyValueSpecification","valueRequired":true,"valueName":"search_term_string"}}],"inLanguage":"ar"},{"@type":"Organization","@id":"https:\/\/pepiniere-nour.com\/#organization","name":"P\u00c9PINIERE NOUR DU CENTRE","url":"https:\/\/pepiniere-nour.com\/","logo":{"@type":"ImageObject","inLanguage":"ar","@id":"https:\/\/pepiniere-nour.com\/#\/schema\/logo\/image\/","url":"https:\/\/pepiniere-nour.com\/wp-content\/uploads\/2024\/03\/Remove-bg.ai_1709804773648.png","contentUrl":"https:\/\/pepiniere-nour.com\/wp-content\/uploads\/2024\/03\/Remove-bg.ai_1709804773648.png","width":1199,"height":1199,"caption":"P\u00c9PINIERE NOUR DU CENTRE"},"image":{"@id":"https:\/\/pepiniere-nour.com\/#\/schema\/logo\/image\/"}}]}},"_links":{"self":[{"href":"http:\/\/pepiniere-nour.com\/ar\/wp-json\/wp\/v2\/product\/985","targetHints":{"allow":["GET"]}}],"collection":[{"href":"http:\/\/pepiniere-nour.com\/ar\/wp-json\/wp\/v2\/product"}],"about":[{"href":"http:\/\/pepiniere-nour.com\/ar\/wp-json\/wp\/v2\/types\/product"}],"wp:featuredmedia":[{"embeddable":true,"href":"http:\/\/pepiniere-nour.com\/ar\/wp-json\/wp\/v2\/media\/2682"}],"wp:attachment":[{"href":"http:\/\/pepiniere-nour.com\/ar\/wp-json\/wp\/v2\/media?parent=985"}],"wp:term":[{"taxonomy":"product_brand","embeddable":true,"href":"http:\/\/pepiniere-nour.com\/ar\/wp-json\/wp\/v2\/product_brand?post=985"},{"taxonomy":"product_cat","embeddable":true,"href":"http:\/\/pepiniere-nour.com\/ar\/wp-json\/wp\/v2\/product_cat?post=985"},{"taxonomy":"product_tag","embeddable":true,"href":"http:\/\/pepiniere-nour.com\/ar\/wp-json\/wp\/v2\/product_tag?post=985"}],"curies":[{"name":"wp","href":"https:\/\/api.w.org\/{rel}","templated":true}]}}