{"id":975,"date":"2024-03-20T22:55:02","date_gmt":"2024-03-20T22:55:02","guid":{"rendered":"https:\/\/pepiniere-nour.com\/?post_type=product&#038;p=975"},"modified":"2024-05-21T11:31:42","modified_gmt":"2024-05-21T11:31:42","slug":"valencia-late","status":"publish","type":"product","link":"http:\/\/pepiniere-nour.com\/ar\/product\/valencia-late","title":{"rendered":"\u0641\u0627\u0644\u0646\u0633\u064a\u0627 \u0644\u0627\u064a\u062a"},"content":{"rendered":"","protected":false},"excerpt":{"rendered":"<p><strong>L&rsquo;Orange Tardive Par Excellence<\/strong><\/p>\n<p>La Valencia Late, membre \u00e9minent du groupe des oranges tardives, occupe une place pr\u00e9pond\u00e9rante dans le monde agricole. Sa r\u00e9putation s&rsquo;appuie sur sa capacit\u00e9 \u00e0 prolonger la saison de r\u00e9colte, \u00e9tant l&rsquo;une des vari\u00e9t\u00e9s les plus cultiv\u00e9es \u00e0 l&rsquo;\u00e9chelle mondiale.<\/p>\n<p><strong>\u0627\u0644\u0633\u0645\u0627\u062a \u0627\u0644\u0645\u0645\u064a\u0632\u0629<\/strong><\/p>\n<p>Cette vari\u00e9t\u00e9 se distingue par sa ph\u00e9nologie unique, offrant une r\u00e9colte exceptionnellement tardive par rapport \u00e0 ses homologues. Sa qualit\u00e9 remarquable r\u00e9side dans sa capacit\u00e9 \u00e0 maintenir les fruits sur l&rsquo;arbre pendant plusieurs mois sans alt\u00e9rer leur saveur ni leur texture, ce qui en fait un choix privil\u00e9gi\u00e9 pour les agriculteurs soucieux de maximiser leur rendement sur une p\u00e9riode prolong\u00e9e.<\/p>","protected":false},"featured_media":2715,"template":"","meta":{"_acf_changed":false},"product_brand":[],"product_cat":[48,46],"product_tag":[24,35,25,26,27],"class_list":{"0":"post-975","1":"product","2":"type-product","3":"status-publish","4":"has-post-thumbnail","6":"product_cat-orangers","7":"product_cat-plants-dargumes","8":"product_tag-equipment","9":"product_tag-etranger","10":"product_tag-garden","11":"product_tag-plants","12":"product_tag-tools","14":"first","15":"instock","16":"shipping-taxable","17":"purchasable","18":"product-type-simple"},"acf":[],"yoast_head":"<!-- This site is optimized with the Yoast SEO plugin v25.5 - https:\/\/yoast.com\/wordpress\/plugins\/seo\/ -->\n<title>Valencia late - P\u00c9PINIERE NOUR DU CENTRE<\/title>\n<meta name=\"robots\" content=\"index, follow, max-snippet:-1, max-image-preview:large, max-video-preview:-1\" \/>\n<link rel=\"canonical\" href=\"http:\/\/pepiniere-nour.com\/ar\/product\/valencia-late\/\" \/>\n<meta property=\"og:locale\" content=\"ar_AR\" \/>\n<meta property=\"og:type\" content=\"article\" \/>\n<meta property=\"og:title\" content=\"Valencia late - P\u00c9PINIERE NOUR DU CENTRE\" \/>\n<meta property=\"og:description\" content=\"L&#039;Orange Tardive Par Excellence  La Valencia Late, membre \u00e9minent du groupe des oranges tardives, occupe une place pr\u00e9pond\u00e9rante dans le monde agricole. Sa r\u00e9putation s&#039;appuie sur sa capacit\u00e9 \u00e0 prolonger la saison de r\u00e9colte, \u00e9tant l&#039;une des vari\u00e9t\u00e9s les plus cultiv\u00e9es \u00e0 l&#039;\u00e9chelle mondiale.  Caract\u00e9ristiques Distinctives  Cette vari\u00e9t\u00e9 se distingue par sa ph\u00e9nologie unique, offrant une r\u00e9colte exceptionnellement tardive par rapport \u00e0 ses homologues. Sa qualit\u00e9 remarquable r\u00e9side dans sa capacit\u00e9 \u00e0 maintenir les fruits sur l&#039;arbre pendant plusieurs mois sans alt\u00e9rer leur saveur ni leur texture, ce qui en fait un choix privil\u00e9gi\u00e9 pour les agriculteurs soucieux de maximiser leur rendement sur une p\u00e9riode prolong\u00e9e.\" \/>\n<meta property=\"og:url\" content=\"http:\/\/pepiniere-nour.com\/ar\/product\/valencia-late\/\" \/>\n<meta property=\"og:site_name\" content=\"P\u00c9PINIERE NOUR DU CENTRE\" \/>\n<meta property=\"article:modified_time\" content=\"2024-05-21T11:31:42+00:00\" \/>\n<meta property=\"og:image\" content=\"https:\/\/pepiniere-nour.com\/wp-content\/uploads\/2024\/03\/oranger-valencia-late-bio.jpg\" \/>\n\t<meta property=\"og:image:width\" content=\"570\" \/>\n\t<meta property=\"og:image:height\" content=\"570\" \/>\n\t<meta property=\"og:image:type\" content=\"image\/jpeg\" \/>\n<meta name=\"twitter:card\" content=\"summary_large_image\" \/>\n<meta name=\"twitter:label1\" content=\"\u0648\u0642\u062a \u0627\u0644\u0642\u0631\u0627\u0621\u0629 \u0627\u0644\u0645\u064f\u0642\u062f\u0651\u0631\" \/>\n\t<meta name=\"twitter:data1\" content=\"\u062f\u0642\u064a\u0642\u0629 \u0648\u0627\u062d\u062f\u0629\" \/>\n<script type=\"application\/ld+json\" class=\"yoast-schema-graph\">{\"@context\":\"https:\/\/schema.org\",\"@graph\":[{\"@type\":\"WebPage\",\"@id\":\"https:\/\/pepiniere-nour.com\/produit\/valencia-late\",\"url\":\"https:\/\/pepiniere-nour.com\/produit\/valencia-late\",\"name\":\"Valencia late - P\u00c9PINIERE NOUR DU CENTRE\",\"isPartOf\":{\"@id\":\"https:\/\/pepiniere-nour.com\/#website\"},\"primaryImageOfPage\":{\"@id\":\"https:\/\/pepiniere-nour.com\/produit\/valencia-late#primaryimage\"},\"image\":{\"@id\":\"https:\/\/pepiniere-nour.com\/produit\/valencia-late#primaryimage\"},\"thumbnailUrl\":\"https:\/\/pepiniere-nour.com\/wp-content\/uploads\/2024\/03\/oranger-valencia-late-bio.jpg\",\"datePublished\":\"2024-03-20T22:55:02+00:00\",\"dateModified\":\"2024-05-21T11:31:42+00:00\",\"breadcrumb\":{\"@id\":\"https:\/\/pepiniere-nour.com\/produit\/valencia-late#breadcrumb\"},\"inLanguage\":\"ar\",\"potentialAction\":[{\"@type\":\"ReadAction\",\"target\":[\"https:\/\/pepiniere-nour.com\/produit\/valencia-late\"]}]},{\"@type\":\"ImageObject\",\"inLanguage\":\"ar\",\"@id\":\"https:\/\/pepiniere-nour.com\/produit\/valencia-late#primaryimage\",\"url\":\"https:\/\/pepiniere-nour.com\/wp-content\/uploads\/2024\/03\/oranger-valencia-late-bio.jpg\",\"contentUrl\":\"https:\/\/pepiniere-nour.com\/wp-content\/uploads\/2024\/03\/oranger-valencia-late-bio.jpg\",\"width\":570,\"height\":570,\"caption\":\"plants orangers Valencia late\"},{\"@type\":\"BreadcrumbList\",\"@id\":\"https:\/\/pepiniere-nour.com\/produit\/valencia-late#breadcrumb\",\"itemListElement\":[{\"@type\":\"ListItem\",\"position\":1,\"name\":\"Accueil\",\"item\":\"https:\/\/pepiniere-nour.com\/\"},{\"@type\":\"ListItem\",\"position\":2,\"name\":\"Boutique\",\"item\":\"https:\/\/pepiniere-nour.com\/boutique\"},{\"@type\":\"ListItem\",\"position\":3,\"name\":\"Valencia late\"}]},{\"@type\":\"WebSite\",\"@id\":\"https:\/\/pepiniere-nour.com\/#website\",\"url\":\"https:\/\/pepiniere-nour.com\/\",\"name\":\"P\u00c9PINIERE NOUR DU CENTRE\",\"description\":\"P\u00c9PINIERE NOUR DU CENTRE\",\"publisher\":{\"@id\":\"https:\/\/pepiniere-nour.com\/#organization\"},\"potentialAction\":[{\"@type\":\"SearchAction\",\"target\":{\"@type\":\"EntryPoint\",\"urlTemplate\":\"https:\/\/pepiniere-nour.com\/?s={search_term_string}\"},\"query-input\":{\"@type\":\"PropertyValueSpecification\",\"valueRequired\":true,\"valueName\":\"search_term_string\"}}],\"inLanguage\":\"ar\"},{\"@type\":\"Organization\",\"@id\":\"https:\/\/pepiniere-nour.com\/#organization\",\"name\":\"P\u00c9PINIERE NOUR DU CENTRE\",\"url\":\"https:\/\/pepiniere-nour.com\/\",\"logo\":{\"@type\":\"ImageObject\",\"inLanguage\":\"ar\",\"@id\":\"https:\/\/pepiniere-nour.com\/#\/schema\/logo\/image\/\",\"url\":\"https:\/\/pepiniere-nour.com\/wp-content\/uploads\/2024\/03\/Remove-bg.ai_1709804773648.png\",\"contentUrl\":\"https:\/\/pepiniere-nour.com\/wp-content\/uploads\/2024\/03\/Remove-bg.ai_1709804773648.png\",\"width\":1199,\"height\":1199,\"caption\":\"P\u00c9PINIERE NOUR DU CENTRE\"},\"image\":{\"@id\":\"https:\/\/pepiniere-nour.com\/#\/schema\/logo\/image\/\"}}]}<\/script>\n<!-- \/ Yoast SEO plugin. -->","yoast_head_json":{"title":"Valencia late - P\u00c9PINIERE NOUR DU CENTRE","robots":{"index":"index","follow":"follow","max-snippet":"max-snippet:-1","max-image-preview":"max-image-preview:large","max-video-preview":"max-video-preview:-1"},"canonical":"http:\/\/pepiniere-nour.com\/ar\/product\/valencia-late\/","og_locale":"ar_AR","og_type":"article","og_title":"Valencia late - P\u00c9PINIERE NOUR DU CENTRE","og_description":"L'Orange Tardive Par Excellence  La Valencia Late, membre \u00e9minent du groupe des oranges tardives, occupe une place pr\u00e9pond\u00e9rante dans le monde agricole. Sa r\u00e9putation s'appuie sur sa capacit\u00e9 \u00e0 prolonger la saison de r\u00e9colte, \u00e9tant l'une des vari\u00e9t\u00e9s les plus cultiv\u00e9es \u00e0 l'\u00e9chelle mondiale.  Caract\u00e9ristiques Distinctives  Cette vari\u00e9t\u00e9 se distingue par sa ph\u00e9nologie unique, offrant une r\u00e9colte exceptionnellement tardive par rapport \u00e0 ses homologues. Sa qualit\u00e9 remarquable r\u00e9side dans sa capacit\u00e9 \u00e0 maintenir les fruits sur l'arbre pendant plusieurs mois sans alt\u00e9rer leur saveur ni leur texture, ce qui en fait un choix privil\u00e9gi\u00e9 pour les agriculteurs soucieux de maximiser leur rendement sur une p\u00e9riode prolong\u00e9e.","og_url":"http:\/\/pepiniere-nour.com\/ar\/product\/valencia-late\/","og_site_name":"P\u00c9PINIERE NOUR DU CENTRE","article_modified_time":"2024-05-21T11:31:42+00:00","og_image":[{"width":570,"height":570,"url":"https:\/\/pepiniere-nour.com\/wp-content\/uploads\/2024\/03\/oranger-valencia-late-bio.jpg","type":"image\/jpeg"}],"twitter_card":"summary_large_image","twitter_misc":{"\u0648\u0642\u062a \u0627\u0644\u0642\u0631\u0627\u0621\u0629 \u0627\u0644\u0645\u064f\u0642\u062f\u0651\u0631":"\u062f\u0642\u064a\u0642\u0629 \u0648\u0627\u062d\u062f\u0629"},"schema":{"@context":"https:\/\/schema.org","@graph":[{"@type":"WebPage","@id":"https:\/\/pepiniere-nour.com\/produit\/valencia-late","url":"https:\/\/pepiniere-nour.com\/produit\/valencia-late","name":"Valencia late - P\u00c9PINIERE NOUR DU CENTRE","isPartOf":{"@id":"https:\/\/pepiniere-nour.com\/#website"},"primaryImageOfPage":{"@id":"https:\/\/pepiniere-nour.com\/produit\/valencia-late#primaryimage"},"image":{"@id":"https:\/\/pepiniere-nour.com\/produit\/valencia-late#primaryimage"},"thumbnailUrl":"https:\/\/pepiniere-nour.com\/wp-content\/uploads\/2024\/03\/oranger-valencia-late-bio.jpg","datePublished":"2024-03-20T22:55:02+00:00","dateModified":"2024-05-21T11:31:42+00:00","breadcrumb":{"@id":"https:\/\/pepiniere-nour.com\/produit\/valencia-late#breadcrumb"},"inLanguage":"ar","potentialAction":[{"@type":"ReadAction","target":["https:\/\/pepiniere-nour.com\/produit\/valencia-late"]}]},{"@type":"ImageObject","inLanguage":"ar","@id":"https:\/\/pepiniere-nour.com\/produit\/valencia-late#primaryimage","url":"https:\/\/pepiniere-nour.com\/wp-content\/uploads\/2024\/03\/oranger-valencia-late-bio.jpg","contentUrl":"https:\/\/pepiniere-nour.com\/wp-content\/uploads\/2024\/03\/oranger-valencia-late-bio.jpg","width":570,"height":570,"caption":"plants orangers Valencia late"},{"@type":"BreadcrumbList","@id":"https:\/\/pepiniere-nour.com\/produit\/valencia-late#breadcrumb","itemListElement":[{"@type":"ListItem","position":1,"name":"Accueil","item":"https:\/\/pepiniere-nour.com\/"},{"@type":"ListItem","position":2,"name":"Boutique","item":"https:\/\/pepiniere-nour.com\/boutique"},{"@type":"ListItem","position":3,"name":"Valencia late"}]},{"@type":"WebSite","@id":"https:\/\/pepiniere-nour.com\/#website","url":"https:\/\/pepiniere-nour.com\/","name":"P\u00c9PINIERE NOUR DU CENTRE","description":"P\u00c9PINIERE NOUR DU CENTRE","publisher":{"@id":"https:\/\/pepiniere-nour.com\/#organization"},"potentialAction":[{"@type":"SearchAction","target":{"@type":"EntryPoint","urlTemplate":"https:\/\/pepiniere-nour.com\/?s={search_term_string}"},"query-input":{"@type":"PropertyValueSpecification","valueRequired":true,"valueName":"search_term_string"}}],"inLanguage":"ar"},{"@type":"Organization","@id":"https:\/\/pepiniere-nour.com\/#organization","name":"P\u00c9PINIERE NOUR DU CENTRE","url":"https:\/\/pepiniere-nour.com\/","logo":{"@type":"ImageObject","inLanguage":"ar","@id":"https:\/\/pepiniere-nour.com\/#\/schema\/logo\/image\/","url":"https:\/\/pepiniere-nour.com\/wp-content\/uploads\/2024\/03\/Remove-bg.ai_1709804773648.png","contentUrl":"https:\/\/pepiniere-nour.com\/wp-content\/uploads\/2024\/03\/Remove-bg.ai_1709804773648.png","width":1199,"height":1199,"caption":"P\u00c9PINIERE NOUR DU CENTRE"},"image":{"@id":"https:\/\/pepiniere-nour.com\/#\/schema\/logo\/image\/"}}]}},"_links":{"self":[{"href":"http:\/\/pepiniere-nour.com\/ar\/wp-json\/wp\/v2\/product\/975","targetHints":{"allow":["GET"]}}],"collection":[{"href":"http:\/\/pepiniere-nour.com\/ar\/wp-json\/wp\/v2\/product"}],"about":[{"href":"http:\/\/pepiniere-nour.com\/ar\/wp-json\/wp\/v2\/types\/product"}],"wp:featuredmedia":[{"embeddable":true,"href":"http:\/\/pepiniere-nour.com\/ar\/wp-json\/wp\/v2\/media\/2715"}],"wp:attachment":[{"href":"http:\/\/pepiniere-nour.com\/ar\/wp-json\/wp\/v2\/media?parent=975"}],"wp:term":[{"taxonomy":"product_brand","embeddable":true,"href":"http:\/\/pepiniere-nour.com\/ar\/wp-json\/wp\/v2\/product_brand?post=975"},{"taxonomy":"product_cat","embeddable":true,"href":"http:\/\/pepiniere-nour.com\/ar\/wp-json\/wp\/v2\/product_cat?post=975"},{"taxonomy":"product_tag","embeddable":true,"href":"http:\/\/pepiniere-nour.com\/ar\/wp-json\/wp\/v2\/product_tag?post=975"}],"curies":[{"name":"wp","href":"https:\/\/api.w.org\/{rel}","templated":true}]}}