{"id":973,"date":"2024-03-20T22:54:46","date_gmt":"2024-03-20T22:54:46","guid":{"rendered":"https:\/\/pepiniere-nour.com\/?post_type=product&#038;p=973"},"modified":"2024-05-21T11:39:25","modified_gmt":"2024-05-21T11:39:25","slug":"double-fine","status":"publish","type":"product","link":"http:\/\/pepiniere-nour.com\/ar\/product\/double-fine","title":{"rendered":"\u062f\u0648\u0628\u0644 \u0641\u064a\u0646"},"content":{"rendered":"","protected":false},"excerpt":{"rendered":"<p><strong>\u0627\u0644\u062e\u0635\u0627\u0626\u0635 \u0648\u0627\u0644\u0623\u0635\u0644<\/strong><\/p>\n<p>La Double Fine est une vari\u00e9t\u00e9 d&rsquo;oranges class\u00e9e dans la cat\u00e9gorie des oranges. Elle est issue d&rsquo;une mutation de la Double Fine.<\/p>\n<p><strong>\u0627\u0644\u0645\u0638\u0647\u0631 \u0627\u0644\u062c\u0633\u062f\u064a \u0648\u0627\u0644\u0646\u0645\u0648<\/strong><\/p>\n<p>Les arbres de cette vari\u00e9t\u00e9 ont un port globuleux, l\u00e9g\u00e8rement pendant. Leur vigueur est moyenne. Les fruits ont une forme allong\u00e9e et ovo\u00efde, avec un calibre moyen. Leur \u00e9corce n&rsquo;est pas mentionn\u00e9e, mais la peau est lisse \u00e0 grains fins. Les fruits contiennent peu de p\u00e9pins et sont appr\u00e9ci\u00e9s pour leur bonne saveur et leur parfum. Ils atteignent leur maturit\u00e9 entre janvier et f\u00e9vrier.<\/p>\n<p><strong>\u0627\u0644\u0627\u0647\u062a\u0645\u0627\u0645 \u0628\u0627\u0644\u062a\u0646\u0648\u0639<\/strong><\/p>\n<p>\u064a\u062d\u0638\u0649Double Fine \u0628\u0627\u0644\u062a\u0642\u062f\u064a\u0631 \u0644\u0635\u0644\u0627\u0628\u0629 \u062b\u0645\u0627\u0631\u0647 \u0627\u0644\u062a\u064a \u062a\u0642\u0627\u0648\u0645 \u0627\u0644\u0635\u0642\u064a\u0639. \u0625\u0646\u0647 \u0630\u0648 \u0623\u0644\u0648\u0627\u0646 \u062c\u064a\u062f\u0629\u060c \u062e\u0627\u0635\u0629 \u0641\u064a \u0627\u0644\u0645\u0646\u0627\u0637\u0642 \u0627\u0644\u062a\u064a \u064a\u0643\u0648\u0646 \u0641\u064a\u0647\u0627 \u0627\u0644\u0634\u062a\u0627\u0621 \u0628\u0627\u0631\u062f\u064b\u0627.<\/p>","protected":false},"featured_media":2722,"template":"","meta":{"_acf_changed":false},"product_brand":[],"product_cat":[48,46],"product_tag":[24,35,25,26,27],"class_list":{"0":"post-973","1":"product","2":"type-product","3":"status-publish","4":"has-post-thumbnail","6":"product_cat-orangers","7":"product_cat-plants-dargumes","8":"product_tag-equipment","9":"product_tag-etranger","10":"product_tag-garden","11":"product_tag-plants","12":"product_tag-tools","14":"first","15":"instock","16":"shipping-taxable","17":"purchasable","18":"product-type-simple"},"acf":[],"yoast_head":"<!-- This site is optimized with the Yoast SEO plugin v25.5 - https:\/\/yoast.com\/wordpress\/plugins\/seo\/ -->\n<title>Double fine - P\u00c9PINIERE NOUR DU CENTRE<\/title>\n<meta name=\"robots\" content=\"index, follow, max-snippet:-1, max-image-preview:large, max-video-preview:-1\" \/>\n<link rel=\"canonical\" href=\"http:\/\/pepiniere-nour.com\/ar\/product\/double-fine\/\" \/>\n<meta property=\"og:locale\" content=\"ar_AR\" \/>\n<meta property=\"og:type\" content=\"article\" \/>\n<meta property=\"og:title\" content=\"Double fine - P\u00c9PINIERE NOUR DU CENTRE\" \/>\n<meta property=\"og:description\" content=\"Caract\u00e9ristiques et Origine  La Double Fine est une vari\u00e9t\u00e9 d&#039;oranges class\u00e9e dans la cat\u00e9gorie des oranges. Elle est issue d&#039;une mutation de la Double Fine.  Aspect Physique et Croissance  Les arbres de cette vari\u00e9t\u00e9 ont un port globuleux, l\u00e9g\u00e8rement pendant. Leur vigueur est moyenne. Les fruits ont une forme allong\u00e9e et ovo\u00efde, avec un calibre moyen. Leur \u00e9corce n&#039;est pas mentionn\u00e9e, mais la peau est lisse \u00e0 grains fins. Les fruits contiennent peu de p\u00e9pins et sont appr\u00e9ci\u00e9s pour leur bonne saveur et leur parfum. Ils atteignent leur maturit\u00e9 entre janvier et f\u00e9vrier.  Int\u00e9r\u00eat de la Vari\u00e9t\u00e9  La Double Fine est appr\u00e9ci\u00e9e pour la fermet\u00e9 de ses fruits, qui r\u00e9sistent aux gel\u00e9es. Elle se colore bien, surtout dans les r\u00e9gions o\u00f9 les hivers sont frais.\" \/>\n<meta property=\"og:url\" content=\"http:\/\/pepiniere-nour.com\/ar\/product\/double-fine\/\" \/>\n<meta property=\"og:site_name\" content=\"P\u00c9PINIERE NOUR DU CENTRE\" \/>\n<meta property=\"article:modified_time\" content=\"2024-05-21T11:39:25+00:00\" \/>\n<meta property=\"og:image\" content=\"https:\/\/pepiniere-nour.com\/wp-content\/uploads\/2024\/03\/plants-orange-double-fine.jpg\" \/>\n\t<meta property=\"og:image:width\" content=\"570\" \/>\n\t<meta property=\"og:image:height\" content=\"428\" \/>\n\t<meta property=\"og:image:type\" content=\"image\/jpeg\" \/>\n<meta name=\"twitter:card\" content=\"summary_large_image\" \/>\n<meta name=\"twitter:label1\" content=\"\u0648\u0642\u062a \u0627\u0644\u0642\u0631\u0627\u0621\u0629 \u0627\u0644\u0645\u064f\u0642\u062f\u0651\u0631\" \/>\n\t<meta name=\"twitter:data1\" content=\"\u062f\u0642\u064a\u0642\u0629 \u0648\u0627\u062d\u062f\u0629\" \/>\n<script type=\"application\/ld+json\" class=\"yoast-schema-graph\">{\"@context\":\"https:\/\/schema.org\",\"@graph\":[{\"@type\":\"WebPage\",\"@id\":\"https:\/\/pepiniere-nour.com\/produit\/double-fine\",\"url\":\"https:\/\/pepiniere-nour.com\/produit\/double-fine\",\"name\":\"Double fine - P\u00c9PINIERE NOUR DU CENTRE\",\"isPartOf\":{\"@id\":\"https:\/\/pepiniere-nour.com\/#website\"},\"primaryImageOfPage\":{\"@id\":\"https:\/\/pepiniere-nour.com\/produit\/double-fine#primaryimage\"},\"image\":{\"@id\":\"https:\/\/pepiniere-nour.com\/produit\/double-fine#primaryimage\"},\"thumbnailUrl\":\"https:\/\/pepiniere-nour.com\/wp-content\/uploads\/2024\/03\/plants-orange-double-fine.jpg\",\"datePublished\":\"2024-03-20T22:54:46+00:00\",\"dateModified\":\"2024-05-21T11:39:25+00:00\",\"breadcrumb\":{\"@id\":\"https:\/\/pepiniere-nour.com\/produit\/double-fine#breadcrumb\"},\"inLanguage\":\"ar\",\"potentialAction\":[{\"@type\":\"ReadAction\",\"target\":[\"https:\/\/pepiniere-nour.com\/produit\/double-fine\"]}]},{\"@type\":\"ImageObject\",\"inLanguage\":\"ar\",\"@id\":\"https:\/\/pepiniere-nour.com\/produit\/double-fine#primaryimage\",\"url\":\"https:\/\/pepiniere-nour.com\/wp-content\/uploads\/2024\/03\/plants-orange-double-fine.jpg\",\"contentUrl\":\"https:\/\/pepiniere-nour.com\/wp-content\/uploads\/2024\/03\/plants-orange-double-fine.jpg\",\"width\":570,\"height\":428,\"caption\":\"plants oranges double fine\"},{\"@type\":\"BreadcrumbList\",\"@id\":\"https:\/\/pepiniere-nour.com\/produit\/double-fine#breadcrumb\",\"itemListElement\":[{\"@type\":\"ListItem\",\"position\":1,\"name\":\"Accueil\",\"item\":\"https:\/\/pepiniere-nour.com\/\"},{\"@type\":\"ListItem\",\"position\":2,\"name\":\"Boutique\",\"item\":\"https:\/\/pepiniere-nour.com\/boutique\"},{\"@type\":\"ListItem\",\"position\":3,\"name\":\"Double fine\"}]},{\"@type\":\"WebSite\",\"@id\":\"https:\/\/pepiniere-nour.com\/#website\",\"url\":\"https:\/\/pepiniere-nour.com\/\",\"name\":\"P\u00c9PINIERE NOUR DU CENTRE\",\"description\":\"P\u00c9PINIERE NOUR DU CENTRE\",\"publisher\":{\"@id\":\"https:\/\/pepiniere-nour.com\/#organization\"},\"potentialAction\":[{\"@type\":\"SearchAction\",\"target\":{\"@type\":\"EntryPoint\",\"urlTemplate\":\"https:\/\/pepiniere-nour.com\/?s={search_term_string}\"},\"query-input\":{\"@type\":\"PropertyValueSpecification\",\"valueRequired\":true,\"valueName\":\"search_term_string\"}}],\"inLanguage\":\"ar\"},{\"@type\":\"Organization\",\"@id\":\"https:\/\/pepiniere-nour.com\/#organization\",\"name\":\"P\u00c9PINIERE NOUR DU CENTRE\",\"url\":\"https:\/\/pepiniere-nour.com\/\",\"logo\":{\"@type\":\"ImageObject\",\"inLanguage\":\"ar\",\"@id\":\"https:\/\/pepiniere-nour.com\/#\/schema\/logo\/image\/\",\"url\":\"https:\/\/pepiniere-nour.com\/wp-content\/uploads\/2024\/03\/Remove-bg.ai_1709804773648.png\",\"contentUrl\":\"https:\/\/pepiniere-nour.com\/wp-content\/uploads\/2024\/03\/Remove-bg.ai_1709804773648.png\",\"width\":1199,\"height\":1199,\"caption\":\"P\u00c9PINIERE NOUR DU CENTRE\"},\"image\":{\"@id\":\"https:\/\/pepiniere-nour.com\/#\/schema\/logo\/image\/\"}}]}<\/script>\n<!-- \/ Yoast SEO plugin. -->","yoast_head_json":{"title":"Double fine - P\u00c9PINIERE NOUR DU CENTRE","robots":{"index":"index","follow":"follow","max-snippet":"max-snippet:-1","max-image-preview":"max-image-preview:large","max-video-preview":"max-video-preview:-1"},"canonical":"http:\/\/pepiniere-nour.com\/ar\/product\/double-fine\/","og_locale":"ar_AR","og_type":"article","og_title":"Double fine - P\u00c9PINIERE NOUR DU CENTRE","og_description":"Caract\u00e9ristiques et Origine  La Double Fine est une vari\u00e9t\u00e9 d'oranges class\u00e9e dans la cat\u00e9gorie des oranges. Elle est issue d'une mutation de la Double Fine.  Aspect Physique et Croissance  Les arbres de cette vari\u00e9t\u00e9 ont un port globuleux, l\u00e9g\u00e8rement pendant. Leur vigueur est moyenne. Les fruits ont une forme allong\u00e9e et ovo\u00efde, avec un calibre moyen. Leur \u00e9corce n'est pas mentionn\u00e9e, mais la peau est lisse \u00e0 grains fins. Les fruits contiennent peu de p\u00e9pins et sont appr\u00e9ci\u00e9s pour leur bonne saveur et leur parfum. Ils atteignent leur maturit\u00e9 entre janvier et f\u00e9vrier.  Int\u00e9r\u00eat de la Vari\u00e9t\u00e9  La Double Fine est appr\u00e9ci\u00e9e pour la fermet\u00e9 de ses fruits, qui r\u00e9sistent aux gel\u00e9es. Elle se colore bien, surtout dans les r\u00e9gions o\u00f9 les hivers sont frais.","og_url":"http:\/\/pepiniere-nour.com\/ar\/product\/double-fine\/","og_site_name":"P\u00c9PINIERE NOUR DU CENTRE","article_modified_time":"2024-05-21T11:39:25+00:00","og_image":[{"width":570,"height":428,"url":"https:\/\/pepiniere-nour.com\/wp-content\/uploads\/2024\/03\/plants-orange-double-fine.jpg","type":"image\/jpeg"}],"twitter_card":"summary_large_image","twitter_misc":{"\u0648\u0642\u062a \u0627\u0644\u0642\u0631\u0627\u0621\u0629 \u0627\u0644\u0645\u064f\u0642\u062f\u0651\u0631":"\u062f\u0642\u064a\u0642\u0629 \u0648\u0627\u062d\u062f\u0629"},"schema":{"@context":"https:\/\/schema.org","@graph":[{"@type":"WebPage","@id":"https:\/\/pepiniere-nour.com\/produit\/double-fine","url":"https:\/\/pepiniere-nour.com\/produit\/double-fine","name":"Double fine - P\u00c9PINIERE NOUR DU CENTRE","isPartOf":{"@id":"https:\/\/pepiniere-nour.com\/#website"},"primaryImageOfPage":{"@id":"https:\/\/pepiniere-nour.com\/produit\/double-fine#primaryimage"},"image":{"@id":"https:\/\/pepiniere-nour.com\/produit\/double-fine#primaryimage"},"thumbnailUrl":"https:\/\/pepiniere-nour.com\/wp-content\/uploads\/2024\/03\/plants-orange-double-fine.jpg","datePublished":"2024-03-20T22:54:46+00:00","dateModified":"2024-05-21T11:39:25+00:00","breadcrumb":{"@id":"https:\/\/pepiniere-nour.com\/produit\/double-fine#breadcrumb"},"inLanguage":"ar","potentialAction":[{"@type":"ReadAction","target":["https:\/\/pepiniere-nour.com\/produit\/double-fine"]}]},{"@type":"ImageObject","inLanguage":"ar","@id":"https:\/\/pepiniere-nour.com\/produit\/double-fine#primaryimage","url":"https:\/\/pepiniere-nour.com\/wp-content\/uploads\/2024\/03\/plants-orange-double-fine.jpg","contentUrl":"https:\/\/pepiniere-nour.com\/wp-content\/uploads\/2024\/03\/plants-orange-double-fine.jpg","width":570,"height":428,"caption":"plants oranges double fine"},{"@type":"BreadcrumbList","@id":"https:\/\/pepiniere-nour.com\/produit\/double-fine#breadcrumb","itemListElement":[{"@type":"ListItem","position":1,"name":"Accueil","item":"https:\/\/pepiniere-nour.com\/"},{"@type":"ListItem","position":2,"name":"Boutique","item":"https:\/\/pepiniere-nour.com\/boutique"},{"@type":"ListItem","position":3,"name":"Double fine"}]},{"@type":"WebSite","@id":"https:\/\/pepiniere-nour.com\/#website","url":"https:\/\/pepiniere-nour.com\/","name":"P\u00c9PINIERE NOUR DU CENTRE","description":"P\u00c9PINIERE NOUR DU CENTRE","publisher":{"@id":"https:\/\/pepiniere-nour.com\/#organization"},"potentialAction":[{"@type":"SearchAction","target":{"@type":"EntryPoint","urlTemplate":"https:\/\/pepiniere-nour.com\/?s={search_term_string}"},"query-input":{"@type":"PropertyValueSpecification","valueRequired":true,"valueName":"search_term_string"}}],"inLanguage":"ar"},{"@type":"Organization","@id":"https:\/\/pepiniere-nour.com\/#organization","name":"P\u00c9PINIERE NOUR DU CENTRE","url":"https:\/\/pepiniere-nour.com\/","logo":{"@type":"ImageObject","inLanguage":"ar","@id":"https:\/\/pepiniere-nour.com\/#\/schema\/logo\/image\/","url":"https:\/\/pepiniere-nour.com\/wp-content\/uploads\/2024\/03\/Remove-bg.ai_1709804773648.png","contentUrl":"https:\/\/pepiniere-nour.com\/wp-content\/uploads\/2024\/03\/Remove-bg.ai_1709804773648.png","width":1199,"height":1199,"caption":"P\u00c9PINIERE NOUR DU CENTRE"},"image":{"@id":"https:\/\/pepiniere-nour.com\/#\/schema\/logo\/image\/"}}]}},"_links":{"self":[{"href":"http:\/\/pepiniere-nour.com\/ar\/wp-json\/wp\/v2\/product\/973","targetHints":{"allow":["GET"]}}],"collection":[{"href":"http:\/\/pepiniere-nour.com\/ar\/wp-json\/wp\/v2\/product"}],"about":[{"href":"http:\/\/pepiniere-nour.com\/ar\/wp-json\/wp\/v2\/types\/product"}],"wp:featuredmedia":[{"embeddable":true,"href":"http:\/\/pepiniere-nour.com\/ar\/wp-json\/wp\/v2\/media\/2722"}],"wp:attachment":[{"href":"http:\/\/pepiniere-nour.com\/ar\/wp-json\/wp\/v2\/media?parent=973"}],"wp:term":[{"taxonomy":"product_brand","embeddable":true,"href":"http:\/\/pepiniere-nour.com\/ar\/wp-json\/wp\/v2\/product_brand?post=973"},{"taxonomy":"product_cat","embeddable":true,"href":"http:\/\/pepiniere-nour.com\/ar\/wp-json\/wp\/v2\/product_cat?post=973"},{"taxonomy":"product_tag","embeddable":true,"href":"http:\/\/pepiniere-nour.com\/ar\/wp-json\/wp\/v2\/product_tag?post=973"}],"curies":[{"name":"wp","href":"https:\/\/api.w.org\/{rel}","templated":true}]}}