{"id":971,"date":"2024-03-20T22:54:31","date_gmt":"2024-03-20T22:54:31","guid":{"rendered":"https:\/\/pepiniere-nour.com\/?post_type=product&#038;p=971"},"modified":"2024-05-21T11:39:47","modified_gmt":"2024-05-21T11:39:47","slug":"navel","status":"publish","type":"product","link":"http:\/\/pepiniere-nour.com\/ar\/product\/navel","title":{"rendered":"\u0646\u0627\u0641\u0627\u0644"},"content":{"rendered":"","protected":false},"excerpt":{"rendered":"<p><strong>\u0627\u0644\u0623\u0635\u0644 \u0648\u0627\u0644\u062e\u0635\u0627\u0626\u0635<\/strong><\/p>\n<p>L&rsquo;orange Navel est une vari\u00e9t\u00e9 d&rsquo;agrumes reconnaissable par une caract\u00e9ristique unique : une excroissance en forme de nombril sur la partie sup\u00e9rieure du fruit. Cette curiosit\u00e9 visuelle est due \u00e0 un petit embryon de fruit qui se d\u00e9veloppe \u00e0 l&rsquo;int\u00e9rieur, cr\u00e9ant une apparence distincte et attrayante.<\/p>\n<p><strong>\u0639\u0648\u0627\u0645\u0644 \u0627\u0644\u062c\u0630\u0628 \u0648\u0627\u0644\u0646\u0643\u0647\u0627\u062a<\/strong><\/p>\n<p>De plus, les oranges Navel sont appr\u00e9ci\u00e9es pour leur faible nombre, voire l&rsquo;absence totale, de p\u00e9pins, offrant une exp\u00e9rience de d\u00e9gustation sans encombre. Outre son aspect visuel, la Navel est pris\u00e9e pour sa saveur douce et juteuse, en faisant un choix populaire parmi les vari\u00e9t\u00e9s d&rsquo;agrumes.<\/p>","protected":false},"featured_media":2727,"template":"","meta":{"_acf_changed":false},"product_brand":[],"product_cat":[48,46],"product_tag":[24,35,25,26,27],"class_list":{"0":"post-971","1":"product","2":"type-product","3":"status-publish","4":"has-post-thumbnail","6":"product_cat-orangers","7":"product_cat-plants-dargumes","8":"product_tag-equipment","9":"product_tag-etranger","10":"product_tag-garden","11":"product_tag-plants","12":"product_tag-tools","14":"first","15":"instock","16":"shipping-taxable","17":"purchasable","18":"product-type-simple"},"acf":[],"yoast_head":"<!-- This site is optimized with the Yoast SEO plugin v25.5 - https:\/\/yoast.com\/wordpress\/plugins\/seo\/ -->\n<title>Navel - P\u00c9PINIERE NOUR DU CENTRE<\/title>\n<meta name=\"robots\" content=\"index, follow, max-snippet:-1, max-image-preview:large, max-video-preview:-1\" \/>\n<link rel=\"canonical\" href=\"http:\/\/pepiniere-nour.com\/ar\/product\/navel\/\" \/>\n<meta property=\"og:locale\" content=\"ar_AR\" \/>\n<meta property=\"og:type\" content=\"article\" \/>\n<meta property=\"og:title\" content=\"Navel - P\u00c9PINIERE NOUR DU CENTRE\" \/>\n<meta property=\"og:description\" content=\"Origine et Caract\u00e9ristiques  L&#039;orange Navel est une vari\u00e9t\u00e9 d&#039;agrumes reconnaissable par une caract\u00e9ristique unique : une excroissance en forme de nombril sur la partie sup\u00e9rieure du fruit. Cette curiosit\u00e9 visuelle est due \u00e0 un petit embryon de fruit qui se d\u00e9veloppe \u00e0 l&#039;int\u00e9rieur, cr\u00e9ant une apparence distincte et attrayante.  Attraits et Saveurs  De plus, les oranges Navel sont appr\u00e9ci\u00e9es pour leur faible nombre, voire l&#039;absence totale, de p\u00e9pins, offrant une exp\u00e9rience de d\u00e9gustation sans encombre. Outre son aspect visuel, la Navel est pris\u00e9e pour sa saveur douce et juteuse, en faisant un choix populaire parmi les vari\u00e9t\u00e9s d&#039;agrumes.\" \/>\n<meta property=\"og:url\" content=\"http:\/\/pepiniere-nour.com\/ar\/product\/navel\/\" \/>\n<meta property=\"og:site_name\" content=\"P\u00c9PINIERE NOUR DU CENTRE\" \/>\n<meta property=\"article:modified_time\" content=\"2024-05-21T11:39:47+00:00\" \/>\n<meta property=\"og:image\" content=\"https:\/\/pepiniere-nour.com\/wp-content\/uploads\/2024\/03\/Orange-Navel-1.jpg\" \/>\n\t<meta property=\"og:image:width\" content=\"570\" \/>\n\t<meta property=\"og:image:height\" content=\"378\" \/>\n\t<meta property=\"og:image:type\" content=\"image\/jpeg\" \/>\n<meta name=\"twitter:card\" content=\"summary_large_image\" \/>\n<meta name=\"twitter:label1\" content=\"\u0648\u0642\u062a \u0627\u0644\u0642\u0631\u0627\u0621\u0629 \u0627\u0644\u0645\u064f\u0642\u062f\u0651\u0631\" \/>\n\t<meta name=\"twitter:data1\" content=\"\u062f\u0642\u064a\u0642\u0629 \u0648\u0627\u062d\u062f\u0629\" \/>\n<script type=\"application\/ld+json\" class=\"yoast-schema-graph\">{\"@context\":\"https:\/\/schema.org\",\"@graph\":[{\"@type\":\"WebPage\",\"@id\":\"https:\/\/pepiniere-nour.com\/produit\/navel\",\"url\":\"https:\/\/pepiniere-nour.com\/produit\/navel\",\"name\":\"Navel - P\u00c9PINIERE NOUR DU CENTRE\",\"isPartOf\":{\"@id\":\"https:\/\/pepiniere-nour.com\/#website\"},\"primaryImageOfPage\":{\"@id\":\"https:\/\/pepiniere-nour.com\/produit\/navel#primaryimage\"},\"image\":{\"@id\":\"https:\/\/pepiniere-nour.com\/produit\/navel#primaryimage\"},\"thumbnailUrl\":\"https:\/\/pepiniere-nour.com\/wp-content\/uploads\/2024\/03\/Orange-Navel-1.jpg\",\"datePublished\":\"2024-03-20T22:54:31+00:00\",\"dateModified\":\"2024-05-21T11:39:47+00:00\",\"breadcrumb\":{\"@id\":\"https:\/\/pepiniere-nour.com\/produit\/navel#breadcrumb\"},\"inLanguage\":\"ar\",\"potentialAction\":[{\"@type\":\"ReadAction\",\"target\":[\"https:\/\/pepiniere-nour.com\/produit\/navel\"]}]},{\"@type\":\"ImageObject\",\"inLanguage\":\"ar\",\"@id\":\"https:\/\/pepiniere-nour.com\/produit\/navel#primaryimage\",\"url\":\"https:\/\/pepiniere-nour.com\/wp-content\/uploads\/2024\/03\/Orange-Navel-1.jpg\",\"contentUrl\":\"https:\/\/pepiniere-nour.com\/wp-content\/uploads\/2024\/03\/Orange-Navel-1.jpg\",\"width\":570,\"height\":378,\"caption\":\"Orange Navel\"},{\"@type\":\"BreadcrumbList\",\"@id\":\"https:\/\/pepiniere-nour.com\/produit\/navel#breadcrumb\",\"itemListElement\":[{\"@type\":\"ListItem\",\"position\":1,\"name\":\"Accueil\",\"item\":\"https:\/\/pepiniere-nour.com\/\"},{\"@type\":\"ListItem\",\"position\":2,\"name\":\"Boutique\",\"item\":\"https:\/\/pepiniere-nour.com\/boutique\"},{\"@type\":\"ListItem\",\"position\":3,\"name\":\"Navel\"}]},{\"@type\":\"WebSite\",\"@id\":\"https:\/\/pepiniere-nour.com\/#website\",\"url\":\"https:\/\/pepiniere-nour.com\/\",\"name\":\"P\u00c9PINIERE NOUR DU CENTRE\",\"description\":\"P\u00c9PINIERE NOUR DU CENTRE\",\"publisher\":{\"@id\":\"https:\/\/pepiniere-nour.com\/#organization\"},\"potentialAction\":[{\"@type\":\"SearchAction\",\"target\":{\"@type\":\"EntryPoint\",\"urlTemplate\":\"https:\/\/pepiniere-nour.com\/?s={search_term_string}\"},\"query-input\":{\"@type\":\"PropertyValueSpecification\",\"valueRequired\":true,\"valueName\":\"search_term_string\"}}],\"inLanguage\":\"ar\"},{\"@type\":\"Organization\",\"@id\":\"https:\/\/pepiniere-nour.com\/#organization\",\"name\":\"P\u00c9PINIERE NOUR DU CENTRE\",\"url\":\"https:\/\/pepiniere-nour.com\/\",\"logo\":{\"@type\":\"ImageObject\",\"inLanguage\":\"ar\",\"@id\":\"https:\/\/pepiniere-nour.com\/#\/schema\/logo\/image\/\",\"url\":\"https:\/\/pepiniere-nour.com\/wp-content\/uploads\/2024\/03\/Remove-bg.ai_1709804773648.png\",\"contentUrl\":\"https:\/\/pepiniere-nour.com\/wp-content\/uploads\/2024\/03\/Remove-bg.ai_1709804773648.png\",\"width\":1199,\"height\":1199,\"caption\":\"P\u00c9PINIERE NOUR DU CENTRE\"},\"image\":{\"@id\":\"https:\/\/pepiniere-nour.com\/#\/schema\/logo\/image\/\"}}]}<\/script>\n<!-- \/ Yoast SEO plugin. -->","yoast_head_json":{"title":"Navel - P\u00c9PINIERE NOUR DU CENTRE","robots":{"index":"index","follow":"follow","max-snippet":"max-snippet:-1","max-image-preview":"max-image-preview:large","max-video-preview":"max-video-preview:-1"},"canonical":"http:\/\/pepiniere-nour.com\/ar\/product\/navel\/","og_locale":"ar_AR","og_type":"article","og_title":"Navel - P\u00c9PINIERE NOUR DU CENTRE","og_description":"Origine et Caract\u00e9ristiques  L'orange Navel est une vari\u00e9t\u00e9 d'agrumes reconnaissable par une caract\u00e9ristique unique : une excroissance en forme de nombril sur la partie sup\u00e9rieure du fruit. Cette curiosit\u00e9 visuelle est due \u00e0 un petit embryon de fruit qui se d\u00e9veloppe \u00e0 l'int\u00e9rieur, cr\u00e9ant une apparence distincte et attrayante.  Attraits et Saveurs  De plus, les oranges Navel sont appr\u00e9ci\u00e9es pour leur faible nombre, voire l'absence totale, de p\u00e9pins, offrant une exp\u00e9rience de d\u00e9gustation sans encombre. Outre son aspect visuel, la Navel est pris\u00e9e pour sa saveur douce et juteuse, en faisant un choix populaire parmi les vari\u00e9t\u00e9s d'agrumes.","og_url":"http:\/\/pepiniere-nour.com\/ar\/product\/navel\/","og_site_name":"P\u00c9PINIERE NOUR DU CENTRE","article_modified_time":"2024-05-21T11:39:47+00:00","og_image":[{"width":570,"height":378,"url":"https:\/\/pepiniere-nour.com\/wp-content\/uploads\/2024\/03\/Orange-Navel-1.jpg","type":"image\/jpeg"}],"twitter_card":"summary_large_image","twitter_misc":{"\u0648\u0642\u062a \u0627\u0644\u0642\u0631\u0627\u0621\u0629 \u0627\u0644\u0645\u064f\u0642\u062f\u0651\u0631":"\u062f\u0642\u064a\u0642\u0629 \u0648\u0627\u062d\u062f\u0629"},"schema":{"@context":"https:\/\/schema.org","@graph":[{"@type":"WebPage","@id":"https:\/\/pepiniere-nour.com\/produit\/navel","url":"https:\/\/pepiniere-nour.com\/produit\/navel","name":"Navel - P\u00c9PINIERE NOUR DU CENTRE","isPartOf":{"@id":"https:\/\/pepiniere-nour.com\/#website"},"primaryImageOfPage":{"@id":"https:\/\/pepiniere-nour.com\/produit\/navel#primaryimage"},"image":{"@id":"https:\/\/pepiniere-nour.com\/produit\/navel#primaryimage"},"thumbnailUrl":"https:\/\/pepiniere-nour.com\/wp-content\/uploads\/2024\/03\/Orange-Navel-1.jpg","datePublished":"2024-03-20T22:54:31+00:00","dateModified":"2024-05-21T11:39:47+00:00","breadcrumb":{"@id":"https:\/\/pepiniere-nour.com\/produit\/navel#breadcrumb"},"inLanguage":"ar","potentialAction":[{"@type":"ReadAction","target":["https:\/\/pepiniere-nour.com\/produit\/navel"]}]},{"@type":"ImageObject","inLanguage":"ar","@id":"https:\/\/pepiniere-nour.com\/produit\/navel#primaryimage","url":"https:\/\/pepiniere-nour.com\/wp-content\/uploads\/2024\/03\/Orange-Navel-1.jpg","contentUrl":"https:\/\/pepiniere-nour.com\/wp-content\/uploads\/2024\/03\/Orange-Navel-1.jpg","width":570,"height":378,"caption":"Orange Navel"},{"@type":"BreadcrumbList","@id":"https:\/\/pepiniere-nour.com\/produit\/navel#breadcrumb","itemListElement":[{"@type":"ListItem","position":1,"name":"Accueil","item":"https:\/\/pepiniere-nour.com\/"},{"@type":"ListItem","position":2,"name":"Boutique","item":"https:\/\/pepiniere-nour.com\/boutique"},{"@type":"ListItem","position":3,"name":"Navel"}]},{"@type":"WebSite","@id":"https:\/\/pepiniere-nour.com\/#website","url":"https:\/\/pepiniere-nour.com\/","name":"P\u00c9PINIERE NOUR DU CENTRE","description":"P\u00c9PINIERE NOUR DU CENTRE","publisher":{"@id":"https:\/\/pepiniere-nour.com\/#organization"},"potentialAction":[{"@type":"SearchAction","target":{"@type":"EntryPoint","urlTemplate":"https:\/\/pepiniere-nour.com\/?s={search_term_string}"},"query-input":{"@type":"PropertyValueSpecification","valueRequired":true,"valueName":"search_term_string"}}],"inLanguage":"ar"},{"@type":"Organization","@id":"https:\/\/pepiniere-nour.com\/#organization","name":"P\u00c9PINIERE NOUR DU CENTRE","url":"https:\/\/pepiniere-nour.com\/","logo":{"@type":"ImageObject","inLanguage":"ar","@id":"https:\/\/pepiniere-nour.com\/#\/schema\/logo\/image\/","url":"https:\/\/pepiniere-nour.com\/wp-content\/uploads\/2024\/03\/Remove-bg.ai_1709804773648.png","contentUrl":"https:\/\/pepiniere-nour.com\/wp-content\/uploads\/2024\/03\/Remove-bg.ai_1709804773648.png","width":1199,"height":1199,"caption":"P\u00c9PINIERE NOUR DU CENTRE"},"image":{"@id":"https:\/\/pepiniere-nour.com\/#\/schema\/logo\/image\/"}}]}},"_links":{"self":[{"href":"http:\/\/pepiniere-nour.com\/ar\/wp-json\/wp\/v2\/product\/971","targetHints":{"allow":["GET"]}}],"collection":[{"href":"http:\/\/pepiniere-nour.com\/ar\/wp-json\/wp\/v2\/product"}],"about":[{"href":"http:\/\/pepiniere-nour.com\/ar\/wp-json\/wp\/v2\/types\/product"}],"wp:featuredmedia":[{"embeddable":true,"href":"http:\/\/pepiniere-nour.com\/ar\/wp-json\/wp\/v2\/media\/2727"}],"wp:attachment":[{"href":"http:\/\/pepiniere-nour.com\/ar\/wp-json\/wp\/v2\/media?parent=971"}],"wp:term":[{"taxonomy":"product_brand","embeddable":true,"href":"http:\/\/pepiniere-nour.com\/ar\/wp-json\/wp\/v2\/product_brand?post=971"},{"taxonomy":"product_cat","embeddable":true,"href":"http:\/\/pepiniere-nour.com\/ar\/wp-json\/wp\/v2\/product_cat?post=971"},{"taxonomy":"product_tag","embeddable":true,"href":"http:\/\/pepiniere-nour.com\/ar\/wp-json\/wp\/v2\/product_tag?post=971"}],"curies":[{"name":"wp","href":"https:\/\/api.w.org\/{rel}","templated":true}]}}