{"id":970,"date":"2024-03-20T22:54:24","date_gmt":"2024-03-20T22:54:24","guid":{"rendered":"https:\/\/pepiniere-nour.com\/?post_type=product&#038;p=970"},"modified":"2024-05-21T11:43:17","modified_gmt":"2024-05-21T11:43:17","slug":"navelina","status":"publish","type":"product","link":"http:\/\/pepiniere-nour.com\/ar\/product\/navelina","title":{"rendered":"\u0646\u0627\u0641\u064a\u0644\u064a\u0646\u0627"},"content":{"rendered":"","protected":false},"excerpt":{"rendered":"<p><strong>\u0627\u0644\u062e\u0635\u0627\u0626\u0635 \u0648\u0627\u0644\u0623\u0635\u0644<\/strong><\/p>\n<p>La Navelina est une vari\u00e9t\u00e9 d&rsquo;oranges appartenant \u00e0 la cat\u00e9gorie des oranges, originaire de Californie. Elle a \u00e9t\u00e9 d\u00e9couverte en 1910 et propag\u00e9e en Espagne en 1933.<\/p>\n<p><strong>\u0627\u0644\u0645\u0638\u0647\u0631 \u0627\u0644\u062c\u0633\u062f\u064a \u0648\u0627\u0644\u0646\u0645\u0648<\/strong><\/p>\n<p>Le port de l&rsquo;arbre est globuleux, avec une bonne vigueur, bien que de taille moyenne. Les fruits ont une forme ovo\u00efde et pr\u00e9sentent un gros calibre, plus grand que celui de la vari\u00e9t\u00e9 New Hall. Leur \u00e9corce est moyennement \u00e9paisse, adh\u00e9rente et de couleur orange rouge\u00e2tre. La peau est lisse et acquiert une bonne couleur en pleine maturit\u00e9.<\/p>\n<p>\u064a\u062a\u0645\u064a\u0632 \u0647\u0630\u0627 \u0627\u0644\u0635\u0646\u0641 \u0628\u0627\u0646\u062a\u0627\u062c\u064a\u062a\u0647 \u0648 \u0628\u0642\u0634\u0631\u062a\u0647 \u0627\u0644\u0645\u0644\u0633\u0627\u0621 \u0648 \u0628\u0644\u0648\u0646\u0647 \u0627\u0644\u0645\u062a\u0648\u0647\u062c \u0641\u064a \u0645\u0631\u062d\u0644\u0629 \u0627\u0644\u0646\u0636\u062c<\/p>","protected":false},"featured_media":2729,"template":"","meta":{"_acf_changed":false},"product_brand":[],"product_cat":[48,46],"product_tag":[24,35,25,26,27],"class_list":{"0":"post-970","1":"product","2":"type-product","3":"status-publish","4":"has-post-thumbnail","6":"product_cat-orangers","7":"product_cat-plants-dargumes","8":"product_tag-equipment","9":"product_tag-etranger","10":"product_tag-garden","11":"product_tag-plants","12":"product_tag-tools","14":"first","15":"instock","16":"shipping-taxable","17":"purchasable","18":"product-type-simple"},"acf":[],"yoast_head":"<!-- This site is optimized with the Yoast SEO plugin v25.5 - https:\/\/yoast.com\/wordpress\/plugins\/seo\/ -->\n<title>Navelina - P\u00c9PINIERE NOUR DU CENTRE<\/title>\n<meta name=\"robots\" content=\"index, follow, max-snippet:-1, max-image-preview:large, max-video-preview:-1\" \/>\n<link rel=\"canonical\" href=\"http:\/\/pepiniere-nour.com\/ar\/product\/navelina\/\" \/>\n<meta property=\"og:locale\" content=\"ar_AR\" \/>\n<meta property=\"og:type\" content=\"article\" \/>\n<meta property=\"og:title\" content=\"Navelina - P\u00c9PINIERE NOUR DU CENTRE\" \/>\n<meta property=\"og:description\" content=\"Caract\u00e9ristiques et Origine  La Navelina est une vari\u00e9t\u00e9 d&#039;oranges appartenant \u00e0 la cat\u00e9gorie des oranges, originaire de Californie. Elle a \u00e9t\u00e9 d\u00e9couverte en 1910 et propag\u00e9e en Espagne en 1933.  Aspect Physique et Croissance  Le port de l&#039;arbre est globuleux, avec une bonne vigueur, bien que de taille moyenne. Les fruits ont une forme ovo\u00efde et pr\u00e9sentent un gros calibre, plus grand que celui de la vari\u00e9t\u00e9 New Hall. Leur \u00e9corce est moyennement \u00e9paisse, adh\u00e9rente et de couleur orange rouge\u00e2tre. La peau est lisse et acquiert une bonne couleur en pleine maturit\u00e9.  La Navelina est une vari\u00e9t\u00e9 productive, avec une peau lisse et une bonne coloration en pleine maturit\u00e9.\" \/>\n<meta property=\"og:url\" content=\"http:\/\/pepiniere-nour.com\/ar\/product\/navelina\/\" \/>\n<meta property=\"og:site_name\" content=\"P\u00c9PINIERE NOUR DU CENTRE\" \/>\n<meta property=\"article:modified_time\" content=\"2024-05-21T11:43:17+00:00\" \/>\n<meta property=\"og:image\" content=\"https:\/\/pepiniere-nour.com\/wp-content\/uploads\/2024\/03\/Orangers-Navelina.jpg\" \/>\n\t<meta property=\"og:image:width\" content=\"570\" \/>\n\t<meta property=\"og:image:height\" content=\"380\" \/>\n\t<meta property=\"og:image:type\" content=\"image\/jpeg\" \/>\n<meta name=\"twitter:card\" content=\"summary_large_image\" \/>\n<meta name=\"twitter:label1\" content=\"\u0648\u0642\u062a \u0627\u0644\u0642\u0631\u0627\u0621\u0629 \u0627\u0644\u0645\u064f\u0642\u062f\u0651\u0631\" \/>\n\t<meta name=\"twitter:data1\" content=\"\u062f\u0642\u064a\u0642\u0629 \u0648\u0627\u062d\u062f\u0629\" \/>\n<script type=\"application\/ld+json\" class=\"yoast-schema-graph\">{\"@context\":\"https:\/\/schema.org\",\"@graph\":[{\"@type\":\"WebPage\",\"@id\":\"https:\/\/pepiniere-nour.com\/produit\/navelina\",\"url\":\"https:\/\/pepiniere-nour.com\/produit\/navelina\",\"name\":\"Navelina - P\u00c9PINIERE NOUR DU CENTRE\",\"isPartOf\":{\"@id\":\"https:\/\/pepiniere-nour.com\/#website\"},\"primaryImageOfPage\":{\"@id\":\"https:\/\/pepiniere-nour.com\/produit\/navelina#primaryimage\"},\"image\":{\"@id\":\"https:\/\/pepiniere-nour.com\/produit\/navelina#primaryimage\"},\"thumbnailUrl\":\"https:\/\/pepiniere-nour.com\/wp-content\/uploads\/2024\/03\/Orangers-Navelina.jpg\",\"datePublished\":\"2024-03-20T22:54:24+00:00\",\"dateModified\":\"2024-05-21T11:43:17+00:00\",\"breadcrumb\":{\"@id\":\"https:\/\/pepiniere-nour.com\/produit\/navelina#breadcrumb\"},\"inLanguage\":\"ar\",\"potentialAction\":[{\"@type\":\"ReadAction\",\"target\":[\"https:\/\/pepiniere-nour.com\/produit\/navelina\"]}]},{\"@type\":\"ImageObject\",\"inLanguage\":\"ar\",\"@id\":\"https:\/\/pepiniere-nour.com\/produit\/navelina#primaryimage\",\"url\":\"https:\/\/pepiniere-nour.com\/wp-content\/uploads\/2024\/03\/Orangers-Navelina.jpg\",\"contentUrl\":\"https:\/\/pepiniere-nour.com\/wp-content\/uploads\/2024\/03\/Orangers-Navelina.jpg\",\"width\":570,\"height\":380,\"caption\":\"Navelina\"},{\"@type\":\"BreadcrumbList\",\"@id\":\"https:\/\/pepiniere-nour.com\/produit\/navelina#breadcrumb\",\"itemListElement\":[{\"@type\":\"ListItem\",\"position\":1,\"name\":\"Accueil\",\"item\":\"https:\/\/pepiniere-nour.com\/\"},{\"@type\":\"ListItem\",\"position\":2,\"name\":\"Boutique\",\"item\":\"https:\/\/pepiniere-nour.com\/boutique\"},{\"@type\":\"ListItem\",\"position\":3,\"name\":\"Navelina\"}]},{\"@type\":\"WebSite\",\"@id\":\"https:\/\/pepiniere-nour.com\/#website\",\"url\":\"https:\/\/pepiniere-nour.com\/\",\"name\":\"P\u00c9PINIERE NOUR DU CENTRE\",\"description\":\"P\u00c9PINIERE NOUR DU CENTRE\",\"publisher\":{\"@id\":\"https:\/\/pepiniere-nour.com\/#organization\"},\"potentialAction\":[{\"@type\":\"SearchAction\",\"target\":{\"@type\":\"EntryPoint\",\"urlTemplate\":\"https:\/\/pepiniere-nour.com\/?s={search_term_string}\"},\"query-input\":{\"@type\":\"PropertyValueSpecification\",\"valueRequired\":true,\"valueName\":\"search_term_string\"}}],\"inLanguage\":\"ar\"},{\"@type\":\"Organization\",\"@id\":\"https:\/\/pepiniere-nour.com\/#organization\",\"name\":\"P\u00c9PINIERE NOUR DU CENTRE\",\"url\":\"https:\/\/pepiniere-nour.com\/\",\"logo\":{\"@type\":\"ImageObject\",\"inLanguage\":\"ar\",\"@id\":\"https:\/\/pepiniere-nour.com\/#\/schema\/logo\/image\/\",\"url\":\"https:\/\/pepiniere-nour.com\/wp-content\/uploads\/2024\/03\/Remove-bg.ai_1709804773648.png\",\"contentUrl\":\"https:\/\/pepiniere-nour.com\/wp-content\/uploads\/2024\/03\/Remove-bg.ai_1709804773648.png\",\"width\":1199,\"height\":1199,\"caption\":\"P\u00c9PINIERE NOUR DU CENTRE\"},\"image\":{\"@id\":\"https:\/\/pepiniere-nour.com\/#\/schema\/logo\/image\/\"}}]}<\/script>\n<!-- \/ Yoast SEO plugin. -->","yoast_head_json":{"title":"Navelina - P\u00c9PINIERE NOUR DU CENTRE","robots":{"index":"index","follow":"follow","max-snippet":"max-snippet:-1","max-image-preview":"max-image-preview:large","max-video-preview":"max-video-preview:-1"},"canonical":"http:\/\/pepiniere-nour.com\/ar\/product\/navelina\/","og_locale":"ar_AR","og_type":"article","og_title":"Navelina - P\u00c9PINIERE NOUR DU CENTRE","og_description":"Caract\u00e9ristiques et Origine  La Navelina est une vari\u00e9t\u00e9 d'oranges appartenant \u00e0 la cat\u00e9gorie des oranges, originaire de Californie. Elle a \u00e9t\u00e9 d\u00e9couverte en 1910 et propag\u00e9e en Espagne en 1933.  Aspect Physique et Croissance  Le port de l'arbre est globuleux, avec une bonne vigueur, bien que de taille moyenne. Les fruits ont une forme ovo\u00efde et pr\u00e9sentent un gros calibre, plus grand que celui de la vari\u00e9t\u00e9 New Hall. Leur \u00e9corce est moyennement \u00e9paisse, adh\u00e9rente et de couleur orange rouge\u00e2tre. La peau est lisse et acquiert une bonne couleur en pleine maturit\u00e9.  La Navelina est une vari\u00e9t\u00e9 productive, avec une peau lisse et une bonne coloration en pleine maturit\u00e9.","og_url":"http:\/\/pepiniere-nour.com\/ar\/product\/navelina\/","og_site_name":"P\u00c9PINIERE NOUR DU CENTRE","article_modified_time":"2024-05-21T11:43:17+00:00","og_image":[{"width":570,"height":380,"url":"https:\/\/pepiniere-nour.com\/wp-content\/uploads\/2024\/03\/Orangers-Navelina.jpg","type":"image\/jpeg"}],"twitter_card":"summary_large_image","twitter_misc":{"\u0648\u0642\u062a \u0627\u0644\u0642\u0631\u0627\u0621\u0629 \u0627\u0644\u0645\u064f\u0642\u062f\u0651\u0631":"\u062f\u0642\u064a\u0642\u0629 \u0648\u0627\u062d\u062f\u0629"},"schema":{"@context":"https:\/\/schema.org","@graph":[{"@type":"WebPage","@id":"https:\/\/pepiniere-nour.com\/produit\/navelina","url":"https:\/\/pepiniere-nour.com\/produit\/navelina","name":"Navelina - P\u00c9PINIERE NOUR DU CENTRE","isPartOf":{"@id":"https:\/\/pepiniere-nour.com\/#website"},"primaryImageOfPage":{"@id":"https:\/\/pepiniere-nour.com\/produit\/navelina#primaryimage"},"image":{"@id":"https:\/\/pepiniere-nour.com\/produit\/navelina#primaryimage"},"thumbnailUrl":"https:\/\/pepiniere-nour.com\/wp-content\/uploads\/2024\/03\/Orangers-Navelina.jpg","datePublished":"2024-03-20T22:54:24+00:00","dateModified":"2024-05-21T11:43:17+00:00","breadcrumb":{"@id":"https:\/\/pepiniere-nour.com\/produit\/navelina#breadcrumb"},"inLanguage":"ar","potentialAction":[{"@type":"ReadAction","target":["https:\/\/pepiniere-nour.com\/produit\/navelina"]}]},{"@type":"ImageObject","inLanguage":"ar","@id":"https:\/\/pepiniere-nour.com\/produit\/navelina#primaryimage","url":"https:\/\/pepiniere-nour.com\/wp-content\/uploads\/2024\/03\/Orangers-Navelina.jpg","contentUrl":"https:\/\/pepiniere-nour.com\/wp-content\/uploads\/2024\/03\/Orangers-Navelina.jpg","width":570,"height":380,"caption":"Navelina"},{"@type":"BreadcrumbList","@id":"https:\/\/pepiniere-nour.com\/produit\/navelina#breadcrumb","itemListElement":[{"@type":"ListItem","position":1,"name":"Accueil","item":"https:\/\/pepiniere-nour.com\/"},{"@type":"ListItem","position":2,"name":"Boutique","item":"https:\/\/pepiniere-nour.com\/boutique"},{"@type":"ListItem","position":3,"name":"Navelina"}]},{"@type":"WebSite","@id":"https:\/\/pepiniere-nour.com\/#website","url":"https:\/\/pepiniere-nour.com\/","name":"P\u00c9PINIERE NOUR DU CENTRE","description":"P\u00c9PINIERE NOUR DU CENTRE","publisher":{"@id":"https:\/\/pepiniere-nour.com\/#organization"},"potentialAction":[{"@type":"SearchAction","target":{"@type":"EntryPoint","urlTemplate":"https:\/\/pepiniere-nour.com\/?s={search_term_string}"},"query-input":{"@type":"PropertyValueSpecification","valueRequired":true,"valueName":"search_term_string"}}],"inLanguage":"ar"},{"@type":"Organization","@id":"https:\/\/pepiniere-nour.com\/#organization","name":"P\u00c9PINIERE NOUR DU CENTRE","url":"https:\/\/pepiniere-nour.com\/","logo":{"@type":"ImageObject","inLanguage":"ar","@id":"https:\/\/pepiniere-nour.com\/#\/schema\/logo\/image\/","url":"https:\/\/pepiniere-nour.com\/wp-content\/uploads\/2024\/03\/Remove-bg.ai_1709804773648.png","contentUrl":"https:\/\/pepiniere-nour.com\/wp-content\/uploads\/2024\/03\/Remove-bg.ai_1709804773648.png","width":1199,"height":1199,"caption":"P\u00c9PINIERE NOUR DU CENTRE"},"image":{"@id":"https:\/\/pepiniere-nour.com\/#\/schema\/logo\/image\/"}}]}},"_links":{"self":[{"href":"http:\/\/pepiniere-nour.com\/ar\/wp-json\/wp\/v2\/product\/970","targetHints":{"allow":["GET"]}}],"collection":[{"href":"http:\/\/pepiniere-nour.com\/ar\/wp-json\/wp\/v2\/product"}],"about":[{"href":"http:\/\/pepiniere-nour.com\/ar\/wp-json\/wp\/v2\/types\/product"}],"wp:featuredmedia":[{"embeddable":true,"href":"http:\/\/pepiniere-nour.com\/ar\/wp-json\/wp\/v2\/media\/2729"}],"wp:attachment":[{"href":"http:\/\/pepiniere-nour.com\/ar\/wp-json\/wp\/v2\/media?parent=970"}],"wp:term":[{"taxonomy":"product_brand","embeddable":true,"href":"http:\/\/pepiniere-nour.com\/ar\/wp-json\/wp\/v2\/product_brand?post=970"},{"taxonomy":"product_cat","embeddable":true,"href":"http:\/\/pepiniere-nour.com\/ar\/wp-json\/wp\/v2\/product_cat?post=970"},{"taxonomy":"product_tag","embeddable":true,"href":"http:\/\/pepiniere-nour.com\/ar\/wp-json\/wp\/v2\/product_tag?post=970"}],"curies":[{"name":"wp","href":"https:\/\/api.w.org\/{rel}","templated":true}]}}