{"id":968,"date":"2024-03-20T22:54:03","date_gmt":"2024-03-20T22:54:03","guid":{"rendered":"https:\/\/pepiniere-nour.com\/?post_type=product&#038;p=968"},"modified":"2024-05-21T11:43:32","modified_gmt":"2024-05-21T11:43:32","slug":"ma3-nour","status":"publish","type":"product","link":"http:\/\/pepiniere-nour.com\/ar\/product\/ma3-nour","title":{"rendered":"\u0645 \u0622 3 (\u0646\u0648\u0631)"},"content":{"rendered":"","protected":false},"excerpt":{"rendered":"<p><strong>\u0627\u0644\u062e\u0635\u0627\u0626\u0635 \u0648\u0627\u0644\u0623\u0635\u0644<\/strong><\/p>\n<p>\u064a\u0646\u062a\u0645\u064a MA3 (\u0646\u0648\u0631) \u0625\u0644\u0649 \u0635\u0646\u0641 \u0627\u0644\u0643\u0644\u064a\u0645\u0646\u062a\u064a\u0646\u0627 \u0648\u0627\u0644\u064a\u0648\u0633\u0641\u064a \u0648\u0627\u0644\u0645\u0627\u0646\u062f\u0631\u064a\u0646\u060c \u0648\u064a\u0639\u062a\u0628\u0631 \u0623\u0647\u0645 \u062a\u0634\u0643\u064a\u0644\u0629 \u0643\u0644\u064a\u0645\u0646\u062a\u064a\u0646\u0627 \u0641\u064a \u0627\u0644\u0645\u063a\u0631\u0628\u060c \u0648\u0627\u0644\u0645\u0639\u0631\u0648\u0641 \u0623\u064a\u0636\u064b\u0627 \u0628\u0627\u0633\u0645 \u0646\u0648\u0631. \u0634\u0643\u0644\u0647\u0627 \u0643\u0631\u0648\u064a\u060c \u0628\u0642\u0648\u0629 \u0645\u062a\u0648\u0633\u0637\u0629 \u0625\u0644\u0649 \u062c\u064a\u062f\u0629\u060c \u0645\u0645\u0627 \u064a\u0624\u062f\u064a \u0625\u0644\u0649 \u0634\u062c\u0631\u0629 \u0630\u0627\u062a \u0623\u0648\u0631\u0627\u0642 \u0648\u0627\u0633\u0639\u0629 \u0648\u0643\u062b\u064a\u0641\u0629.<\/p>\n<p><strong>\u0645\u0638\u0647\u0631 \u0627\u0644\u062b\u0645\u0627\u0631 \u0648 \u0645\u0644\u0645\u0633\u0647\u0627<\/strong><\/p>\n<p>Les fruits de MA3 (Nour) ont une forme globuleuse et sont l\u00e9g\u00e8rement aplatis \u00e0 leur partie basse. Ils pr\u00e9sentent un calibre moyen \u00e0 bon, avec une \u00e9corce semi-adh\u00e9rente et une peau parfois rugueuse. Ils sont g\u00e9n\u00e9ralement aspermes, c&rsquo;est-\u00e0-dire qu&rsquo;ils ont peu de p\u00e9pins.<\/p>\n<p><strong>\u0627\u0644\u0627\u0647\u062a\u0645\u0627\u0645 \u0628\u0627\u0644\u062a\u0646\u0648\u0639<\/strong><\/p>\n<p>MA3 (Nour) est une vari\u00e9t\u00e9 productive et tardive, ce qui permet un approvisionnement suppl\u00e9mentaire de 2 \u00e0 3 mois. De plus, elle supporte bien les temp\u00e9ratures basses de l&rsquo;hiver, sans boursoufler. Cependant, il est \u00e0 noter qu&rsquo;une taille s\u00e9v\u00e8re peut favoriser l&rsquo;alternance de la production, un aspect \u00e0 prendre en consid\u00e9ration lors de la gestion des cultures.<\/p>","protected":false},"featured_media":2719,"template":"","meta":{"_acf_changed":false},"product_brand":[],"product_cat":[59,46],"product_tag":[24,35,25,26,27],"class_list":{"0":"post-968","1":"product","2":"type-product","3":"status-publish","4":"has-post-thumbnail","6":"product_cat-clementiniers","7":"product_cat-plants-dargumes","8":"product_tag-equipment","9":"product_tag-etranger","10":"product_tag-garden","11":"product_tag-plants","12":"product_tag-tools","14":"first","15":"instock","16":"shipping-taxable","17":"purchasable","18":"product-type-simple"},"acf":[],"yoast_head":"<!-- This site is optimized with the Yoast SEO plugin v25.5 - https:\/\/yoast.com\/wordpress\/plugins\/seo\/ -->\n<title>MA3 (Nour) - P\u00c9PINIERE NOUR DU CENTRE<\/title>\n<meta name=\"robots\" content=\"index, follow, max-snippet:-1, max-image-preview:large, max-video-preview:-1\" \/>\n<link rel=\"canonical\" href=\"http:\/\/pepiniere-nour.com\/ar\/product\/ma3-nour\/\" \/>\n<meta property=\"og:locale\" content=\"ar_AR\" \/>\n<meta property=\"og:type\" content=\"article\" \/>\n<meta property=\"og:title\" content=\"MA3 (Nour) - P\u00c9PINIERE NOUR DU CENTRE\" \/>\n<meta property=\"og:description\" content=\"Caract\u00e9ristiques et Origine  MA3 (Nour) appartient \u00e0 la cat\u00e9gorie des Cl\u00e9mentines, Tangerines et Mandarines, et est consid\u00e9r\u00e9 comme la s\u00e9lection de cl\u00e9mentine la plus importante au Maroc, \u00e9galement connue sous le nom de Nour. Son port est globuleux, avec une vigueur moyenne \u00e0 bonne, ce qui se traduit par un arbre \u00e0 feuillage large et dense.  Aspect et Texture des Fruits  Les fruits de MA3 (Nour) ont une forme globuleuse et sont l\u00e9g\u00e8rement aplatis \u00e0 leur partie basse. Ils pr\u00e9sentent un calibre moyen \u00e0 bon, avec une \u00e9corce semi-adh\u00e9rente et une peau parfois rugueuse. Ils sont g\u00e9n\u00e9ralement aspermes, c&#039;est-\u00e0-dire qu&#039;ils ont peu de p\u00e9pins.  Int\u00e9r\u00eat de la Vari\u00e9t\u00e9  MA3 (Nour) est une vari\u00e9t\u00e9 productive et tardive, ce qui permet un approvisionnement suppl\u00e9mentaire de 2 \u00e0 3 mois. De plus, elle supporte bien les temp\u00e9ratures basses de l&#039;hiver, sans boursoufler. Cependant, il est \u00e0 noter qu&#039;une taille s\u00e9v\u00e8re peut favoriser l&#039;alternance de la production, un aspect \u00e0 prendre en consid\u00e9ration lors de la gestion des cultures.\" \/>\n<meta property=\"og:url\" content=\"http:\/\/pepiniere-nour.com\/ar\/product\/ma3-nour\/\" \/>\n<meta property=\"og:site_name\" content=\"P\u00c9PINIERE NOUR DU CENTRE\" \/>\n<meta property=\"article:modified_time\" content=\"2024-05-21T11:43:32+00:00\" \/>\n<meta property=\"og:image\" content=\"https:\/\/pepiniere-nour.com\/wp-content\/uploads\/2024\/03\/ma3nour-1.jpg\" \/>\n\t<meta property=\"og:image:width\" content=\"750\" \/>\n\t<meta property=\"og:image:height\" content=\"362\" \/>\n\t<meta property=\"og:image:type\" content=\"image\/jpeg\" \/>\n<meta name=\"twitter:card\" content=\"summary_large_image\" \/>\n<meta name=\"twitter:label1\" content=\"\u0648\u0642\u062a \u0627\u0644\u0642\u0631\u0627\u0621\u0629 \u0627\u0644\u0645\u064f\u0642\u062f\u0651\u0631\" \/>\n\t<meta name=\"twitter:data1\" content=\"\u062f\u0642\u064a\u0642\u0629 \u0648\u0627\u062d\u062f\u0629\" \/>\n<script type=\"application\/ld+json\" class=\"yoast-schema-graph\">{\"@context\":\"https:\/\/schema.org\",\"@graph\":[{\"@type\":\"WebPage\",\"@id\":\"https:\/\/pepiniere-nour.com\/produit\/ma3-nour\",\"url\":\"https:\/\/pepiniere-nour.com\/produit\/ma3-nour\",\"name\":\"MA3 (Nour) - P\u00c9PINIERE NOUR DU CENTRE\",\"isPartOf\":{\"@id\":\"https:\/\/pepiniere-nour.com\/#website\"},\"primaryImageOfPage\":{\"@id\":\"https:\/\/pepiniere-nour.com\/produit\/ma3-nour#primaryimage\"},\"image\":{\"@id\":\"https:\/\/pepiniere-nour.com\/produit\/ma3-nour#primaryimage\"},\"thumbnailUrl\":\"https:\/\/pepiniere-nour.com\/wp-content\/uploads\/2024\/03\/ma3nour-1.jpg\",\"datePublished\":\"2024-03-20T22:54:03+00:00\",\"dateModified\":\"2024-05-21T11:43:32+00:00\",\"breadcrumb\":{\"@id\":\"https:\/\/pepiniere-nour.com\/produit\/ma3-nour#breadcrumb\"},\"inLanguage\":\"ar\",\"potentialAction\":[{\"@type\":\"ReadAction\",\"target\":[\"https:\/\/pepiniere-nour.com\/produit\/ma3-nour\"]}]},{\"@type\":\"ImageObject\",\"inLanguage\":\"ar\",\"@id\":\"https:\/\/pepiniere-nour.com\/produit\/ma3-nour#primaryimage\",\"url\":\"https:\/\/pepiniere-nour.com\/wp-content\/uploads\/2024\/03\/ma3nour-1.jpg\",\"contentUrl\":\"https:\/\/pepiniere-nour.com\/wp-content\/uploads\/2024\/03\/ma3nour-1.jpg\",\"width\":750,\"height\":362,\"caption\":\"MA3 Nour\"},{\"@type\":\"BreadcrumbList\",\"@id\":\"https:\/\/pepiniere-nour.com\/produit\/ma3-nour#breadcrumb\",\"itemListElement\":[{\"@type\":\"ListItem\",\"position\":1,\"name\":\"Accueil\",\"item\":\"https:\/\/pepiniere-nour.com\/\"},{\"@type\":\"ListItem\",\"position\":2,\"name\":\"Boutique\",\"item\":\"https:\/\/pepiniere-nour.com\/boutique\"},{\"@type\":\"ListItem\",\"position\":3,\"name\":\"MA3 (Nour)\"}]},{\"@type\":\"WebSite\",\"@id\":\"https:\/\/pepiniere-nour.com\/#website\",\"url\":\"https:\/\/pepiniere-nour.com\/\",\"name\":\"P\u00c9PINIERE NOUR DU CENTRE\",\"description\":\"P\u00c9PINIERE NOUR DU CENTRE\",\"publisher\":{\"@id\":\"https:\/\/pepiniere-nour.com\/#organization\"},\"potentialAction\":[{\"@type\":\"SearchAction\",\"target\":{\"@type\":\"EntryPoint\",\"urlTemplate\":\"https:\/\/pepiniere-nour.com\/?s={search_term_string}\"},\"query-input\":{\"@type\":\"PropertyValueSpecification\",\"valueRequired\":true,\"valueName\":\"search_term_string\"}}],\"inLanguage\":\"ar\"},{\"@type\":\"Organization\",\"@id\":\"https:\/\/pepiniere-nour.com\/#organization\",\"name\":\"P\u00c9PINIERE NOUR DU CENTRE\",\"url\":\"https:\/\/pepiniere-nour.com\/\",\"logo\":{\"@type\":\"ImageObject\",\"inLanguage\":\"ar\",\"@id\":\"https:\/\/pepiniere-nour.com\/#\/schema\/logo\/image\/\",\"url\":\"https:\/\/pepiniere-nour.com\/wp-content\/uploads\/2024\/03\/Remove-bg.ai_1709804773648.png\",\"contentUrl\":\"https:\/\/pepiniere-nour.com\/wp-content\/uploads\/2024\/03\/Remove-bg.ai_1709804773648.png\",\"width\":1199,\"height\":1199,\"caption\":\"P\u00c9PINIERE NOUR DU CENTRE\"},\"image\":{\"@id\":\"https:\/\/pepiniere-nour.com\/#\/schema\/logo\/image\/\"}}]}<\/script>\n<!-- \/ Yoast SEO plugin. -->","yoast_head_json":{"title":"MA3 (Nour) - P\u00c9PINIERE NOUR DU CENTRE","robots":{"index":"index","follow":"follow","max-snippet":"max-snippet:-1","max-image-preview":"max-image-preview:large","max-video-preview":"max-video-preview:-1"},"canonical":"http:\/\/pepiniere-nour.com\/ar\/product\/ma3-nour\/","og_locale":"ar_AR","og_type":"article","og_title":"MA3 (Nour) - P\u00c9PINIERE NOUR DU CENTRE","og_description":"Caract\u00e9ristiques et Origine  MA3 (Nour) appartient \u00e0 la cat\u00e9gorie des Cl\u00e9mentines, Tangerines et Mandarines, et est consid\u00e9r\u00e9 comme la s\u00e9lection de cl\u00e9mentine la plus importante au Maroc, \u00e9galement connue sous le nom de Nour. Son port est globuleux, avec une vigueur moyenne \u00e0 bonne, ce qui se traduit par un arbre \u00e0 feuillage large et dense.  Aspect et Texture des Fruits  Les fruits de MA3 (Nour) ont une forme globuleuse et sont l\u00e9g\u00e8rement aplatis \u00e0 leur partie basse. Ils pr\u00e9sentent un calibre moyen \u00e0 bon, avec une \u00e9corce semi-adh\u00e9rente et une peau parfois rugueuse. Ils sont g\u00e9n\u00e9ralement aspermes, c'est-\u00e0-dire qu'ils ont peu de p\u00e9pins.  Int\u00e9r\u00eat de la Vari\u00e9t\u00e9  MA3 (Nour) est une vari\u00e9t\u00e9 productive et tardive, ce qui permet un approvisionnement suppl\u00e9mentaire de 2 \u00e0 3 mois. De plus, elle supporte bien les temp\u00e9ratures basses de l'hiver, sans boursoufler. Cependant, il est \u00e0 noter qu'une taille s\u00e9v\u00e8re peut favoriser l'alternance de la production, un aspect \u00e0 prendre en consid\u00e9ration lors de la gestion des cultures.","og_url":"http:\/\/pepiniere-nour.com\/ar\/product\/ma3-nour\/","og_site_name":"P\u00c9PINIERE NOUR DU CENTRE","article_modified_time":"2024-05-21T11:43:32+00:00","og_image":[{"width":750,"height":362,"url":"https:\/\/pepiniere-nour.com\/wp-content\/uploads\/2024\/03\/ma3nour-1.jpg","type":"image\/jpeg"}],"twitter_card":"summary_large_image","twitter_misc":{"\u0648\u0642\u062a \u0627\u0644\u0642\u0631\u0627\u0621\u0629 \u0627\u0644\u0645\u064f\u0642\u062f\u0651\u0631":"\u062f\u0642\u064a\u0642\u0629 \u0648\u0627\u062d\u062f\u0629"},"schema":{"@context":"https:\/\/schema.org","@graph":[{"@type":"WebPage","@id":"https:\/\/pepiniere-nour.com\/produit\/ma3-nour","url":"https:\/\/pepiniere-nour.com\/produit\/ma3-nour","name":"MA3 (Nour) - P\u00c9PINIERE NOUR DU CENTRE","isPartOf":{"@id":"https:\/\/pepiniere-nour.com\/#website"},"primaryImageOfPage":{"@id":"https:\/\/pepiniere-nour.com\/produit\/ma3-nour#primaryimage"},"image":{"@id":"https:\/\/pepiniere-nour.com\/produit\/ma3-nour#primaryimage"},"thumbnailUrl":"https:\/\/pepiniere-nour.com\/wp-content\/uploads\/2024\/03\/ma3nour-1.jpg","datePublished":"2024-03-20T22:54:03+00:00","dateModified":"2024-05-21T11:43:32+00:00","breadcrumb":{"@id":"https:\/\/pepiniere-nour.com\/produit\/ma3-nour#breadcrumb"},"inLanguage":"ar","potentialAction":[{"@type":"ReadAction","target":["https:\/\/pepiniere-nour.com\/produit\/ma3-nour"]}]},{"@type":"ImageObject","inLanguage":"ar","@id":"https:\/\/pepiniere-nour.com\/produit\/ma3-nour#primaryimage","url":"https:\/\/pepiniere-nour.com\/wp-content\/uploads\/2024\/03\/ma3nour-1.jpg","contentUrl":"https:\/\/pepiniere-nour.com\/wp-content\/uploads\/2024\/03\/ma3nour-1.jpg","width":750,"height":362,"caption":"MA3 Nour"},{"@type":"BreadcrumbList","@id":"https:\/\/pepiniere-nour.com\/produit\/ma3-nour#breadcrumb","itemListElement":[{"@type":"ListItem","position":1,"name":"Accueil","item":"https:\/\/pepiniere-nour.com\/"},{"@type":"ListItem","position":2,"name":"Boutique","item":"https:\/\/pepiniere-nour.com\/boutique"},{"@type":"ListItem","position":3,"name":"MA3 (Nour)"}]},{"@type":"WebSite","@id":"https:\/\/pepiniere-nour.com\/#website","url":"https:\/\/pepiniere-nour.com\/","name":"P\u00c9PINIERE NOUR DU CENTRE","description":"P\u00c9PINIERE NOUR DU CENTRE","publisher":{"@id":"https:\/\/pepiniere-nour.com\/#organization"},"potentialAction":[{"@type":"SearchAction","target":{"@type":"EntryPoint","urlTemplate":"https:\/\/pepiniere-nour.com\/?s={search_term_string}"},"query-input":{"@type":"PropertyValueSpecification","valueRequired":true,"valueName":"search_term_string"}}],"inLanguage":"ar"},{"@type":"Organization","@id":"https:\/\/pepiniere-nour.com\/#organization","name":"P\u00c9PINIERE NOUR DU CENTRE","url":"https:\/\/pepiniere-nour.com\/","logo":{"@type":"ImageObject","inLanguage":"ar","@id":"https:\/\/pepiniere-nour.com\/#\/schema\/logo\/image\/","url":"https:\/\/pepiniere-nour.com\/wp-content\/uploads\/2024\/03\/Remove-bg.ai_1709804773648.png","contentUrl":"https:\/\/pepiniere-nour.com\/wp-content\/uploads\/2024\/03\/Remove-bg.ai_1709804773648.png","width":1199,"height":1199,"caption":"P\u00c9PINIERE NOUR DU CENTRE"},"image":{"@id":"https:\/\/pepiniere-nour.com\/#\/schema\/logo\/image\/"}}]}},"_links":{"self":[{"href":"http:\/\/pepiniere-nour.com\/ar\/wp-json\/wp\/v2\/product\/968","targetHints":{"allow":["GET"]}}],"collection":[{"href":"http:\/\/pepiniere-nour.com\/ar\/wp-json\/wp\/v2\/product"}],"about":[{"href":"http:\/\/pepiniere-nour.com\/ar\/wp-json\/wp\/v2\/types\/product"}],"wp:featuredmedia":[{"embeddable":true,"href":"http:\/\/pepiniere-nour.com\/ar\/wp-json\/wp\/v2\/media\/2719"}],"wp:attachment":[{"href":"http:\/\/pepiniere-nour.com\/ar\/wp-json\/wp\/v2\/media?parent=968"}],"wp:term":[{"taxonomy":"product_brand","embeddable":true,"href":"http:\/\/pepiniere-nour.com\/ar\/wp-json\/wp\/v2\/product_brand?post=968"},{"taxonomy":"product_cat","embeddable":true,"href":"http:\/\/pepiniere-nour.com\/ar\/wp-json\/wp\/v2\/product_cat?post=968"},{"taxonomy":"product_tag","embeddable":true,"href":"http:\/\/pepiniere-nour.com\/ar\/wp-json\/wp\/v2\/product_tag?post=968"}],"curies":[{"name":"wp","href":"https:\/\/api.w.org\/{rel}","templated":true}]}}