{"id":966,"date":"2024-03-20T22:53:16","date_gmt":"2024-03-20T22:53:16","guid":{"rendered":"https:\/\/pepiniere-nour.com\/?post_type=product&#038;p=966"},"modified":"2024-05-21T11:43:50","modified_gmt":"2024-05-21T11:43:50","slug":"clementiniers","status":"publish","type":"product","link":"http:\/\/pepiniere-nour.com\/ar\/product\/clementiniers","title":{"rendered":"\u0645\u0627\u0631\u064a\u0632\u0648\u0644"},"content":{"rendered":"","protected":false},"excerpt":{"rendered":"<p><strong>\u0635\u0646\u0641 \u0645\u0627\u0631\u064a\u0633\u0648\u0644: \u0627\u0644\u062e\u0635\u0627\u0626\u0635 \u0648\u0627\u0644\u0641\u0648\u0627\u0626\u062f<\/strong><\/p>\n<p>\u062a\u0645 \u0627\u0643\u062a\u0634\u0627\u0641 \u0647\u0630\u0627 \u0627\u0644\u0635\u0646\u0641 \u0641\u064a \u0645\u062f\u064a\u0646\u0629 \u0628\u064a\u062a\u0634\u064a \u0628\u0625\u0633\u0628\u0627\u0646\u064a\u0627\u060c \u0648\u064a\u0646\u062a\u0645\u064a \u0625\u0644\u0649 \u0641\u0626\u0629 \u0627\u0644\u0643\u0644\u064a\u0645\u0646\u062a\u064a\u0646\u0627 \u0648\u0627\u0644\u064a\u0648\u0633\u0641\u064a \u0648\u0627\u0644\u0645\u0646\u062f\u0631\u064a\u0646. \u062a\u062a\u0645\u062a\u0639 \u0647\u0630\u0647 \u0627\u0644\u0634\u062c\u0631\u0629 \u0628\u0639\u0627\u062f\u0629 \u0645\u0646\u062a\u0635\u0628\u0629 \u0648\u0642\u0648\u0629 \u0643\u062b\u064a\u0641\u0629 \u0648\u0645\u062a\u0637\u0648\u0631\u0629 \u0644\u0644\u063a\u0627\u064a\u0629. \u0627\u0644\u062b\u0645\u0627\u0631 \u0630\u0627\u062a \u0634\u0643\u0644 \u0643\u0631\u0648\u064a \u0625\u0644\u0649 \u0645\u0633\u0637\u062d\u060c \u0645\u062a\u0648\u0633\u0637\u0629 \u0627\u0644\u062d\u062c\u0645\u060c  \u062a\u062a\u0645\u064a\u0632 \u0628\u0644\u062d\u0627\u0621 \u0634\u0628\u0647 \u0645\u0644\u062a\u0635\u0642 \u0648\u0642\u0634\u0631\u0629 \u0634\u0628\u0647 \u062e\u0634\u0646\u0629. \u0641\u0647\u064a \u062e\u0627\u0644\u064a\u0629 \u0645\u0646 \u0627\u0644\u0628\u0630\u0648\u0631 \u0648\u0627\u0644\u0639\u0635\u064a\u0631 \u0648\u062d\u0645\u0636\u064a\u0629 \u0642\u0644\u064a\u0644\u0627\u064b. \u0627\u0644\u0646\u0636\u062c \u0645\u0628\u0643\u0631\u060c \u0641\u064a \u0628\u062f\u0627\u064a\u0629 \u0634\u0647\u0631 \u0623\u0643\u062a\u0648\u0628\u0631.<\/p>\n<p><strong>\u0627\u0644\u0641\u0627\u0626\u062f\u0629 \u0648\u0627\u0644\u0632\u0631\u0627\u0639\u0629<\/strong><\/p>\n<p>La vari\u00e9t\u00e9 Marisol est consid\u00e9r\u00e9e comme une vari\u00e9t\u00e9 d&rsquo;avenir, surtout lorsqu&rsquo;elle est bien trait\u00e9e contre la c\u00e9ratite. Les apports de nitrate de potasse au moment de la v\u00e9raison am\u00e9liorent nettement les qualit\u00e9s gustatives du fruit. Le d\u00e9verdissage de cette vari\u00e9t\u00e9 est souvent pratiqu\u00e9 dans son aire d&rsquo;origine, ce qui en fait une option prometteuse pour les producteurs.<\/p>","protected":false},"featured_media":2734,"template":"","meta":{"_acf_changed":false},"product_brand":[],"product_cat":[59,46],"product_tag":[24,35,25,26,27],"class_list":{"0":"post-966","1":"product","2":"type-product","3":"status-publish","4":"has-post-thumbnail","6":"product_cat-clementiniers","7":"product_cat-plants-dargumes","8":"product_tag-equipment","9":"product_tag-etranger","10":"product_tag-garden","11":"product_tag-plants","12":"product_tag-tools","14":"first","15":"instock","16":"shipping-taxable","17":"purchasable","18":"product-type-simple"},"acf":[],"yoast_head":"<!-- This site is optimized with the Yoast SEO plugin v25.5 - https:\/\/yoast.com\/wordpress\/plugins\/seo\/ -->\n<title>Marisol - P\u00c9PINIERE NOUR DU CENTRE<\/title>\n<meta name=\"robots\" content=\"index, follow, max-snippet:-1, max-image-preview:large, max-video-preview:-1\" \/>\n<link rel=\"canonical\" href=\"http:\/\/pepiniere-nour.com\/ar\/product\/clementiniers\/\" \/>\n<meta property=\"og:locale\" content=\"ar_AR\" \/>\n<meta property=\"og:type\" content=\"article\" \/>\n<meta property=\"og:title\" content=\"Marisol - P\u00c9PINIERE NOUR DU CENTRE\" \/>\n<meta property=\"og:description\" content=\"Vari\u00e9t\u00e9 Marisol : Caract\u00e9ristiques et Int\u00e9r\u00eat  Cette vari\u00e9t\u00e9 \u00e9tait d\u00e9couverte \u00e0 Bechi en Espagne, appartient \u00e0 la cat\u00e9gorie des Cl\u00e9mentines, Tangerines et Mandarines. Cet arbre pr\u00e9sente un port \u00e9rig\u00e9, avec une vigueur dense et tr\u00e8s d\u00e9velopp\u00e9e. Les fruits ont une forme sph\u00e9rique \u00e0 aplatie, un calibre moyen, une \u00e9corce semi-adh\u00e9rente et une peau semi-rugueuse. Ils sont aspermes, juteux et l\u00e9g\u00e8rement acides. La maturit\u00e9 est pr\u00e9coce, d\u00e9but octobre.  Int\u00e9r\u00eat et Cultivation  La vari\u00e9t\u00e9 Marisol est consid\u00e9r\u00e9e comme une vari\u00e9t\u00e9 d&#039;avenir, surtout lorsqu&#039;elle est bien trait\u00e9e contre la c\u00e9ratite. Les apports de nitrate de potasse au moment de la v\u00e9raison am\u00e9liorent nettement les qualit\u00e9s gustatives du fruit. Le d\u00e9verdissage de cette vari\u00e9t\u00e9 est souvent pratiqu\u00e9 dans son aire d&#039;origine, ce qui en fait une option prometteuse pour les producteurs.\" \/>\n<meta property=\"og:url\" content=\"http:\/\/pepiniere-nour.com\/ar\/product\/clementiniers\/\" \/>\n<meta property=\"og:site_name\" content=\"P\u00c9PINIERE NOUR DU CENTRE\" \/>\n<meta property=\"article:modified_time\" content=\"2024-05-21T11:43:50+00:00\" \/>\n<meta property=\"og:image\" content=\"https:\/\/pepiniere-nour.com\/wp-content\/uploads\/2024\/03\/Clementinier-marisol.jpg\" \/>\n\t<meta property=\"og:image:width\" content=\"570\" \/>\n\t<meta property=\"og:image:height\" content=\"380\" \/>\n\t<meta property=\"og:image:type\" content=\"image\/jpeg\" \/>\n<meta name=\"twitter:card\" content=\"summary_large_image\" \/>\n<meta name=\"twitter:label1\" content=\"\u0648\u0642\u062a \u0627\u0644\u0642\u0631\u0627\u0621\u0629 \u0627\u0644\u0645\u064f\u0642\u062f\u0651\u0631\" \/>\n\t<meta name=\"twitter:data1\" content=\"\u062f\u0642\u064a\u0642\u0629 \u0648\u0627\u062d\u062f\u0629\" \/>\n<script type=\"application\/ld+json\" class=\"yoast-schema-graph\">{\"@context\":\"https:\/\/schema.org\",\"@graph\":[{\"@type\":\"WebPage\",\"@id\":\"https:\/\/pepiniere-nour.com\/produit\/clementiniers\",\"url\":\"https:\/\/pepiniere-nour.com\/produit\/clementiniers\",\"name\":\"Marisol - P\u00c9PINIERE NOUR DU CENTRE\",\"isPartOf\":{\"@id\":\"https:\/\/pepiniere-nour.com\/#website\"},\"primaryImageOfPage\":{\"@id\":\"https:\/\/pepiniere-nour.com\/produit\/clementiniers#primaryimage\"},\"image\":{\"@id\":\"https:\/\/pepiniere-nour.com\/produit\/clementiniers#primaryimage\"},\"thumbnailUrl\":\"https:\/\/pepiniere-nour.com\/wp-content\/uploads\/2024\/03\/Clementinier-marisol.jpg\",\"datePublished\":\"2024-03-20T22:53:16+00:00\",\"dateModified\":\"2024-05-21T11:43:50+00:00\",\"breadcrumb\":{\"@id\":\"https:\/\/pepiniere-nour.com\/produit\/clementiniers#breadcrumb\"},\"inLanguage\":\"ar\",\"potentialAction\":[{\"@type\":\"ReadAction\",\"target\":[\"https:\/\/pepiniere-nour.com\/produit\/clementiniers\"]}]},{\"@type\":\"ImageObject\",\"inLanguage\":\"ar\",\"@id\":\"https:\/\/pepiniere-nour.com\/produit\/clementiniers#primaryimage\",\"url\":\"https:\/\/pepiniere-nour.com\/wp-content\/uploads\/2024\/03\/Clementinier-marisol.jpg\",\"contentUrl\":\"https:\/\/pepiniere-nour.com\/wp-content\/uploads\/2024\/03\/Clementinier-marisol.jpg\",\"width\":570,\"height\":380,\"caption\":\"Cl\u00e9mentiniers marisol\"},{\"@type\":\"BreadcrumbList\",\"@id\":\"https:\/\/pepiniere-nour.com\/produit\/clementiniers#breadcrumb\",\"itemListElement\":[{\"@type\":\"ListItem\",\"position\":1,\"name\":\"Accueil\",\"item\":\"https:\/\/pepiniere-nour.com\/\"},{\"@type\":\"ListItem\",\"position\":2,\"name\":\"Boutique\",\"item\":\"https:\/\/pepiniere-nour.com\/boutique\"},{\"@type\":\"ListItem\",\"position\":3,\"name\":\"Marisol\"}]},{\"@type\":\"WebSite\",\"@id\":\"https:\/\/pepiniere-nour.com\/#website\",\"url\":\"https:\/\/pepiniere-nour.com\/\",\"name\":\"P\u00c9PINIERE NOUR DU CENTRE\",\"description\":\"P\u00c9PINIERE NOUR DU CENTRE\",\"publisher\":{\"@id\":\"https:\/\/pepiniere-nour.com\/#organization\"},\"potentialAction\":[{\"@type\":\"SearchAction\",\"target\":{\"@type\":\"EntryPoint\",\"urlTemplate\":\"https:\/\/pepiniere-nour.com\/?s={search_term_string}\"},\"query-input\":{\"@type\":\"PropertyValueSpecification\",\"valueRequired\":true,\"valueName\":\"search_term_string\"}}],\"inLanguage\":\"ar\"},{\"@type\":\"Organization\",\"@id\":\"https:\/\/pepiniere-nour.com\/#organization\",\"name\":\"P\u00c9PINIERE NOUR DU CENTRE\",\"url\":\"https:\/\/pepiniere-nour.com\/\",\"logo\":{\"@type\":\"ImageObject\",\"inLanguage\":\"ar\",\"@id\":\"https:\/\/pepiniere-nour.com\/#\/schema\/logo\/image\/\",\"url\":\"https:\/\/pepiniere-nour.com\/wp-content\/uploads\/2024\/03\/Remove-bg.ai_1709804773648.png\",\"contentUrl\":\"https:\/\/pepiniere-nour.com\/wp-content\/uploads\/2024\/03\/Remove-bg.ai_1709804773648.png\",\"width\":1199,\"height\":1199,\"caption\":\"P\u00c9PINIERE NOUR DU CENTRE\"},\"image\":{\"@id\":\"https:\/\/pepiniere-nour.com\/#\/schema\/logo\/image\/\"}}]}<\/script>\n<!-- \/ Yoast SEO plugin. -->","yoast_head_json":{"title":"Marisol - P\u00c9PINIERE NOUR DU CENTRE","robots":{"index":"index","follow":"follow","max-snippet":"max-snippet:-1","max-image-preview":"max-image-preview:large","max-video-preview":"max-video-preview:-1"},"canonical":"http:\/\/pepiniere-nour.com\/ar\/product\/clementiniers\/","og_locale":"ar_AR","og_type":"article","og_title":"Marisol - P\u00c9PINIERE NOUR DU CENTRE","og_description":"Vari\u00e9t\u00e9 Marisol : Caract\u00e9ristiques et Int\u00e9r\u00eat  Cette vari\u00e9t\u00e9 \u00e9tait d\u00e9couverte \u00e0 Bechi en Espagne, appartient \u00e0 la cat\u00e9gorie des Cl\u00e9mentines, Tangerines et Mandarines. Cet arbre pr\u00e9sente un port \u00e9rig\u00e9, avec une vigueur dense et tr\u00e8s d\u00e9velopp\u00e9e. Les fruits ont une forme sph\u00e9rique \u00e0 aplatie, un calibre moyen, une \u00e9corce semi-adh\u00e9rente et une peau semi-rugueuse. Ils sont aspermes, juteux et l\u00e9g\u00e8rement acides. La maturit\u00e9 est pr\u00e9coce, d\u00e9but octobre.  Int\u00e9r\u00eat et Cultivation  La vari\u00e9t\u00e9 Marisol est consid\u00e9r\u00e9e comme une vari\u00e9t\u00e9 d'avenir, surtout lorsqu'elle est bien trait\u00e9e contre la c\u00e9ratite. Les apports de nitrate de potasse au moment de la v\u00e9raison am\u00e9liorent nettement les qualit\u00e9s gustatives du fruit. Le d\u00e9verdissage de cette vari\u00e9t\u00e9 est souvent pratiqu\u00e9 dans son aire d'origine, ce qui en fait une option prometteuse pour les producteurs.","og_url":"http:\/\/pepiniere-nour.com\/ar\/product\/clementiniers\/","og_site_name":"P\u00c9PINIERE NOUR DU CENTRE","article_modified_time":"2024-05-21T11:43:50+00:00","og_image":[{"width":570,"height":380,"url":"https:\/\/pepiniere-nour.com\/wp-content\/uploads\/2024\/03\/Clementinier-marisol.jpg","type":"image\/jpeg"}],"twitter_card":"summary_large_image","twitter_misc":{"\u0648\u0642\u062a \u0627\u0644\u0642\u0631\u0627\u0621\u0629 \u0627\u0644\u0645\u064f\u0642\u062f\u0651\u0631":"\u062f\u0642\u064a\u0642\u0629 \u0648\u0627\u062d\u062f\u0629"},"schema":{"@context":"https:\/\/schema.org","@graph":[{"@type":"WebPage","@id":"https:\/\/pepiniere-nour.com\/produit\/clementiniers","url":"https:\/\/pepiniere-nour.com\/produit\/clementiniers","name":"Marisol - P\u00c9PINIERE NOUR DU CENTRE","isPartOf":{"@id":"https:\/\/pepiniere-nour.com\/#website"},"primaryImageOfPage":{"@id":"https:\/\/pepiniere-nour.com\/produit\/clementiniers#primaryimage"},"image":{"@id":"https:\/\/pepiniere-nour.com\/produit\/clementiniers#primaryimage"},"thumbnailUrl":"https:\/\/pepiniere-nour.com\/wp-content\/uploads\/2024\/03\/Clementinier-marisol.jpg","datePublished":"2024-03-20T22:53:16+00:00","dateModified":"2024-05-21T11:43:50+00:00","breadcrumb":{"@id":"https:\/\/pepiniere-nour.com\/produit\/clementiniers#breadcrumb"},"inLanguage":"ar","potentialAction":[{"@type":"ReadAction","target":["https:\/\/pepiniere-nour.com\/produit\/clementiniers"]}]},{"@type":"ImageObject","inLanguage":"ar","@id":"https:\/\/pepiniere-nour.com\/produit\/clementiniers#primaryimage","url":"https:\/\/pepiniere-nour.com\/wp-content\/uploads\/2024\/03\/Clementinier-marisol.jpg","contentUrl":"https:\/\/pepiniere-nour.com\/wp-content\/uploads\/2024\/03\/Clementinier-marisol.jpg","width":570,"height":380,"caption":"Cl\u00e9mentiniers marisol"},{"@type":"BreadcrumbList","@id":"https:\/\/pepiniere-nour.com\/produit\/clementiniers#breadcrumb","itemListElement":[{"@type":"ListItem","position":1,"name":"Accueil","item":"https:\/\/pepiniere-nour.com\/"},{"@type":"ListItem","position":2,"name":"Boutique","item":"https:\/\/pepiniere-nour.com\/boutique"},{"@type":"ListItem","position":3,"name":"Marisol"}]},{"@type":"WebSite","@id":"https:\/\/pepiniere-nour.com\/#website","url":"https:\/\/pepiniere-nour.com\/","name":"P\u00c9PINIERE NOUR DU CENTRE","description":"P\u00c9PINIERE NOUR DU CENTRE","publisher":{"@id":"https:\/\/pepiniere-nour.com\/#organization"},"potentialAction":[{"@type":"SearchAction","target":{"@type":"EntryPoint","urlTemplate":"https:\/\/pepiniere-nour.com\/?s={search_term_string}"},"query-input":{"@type":"PropertyValueSpecification","valueRequired":true,"valueName":"search_term_string"}}],"inLanguage":"ar"},{"@type":"Organization","@id":"https:\/\/pepiniere-nour.com\/#organization","name":"P\u00c9PINIERE NOUR DU CENTRE","url":"https:\/\/pepiniere-nour.com\/","logo":{"@type":"ImageObject","inLanguage":"ar","@id":"https:\/\/pepiniere-nour.com\/#\/schema\/logo\/image\/","url":"https:\/\/pepiniere-nour.com\/wp-content\/uploads\/2024\/03\/Remove-bg.ai_1709804773648.png","contentUrl":"https:\/\/pepiniere-nour.com\/wp-content\/uploads\/2024\/03\/Remove-bg.ai_1709804773648.png","width":1199,"height":1199,"caption":"P\u00c9PINIERE NOUR DU CENTRE"},"image":{"@id":"https:\/\/pepiniere-nour.com\/#\/schema\/logo\/image\/"}}]}},"_links":{"self":[{"href":"http:\/\/pepiniere-nour.com\/ar\/wp-json\/wp\/v2\/product\/966","targetHints":{"allow":["GET"]}}],"collection":[{"href":"http:\/\/pepiniere-nour.com\/ar\/wp-json\/wp\/v2\/product"}],"about":[{"href":"http:\/\/pepiniere-nour.com\/ar\/wp-json\/wp\/v2\/types\/product"}],"wp:featuredmedia":[{"embeddable":true,"href":"http:\/\/pepiniere-nour.com\/ar\/wp-json\/wp\/v2\/media\/2734"}],"wp:attachment":[{"href":"http:\/\/pepiniere-nour.com\/ar\/wp-json\/wp\/v2\/media?parent=966"}],"wp:term":[{"taxonomy":"product_brand","embeddable":true,"href":"http:\/\/pepiniere-nour.com\/ar\/wp-json\/wp\/v2\/product_brand?post=966"},{"taxonomy":"product_cat","embeddable":true,"href":"http:\/\/pepiniere-nour.com\/ar\/wp-json\/wp\/v2\/product_cat?post=966"},{"taxonomy":"product_tag","embeddable":true,"href":"http:\/\/pepiniere-nour.com\/ar\/wp-json\/wp\/v2\/product_tag?post=966"}],"curies":[{"name":"wp","href":"https:\/\/api.w.org\/{rel}","templated":true}]}}