{"id":961,"date":"2024-03-20T22:52:47","date_gmt":"2024-03-20T22:52:47","guid":{"rendered":"https:\/\/pepiniere-nour.com\/?post_type=product&#038;p=961"},"modified":"2024-05-21T11:47:22","modified_gmt":"2024-05-21T11:47:22","slug":"lauranne","status":"publish","type":"product","link":"http:\/\/pepiniere-nour.com\/ar\/product\/lauranne","title":{"rendered":"\u0644\u0648\u0631\u0627\u0646"},"content":{"rendered":"","protected":false},"excerpt":{"rendered":"<p><strong>\u062e\u0635\u0627\u0626\u0635 \u0639\u0627\u0645\u0629<\/strong><\/p>\n<p>Lauranne est une vari\u00e9t\u00e9 d&rsquo;amandier \u00e0 coque dure, caract\u00e9ris\u00e9e par une mise \u00e0 fruit rapide et une production r\u00e9guli\u00e8re et abondante gr\u00e2ce \u00e0 son auto-fertilit\u00e9 et sa floraison relativement tardive. Cependant, il est pr\u00e9f\u00e9rable d&rsquo;\u00e9viter les expositions trop g\u00e9lives pour ces arbres. Les amandons sont de couleur claire et de calibre moyen.<\/p>\n<p><strong>\u0623\u0635\u0644 \u0648\u0648\u0635\u0641 \u0627\u0644\u0635\u0646\u0641<\/strong><\/p>\n<p>\u064a\u0623\u062a\u064a \u0647\u0630\u0627 \u0627\u0644\u062a\u0646\u0648\u0639 \u0645\u0646 \u0627\u0644\u062a\u0647\u062c\u064a\u0646 \u0628\u064a\u0646 \u0623\u0635\u0646\u0627\u0641 Ferragn\u00e8s \u0648Tuono. \u0648\u0647\u0648 \u064a\u0638\u0647\u0631 \u0642\u0648\u0629 \u0642\u0648\u064a\u0629 \u0641\u064a \u0627\u0644\u0646\u0628\u0627\u062a\u0627\u062a \u0627\u0644\u0635\u063a\u064a\u0631\u0629\u060c \u062b\u0645 \u0642\u0648\u0629 \u0645\u062a\u0648\u0633\u0637\u0629 \u0628\u0639\u062f \u0630\u0644\u0643\u060c \u0645\u0639 \u0634\u0643\u0644 \u0645\u0641\u062a\u0648\u062d \u0648\u0645\u062a\u062f\u0644 \u0642\u0644\u064a\u0644\u0627\u064b. \u0643\u062b\u064a\u0641\u0629 \u062c\u062f\u064b\u0627\u060c \u0645\u0646 \u0627\u0644\u0633\u0647\u0644 \u062a\u062f\u0631\u064a\u0628\u0647\u0627 \u0648\u0644\u0643\u0646\u0647\u0627 \u062a\u062a\u0637\u0644\u0628 \u062a\u0642\u0644\u064a\u0645\u064b\u0627 \u0645\u0646\u062a\u0638\u0645\u064b\u0627. \u064a\u062a\u0645 \u062d\u0635\u0627\u062f \u0627\u0644\u0641\u0627\u0643\u0647\u0629\u060c \u0628\u0634\u0643\u0644 \u0631\u0626\u064a\u0633\u064a \u0645\u0646 \u0628\u0627\u0642\u0627\u062a \u0627\u0644\u0632\u0647\u0648\u0631 \u0641\u064a \u0634\u0647\u0631 \u0645\u0627\u064a\u0648\u060c \u0645\u0628\u0643\u0631\u064b\u0627\u060c \u0648\u064a\u062a\u0645 \u0630\u0644\u0643 \u0641\u064a \u0634\u0647\u0631 \u0633\u0628\u062a\u0645\u0628\u0631 \u0628\u0627\u0644\u0646\u0633\u0628\u0629 \u0644\u0644\u0641\u0648\u0627\u0643\u0647 \u0627\u0644\u0645\u062c\u0641\u0641\u0629.<\/p>","protected":false},"featured_media":2742,"template":"","meta":{"_acf_changed":false},"product_brand":[],"product_cat":[39],"product_tag":[24,35,25,26,27],"class_list":{"0":"post-961","1":"product","2":"type-product","3":"status-publish","4":"has-post-thumbnail","6":"product_cat-plants-damandiers","7":"product_tag-equipment","8":"product_tag-etranger","9":"product_tag-garden","10":"product_tag-plants","11":"product_tag-tools","13":"first","14":"instock","15":"shipping-taxable","16":"purchasable","17":"product-type-simple"},"acf":[],"yoast_head":"<!-- This site is optimized with the Yoast SEO plugin v25.5 - https:\/\/yoast.com\/wordpress\/plugins\/seo\/ -->\n<title>Lauranne - P\u00c9PINIERE NOUR DU CENTRE<\/title>\n<meta name=\"robots\" content=\"index, follow, max-snippet:-1, max-image-preview:large, max-video-preview:-1\" \/>\n<link rel=\"canonical\" href=\"http:\/\/pepiniere-nour.com\/ar\/product\/lauranne\/\" \/>\n<meta property=\"og:locale\" content=\"ar_AR\" \/>\n<meta property=\"og:type\" content=\"article\" \/>\n<meta property=\"og:title\" content=\"Lauranne - P\u00c9PINIERE NOUR DU CENTRE\" \/>\n<meta property=\"og:description\" content=\"Caract\u00e9ristiques G\u00e9n\u00e9rales  Lauranne est une vari\u00e9t\u00e9 d&#039;amandier \u00e0 coque dure, caract\u00e9ris\u00e9e par une mise \u00e0 fruit rapide et une production r\u00e9guli\u00e8re et abondante gr\u00e2ce \u00e0 son auto-fertilit\u00e9 et sa floraison relativement tardive. Cependant, il est pr\u00e9f\u00e9rable d&#039;\u00e9viter les expositions trop g\u00e9lives pour ces arbres. Les amandons sont de couleur claire et de calibre moyen.  Origine et Description de la Vari\u00e9t\u00e9  Cette vari\u00e9t\u00e9 est issue du croisement entre les vari\u00e9t\u00e9s Ferragn\u00e8s et Tuono. Elle pr\u00e9sente une forte vigueur chez les jeunes sujets, puis une vigueur moyenne par la suite, avec un port ouvert et l\u00e9g\u00e8rement retombant. Assez buissonnant, elle est facile \u00e0 former mais n\u00e9cessite une taille r\u00e9guli\u00e8re. La r\u00e9colte des fruits, principalement sur bouquets de mai, est pr\u00e9coce, se d\u00e9roulant en septembre pour les fruits secs.\" \/>\n<meta property=\"og:url\" content=\"http:\/\/pepiniere-nour.com\/ar\/product\/lauranne\/\" \/>\n<meta property=\"og:site_name\" content=\"P\u00c9PINIERE NOUR DU CENTRE\" \/>\n<meta property=\"article:modified_time\" content=\"2024-05-21T11:47:22+00:00\" \/>\n<meta property=\"og:image\" content=\"https:\/\/pepiniere-nour.com\/wp-content\/uploads\/2024\/03\/Plants-Amandiers-lauranne.jpg\" \/>\n\t<meta property=\"og:image:width\" content=\"570\" \/>\n\t<meta property=\"og:image:height\" content=\"380\" \/>\n\t<meta property=\"og:image:type\" content=\"image\/jpeg\" \/>\n<meta name=\"twitter:card\" content=\"summary_large_image\" \/>\n<meta name=\"twitter:label1\" content=\"\u0648\u0642\u062a \u0627\u0644\u0642\u0631\u0627\u0621\u0629 \u0627\u0644\u0645\u064f\u0642\u062f\u0651\u0631\" \/>\n\t<meta name=\"twitter:data1\" content=\"\u062f\u0642\u064a\u0642\u0629 \u0648\u0627\u062d\u062f\u0629\" \/>\n<script type=\"application\/ld+json\" class=\"yoast-schema-graph\">{\"@context\":\"https:\/\/schema.org\",\"@graph\":[{\"@type\":\"WebPage\",\"@id\":\"https:\/\/pepiniere-nour.com\/produit\/lauranne\",\"url\":\"https:\/\/pepiniere-nour.com\/produit\/lauranne\",\"name\":\"Lauranne - P\u00c9PINIERE NOUR DU CENTRE\",\"isPartOf\":{\"@id\":\"https:\/\/pepiniere-nour.com\/#website\"},\"primaryImageOfPage\":{\"@id\":\"https:\/\/pepiniere-nour.com\/produit\/lauranne#primaryimage\"},\"image\":{\"@id\":\"https:\/\/pepiniere-nour.com\/produit\/lauranne#primaryimage\"},\"thumbnailUrl\":\"https:\/\/pepiniere-nour.com\/wp-content\/uploads\/2024\/03\/Plants-Amandiers-lauranne.jpg\",\"datePublished\":\"2024-03-20T22:52:47+00:00\",\"dateModified\":\"2024-05-21T11:47:22+00:00\",\"breadcrumb\":{\"@id\":\"https:\/\/pepiniere-nour.com\/produit\/lauranne#breadcrumb\"},\"inLanguage\":\"ar\",\"potentialAction\":[{\"@type\":\"ReadAction\",\"target\":[\"https:\/\/pepiniere-nour.com\/produit\/lauranne\"]}]},{\"@type\":\"ImageObject\",\"inLanguage\":\"ar\",\"@id\":\"https:\/\/pepiniere-nour.com\/produit\/lauranne#primaryimage\",\"url\":\"https:\/\/pepiniere-nour.com\/wp-content\/uploads\/2024\/03\/Plants-Amandiers-lauranne.jpg\",\"contentUrl\":\"https:\/\/pepiniere-nour.com\/wp-content\/uploads\/2024\/03\/Plants-Amandiers-lauranne.jpg\",\"width\":570,\"height\":380,\"caption\":\"Plants d'amandiers Lauranne\"},{\"@type\":\"BreadcrumbList\",\"@id\":\"https:\/\/pepiniere-nour.com\/produit\/lauranne#breadcrumb\",\"itemListElement\":[{\"@type\":\"ListItem\",\"position\":1,\"name\":\"Accueil\",\"item\":\"https:\/\/pepiniere-nour.com\/\"},{\"@type\":\"ListItem\",\"position\":2,\"name\":\"Boutique\",\"item\":\"https:\/\/pepiniere-nour.com\/boutique\"},{\"@type\":\"ListItem\",\"position\":3,\"name\":\"Lauranne\"}]},{\"@type\":\"WebSite\",\"@id\":\"https:\/\/pepiniere-nour.com\/#website\",\"url\":\"https:\/\/pepiniere-nour.com\/\",\"name\":\"P\u00c9PINIERE NOUR DU CENTRE\",\"description\":\"P\u00c9PINIERE NOUR DU CENTRE\",\"publisher\":{\"@id\":\"https:\/\/pepiniere-nour.com\/#organization\"},\"potentialAction\":[{\"@type\":\"SearchAction\",\"target\":{\"@type\":\"EntryPoint\",\"urlTemplate\":\"https:\/\/pepiniere-nour.com\/?s={search_term_string}\"},\"query-input\":{\"@type\":\"PropertyValueSpecification\",\"valueRequired\":true,\"valueName\":\"search_term_string\"}}],\"inLanguage\":\"ar\"},{\"@type\":\"Organization\",\"@id\":\"https:\/\/pepiniere-nour.com\/#organization\",\"name\":\"P\u00c9PINIERE NOUR DU CENTRE\",\"url\":\"https:\/\/pepiniere-nour.com\/\",\"logo\":{\"@type\":\"ImageObject\",\"inLanguage\":\"ar\",\"@id\":\"https:\/\/pepiniere-nour.com\/#\/schema\/logo\/image\/\",\"url\":\"https:\/\/pepiniere-nour.com\/wp-content\/uploads\/2024\/03\/Remove-bg.ai_1709804773648.png\",\"contentUrl\":\"https:\/\/pepiniere-nour.com\/wp-content\/uploads\/2024\/03\/Remove-bg.ai_1709804773648.png\",\"width\":1199,\"height\":1199,\"caption\":\"P\u00c9PINIERE NOUR DU CENTRE\"},\"image\":{\"@id\":\"https:\/\/pepiniere-nour.com\/#\/schema\/logo\/image\/\"}}]}<\/script>\n<!-- \/ Yoast SEO plugin. -->","yoast_head_json":{"title":"Lauranne - P\u00c9PINIERE NOUR DU CENTRE","robots":{"index":"index","follow":"follow","max-snippet":"max-snippet:-1","max-image-preview":"max-image-preview:large","max-video-preview":"max-video-preview:-1"},"canonical":"http:\/\/pepiniere-nour.com\/ar\/product\/lauranne\/","og_locale":"ar_AR","og_type":"article","og_title":"Lauranne - P\u00c9PINIERE NOUR DU CENTRE","og_description":"Caract\u00e9ristiques G\u00e9n\u00e9rales  Lauranne est une vari\u00e9t\u00e9 d'amandier \u00e0 coque dure, caract\u00e9ris\u00e9e par une mise \u00e0 fruit rapide et une production r\u00e9guli\u00e8re et abondante gr\u00e2ce \u00e0 son auto-fertilit\u00e9 et sa floraison relativement tardive. Cependant, il est pr\u00e9f\u00e9rable d'\u00e9viter les expositions trop g\u00e9lives pour ces arbres. Les amandons sont de couleur claire et de calibre moyen.  Origine et Description de la Vari\u00e9t\u00e9  Cette vari\u00e9t\u00e9 est issue du croisement entre les vari\u00e9t\u00e9s Ferragn\u00e8s et Tuono. Elle pr\u00e9sente une forte vigueur chez les jeunes sujets, puis une vigueur moyenne par la suite, avec un port ouvert et l\u00e9g\u00e8rement retombant. Assez buissonnant, elle est facile \u00e0 former mais n\u00e9cessite une taille r\u00e9guli\u00e8re. La r\u00e9colte des fruits, principalement sur bouquets de mai, est pr\u00e9coce, se d\u00e9roulant en septembre pour les fruits secs.","og_url":"http:\/\/pepiniere-nour.com\/ar\/product\/lauranne\/","og_site_name":"P\u00c9PINIERE NOUR DU CENTRE","article_modified_time":"2024-05-21T11:47:22+00:00","og_image":[{"width":570,"height":380,"url":"https:\/\/pepiniere-nour.com\/wp-content\/uploads\/2024\/03\/Plants-Amandiers-lauranne.jpg","type":"image\/jpeg"}],"twitter_card":"summary_large_image","twitter_misc":{"\u0648\u0642\u062a \u0627\u0644\u0642\u0631\u0627\u0621\u0629 \u0627\u0644\u0645\u064f\u0642\u062f\u0651\u0631":"\u062f\u0642\u064a\u0642\u0629 \u0648\u0627\u062d\u062f\u0629"},"schema":{"@context":"https:\/\/schema.org","@graph":[{"@type":"WebPage","@id":"https:\/\/pepiniere-nour.com\/produit\/lauranne","url":"https:\/\/pepiniere-nour.com\/produit\/lauranne","name":"Lauranne - P\u00c9PINIERE NOUR DU CENTRE","isPartOf":{"@id":"https:\/\/pepiniere-nour.com\/#website"},"primaryImageOfPage":{"@id":"https:\/\/pepiniere-nour.com\/produit\/lauranne#primaryimage"},"image":{"@id":"https:\/\/pepiniere-nour.com\/produit\/lauranne#primaryimage"},"thumbnailUrl":"https:\/\/pepiniere-nour.com\/wp-content\/uploads\/2024\/03\/Plants-Amandiers-lauranne.jpg","datePublished":"2024-03-20T22:52:47+00:00","dateModified":"2024-05-21T11:47:22+00:00","breadcrumb":{"@id":"https:\/\/pepiniere-nour.com\/produit\/lauranne#breadcrumb"},"inLanguage":"ar","potentialAction":[{"@type":"ReadAction","target":["https:\/\/pepiniere-nour.com\/produit\/lauranne"]}]},{"@type":"ImageObject","inLanguage":"ar","@id":"https:\/\/pepiniere-nour.com\/produit\/lauranne#primaryimage","url":"https:\/\/pepiniere-nour.com\/wp-content\/uploads\/2024\/03\/Plants-Amandiers-lauranne.jpg","contentUrl":"https:\/\/pepiniere-nour.com\/wp-content\/uploads\/2024\/03\/Plants-Amandiers-lauranne.jpg","width":570,"height":380,"caption":"Plants d'amandiers Lauranne"},{"@type":"BreadcrumbList","@id":"https:\/\/pepiniere-nour.com\/produit\/lauranne#breadcrumb","itemListElement":[{"@type":"ListItem","position":1,"name":"Accueil","item":"https:\/\/pepiniere-nour.com\/"},{"@type":"ListItem","position":2,"name":"Boutique","item":"https:\/\/pepiniere-nour.com\/boutique"},{"@type":"ListItem","position":3,"name":"Lauranne"}]},{"@type":"WebSite","@id":"https:\/\/pepiniere-nour.com\/#website","url":"https:\/\/pepiniere-nour.com\/","name":"P\u00c9PINIERE NOUR DU CENTRE","description":"P\u00c9PINIERE NOUR DU CENTRE","publisher":{"@id":"https:\/\/pepiniere-nour.com\/#organization"},"potentialAction":[{"@type":"SearchAction","target":{"@type":"EntryPoint","urlTemplate":"https:\/\/pepiniere-nour.com\/?s={search_term_string}"},"query-input":{"@type":"PropertyValueSpecification","valueRequired":true,"valueName":"search_term_string"}}],"inLanguage":"ar"},{"@type":"Organization","@id":"https:\/\/pepiniere-nour.com\/#organization","name":"P\u00c9PINIERE NOUR DU CENTRE","url":"https:\/\/pepiniere-nour.com\/","logo":{"@type":"ImageObject","inLanguage":"ar","@id":"https:\/\/pepiniere-nour.com\/#\/schema\/logo\/image\/","url":"https:\/\/pepiniere-nour.com\/wp-content\/uploads\/2024\/03\/Remove-bg.ai_1709804773648.png","contentUrl":"https:\/\/pepiniere-nour.com\/wp-content\/uploads\/2024\/03\/Remove-bg.ai_1709804773648.png","width":1199,"height":1199,"caption":"P\u00c9PINIERE NOUR DU CENTRE"},"image":{"@id":"https:\/\/pepiniere-nour.com\/#\/schema\/logo\/image\/"}}]}},"_links":{"self":[{"href":"http:\/\/pepiniere-nour.com\/ar\/wp-json\/wp\/v2\/product\/961","targetHints":{"allow":["GET"]}}],"collection":[{"href":"http:\/\/pepiniere-nour.com\/ar\/wp-json\/wp\/v2\/product"}],"about":[{"href":"http:\/\/pepiniere-nour.com\/ar\/wp-json\/wp\/v2\/types\/product"}],"wp:featuredmedia":[{"embeddable":true,"href":"http:\/\/pepiniere-nour.com\/ar\/wp-json\/wp\/v2\/media\/2742"}],"wp:attachment":[{"href":"http:\/\/pepiniere-nour.com\/ar\/wp-json\/wp\/v2\/media?parent=961"}],"wp:term":[{"taxonomy":"product_brand","embeddable":true,"href":"http:\/\/pepiniere-nour.com\/ar\/wp-json\/wp\/v2\/product_brand?post=961"},{"taxonomy":"product_cat","embeddable":true,"href":"http:\/\/pepiniere-nour.com\/ar\/wp-json\/wp\/v2\/product_cat?post=961"},{"taxonomy":"product_tag","embeddable":true,"href":"http:\/\/pepiniere-nour.com\/ar\/wp-json\/wp\/v2\/product_tag?post=961"}],"curies":[{"name":"wp","href":"https:\/\/api.w.org\/{rel}","templated":true}]}}