{"id":957,"date":"2024-03-20T22:50:02","date_gmt":"2024-03-20T22:50:02","guid":{"rendered":"https:\/\/pepiniere-nour.com\/?post_type=product&#038;p=957"},"modified":"2024-08-26T11:25:50","modified_gmt":"2024-08-26T11:25:50","slug":"picholine","status":"publish","type":"product","link":"http:\/\/pepiniere-nour.com\/ar\/product\/picholine","title":{"rendered":"\u0628\u064a\u0643\u0648\u0644\u064a\u0646"},"content":{"rendered":"","protected":false},"excerpt":{"rendered":"<h4>\u062e\u0635\u0627\u0626\u0635 \u0627\u0644\u0641\u0648\u0627\u0643\u0647<\/h4>\n<p>Les fruits de la principale vari\u00e9t\u00e9 fran\u00e7aise pr\u00e9sentent un poids moyen de 2 \u00e0 4 grammes et une forme allong\u00e9e asym\u00e9trique, avec un sommet pointu et une base tronqu\u00e9e. Ils se distinguent par l&rsquo;absence de mamelon et une sym\u00e9trie centrale.<\/p>\n<h4>\u0627\u0644\u0627\u0633\u062a\u0639\u0645\u0627\u0644 \u0648 \u062a\u0648\u0641\u0631 \u0627\u0644\u0646\u0628\u0627\u062a\u0627\u062a<\/h4>\n<p>\u0625\u0646\u0651 \u0647\u0630\u0627 \u0627\u0644\u0635\u0646\u0641 \u0627\u0644\u0645\u063a\u0631\u0648\u0633 \u0639\u0644\u0649 \u0646\u0637\u0627\u0642 \u0648\u0627\u0633\u0639 \u0641\u064a \u0641\u0631\u0646\u0633\u0627 \u064a\u062a\u0645\u064a\u0632 \u0628\u0642\u062f\u0631\u062a\u0647 \u0627\u0644\u062c\u0630\u0631\u064a\u0629 \u0627\u0644\u0645\u062a\u0648\u0633\u0637\u0629 \u0648 \u062f\u062e\u0648\u0644\u0647 \u0627\u0644\u0645\u0628\u0643\u0631 \u062d\u064a\u0632 \u0627\u0644\u0625\u0646\u062a\u0627\u062c \u0644\u0643\u0646 \u062b\u0645\u0627\u0631\u0647 \u062a\u0646\u0636\u062c \u0628\u0634\u0643\u0644 \u0645\u062a\u0623\u062e\u0631\u0627 \u0648 \u0647\u0648 \u0645\u062e\u0635\u0635 \u0623\u0633\u0627\u0633\u0627 \u0644\u0644\u0627\u0633\u062a\u0647\u0644\u0627\u0643 \u0639\u0644\u0649 \u0627\u0644\u0637\u0627\u0648\u0644\u0629.\n \n\u064a\u0648\u0641\u0631 \u0645\u0646\u0628\u062a\u0646\u0627 \u0647\u0630\u0627 \u0627\u0644\u0635\u0646\u0641 \u0645\u0646 \u0646\u0628\u0627\u062a \u0627\u0644\u0632\u064a\u062a\u0648\u0646 \u0641\u064a \u0623\u062d\u062c\u0627\u0645 \u0645\u062e\u062a\u0644\u0641\u0629 \u0641\u064a \u0648\u0639\u0627\u0621 \u064a\u062a\u062c\u0627\u0648\u0632 30\u0635\u0645 \u0641\u064a \u0643\u064a\u0633 \u064a\u062a\u062c\u0627\u0648\u0632 50\u0635\u0645 \u0641\u064a \u0623\u0635\u064a\u0635 \u064a\u062a\u062c\u0627\u0648\u0632 \u0627\u0644\u0645\u062a\u0631 \u0627\u0644\u0648\u0627\u062d\u062f<\/p>","protected":false},"featured_media":2746,"template":"","meta":{"_acf_changed":false},"product_brand":[],"product_cat":[37,32],"product_tag":[24,35,25,26,27],"class_list":{"0":"post-957","1":"product","2":"type-product","3":"status-publish","4":"has-post-thumbnail","6":"product_cat-oliviers-a-double-fin","7":"product_cat-plants-doliviers","8":"product_tag-equipment","9":"product_tag-etranger","10":"product_tag-garden","11":"product_tag-plants","12":"product_tag-tools","14":"first","15":"instock","16":"shipping-taxable","17":"purchasable","18":"product-type-simple"},"acf":[],"yoast_head":"<!-- This site is optimized with the Yoast SEO plugin v25.5 - https:\/\/yoast.com\/wordpress\/plugins\/seo\/ -->\n<title>Picholine - P\u00c9PINIERE NOUR DU CENTRE<\/title>\n<meta name=\"robots\" content=\"index, follow, max-snippet:-1, max-image-preview:large, max-video-preview:-1\" \/>\n<link rel=\"canonical\" href=\"http:\/\/pepiniere-nour.com\/ar\/product\/picholine\/\" \/>\n<meta property=\"og:locale\" content=\"ar_AR\" \/>\n<meta property=\"og:type\" content=\"article\" \/>\n<meta property=\"og:title\" content=\"Picholine - P\u00c9PINIERE NOUR DU CENTRE\" \/>\n<meta property=\"og:description\" content=\"Caract\u00e9ristiques des Fruits Les fruits de la principale vari\u00e9t\u00e9 fran\u00e7aise pr\u00e9sentent un poids moyen de 2 \u00e0 4 grammes et une forme allong\u00e9e asym\u00e9trique, avec un sommet pointu et une base tronqu\u00e9e. Ils se distinguent par l&#039;absence de mamelon et une sym\u00e9trie centrale. Utilisation et Disponibilit\u00e9 des Plants Cette vari\u00e9t\u00e9, largement cultiv\u00e9e en France, offre une capacit\u00e9 rhizog\u00e8ne moyenne. Elle entre en production de mani\u00e8re pr\u00e9coce, mais ses fruits m\u00fbrissent tardivement. Principalement destin\u00e9s \u00e0 la pr\u00e9paration d\u2019olives de table confites en vert, les plants d\u2019olivier de cette vari\u00e9t\u00e9 sont disponibles en diff\u00e9rentes hauteurs : en godet, plus de 30 cm, en sachet, plus de 50 cm ou en pot, plus de 1 m\u00e8tre.\" \/>\n<meta property=\"og:url\" content=\"http:\/\/pepiniere-nour.com\/ar\/product\/picholine\/\" \/>\n<meta property=\"og:site_name\" content=\"P\u00c9PINIERE NOUR DU CENTRE\" \/>\n<meta property=\"article:modified_time\" content=\"2024-08-26T11:25:50+00:00\" \/>\n<meta property=\"og:image\" content=\"https:\/\/pepiniere-nour.com\/wp-content\/uploads\/2024\/03\/Picholine-olivier-a-double-fin.jpg\" \/>\n\t<meta property=\"og:image:width\" content=\"570\" \/>\n\t<meta property=\"og:image:height\" content=\"380\" \/>\n\t<meta property=\"og:image:type\" content=\"image\/jpeg\" \/>\n<meta name=\"twitter:card\" content=\"summary_large_image\" \/>\n<meta name=\"twitter:label1\" content=\"\u0648\u0642\u062a \u0627\u0644\u0642\u0631\u0627\u0621\u0629 \u0627\u0644\u0645\u064f\u0642\u062f\u0651\u0631\" \/>\n\t<meta name=\"twitter:data1\" content=\"\u062f\u0642\u064a\u0642\u0629 \u0648\u0627\u062d\u062f\u0629\" \/>\n<script type=\"application\/ld+json\" class=\"yoast-schema-graph\">{\"@context\":\"https:\/\/schema.org\",\"@graph\":[{\"@type\":\"WebPage\",\"@id\":\"https:\/\/pepiniere-nour.com\/produit\/picholine\",\"url\":\"https:\/\/pepiniere-nour.com\/produit\/picholine\",\"name\":\"Picholine - P\u00c9PINIERE NOUR DU CENTRE\",\"isPartOf\":{\"@id\":\"https:\/\/pepiniere-nour.com\/#website\"},\"primaryImageOfPage\":{\"@id\":\"https:\/\/pepiniere-nour.com\/produit\/picholine#primaryimage\"},\"image\":{\"@id\":\"https:\/\/pepiniere-nour.com\/produit\/picholine#primaryimage\"},\"thumbnailUrl\":\"https:\/\/pepiniere-nour.com\/wp-content\/uploads\/2024\/03\/Picholine-olivier-a-double-fin.jpg\",\"datePublished\":\"2024-03-20T22:50:02+00:00\",\"dateModified\":\"2024-08-26T11:25:50+00:00\",\"breadcrumb\":{\"@id\":\"https:\/\/pepiniere-nour.com\/produit\/picholine#breadcrumb\"},\"inLanguage\":\"ar\",\"potentialAction\":[{\"@type\":\"ReadAction\",\"target\":[\"https:\/\/pepiniere-nour.com\/produit\/picholine\"]}]},{\"@type\":\"ImageObject\",\"inLanguage\":\"ar\",\"@id\":\"https:\/\/pepiniere-nour.com\/produit\/picholine#primaryimage\",\"url\":\"https:\/\/pepiniere-nour.com\/wp-content\/uploads\/2024\/03\/Picholine-olivier-a-double-fin.jpg\",\"contentUrl\":\"https:\/\/pepiniere-nour.com\/wp-content\/uploads\/2024\/03\/Picholine-olivier-a-double-fin.jpg\",\"width\":570,\"height\":380,\"caption\":\"Picholine olivier \u00e0 double fin\"},{\"@type\":\"BreadcrumbList\",\"@id\":\"https:\/\/pepiniere-nour.com\/produit\/picholine#breadcrumb\",\"itemListElement\":[{\"@type\":\"ListItem\",\"position\":1,\"name\":\"Accueil\",\"item\":\"https:\/\/pepiniere-nour.com\/\"},{\"@type\":\"ListItem\",\"position\":2,\"name\":\"Boutique\",\"item\":\"https:\/\/pepiniere-nour.com\/boutique\"},{\"@type\":\"ListItem\",\"position\":3,\"name\":\"Picholine\"}]},{\"@type\":\"WebSite\",\"@id\":\"https:\/\/pepiniere-nour.com\/#website\",\"url\":\"https:\/\/pepiniere-nour.com\/\",\"name\":\"P\u00c9PINIERE NOUR DU CENTRE\",\"description\":\"P\u00c9PINIERE NOUR DU CENTRE\",\"publisher\":{\"@id\":\"https:\/\/pepiniere-nour.com\/#organization\"},\"potentialAction\":[{\"@type\":\"SearchAction\",\"target\":{\"@type\":\"EntryPoint\",\"urlTemplate\":\"https:\/\/pepiniere-nour.com\/?s={search_term_string}\"},\"query-input\":{\"@type\":\"PropertyValueSpecification\",\"valueRequired\":true,\"valueName\":\"search_term_string\"}}],\"inLanguage\":\"ar\"},{\"@type\":\"Organization\",\"@id\":\"https:\/\/pepiniere-nour.com\/#organization\",\"name\":\"P\u00c9PINIERE NOUR DU CENTRE\",\"url\":\"https:\/\/pepiniere-nour.com\/\",\"logo\":{\"@type\":\"ImageObject\",\"inLanguage\":\"ar\",\"@id\":\"https:\/\/pepiniere-nour.com\/#\/schema\/logo\/image\/\",\"url\":\"https:\/\/pepiniere-nour.com\/wp-content\/uploads\/2024\/03\/Remove-bg.ai_1709804773648.png\",\"contentUrl\":\"https:\/\/pepiniere-nour.com\/wp-content\/uploads\/2024\/03\/Remove-bg.ai_1709804773648.png\",\"width\":1199,\"height\":1199,\"caption\":\"P\u00c9PINIERE NOUR DU CENTRE\"},\"image\":{\"@id\":\"https:\/\/pepiniere-nour.com\/#\/schema\/logo\/image\/\"}}]}<\/script>\n<!-- \/ Yoast SEO plugin. -->","yoast_head_json":{"title":"Picholine - P\u00c9PINIERE NOUR DU CENTRE","robots":{"index":"index","follow":"follow","max-snippet":"max-snippet:-1","max-image-preview":"max-image-preview:large","max-video-preview":"max-video-preview:-1"},"canonical":"http:\/\/pepiniere-nour.com\/ar\/product\/picholine\/","og_locale":"ar_AR","og_type":"article","og_title":"Picholine - P\u00c9PINIERE NOUR DU CENTRE","og_description":"Caract\u00e9ristiques des Fruits Les fruits de la principale vari\u00e9t\u00e9 fran\u00e7aise pr\u00e9sentent un poids moyen de 2 \u00e0 4 grammes et une forme allong\u00e9e asym\u00e9trique, avec un sommet pointu et une base tronqu\u00e9e. Ils se distinguent par l'absence de mamelon et une sym\u00e9trie centrale. Utilisation et Disponibilit\u00e9 des Plants Cette vari\u00e9t\u00e9, largement cultiv\u00e9e en France, offre une capacit\u00e9 rhizog\u00e8ne moyenne. Elle entre en production de mani\u00e8re pr\u00e9coce, mais ses fruits m\u00fbrissent tardivement. Principalement destin\u00e9s \u00e0 la pr\u00e9paration d\u2019olives de table confites en vert, les plants d\u2019olivier de cette vari\u00e9t\u00e9 sont disponibles en diff\u00e9rentes hauteurs : en godet, plus de 30 cm, en sachet, plus de 50 cm ou en pot, plus de 1 m\u00e8tre.","og_url":"http:\/\/pepiniere-nour.com\/ar\/product\/picholine\/","og_site_name":"P\u00c9PINIERE NOUR DU CENTRE","article_modified_time":"2024-08-26T11:25:50+00:00","og_image":[{"width":570,"height":380,"url":"https:\/\/pepiniere-nour.com\/wp-content\/uploads\/2024\/03\/Picholine-olivier-a-double-fin.jpg","type":"image\/jpeg"}],"twitter_card":"summary_large_image","twitter_misc":{"\u0648\u0642\u062a \u0627\u0644\u0642\u0631\u0627\u0621\u0629 \u0627\u0644\u0645\u064f\u0642\u062f\u0651\u0631":"\u062f\u0642\u064a\u0642\u0629 \u0648\u0627\u062d\u062f\u0629"},"schema":{"@context":"https:\/\/schema.org","@graph":[{"@type":"WebPage","@id":"https:\/\/pepiniere-nour.com\/produit\/picholine","url":"https:\/\/pepiniere-nour.com\/produit\/picholine","name":"Picholine - P\u00c9PINIERE NOUR DU CENTRE","isPartOf":{"@id":"https:\/\/pepiniere-nour.com\/#website"},"primaryImageOfPage":{"@id":"https:\/\/pepiniere-nour.com\/produit\/picholine#primaryimage"},"image":{"@id":"https:\/\/pepiniere-nour.com\/produit\/picholine#primaryimage"},"thumbnailUrl":"https:\/\/pepiniere-nour.com\/wp-content\/uploads\/2024\/03\/Picholine-olivier-a-double-fin.jpg","datePublished":"2024-03-20T22:50:02+00:00","dateModified":"2024-08-26T11:25:50+00:00","breadcrumb":{"@id":"https:\/\/pepiniere-nour.com\/produit\/picholine#breadcrumb"},"inLanguage":"ar","potentialAction":[{"@type":"ReadAction","target":["https:\/\/pepiniere-nour.com\/produit\/picholine"]}]},{"@type":"ImageObject","inLanguage":"ar","@id":"https:\/\/pepiniere-nour.com\/produit\/picholine#primaryimage","url":"https:\/\/pepiniere-nour.com\/wp-content\/uploads\/2024\/03\/Picholine-olivier-a-double-fin.jpg","contentUrl":"https:\/\/pepiniere-nour.com\/wp-content\/uploads\/2024\/03\/Picholine-olivier-a-double-fin.jpg","width":570,"height":380,"caption":"Picholine olivier \u00e0 double fin"},{"@type":"BreadcrumbList","@id":"https:\/\/pepiniere-nour.com\/produit\/picholine#breadcrumb","itemListElement":[{"@type":"ListItem","position":1,"name":"Accueil","item":"https:\/\/pepiniere-nour.com\/"},{"@type":"ListItem","position":2,"name":"Boutique","item":"https:\/\/pepiniere-nour.com\/boutique"},{"@type":"ListItem","position":3,"name":"Picholine"}]},{"@type":"WebSite","@id":"https:\/\/pepiniere-nour.com\/#website","url":"https:\/\/pepiniere-nour.com\/","name":"P\u00c9PINIERE NOUR DU CENTRE","description":"P\u00c9PINIERE NOUR DU CENTRE","publisher":{"@id":"https:\/\/pepiniere-nour.com\/#organization"},"potentialAction":[{"@type":"SearchAction","target":{"@type":"EntryPoint","urlTemplate":"https:\/\/pepiniere-nour.com\/?s={search_term_string}"},"query-input":{"@type":"PropertyValueSpecification","valueRequired":true,"valueName":"search_term_string"}}],"inLanguage":"ar"},{"@type":"Organization","@id":"https:\/\/pepiniere-nour.com\/#organization","name":"P\u00c9PINIERE NOUR DU CENTRE","url":"https:\/\/pepiniere-nour.com\/","logo":{"@type":"ImageObject","inLanguage":"ar","@id":"https:\/\/pepiniere-nour.com\/#\/schema\/logo\/image\/","url":"https:\/\/pepiniere-nour.com\/wp-content\/uploads\/2024\/03\/Remove-bg.ai_1709804773648.png","contentUrl":"https:\/\/pepiniere-nour.com\/wp-content\/uploads\/2024\/03\/Remove-bg.ai_1709804773648.png","width":1199,"height":1199,"caption":"P\u00c9PINIERE NOUR DU CENTRE"},"image":{"@id":"https:\/\/pepiniere-nour.com\/#\/schema\/logo\/image\/"}}]}},"_links":{"self":[{"href":"http:\/\/pepiniere-nour.com\/ar\/wp-json\/wp\/v2\/product\/957","targetHints":{"allow":["GET"]}}],"collection":[{"href":"http:\/\/pepiniere-nour.com\/ar\/wp-json\/wp\/v2\/product"}],"about":[{"href":"http:\/\/pepiniere-nour.com\/ar\/wp-json\/wp\/v2\/types\/product"}],"wp:featuredmedia":[{"embeddable":true,"href":"http:\/\/pepiniere-nour.com\/ar\/wp-json\/wp\/v2\/media\/2746"}],"wp:attachment":[{"href":"http:\/\/pepiniere-nour.com\/ar\/wp-json\/wp\/v2\/media?parent=957"}],"wp:term":[{"taxonomy":"product_brand","embeddable":true,"href":"http:\/\/pepiniere-nour.com\/ar\/wp-json\/wp\/v2\/product_brand?post=957"},{"taxonomy":"product_cat","embeddable":true,"href":"http:\/\/pepiniere-nour.com\/ar\/wp-json\/wp\/v2\/product_cat?post=957"},{"taxonomy":"product_tag","embeddable":true,"href":"http:\/\/pepiniere-nour.com\/ar\/wp-json\/wp\/v2\/product_tag?post=957"}],"curies":[{"name":"wp","href":"https:\/\/api.w.org\/{rel}","templated":true}]}}