{"id":955,"date":"2024-03-20T22:49:48","date_gmt":"2024-03-20T22:49:48","guid":{"rendered":"https:\/\/pepiniere-nour.com\/?post_type=product&#038;p=955"},"modified":"2024-08-26T11:21:46","modified_gmt":"2024-08-26T11:21:46","slug":"frenjivento-brise-vent","status":"publish","type":"product","link":"http:\/\/pepiniere-nour.com\/ar\/product\/frenjivento-brise-vent","title":{"rendered":"\u0641\u0631\u0646\u062c\u064a\u0641\u0646\u062a\u0648"},"content":{"rendered":"","protected":false},"excerpt":{"rendered":"<h4>\u0627\u0644\u062e\u0635\u0627\u0626\u0635 \u0627\u0644\u0645\u0648\u0631\u0641\u0648\u0644\u0648\u062c\u064a\u0629 \u0648\u0627\u0644\u0627\u0633\u062a\u062e\u062f\u0627\u0645<\/h4>\n<p>La vari\u00e9t\u00e9 Cipressino, d&rsquo;Italie mais cultiv\u00e9e partout en Tunisie, est polyvalente pour la table et l&rsquo;huile. Son arbre est vigoureux, avec des feuilles elliptiques-lanc\u00e9ol\u00e9es. Les fruits, \u00e0 poids moyen \u00e9lev\u00e9 et forme peu allong\u00e9e, m\u00fbrissent t\u00f4t et offrent un rendement \u00e9lev\u00e9.<\/p>\n<h4>\u0623\u0647\u0645\u064a\u0629 \u0641\u064a \u0627\u0644\u0632\u0631\u0627\u0639\u0629 \u0648\u0627\u0644\u0642\u062f\u0631\u0629 \u0639\u0644\u0649 \u0627\u0644\u062a\u0643\u064a\u0641<\/h4>\n<p>L&rsquo;arbre vigoureux du Cipressino, avec ses branches dress\u00e9es rappelant le cypr\u00e8s, produit des fruits de bon calibre, violac\u00e9s avec une coloration non uniforme. Cette vari\u00e9t\u00e9 pr\u00e9sente un rendement en huile assez \u00e9lev\u00e9 et une r\u00e9sistance au sel et aux vents, ce qui en fait un choix id\u00e9al pour les formations de brise-vent \u00e0 distance de 1,50 \u00e0 2 m\u00e8tres sur le rang.<\/p>\n<h4>\u062a\u0648\u0627\u0641\u0631 \u0648\u0623\u0634\u0643\u0627\u0644 \u0627\u0644\u0646\u0628\u0627\u062a\u0627\u062a<\/h4>\n<p>Les plants d&rsquo;olivier de cette vari\u00e9t\u00e9 sont disponibles en diff\u00e9rents formats pour r\u00e9pondre aux besoins des cultivateurs : en godet, hauteur de plus de 30 cm, en sachet, hauteur de plus de 50 cm ou en pot, hauteur de plus de 1 m\u00e8tre.<\/p>","protected":false},"featured_media":2747,"template":"","meta":{"_acf_changed":false},"product_brand":[],"product_cat":[37,32],"product_tag":[24,35,25,26,27],"class_list":{"0":"post-955","1":"product","2":"type-product","3":"status-publish","4":"has-post-thumbnail","6":"product_cat-oliviers-a-double-fin","7":"product_cat-plants-doliviers","8":"product_tag-equipment","9":"product_tag-etranger","10":"product_tag-garden","11":"product_tag-plants","12":"product_tag-tools","14":"first","15":"instock","16":"shipping-taxable","17":"purchasable","18":"product-type-simple"},"acf":[],"yoast_head":"<!-- This site is optimized with the Yoast SEO plugin v25.5 - https:\/\/yoast.com\/wordpress\/plugins\/seo\/ -->\n<title>Frenjivento ( brise vent) - P\u00c9PINIERE NOUR DU CENTRE<\/title>\n<meta name=\"robots\" content=\"index, follow, max-snippet:-1, max-image-preview:large, max-video-preview:-1\" \/>\n<link rel=\"canonical\" href=\"http:\/\/pepiniere-nour.com\/ar\/product\/frenjivento-brise-vent\/\" \/>\n<meta property=\"og:locale\" content=\"ar_AR\" \/>\n<meta property=\"og:type\" content=\"article\" \/>\n<meta property=\"og:title\" content=\"Frenjivento ( brise vent) - P\u00c9PINIERE NOUR DU CENTRE\" \/>\n<meta property=\"og:description\" content=\"Caract\u00e9ristiques Morphologiques et Utilisation  La vari\u00e9t\u00e9 Cipressino, d&#039;Italie mais cultiv\u00e9e partout en Tunisie, est polyvalente pour la table et l&#039;huile. Son arbre est vigoureux, avec des feuilles elliptiques-lanc\u00e9ol\u00e9es. Les fruits, \u00e0 poids moyen \u00e9lev\u00e9 et forme peu allong\u00e9e, m\u00fbrissent t\u00f4t et offrent un rendement \u00e9lev\u00e9.  Importance en Agriculture et Adaptabilit\u00e9  L&#039;arbre vigoureux du Cipressino, avec ses branches dress\u00e9es rappelant le cypr\u00e8s, produit des fruits de bon calibre, violac\u00e9s avec une coloration non uniforme. Cette vari\u00e9t\u00e9 pr\u00e9sente un rendement en huile assez \u00e9lev\u00e9 et une r\u00e9sistance au sel et aux vents, ce qui en fait un choix id\u00e9al pour les formations de brise-vent \u00e0 distance de 1,50 \u00e0 2 m\u00e8tres sur le rang.  Disponibilit\u00e9 et Formats des Plants  Les plants d&#039;olivier de cette vari\u00e9t\u00e9 sont disponibles en diff\u00e9rents formats pour r\u00e9pondre aux besoins des cultivateurs : en godet, hauteur de plus de 30 cm, en sachet, hauteur de plus de 50 cm ou en pot, hauteur de plus de 1 m\u00e8tre.\" \/>\n<meta property=\"og:url\" content=\"http:\/\/pepiniere-nour.com\/ar\/product\/frenjivento-brise-vent\/\" \/>\n<meta property=\"og:site_name\" content=\"P\u00c9PINIERE NOUR DU CENTRE\" \/>\n<meta property=\"article:modified_time\" content=\"2024-08-26T11:21:46+00:00\" \/>\n<meta property=\"og:image\" content=\"https:\/\/pepiniere-nour.com\/wp-content\/uploads\/2024\/03\/Frenjivento-brise-vent.jpg\" \/>\n\t<meta property=\"og:image:width\" content=\"570\" \/>\n\t<meta property=\"og:image:height\" content=\"380\" \/>\n\t<meta property=\"og:image:type\" content=\"image\/jpeg\" \/>\n<meta name=\"twitter:card\" content=\"summary_large_image\" \/>\n<meta name=\"twitter:label1\" content=\"\u0648\u0642\u062a \u0627\u0644\u0642\u0631\u0627\u0621\u0629 \u0627\u0644\u0645\u064f\u0642\u062f\u0651\u0631\" \/>\n\t<meta name=\"twitter:data1\" content=\"\u062f\u0642\u064a\u0642\u0629 \u0648\u0627\u062d\u062f\u0629\" \/>\n<script type=\"application\/ld+json\" class=\"yoast-schema-graph\">{\"@context\":\"https:\/\/schema.org\",\"@graph\":[{\"@type\":\"WebPage\",\"@id\":\"https:\/\/pepiniere-nour.com\/produit\/frenjivento-brise-vent\",\"url\":\"https:\/\/pepiniere-nour.com\/produit\/frenjivento-brise-vent\",\"name\":\"Frenjivento ( brise vent) - P\u00c9PINIERE NOUR DU CENTRE\",\"isPartOf\":{\"@id\":\"https:\/\/pepiniere-nour.com\/#website\"},\"primaryImageOfPage\":{\"@id\":\"https:\/\/pepiniere-nour.com\/produit\/frenjivento-brise-vent#primaryimage\"},\"image\":{\"@id\":\"https:\/\/pepiniere-nour.com\/produit\/frenjivento-brise-vent#primaryimage\"},\"thumbnailUrl\":\"https:\/\/pepiniere-nour.com\/wp-content\/uploads\/2024\/03\/Frenjivento-brise-vent.jpg\",\"datePublished\":\"2024-03-20T22:49:48+00:00\",\"dateModified\":\"2024-08-26T11:21:46+00:00\",\"breadcrumb\":{\"@id\":\"https:\/\/pepiniere-nour.com\/produit\/frenjivento-brise-vent#breadcrumb\"},\"inLanguage\":\"ar\",\"potentialAction\":[{\"@type\":\"ReadAction\",\"target\":[\"https:\/\/pepiniere-nour.com\/produit\/frenjivento-brise-vent\"]}]},{\"@type\":\"ImageObject\",\"inLanguage\":\"ar\",\"@id\":\"https:\/\/pepiniere-nour.com\/produit\/frenjivento-brise-vent#primaryimage\",\"url\":\"https:\/\/pepiniere-nour.com\/wp-content\/uploads\/2024\/03\/Frenjivento-brise-vent.jpg\",\"contentUrl\":\"https:\/\/pepiniere-nour.com\/wp-content\/uploads\/2024\/03\/Frenjivento-brise-vent.jpg\",\"width\":570,\"height\":380,\"caption\":\"Frenjivento ( brise vent)\"},{\"@type\":\"BreadcrumbList\",\"@id\":\"https:\/\/pepiniere-nour.com\/produit\/frenjivento-brise-vent#breadcrumb\",\"itemListElement\":[{\"@type\":\"ListItem\",\"position\":1,\"name\":\"Accueil\",\"item\":\"https:\/\/pepiniere-nour.com\/\"},{\"@type\":\"ListItem\",\"position\":2,\"name\":\"Boutique\",\"item\":\"https:\/\/pepiniere-nour.com\/boutique\"},{\"@type\":\"ListItem\",\"position\":3,\"name\":\"Frenjivento ( brise vent)\"}]},{\"@type\":\"WebSite\",\"@id\":\"https:\/\/pepiniere-nour.com\/#website\",\"url\":\"https:\/\/pepiniere-nour.com\/\",\"name\":\"P\u00c9PINIERE NOUR DU CENTRE\",\"description\":\"P\u00c9PINIERE NOUR DU CENTRE\",\"publisher\":{\"@id\":\"https:\/\/pepiniere-nour.com\/#organization\"},\"potentialAction\":[{\"@type\":\"SearchAction\",\"target\":{\"@type\":\"EntryPoint\",\"urlTemplate\":\"https:\/\/pepiniere-nour.com\/?s={search_term_string}\"},\"query-input\":{\"@type\":\"PropertyValueSpecification\",\"valueRequired\":true,\"valueName\":\"search_term_string\"}}],\"inLanguage\":\"ar\"},{\"@type\":\"Organization\",\"@id\":\"https:\/\/pepiniere-nour.com\/#organization\",\"name\":\"P\u00c9PINIERE NOUR DU CENTRE\",\"url\":\"https:\/\/pepiniere-nour.com\/\",\"logo\":{\"@type\":\"ImageObject\",\"inLanguage\":\"ar\",\"@id\":\"https:\/\/pepiniere-nour.com\/#\/schema\/logo\/image\/\",\"url\":\"https:\/\/pepiniere-nour.com\/wp-content\/uploads\/2024\/03\/Remove-bg.ai_1709804773648.png\",\"contentUrl\":\"https:\/\/pepiniere-nour.com\/wp-content\/uploads\/2024\/03\/Remove-bg.ai_1709804773648.png\",\"width\":1199,\"height\":1199,\"caption\":\"P\u00c9PINIERE NOUR DU CENTRE\"},\"image\":{\"@id\":\"https:\/\/pepiniere-nour.com\/#\/schema\/logo\/image\/\"}}]}<\/script>\n<!-- \/ Yoast SEO plugin. -->","yoast_head_json":{"title":"Frenjivento ( brise vent) - P\u00c9PINIERE NOUR DU CENTRE","robots":{"index":"index","follow":"follow","max-snippet":"max-snippet:-1","max-image-preview":"max-image-preview:large","max-video-preview":"max-video-preview:-1"},"canonical":"http:\/\/pepiniere-nour.com\/ar\/product\/frenjivento-brise-vent\/","og_locale":"ar_AR","og_type":"article","og_title":"Frenjivento ( brise vent) - P\u00c9PINIERE NOUR DU CENTRE","og_description":"Caract\u00e9ristiques Morphologiques et Utilisation  La vari\u00e9t\u00e9 Cipressino, d'Italie mais cultiv\u00e9e partout en Tunisie, est polyvalente pour la table et l'huile. Son arbre est vigoureux, avec des feuilles elliptiques-lanc\u00e9ol\u00e9es. Les fruits, \u00e0 poids moyen \u00e9lev\u00e9 et forme peu allong\u00e9e, m\u00fbrissent t\u00f4t et offrent un rendement \u00e9lev\u00e9.  Importance en Agriculture et Adaptabilit\u00e9  L'arbre vigoureux du Cipressino, avec ses branches dress\u00e9es rappelant le cypr\u00e8s, produit des fruits de bon calibre, violac\u00e9s avec une coloration non uniforme. Cette vari\u00e9t\u00e9 pr\u00e9sente un rendement en huile assez \u00e9lev\u00e9 et une r\u00e9sistance au sel et aux vents, ce qui en fait un choix id\u00e9al pour les formations de brise-vent \u00e0 distance de 1,50 \u00e0 2 m\u00e8tres sur le rang.  Disponibilit\u00e9 et Formats des Plants  Les plants d'olivier de cette vari\u00e9t\u00e9 sont disponibles en diff\u00e9rents formats pour r\u00e9pondre aux besoins des cultivateurs : en godet, hauteur de plus de 30 cm, en sachet, hauteur de plus de 50 cm ou en pot, hauteur de plus de 1 m\u00e8tre.","og_url":"http:\/\/pepiniere-nour.com\/ar\/product\/frenjivento-brise-vent\/","og_site_name":"P\u00c9PINIERE NOUR DU CENTRE","article_modified_time":"2024-08-26T11:21:46+00:00","og_image":[{"width":570,"height":380,"url":"https:\/\/pepiniere-nour.com\/wp-content\/uploads\/2024\/03\/Frenjivento-brise-vent.jpg","type":"image\/jpeg"}],"twitter_card":"summary_large_image","twitter_misc":{"\u0648\u0642\u062a \u0627\u0644\u0642\u0631\u0627\u0621\u0629 \u0627\u0644\u0645\u064f\u0642\u062f\u0651\u0631":"\u062f\u0642\u064a\u0642\u0629 \u0648\u0627\u062d\u062f\u0629"},"schema":{"@context":"https:\/\/schema.org","@graph":[{"@type":"WebPage","@id":"https:\/\/pepiniere-nour.com\/produit\/frenjivento-brise-vent","url":"https:\/\/pepiniere-nour.com\/produit\/frenjivento-brise-vent","name":"Frenjivento ( brise vent) - P\u00c9PINIERE NOUR DU CENTRE","isPartOf":{"@id":"https:\/\/pepiniere-nour.com\/#website"},"primaryImageOfPage":{"@id":"https:\/\/pepiniere-nour.com\/produit\/frenjivento-brise-vent#primaryimage"},"image":{"@id":"https:\/\/pepiniere-nour.com\/produit\/frenjivento-brise-vent#primaryimage"},"thumbnailUrl":"https:\/\/pepiniere-nour.com\/wp-content\/uploads\/2024\/03\/Frenjivento-brise-vent.jpg","datePublished":"2024-03-20T22:49:48+00:00","dateModified":"2024-08-26T11:21:46+00:00","breadcrumb":{"@id":"https:\/\/pepiniere-nour.com\/produit\/frenjivento-brise-vent#breadcrumb"},"inLanguage":"ar","potentialAction":[{"@type":"ReadAction","target":["https:\/\/pepiniere-nour.com\/produit\/frenjivento-brise-vent"]}]},{"@type":"ImageObject","inLanguage":"ar","@id":"https:\/\/pepiniere-nour.com\/produit\/frenjivento-brise-vent#primaryimage","url":"https:\/\/pepiniere-nour.com\/wp-content\/uploads\/2024\/03\/Frenjivento-brise-vent.jpg","contentUrl":"https:\/\/pepiniere-nour.com\/wp-content\/uploads\/2024\/03\/Frenjivento-brise-vent.jpg","width":570,"height":380,"caption":"Frenjivento ( brise vent)"},{"@type":"BreadcrumbList","@id":"https:\/\/pepiniere-nour.com\/produit\/frenjivento-brise-vent#breadcrumb","itemListElement":[{"@type":"ListItem","position":1,"name":"Accueil","item":"https:\/\/pepiniere-nour.com\/"},{"@type":"ListItem","position":2,"name":"Boutique","item":"https:\/\/pepiniere-nour.com\/boutique"},{"@type":"ListItem","position":3,"name":"Frenjivento ( brise vent)"}]},{"@type":"WebSite","@id":"https:\/\/pepiniere-nour.com\/#website","url":"https:\/\/pepiniere-nour.com\/","name":"P\u00c9PINIERE NOUR DU CENTRE","description":"P\u00c9PINIERE NOUR DU CENTRE","publisher":{"@id":"https:\/\/pepiniere-nour.com\/#organization"},"potentialAction":[{"@type":"SearchAction","target":{"@type":"EntryPoint","urlTemplate":"https:\/\/pepiniere-nour.com\/?s={search_term_string}"},"query-input":{"@type":"PropertyValueSpecification","valueRequired":true,"valueName":"search_term_string"}}],"inLanguage":"ar"},{"@type":"Organization","@id":"https:\/\/pepiniere-nour.com\/#organization","name":"P\u00c9PINIERE NOUR DU CENTRE","url":"https:\/\/pepiniere-nour.com\/","logo":{"@type":"ImageObject","inLanguage":"ar","@id":"https:\/\/pepiniere-nour.com\/#\/schema\/logo\/image\/","url":"https:\/\/pepiniere-nour.com\/wp-content\/uploads\/2024\/03\/Remove-bg.ai_1709804773648.png","contentUrl":"https:\/\/pepiniere-nour.com\/wp-content\/uploads\/2024\/03\/Remove-bg.ai_1709804773648.png","width":1199,"height":1199,"caption":"P\u00c9PINIERE NOUR DU CENTRE"},"image":{"@id":"https:\/\/pepiniere-nour.com\/#\/schema\/logo\/image\/"}}]}},"_links":{"self":[{"href":"http:\/\/pepiniere-nour.com\/ar\/wp-json\/wp\/v2\/product\/955","targetHints":{"allow":["GET"]}}],"collection":[{"href":"http:\/\/pepiniere-nour.com\/ar\/wp-json\/wp\/v2\/product"}],"about":[{"href":"http:\/\/pepiniere-nour.com\/ar\/wp-json\/wp\/v2\/types\/product"}],"wp:featuredmedia":[{"embeddable":true,"href":"http:\/\/pepiniere-nour.com\/ar\/wp-json\/wp\/v2\/media\/2747"}],"wp:attachment":[{"href":"http:\/\/pepiniere-nour.com\/ar\/wp-json\/wp\/v2\/media?parent=955"}],"wp:term":[{"taxonomy":"product_brand","embeddable":true,"href":"http:\/\/pepiniere-nour.com\/ar\/wp-json\/wp\/v2\/product_brand?post=955"},{"taxonomy":"product_cat","embeddable":true,"href":"http:\/\/pepiniere-nour.com\/ar\/wp-json\/wp\/v2\/product_cat?post=955"},{"taxonomy":"product_tag","embeddable":true,"href":"http:\/\/pepiniere-nour.com\/ar\/wp-json\/wp\/v2\/product_tag?post=955"}],"curies":[{"name":"wp","href":"https:\/\/api.w.org\/{rel}","templated":true}]}}