{"id":947,"date":"2024-03-20T22:42:01","date_gmt":"2024-03-20T22:42:01","guid":{"rendered":"https:\/\/pepiniere-nour.com\/?post_type=product&#038;p=947"},"modified":"2024-05-15T12:12:51","modified_gmt":"2024-05-15T12:12:51","slug":"arbosana","status":"publish","type":"product","link":"http:\/\/pepiniere-nour.com\/ar\/product\/arbosana","title":{"rendered":"\u0627\u0631\u0628\u0648\u0632\u0627\u0646\u0627"},"content":{"rendered":"","protected":false},"excerpt":{"rendered":"<h2>\u062a\u0642\u062f\u064a\u0645 \u0639\u0627\u0645<\/h2>\n<p>Origine : village de l&rsquo;Arbo\u00e7 , r\u00e9gion de Tarragone, Espagne.<br \/>\n\u064a\u0646\u0627\u0633\u0628 \u0647\u0630\u0627 \u0627\u0644\u0635\u0646\u0641 \u0646\u0638\u0627\u0645 \u0627\u0644\u063a\u0631\u0627\u0633\u0629 \u0627\u0644\u0645\u0643\u062b\u0641 \u0648 \u0627\u0644\u0645\u0643\u062b\u0641 \u0644\u0644\u063a\u0627\u064a\u0629<br \/>\n\u064a\u062a\u0645\u064a\u0632 \u0647\u0630\u0627 \u0627\u0644\u0646\u0648\u0639 \u0628\u0642\u0648\u062a\u0647 \u0627\u0644\u0645\u0646\u062e\u0641\u0636\u0629  \u0648 \u0646\u0645\u0648\u0647 \u0627\u0644\u0646\u0628\u0627\u062a\u064a \u0627\u0644\u0645\u062d\u062f\u0648\u062f \u0625\u0636\u0627\u0641\u0629 \u0625\u0644\u0649 \u0625\u0646\u062a\u0627\u062c\u0647 \u0627\u0644\u0645\u0628\u0643\u0631 \u0648 \u0625\u0646\u062a\u0627\u062c\u064a\u062a\u0647 \u0627\u0644\u0639\u0627\u0644\u064a\u0629 \u0627\u0644\u062b\u0627\u0628\u062a\u0629<br \/>\n\u064a\u0642\u0627\u0648\u0645 \u0647\u0630\u0627 \u0627\u0644\u0635\u0646\u0641 \u0638\u0627\u0647\u0631\u0629 \u0627\u0644\u062a\u0635\u062d\u0631 \u0644\u0643\u0646 \u0645\u0642\u0627\u0648\u0645\u062a\u0647 \u062a\u0636\u0639\u0641 \u0641\u064a \u0627\u0644\u0628\u0631\u062f<br \/>\nLa maturation est trois semaines plus tard que dans l&rsquo;Arbequina.<br \/>\n\u0627\u0644\u062f\u062e\u0648\u0644 \u0627\u0644\u0645\u0628\u0643\u0631 \u0641\u064a \u0627\u0644\u0625\u0646\u062a\u0627\u062c \u0648\u0625\u0646\u062a\u0627\u062c\u064a\u0629 \u0639\u0627\u0644\u064a\u0629 \u062c\u062f\u064b\u0627 \u0648\u062b\u0627\u0628\u062a\u0629.<\/p>\n<h2>\u0632\u064a\u062a<\/h2>\n<p>\u0645\u062d\u062a\u0648\u0649 \u0627\u0644\u0632\u064a\u062a: 19-20%<br \/>\n\u0645\u062d\u062a\u0648\u0649 \u0627\u0644\u0623\u062d\u0645\u0627\u0636 \u0627\u0644\u062f\u0647\u0646\u064a\u0629: \u062d\u0645\u0636 \u0627\u0644\u0628\u0627\u0644\u0645\u062a\u064a\u0643: 13.52% \u0648\u062d\u0645\u0636 \u0627\u0644\u0623\u0648\u0644\u064a\u0643: 62.1%<\/p>","protected":false},"featured_media":2683,"template":"","meta":{"_acf_changed":false},"product_brand":[],"product_cat":[33,32],"product_tag":[24,35,25,26,27],"class_list":{"0":"post-947","1":"product","2":"type-product","3":"status-publish","4":"has-post-thumbnail","6":"product_cat-olivier-a-huile","7":"product_cat-plants-doliviers","8":"product_tag-equipment","9":"product_tag-etranger","10":"product_tag-garden","11":"product_tag-plants","12":"product_tag-tools","14":"first","15":"instock","16":"shipping-taxable","17":"purchasable","18":"product-type-simple"},"acf":[],"yoast_head":"<!-- This site is optimized with the Yoast SEO plugin v25.5 - https:\/\/yoast.com\/wordpress\/plugins\/seo\/ -->\n<title>Arbosana - P\u00c9PINIERE NOUR DU CENTRE<\/title>\n<meta name=\"robots\" content=\"index, follow, max-snippet:-1, max-image-preview:large, max-video-preview:-1\" \/>\n<link rel=\"canonical\" href=\"http:\/\/pepiniere-nour.com\/ar\/product\/arbosana\/\" \/>\n<meta property=\"og:locale\" content=\"ar_AR\" \/>\n<meta property=\"og:type\" content=\"article\" \/>\n<meta property=\"og:title\" content=\"Arbosana - P\u00c9PINIERE NOUR DU CENTRE\" \/>\n<meta property=\"og:description\" content=\"Pr\u00e9sentation g\u00e9n\u00e9rale Origine : village de l&#039;Arbo\u00e7 , r\u00e9gion de Tarragone, Espagne. Vari\u00e9t\u00e9 tr\u00e8s adapt\u00e9e au syst\u00e8me intensif et super intensif. Il se distingue par sa faible vigueur et sa croissance v\u00e9g\u00e9tative limit\u00e9e. Entr\u00e9e pr\u00e9coce dans la production et productivit\u00e9 tr\u00e8s \u00e9lev\u00e9e et constante. La maturation est trois semaines plus tard que dans l&#039;Arbequina. R\u00e9sistant aux repoussements et faible r\u00e9sistance au froid. Huile Teneur en huile : 19-20% Teneur en acide gras : Acide palmitique: 13.52% &amp; Acide ol\u00e9ique: 62.1%\" \/>\n<meta property=\"og:url\" content=\"http:\/\/pepiniere-nour.com\/ar\/product\/arbosana\/\" \/>\n<meta property=\"og:site_name\" content=\"P\u00c9PINIERE NOUR DU CENTRE\" \/>\n<meta property=\"article:modified_time\" content=\"2024-05-15T12:12:51+00:00\" \/>\n<meta property=\"og:image\" content=\"https:\/\/pepiniere-nour.com\/wp-content\/uploads\/2024\/03\/Arbosana-scaled.jpeg\" \/>\n\t<meta property=\"og:image:width\" content=\"1920\" \/>\n\t<meta property=\"og:image:height\" content=\"2560\" \/>\n\t<meta property=\"og:image:type\" content=\"image\/jpeg\" \/>\n<meta name=\"twitter:card\" content=\"summary_large_image\" \/>\n<meta name=\"twitter:label1\" content=\"\u0648\u0642\u062a \u0627\u0644\u0642\u0631\u0627\u0621\u0629 \u0627\u0644\u0645\u064f\u0642\u062f\u0651\u0631\" \/>\n\t<meta name=\"twitter:data1\" content=\"\u062f\u0642\u064a\u0642\u0629 \u0648\u0627\u062d\u062f\u0629\" \/>\n<script type=\"application\/ld+json\" class=\"yoast-schema-graph\">{\"@context\":\"https:\/\/schema.org\",\"@graph\":[{\"@type\":\"WebPage\",\"@id\":\"https:\/\/pepiniere-nour.com\/produit\/arbosana\",\"url\":\"https:\/\/pepiniere-nour.com\/produit\/arbosana\",\"name\":\"Arbosana - P\u00c9PINIERE NOUR DU CENTRE\",\"isPartOf\":{\"@id\":\"https:\/\/pepiniere-nour.com\/#website\"},\"primaryImageOfPage\":{\"@id\":\"https:\/\/pepiniere-nour.com\/produit\/arbosana#primaryimage\"},\"image\":{\"@id\":\"https:\/\/pepiniere-nour.com\/produit\/arbosana#primaryimage\"},\"thumbnailUrl\":\"https:\/\/pepiniere-nour.com\/wp-content\/uploads\/2024\/03\/Arbosana-scaled.jpeg\",\"datePublished\":\"2024-03-20T22:42:01+00:00\",\"dateModified\":\"2024-05-15T12:12:51+00:00\",\"breadcrumb\":{\"@id\":\"https:\/\/pepiniere-nour.com\/produit\/arbosana#breadcrumb\"},\"inLanguage\":\"ar\",\"potentialAction\":[{\"@type\":\"ReadAction\",\"target\":[\"https:\/\/pepiniere-nour.com\/produit\/arbosana\"]}]},{\"@type\":\"ImageObject\",\"inLanguage\":\"ar\",\"@id\":\"https:\/\/pepiniere-nour.com\/produit\/arbosana#primaryimage\",\"url\":\"https:\/\/pepiniere-nour.com\/wp-content\/uploads\/2024\/03\/Arbosana-scaled.jpeg\",\"contentUrl\":\"https:\/\/pepiniere-nour.com\/wp-content\/uploads\/2024\/03\/Arbosana-scaled.jpeg\",\"width\":1920,\"height\":2560,\"caption\":\"Arbosana\"},{\"@type\":\"BreadcrumbList\",\"@id\":\"https:\/\/pepiniere-nour.com\/produit\/arbosana#breadcrumb\",\"itemListElement\":[{\"@type\":\"ListItem\",\"position\":1,\"name\":\"Accueil\",\"item\":\"https:\/\/pepiniere-nour.com\/\"},{\"@type\":\"ListItem\",\"position\":2,\"name\":\"Boutique\",\"item\":\"https:\/\/pepiniere-nour.com\/boutique\"},{\"@type\":\"ListItem\",\"position\":3,\"name\":\"Arbosana\"}]},{\"@type\":\"WebSite\",\"@id\":\"https:\/\/pepiniere-nour.com\/#website\",\"url\":\"https:\/\/pepiniere-nour.com\/\",\"name\":\"P\u00c9PINIERE NOUR DU CENTRE\",\"description\":\"P\u00c9PINIERE NOUR DU CENTRE\",\"publisher\":{\"@id\":\"https:\/\/pepiniere-nour.com\/#organization\"},\"potentialAction\":[{\"@type\":\"SearchAction\",\"target\":{\"@type\":\"EntryPoint\",\"urlTemplate\":\"https:\/\/pepiniere-nour.com\/?s={search_term_string}\"},\"query-input\":{\"@type\":\"PropertyValueSpecification\",\"valueRequired\":true,\"valueName\":\"search_term_string\"}}],\"inLanguage\":\"ar\"},{\"@type\":\"Organization\",\"@id\":\"https:\/\/pepiniere-nour.com\/#organization\",\"name\":\"P\u00c9PINIERE NOUR DU CENTRE\",\"url\":\"https:\/\/pepiniere-nour.com\/\",\"logo\":{\"@type\":\"ImageObject\",\"inLanguage\":\"ar\",\"@id\":\"https:\/\/pepiniere-nour.com\/#\/schema\/logo\/image\/\",\"url\":\"https:\/\/pepiniere-nour.com\/wp-content\/uploads\/2024\/03\/Remove-bg.ai_1709804773648.png\",\"contentUrl\":\"https:\/\/pepiniere-nour.com\/wp-content\/uploads\/2024\/03\/Remove-bg.ai_1709804773648.png\",\"width\":1199,\"height\":1199,\"caption\":\"P\u00c9PINIERE NOUR DU CENTRE\"},\"image\":{\"@id\":\"https:\/\/pepiniere-nour.com\/#\/schema\/logo\/image\/\"}}]}<\/script>\n<!-- \/ Yoast SEO plugin. -->","yoast_head_json":{"title":"Arbosana - P\u00c9PINIERE NOUR DU CENTRE","robots":{"index":"index","follow":"follow","max-snippet":"max-snippet:-1","max-image-preview":"max-image-preview:large","max-video-preview":"max-video-preview:-1"},"canonical":"http:\/\/pepiniere-nour.com\/ar\/product\/arbosana\/","og_locale":"ar_AR","og_type":"article","og_title":"Arbosana - P\u00c9PINIERE NOUR DU CENTRE","og_description":"Pr\u00e9sentation g\u00e9n\u00e9rale Origine : village de l'Arbo\u00e7 , r\u00e9gion de Tarragone, Espagne. Vari\u00e9t\u00e9 tr\u00e8s adapt\u00e9e au syst\u00e8me intensif et super intensif. Il se distingue par sa faible vigueur et sa croissance v\u00e9g\u00e9tative limit\u00e9e. Entr\u00e9e pr\u00e9coce dans la production et productivit\u00e9 tr\u00e8s \u00e9lev\u00e9e et constante. La maturation est trois semaines plus tard que dans l'Arbequina. R\u00e9sistant aux repoussements et faible r\u00e9sistance au froid. Huile Teneur en huile : 19-20% Teneur en acide gras : Acide palmitique: 13.52% &amp; Acide ol\u00e9ique: 62.1%","og_url":"http:\/\/pepiniere-nour.com\/ar\/product\/arbosana\/","og_site_name":"P\u00c9PINIERE NOUR DU CENTRE","article_modified_time":"2024-05-15T12:12:51+00:00","og_image":[{"width":1920,"height":2560,"url":"https:\/\/pepiniere-nour.com\/wp-content\/uploads\/2024\/03\/Arbosana-scaled.jpeg","type":"image\/jpeg"}],"twitter_card":"summary_large_image","twitter_misc":{"\u0648\u0642\u062a \u0627\u0644\u0642\u0631\u0627\u0621\u0629 \u0627\u0644\u0645\u064f\u0642\u062f\u0651\u0631":"\u062f\u0642\u064a\u0642\u0629 \u0648\u0627\u062d\u062f\u0629"},"schema":{"@context":"https:\/\/schema.org","@graph":[{"@type":"WebPage","@id":"https:\/\/pepiniere-nour.com\/produit\/arbosana","url":"https:\/\/pepiniere-nour.com\/produit\/arbosana","name":"Arbosana - P\u00c9PINIERE NOUR DU CENTRE","isPartOf":{"@id":"https:\/\/pepiniere-nour.com\/#website"},"primaryImageOfPage":{"@id":"https:\/\/pepiniere-nour.com\/produit\/arbosana#primaryimage"},"image":{"@id":"https:\/\/pepiniere-nour.com\/produit\/arbosana#primaryimage"},"thumbnailUrl":"https:\/\/pepiniere-nour.com\/wp-content\/uploads\/2024\/03\/Arbosana-scaled.jpeg","datePublished":"2024-03-20T22:42:01+00:00","dateModified":"2024-05-15T12:12:51+00:00","breadcrumb":{"@id":"https:\/\/pepiniere-nour.com\/produit\/arbosana#breadcrumb"},"inLanguage":"ar","potentialAction":[{"@type":"ReadAction","target":["https:\/\/pepiniere-nour.com\/produit\/arbosana"]}]},{"@type":"ImageObject","inLanguage":"ar","@id":"https:\/\/pepiniere-nour.com\/produit\/arbosana#primaryimage","url":"https:\/\/pepiniere-nour.com\/wp-content\/uploads\/2024\/03\/Arbosana-scaled.jpeg","contentUrl":"https:\/\/pepiniere-nour.com\/wp-content\/uploads\/2024\/03\/Arbosana-scaled.jpeg","width":1920,"height":2560,"caption":"Arbosana"},{"@type":"BreadcrumbList","@id":"https:\/\/pepiniere-nour.com\/produit\/arbosana#breadcrumb","itemListElement":[{"@type":"ListItem","position":1,"name":"Accueil","item":"https:\/\/pepiniere-nour.com\/"},{"@type":"ListItem","position":2,"name":"Boutique","item":"https:\/\/pepiniere-nour.com\/boutique"},{"@type":"ListItem","position":3,"name":"Arbosana"}]},{"@type":"WebSite","@id":"https:\/\/pepiniere-nour.com\/#website","url":"https:\/\/pepiniere-nour.com\/","name":"P\u00c9PINIERE NOUR DU CENTRE","description":"P\u00c9PINIERE NOUR DU CENTRE","publisher":{"@id":"https:\/\/pepiniere-nour.com\/#organization"},"potentialAction":[{"@type":"SearchAction","target":{"@type":"EntryPoint","urlTemplate":"https:\/\/pepiniere-nour.com\/?s={search_term_string}"},"query-input":{"@type":"PropertyValueSpecification","valueRequired":true,"valueName":"search_term_string"}}],"inLanguage":"ar"},{"@type":"Organization","@id":"https:\/\/pepiniere-nour.com\/#organization","name":"P\u00c9PINIERE NOUR DU CENTRE","url":"https:\/\/pepiniere-nour.com\/","logo":{"@type":"ImageObject","inLanguage":"ar","@id":"https:\/\/pepiniere-nour.com\/#\/schema\/logo\/image\/","url":"https:\/\/pepiniere-nour.com\/wp-content\/uploads\/2024\/03\/Remove-bg.ai_1709804773648.png","contentUrl":"https:\/\/pepiniere-nour.com\/wp-content\/uploads\/2024\/03\/Remove-bg.ai_1709804773648.png","width":1199,"height":1199,"caption":"P\u00c9PINIERE NOUR DU CENTRE"},"image":{"@id":"https:\/\/pepiniere-nour.com\/#\/schema\/logo\/image\/"}}]}},"_links":{"self":[{"href":"http:\/\/pepiniere-nour.com\/ar\/wp-json\/wp\/v2\/product\/947","targetHints":{"allow":["GET"]}}],"collection":[{"href":"http:\/\/pepiniere-nour.com\/ar\/wp-json\/wp\/v2\/product"}],"about":[{"href":"http:\/\/pepiniere-nour.com\/ar\/wp-json\/wp\/v2\/types\/product"}],"wp:featuredmedia":[{"embeddable":true,"href":"http:\/\/pepiniere-nour.com\/ar\/wp-json\/wp\/v2\/media\/2683"}],"wp:attachment":[{"href":"http:\/\/pepiniere-nour.com\/ar\/wp-json\/wp\/v2\/media?parent=947"}],"wp:term":[{"taxonomy":"product_brand","embeddable":true,"href":"http:\/\/pepiniere-nour.com\/ar\/wp-json\/wp\/v2\/product_brand?post=947"},{"taxonomy":"product_cat","embeddable":true,"href":"http:\/\/pepiniere-nour.com\/ar\/wp-json\/wp\/v2\/product_cat?post=947"},{"taxonomy":"product_tag","embeddable":true,"href":"http:\/\/pepiniere-nour.com\/ar\/wp-json\/wp\/v2\/product_tag?post=947"}],"curies":[{"name":"wp","href":"https:\/\/api.w.org\/{rel}","templated":true}]}}