{"id":945,"date":"2024-03-20T22:41:43","date_gmt":"2024-03-20T22:41:43","guid":{"rendered":"https:\/\/pepiniere-nour.com\/?post_type=product&#038;p=945"},"modified":"2024-08-26T10:48:00","modified_gmt":"2024-08-26T10:48:00","slug":"sayali","status":"publish","type":"product","link":"http:\/\/pepiniere-nour.com\/ar\/product\/sayali","title":{"rendered":"\u0633\u0627\u064a\u0627\u0644\u064a"},"content":{"rendered":"","protected":false},"excerpt":{"rendered":"<h4>\u0635\u0646\u0641 \u0633\u064a\u0627\u0644\u064a: \u0627\u0644\u0623\u0635\u0644 \u0648\u0627\u0644\u0627\u0633\u062a\u062e\u062f\u0627\u0645<\/h4>\n<p>La vari\u00e9t\u00e9 Sayali, originaire du Cap Bon en Tunisie, est largement cultiv\u00e9e dans les r\u00e9gions du Cap Bon et de Tbourba. Elle est utilis\u00e9e \u00e0 double fin, tant pour la consommation d&rsquo;olives de table que pour la production d&rsquo;huile.<\/p>\n<h4>\u0627\u0644\u062e\u0635\u0627\u0626\u0635 \u0627\u0644\u0632\u0631\u0627\u0639\u064a\u0629 \u0648\u062a\u0648\u0627\u0641\u0631 \u0627\u0644\u0646\u0628\u0627\u062a\u0627\u062a<\/h4>\n<p>Cette vari\u00e9t\u00e9 se distingue par une entr\u00e9e en production, une maturation et une floraison pr\u00e9coces, avec une production moyenne. Les fruits sont g\u00e9n\u00e9ralement isol\u00e9s. Pour les cultivateurs, les plants d&rsquo;olivier de la vari\u00e9t\u00e9 Sayali sont disponibles en diff\u00e9rentes hauteurs : en godet, plus de 30 cm, en sachet, plus de 50 cm ou en pot plus de 1 m\u00e8tre.<\/p>","protected":false},"featured_media":2609,"template":"","meta":{"_acf_changed":false},"product_brand":[],"product_cat":[33,37,32],"product_tag":[24,35,25,26,27],"class_list":{"0":"post-945","1":"product","2":"type-product","3":"status-publish","4":"has-post-thumbnail","6":"product_cat-olivier-a-huile","7":"product_cat-oliviers-a-double-fin","8":"product_cat-plants-doliviers","9":"product_tag-equipment","10":"product_tag-etranger","11":"product_tag-garden","12":"product_tag-plants","13":"product_tag-tools","15":"first","16":"instock","17":"shipping-taxable","18":"purchasable","19":"product-type-simple"},"acf":[],"yoast_head":"<!-- This site is optimized with the Yoast SEO plugin v25.5 - https:\/\/yoast.com\/wordpress\/plugins\/seo\/ -->\n<title>Sayali - P\u00c9PINIERE NOUR DU CENTRE<\/title>\n<meta name=\"robots\" content=\"index, follow, max-snippet:-1, max-image-preview:large, max-video-preview:-1\" \/>\n<link rel=\"canonical\" href=\"http:\/\/pepiniere-nour.com\/ar\/product\/sayali\/\" \/>\n<meta property=\"og:locale\" content=\"ar_AR\" \/>\n<meta property=\"og:type\" content=\"article\" \/>\n<meta property=\"og:title\" content=\"Sayali - P\u00c9PINIERE NOUR DU CENTRE\" \/>\n<meta property=\"og:description\" content=\"Vari\u00e9t\u00e9 Sayali : Origine et Utilisation  La vari\u00e9t\u00e9 Sayali, originaire du Cap Bon en Tunisie, est largement cultiv\u00e9e dans les r\u00e9gions du Cap Bon et de Tbourba. Elle est utilis\u00e9e \u00e0 double fin, tant pour la consommation d&#039;olives de table que pour la production d&#039;huile.  Caract\u00e9ristiques Agronomiques et Disponibilit\u00e9 des Plants  Cette vari\u00e9t\u00e9 se distingue par une entr\u00e9e en production, une maturation et une floraison pr\u00e9coces, avec une production moyenne. Les fruits sont g\u00e9n\u00e9ralement isol\u00e9s. Pour les cultivateurs, les plants d&#039;olivier de la vari\u00e9t\u00e9 Sayali sont disponibles en diff\u00e9rentes hauteurs : en godet, plus de 30 cm, en sachet, plus de 50 cm ou en pot plus de 1 m\u00e8tre.\" \/>\n<meta property=\"og:url\" content=\"http:\/\/pepiniere-nour.com\/ar\/product\/sayali\/\" \/>\n<meta property=\"og:site_name\" content=\"P\u00c9PINIERE NOUR DU CENTRE\" \/>\n<meta property=\"article:modified_time\" content=\"2024-08-26T10:48:00+00:00\" \/>\n<meta property=\"og:image\" content=\"https:\/\/pepiniere-nour.com\/wp-content\/uploads\/2024\/03\/image00026-scaled.jpeg\" \/>\n\t<meta property=\"og:image:width\" content=\"1920\" \/>\n\t<meta property=\"og:image:height\" content=\"2560\" \/>\n\t<meta property=\"og:image:type\" content=\"image\/jpeg\" \/>\n<meta name=\"twitter:card\" content=\"summary_large_image\" \/>\n<meta name=\"twitter:label1\" content=\"\u0648\u0642\u062a \u0627\u0644\u0642\u0631\u0627\u0621\u0629 \u0627\u0644\u0645\u064f\u0642\u062f\u0651\u0631\" \/>\n\t<meta name=\"twitter:data1\" content=\"\u062f\u0642\u064a\u0642\u0629 \u0648\u0627\u062d\u062f\u0629\" \/>\n<script type=\"application\/ld+json\" class=\"yoast-schema-graph\">{\"@context\":\"https:\/\/schema.org\",\"@graph\":[{\"@type\":\"WebPage\",\"@id\":\"https:\/\/pepiniere-nour.com\/produit\/sayali\",\"url\":\"https:\/\/pepiniere-nour.com\/produit\/sayali\",\"name\":\"Sayali - P\u00c9PINIERE NOUR DU CENTRE\",\"isPartOf\":{\"@id\":\"https:\/\/pepiniere-nour.com\/#website\"},\"primaryImageOfPage\":{\"@id\":\"https:\/\/pepiniere-nour.com\/produit\/sayali#primaryimage\"},\"image\":{\"@id\":\"https:\/\/pepiniere-nour.com\/produit\/sayali#primaryimage\"},\"thumbnailUrl\":\"https:\/\/pepiniere-nour.com\/wp-content\/uploads\/2024\/03\/image00026-scaled.jpeg\",\"datePublished\":\"2024-03-20T22:41:43+00:00\",\"dateModified\":\"2024-08-26T10:48:00+00:00\",\"breadcrumb\":{\"@id\":\"https:\/\/pepiniere-nour.com\/produit\/sayali#breadcrumb\"},\"inLanguage\":\"ar\",\"potentialAction\":[{\"@type\":\"ReadAction\",\"target\":[\"https:\/\/pepiniere-nour.com\/produit\/sayali\"]}]},{\"@type\":\"ImageObject\",\"inLanguage\":\"ar\",\"@id\":\"https:\/\/pepiniere-nour.com\/produit\/sayali#primaryimage\",\"url\":\"https:\/\/pepiniere-nour.com\/wp-content\/uploads\/2024\/03\/image00026-scaled.jpeg\",\"contentUrl\":\"https:\/\/pepiniere-nour.com\/wp-content\/uploads\/2024\/03\/image00026-scaled.jpeg\",\"width\":1920,\"height\":2560,\"caption\":\"Plants d'oliviers Sayali\"},{\"@type\":\"BreadcrumbList\",\"@id\":\"https:\/\/pepiniere-nour.com\/produit\/sayali#breadcrumb\",\"itemListElement\":[{\"@type\":\"ListItem\",\"position\":1,\"name\":\"Accueil\",\"item\":\"https:\/\/pepiniere-nour.com\/\"},{\"@type\":\"ListItem\",\"position\":2,\"name\":\"Boutique\",\"item\":\"https:\/\/pepiniere-nour.com\/boutique\"},{\"@type\":\"ListItem\",\"position\":3,\"name\":\"Sayali\"}]},{\"@type\":\"WebSite\",\"@id\":\"https:\/\/pepiniere-nour.com\/#website\",\"url\":\"https:\/\/pepiniere-nour.com\/\",\"name\":\"P\u00c9PINIERE NOUR DU CENTRE\",\"description\":\"P\u00c9PINIERE NOUR DU CENTRE\",\"publisher\":{\"@id\":\"https:\/\/pepiniere-nour.com\/#organization\"},\"potentialAction\":[{\"@type\":\"SearchAction\",\"target\":{\"@type\":\"EntryPoint\",\"urlTemplate\":\"https:\/\/pepiniere-nour.com\/?s={search_term_string}\"},\"query-input\":{\"@type\":\"PropertyValueSpecification\",\"valueRequired\":true,\"valueName\":\"search_term_string\"}}],\"inLanguage\":\"ar\"},{\"@type\":\"Organization\",\"@id\":\"https:\/\/pepiniere-nour.com\/#organization\",\"name\":\"P\u00c9PINIERE NOUR DU CENTRE\",\"url\":\"https:\/\/pepiniere-nour.com\/\",\"logo\":{\"@type\":\"ImageObject\",\"inLanguage\":\"ar\",\"@id\":\"https:\/\/pepiniere-nour.com\/#\/schema\/logo\/image\/\",\"url\":\"https:\/\/pepiniere-nour.com\/wp-content\/uploads\/2024\/03\/Remove-bg.ai_1709804773648.png\",\"contentUrl\":\"https:\/\/pepiniere-nour.com\/wp-content\/uploads\/2024\/03\/Remove-bg.ai_1709804773648.png\",\"width\":1199,\"height\":1199,\"caption\":\"P\u00c9PINIERE NOUR DU CENTRE\"},\"image\":{\"@id\":\"https:\/\/pepiniere-nour.com\/#\/schema\/logo\/image\/\"}}]}<\/script>\n<!-- \/ Yoast SEO plugin. -->","yoast_head_json":{"title":"Sayali - P\u00c9PINIERE NOUR DU CENTRE","robots":{"index":"index","follow":"follow","max-snippet":"max-snippet:-1","max-image-preview":"max-image-preview:large","max-video-preview":"max-video-preview:-1"},"canonical":"http:\/\/pepiniere-nour.com\/ar\/product\/sayali\/","og_locale":"ar_AR","og_type":"article","og_title":"Sayali - P\u00c9PINIERE NOUR DU CENTRE","og_description":"Vari\u00e9t\u00e9 Sayali : Origine et Utilisation  La vari\u00e9t\u00e9 Sayali, originaire du Cap Bon en Tunisie, est largement cultiv\u00e9e dans les r\u00e9gions du Cap Bon et de Tbourba. Elle est utilis\u00e9e \u00e0 double fin, tant pour la consommation d'olives de table que pour la production d'huile.  Caract\u00e9ristiques Agronomiques et Disponibilit\u00e9 des Plants  Cette vari\u00e9t\u00e9 se distingue par une entr\u00e9e en production, une maturation et une floraison pr\u00e9coces, avec une production moyenne. Les fruits sont g\u00e9n\u00e9ralement isol\u00e9s. Pour les cultivateurs, les plants d'olivier de la vari\u00e9t\u00e9 Sayali sont disponibles en diff\u00e9rentes hauteurs : en godet, plus de 30 cm, en sachet, plus de 50 cm ou en pot plus de 1 m\u00e8tre.","og_url":"http:\/\/pepiniere-nour.com\/ar\/product\/sayali\/","og_site_name":"P\u00c9PINIERE NOUR DU CENTRE","article_modified_time":"2024-08-26T10:48:00+00:00","og_image":[{"width":1920,"height":2560,"url":"https:\/\/pepiniere-nour.com\/wp-content\/uploads\/2024\/03\/image00026-scaled.jpeg","type":"image\/jpeg"}],"twitter_card":"summary_large_image","twitter_misc":{"\u0648\u0642\u062a \u0627\u0644\u0642\u0631\u0627\u0621\u0629 \u0627\u0644\u0645\u064f\u0642\u062f\u0651\u0631":"\u062f\u0642\u064a\u0642\u0629 \u0648\u0627\u062d\u062f\u0629"},"schema":{"@context":"https:\/\/schema.org","@graph":[{"@type":"WebPage","@id":"https:\/\/pepiniere-nour.com\/produit\/sayali","url":"https:\/\/pepiniere-nour.com\/produit\/sayali","name":"Sayali - P\u00c9PINIERE NOUR DU CENTRE","isPartOf":{"@id":"https:\/\/pepiniere-nour.com\/#website"},"primaryImageOfPage":{"@id":"https:\/\/pepiniere-nour.com\/produit\/sayali#primaryimage"},"image":{"@id":"https:\/\/pepiniere-nour.com\/produit\/sayali#primaryimage"},"thumbnailUrl":"https:\/\/pepiniere-nour.com\/wp-content\/uploads\/2024\/03\/image00026-scaled.jpeg","datePublished":"2024-03-20T22:41:43+00:00","dateModified":"2024-08-26T10:48:00+00:00","breadcrumb":{"@id":"https:\/\/pepiniere-nour.com\/produit\/sayali#breadcrumb"},"inLanguage":"ar","potentialAction":[{"@type":"ReadAction","target":["https:\/\/pepiniere-nour.com\/produit\/sayali"]}]},{"@type":"ImageObject","inLanguage":"ar","@id":"https:\/\/pepiniere-nour.com\/produit\/sayali#primaryimage","url":"https:\/\/pepiniere-nour.com\/wp-content\/uploads\/2024\/03\/image00026-scaled.jpeg","contentUrl":"https:\/\/pepiniere-nour.com\/wp-content\/uploads\/2024\/03\/image00026-scaled.jpeg","width":1920,"height":2560,"caption":"Plants d'oliviers Sayali"},{"@type":"BreadcrumbList","@id":"https:\/\/pepiniere-nour.com\/produit\/sayali#breadcrumb","itemListElement":[{"@type":"ListItem","position":1,"name":"Accueil","item":"https:\/\/pepiniere-nour.com\/"},{"@type":"ListItem","position":2,"name":"Boutique","item":"https:\/\/pepiniere-nour.com\/boutique"},{"@type":"ListItem","position":3,"name":"Sayali"}]},{"@type":"WebSite","@id":"https:\/\/pepiniere-nour.com\/#website","url":"https:\/\/pepiniere-nour.com\/","name":"P\u00c9PINIERE NOUR DU CENTRE","description":"P\u00c9PINIERE NOUR DU CENTRE","publisher":{"@id":"https:\/\/pepiniere-nour.com\/#organization"},"potentialAction":[{"@type":"SearchAction","target":{"@type":"EntryPoint","urlTemplate":"https:\/\/pepiniere-nour.com\/?s={search_term_string}"},"query-input":{"@type":"PropertyValueSpecification","valueRequired":true,"valueName":"search_term_string"}}],"inLanguage":"ar"},{"@type":"Organization","@id":"https:\/\/pepiniere-nour.com\/#organization","name":"P\u00c9PINIERE NOUR DU CENTRE","url":"https:\/\/pepiniere-nour.com\/","logo":{"@type":"ImageObject","inLanguage":"ar","@id":"https:\/\/pepiniere-nour.com\/#\/schema\/logo\/image\/","url":"https:\/\/pepiniere-nour.com\/wp-content\/uploads\/2024\/03\/Remove-bg.ai_1709804773648.png","contentUrl":"https:\/\/pepiniere-nour.com\/wp-content\/uploads\/2024\/03\/Remove-bg.ai_1709804773648.png","width":1199,"height":1199,"caption":"P\u00c9PINIERE NOUR DU CENTRE"},"image":{"@id":"https:\/\/pepiniere-nour.com\/#\/schema\/logo\/image\/"}}]}},"_links":{"self":[{"href":"http:\/\/pepiniere-nour.com\/ar\/wp-json\/wp\/v2\/product\/945","targetHints":{"allow":["GET"]}}],"collection":[{"href":"http:\/\/pepiniere-nour.com\/ar\/wp-json\/wp\/v2\/product"}],"about":[{"href":"http:\/\/pepiniere-nour.com\/ar\/wp-json\/wp\/v2\/types\/product"}],"wp:featuredmedia":[{"embeddable":true,"href":"http:\/\/pepiniere-nour.com\/ar\/wp-json\/wp\/v2\/media\/2609"}],"wp:attachment":[{"href":"http:\/\/pepiniere-nour.com\/ar\/wp-json\/wp\/v2\/media?parent=945"}],"wp:term":[{"taxonomy":"product_brand","embeddable":true,"href":"http:\/\/pepiniere-nour.com\/ar\/wp-json\/wp\/v2\/product_brand?post=945"},{"taxonomy":"product_cat","embeddable":true,"href":"http:\/\/pepiniere-nour.com\/ar\/wp-json\/wp\/v2\/product_cat?post=945"},{"taxonomy":"product_tag","embeddable":true,"href":"http:\/\/pepiniere-nour.com\/ar\/wp-json\/wp\/v2\/product_tag?post=945"}],"curies":[{"name":"wp","href":"https:\/\/api.w.org\/{rel}","templated":true}]}}