{"id":826,"date":"2024-03-14T01:47:51","date_gmt":"2024-03-14T01:47:51","guid":{"rendered":"https:\/\/pepiniere-nour.com\/?post_type=product&#038;p=826"},"modified":"2024-08-26T09:11:24","modified_gmt":"2024-08-26T09:11:24","slug":"chemlali-jerba","status":"publish","type":"product","link":"http:\/\/pepiniere-nour.com\/ar\/product\/chemlali-jerba","title":{"rendered":"\u0634\u0645\u0644\u0627\u0644\u064a \u062c\u0631\u0628\u0629"},"content":{"rendered":"","protected":false},"excerpt":{"rendered":"<h4>Vari\u00e9t\u00e9 et Origine de l&rsquo;Olivier Chemlali Jerba<\/h4>\n<p>Originaire de l&rsquo;\u00eele de Jerba en Tunisie, l&rsquo;olivier de la vari\u00e9t\u00e9 Chemlali Jerba est sp\u00e9cifiquement adapt\u00e9 aux conditions de cette r\u00e9gion. Principalement cultiv\u00e9 pour la production d&rsquo;huile, il se distingue par son port dress\u00e9 \u00e0 \u00e9tal\u00e9 et ses caract\u00e9ristiques morphologiques uniques.<\/p>\n<h4>Options de Pr\u00e9sentation pour les Plants d&rsquo;Olivier<\/h4>\n<p>Les plants d&rsquo;olivier Chemlali Jerba sont propos\u00e9s dans une gamme de formats pour convenir aux diff\u00e9rentes pr\u00e9f\u00e9rences des producteurs. Ces options comprennent des plants en godet, avec une hauteur de plus de 30 cm, en sachet, atteignant plus de 50 cm de hauteur, et en pot, d\u00e9passant g\u00e9n\u00e9ralement 1 m\u00e8tre.<\/p>","protected":false},"featured_media":2615,"template":"","meta":{"_acf_changed":false},"product_brand":[],"product_cat":[33,32],"product_tag":[24,35,25,26,27],"class_list":{"0":"post-826","1":"product","2":"type-product","3":"status-publish","4":"has-post-thumbnail","6":"product_cat-olivier-a-huile","7":"product_cat-plants-doliviers","8":"product_tag-equipment","9":"product_tag-etranger","10":"product_tag-garden","11":"product_tag-plants","12":"product_tag-tools","14":"first","15":"instock","16":"shipping-taxable","17":"purchasable","18":"product-type-simple"},"acf":[],"yoast_head":"<!-- This site is optimized with the Yoast SEO plugin v25.5 - https:\/\/yoast.com\/wordpress\/plugins\/seo\/ -->\n<title>Chemlali jerba - P\u00c9PINIERE NOUR DU CENTRE<\/title>\n<meta name=\"robots\" content=\"index, follow, max-snippet:-1, max-image-preview:large, max-video-preview:-1\" \/>\n<link rel=\"canonical\" href=\"http:\/\/pepiniere-nour.com\/ar\/product\/chemlali-jerba\/\" \/>\n<meta property=\"og:locale\" content=\"ar_AR\" \/>\n<meta property=\"og:type\" content=\"article\" \/>\n<meta property=\"og:title\" content=\"Chemlali jerba - P\u00c9PINIERE NOUR DU CENTRE\" \/>\n<meta property=\"og:description\" content=\"Vari\u00e9t\u00e9 et Origine de l&#039;Olivier Chemlali Jerba  Originaire de l&#039;\u00eele de Jerba en Tunisie, l&#039;olivier de la vari\u00e9t\u00e9 Chemlali Jerba est sp\u00e9cifiquement adapt\u00e9 aux conditions de cette r\u00e9gion. Principalement cultiv\u00e9 pour la production d&#039;huile, il se distingue par son port dress\u00e9 \u00e0 \u00e9tal\u00e9 et ses caract\u00e9ristiques morphologiques uniques.  Options de Pr\u00e9sentation pour les Plants d&#039;Olivier  Les plants d&#039;olivier Chemlali Jerba sont propos\u00e9s dans une gamme de formats pour convenir aux diff\u00e9rentes pr\u00e9f\u00e9rences des producteurs. Ces options comprennent des plants en godet, avec une hauteur de plus de 30 cm, en sachet, atteignant plus de 50 cm de hauteur, et en pot, d\u00e9passant g\u00e9n\u00e9ralement 1 m\u00e8tre.\" \/>\n<meta property=\"og:url\" content=\"http:\/\/pepiniere-nour.com\/ar\/product\/chemlali-jerba\/\" \/>\n<meta property=\"og:site_name\" content=\"P\u00c9PINIERE NOUR DU CENTRE\" \/>\n<meta property=\"article:modified_time\" content=\"2024-08-26T09:11:24+00:00\" \/>\n<meta property=\"og:image\" content=\"https:\/\/pepiniere-nour.com\/wp-content\/uploads\/2024\/03\/image00031-scaled.jpeg\" \/>\n\t<meta property=\"og:image:width\" content=\"1920\" \/>\n\t<meta property=\"og:image:height\" content=\"2560\" \/>\n\t<meta property=\"og:image:type\" content=\"image\/jpeg\" \/>\n<meta name=\"twitter:card\" content=\"summary_large_image\" \/>\n<meta name=\"twitter:label1\" content=\"\u0648\u0642\u062a \u0627\u0644\u0642\u0631\u0627\u0621\u0629 \u0627\u0644\u0645\u064f\u0642\u062f\u0651\u0631\" \/>\n\t<meta name=\"twitter:data1\" content=\"\u062f\u0642\u064a\u0642\u0629 \u0648\u0627\u062d\u062f\u0629\" \/>\n<script type=\"application\/ld+json\" class=\"yoast-schema-graph\">{\"@context\":\"https:\/\/schema.org\",\"@graph\":[{\"@type\":\"WebPage\",\"@id\":\"https:\/\/pepiniere-nour.com\/produit\/chemlali-jerba\",\"url\":\"https:\/\/pepiniere-nour.com\/produit\/chemlali-jerba\",\"name\":\"Chemlali jerba - P\u00c9PINIERE NOUR DU CENTRE\",\"isPartOf\":{\"@id\":\"https:\/\/pepiniere-nour.com\/#website\"},\"primaryImageOfPage\":{\"@id\":\"https:\/\/pepiniere-nour.com\/produit\/chemlali-jerba#primaryimage\"},\"image\":{\"@id\":\"https:\/\/pepiniere-nour.com\/produit\/chemlali-jerba#primaryimage\"},\"thumbnailUrl\":\"https:\/\/pepiniere-nour.com\/wp-content\/uploads\/2024\/03\/image00031-scaled.jpeg\",\"datePublished\":\"2024-03-14T01:47:51+00:00\",\"dateModified\":\"2024-08-26T09:11:24+00:00\",\"breadcrumb\":{\"@id\":\"https:\/\/pepiniere-nour.com\/produit\/chemlali-jerba#breadcrumb\"},\"inLanguage\":\"ar\",\"potentialAction\":[{\"@type\":\"ReadAction\",\"target\":[\"https:\/\/pepiniere-nour.com\/produit\/chemlali-jerba\"]}]},{\"@type\":\"ImageObject\",\"inLanguage\":\"ar\",\"@id\":\"https:\/\/pepiniere-nour.com\/produit\/chemlali-jerba#primaryimage\",\"url\":\"https:\/\/pepiniere-nour.com\/wp-content\/uploads\/2024\/03\/image00031-scaled.jpeg\",\"contentUrl\":\"https:\/\/pepiniere-nour.com\/wp-content\/uploads\/2024\/03\/image00031-scaled.jpeg\",\"width\":1920,\"height\":2560,\"caption\":\"Chemlali Djerba\"},{\"@type\":\"BreadcrumbList\",\"@id\":\"https:\/\/pepiniere-nour.com\/produit\/chemlali-jerba#breadcrumb\",\"itemListElement\":[{\"@type\":\"ListItem\",\"position\":1,\"name\":\"Accueil\",\"item\":\"https:\/\/pepiniere-nour.com\/\"},{\"@type\":\"ListItem\",\"position\":2,\"name\":\"Boutique\",\"item\":\"https:\/\/pepiniere-nour.com\/boutique\"},{\"@type\":\"ListItem\",\"position\":3,\"name\":\"Chemlali jerba\"}]},{\"@type\":\"WebSite\",\"@id\":\"https:\/\/pepiniere-nour.com\/#website\",\"url\":\"https:\/\/pepiniere-nour.com\/\",\"name\":\"P\u00c9PINIERE NOUR DU CENTRE\",\"description\":\"P\u00c9PINIERE NOUR DU CENTRE\",\"publisher\":{\"@id\":\"https:\/\/pepiniere-nour.com\/#organization\"},\"potentialAction\":[{\"@type\":\"SearchAction\",\"target\":{\"@type\":\"EntryPoint\",\"urlTemplate\":\"https:\/\/pepiniere-nour.com\/?s={search_term_string}\"},\"query-input\":{\"@type\":\"PropertyValueSpecification\",\"valueRequired\":true,\"valueName\":\"search_term_string\"}}],\"inLanguage\":\"ar\"},{\"@type\":\"Organization\",\"@id\":\"https:\/\/pepiniere-nour.com\/#organization\",\"name\":\"P\u00c9PINIERE NOUR DU CENTRE\",\"url\":\"https:\/\/pepiniere-nour.com\/\",\"logo\":{\"@type\":\"ImageObject\",\"inLanguage\":\"ar\",\"@id\":\"https:\/\/pepiniere-nour.com\/#\/schema\/logo\/image\/\",\"url\":\"https:\/\/pepiniere-nour.com\/wp-content\/uploads\/2024\/03\/Remove-bg.ai_1709804773648.png\",\"contentUrl\":\"https:\/\/pepiniere-nour.com\/wp-content\/uploads\/2024\/03\/Remove-bg.ai_1709804773648.png\",\"width\":1199,\"height\":1199,\"caption\":\"P\u00c9PINIERE NOUR DU CENTRE\"},\"image\":{\"@id\":\"https:\/\/pepiniere-nour.com\/#\/schema\/logo\/image\/\"}}]}<\/script>\n<!-- \/ Yoast SEO plugin. -->","yoast_head_json":{"title":"Chemlali jerba - P\u00c9PINIERE NOUR DU CENTRE","robots":{"index":"index","follow":"follow","max-snippet":"max-snippet:-1","max-image-preview":"max-image-preview:large","max-video-preview":"max-video-preview:-1"},"canonical":"http:\/\/pepiniere-nour.com\/ar\/product\/chemlali-jerba\/","og_locale":"ar_AR","og_type":"article","og_title":"Chemlali jerba - P\u00c9PINIERE NOUR DU CENTRE","og_description":"Vari\u00e9t\u00e9 et Origine de l'Olivier Chemlali Jerba  Originaire de l'\u00eele de Jerba en Tunisie, l'olivier de la vari\u00e9t\u00e9 Chemlali Jerba est sp\u00e9cifiquement adapt\u00e9 aux conditions de cette r\u00e9gion. Principalement cultiv\u00e9 pour la production d'huile, il se distingue par son port dress\u00e9 \u00e0 \u00e9tal\u00e9 et ses caract\u00e9ristiques morphologiques uniques.  Options de Pr\u00e9sentation pour les Plants d'Olivier  Les plants d'olivier Chemlali Jerba sont propos\u00e9s dans une gamme de formats pour convenir aux diff\u00e9rentes pr\u00e9f\u00e9rences des producteurs. Ces options comprennent des plants en godet, avec une hauteur de plus de 30 cm, en sachet, atteignant plus de 50 cm de hauteur, et en pot, d\u00e9passant g\u00e9n\u00e9ralement 1 m\u00e8tre.","og_url":"http:\/\/pepiniere-nour.com\/ar\/product\/chemlali-jerba\/","og_site_name":"P\u00c9PINIERE NOUR DU CENTRE","article_modified_time":"2024-08-26T09:11:24+00:00","og_image":[{"width":1920,"height":2560,"url":"https:\/\/pepiniere-nour.com\/wp-content\/uploads\/2024\/03\/image00031-scaled.jpeg","type":"image\/jpeg"}],"twitter_card":"summary_large_image","twitter_misc":{"\u0648\u0642\u062a \u0627\u0644\u0642\u0631\u0627\u0621\u0629 \u0627\u0644\u0645\u064f\u0642\u062f\u0651\u0631":"\u062f\u0642\u064a\u0642\u0629 \u0648\u0627\u062d\u062f\u0629"},"schema":{"@context":"https:\/\/schema.org","@graph":[{"@type":"WebPage","@id":"https:\/\/pepiniere-nour.com\/produit\/chemlali-jerba","url":"https:\/\/pepiniere-nour.com\/produit\/chemlali-jerba","name":"Chemlali jerba - P\u00c9PINIERE NOUR DU CENTRE","isPartOf":{"@id":"https:\/\/pepiniere-nour.com\/#website"},"primaryImageOfPage":{"@id":"https:\/\/pepiniere-nour.com\/produit\/chemlali-jerba#primaryimage"},"image":{"@id":"https:\/\/pepiniere-nour.com\/produit\/chemlali-jerba#primaryimage"},"thumbnailUrl":"https:\/\/pepiniere-nour.com\/wp-content\/uploads\/2024\/03\/image00031-scaled.jpeg","datePublished":"2024-03-14T01:47:51+00:00","dateModified":"2024-08-26T09:11:24+00:00","breadcrumb":{"@id":"https:\/\/pepiniere-nour.com\/produit\/chemlali-jerba#breadcrumb"},"inLanguage":"ar","potentialAction":[{"@type":"ReadAction","target":["https:\/\/pepiniere-nour.com\/produit\/chemlali-jerba"]}]},{"@type":"ImageObject","inLanguage":"ar","@id":"https:\/\/pepiniere-nour.com\/produit\/chemlali-jerba#primaryimage","url":"https:\/\/pepiniere-nour.com\/wp-content\/uploads\/2024\/03\/image00031-scaled.jpeg","contentUrl":"https:\/\/pepiniere-nour.com\/wp-content\/uploads\/2024\/03\/image00031-scaled.jpeg","width":1920,"height":2560,"caption":"Chemlali Djerba"},{"@type":"BreadcrumbList","@id":"https:\/\/pepiniere-nour.com\/produit\/chemlali-jerba#breadcrumb","itemListElement":[{"@type":"ListItem","position":1,"name":"Accueil","item":"https:\/\/pepiniere-nour.com\/"},{"@type":"ListItem","position":2,"name":"Boutique","item":"https:\/\/pepiniere-nour.com\/boutique"},{"@type":"ListItem","position":3,"name":"Chemlali jerba"}]},{"@type":"WebSite","@id":"https:\/\/pepiniere-nour.com\/#website","url":"https:\/\/pepiniere-nour.com\/","name":"P\u00c9PINIERE NOUR DU CENTRE","description":"P\u00c9PINIERE NOUR DU CENTRE","publisher":{"@id":"https:\/\/pepiniere-nour.com\/#organization"},"potentialAction":[{"@type":"SearchAction","target":{"@type":"EntryPoint","urlTemplate":"https:\/\/pepiniere-nour.com\/?s={search_term_string}"},"query-input":{"@type":"PropertyValueSpecification","valueRequired":true,"valueName":"search_term_string"}}],"inLanguage":"ar"},{"@type":"Organization","@id":"https:\/\/pepiniere-nour.com\/#organization","name":"P\u00c9PINIERE NOUR DU CENTRE","url":"https:\/\/pepiniere-nour.com\/","logo":{"@type":"ImageObject","inLanguage":"ar","@id":"https:\/\/pepiniere-nour.com\/#\/schema\/logo\/image\/","url":"https:\/\/pepiniere-nour.com\/wp-content\/uploads\/2024\/03\/Remove-bg.ai_1709804773648.png","contentUrl":"https:\/\/pepiniere-nour.com\/wp-content\/uploads\/2024\/03\/Remove-bg.ai_1709804773648.png","width":1199,"height":1199,"caption":"P\u00c9PINIERE NOUR DU CENTRE"},"image":{"@id":"https:\/\/pepiniere-nour.com\/#\/schema\/logo\/image\/"}}]}},"_links":{"self":[{"href":"http:\/\/pepiniere-nour.com\/ar\/wp-json\/wp\/v2\/product\/826","targetHints":{"allow":["GET"]}}],"collection":[{"href":"http:\/\/pepiniere-nour.com\/ar\/wp-json\/wp\/v2\/product"}],"about":[{"href":"http:\/\/pepiniere-nour.com\/ar\/wp-json\/wp\/v2\/types\/product"}],"wp:featuredmedia":[{"embeddable":true,"href":"http:\/\/pepiniere-nour.com\/ar\/wp-json\/wp\/v2\/media\/2615"}],"wp:attachment":[{"href":"http:\/\/pepiniere-nour.com\/ar\/wp-json\/wp\/v2\/media?parent=826"}],"wp:term":[{"taxonomy":"product_brand","embeddable":true,"href":"http:\/\/pepiniere-nour.com\/ar\/wp-json\/wp\/v2\/product_brand?post=826"},{"taxonomy":"product_cat","embeddable":true,"href":"http:\/\/pepiniere-nour.com\/ar\/wp-json\/wp\/v2\/product_cat?post=826"},{"taxonomy":"product_tag","embeddable":true,"href":"http:\/\/pepiniere-nour.com\/ar\/wp-json\/wp\/v2\/product_tag?post=826"}],"curies":[{"name":"wp","href":"https:\/\/api.w.org\/{rel}","templated":true}]}}