{"id":1030,"date":"2024-03-20T23:03:08","date_gmt":"2024-03-20T23:03:08","guid":{"rendered":"https:\/\/pepiniere-nour.com\/?post_type=product&#038;p=1030"},"modified":"2024-05-20T21:48:14","modified_gmt":"2024-05-20T21:48:14","slug":"garnem","status":"publish","type":"product","link":"http:\/\/pepiniere-nour.com\/ar\/product\/garnem","title":{"rendered":"Garnem"},"content":{"rendered":"","protected":false},"excerpt":{"rendered":"<p><strong>\u0627\u0644\u0623\u0635\u0644 \u0648\u0627\u0644\u062a\u0643\u0648\u064a\u0646<\/strong><\/p>\n<p>Le Garnem, issu de l&rsquo;hybridation entre le Prunus persica (p\u00eacher) et le Prunus amygdalus (amandier), allie harmonieusement les meilleures qualit\u00e9s de ses parents, offrant ainsi un potentiel fruitier exceptionnel.<\/p>\n<p><strong>\u0627\u0644\u0646\u0634\u0627\u0637 \u0648\u0627\u0644\u0625\u0646\u062a\u0627\u062c\u064a\u0629<\/strong><\/p>\n<p>Dot\u00e9 d&rsquo;une vigueur \u00e9lev\u00e9e, le Garnem pr\u00e9sente une mise \u00e0 fruit de moyenne \u00e0 bonne, assurant des r\u00e9coltes g\u00e9n\u00e9reuses. Sa r\u00e9sistance remarquable \u00e0 l&rsquo;asphyxie, aux chloroses et aux n\u00e9matodes en fait un choix robuste pour les vergers diversifi\u00e9s.<\/p>\n<p><strong>\u0645\u0632\u0627\u064a\u0627 \u0625\u0636\u0627\u0641\u064a\u0629 \u0648\u0627\u0644\u062a\u0648\u0627\u0641\u0642<\/strong><\/p>\n<p>Reconnaissable \u00e0 ses feuilles rouges distinctives, le Garnem est \u00e9galement tol\u00e9rant \u00e0 la salinit\u00e9. Il s&rsquo;associe harmonieusement avec l&rsquo;amandier, le p\u00eacher et le nectarinier, offrant ainsi une polyvalence appr\u00e9ciable dans les pratiques culturales.<\/p>","protected":false},"featured_media":2541,"template":"","meta":{"_acf_changed":false},"product_brand":[],"product_cat":[58],"product_tag":[24,35,25,26,27],"class_list":{"0":"post-1030","1":"product","2":"type-product","3":"status-publish","4":"has-post-thumbnail","6":"product_cat-portes-greffes","7":"product_tag-equipment","8":"product_tag-etranger","9":"product_tag-garden","10":"product_tag-plants","11":"product_tag-tools","13":"first","14":"instock","15":"shipping-taxable","16":"purchasable","17":"product-type-simple"},"acf":[],"yoast_head":"<!-- This site is optimized with the Yoast SEO plugin v25.5 - https:\/\/yoast.com\/wordpress\/plugins\/seo\/ -->\n<title>Garnem - P\u00c9PINIERE NOUR DU CENTRE<\/title>\n<meta name=\"robots\" content=\"index, follow, max-snippet:-1, max-image-preview:large, max-video-preview:-1\" \/>\n<link rel=\"canonical\" href=\"http:\/\/pepiniere-nour.com\/ar\/product\/garnem\/\" \/>\n<meta property=\"og:locale\" content=\"ar_AR\" \/>\n<meta property=\"og:type\" content=\"article\" \/>\n<meta property=\"og:title\" content=\"Garnem - P\u00c9PINIERE NOUR DU CENTRE\" \/>\n<meta property=\"og:description\" content=\"Origine et Composition  Le Garnem, issu de l&#039;hybridation entre le Prunus persica (p\u00eacher) et le Prunus amygdalus (amandier), allie harmonieusement les meilleures qualit\u00e9s de ses parents, offrant ainsi un potentiel fruitier exceptionnel.  Vigueur et Productivit\u00e9  Dot\u00e9 d&#039;une vigueur \u00e9lev\u00e9e, le Garnem pr\u00e9sente une mise \u00e0 fruit de moyenne \u00e0 bonne, assurant des r\u00e9coltes g\u00e9n\u00e9reuses. Sa r\u00e9sistance remarquable \u00e0 l&#039;asphyxie, aux chloroses et aux n\u00e9matodes en fait un choix robuste pour les vergers diversifi\u00e9s.  Atouts Additionnels et Compatibilit\u00e9  Reconnaissable \u00e0 ses feuilles rouges distinctives, le Garnem est \u00e9galement tol\u00e9rant \u00e0 la salinit\u00e9. Il s&#039;associe harmonieusement avec l&#039;amandier, le p\u00eacher et le nectarinier, offrant ainsi une polyvalence appr\u00e9ciable dans les pratiques culturales.\" \/>\n<meta property=\"og:url\" content=\"http:\/\/pepiniere-nour.com\/ar\/product\/garnem\/\" \/>\n<meta property=\"og:site_name\" content=\"P\u00c9PINIERE NOUR DU CENTRE\" \/>\n<meta property=\"article:modified_time\" content=\"2024-05-20T21:48:14+00:00\" \/>\n<meta property=\"og:image\" content=\"https:\/\/pepiniere-nour.com\/wp-content\/uploads\/2024\/03\/Plants-Portes-greffes.jpg\" \/>\n\t<meta property=\"og:image:width\" content=\"570\" \/>\n\t<meta property=\"og:image:height\" content=\"380\" \/>\n\t<meta property=\"og:image:type\" content=\"image\/jpeg\" \/>\n<meta name=\"twitter:card\" content=\"summary_large_image\" \/>\n<meta name=\"twitter:label1\" content=\"\u0648\u0642\u062a \u0627\u0644\u0642\u0631\u0627\u0621\u0629 \u0627\u0644\u0645\u064f\u0642\u062f\u0651\u0631\" \/>\n\t<meta name=\"twitter:data1\" content=\"\u062f\u0642\u064a\u0642\u0629 \u0648\u0627\u062d\u062f\u0629\" \/>\n<script type=\"application\/ld+json\" class=\"yoast-schema-graph\">{\"@context\":\"https:\/\/schema.org\",\"@graph\":[{\"@type\":\"WebPage\",\"@id\":\"https:\/\/pepiniere-nour.com\/produit\/garnem\",\"url\":\"https:\/\/pepiniere-nour.com\/produit\/garnem\",\"name\":\"Garnem - P\u00c9PINIERE NOUR DU CENTRE\",\"isPartOf\":{\"@id\":\"https:\/\/pepiniere-nour.com\/#website\"},\"primaryImageOfPage\":{\"@id\":\"https:\/\/pepiniere-nour.com\/produit\/garnem#primaryimage\"},\"image\":{\"@id\":\"https:\/\/pepiniere-nour.com\/produit\/garnem#primaryimage\"},\"thumbnailUrl\":\"https:\/\/pepiniere-nour.com\/wp-content\/uploads\/2024\/03\/Plants-Portes-greffes.jpg\",\"datePublished\":\"2024-03-20T23:03:08+00:00\",\"dateModified\":\"2024-05-20T21:48:14+00:00\",\"breadcrumb\":{\"@id\":\"https:\/\/pepiniere-nour.com\/produit\/garnem#breadcrumb\"},\"inLanguage\":\"ar\",\"potentialAction\":[{\"@type\":\"ReadAction\",\"target\":[\"https:\/\/pepiniere-nour.com\/produit\/garnem\"]}]},{\"@type\":\"ImageObject\",\"inLanguage\":\"ar\",\"@id\":\"https:\/\/pepiniere-nour.com\/produit\/garnem#primaryimage\",\"url\":\"https:\/\/pepiniere-nour.com\/wp-content\/uploads\/2024\/03\/Plants-Portes-greffes.jpg\",\"contentUrl\":\"https:\/\/pepiniere-nour.com\/wp-content\/uploads\/2024\/03\/Plants-Portes-greffes.jpg\",\"width\":570,\"height\":380,\"caption\":\"Portes greffes\"},{\"@type\":\"BreadcrumbList\",\"@id\":\"https:\/\/pepiniere-nour.com\/produit\/garnem#breadcrumb\",\"itemListElement\":[{\"@type\":\"ListItem\",\"position\":1,\"name\":\"Accueil\",\"item\":\"https:\/\/pepiniere-nour.com\/\"},{\"@type\":\"ListItem\",\"position\":2,\"name\":\"Boutique\",\"item\":\"https:\/\/pepiniere-nour.com\/boutique\"},{\"@type\":\"ListItem\",\"position\":3,\"name\":\"Garnem\"}]},{\"@type\":\"WebSite\",\"@id\":\"https:\/\/pepiniere-nour.com\/#website\",\"url\":\"https:\/\/pepiniere-nour.com\/\",\"name\":\"P\u00c9PINIERE NOUR DU CENTRE\",\"description\":\"P\u00c9PINIERE NOUR DU CENTRE\",\"publisher\":{\"@id\":\"https:\/\/pepiniere-nour.com\/#organization\"},\"potentialAction\":[{\"@type\":\"SearchAction\",\"target\":{\"@type\":\"EntryPoint\",\"urlTemplate\":\"https:\/\/pepiniere-nour.com\/?s={search_term_string}\"},\"query-input\":{\"@type\":\"PropertyValueSpecification\",\"valueRequired\":true,\"valueName\":\"search_term_string\"}}],\"inLanguage\":\"ar\"},{\"@type\":\"Organization\",\"@id\":\"https:\/\/pepiniere-nour.com\/#organization\",\"name\":\"P\u00c9PINIERE NOUR DU CENTRE\",\"url\":\"https:\/\/pepiniere-nour.com\/\",\"logo\":{\"@type\":\"ImageObject\",\"inLanguage\":\"ar\",\"@id\":\"https:\/\/pepiniere-nour.com\/#\/schema\/logo\/image\/\",\"url\":\"https:\/\/pepiniere-nour.com\/wp-content\/uploads\/2024\/03\/Remove-bg.ai_1709804773648.png\",\"contentUrl\":\"https:\/\/pepiniere-nour.com\/wp-content\/uploads\/2024\/03\/Remove-bg.ai_1709804773648.png\",\"width\":1199,\"height\":1199,\"caption\":\"P\u00c9PINIERE NOUR DU CENTRE\"},\"image\":{\"@id\":\"https:\/\/pepiniere-nour.com\/#\/schema\/logo\/image\/\"}}]}<\/script>\n<!-- \/ Yoast SEO plugin. -->","yoast_head_json":{"title":"Garnem - P\u00c9PINIERE NOUR DU CENTRE","robots":{"index":"index","follow":"follow","max-snippet":"max-snippet:-1","max-image-preview":"max-image-preview:large","max-video-preview":"max-video-preview:-1"},"canonical":"http:\/\/pepiniere-nour.com\/ar\/product\/garnem\/","og_locale":"ar_AR","og_type":"article","og_title":"Garnem - P\u00c9PINIERE NOUR DU CENTRE","og_description":"Origine et Composition  Le Garnem, issu de l'hybridation entre le Prunus persica (p\u00eacher) et le Prunus amygdalus (amandier), allie harmonieusement les meilleures qualit\u00e9s de ses parents, offrant ainsi un potentiel fruitier exceptionnel.  Vigueur et Productivit\u00e9  Dot\u00e9 d'une vigueur \u00e9lev\u00e9e, le Garnem pr\u00e9sente une mise \u00e0 fruit de moyenne \u00e0 bonne, assurant des r\u00e9coltes g\u00e9n\u00e9reuses. Sa r\u00e9sistance remarquable \u00e0 l'asphyxie, aux chloroses et aux n\u00e9matodes en fait un choix robuste pour les vergers diversifi\u00e9s.  Atouts Additionnels et Compatibilit\u00e9  Reconnaissable \u00e0 ses feuilles rouges distinctives, le Garnem est \u00e9galement tol\u00e9rant \u00e0 la salinit\u00e9. Il s'associe harmonieusement avec l'amandier, le p\u00eacher et le nectarinier, offrant ainsi une polyvalence appr\u00e9ciable dans les pratiques culturales.","og_url":"http:\/\/pepiniere-nour.com\/ar\/product\/garnem\/","og_site_name":"P\u00c9PINIERE NOUR DU CENTRE","article_modified_time":"2024-05-20T21:48:14+00:00","og_image":[{"width":570,"height":380,"url":"https:\/\/pepiniere-nour.com\/wp-content\/uploads\/2024\/03\/Plants-Portes-greffes.jpg","type":"image\/jpeg"}],"twitter_card":"summary_large_image","twitter_misc":{"\u0648\u0642\u062a \u0627\u0644\u0642\u0631\u0627\u0621\u0629 \u0627\u0644\u0645\u064f\u0642\u062f\u0651\u0631":"\u062f\u0642\u064a\u0642\u0629 \u0648\u0627\u062d\u062f\u0629"},"schema":{"@context":"https:\/\/schema.org","@graph":[{"@type":"WebPage","@id":"https:\/\/pepiniere-nour.com\/produit\/garnem","url":"https:\/\/pepiniere-nour.com\/produit\/garnem","name":"Garnem - P\u00c9PINIERE NOUR DU CENTRE","isPartOf":{"@id":"https:\/\/pepiniere-nour.com\/#website"},"primaryImageOfPage":{"@id":"https:\/\/pepiniere-nour.com\/produit\/garnem#primaryimage"},"image":{"@id":"https:\/\/pepiniere-nour.com\/produit\/garnem#primaryimage"},"thumbnailUrl":"https:\/\/pepiniere-nour.com\/wp-content\/uploads\/2024\/03\/Plants-Portes-greffes.jpg","datePublished":"2024-03-20T23:03:08+00:00","dateModified":"2024-05-20T21:48:14+00:00","breadcrumb":{"@id":"https:\/\/pepiniere-nour.com\/produit\/garnem#breadcrumb"},"inLanguage":"ar","potentialAction":[{"@type":"ReadAction","target":["https:\/\/pepiniere-nour.com\/produit\/garnem"]}]},{"@type":"ImageObject","inLanguage":"ar","@id":"https:\/\/pepiniere-nour.com\/produit\/garnem#primaryimage","url":"https:\/\/pepiniere-nour.com\/wp-content\/uploads\/2024\/03\/Plants-Portes-greffes.jpg","contentUrl":"https:\/\/pepiniere-nour.com\/wp-content\/uploads\/2024\/03\/Plants-Portes-greffes.jpg","width":570,"height":380,"caption":"Portes greffes"},{"@type":"BreadcrumbList","@id":"https:\/\/pepiniere-nour.com\/produit\/garnem#breadcrumb","itemListElement":[{"@type":"ListItem","position":1,"name":"Accueil","item":"https:\/\/pepiniere-nour.com\/"},{"@type":"ListItem","position":2,"name":"Boutique","item":"https:\/\/pepiniere-nour.com\/boutique"},{"@type":"ListItem","position":3,"name":"Garnem"}]},{"@type":"WebSite","@id":"https:\/\/pepiniere-nour.com\/#website","url":"https:\/\/pepiniere-nour.com\/","name":"P\u00c9PINIERE NOUR DU CENTRE","description":"P\u00c9PINIERE NOUR DU CENTRE","publisher":{"@id":"https:\/\/pepiniere-nour.com\/#organization"},"potentialAction":[{"@type":"SearchAction","target":{"@type":"EntryPoint","urlTemplate":"https:\/\/pepiniere-nour.com\/?s={search_term_string}"},"query-input":{"@type":"PropertyValueSpecification","valueRequired":true,"valueName":"search_term_string"}}],"inLanguage":"ar"},{"@type":"Organization","@id":"https:\/\/pepiniere-nour.com\/#organization","name":"P\u00c9PINIERE NOUR DU CENTRE","url":"https:\/\/pepiniere-nour.com\/","logo":{"@type":"ImageObject","inLanguage":"ar","@id":"https:\/\/pepiniere-nour.com\/#\/schema\/logo\/image\/","url":"https:\/\/pepiniere-nour.com\/wp-content\/uploads\/2024\/03\/Remove-bg.ai_1709804773648.png","contentUrl":"https:\/\/pepiniere-nour.com\/wp-content\/uploads\/2024\/03\/Remove-bg.ai_1709804773648.png","width":1199,"height":1199,"caption":"P\u00c9PINIERE NOUR DU CENTRE"},"image":{"@id":"https:\/\/pepiniere-nour.com\/#\/schema\/logo\/image\/"}}]}},"_links":{"self":[{"href":"http:\/\/pepiniere-nour.com\/ar\/wp-json\/wp\/v2\/product\/1030","targetHints":{"allow":["GET"]}}],"collection":[{"href":"http:\/\/pepiniere-nour.com\/ar\/wp-json\/wp\/v2\/product"}],"about":[{"href":"http:\/\/pepiniere-nour.com\/ar\/wp-json\/wp\/v2\/types\/product"}],"wp:featuredmedia":[{"embeddable":true,"href":"http:\/\/pepiniere-nour.com\/ar\/wp-json\/wp\/v2\/media\/2541"}],"wp:attachment":[{"href":"http:\/\/pepiniere-nour.com\/ar\/wp-json\/wp\/v2\/media?parent=1030"}],"wp:term":[{"taxonomy":"product_brand","embeddable":true,"href":"http:\/\/pepiniere-nour.com\/ar\/wp-json\/wp\/v2\/product_brand?post=1030"},{"taxonomy":"product_cat","embeddable":true,"href":"http:\/\/pepiniere-nour.com\/ar\/wp-json\/wp\/v2\/product_cat?post=1030"},{"taxonomy":"product_tag","embeddable":true,"href":"http:\/\/pepiniere-nour.com\/ar\/wp-json\/wp\/v2\/product_tag?post=1030"}],"curies":[{"name":"wp","href":"https:\/\/api.w.org\/{rel}","templated":true}]}}